{"id":24,"date":"2023-08-20T14:41:11","date_gmt":"2023-08-20T12:41:11","guid":{"rendered":"https:\/\/blogs.donboscovolunteers.de\/zoragoesnavajeevan\/?page_id=24"},"modified":"2023-09-15T18:57:31","modified_gmt":"2023-09-15T16:57:31","slug":"ueber-mich","status":"publish","type":"page","link":"https:\/\/blogs.donboscovolunteers.de\/zoragoesnavajeevan\/ueber-mich\/","title":{"rendered":"\u00dcber mich"},"content":{"rendered":"<p class=\"has-text-align-left\">Hallo liebe LeserInnen, <\/p>\n\n\n\n<p>Ich bin Zora. Ich bin 19 Jahre alt und habe dieses Jahr mein Abitur gemacht. Jetzt, wo die Schule beendet ist, stellt sich auch die Frage, was ich wohl mit der Zeit danach anfange? Doch auf diese besondere Frage kann ich schnell eine Antwort geben: <br>Ab dem 12. September 2023 werde ich f\u00fcr 12 Monate nach Vijayawada, eine Stadt im S\u00fcdosten Indiens, reisen. Dort werde ich als Volunt\u00e4rin der <a href=\"https:\/\/www.donboscomission.de\/don-bosco\/erbe\/\">Salesianer Don Boscos<\/a> in dem Stra\u00dfenprojekt Navajeevan (Neues Leben) arbeiten.<br>Die Kinder und Jugendlichen vor Ort erhalten neben Unterkunft, Verpflegung, hygienischer und medizinscher Versorgung auch Zugang zu Bildung. Ich selbst darf in unterschiedlichsten Bereichen wie z.B. bei der Hausaufgabenhilfe und bei Freizeitaktivit\u00e4ten mitwirken.<\/p>\n\n\n\n<p>Mit diesem Blog m\u00f6chte ich Euch an meiner aufregenden Zeit in <a href=\"https:\/\/strassenkinder.de\/laender\/asien\/inden\/\">Indien<\/a> teilhaben lassen. <br><\/p>\n\n\n\n<p><\/p>\n\n\n\n<figure class=\"wp-block-gallery has-nested-images columns-default is-cropped wp-block-gallery-1 is-layout-flex wp-block-gallery-is-layout-flex\">\n<figure class=\"wp-block-image size-large\"><img loading=\"lazy\" decoding=\"async\" width=\"770\" height=\"1024\" data-id=\"47\" src=\"https:\/\/blogs.donboscovolunteers.de\/zoragoesnavajeevan\/wp-content\/uploads\/sites\/21686\/2023\/08\/a0c226e2-063f-4e3b-871d-392decc6f5da-770x1024.jpeg\" alt=\"\" class=\"wp-image-47\" srcset=\"https:\/\/blogs.donboscovolunteers.de\/zoragoesnavajeevan\/wp-content\/uploads\/sites\/21686\/2023\/08\/a0c226e2-063f-4e3b-871d-392decc6f5da-770x1024.jpeg 770w, https:\/\/blogs.donboscovolunteers.de\/zoragoesnavajeevan\/wp-content\/uploads\/sites\/21686\/2023\/08\/a0c226e2-063f-4e3b-871d-392decc6f5da-226x300.jpeg 226w, https:\/\/blogs.donboscovolunteers.de\/zoragoesnavajeevan\/wp-content\/uploads\/sites\/21686\/2023\/08\/a0c226e2-063f-4e3b-871d-392decc6f5da-768x1021.jpeg 768w, https:\/\/blogs.donboscovolunteers.de\/zoragoesnavajeevan\/wp-content\/uploads\/sites\/21686\/2023\/08\/a0c226e2-063f-4e3b-871d-392decc6f5da-900x1196.jpeg 900w, https:\/\/blogs.donboscovolunteers.de\/zoragoesnavajeevan\/wp-content\/uploads\/sites\/21686\/2023\/08\/a0c226e2-063f-4e3b-871d-392decc6f5da.jpeg 963w\" sizes=\"auto, (max-width: 770px) 100vw, 770px\" \/><\/figure>\n<\/figure>","protected":false},"excerpt":{"rendered":"<p>Hallo liebe LeserInnen, Ich bin Zora. Ich bin 19 Jahre alt und habe dieses Jahr mein Abitur gemacht. Jetzt, wo die Schule beendet ist, stellt sich auch die Frage, was ich wohl mit der Zeit danach anfange? Doch auf diese besondere Frage kann ich schnell eine Antwort geben: Ab dem 12. September 2023 werde ich [&hellip;]<\/p>\n","protected":false},"author":21804,"featured_media":0,"parent":0,"menu_order":0,"comment_status":"closed","ping_status":"closed","template":"","meta":{"footnotes":""},"class_list":["post-24","page","type-page","status-publish","hentry"],"yoast_head":"<!-- This site is optimized with the Yoast SEO plugin v25.3.1 - https:\/\/yoast.com\/wordpress\/plugins\/seo\/ -->\n<title>\u00dcber mich - Zora goes Navajeevan<\/title>\n<meta name=\"description\" content=\"Ich, Zora Binder, bin 19 Jahre alt und wohne in Oberhaching und habe dieses Jahr im Juni mein Abitur gemacht. Ab dem 12. September 2023 werde ich f\u00fcr 12 Monate nach Vijayawada, eine Stadt im S\u00fcdosten Indiens, reisen. Dort werde ich als Volunt\u00e4rin der Salesianer Don Boscos in dem Stra\u00dfenprojekt Navajeevan (Neues Leben) arbeiten.Die Kinder und Jugendlichen vor Ort erhalten neben Unterkunft, Verpflegung, hygienischer und medizinscher Versorgung auch Zugang zu Bildung. Ich selbst darf in unterschiedlichsten Bereichen wie z.B. bei der Hausaufgabenhilfe und bei Freizeitaktivit\u00e4ten mitwirken.\" \/>\n<meta name=\"robots\" content=\"index, follow, max-snippet:-1, max-image-preview:large, max-video-preview:-1\" \/>\n<link rel=\"canonical\" href=\"https:\/\/blogs.donboscovolunteers.de\/zoragoesnavajeevan\/ueber-mich\/\" \/>\n<meta property=\"og:locale\" content=\"de_DE\" \/>\n<meta property=\"og:type\" content=\"article\" \/>\n<meta property=\"og:title\" content=\"\u00dcber mich - Zora goes Navajeevan\" \/>\n<meta property=\"og:description\" content=\"Ich, Zora Binder, bin 19 Jahre alt und wohne in Oberhaching und habe dieses Jahr im Juni mein Abitur gemacht. Ab dem 12. September 2023 werde ich f\u00fcr 12 Monate nach Vijayawada, eine Stadt im S\u00fcdosten Indiens, reisen. Dort werde ich als Volunt\u00e4rin der Salesianer Don Boscos in dem Stra\u00dfenprojekt Navajeevan (Neues Leben) arbeiten.Die Kinder und Jugendlichen vor Ort erhalten neben Unterkunft, Verpflegung, hygienischer und medizinscher Versorgung auch Zugang zu Bildung. Ich selbst darf in unterschiedlichsten Bereichen wie z.B. bei der Hausaufgabenhilfe und bei Freizeitaktivit\u00e4ten mitwirken.\" \/>\n<meta property=\"og:url\" content=\"https:\/\/blogs.donboscovolunteers.de\/zoragoesnavajeevan\/ueber-mich\/\" \/>\n<meta property=\"og:site_name\" content=\"Zora goes Navajeevan\" \/>\n<meta property=\"article:modified_time\" content=\"2023-09-15T16:57:31+00:00\" \/>\n<meta property=\"og:image\" content=\"https:\/\/blogs.donboscovolunteers.de\/zoragoesnavajeevan\/wp-content\/uploads\/sites\/21686\/2023\/08\/a0c226e2-063f-4e3b-871d-392decc6f5da-770x1024.jpeg\" \/>\n<meta name=\"twitter:card\" content=\"summary_large_image\" \/>\n<meta name=\"twitter:label1\" content=\"Gesch\u00e4tzte Lesezeit\" \/>\n\t<meta name=\"twitter:data1\" content=\"1\u00a0Minute\" \/>\n<script type=\"application\/ld+json\" class=\"yoast-schema-graph\">{\"@context\":\"https:\/\/schema.org\",\"@graph\":[{\"@type\":\"WebPage\",\"@id\":\"https:\/\/blogs.donboscovolunteers.de\/zoragoesnavajeevan\/ueber-mich\/\",\"url\":\"https:\/\/blogs.donboscovolunteers.de\/zoragoesnavajeevan\/ueber-mich\/\",\"name\":\"\u00dcber mich - Zora goes Navajeevan\",\"isPartOf\":{\"@id\":\"https:\/\/blogs.donboscovolunteers.de\/zoragoesnavajeevan\/#website\"},\"primaryImageOfPage\":{\"@id\":\"https:\/\/blogs.donboscovolunteers.de\/zoragoesnavajeevan\/ueber-mich\/#primaryimage\"},\"image\":{\"@id\":\"https:\/\/blogs.donboscovolunteers.de\/zoragoesnavajeevan\/ueber-mich\/#primaryimage\"},\"thumbnailUrl\":\"https:\/\/blogs.donboscovolunteers.de\/zoragoesnavajeevan\/wp-content\/uploads\/sites\/21686\/2023\/08\/a0c226e2-063f-4e3b-871d-392decc6f5da-770x1024.jpeg\",\"datePublished\":\"2023-08-20T12:41:11+00:00\",\"dateModified\":\"2023-09-15T16:57:31+00:00\",\"description\":\"Ich, Zora Binder, bin 19 Jahre alt und wohne in Oberhaching und habe dieses Jahr im Juni mein Abitur gemacht. Ab dem 12. September 2023 werde ich f\u00fcr 12 Monate nach Vijayawada, eine Stadt im S\u00fcdosten Indiens, reisen. Dort werde ich als Volunt\u00e4rin der Salesianer Don Boscos in dem Stra\u00dfenprojekt Navajeevan (Neues Leben) arbeiten.Die Kinder und Jugendlichen vor Ort erhalten neben Unterkunft, Verpflegung, hygienischer und medizinscher Versorgung auch Zugang zu Bildung. Ich selbst darf in unterschiedlichsten Bereichen wie z.B. bei der Hausaufgabenhilfe und bei Freizeitaktivit\u00e4ten mitwirken.\",\"breadcrumb\":{\"@id\":\"https:\/\/blogs.donboscovolunteers.de\/zoragoesnavajeevan\/ueber-mich\/#breadcrumb\"},\"inLanguage\":\"de\",\"potentialAction\":[{\"@type\":\"ReadAction\",\"target\":[\"https:\/\/blogs.donboscovolunteers.de\/zoragoesnavajeevan\/ueber-mich\/\"]}]},{\"@type\":\"ImageObject\",\"inLanguage\":\"de\",\"@id\":\"https:\/\/blogs.donboscovolunteers.de\/zoragoesnavajeevan\/ueber-mich\/#primaryimage\",\"url\":\"https:\/\/blogs.donboscovolunteers.de\/zoragoesnavajeevan\/wp-content\/uploads\/sites\/21686\/2023\/08\/a0c226e2-063f-4e3b-871d-392decc6f5da.jpeg\",\"contentUrl\":\"https:\/\/blogs.donboscovolunteers.de\/zoragoesnavajeevan\/wp-content\/uploads\/sites\/21686\/2023\/08\/a0c226e2-063f-4e3b-871d-392decc6f5da.jpeg\",\"width\":963,\"height\":1280},{\"@type\":\"BreadcrumbList\",\"@id\":\"https:\/\/blogs.donboscovolunteers.de\/zoragoesnavajeevan\/ueber-mich\/#breadcrumb\",\"itemListElement\":[{\"@type\":\"ListItem\",\"position\":1,\"name\":\"Startseite\",\"item\":\"https:\/\/blogs.donboscovolunteers.de\/zoragoesnavajeevan\/\"},{\"@type\":\"ListItem\",\"position\":2,\"name\":\"\u00dcber mich\"}]},{\"@type\":\"WebSite\",\"@id\":\"https:\/\/blogs.donboscovolunteers.de\/zoragoesnavajeevan\/#website\",\"url\":\"https:\/\/blogs.donboscovolunteers.de\/zoragoesnavajeevan\/\",\"name\":\"Zora goes Navajeevan\",\"description\":\"\",\"potentialAction\":[{\"@type\":\"SearchAction\",\"target\":{\"@type\":\"EntryPoint\",\"urlTemplate\":\"https:\/\/blogs.donboscovolunteers.de\/zoragoesnavajeevan\/?s={search_term_string}\"},\"query-input\":{\"@type\":\"PropertyValueSpecification\",\"valueRequired\":true,\"valueName\":\"search_term_string\"}}],\"inLanguage\":\"de\"}]}<\/script>\n<!-- \/ Yoast SEO plugin. -->","yoast_head_json":{"title":"\u00dcber mich - Zora goes Navajeevan","description":"Ich, Zora Binder, bin 19 Jahre alt und wohne in Oberhaching und habe dieses Jahr im Juni mein Abitur gemacht. Ab dem 12. September 2023 werde ich f\u00fcr 12 Monate nach Vijayawada, eine Stadt im S\u00fcdosten Indiens, reisen. Dort werde ich als Volunt\u00e4rin der Salesianer Don Boscos in dem Stra\u00dfenprojekt Navajeevan (Neues Leben) arbeiten.Die Kinder und Jugendlichen vor Ort erhalten neben Unterkunft, Verpflegung, hygienischer und medizinscher Versorgung auch Zugang zu Bildung. Ich selbst darf in unterschiedlichsten Bereichen wie z.B. bei der Hausaufgabenhilfe und bei Freizeitaktivit\u00e4ten mitwirken.","robots":{"index":"index","follow":"follow","max-snippet":"max-snippet:-1","max-image-preview":"max-image-preview:large","max-video-preview":"max-video-preview:-1"},"canonical":"https:\/\/blogs.donboscovolunteers.de\/zoragoesnavajeevan\/ueber-mich\/","og_locale":"de_DE","og_type":"article","og_title":"\u00dcber mich - Zora goes Navajeevan","og_description":"Ich, Zora Binder, bin 19 Jahre alt und wohne in Oberhaching und habe dieses Jahr im Juni mein Abitur gemacht. Ab dem 12. September 2023 werde ich f\u00fcr 12 Monate nach Vijayawada, eine Stadt im S\u00fcdosten Indiens, reisen. Dort werde ich als Volunt\u00e4rin der Salesianer Don Boscos in dem Stra\u00dfenprojekt Navajeevan (Neues Leben) arbeiten.Die Kinder und Jugendlichen vor Ort erhalten neben Unterkunft, Verpflegung, hygienischer und medizinscher Versorgung auch Zugang zu Bildung. Ich selbst darf in unterschiedlichsten Bereichen wie z.B. bei der Hausaufgabenhilfe und bei Freizeitaktivit\u00e4ten mitwirken.","og_url":"https:\/\/blogs.donboscovolunteers.de\/zoragoesnavajeevan\/ueber-mich\/","og_site_name":"Zora goes Navajeevan","article_modified_time":"2023-09-15T16:57:31+00:00","og_image":[{"url":"https:\/\/blogs.donboscovolunteers.de\/zoragoesnavajeevan\/wp-content\/uploads\/sites\/21686\/2023\/08\/a0c226e2-063f-4e3b-871d-392decc6f5da-770x1024.jpeg","type":"","width":"","height":""}],"twitter_card":"summary_large_image","twitter_misc":{"Gesch\u00e4tzte Lesezeit":"1\u00a0Minute"},"schema":{"@context":"https:\/\/schema.org","@graph":[{"@type":"WebPage","@id":"https:\/\/blogs.donboscovolunteers.de\/zoragoesnavajeevan\/ueber-mich\/","url":"https:\/\/blogs.donboscovolunteers.de\/zoragoesnavajeevan\/ueber-mich\/","name":"\u00dcber mich - Zora goes Navajeevan","isPartOf":{"@id":"https:\/\/blogs.donboscovolunteers.de\/zoragoesnavajeevan\/#website"},"primaryImageOfPage":{"@id":"https:\/\/blogs.donboscovolunteers.de\/zoragoesnavajeevan\/ueber-mich\/#primaryimage"},"image":{"@id":"https:\/\/blogs.donboscovolunteers.de\/zoragoesnavajeevan\/ueber-mich\/#primaryimage"},"thumbnailUrl":"https:\/\/blogs.donboscovolunteers.de\/zoragoesnavajeevan\/wp-content\/uploads\/sites\/21686\/2023\/08\/a0c226e2-063f-4e3b-871d-392decc6f5da-770x1024.jpeg","datePublished":"2023-08-20T12:41:11+00:00","dateModified":"2023-09-15T16:57:31+00:00","description":"Ich, Zora Binder, bin 19 Jahre alt und wohne in Oberhaching und habe dieses Jahr im Juni mein Abitur gemacht. Ab dem 12. September 2023 werde ich f\u00fcr 12 Monate nach Vijayawada, eine Stadt im S\u00fcdosten Indiens, reisen. Dort werde ich als Volunt\u00e4rin der Salesianer Don Boscos in dem Stra\u00dfenprojekt Navajeevan (Neues Leben) arbeiten.Die Kinder und Jugendlichen vor Ort erhalten neben Unterkunft, Verpflegung, hygienischer und medizinscher Versorgung auch Zugang zu Bildung. Ich selbst darf in unterschiedlichsten Bereichen wie z.B. bei der Hausaufgabenhilfe und bei Freizeitaktivit\u00e4ten mitwirken.","breadcrumb":{"@id":"https:\/\/blogs.donboscovolunteers.de\/zoragoesnavajeevan\/ueber-mich\/#breadcrumb"},"inLanguage":"de","potentialAction":[{"@type":"ReadAction","target":["https:\/\/blogs.donboscovolunteers.de\/zoragoesnavajeevan\/ueber-mich\/"]}]},{"@type":"ImageObject","inLanguage":"de","@id":"https:\/\/blogs.donboscovolunteers.de\/zoragoesnavajeevan\/ueber-mich\/#primaryimage","url":"https:\/\/blogs.donboscovolunteers.de\/zoragoesnavajeevan\/wp-content\/uploads\/sites\/21686\/2023\/08\/a0c226e2-063f-4e3b-871d-392decc6f5da.jpeg","contentUrl":"https:\/\/blogs.donboscovolunteers.de\/zoragoesnavajeevan\/wp-content\/uploads\/sites\/21686\/2023\/08\/a0c226e2-063f-4e3b-871d-392decc6f5da.jpeg","width":963,"height":1280},{"@type":"BreadcrumbList","@id":"https:\/\/blogs.donboscovolunteers.de\/zoragoesnavajeevan\/ueber-mich\/#breadcrumb","itemListElement":[{"@type":"ListItem","position":1,"name":"Startseite","item":"https:\/\/blogs.donboscovolunteers.de\/zoragoesnavajeevan\/"},{"@type":"ListItem","position":2,"name":"\u00dcber mich"}]},{"@type":"WebSite","@id":"https:\/\/blogs.donboscovolunteers.de\/zoragoesnavajeevan\/#website","url":"https:\/\/blogs.donboscovolunteers.de\/zoragoesnavajeevan\/","name":"Zora goes Navajeevan","description":"","potentialAction":[{"@type":"SearchAction","target":{"@type":"EntryPoint","urlTemplate":"https:\/\/blogs.donboscovolunteers.de\/zoragoesnavajeevan\/?s={search_term_string}"},"query-input":{"@type":"PropertyValueSpecification","valueRequired":true,"valueName":"search_term_string"}}],"inLanguage":"de"}]}},"_links":{"self":[{"href":"https:\/\/blogs.donboscovolunteers.de\/zoragoesnavajeevan\/wp-json\/wp\/v2\/pages\/24","targetHints":{"allow":["GET"]}}],"collection":[{"href":"https:\/\/blogs.donboscovolunteers.de\/zoragoesnavajeevan\/wp-json\/wp\/v2\/pages"}],"about":[{"href":"https:\/\/blogs.donboscovolunteers.de\/zoragoesnavajeevan\/wp-json\/wp\/v2\/types\/page"}],"author":[{"embeddable":true,"href":"https:\/\/blogs.donboscovolunteers.de\/zoragoesnavajeevan\/wp-json\/wp\/v2\/users\/21804"}],"replies":[{"embeddable":true,"href":"https:\/\/blogs.donboscovolunteers.de\/zoragoesnavajeevan\/wp-json\/wp\/v2\/comments?post=24"}],"version-history":[{"count":9,"href":"https:\/\/blogs.donboscovolunteers.de\/zoragoesnavajeevan\/wp-json\/wp\/v2\/pages\/24\/revisions"}],"predecessor-version":[{"id":70,"href":"https:\/\/blogs.donboscovolunteers.de\/zoragoesnavajeevan\/wp-json\/wp\/v2\/pages\/24\/revisions\/70"}],"wp:attachment":[{"href":"https:\/\/blogs.donboscovolunteers.de\/zoragoesnavajeevan\/wp-json\/wp\/v2\/media?parent=24"}],"curies":[{"name":"wp","href":"https:\/\/api.w.org\/{rel}","templated":true}]}}