{"id":22,"date":"2023-08-20T14:32:29","date_gmt":"2023-08-20T12:32:29","guid":{"rendered":"https:\/\/blogs.donboscovolunteers.de\/zoragoesnavajeevan\/?page_id=22"},"modified":"2023-10-11T10:24:41","modified_gmt":"2023-10-11T08:24:41","slug":"unterstuetzung","status":"publish","type":"page","link":"https:\/\/blogs.donboscovolunteers.de\/zoragoesnavajeevan\/unterstuetzung\/","title":{"rendered":"Spenden"},"content":{"rendered":"<p>Die Arbeit von <a href=\"https:\/\/www.donboscomission.de\/don-bosco\/\">Don Bosco<\/a> und deren Projekte werden zu einem gro\u00dfen Teil aus dem F\u00f6rderprogramm des Bundesministerium f\u00fcr wirtschaftliche Zusammenarbeit und Entwicklung finanziert. Dennoch bleibt ein nicht gef\u00f6rderter Restbetrag f\u00fcr jeden Freiwilligeneinsatz, der \u00fcber ein pers\u00f6nliches Spendennetzwerk gedeckt werden soll.<\/p>\n\n\n\n<p><br>Ich w\u00fcrde mich sehr freuen, wenn du Teil meines Spendenkreises wirst. Du kannst \u00fcber meine GoFundMe Spendenseite oder direkt auf mein Don Bosco-Spendenkonto spenden. Dar\u00fcber hast du auch die M\u00f6glichkeit anschlie\u00dfend eine Spendenbescheinigung zu erhalten. <br><\/p>\n\n\n\n<p><strong>Spenden \u00fcber<\/strong><br>DON BOSCO MISSION<br>LIGA BANK M\u00dcNCHEN<br>IBAN: DE66 7509 0300 0102 1418 76 BIC: GENODEF1M05 VERWENDUNGSZWECK:<br>Zora Binder, Spendencode S23VB002<\/p>\n\n\n\n<p><strong>Link zu meiner Spendenseite:<\/strong><\/p>\n\n\n\n<p><a href=\"https:\/\/gofund.me\/75827618\">https:\/\/gofund.me\/75827618<\/a><\/p>\n\n\n\n<figure class=\"wp-block-image size-full\"><img loading=\"lazy\" decoding=\"async\" width=\"234\" height=\"244\" src=\"https:\/\/blogs.donboscovolunteers.de\/zoragoesnavajeevan\/wp-content\/uploads\/sites\/21686\/2023\/08\/image.jpeg\" alt=\"\" class=\"wp-image-40\"\/><\/figure>\n\n\n\n<p><\/p>\n\n\n\n<p>Rund 50 Freiwillige werden jedes Jahr von Don Bosco Volunteers ins Ausland entsandt. Hier k\u00f6nnt ihr f\u00fcr meinen <a href=\"https:\/\/www.donboscovolunteers.de\/\">Freiwilligendienst<\/a> spenden: <a href=\"https:\/\/www.donboscomission.de\/volontariat\/2023\/spenden\/zoragoesnavajeevan\">https:\/\/www.donboscomission.de\/volontariat\/2023\/spenden\/zoragoesnavajeevan<\/a><\/p>\n\n\n\n<p><\/p>\n\n\n\n<p><\/p>\n\n\n\n<p><\/p>\n\n\n\n<p><\/p>","protected":false},"excerpt":{"rendered":"<p>Die Arbeit von <a href=\"https:\/\/www.donboscomission.de\/don-bosco\/\">Don Bosco<\/a> und deren Projekte werden zu einem gro\u00dfen Teil aus dem F\u00f6rderprogramm des Bundesministerium f\u00fcr wirtschaftliche Zusammenarbeit und Entwicklung finanziert. Dennoch bleibt ein nicht gef\u00f6rderter Restbetrag f\u00fcr jeden Freiwilligeneinsatz, der \u00fcber ein pers\u00f6nliches Spendennetzwerk gedeckt werden soll. Ich w\u00fcrde mich sehr freuen, wenn du Teil meines Spendenkreises wirst. Du kannst \u00fcber [&hellip;]<\/p>\n","protected":false},"author":21804,"featured_media":0,"parent":0,"menu_order":0,"comment_status":"closed","ping_status":"closed","template":"","meta":{"footnotes":""},"class_list":["post-22","page","type-page","status-publish","hentry"],"yoast_head":"<!-- This site is optimized with the Yoast SEO plugin v25.3.1 - https:\/\/yoast.com\/wordpress\/plugins\/seo\/ -->\n<title>Spenden - Zora goes Navajeevan<\/title>\n<meta name=\"description\" content=\"Zora goes Navajeevan\" \/>\n<meta name=\"robots\" content=\"index, follow, max-snippet:-1, max-image-preview:large, max-video-preview:-1\" \/>\n<link rel=\"canonical\" href=\"https:\/\/blogs.donboscovolunteers.de\/zoragoesnavajeevan\/unterstuetzung\/\" \/>\n<meta property=\"og:locale\" content=\"de_DE\" \/>\n<meta property=\"og:type\" content=\"article\" \/>\n<meta property=\"og:title\" content=\"Spenden - Zora goes Navajeevan\" \/>\n<meta property=\"og:description\" content=\"Zora goes Navajeevan\" \/>\n<meta property=\"og:url\" content=\"https:\/\/blogs.donboscovolunteers.de\/zoragoesnavajeevan\/unterstuetzung\/\" \/>\n<meta property=\"og:site_name\" content=\"Zora goes Navajeevan\" \/>\n<meta property=\"article:modified_time\" content=\"2023-10-11T08:24:41+00:00\" \/>\n<meta property=\"og:image\" content=\"https:\/\/blogs.donboscovolunteers.de\/zoragoesnavajeevan\/wp-content\/uploads\/sites\/21686\/2023\/08\/image.jpeg\" \/>\n<meta name=\"twitter:card\" content=\"summary_large_image\" \/>\n<meta name=\"twitter:label1\" content=\"Gesch\u00e4tzte Lesezeit\" \/>\n\t<meta name=\"twitter:data1\" content=\"1\u00a0Minute\" \/>\n<script type=\"application\/ld+json\" class=\"yoast-schema-graph\">{\"@context\":\"https:\/\/schema.org\",\"@graph\":[{\"@type\":\"WebPage\",\"@id\":\"https:\/\/blogs.donboscovolunteers.de\/zoragoesnavajeevan\/unterstuetzung\/\",\"url\":\"https:\/\/blogs.donboscovolunteers.de\/zoragoesnavajeevan\/unterstuetzung\/\",\"name\":\"Spenden - Zora goes Navajeevan\",\"isPartOf\":{\"@id\":\"https:\/\/blogs.donboscovolunteers.de\/zoragoesnavajeevan\/#website\"},\"primaryImageOfPage\":{\"@id\":\"https:\/\/blogs.donboscovolunteers.de\/zoragoesnavajeevan\/unterstuetzung\/#primaryimage\"},\"image\":{\"@id\":\"https:\/\/blogs.donboscovolunteers.de\/zoragoesnavajeevan\/unterstuetzung\/#primaryimage\"},\"thumbnailUrl\":\"https:\/\/blogs.donboscovolunteers.de\/zoragoesnavajeevan\/wp-content\/uploads\/sites\/21686\/2023\/08\/image.jpeg\",\"datePublished\":\"2023-08-20T12:32:29+00:00\",\"dateModified\":\"2023-10-11T08:24:41+00:00\",\"description\":\"Zora goes Navajeevan\",\"breadcrumb\":{\"@id\":\"https:\/\/blogs.donboscovolunteers.de\/zoragoesnavajeevan\/unterstuetzung\/#breadcrumb\"},\"inLanguage\":\"de\",\"potentialAction\":[{\"@type\":\"ReadAction\",\"target\":[\"https:\/\/blogs.donboscovolunteers.de\/zoragoesnavajeevan\/unterstuetzung\/\"]}]},{\"@type\":\"ImageObject\",\"inLanguage\":\"de\",\"@id\":\"https:\/\/blogs.donboscovolunteers.de\/zoragoesnavajeevan\/unterstuetzung\/#primaryimage\",\"url\":\"https:\/\/blogs.donboscovolunteers.de\/zoragoesnavajeevan\/wp-content\/uploads\/sites\/21686\/2023\/08\/image.jpeg\",\"contentUrl\":\"https:\/\/blogs.donboscovolunteers.de\/zoragoesnavajeevan\/wp-content\/uploads\/sites\/21686\/2023\/08\/image.jpeg\",\"width\":234,\"height\":244},{\"@type\":\"BreadcrumbList\",\"@id\":\"https:\/\/blogs.donboscovolunteers.de\/zoragoesnavajeevan\/unterstuetzung\/#breadcrumb\",\"itemListElement\":[{\"@type\":\"ListItem\",\"position\":1,\"name\":\"Startseite\",\"item\":\"https:\/\/blogs.donboscovolunteers.de\/zoragoesnavajeevan\/\"},{\"@type\":\"ListItem\",\"position\":2,\"name\":\"Spenden\"}]},{\"@type\":\"WebSite\",\"@id\":\"https:\/\/blogs.donboscovolunteers.de\/zoragoesnavajeevan\/#website\",\"url\":\"https:\/\/blogs.donboscovolunteers.de\/zoragoesnavajeevan\/\",\"name\":\"Zora goes Navajeevan\",\"description\":\"\",\"potentialAction\":[{\"@type\":\"SearchAction\",\"target\":{\"@type\":\"EntryPoint\",\"urlTemplate\":\"https:\/\/blogs.donboscovolunteers.de\/zoragoesnavajeevan\/?s={search_term_string}\"},\"query-input\":{\"@type\":\"PropertyValueSpecification\",\"valueRequired\":true,\"valueName\":\"search_term_string\"}}],\"inLanguage\":\"de\"}]}<\/script>\n<!-- \/ Yoast SEO plugin. -->","yoast_head_json":{"title":"Spenden - Zora goes Navajeevan","description":"Zora goes Navajeevan","robots":{"index":"index","follow":"follow","max-snippet":"max-snippet:-1","max-image-preview":"max-image-preview:large","max-video-preview":"max-video-preview:-1"},"canonical":"https:\/\/blogs.donboscovolunteers.de\/zoragoesnavajeevan\/unterstuetzung\/","og_locale":"de_DE","og_type":"article","og_title":"Spenden - Zora goes Navajeevan","og_description":"Zora goes Navajeevan","og_url":"https:\/\/blogs.donboscovolunteers.de\/zoragoesnavajeevan\/unterstuetzung\/","og_site_name":"Zora goes Navajeevan","article_modified_time":"2023-10-11T08:24:41+00:00","og_image":[{"url":"https:\/\/blogs.donboscovolunteers.de\/zoragoesnavajeevan\/wp-content\/uploads\/sites\/21686\/2023\/08\/image.jpeg","type":"","width":"","height":""}],"twitter_card":"summary_large_image","twitter_misc":{"Gesch\u00e4tzte Lesezeit":"1\u00a0Minute"},"schema":{"@context":"https:\/\/schema.org","@graph":[{"@type":"WebPage","@id":"https:\/\/blogs.donboscovolunteers.de\/zoragoesnavajeevan\/unterstuetzung\/","url":"https:\/\/blogs.donboscovolunteers.de\/zoragoesnavajeevan\/unterstuetzung\/","name":"Spenden - Zora goes Navajeevan","isPartOf":{"@id":"https:\/\/blogs.donboscovolunteers.de\/zoragoesnavajeevan\/#website"},"primaryImageOfPage":{"@id":"https:\/\/blogs.donboscovolunteers.de\/zoragoesnavajeevan\/unterstuetzung\/#primaryimage"},"image":{"@id":"https:\/\/blogs.donboscovolunteers.de\/zoragoesnavajeevan\/unterstuetzung\/#primaryimage"},"thumbnailUrl":"https:\/\/blogs.donboscovolunteers.de\/zoragoesnavajeevan\/wp-content\/uploads\/sites\/21686\/2023\/08\/image.jpeg","datePublished":"2023-08-20T12:32:29+00:00","dateModified":"2023-10-11T08:24:41+00:00","description":"Zora goes Navajeevan","breadcrumb":{"@id":"https:\/\/blogs.donboscovolunteers.de\/zoragoesnavajeevan\/unterstuetzung\/#breadcrumb"},"inLanguage":"de","potentialAction":[{"@type":"ReadAction","target":["https:\/\/blogs.donboscovolunteers.de\/zoragoesnavajeevan\/unterstuetzung\/"]}]},{"@type":"ImageObject","inLanguage":"de","@id":"https:\/\/blogs.donboscovolunteers.de\/zoragoesnavajeevan\/unterstuetzung\/#primaryimage","url":"https:\/\/blogs.donboscovolunteers.de\/zoragoesnavajeevan\/wp-content\/uploads\/sites\/21686\/2023\/08\/image.jpeg","contentUrl":"https:\/\/blogs.donboscovolunteers.de\/zoragoesnavajeevan\/wp-content\/uploads\/sites\/21686\/2023\/08\/image.jpeg","width":234,"height":244},{"@type":"BreadcrumbList","@id":"https:\/\/blogs.donboscovolunteers.de\/zoragoesnavajeevan\/unterstuetzung\/#breadcrumb","itemListElement":[{"@type":"ListItem","position":1,"name":"Startseite","item":"https:\/\/blogs.donboscovolunteers.de\/zoragoesnavajeevan\/"},{"@type":"ListItem","position":2,"name":"Spenden"}]},{"@type":"WebSite","@id":"https:\/\/blogs.donboscovolunteers.de\/zoragoesnavajeevan\/#website","url":"https:\/\/blogs.donboscovolunteers.de\/zoragoesnavajeevan\/","name":"Zora goes Navajeevan","description":"","potentialAction":[{"@type":"SearchAction","target":{"@type":"EntryPoint","urlTemplate":"https:\/\/blogs.donboscovolunteers.de\/zoragoesnavajeevan\/?s={search_term_string}"},"query-input":{"@type":"PropertyValueSpecification","valueRequired":true,"valueName":"search_term_string"}}],"inLanguage":"de"}]}},"_links":{"self":[{"href":"https:\/\/blogs.donboscovolunteers.de\/zoragoesnavajeevan\/wp-json\/wp\/v2\/pages\/22","targetHints":{"allow":["GET"]}}],"collection":[{"href":"https:\/\/blogs.donboscovolunteers.de\/zoragoesnavajeevan\/wp-json\/wp\/v2\/pages"}],"about":[{"href":"https:\/\/blogs.donboscovolunteers.de\/zoragoesnavajeevan\/wp-json\/wp\/v2\/types\/page"}],"author":[{"embeddable":true,"href":"https:\/\/blogs.donboscovolunteers.de\/zoragoesnavajeevan\/wp-json\/wp\/v2\/users\/21804"}],"replies":[{"embeddable":true,"href":"https:\/\/blogs.donboscovolunteers.de\/zoragoesnavajeevan\/wp-json\/wp\/v2\/comments?post=22"}],"version-history":[{"count":10,"href":"https:\/\/blogs.donboscovolunteers.de\/zoragoesnavajeevan\/wp-json\/wp\/v2\/pages\/22\/revisions"}],"predecessor-version":[{"id":140,"href":"https:\/\/blogs.donboscovolunteers.de\/zoragoesnavajeevan\/wp-json\/wp\/v2\/pages\/22\/revisions\/140"}],"wp:attachment":[{"href":"https:\/\/blogs.donboscovolunteers.de\/zoragoesnavajeevan\/wp-json\/wp\/v2\/media?parent=22"}],"curies":[{"name":"wp","href":"https:\/\/api.w.org\/{rel}","templated":true}]}}