{"id":35,"date":"2023-09-01T16:56:01","date_gmt":"2023-09-01T14:56:01","guid":{"rendered":"https:\/\/blogs.donboscovolunteers.de\/yannikentdecktkolumbien\/?page_id=35"},"modified":"2023-09-29T03:53:56","modified_gmt":"2023-09-29T01:53:56","slug":"ueber-mich","status":"publish","type":"page","link":"https:\/\/blogs.donboscovolunteers.de\/yannikentdecktkolumbien\/ueber-mich\/","title":{"rendered":"\u00dcber mich"},"content":{"rendered":"<p>Hola a todos!<br>Ich bin Yannik, 18 Jahre alt und lebe zusammen mit meinen zwei Geschwistern und meinen Eltern in Essenheim, einem kleinen Dorf in der N\u00e4he von Mainz.<br>In meiner Freizeit spiele ich gerne Fu\u00dfball und Badminton.<br>Mit <a href=\"https:\/\/www.donboscomission.de\/don-bosco\/\">Don Bosco<\/a> Volunteers werde ich zusammen mit meinem Mitvolunt\u00e4r Justus ein Auslandsfreiwilligendienst in der Ciudad Don Bosco, in Medell\u00edn, absolvieren.<br>Wir sind bereits am 05.09. in Kolumbien angekommen und haben schon einige Eindr\u00fccke sammeln k\u00f6nnen.\u00a0 Dar\u00fcber werde ich aber einen eigenen Eintrag schreiben.<br>Wenn euch meine Reise interessiert, k\u00f6nnt ihr immer mal vorbeischauen, ich werde versuchen mehr oder weniger regelm\u00e4\u00dfig Blogeintr\u00e4ge zu posten.<\/p>\n\n\n\n<figure class=\"wp-block-image is-resized\"><img loading=\"lazy\" decoding=\"async\" src=\"https:\/\/blogs.donboscovolunteers.de\/yannikentdecktkolumbien\/wp-content\/uploads\/sites\/21676\/2023\/09\/IMG-20230915-WA0042.jpg\" alt=\"\" class=\"wp-image-53\" style=\"width:680px;height:510px\" width=\"680\" height=\"510\" srcset=\"https:\/\/blogs.donboscovolunteers.de\/yannikentdecktkolumbien\/wp-content\/uploads\/sites\/21676\/2023\/09\/IMG-20230915-WA0042.jpg 1280w, https:\/\/blogs.donboscovolunteers.de\/yannikentdecktkolumbien\/wp-content\/uploads\/sites\/21676\/2023\/09\/IMG-20230915-WA0042-300x225.jpg 300w, https:\/\/blogs.donboscovolunteers.de\/yannikentdecktkolumbien\/wp-content\/uploads\/sites\/21676\/2023\/09\/IMG-20230915-WA0042-1024x768.jpg 1024w, https:\/\/blogs.donboscovolunteers.de\/yannikentdecktkolumbien\/wp-content\/uploads\/sites\/21676\/2023\/09\/IMG-20230915-WA0042-768x576.jpg 768w, https:\/\/blogs.donboscovolunteers.de\/yannikentdecktkolumbien\/wp-content\/uploads\/sites\/21676\/2023\/09\/IMG-20230915-WA0042-900x675.jpg 900w\" sizes=\"auto, (max-width: 680px) 100vw, 680px\" \/><figcaption class=\"wp-element-caption\">Das sind meine Mitvolont\u00e4re und unsere Ansprechpartnerin Laura.<\/figcaption><\/figure>\n\n\n\n<p><br>Adi\u00f3s und bis bald!\u00a0\u00a0\u00a0\u00a0\u00a0\u00a0\u00a0\u00a0\u00a0\u00a0\u00a0\u00a0\u00a0\u00a0\u00a0\u00a0\u00a0\u00a0\u00a0\u00a0\u00a0\u00a0\u00a0\u00a0\u00a0\u00a0\u00a0\u00a0\u00a0\u00a0\u00a0\u00a0\u00a0\u00a0\u00a0\u00a0\u00a0\u00a0\u00a0\u00a0\u00a0\u00a0\u00a0\u00a0\u00a0\u00a0\u00a0\u00a0\u00a0\u00a0\u00a0\u00a0\u00a0\u00a0\u00a0\u00a0\u00a0\u00a0\u00a0\u00a0\u00a0\u00a0\u00a0<\/p>","protected":false},"excerpt":{"rendered":"<p>Hola a todos!Ich bin Yannik, 18 Jahre alt und lebe zusammen mit meinen zwei Geschwistern und meinen Eltern in Essenheim, einem kleinen Dorf in der N\u00e4he von Mainz.In meiner Freizeit spiele ich gerne Fu\u00dfball und Badminton.Mit <a href=\"https:\/\/www.donboscomission.de\/don-bosco\/\">Don Bosco<\/a> Volunteers werde ich zusammen mit meinem Mitvolunt\u00e4r Justus ein Auslandsfreiwilligendienst in der Ciudad Don Bosco, in Medell\u00edn, [&hellip;]<\/p>\n","protected":false},"author":21779,"featured_media":0,"parent":0,"menu_order":0,"comment_status":"closed","ping_status":"closed","template":"","meta":{"footnotes":""},"class_list":["post-35","page","type-page","status-publish","hentry"],"yoast_head":"<!-- This site is optimized with the Yoast SEO plugin v25.3.1 - https:\/\/yoast.com\/wordpress\/plugins\/seo\/ -->\n<title>\u00dcber mich - Yannik entdeckt Medell\u00edn<\/title>\n<meta name=\"robots\" content=\"index, follow, max-snippet:-1, max-image-preview:large, max-video-preview:-1\" \/>\n<link rel=\"canonical\" href=\"https:\/\/blogs.donboscovolunteers.de\/yannikentdecktkolumbien\/ueber-mich\/\" \/>\n<meta property=\"og:locale\" content=\"de_DE\" \/>\n<meta property=\"og:type\" content=\"article\" \/>\n<meta property=\"og:title\" content=\"\u00dcber mich - Yannik entdeckt Medell\u00edn\" \/>\n<meta property=\"og:description\" content=\"Hola a todos!Ich bin Yannik, 18 Jahre alt und lebe zusammen mit meinen zwei Geschwistern und meinen Eltern in Essenheim, einem kleinen Dorf in der N\u00e4he von Mainz.In meiner Freizeit spiele ich gerne Fu\u00dfball und Badminton.Mit Don Bosco Volunteers werde ich zusammen mit meinem Mitvolunt\u00e4r Justus ein Auslandsfreiwilligendienst in der Ciudad Don Bosco, in Medell\u00edn, [&hellip;]\" \/>\n<meta property=\"og:url\" content=\"https:\/\/blogs.donboscovolunteers.de\/yannikentdecktkolumbien\/ueber-mich\/\" \/>\n<meta property=\"og:site_name\" content=\"Yannik entdeckt Medell\u00edn\" \/>\n<meta property=\"article:modified_time\" content=\"2023-09-29T01:53:56+00:00\" \/>\n<meta property=\"og:image\" content=\"https:\/\/blogs.donboscovolunteers.de\/yannikentdecktkolumbien\/wp-content\/uploads\/sites\/21676\/2023\/09\/IMG-20230915-WA0042.jpg\" \/>\n<meta name=\"twitter:card\" content=\"summary_large_image\" \/>\n<meta name=\"twitter:label1\" content=\"Gesch\u00e4tzte Lesezeit\" \/>\n\t<meta name=\"twitter:data1\" content=\"1\u00a0Minute\" \/>\n<script type=\"application\/ld+json\" class=\"yoast-schema-graph\">{\"@context\":\"https:\/\/schema.org\",\"@graph\":[{\"@type\":\"WebPage\",\"@id\":\"https:\/\/blogs.donboscovolunteers.de\/yannikentdecktkolumbien\/ueber-mich\/\",\"url\":\"https:\/\/blogs.donboscovolunteers.de\/yannikentdecktkolumbien\/ueber-mich\/\",\"name\":\"\u00dcber mich - Yannik entdeckt Medell\u00edn\",\"isPartOf\":{\"@id\":\"https:\/\/blogs.donboscovolunteers.de\/yannikentdecktkolumbien\/#website\"},\"primaryImageOfPage\":{\"@id\":\"https:\/\/blogs.donboscovolunteers.de\/yannikentdecktkolumbien\/ueber-mich\/#primaryimage\"},\"image\":{\"@id\":\"https:\/\/blogs.donboscovolunteers.de\/yannikentdecktkolumbien\/ueber-mich\/#primaryimage\"},\"thumbnailUrl\":\"https:\/\/blogs.donboscovolunteers.de\/yannikentdecktkolumbien\/wp-content\/uploads\/sites\/21676\/2023\/09\/IMG-20230915-WA0042.jpg\",\"datePublished\":\"2023-09-01T14:56:01+00:00\",\"dateModified\":\"2023-09-29T01:53:56+00:00\",\"breadcrumb\":{\"@id\":\"https:\/\/blogs.donboscovolunteers.de\/yannikentdecktkolumbien\/ueber-mich\/#breadcrumb\"},\"inLanguage\":\"de\",\"potentialAction\":[{\"@type\":\"ReadAction\",\"target\":[\"https:\/\/blogs.donboscovolunteers.de\/yannikentdecktkolumbien\/ueber-mich\/\"]}]},{\"@type\":\"ImageObject\",\"inLanguage\":\"de\",\"@id\":\"https:\/\/blogs.donboscovolunteers.de\/yannikentdecktkolumbien\/ueber-mich\/#primaryimage\",\"url\":\"https:\/\/blogs.donboscovolunteers.de\/yannikentdecktkolumbien\/wp-content\/uploads\/sites\/21676\/2023\/09\/IMG-20230915-WA0042.jpg\",\"contentUrl\":\"https:\/\/blogs.donboscovolunteers.de\/yannikentdecktkolumbien\/wp-content\/uploads\/sites\/21676\/2023\/09\/IMG-20230915-WA0042.jpg\",\"width\":1280,\"height\":960},{\"@type\":\"BreadcrumbList\",\"@id\":\"https:\/\/blogs.donboscovolunteers.de\/yannikentdecktkolumbien\/ueber-mich\/#breadcrumb\",\"itemListElement\":[{\"@type\":\"ListItem\",\"position\":1,\"name\":\"Startseite\",\"item\":\"https:\/\/blogs.donboscovolunteers.de\/yannikentdecktkolumbien\/\"},{\"@type\":\"ListItem\",\"position\":2,\"name\":\"\u00dcber mich\"}]},{\"@type\":\"WebSite\",\"@id\":\"https:\/\/blogs.donboscovolunteers.de\/yannikentdecktkolumbien\/#website\",\"url\":\"https:\/\/blogs.donboscovolunteers.de\/yannikentdecktkolumbien\/\",\"name\":\"Yannik entdeckt Medell\u00edn\",\"description\":\"\",\"potentialAction\":[{\"@type\":\"SearchAction\",\"target\":{\"@type\":\"EntryPoint\",\"urlTemplate\":\"https:\/\/blogs.donboscovolunteers.de\/yannikentdecktkolumbien\/?s={search_term_string}\"},\"query-input\":{\"@type\":\"PropertyValueSpecification\",\"valueRequired\":true,\"valueName\":\"search_term_string\"}}],\"inLanguage\":\"de\"}]}<\/script>\n<!-- \/ Yoast SEO plugin. -->","yoast_head_json":{"title":"\u00dcber mich - Yannik entdeckt Medell\u00edn","robots":{"index":"index","follow":"follow","max-snippet":"max-snippet:-1","max-image-preview":"max-image-preview:large","max-video-preview":"max-video-preview:-1"},"canonical":"https:\/\/blogs.donboscovolunteers.de\/yannikentdecktkolumbien\/ueber-mich\/","og_locale":"de_DE","og_type":"article","og_title":"\u00dcber mich - Yannik entdeckt Medell\u00edn","og_description":"Hola a todos!Ich bin Yannik, 18 Jahre alt und lebe zusammen mit meinen zwei Geschwistern und meinen Eltern in Essenheim, einem kleinen Dorf in der N\u00e4he von Mainz.In meiner Freizeit spiele ich gerne Fu\u00dfball und Badminton.Mit Don Bosco Volunteers werde ich zusammen mit meinem Mitvolunt\u00e4r Justus ein Auslandsfreiwilligendienst in der Ciudad Don Bosco, in Medell\u00edn, [&hellip;]","og_url":"https:\/\/blogs.donboscovolunteers.de\/yannikentdecktkolumbien\/ueber-mich\/","og_site_name":"Yannik entdeckt Medell\u00edn","article_modified_time":"2023-09-29T01:53:56+00:00","og_image":[{"url":"https:\/\/blogs.donboscovolunteers.de\/yannikentdecktkolumbien\/wp-content\/uploads\/sites\/21676\/2023\/09\/IMG-20230915-WA0042.jpg","type":"","width":"","height":""}],"twitter_card":"summary_large_image","twitter_misc":{"Gesch\u00e4tzte Lesezeit":"1\u00a0Minute"},"schema":{"@context":"https:\/\/schema.org","@graph":[{"@type":"WebPage","@id":"https:\/\/blogs.donboscovolunteers.de\/yannikentdecktkolumbien\/ueber-mich\/","url":"https:\/\/blogs.donboscovolunteers.de\/yannikentdecktkolumbien\/ueber-mich\/","name":"\u00dcber mich - Yannik entdeckt Medell\u00edn","isPartOf":{"@id":"https:\/\/blogs.donboscovolunteers.de\/yannikentdecktkolumbien\/#website"},"primaryImageOfPage":{"@id":"https:\/\/blogs.donboscovolunteers.de\/yannikentdecktkolumbien\/ueber-mich\/#primaryimage"},"image":{"@id":"https:\/\/blogs.donboscovolunteers.de\/yannikentdecktkolumbien\/ueber-mich\/#primaryimage"},"thumbnailUrl":"https:\/\/blogs.donboscovolunteers.de\/yannikentdecktkolumbien\/wp-content\/uploads\/sites\/21676\/2023\/09\/IMG-20230915-WA0042.jpg","datePublished":"2023-09-01T14:56:01+00:00","dateModified":"2023-09-29T01:53:56+00:00","breadcrumb":{"@id":"https:\/\/blogs.donboscovolunteers.de\/yannikentdecktkolumbien\/ueber-mich\/#breadcrumb"},"inLanguage":"de","potentialAction":[{"@type":"ReadAction","target":["https:\/\/blogs.donboscovolunteers.de\/yannikentdecktkolumbien\/ueber-mich\/"]}]},{"@type":"ImageObject","inLanguage":"de","@id":"https:\/\/blogs.donboscovolunteers.de\/yannikentdecktkolumbien\/ueber-mich\/#primaryimage","url":"https:\/\/blogs.donboscovolunteers.de\/yannikentdecktkolumbien\/wp-content\/uploads\/sites\/21676\/2023\/09\/IMG-20230915-WA0042.jpg","contentUrl":"https:\/\/blogs.donboscovolunteers.de\/yannikentdecktkolumbien\/wp-content\/uploads\/sites\/21676\/2023\/09\/IMG-20230915-WA0042.jpg","width":1280,"height":960},{"@type":"BreadcrumbList","@id":"https:\/\/blogs.donboscovolunteers.de\/yannikentdecktkolumbien\/ueber-mich\/#breadcrumb","itemListElement":[{"@type":"ListItem","position":1,"name":"Startseite","item":"https:\/\/blogs.donboscovolunteers.de\/yannikentdecktkolumbien\/"},{"@type":"ListItem","position":2,"name":"\u00dcber mich"}]},{"@type":"WebSite","@id":"https:\/\/blogs.donboscovolunteers.de\/yannikentdecktkolumbien\/#website","url":"https:\/\/blogs.donboscovolunteers.de\/yannikentdecktkolumbien\/","name":"Yannik entdeckt Medell\u00edn","description":"","potentialAction":[{"@type":"SearchAction","target":{"@type":"EntryPoint","urlTemplate":"https:\/\/blogs.donboscovolunteers.de\/yannikentdecktkolumbien\/?s={search_term_string}"},"query-input":{"@type":"PropertyValueSpecification","valueRequired":true,"valueName":"search_term_string"}}],"inLanguage":"de"}]}},"_links":{"self":[{"href":"https:\/\/blogs.donboscovolunteers.de\/yannikentdecktkolumbien\/wp-json\/wp\/v2\/pages\/35","targetHints":{"allow":["GET"]}}],"collection":[{"href":"https:\/\/blogs.donboscovolunteers.de\/yannikentdecktkolumbien\/wp-json\/wp\/v2\/pages"}],"about":[{"href":"https:\/\/blogs.donboscovolunteers.de\/yannikentdecktkolumbien\/wp-json\/wp\/v2\/types\/page"}],"author":[{"embeddable":true,"href":"https:\/\/blogs.donboscovolunteers.de\/yannikentdecktkolumbien\/wp-json\/wp\/v2\/users\/21779"}],"replies":[{"embeddable":true,"href":"https:\/\/blogs.donboscovolunteers.de\/yannikentdecktkolumbien\/wp-json\/wp\/v2\/comments?post=35"}],"version-history":[{"count":2,"href":"https:\/\/blogs.donboscovolunteers.de\/yannikentdecktkolumbien\/wp-json\/wp\/v2\/pages\/35\/revisions"}],"predecessor-version":[{"id":57,"href":"https:\/\/blogs.donboscovolunteers.de\/yannikentdecktkolumbien\/wp-json\/wp\/v2\/pages\/35\/revisions\/57"}],"wp:attachment":[{"href":"https:\/\/blogs.donboscovolunteers.de\/yannikentdecktkolumbien\/wp-json\/wp\/v2\/media?parent=35"}],"curies":[{"name":"wp","href":"https:\/\/api.w.org\/{rel}","templated":true}]}}