{"id":2,"date":"2023-07-22T13:13:26","date_gmt":"2023-07-22T11:13:26","guid":{"rendered":"https:\/\/blogs.donboscovolunteers.de\/yannikentdecktkolumbien\/?page_id=2"},"modified":"2023-10-11T10:37:00","modified_gmt":"2023-10-11T08:37:00","slug":"beispiel-seite","status":"publish","type":"page","link":"https:\/\/blogs.donboscovolunteers.de\/yannikentdecktkolumbien\/beispiel-seite\/","title":{"rendered":"Spenden"},"content":{"rendered":"<p>Die Kosten f\u00fcr den Auslandsfreiwilligendienst werden zu 75% vom F\u00f6rderprogramm des Bundesministeriums f\u00fcr wirtschaftliche Zusammenarbeit und Entwicklung &#8222;weltw\u00e4rts&#8220; getragen.<br>Die anderen 25% m\u00fcssen durch Spenden eingebracht werden.<br>Wenn ihr die Arbeit vor Ort unterst\u00fctzen wollt w\u00fcrde ich mich sehr \u00fcber eine Spende freuen \ud83d\ude42<br>F\u00fcr jede Spende kann eine Spendenquittung erstellt werden. Daf\u00fcr muss die Adresse des Spenders im Verwendungszweck angegeben werden.<\/p>\n\n\n\n<p><strong>Spenden k\u00f6nnen auf das folgende Konto eingezahlt werden:<\/strong><br><br><a href=\"https:\/\/www.donboscomission.de\/don-bosco\/\">Don Bosco<\/a> Mission<br>Sparkasse K\u00f6ln Bonn<br>Iban DE 89 3705 0198 0000 0994 99<br>Verwendungszweck: Yannik K\u00f6berl S23VR005<\/p>\n\n\n\n<p>Rund 50 Freiwillige werden jedes Jahr von Don Bosco Volunteers ins Ausland entsandt. Hier k\u00f6nnt ihr f\u00fcr meinen <a href=\"https:\/\/www.donboscovolunteers.de\/\">Freiwilligendienst<\/a> online spenden: <a href=\"https:\/\/www.donboscomission.de\/volontariat\/2023\/spenden\/yannikentdecktkolumbien\">https:\/\/www.donboscomission.de\/volontariat\/2023\/spenden\/yannikentdecktkolumbien<\/a><\/p>","protected":false},"excerpt":{"rendered":"<p>Die Kosten f\u00fcr den Auslandsfreiwilligendienst werden zu 75% vom F\u00f6rderprogramm des Bundesministeriums f\u00fcr wirtschaftliche Zusammenarbeit und Entwicklung &#8222;weltw\u00e4rts&#8220; getragen.Die anderen 25% m\u00fcssen durch Spenden eingebracht werden.Wenn ihr die Arbeit vor Ort unterst\u00fctzen wollt w\u00fcrde ich mich sehr \u00fcber eine Spende freuen \ud83d\ude42F\u00fcr jede Spende kann eine Spendenquittung erstellt werden. Daf\u00fcr muss die Adresse des Spenders [&hellip;]<\/p>\n","protected":false},"author":21779,"featured_media":0,"parent":0,"menu_order":0,"comment_status":"closed","ping_status":"open","template":"","meta":{"footnotes":""},"class_list":["post-2","page","type-page","status-publish","hentry"],"yoast_head":"<!-- This site is optimized with the Yoast SEO plugin v25.3.1 - https:\/\/yoast.com\/wordpress\/plugins\/seo\/ -->\n<title>Spenden - Yannik entdeckt Medell\u00edn<\/title>\n<meta name=\"robots\" content=\"index, follow, max-snippet:-1, max-image-preview:large, max-video-preview:-1\" \/>\n<link rel=\"canonical\" href=\"https:\/\/blogs.donboscovolunteers.de\/yannikentdecktkolumbien\/beispiel-seite\/\" \/>\n<meta property=\"og:locale\" content=\"de_DE\" \/>\n<meta property=\"og:type\" content=\"article\" \/>\n<meta property=\"og:title\" content=\"Spenden - Yannik entdeckt Medell\u00edn\" \/>\n<meta property=\"og:description\" content=\"Die Kosten f\u00fcr den Auslandsfreiwilligendienst werden zu 75% vom F\u00f6rderprogramm des Bundesministeriums f\u00fcr wirtschaftliche Zusammenarbeit und Entwicklung &#8222;weltw\u00e4rts&#8220; getragen.Die anderen 25% m\u00fcssen durch Spenden eingebracht werden.Wenn ihr die Arbeit vor Ort unterst\u00fctzen wollt w\u00fcrde ich mich sehr \u00fcber eine Spende freuen \ud83d\ude42F\u00fcr jede Spende kann eine Spendenquittung erstellt werden. Daf\u00fcr muss die Adresse des Spenders [&hellip;]\" \/>\n<meta property=\"og:url\" content=\"https:\/\/blogs.donboscovolunteers.de\/yannikentdecktkolumbien\/beispiel-seite\/\" \/>\n<meta property=\"og:site_name\" content=\"Yannik entdeckt Medell\u00edn\" \/>\n<meta property=\"article:modified_time\" content=\"2023-10-11T08:37:00+00:00\" \/>\n<meta name=\"twitter:card\" content=\"summary_large_image\" \/>\n<meta name=\"twitter:label1\" content=\"Gesch\u00e4tzte Lesezeit\" \/>\n\t<meta name=\"twitter:data1\" content=\"1\u00a0Minute\" \/>\n<script type=\"application\/ld+json\" class=\"yoast-schema-graph\">{\"@context\":\"https:\/\/schema.org\",\"@graph\":[{\"@type\":\"WebPage\",\"@id\":\"https:\/\/blogs.donboscovolunteers.de\/yannikentdecktkolumbien\/beispiel-seite\/\",\"url\":\"https:\/\/blogs.donboscovolunteers.de\/yannikentdecktkolumbien\/beispiel-seite\/\",\"name\":\"Spenden - Yannik entdeckt Medell\u00edn\",\"isPartOf\":{\"@id\":\"https:\/\/blogs.donboscovolunteers.de\/yannikentdecktkolumbien\/#website\"},\"datePublished\":\"2023-07-22T11:13:26+00:00\",\"dateModified\":\"2023-10-11T08:37:00+00:00\",\"breadcrumb\":{\"@id\":\"https:\/\/blogs.donboscovolunteers.de\/yannikentdecktkolumbien\/beispiel-seite\/#breadcrumb\"},\"inLanguage\":\"de\",\"potentialAction\":[{\"@type\":\"ReadAction\",\"target\":[\"https:\/\/blogs.donboscovolunteers.de\/yannikentdecktkolumbien\/beispiel-seite\/\"]}]},{\"@type\":\"BreadcrumbList\",\"@id\":\"https:\/\/blogs.donboscovolunteers.de\/yannikentdecktkolumbien\/beispiel-seite\/#breadcrumb\",\"itemListElement\":[{\"@type\":\"ListItem\",\"position\":1,\"name\":\"Startseite\",\"item\":\"https:\/\/blogs.donboscovolunteers.de\/yannikentdecktkolumbien\/\"},{\"@type\":\"ListItem\",\"position\":2,\"name\":\"Spenden\"}]},{\"@type\":\"WebSite\",\"@id\":\"https:\/\/blogs.donboscovolunteers.de\/yannikentdecktkolumbien\/#website\",\"url\":\"https:\/\/blogs.donboscovolunteers.de\/yannikentdecktkolumbien\/\",\"name\":\"Yannik entdeckt Medell\u00edn\",\"description\":\"\",\"potentialAction\":[{\"@type\":\"SearchAction\",\"target\":{\"@type\":\"EntryPoint\",\"urlTemplate\":\"https:\/\/blogs.donboscovolunteers.de\/yannikentdecktkolumbien\/?s={search_term_string}\"},\"query-input\":{\"@type\":\"PropertyValueSpecification\",\"valueRequired\":true,\"valueName\":\"search_term_string\"}}],\"inLanguage\":\"de\"}]}<\/script>\n<!-- \/ Yoast SEO plugin. -->","yoast_head_json":{"title":"Spenden - Yannik entdeckt Medell\u00edn","robots":{"index":"index","follow":"follow","max-snippet":"max-snippet:-1","max-image-preview":"max-image-preview:large","max-video-preview":"max-video-preview:-1"},"canonical":"https:\/\/blogs.donboscovolunteers.de\/yannikentdecktkolumbien\/beispiel-seite\/","og_locale":"de_DE","og_type":"article","og_title":"Spenden - Yannik entdeckt Medell\u00edn","og_description":"Die Kosten f\u00fcr den Auslandsfreiwilligendienst werden zu 75% vom F\u00f6rderprogramm des Bundesministeriums f\u00fcr wirtschaftliche Zusammenarbeit und Entwicklung &#8222;weltw\u00e4rts&#8220; getragen.Die anderen 25% m\u00fcssen durch Spenden eingebracht werden.Wenn ihr die Arbeit vor Ort unterst\u00fctzen wollt w\u00fcrde ich mich sehr \u00fcber eine Spende freuen \ud83d\ude42F\u00fcr jede Spende kann eine Spendenquittung erstellt werden. Daf\u00fcr muss die Adresse des Spenders [&hellip;]","og_url":"https:\/\/blogs.donboscovolunteers.de\/yannikentdecktkolumbien\/beispiel-seite\/","og_site_name":"Yannik entdeckt Medell\u00edn","article_modified_time":"2023-10-11T08:37:00+00:00","twitter_card":"summary_large_image","twitter_misc":{"Gesch\u00e4tzte Lesezeit":"1\u00a0Minute"},"schema":{"@context":"https:\/\/schema.org","@graph":[{"@type":"WebPage","@id":"https:\/\/blogs.donboscovolunteers.de\/yannikentdecktkolumbien\/beispiel-seite\/","url":"https:\/\/blogs.donboscovolunteers.de\/yannikentdecktkolumbien\/beispiel-seite\/","name":"Spenden - Yannik entdeckt Medell\u00edn","isPartOf":{"@id":"https:\/\/blogs.donboscovolunteers.de\/yannikentdecktkolumbien\/#website"},"datePublished":"2023-07-22T11:13:26+00:00","dateModified":"2023-10-11T08:37:00+00:00","breadcrumb":{"@id":"https:\/\/blogs.donboscovolunteers.de\/yannikentdecktkolumbien\/beispiel-seite\/#breadcrumb"},"inLanguage":"de","potentialAction":[{"@type":"ReadAction","target":["https:\/\/blogs.donboscovolunteers.de\/yannikentdecktkolumbien\/beispiel-seite\/"]}]},{"@type":"BreadcrumbList","@id":"https:\/\/blogs.donboscovolunteers.de\/yannikentdecktkolumbien\/beispiel-seite\/#breadcrumb","itemListElement":[{"@type":"ListItem","position":1,"name":"Startseite","item":"https:\/\/blogs.donboscovolunteers.de\/yannikentdecktkolumbien\/"},{"@type":"ListItem","position":2,"name":"Spenden"}]},{"@type":"WebSite","@id":"https:\/\/blogs.donboscovolunteers.de\/yannikentdecktkolumbien\/#website","url":"https:\/\/blogs.donboscovolunteers.de\/yannikentdecktkolumbien\/","name":"Yannik entdeckt Medell\u00edn","description":"","potentialAction":[{"@type":"SearchAction","target":{"@type":"EntryPoint","urlTemplate":"https:\/\/blogs.donboscovolunteers.de\/yannikentdecktkolumbien\/?s={search_term_string}"},"query-input":{"@type":"PropertyValueSpecification","valueRequired":true,"valueName":"search_term_string"}}],"inLanguage":"de"}]}},"_links":{"self":[{"href":"https:\/\/blogs.donboscovolunteers.de\/yannikentdecktkolumbien\/wp-json\/wp\/v2\/pages\/2","targetHints":{"allow":["GET"]}}],"collection":[{"href":"https:\/\/blogs.donboscovolunteers.de\/yannikentdecktkolumbien\/wp-json\/wp\/v2\/pages"}],"about":[{"href":"https:\/\/blogs.donboscovolunteers.de\/yannikentdecktkolumbien\/wp-json\/wp\/v2\/types\/page"}],"author":[{"embeddable":true,"href":"https:\/\/blogs.donboscovolunteers.de\/yannikentdecktkolumbien\/wp-json\/wp\/v2\/users\/21779"}],"replies":[{"embeddable":true,"href":"https:\/\/blogs.donboscovolunteers.de\/yannikentdecktkolumbien\/wp-json\/wp\/v2\/comments?post=2"}],"version-history":[{"count":5,"href":"https:\/\/blogs.donboscovolunteers.de\/yannikentdecktkolumbien\/wp-json\/wp\/v2\/pages\/2\/revisions"}],"predecessor-version":[{"id":59,"href":"https:\/\/blogs.donboscovolunteers.de\/yannikentdecktkolumbien\/wp-json\/wp\/v2\/pages\/2\/revisions\/59"}],"wp:attachment":[{"href":"https:\/\/blogs.donboscovolunteers.de\/yannikentdecktkolumbien\/wp-json\/wp\/v2\/media?parent=2"}],"curies":[{"name":"wp","href":"https:\/\/api.w.org\/{rel}","templated":true}]}}