{"id":51,"date":"2019-07-28T22:28:00","date_gmt":"2019-07-28T20:28:00","guid":{"rendered":"https:\/\/blogs.donboscovolunteers.de\/wiebkebethke\/?page_id=51"},"modified":"2019-07-30T20:39:38","modified_gmt":"2019-07-30T18:39:38","slug":"ueber-mich","status":"publish","type":"page","link":"https:\/\/blogs.donboscovolunteers.de\/wiebkebethke\/ueber-mich\/","title":{"rendered":"\u00dcber mich"},"content":{"rendered":"<p>Halli Hallo und Herzlich Willkommen auf meinem Blog. Ich hei\u00dfe Wiebke Bethke und bin 18 Jahre alt. Gemeinsam mit meinen beiden gr\u00f6\u00dferen Geschwistern und meinen Eltern bin ich in einem kleinen \u00d6rtchen in Barsinghausen in der N\u00e4he von Hannover aufgewachsen, indem sich auch der Gro\u00dfteil meines Lebens abgespielt hat. Im Sommer 2019 habe ich dann mein Abitur in Hannover absolviert. <\/p>\n\n\n\n<p>Seit ich ein kleines M\u00e4dchen bin, tr\u00e4ume ich davon einmal \u00c4rztin zu werden, sodass sich ein gro\u00dfes Interesse f\u00fcr den menschlichen K\u00f6rper entwickelt hat. Au\u00dferdem geh\u00f6ren zu meinen Hobbys das Handballspielen, sowie das Spielen meiner Querfl\u00f6te und das Reiten. Des Weitern treffe ich mich liebend gerne mit meinen Freunden und besuche gemeinsam mit ihnen das Stadion um Hannover 96 zu unterst\u00fctzen. Vor allem das Musikalische, als auch die Sportart Handball m\u00f6chte ich gerne mit nach Lusaka nehmen, um gemeinsam mit den M\u00e4dchen Vorort zu spielen und gemeinsam Musik zu machen. <\/p>\n\n\n\n<p>Einen sehr hohen Stellenwert in meinem Leben haben meine Familie und meine Freunde. Sie haben mir gezeigt, wie wichtig es ist, Vertrauen zu haben und sich auch einmal fallen lassen zu k\u00f6nnen. Diese Eigenschaften haben mich dazu bewegt einen freiwilligen Dienst zu machen. Ich m\u00f6chte anderen Kindern und Jugendlichen helfen, die keine sch\u00f6ne und herzliche Kindheit hatten, Vertrauen zu entwickeln und unbeschwert zu leben. <br> Neben dessen liebe ich es zu reisen und andere Kulturen kennen und lieben zu lernen. <\/p>\n\n\n\n<p>So hat sich mein Wunsch immer weiter gefestigt, einen Freiwilligen Dienst im Ausland machen zu wollen. Aus diesem Grund habe ich mich vor einem dreiviertel Jahr bei <a href=\"https:\/\/www.donboscomission.de\/don-bosco\/\">Don Bosco<\/a> Volunteers beworben und nun fliege ich in knapp einem Monat nach Lusaka um dort f\u00fcr ein Jahr gemeinsam mit den Sisters und den M\u00e4dchen zu leben und einen neue Kultur kennen zu lernen. <br> Begleitet mich doch gerne bei meiner spannenden Reise \ud83d\ude42<\/p>\n\n\n\n<p>Eure\nWiebke <\/p>","protected":false},"excerpt":{"rendered":"<p>Halli Hallo und Herzlich Willkommen auf meinem Blog. Ich hei\u00dfe Wiebke Bethke und bin 18 Jahre alt. Gemeinsam mit meinen beiden gr\u00f6\u00dferen Geschwistern und meinen Eltern bin ich in einem kleinen \u00d6rtchen in Barsinghausen in der N\u00e4he von Hannover aufgewachsen, indem sich auch der Gro\u00dfteil meines Lebens abgespielt hat. Im Sommer 2019 habe ich dann [&hellip;]<\/p>\n","protected":false},"author":21650,"featured_media":0,"parent":0,"menu_order":0,"comment_status":"closed","ping_status":"closed","template":"","meta":{"footnotes":""},"class_list":["post-51","page","type-page","status-publish","hentry"],"yoast_head":"<!-- This site is optimized with the Yoast SEO plugin v25.3.1 - https:\/\/yoast.com\/wordpress\/plugins\/seo\/ -->\n<title>\u00dcber mich - &quot;City of hope&quot; - Mein Jahr in Lusaka, Sambia<\/title>\n<meta name=\"robots\" content=\"index, follow, max-snippet:-1, max-image-preview:large, max-video-preview:-1\" \/>\n<link rel=\"canonical\" href=\"https:\/\/blogs.donboscovolunteers.de\/wiebkebethke\/ueber-mich\/\" \/>\n<meta property=\"og:locale\" content=\"de_DE\" \/>\n<meta property=\"og:type\" content=\"article\" \/>\n<meta property=\"og:title\" content=\"\u00dcber mich - &quot;City of hope&quot; - Mein Jahr in Lusaka, Sambia\" \/>\n<meta property=\"og:description\" content=\"Halli Hallo und Herzlich Willkommen auf meinem Blog. Ich hei\u00dfe Wiebke Bethke und bin 18 Jahre alt. Gemeinsam mit meinen beiden gr\u00f6\u00dferen Geschwistern und meinen Eltern bin ich in einem kleinen \u00d6rtchen in Barsinghausen in der N\u00e4he von Hannover aufgewachsen, indem sich auch der Gro\u00dfteil meines Lebens abgespielt hat. Im Sommer 2019 habe ich dann [&hellip;]\" \/>\n<meta property=\"og:url\" content=\"https:\/\/blogs.donboscovolunteers.de\/wiebkebethke\/ueber-mich\/\" \/>\n<meta property=\"og:site_name\" content=\"&quot;City of hope&quot; - Mein Jahr in Lusaka, Sambia\" \/>\n<meta property=\"article:modified_time\" content=\"2019-07-30T18:39:38+00:00\" \/>\n<meta name=\"twitter:card\" content=\"summary_large_image\" \/>\n<meta name=\"twitter:label1\" content=\"Gesch\u00e4tzte Lesezeit\" \/>\n\t<meta name=\"twitter:data1\" content=\"2\u00a0Minuten\" \/>\n<script type=\"application\/ld+json\" class=\"yoast-schema-graph\">{\"@context\":\"https:\/\/schema.org\",\"@graph\":[{\"@type\":\"WebPage\",\"@id\":\"https:\/\/blogs.donboscovolunteers.de\/wiebkebethke\/ueber-mich\/\",\"url\":\"https:\/\/blogs.donboscovolunteers.de\/wiebkebethke\/ueber-mich\/\",\"name\":\"\u00dcber mich - &quot;City of hope&quot; - Mein Jahr in Lusaka, Sambia\",\"isPartOf\":{\"@id\":\"https:\/\/blogs.donboscovolunteers.de\/wiebkebethke\/#website\"},\"datePublished\":\"2019-07-28T20:28:00+00:00\",\"dateModified\":\"2019-07-30T18:39:38+00:00\",\"breadcrumb\":{\"@id\":\"https:\/\/blogs.donboscovolunteers.de\/wiebkebethke\/ueber-mich\/#breadcrumb\"},\"inLanguage\":\"de\",\"potentialAction\":[{\"@type\":\"ReadAction\",\"target\":[\"https:\/\/blogs.donboscovolunteers.de\/wiebkebethke\/ueber-mich\/\"]}]},{\"@type\":\"BreadcrumbList\",\"@id\":\"https:\/\/blogs.donboscovolunteers.de\/wiebkebethke\/ueber-mich\/#breadcrumb\",\"itemListElement\":[{\"@type\":\"ListItem\",\"position\":1,\"name\":\"Startseite\",\"item\":\"https:\/\/blogs.donboscovolunteers.de\/wiebkebethke\/\"},{\"@type\":\"ListItem\",\"position\":2,\"name\":\"\u00dcber mich\"}]},{\"@type\":\"WebSite\",\"@id\":\"https:\/\/blogs.donboscovolunteers.de\/wiebkebethke\/#website\",\"url\":\"https:\/\/blogs.donboscovolunteers.de\/wiebkebethke\/\",\"name\":\"&quot;City of hope&quot; - Mein Jahr in Lusaka, Sambia\",\"description\":\"\",\"potentialAction\":[{\"@type\":\"SearchAction\",\"target\":{\"@type\":\"EntryPoint\",\"urlTemplate\":\"https:\/\/blogs.donboscovolunteers.de\/wiebkebethke\/?s={search_term_string}\"},\"query-input\":{\"@type\":\"PropertyValueSpecification\",\"valueRequired\":true,\"valueName\":\"search_term_string\"}}],\"inLanguage\":\"de\"}]}<\/script>\n<!-- \/ Yoast SEO plugin. -->","yoast_head_json":{"title":"\u00dcber mich - &quot;City of hope&quot; - Mein Jahr in Lusaka, Sambia","robots":{"index":"index","follow":"follow","max-snippet":"max-snippet:-1","max-image-preview":"max-image-preview:large","max-video-preview":"max-video-preview:-1"},"canonical":"https:\/\/blogs.donboscovolunteers.de\/wiebkebethke\/ueber-mich\/","og_locale":"de_DE","og_type":"article","og_title":"\u00dcber mich - &quot;City of hope&quot; - Mein Jahr in Lusaka, Sambia","og_description":"Halli Hallo und Herzlich Willkommen auf meinem Blog. Ich hei\u00dfe Wiebke Bethke und bin 18 Jahre alt. Gemeinsam mit meinen beiden gr\u00f6\u00dferen Geschwistern und meinen Eltern bin ich in einem kleinen \u00d6rtchen in Barsinghausen in der N\u00e4he von Hannover aufgewachsen, indem sich auch der Gro\u00dfteil meines Lebens abgespielt hat. Im Sommer 2019 habe ich dann [&hellip;]","og_url":"https:\/\/blogs.donboscovolunteers.de\/wiebkebethke\/ueber-mich\/","og_site_name":"&quot;City of hope&quot; - Mein Jahr in Lusaka, Sambia","article_modified_time":"2019-07-30T18:39:38+00:00","twitter_card":"summary_large_image","twitter_misc":{"Gesch\u00e4tzte Lesezeit":"2\u00a0Minuten"},"schema":{"@context":"https:\/\/schema.org","@graph":[{"@type":"WebPage","@id":"https:\/\/blogs.donboscovolunteers.de\/wiebkebethke\/ueber-mich\/","url":"https:\/\/blogs.donboscovolunteers.de\/wiebkebethke\/ueber-mich\/","name":"\u00dcber mich - &quot;City of hope&quot; - Mein Jahr in Lusaka, Sambia","isPartOf":{"@id":"https:\/\/blogs.donboscovolunteers.de\/wiebkebethke\/#website"},"datePublished":"2019-07-28T20:28:00+00:00","dateModified":"2019-07-30T18:39:38+00:00","breadcrumb":{"@id":"https:\/\/blogs.donboscovolunteers.de\/wiebkebethke\/ueber-mich\/#breadcrumb"},"inLanguage":"de","potentialAction":[{"@type":"ReadAction","target":["https:\/\/blogs.donboscovolunteers.de\/wiebkebethke\/ueber-mich\/"]}]},{"@type":"BreadcrumbList","@id":"https:\/\/blogs.donboscovolunteers.de\/wiebkebethke\/ueber-mich\/#breadcrumb","itemListElement":[{"@type":"ListItem","position":1,"name":"Startseite","item":"https:\/\/blogs.donboscovolunteers.de\/wiebkebethke\/"},{"@type":"ListItem","position":2,"name":"\u00dcber mich"}]},{"@type":"WebSite","@id":"https:\/\/blogs.donboscovolunteers.de\/wiebkebethke\/#website","url":"https:\/\/blogs.donboscovolunteers.de\/wiebkebethke\/","name":"&quot;City of hope&quot; - Mein Jahr in Lusaka, Sambia","description":"","potentialAction":[{"@type":"SearchAction","target":{"@type":"EntryPoint","urlTemplate":"https:\/\/blogs.donboscovolunteers.de\/wiebkebethke\/?s={search_term_string}"},"query-input":{"@type":"PropertyValueSpecification","valueRequired":true,"valueName":"search_term_string"}}],"inLanguage":"de"}]}},"_links":{"self":[{"href":"https:\/\/blogs.donboscovolunteers.de\/wiebkebethke\/wp-json\/wp\/v2\/pages\/51","targetHints":{"allow":["GET"]}}],"collection":[{"href":"https:\/\/blogs.donboscovolunteers.de\/wiebkebethke\/wp-json\/wp\/v2\/pages"}],"about":[{"href":"https:\/\/blogs.donboscovolunteers.de\/wiebkebethke\/wp-json\/wp\/v2\/types\/page"}],"author":[{"embeddable":true,"href":"https:\/\/blogs.donboscovolunteers.de\/wiebkebethke\/wp-json\/wp\/v2\/users\/21650"}],"replies":[{"embeddable":true,"href":"https:\/\/blogs.donboscovolunteers.de\/wiebkebethke\/wp-json\/wp\/v2\/comments?post=51"}],"version-history":[{"count":3,"href":"https:\/\/blogs.donboscovolunteers.de\/wiebkebethke\/wp-json\/wp\/v2\/pages\/51\/revisions"}],"predecessor-version":[{"id":79,"href":"https:\/\/blogs.donboscovolunteers.de\/wiebkebethke\/wp-json\/wp\/v2\/pages\/51\/revisions\/79"}],"wp:attachment":[{"href":"https:\/\/blogs.donboscovolunteers.de\/wiebkebethke\/wp-json\/wp\/v2\/media?parent=51"}],"curies":[{"name":"wp","href":"https:\/\/api.w.org\/{rel}","templated":true}]}}