{"id":45,"date":"2019-07-28T22:27:13","date_gmt":"2019-07-28T20:27:13","guid":{"rendered":"https:\/\/blogs.donboscovolunteers.de\/wiebkebethke\/?page_id=45"},"modified":"2019-09-23T15:48:16","modified_gmt":"2019-09-23T13:48:16","slug":"spenden","status":"publish","type":"page","link":"https:\/\/blogs.donboscovolunteers.de\/wiebkebethke\/spenden\/","title":{"rendered":"Spenden"},"content":{"rendered":"<p>In <strong>Lusaka, der\nHauptstadt von Sambia in Afrika<\/strong>, ist das <strong>&nbsp;<\/strong>Leben gepr\u00e4gt von<strong> Armut, Krankheit, Tod und sexuellem\nMissbrauch.<\/strong> <br>\nAus diesen Gr\u00fcnden landen t\u00e4glich immer mehr Kinder und Jugendliche auf\nder Stra\u00dfe. Dabei leben sie von Drogen, Alkohol und Diebst\u00e4hlen. <\/p>\n\n\n\n<p>Diesen Kinder und Jugendlichen hat sich die Organisation\n<a href=\"https:\/\/www.donboscomission.de\/don-bosco\/\">Don Bosco<\/a> angenommen. T\u00e4glich werden die Heranwachsenden in die Heime der Don\nBosco Brothers and Sisters gebracht. Dabei werden die jungen Frauen in die\n\u201eCity of hope\u201c begleitet und k\u00f6nnen sich da ihr neues Leben aufbauen. Das\nGel\u00e4nde besteht aus eine staatlichen Schule und einem M\u00e4dchenheim, welches 80\nM\u00e4dchen und junge Frauen im Alter von &nbsp;6\n&#8211; 21 betreut. <strong>Dabei werden ihnen eine\nneue liebevolle Heimat, t\u00e4glich mindestens eine (warme) Mahlzeit &nbsp;und die M\u00f6glichkeit auf eine erfolgreiche\nZukunft geschenkt.<\/strong> <\/p>\n\n\n\n<p>Die Einrichtung wird durch Spenden finanziert. Es w\u00e4re toll, wenn auch Sie dieses hoffnungsvolle Projekt unterst\u00fctzen w\u00fcrden, um den Ordensschwestern zu helfen, diese wunderbare und liebevolle Einrichtung weiterhin bewirtschaften zu k\u00f6nnen. <\/p>\n\n\n\n<p>Mit jeder noch so kleinen Spende <strong>zaubern Sie ein L\u00e4cheln<\/strong> in jedes Gesicht der jungen M\u00e4dchen und Frauen. <\/p>\n\n\n\n<p>Mein Freiwilligen Dienst wird zu 75% von dem &#8222;weltw\u00e4rts\u201c-Programm des BMZ gef\u00f6rdert. Die restlichen 25% werden durch Spenden finaziert. So bitte ich Sie, auch meinen Freiwilligen Dienst mit zu unterst\u00fctzen. Dies k\u00f6nnen Sie entweder bequem direkt via PayPal am Ende dieser Seite oder per \u00dcberweisung auf das unten stehende Konto tun. Vielen Dank f\u00fcr jede einzelne Spende! \ud83d\ude42<\/p>\n\n\n\n<p><strong>Daten f\u00fcr eine Spende: <\/strong><\/p>\n\n\n\n<p><strong>Verwendungszweck:<\/strong> Wiebke\nBethke, S19VR003 (Adresse des Spenders, falls eine <strong>Spendenquittung<\/strong> ben\u00f6tigt wird)<br>\n<strong>IBAN:<\/strong>\nDE89&nbsp;3705&nbsp;0198&nbsp;0000&nbsp;0994&nbsp;99<br>\n<strong>BIC:<\/strong>\n&nbsp;&nbsp; COLSDE33XXX <br>\n<strong>Bank:&nbsp; <\/strong>Sparkasse\nK\u00f6ln Bonn<\/p>\n\n\n\n<div class=\"wp-block-button aligncenter\"><a class=\"wp-block-button__link\" href=\"https:\/\/www.donboscomission.de\/volontariat\/spenden\/?fb_item_id=24733\">Jetzt online spenden!<\/a><\/div>","protected":false},"excerpt":{"rendered":"<p>In Lusaka, der Hauptstadt von Sambia in Afrika, ist das &nbsp;Leben gepr\u00e4gt von Armut, Krankheit, Tod und sexuellem Missbrauch. Aus diesen Gr\u00fcnden landen t\u00e4glich immer mehr Kinder und Jugendliche auf der Stra\u00dfe. Dabei leben sie von Drogen, Alkohol und Diebst\u00e4hlen. Diesen Kinder und Jugendlichen hat sich die Organisation <a href=\"https:\/\/www.donboscomission.de\/don-bosco\/\">Don Bosco<\/a> angenommen. T\u00e4glich werden die Heranwachsenden [&hellip;]<\/p>\n","protected":false},"author":21650,"featured_media":0,"parent":0,"menu_order":0,"comment_status":"closed","ping_status":"closed","template":"","meta":{"footnotes":""},"class_list":["post-45","page","type-page","status-publish","hentry"],"yoast_head":"<!-- This site is optimized with the Yoast SEO plugin v25.3.1 - https:\/\/yoast.com\/wordpress\/plugins\/seo\/ -->\n<title>Spenden - &quot;City of hope&quot; - Mein Jahr in Lusaka, Sambia<\/title>\n<meta name=\"robots\" content=\"index, follow, max-snippet:-1, max-image-preview:large, max-video-preview:-1\" \/>\n<link rel=\"canonical\" href=\"https:\/\/blogs.donboscovolunteers.de\/wiebkebethke\/spenden\/\" \/>\n<meta property=\"og:locale\" content=\"de_DE\" \/>\n<meta property=\"og:type\" content=\"article\" \/>\n<meta property=\"og:title\" content=\"Spenden - &quot;City of hope&quot; - Mein Jahr in Lusaka, Sambia\" \/>\n<meta property=\"og:description\" content=\"In Lusaka, der Hauptstadt von Sambia in Afrika, ist das &nbsp;Leben gepr\u00e4gt von Armut, Krankheit, Tod und sexuellem Missbrauch. Aus diesen Gr\u00fcnden landen t\u00e4glich immer mehr Kinder und Jugendliche auf der Stra\u00dfe. Dabei leben sie von Drogen, Alkohol und Diebst\u00e4hlen. Diesen Kinder und Jugendlichen hat sich die Organisation Don Bosco angenommen. T\u00e4glich werden die Heranwachsenden [&hellip;]\" \/>\n<meta property=\"og:url\" content=\"https:\/\/blogs.donboscovolunteers.de\/wiebkebethke\/spenden\/\" \/>\n<meta property=\"og:site_name\" content=\"&quot;City of hope&quot; - Mein Jahr in Lusaka, Sambia\" \/>\n<meta property=\"article:modified_time\" content=\"2019-09-23T13:48:16+00:00\" \/>\n<meta name=\"twitter:card\" content=\"summary_large_image\" \/>\n<meta name=\"twitter:label1\" content=\"Gesch\u00e4tzte Lesezeit\" \/>\n\t<meta name=\"twitter:data1\" content=\"1\u00a0Minute\" \/>\n<script type=\"application\/ld+json\" class=\"yoast-schema-graph\">{\"@context\":\"https:\/\/schema.org\",\"@graph\":[{\"@type\":\"WebPage\",\"@id\":\"https:\/\/blogs.donboscovolunteers.de\/wiebkebethke\/spenden\/\",\"url\":\"https:\/\/blogs.donboscovolunteers.de\/wiebkebethke\/spenden\/\",\"name\":\"Spenden - &quot;City of hope&quot; - Mein Jahr in Lusaka, Sambia\",\"isPartOf\":{\"@id\":\"https:\/\/blogs.donboscovolunteers.de\/wiebkebethke\/#website\"},\"datePublished\":\"2019-07-28T20:27:13+00:00\",\"dateModified\":\"2019-09-23T13:48:16+00:00\",\"breadcrumb\":{\"@id\":\"https:\/\/blogs.donboscovolunteers.de\/wiebkebethke\/spenden\/#breadcrumb\"},\"inLanguage\":\"de\",\"potentialAction\":[{\"@type\":\"ReadAction\",\"target\":[\"https:\/\/blogs.donboscovolunteers.de\/wiebkebethke\/spenden\/\"]}]},{\"@type\":\"BreadcrumbList\",\"@id\":\"https:\/\/blogs.donboscovolunteers.de\/wiebkebethke\/spenden\/#breadcrumb\",\"itemListElement\":[{\"@type\":\"ListItem\",\"position\":1,\"name\":\"Startseite\",\"item\":\"https:\/\/blogs.donboscovolunteers.de\/wiebkebethke\/\"},{\"@type\":\"ListItem\",\"position\":2,\"name\":\"Spenden\"}]},{\"@type\":\"WebSite\",\"@id\":\"https:\/\/blogs.donboscovolunteers.de\/wiebkebethke\/#website\",\"url\":\"https:\/\/blogs.donboscovolunteers.de\/wiebkebethke\/\",\"name\":\"&quot;City of hope&quot; - Mein Jahr in Lusaka, Sambia\",\"description\":\"\",\"potentialAction\":[{\"@type\":\"SearchAction\",\"target\":{\"@type\":\"EntryPoint\",\"urlTemplate\":\"https:\/\/blogs.donboscovolunteers.de\/wiebkebethke\/?s={search_term_string}\"},\"query-input\":{\"@type\":\"PropertyValueSpecification\",\"valueRequired\":true,\"valueName\":\"search_term_string\"}}],\"inLanguage\":\"de\"}]}<\/script>\n<!-- \/ Yoast SEO plugin. -->","yoast_head_json":{"title":"Spenden - &quot;City of hope&quot; - Mein Jahr in Lusaka, Sambia","robots":{"index":"index","follow":"follow","max-snippet":"max-snippet:-1","max-image-preview":"max-image-preview:large","max-video-preview":"max-video-preview:-1"},"canonical":"https:\/\/blogs.donboscovolunteers.de\/wiebkebethke\/spenden\/","og_locale":"de_DE","og_type":"article","og_title":"Spenden - &quot;City of hope&quot; - Mein Jahr in Lusaka, Sambia","og_description":"In Lusaka, der Hauptstadt von Sambia in Afrika, ist das &nbsp;Leben gepr\u00e4gt von Armut, Krankheit, Tod und sexuellem Missbrauch. Aus diesen Gr\u00fcnden landen t\u00e4glich immer mehr Kinder und Jugendliche auf der Stra\u00dfe. Dabei leben sie von Drogen, Alkohol und Diebst\u00e4hlen. Diesen Kinder und Jugendlichen hat sich die Organisation Don Bosco angenommen. T\u00e4glich werden die Heranwachsenden [&hellip;]","og_url":"https:\/\/blogs.donboscovolunteers.de\/wiebkebethke\/spenden\/","og_site_name":"&quot;City of hope&quot; - Mein Jahr in Lusaka, Sambia","article_modified_time":"2019-09-23T13:48:16+00:00","twitter_card":"summary_large_image","twitter_misc":{"Gesch\u00e4tzte Lesezeit":"1\u00a0Minute"},"schema":{"@context":"https:\/\/schema.org","@graph":[{"@type":"WebPage","@id":"https:\/\/blogs.donboscovolunteers.de\/wiebkebethke\/spenden\/","url":"https:\/\/blogs.donboscovolunteers.de\/wiebkebethke\/spenden\/","name":"Spenden - &quot;City of hope&quot; - Mein Jahr in Lusaka, Sambia","isPartOf":{"@id":"https:\/\/blogs.donboscovolunteers.de\/wiebkebethke\/#website"},"datePublished":"2019-07-28T20:27:13+00:00","dateModified":"2019-09-23T13:48:16+00:00","breadcrumb":{"@id":"https:\/\/blogs.donboscovolunteers.de\/wiebkebethke\/spenden\/#breadcrumb"},"inLanguage":"de","potentialAction":[{"@type":"ReadAction","target":["https:\/\/blogs.donboscovolunteers.de\/wiebkebethke\/spenden\/"]}]},{"@type":"BreadcrumbList","@id":"https:\/\/blogs.donboscovolunteers.de\/wiebkebethke\/spenden\/#breadcrumb","itemListElement":[{"@type":"ListItem","position":1,"name":"Startseite","item":"https:\/\/blogs.donboscovolunteers.de\/wiebkebethke\/"},{"@type":"ListItem","position":2,"name":"Spenden"}]},{"@type":"WebSite","@id":"https:\/\/blogs.donboscovolunteers.de\/wiebkebethke\/#website","url":"https:\/\/blogs.donboscovolunteers.de\/wiebkebethke\/","name":"&quot;City of hope&quot; - Mein Jahr in Lusaka, Sambia","description":"","potentialAction":[{"@type":"SearchAction","target":{"@type":"EntryPoint","urlTemplate":"https:\/\/blogs.donboscovolunteers.de\/wiebkebethke\/?s={search_term_string}"},"query-input":{"@type":"PropertyValueSpecification","valueRequired":true,"valueName":"search_term_string"}}],"inLanguage":"de"}]}},"_links":{"self":[{"href":"https:\/\/blogs.donboscovolunteers.de\/wiebkebethke\/wp-json\/wp\/v2\/pages\/45","targetHints":{"allow":["GET"]}}],"collection":[{"href":"https:\/\/blogs.donboscovolunteers.de\/wiebkebethke\/wp-json\/wp\/v2\/pages"}],"about":[{"href":"https:\/\/blogs.donboscovolunteers.de\/wiebkebethke\/wp-json\/wp\/v2\/types\/page"}],"author":[{"embeddable":true,"href":"https:\/\/blogs.donboscovolunteers.de\/wiebkebethke\/wp-json\/wp\/v2\/users\/21650"}],"replies":[{"embeddable":true,"href":"https:\/\/blogs.donboscovolunteers.de\/wiebkebethke\/wp-json\/wp\/v2\/comments?post=45"}],"version-history":[{"count":4,"href":"https:\/\/blogs.donboscovolunteers.de\/wiebkebethke\/wp-json\/wp\/v2\/pages\/45\/revisions"}],"predecessor-version":[{"id":110,"href":"https:\/\/blogs.donboscovolunteers.de\/wiebkebethke\/wp-json\/wp\/v2\/pages\/45\/revisions\/110"}],"wp:attachment":[{"href":"https:\/\/blogs.donboscovolunteers.de\/wiebkebethke\/wp-json\/wp\/v2\/media?parent=45"}],"curies":[{"name":"wp","href":"https:\/\/api.w.org\/{rel}","templated":true}]}}