{"id":3,"date":"2025-03-15T13:50:22","date_gmt":"2025-03-15T12:50:22","guid":{"rendered":"https:\/\/blogs.donboscovolunteers.de\/vonmatildebisbenin\/about\/"},"modified":"2025-09-06T22:21:39","modified_gmt":"2025-09-06T20:21:39","slug":"about","status":"publish","type":"page","link":"https:\/\/blogs.donboscovolunteers.de\/vonmatildebisbenin\/about\/","title":{"rendered":"\u00dcber mich"},"content":{"rendered":"<p>Hi! Ich hei\u00dfe Matilde und bin 18 Jahre alt. Im Juli diesen Jahres habe ich mein Abitur am Josef-Albers-Gymnasium in Bottrop bestanden und kann es nun kaum erwarten, meine erste richtig gro\u00dfe Reise anzutreten: es geht f\u00fcr ein Jahr nach <a href=\"https:\/\/strassenkinder.de\/laender\/afrika\/benin\/\">Benin<\/a>, Afrika! Ich habe schon immer davon getr\u00e4umt, nach dem Abi ins Ausland zu gehen, um neue Kulturen, Menschen und Musik zu erleben. Meine Erlebnisse in diesem spannenden Jahr werde ich hier mit euch teilen, und freue mich \u00fcber jede Unterst\u00fcztzung:)<\/p>\n","protected":false},"excerpt":{"rendered":"<p>Hi! Ich hei\u00dfe Matilde und bin 18 Jahre alt. Im Juli diesen Jahres habe ich mein Abitur am Josef-Albers-Gymnasium in Bottrop bestanden und kann es nun kaum erwarten, meine erste richtig gro\u00dfe Reise anzutreten: es geht f\u00fcr ein Jahr nach <a href=\"https:\/\/strassenkinder.de\/laender\/afrika\/benin\/\">Benin<\/a>, Afrika! Ich habe schon immer davon getr\u00e4umt, nach dem Abi ins Ausland zu gehen, [&hellip;]<\/p>\n","protected":false},"author":1,"featured_media":0,"parent":0,"menu_order":1,"comment_status":"closed","ping_status":"closed","template":"","meta":{"footnotes":""},"class_list":["post-3","page","type-page","status-publish","hentry"],"yoast_head":"<!-- This site is optimized with the Yoast SEO plugin v25.3.1 - https:\/\/yoast.com\/wordpress\/plugins\/seo\/ -->\n<title>\u00dcber mich - Von Matilde bis Benin<\/title>\n<meta name=\"robots\" content=\"index, follow, max-snippet:-1, max-image-preview:large, max-video-preview:-1\" \/>\n<link rel=\"canonical\" href=\"https:\/\/blogs.donboscovolunteers.de\/vonmatildebisbenin\/about\/\" \/>\n<meta property=\"og:locale\" content=\"de_DE\" \/>\n<meta property=\"og:type\" content=\"article\" \/>\n<meta property=\"og:title\" content=\"\u00dcber mich - Von Matilde bis Benin\" \/>\n<meta property=\"og:description\" content=\"Hi! Ich hei\u00dfe Matilde und bin 18 Jahre alt. Im Juli diesen Jahres habe ich mein Abitur am Josef-Albers-Gymnasium in Bottrop bestanden und kann es nun kaum erwarten, meine erste richtig gro\u00dfe Reise anzutreten: es geht f\u00fcr ein Jahr nach Benin, Afrika! Ich habe schon immer davon getr\u00e4umt, nach dem Abi ins Ausland zu gehen, [&hellip;]\" \/>\n<meta property=\"og:url\" content=\"https:\/\/blogs.donboscovolunteers.de\/vonmatildebisbenin\/about\/\" \/>\n<meta property=\"og:site_name\" content=\"Von Matilde bis Benin\" \/>\n<meta property=\"article:modified_time\" content=\"2025-09-06T20:21:39+00:00\" \/>\n<meta name=\"twitter:card\" content=\"summary_large_image\" \/>\n<meta name=\"twitter:label1\" content=\"Gesch\u00e4tzte Lesezeit\" \/>\n\t<meta name=\"twitter:data1\" content=\"1\u00a0Minute\" \/>\n<script type=\"application\/ld+json\" class=\"yoast-schema-graph\">{\"@context\":\"https:\/\/schema.org\",\"@graph\":[{\"@type\":\"WebPage\",\"@id\":\"https:\/\/blogs.donboscovolunteers.de\/vonmatildebisbenin\/about\/\",\"url\":\"https:\/\/blogs.donboscovolunteers.de\/vonmatildebisbenin\/about\/\",\"name\":\"\u00dcber mich - Von Matilde bis Benin\",\"isPartOf\":{\"@id\":\"https:\/\/blogs.donboscovolunteers.de\/vonmatildebisbenin\/#website\"},\"datePublished\":\"2025-03-15T12:50:22+00:00\",\"dateModified\":\"2025-09-06T20:21:39+00:00\",\"breadcrumb\":{\"@id\":\"https:\/\/blogs.donboscovolunteers.de\/vonmatildebisbenin\/about\/#breadcrumb\"},\"inLanguage\":\"de\",\"potentialAction\":[{\"@type\":\"ReadAction\",\"target\":[\"https:\/\/blogs.donboscovolunteers.de\/vonmatildebisbenin\/about\/\"]}]},{\"@type\":\"BreadcrumbList\",\"@id\":\"https:\/\/blogs.donboscovolunteers.de\/vonmatildebisbenin\/about\/#breadcrumb\",\"itemListElement\":[{\"@type\":\"ListItem\",\"position\":1,\"name\":\"Startseite\",\"item\":\"https:\/\/blogs.donboscovolunteers.de\/vonmatildebisbenin\/\"},{\"@type\":\"ListItem\",\"position\":2,\"name\":\"\u00dcber mich\"}]},{\"@type\":\"WebSite\",\"@id\":\"https:\/\/blogs.donboscovolunteers.de\/vonmatildebisbenin\/#website\",\"url\":\"https:\/\/blogs.donboscovolunteers.de\/vonmatildebisbenin\/\",\"name\":\"Von Matilde bis Benin\",\"description\":\"Fufu und Fernweh\",\"potentialAction\":[{\"@type\":\"SearchAction\",\"target\":{\"@type\":\"EntryPoint\",\"urlTemplate\":\"https:\/\/blogs.donboscovolunteers.de\/vonmatildebisbenin\/?s={search_term_string}\"},\"query-input\":{\"@type\":\"PropertyValueSpecification\",\"valueRequired\":true,\"valueName\":\"search_term_string\"}}],\"inLanguage\":\"de\"}]}<\/script>\n<!-- \/ Yoast SEO plugin. -->","yoast_head_json":{"title":"\u00dcber mich - Von Matilde bis Benin","robots":{"index":"index","follow":"follow","max-snippet":"max-snippet:-1","max-image-preview":"max-image-preview:large","max-video-preview":"max-video-preview:-1"},"canonical":"https:\/\/blogs.donboscovolunteers.de\/vonmatildebisbenin\/about\/","og_locale":"de_DE","og_type":"article","og_title":"\u00dcber mich - Von Matilde bis Benin","og_description":"Hi! Ich hei\u00dfe Matilde und bin 18 Jahre alt. Im Juli diesen Jahres habe ich mein Abitur am Josef-Albers-Gymnasium in Bottrop bestanden und kann es nun kaum erwarten, meine erste richtig gro\u00dfe Reise anzutreten: es geht f\u00fcr ein Jahr nach Benin, Afrika! Ich habe schon immer davon getr\u00e4umt, nach dem Abi ins Ausland zu gehen, [&hellip;]","og_url":"https:\/\/blogs.donboscovolunteers.de\/vonmatildebisbenin\/about\/","og_site_name":"Von Matilde bis Benin","article_modified_time":"2025-09-06T20:21:39+00:00","twitter_card":"summary_large_image","twitter_misc":{"Gesch\u00e4tzte Lesezeit":"1\u00a0Minute"},"schema":{"@context":"https:\/\/schema.org","@graph":[{"@type":"WebPage","@id":"https:\/\/blogs.donboscovolunteers.de\/vonmatildebisbenin\/about\/","url":"https:\/\/blogs.donboscovolunteers.de\/vonmatildebisbenin\/about\/","name":"\u00dcber mich - Von Matilde bis Benin","isPartOf":{"@id":"https:\/\/blogs.donboscovolunteers.de\/vonmatildebisbenin\/#website"},"datePublished":"2025-03-15T12:50:22+00:00","dateModified":"2025-09-06T20:21:39+00:00","breadcrumb":{"@id":"https:\/\/blogs.donboscovolunteers.de\/vonmatildebisbenin\/about\/#breadcrumb"},"inLanguage":"de","potentialAction":[{"@type":"ReadAction","target":["https:\/\/blogs.donboscovolunteers.de\/vonmatildebisbenin\/about\/"]}]},{"@type":"BreadcrumbList","@id":"https:\/\/blogs.donboscovolunteers.de\/vonmatildebisbenin\/about\/#breadcrumb","itemListElement":[{"@type":"ListItem","position":1,"name":"Startseite","item":"https:\/\/blogs.donboscovolunteers.de\/vonmatildebisbenin\/"},{"@type":"ListItem","position":2,"name":"\u00dcber mich"}]},{"@type":"WebSite","@id":"https:\/\/blogs.donboscovolunteers.de\/vonmatildebisbenin\/#website","url":"https:\/\/blogs.donboscovolunteers.de\/vonmatildebisbenin\/","name":"Von Matilde bis Benin","description":"Fufu und Fernweh","potentialAction":[{"@type":"SearchAction","target":{"@type":"EntryPoint","urlTemplate":"https:\/\/blogs.donboscovolunteers.de\/vonmatildebisbenin\/?s={search_term_string}"},"query-input":{"@type":"PropertyValueSpecification","valueRequired":true,"valueName":"search_term_string"}}],"inLanguage":"de"}]}},"_links":{"self":[{"href":"https:\/\/blogs.donboscovolunteers.de\/vonmatildebisbenin\/wp-json\/wp\/v2\/pages\/3","targetHints":{"allow":["GET"]}}],"collection":[{"href":"https:\/\/blogs.donboscovolunteers.de\/vonmatildebisbenin\/wp-json\/wp\/v2\/pages"}],"about":[{"href":"https:\/\/blogs.donboscovolunteers.de\/vonmatildebisbenin\/wp-json\/wp\/v2\/types\/page"}],"author":[{"embeddable":true,"href":"https:\/\/blogs.donboscovolunteers.de\/vonmatildebisbenin\/wp-json\/wp\/v2\/users\/1"}],"replies":[{"embeddable":true,"href":"https:\/\/blogs.donboscovolunteers.de\/vonmatildebisbenin\/wp-json\/wp\/v2\/comments?post=3"}],"version-history":[{"count":2,"href":"https:\/\/blogs.donboscovolunteers.de\/vonmatildebisbenin\/wp-json\/wp\/v2\/pages\/3\/revisions"}],"predecessor-version":[{"id":77,"href":"https:\/\/blogs.donboscovolunteers.de\/vonmatildebisbenin\/wp-json\/wp\/v2\/pages\/3\/revisions\/77"}],"wp:attachment":[{"href":"https:\/\/blogs.donboscovolunteers.de\/vonmatildebisbenin\/wp-json\/wp\/v2\/media?parent=3"}],"curies":[{"name":"wp","href":"https:\/\/api.w.org\/{rel}","templated":true}]}}