{"id":5,"date":"2020-10-17T16:25:51","date_gmt":"2020-10-17T14:25:51","guid":{"rendered":"https:\/\/blogs.donboscovolunteers.de\/vololina\/?page_id=5"},"modified":"2020-10-20T10:32:05","modified_gmt":"2020-10-20T08:32:05","slug":"ueber-mich","status":"publish","type":"page","link":"https:\/\/blogs.donboscovolunteers.de\/vololina\/ueber-mich\/","title":{"rendered":"\u00dcber mich"},"content":{"rendered":"<p>Hallo an alle Leser*innen meines Blogs,<\/p>\n\n\n\n<p>mein Name ist Lina Schulte und ich bin die Verfasserin dieses Blogs. Doch warum mache ich diesen Blog \u00fcberhaupt und wer bin ich eigentlich?<\/p>\n\n\n\n<p>Wie bereits erw\u00e4hnt hei\u00dfe ich Lina, bin 19 Jahre alt und habe, wie so viele hier, im Coronajahr mein Abitur gemacht. Mein Plan war eigentlich mich nach dem Abi ein Jahr sozial zu engagieren und aus meiner Heimatstadt Ludwigsburg raus zu kommen, mal etwas anderes zu sehen. Doch Corona hat mir einen Strich durch die Rechnung gemacht und so musste auch ich, wie so viele andere, umdenken und neue Wege gehen.<\/p>\n\n\n\n<p>Doch vielleicht erst nochmal zur\u00fcck zu mir und meinen Interessen. Ich wei\u00df nat\u00fcrlich nicht was euch als Leser*innen interessiert \u00fcber mich zu erfahren, aber ich kann euch trotzdem das ein oder andere \u00fcber mich erz\u00e4hlen, z. B. das ich in meiner Freizeit gerne reiten gehe und Querfl\u00f6te spiele. Was vielleicht jedoch ein wenig spannender ist und auch ein bisschen erkl\u00e4rt, weshalb ich einen <a href=\"https:\/\/www.donboscovolunteers.de\/\">Freiwilligendienst<\/a> mit <a href=\"https:\/\/www.donboscomission.de\/don-bosco\/\">Don Bosco<\/a> mache, ist die Tatsache, dass ich seit ein paar Jahren in der Jugendarbeit als Oberministrantin t\u00e4tig bin und dort die Jugendarbeit f\u00fcr ich entdeckt habe. Mir macht es einfach super viel Spa\u00df mit Kindern und Jugendlichen zu arbeiten und gemeinsam eine tolle Zeit zu erleben. Die Erfahrungen die ich in meiner Heimatgemeinde gemacht habe, haben mich dazu gebrachte, dass ich nach der Schule einen Freiwilligendienst in der Kinder- und Jugendarbeit machen m\u00f6chte.<\/p>\n\n\n\n<p>Jetzt wisst ihr schon einiges \u00fcber mich und ich m\u00f6chte euch nun dazu einladen meine Reise als Don Bosco Volunteer in diesem Blog mitzuerleben und zu erfahren was ich so Schulte(re)&#8230;<\/p>\n\n\n\n<div class=\"wp-block-image\"><figure class=\"aligncenter size-large is-resized\"><img loading=\"lazy\" decoding=\"async\" src=\"https:\/\/blogs.donboscovolunteers.de\/vololina\/wp-content\/uploads\/sites\/21621\/2020\/10\/Profilfoto-final-2-665x1024.jpg\" alt=\"\" class=\"wp-image-12\" width=\"232\" height=\"357\" srcset=\"https:\/\/blogs.donboscovolunteers.de\/vololina\/wp-content\/uploads\/sites\/21621\/2020\/10\/Profilfoto-final-2-665x1024.jpg 665w, https:\/\/blogs.donboscovolunteers.de\/vololina\/wp-content\/uploads\/sites\/21621\/2020\/10\/Profilfoto-final-2-195x300.jpg 195w, https:\/\/blogs.donboscovolunteers.de\/vololina\/wp-content\/uploads\/sites\/21621\/2020\/10\/Profilfoto-final-2-768x1183.jpg 768w, https:\/\/blogs.donboscovolunteers.de\/vololina\/wp-content\/uploads\/sites\/21621\/2020\/10\/Profilfoto-final-2.jpg 831w\" sizes=\"auto, (max-width: 232px) 100vw, 232px\" \/><\/figure><\/div>","protected":false},"excerpt":{"rendered":"<p>Hallo an alle Leser*innen meines Blogs, mein Name ist Lina Schulte und ich bin die Verfasserin dieses Blogs. Doch warum mache ich diesen Blog \u00fcberhaupt und wer bin ich eigentlich? Wie bereits erw\u00e4hnt hei\u00dfe ich Lina, bin 19 Jahre alt und habe, wie so viele hier, im Coronajahr mein Abitur gemacht. Mein Plan war eigentlich [&hellip;]<\/p>\n","protected":false},"author":21685,"featured_media":0,"parent":0,"menu_order":0,"comment_status":"closed","ping_status":"closed","template":"","meta":{"footnotes":""},"class_list":["post-5","page","type-page","status-publish","hentry"],"yoast_head":"<!-- This site is optimized with the Yoast SEO plugin v25.3.1 - https:\/\/yoast.com\/wordpress\/plugins\/seo\/ -->\n<title>\u00dcber mich - Lina schultert...<\/title>\n<meta name=\"robots\" content=\"index, follow, max-snippet:-1, max-image-preview:large, max-video-preview:-1\" \/>\n<link rel=\"canonical\" href=\"https:\/\/blogs.donboscovolunteers.de\/vololina\/ueber-mich\/\" \/>\n<meta property=\"og:locale\" content=\"de_DE\" \/>\n<meta property=\"og:type\" content=\"article\" \/>\n<meta property=\"og:title\" content=\"\u00dcber mich - Lina schultert...\" \/>\n<meta property=\"og:description\" content=\"Hallo an alle Leser*innen meines Blogs, mein Name ist Lina Schulte und ich bin die Verfasserin dieses Blogs. Doch warum mache ich diesen Blog \u00fcberhaupt und wer bin ich eigentlich? Wie bereits erw\u00e4hnt hei\u00dfe ich Lina, bin 19 Jahre alt und habe, wie so viele hier, im Coronajahr mein Abitur gemacht. Mein Plan war eigentlich [&hellip;]\" \/>\n<meta property=\"og:url\" content=\"https:\/\/blogs.donboscovolunteers.de\/vololina\/ueber-mich\/\" \/>\n<meta property=\"og:site_name\" content=\"Lina schultert...\" \/>\n<meta property=\"article:modified_time\" content=\"2020-10-20T08:32:05+00:00\" \/>\n<meta property=\"og:image\" content=\"https:\/\/blogs.donboscovolunteers.de\/vololina\/wp-content\/uploads\/sites\/21621\/2020\/10\/Profilfoto-final-2-665x1024.jpg\" \/>\n<meta name=\"twitter:card\" content=\"summary_large_image\" \/>\n<meta name=\"twitter:label1\" content=\"Gesch\u00e4tzte Lesezeit\" \/>\n\t<meta name=\"twitter:data1\" content=\"1\u00a0Minute\" \/>\n<script type=\"application\/ld+json\" class=\"yoast-schema-graph\">{\"@context\":\"https:\/\/schema.org\",\"@graph\":[{\"@type\":\"WebPage\",\"@id\":\"https:\/\/blogs.donboscovolunteers.de\/vololina\/ueber-mich\/\",\"url\":\"https:\/\/blogs.donboscovolunteers.de\/vololina\/ueber-mich\/\",\"name\":\"\u00dcber mich - Lina schultert...\",\"isPartOf\":{\"@id\":\"https:\/\/blogs.donboscovolunteers.de\/vololina\/#website\"},\"primaryImageOfPage\":{\"@id\":\"https:\/\/blogs.donboscovolunteers.de\/vololina\/ueber-mich\/#primaryimage\"},\"image\":{\"@id\":\"https:\/\/blogs.donboscovolunteers.de\/vololina\/ueber-mich\/#primaryimage\"},\"thumbnailUrl\":\"https:\/\/blogs.donboscovolunteers.de\/vololina\/wp-content\/uploads\/sites\/21621\/2020\/10\/Profilfoto-final-2-665x1024.jpg\",\"datePublished\":\"2020-10-17T14:25:51+00:00\",\"dateModified\":\"2020-10-20T08:32:05+00:00\",\"breadcrumb\":{\"@id\":\"https:\/\/blogs.donboscovolunteers.de\/vololina\/ueber-mich\/#breadcrumb\"},\"inLanguage\":\"de\",\"potentialAction\":[{\"@type\":\"ReadAction\",\"target\":[\"https:\/\/blogs.donboscovolunteers.de\/vololina\/ueber-mich\/\"]}]},{\"@type\":\"ImageObject\",\"inLanguage\":\"de\",\"@id\":\"https:\/\/blogs.donboscovolunteers.de\/vololina\/ueber-mich\/#primaryimage\",\"url\":\"https:\/\/blogs.donboscovolunteers.de\/vololina\/wp-content\/uploads\/sites\/21621\/2020\/10\/Profilfoto-final-2.jpg\",\"contentUrl\":\"https:\/\/blogs.donboscovolunteers.de\/vololina\/wp-content\/uploads\/sites\/21621\/2020\/10\/Profilfoto-final-2.jpg\",\"width\":831,\"height\":1280},{\"@type\":\"BreadcrumbList\",\"@id\":\"https:\/\/blogs.donboscovolunteers.de\/vololina\/ueber-mich\/#breadcrumb\",\"itemListElement\":[{\"@type\":\"ListItem\",\"position\":1,\"name\":\"Startseite\",\"item\":\"https:\/\/blogs.donboscovolunteers.de\/vololina\/\"},{\"@type\":\"ListItem\",\"position\":2,\"name\":\"\u00dcber mich\"}]},{\"@type\":\"WebSite\",\"@id\":\"https:\/\/blogs.donboscovolunteers.de\/vololina\/#website\",\"url\":\"https:\/\/blogs.donboscovolunteers.de\/vololina\/\",\"name\":\"Lina schultert...\",\"description\":\"...ein Jahr als Don Bosco Volunteer\",\"potentialAction\":[{\"@type\":\"SearchAction\",\"target\":{\"@type\":\"EntryPoint\",\"urlTemplate\":\"https:\/\/blogs.donboscovolunteers.de\/vololina\/?s={search_term_string}\"},\"query-input\":{\"@type\":\"PropertyValueSpecification\",\"valueRequired\":true,\"valueName\":\"search_term_string\"}}],\"inLanguage\":\"de\"}]}<\/script>\n<!-- \/ Yoast SEO plugin. -->","yoast_head_json":{"title":"\u00dcber mich - Lina schultert...","robots":{"index":"index","follow":"follow","max-snippet":"max-snippet:-1","max-image-preview":"max-image-preview:large","max-video-preview":"max-video-preview:-1"},"canonical":"https:\/\/blogs.donboscovolunteers.de\/vololina\/ueber-mich\/","og_locale":"de_DE","og_type":"article","og_title":"\u00dcber mich - Lina schultert...","og_description":"Hallo an alle Leser*innen meines Blogs, mein Name ist Lina Schulte und ich bin die Verfasserin dieses Blogs. Doch warum mache ich diesen Blog \u00fcberhaupt und wer bin ich eigentlich? Wie bereits erw\u00e4hnt hei\u00dfe ich Lina, bin 19 Jahre alt und habe, wie so viele hier, im Coronajahr mein Abitur gemacht. Mein Plan war eigentlich [&hellip;]","og_url":"https:\/\/blogs.donboscovolunteers.de\/vololina\/ueber-mich\/","og_site_name":"Lina schultert...","article_modified_time":"2020-10-20T08:32:05+00:00","og_image":[{"url":"https:\/\/blogs.donboscovolunteers.de\/vololina\/wp-content\/uploads\/sites\/21621\/2020\/10\/Profilfoto-final-2-665x1024.jpg","type":"","width":"","height":""}],"twitter_card":"summary_large_image","twitter_misc":{"Gesch\u00e4tzte Lesezeit":"1\u00a0Minute"},"schema":{"@context":"https:\/\/schema.org","@graph":[{"@type":"WebPage","@id":"https:\/\/blogs.donboscovolunteers.de\/vololina\/ueber-mich\/","url":"https:\/\/blogs.donboscovolunteers.de\/vololina\/ueber-mich\/","name":"\u00dcber mich - Lina schultert...","isPartOf":{"@id":"https:\/\/blogs.donboscovolunteers.de\/vololina\/#website"},"primaryImageOfPage":{"@id":"https:\/\/blogs.donboscovolunteers.de\/vololina\/ueber-mich\/#primaryimage"},"image":{"@id":"https:\/\/blogs.donboscovolunteers.de\/vololina\/ueber-mich\/#primaryimage"},"thumbnailUrl":"https:\/\/blogs.donboscovolunteers.de\/vololina\/wp-content\/uploads\/sites\/21621\/2020\/10\/Profilfoto-final-2-665x1024.jpg","datePublished":"2020-10-17T14:25:51+00:00","dateModified":"2020-10-20T08:32:05+00:00","breadcrumb":{"@id":"https:\/\/blogs.donboscovolunteers.de\/vololina\/ueber-mich\/#breadcrumb"},"inLanguage":"de","potentialAction":[{"@type":"ReadAction","target":["https:\/\/blogs.donboscovolunteers.de\/vololina\/ueber-mich\/"]}]},{"@type":"ImageObject","inLanguage":"de","@id":"https:\/\/blogs.donboscovolunteers.de\/vololina\/ueber-mich\/#primaryimage","url":"https:\/\/blogs.donboscovolunteers.de\/vololina\/wp-content\/uploads\/sites\/21621\/2020\/10\/Profilfoto-final-2.jpg","contentUrl":"https:\/\/blogs.donboscovolunteers.de\/vololina\/wp-content\/uploads\/sites\/21621\/2020\/10\/Profilfoto-final-2.jpg","width":831,"height":1280},{"@type":"BreadcrumbList","@id":"https:\/\/blogs.donboscovolunteers.de\/vololina\/ueber-mich\/#breadcrumb","itemListElement":[{"@type":"ListItem","position":1,"name":"Startseite","item":"https:\/\/blogs.donboscovolunteers.de\/vololina\/"},{"@type":"ListItem","position":2,"name":"\u00dcber mich"}]},{"@type":"WebSite","@id":"https:\/\/blogs.donboscovolunteers.de\/vololina\/#website","url":"https:\/\/blogs.donboscovolunteers.de\/vololina\/","name":"Lina schultert...","description":"...ein Jahr als Don Bosco Volunteer","potentialAction":[{"@type":"SearchAction","target":{"@type":"EntryPoint","urlTemplate":"https:\/\/blogs.donboscovolunteers.de\/vololina\/?s={search_term_string}"},"query-input":{"@type":"PropertyValueSpecification","valueRequired":true,"valueName":"search_term_string"}}],"inLanguage":"de"}]}},"_links":{"self":[{"href":"https:\/\/blogs.donboscovolunteers.de\/vololina\/wp-json\/wp\/v2\/pages\/5","targetHints":{"allow":["GET"]}}],"collection":[{"href":"https:\/\/blogs.donboscovolunteers.de\/vololina\/wp-json\/wp\/v2\/pages"}],"about":[{"href":"https:\/\/blogs.donboscovolunteers.de\/vololina\/wp-json\/wp\/v2\/types\/page"}],"author":[{"embeddable":true,"href":"https:\/\/blogs.donboscovolunteers.de\/vololina\/wp-json\/wp\/v2\/users\/21685"}],"replies":[{"embeddable":true,"href":"https:\/\/blogs.donboscovolunteers.de\/vololina\/wp-json\/wp\/v2\/comments?post=5"}],"version-history":[{"count":6,"href":"https:\/\/blogs.donboscovolunteers.de\/vololina\/wp-json\/wp\/v2\/pages\/5\/revisions"}],"predecessor-version":[{"id":31,"href":"https:\/\/blogs.donboscovolunteers.de\/vololina\/wp-json\/wp\/v2\/pages\/5\/revisions\/31"}],"wp:attachment":[{"href":"https:\/\/blogs.donboscovolunteers.de\/vololina\/wp-json\/wp\/v2\/media?parent=5"}],"curies":[{"name":"wp","href":"https:\/\/api.w.org\/{rel}","templated":true}]}}