{"id":85,"date":"2023-10-16T16:14:27","date_gmt":"2023-10-16T14:14:27","guid":{"rendered":"https:\/\/blogs.donboscovolunteers.de\/viktoriainindien\/?page_id=85"},"modified":"2024-05-31T06:37:51","modified_gmt":"2024-05-31T04:37:51","slug":"ueber-mich","status":"publish","type":"page","link":"https:\/\/blogs.donboscovolunteers.de\/viktoriainindien\/ueber-mich\/","title":{"rendered":"\u00dcber mich"},"content":{"rendered":"<p>Hallihallo!<\/p>\n\n\n\n<p>Mein Name ist Viktoria Gro\u00df, ich bin 20 Jahre alt und Volunteer in Devadurga, <a href=\"https:\/\/strassenkinder.de\/laender\/asien\/inden\/\">Indien<\/a>.<\/p>\n\n\n\n<p>Nachdem ich dieses Jahr mein Abitur abgeschlossen habe, war es nun Zeit f\u00fcr ein neues Kapitel in meinem Leben. Deswegen ging es f\u00fcr mich Ende September nach Indien, um dort in einem sozialen Projekt f\u00fcr Kinder und Jugendliche mitzuarbeiten. <\/p>\n\n\n\n<p>Drei Vorbereitungsseminare und ganz viel Orga sp\u00e4ter, sitze ich nun in meinem Zimmer des Girls Hostels, indem ich als Betreuerin t\u00e4tig bin und erweitere diesen Blog, um euch auf meiner Reise mitnehmen zu k\u00f6nnen.<\/p>\n\n\n\n<p>Wenn du Lust hast mehr zu erfahren und einen Einblick in das Leben eines Volunteers in Indien zu erhalten, dann schau gerne immer mal wieder hier vorbei \ud83d\ude42<\/p>\n\n\n\n<p>Ich freu mich auf dich !<\/p>\n\n\n\n<p>(Noch mehr \u00fcber mich findest du in meinem ersten Blogpost)<\/p>\n\n\n\n<figure class=\"wp-block-gallery has-nested-images columns-default is-cropped wp-block-gallery-1 is-layout-flex wp-block-gallery-is-layout-flex\">\n<figure class=\"wp-block-image size-large\"><img loading=\"lazy\" decoding=\"async\" width=\"576\" height=\"1024\" data-id=\"308\" src=\"https:\/\/blogs.donboscovolunteers.de\/viktoriainindien\/wp-content\/uploads\/sites\/21694\/2024\/05\/me-576x1024.jpg\" alt=\"\" class=\"wp-image-308\" srcset=\"https:\/\/blogs.donboscovolunteers.de\/viktoriainindien\/wp-content\/uploads\/sites\/21694\/2024\/05\/me-576x1024.jpg 576w, https:\/\/blogs.donboscovolunteers.de\/viktoriainindien\/wp-content\/uploads\/sites\/21694\/2024\/05\/me-169x300.jpg 169w, https:\/\/blogs.donboscovolunteers.de\/viktoriainindien\/wp-content\/uploads\/sites\/21694\/2024\/05\/me.jpg 720w\" sizes=\"auto, (max-width: 576px) 100vw, 576px\" \/><figcaption class=\"wp-element-caption\">Ich in Saree mit Bindi auf der Stirn und Blumen im Haar<\/figcaption><\/figure>\n<\/figure>\n\n\n\n<p>Liebe Gr\u00fc\u00dfe aus Indien<\/p>\n\n\n\n<p>Eure Viki<\/p>","protected":false},"excerpt":{"rendered":"<p>Hallihallo! Mein Name ist Viktoria Gro\u00df, ich bin 20 Jahre alt und Volunteer in Devadurga, <a href=\"https:\/\/strassenkinder.de\/laender\/asien\/inden\/\">Indien<\/a>. Nachdem ich dieses Jahr mein Abitur abgeschlossen habe, war es nun Zeit f\u00fcr ein neues Kapitel in meinem Leben. Deswegen ging es f\u00fcr mich Ende September nach Indien, um dort in einem sozialen Projekt f\u00fcr Kinder und Jugendliche mitzuarbeiten. [&hellip;]<\/p>\n","protected":false},"author":21809,"featured_media":0,"parent":0,"menu_order":0,"comment_status":"closed","ping_status":"closed","template":"","meta":{"footnotes":""},"class_list":["post-85","page","type-page","status-publish","hentry"],"yoast_head":"<!-- This site is optimized with the Yoast SEO plugin v25.3.1 - https:\/\/yoast.com\/wordpress\/plugins\/seo\/ -->\n<title>\u00dcber mich - Viktoria in Indien<\/title>\n<meta name=\"robots\" content=\"index, follow, max-snippet:-1, max-image-preview:large, max-video-preview:-1\" \/>\n<link rel=\"canonical\" href=\"https:\/\/blogs.donboscovolunteers.de\/viktoriainindien\/ueber-mich\/\" \/>\n<meta property=\"og:locale\" content=\"de_DE\" \/>\n<meta property=\"og:type\" content=\"article\" \/>\n<meta property=\"og:title\" content=\"\u00dcber mich - Viktoria in Indien\" \/>\n<meta property=\"og:description\" content=\"Hallihallo! Mein Name ist Viktoria Gro\u00df, ich bin 20 Jahre alt und Volunteer in Devadurga, Indien. Nachdem ich dieses Jahr mein Abitur abgeschlossen habe, war es nun Zeit f\u00fcr ein neues Kapitel in meinem Leben. Deswegen ging es f\u00fcr mich Ende September nach Indien, um dort in einem sozialen Projekt f\u00fcr Kinder und Jugendliche mitzuarbeiten. [&hellip;]\" \/>\n<meta property=\"og:url\" content=\"https:\/\/blogs.donboscovolunteers.de\/viktoriainindien\/ueber-mich\/\" \/>\n<meta property=\"og:site_name\" content=\"Viktoria in Indien\" \/>\n<meta property=\"article:modified_time\" content=\"2024-05-31T04:37:51+00:00\" \/>\n<meta property=\"og:image\" content=\"https:\/\/blogs.donboscovolunteers.de\/viktoriainindien\/wp-content\/uploads\/sites\/21694\/2024\/05\/me-576x1024.jpg\" \/>\n<meta name=\"twitter:card\" content=\"summary_large_image\" \/>\n<meta name=\"twitter:label1\" content=\"Gesch\u00e4tzte Lesezeit\" \/>\n\t<meta name=\"twitter:data1\" content=\"2\u00a0Minuten\" \/>\n<script type=\"application\/ld+json\" class=\"yoast-schema-graph\">{\"@context\":\"https:\/\/schema.org\",\"@graph\":[{\"@type\":\"WebPage\",\"@id\":\"https:\/\/blogs.donboscovolunteers.de\/viktoriainindien\/ueber-mich\/\",\"url\":\"https:\/\/blogs.donboscovolunteers.de\/viktoriainindien\/ueber-mich\/\",\"name\":\"\u00dcber mich - Viktoria in Indien\",\"isPartOf\":{\"@id\":\"https:\/\/blogs.donboscovolunteers.de\/viktoriainindien\/#website\"},\"primaryImageOfPage\":{\"@id\":\"https:\/\/blogs.donboscovolunteers.de\/viktoriainindien\/ueber-mich\/#primaryimage\"},\"image\":{\"@id\":\"https:\/\/blogs.donboscovolunteers.de\/viktoriainindien\/ueber-mich\/#primaryimage\"},\"thumbnailUrl\":\"https:\/\/blogs.donboscovolunteers.de\/viktoriainindien\/wp-content\/uploads\/sites\/21694\/2024\/05\/me-576x1024.jpg\",\"datePublished\":\"2023-10-16T14:14:27+00:00\",\"dateModified\":\"2024-05-31T04:37:51+00:00\",\"breadcrumb\":{\"@id\":\"https:\/\/blogs.donboscovolunteers.de\/viktoriainindien\/ueber-mich\/#breadcrumb\"},\"inLanguage\":\"de\",\"potentialAction\":[{\"@type\":\"ReadAction\",\"target\":[\"https:\/\/blogs.donboscovolunteers.de\/viktoriainindien\/ueber-mich\/\"]}]},{\"@type\":\"ImageObject\",\"inLanguage\":\"de\",\"@id\":\"https:\/\/blogs.donboscovolunteers.de\/viktoriainindien\/ueber-mich\/#primaryimage\",\"url\":\"https:\/\/blogs.donboscovolunteers.de\/viktoriainindien\/wp-content\/uploads\/sites\/21694\/2024\/05\/me.jpg\",\"contentUrl\":\"https:\/\/blogs.donboscovolunteers.de\/viktoriainindien\/wp-content\/uploads\/sites\/21694\/2024\/05\/me.jpg\",\"width\":720,\"height\":1280,\"caption\":\"Ich in Saree mit Bindi auf der Stirn und Blumen im Haar\"},{\"@type\":\"BreadcrumbList\",\"@id\":\"https:\/\/blogs.donboscovolunteers.de\/viktoriainindien\/ueber-mich\/#breadcrumb\",\"itemListElement\":[{\"@type\":\"ListItem\",\"position\":1,\"name\":\"Startseite\",\"item\":\"https:\/\/blogs.donboscovolunteers.de\/viktoriainindien\/\"},{\"@type\":\"ListItem\",\"position\":2,\"name\":\"\u00dcber mich\"}]},{\"@type\":\"WebSite\",\"@id\":\"https:\/\/blogs.donboscovolunteers.de\/viktoriainindien\/#website\",\"url\":\"https:\/\/blogs.donboscovolunteers.de\/viktoriainindien\/\",\"name\":\"Viktoria in Indien\",\"description\":\"\",\"potentialAction\":[{\"@type\":\"SearchAction\",\"target\":{\"@type\":\"EntryPoint\",\"urlTemplate\":\"https:\/\/blogs.donboscovolunteers.de\/viktoriainindien\/?s={search_term_string}\"},\"query-input\":{\"@type\":\"PropertyValueSpecification\",\"valueRequired\":true,\"valueName\":\"search_term_string\"}}],\"inLanguage\":\"de\"}]}<\/script>\n<!-- \/ Yoast SEO plugin. -->","yoast_head_json":{"title":"\u00dcber mich - Viktoria in Indien","robots":{"index":"index","follow":"follow","max-snippet":"max-snippet:-1","max-image-preview":"max-image-preview:large","max-video-preview":"max-video-preview:-1"},"canonical":"https:\/\/blogs.donboscovolunteers.de\/viktoriainindien\/ueber-mich\/","og_locale":"de_DE","og_type":"article","og_title":"\u00dcber mich - Viktoria in Indien","og_description":"Hallihallo! Mein Name ist Viktoria Gro\u00df, ich bin 20 Jahre alt und Volunteer in Devadurga, Indien. Nachdem ich dieses Jahr mein Abitur abgeschlossen habe, war es nun Zeit f\u00fcr ein neues Kapitel in meinem Leben. Deswegen ging es f\u00fcr mich Ende September nach Indien, um dort in einem sozialen Projekt f\u00fcr Kinder und Jugendliche mitzuarbeiten. [&hellip;]","og_url":"https:\/\/blogs.donboscovolunteers.de\/viktoriainindien\/ueber-mich\/","og_site_name":"Viktoria in Indien","article_modified_time":"2024-05-31T04:37:51+00:00","og_image":[{"url":"https:\/\/blogs.donboscovolunteers.de\/viktoriainindien\/wp-content\/uploads\/sites\/21694\/2024\/05\/me-576x1024.jpg","type":"","width":"","height":""}],"twitter_card":"summary_large_image","twitter_misc":{"Gesch\u00e4tzte Lesezeit":"2\u00a0Minuten"},"schema":{"@context":"https:\/\/schema.org","@graph":[{"@type":"WebPage","@id":"https:\/\/blogs.donboscovolunteers.de\/viktoriainindien\/ueber-mich\/","url":"https:\/\/blogs.donboscovolunteers.de\/viktoriainindien\/ueber-mich\/","name":"\u00dcber mich - Viktoria in Indien","isPartOf":{"@id":"https:\/\/blogs.donboscovolunteers.de\/viktoriainindien\/#website"},"primaryImageOfPage":{"@id":"https:\/\/blogs.donboscovolunteers.de\/viktoriainindien\/ueber-mich\/#primaryimage"},"image":{"@id":"https:\/\/blogs.donboscovolunteers.de\/viktoriainindien\/ueber-mich\/#primaryimage"},"thumbnailUrl":"https:\/\/blogs.donboscovolunteers.de\/viktoriainindien\/wp-content\/uploads\/sites\/21694\/2024\/05\/me-576x1024.jpg","datePublished":"2023-10-16T14:14:27+00:00","dateModified":"2024-05-31T04:37:51+00:00","breadcrumb":{"@id":"https:\/\/blogs.donboscovolunteers.de\/viktoriainindien\/ueber-mich\/#breadcrumb"},"inLanguage":"de","potentialAction":[{"@type":"ReadAction","target":["https:\/\/blogs.donboscovolunteers.de\/viktoriainindien\/ueber-mich\/"]}]},{"@type":"ImageObject","inLanguage":"de","@id":"https:\/\/blogs.donboscovolunteers.de\/viktoriainindien\/ueber-mich\/#primaryimage","url":"https:\/\/blogs.donboscovolunteers.de\/viktoriainindien\/wp-content\/uploads\/sites\/21694\/2024\/05\/me.jpg","contentUrl":"https:\/\/blogs.donboscovolunteers.de\/viktoriainindien\/wp-content\/uploads\/sites\/21694\/2024\/05\/me.jpg","width":720,"height":1280,"caption":"Ich in Saree mit Bindi auf der Stirn und Blumen im Haar"},{"@type":"BreadcrumbList","@id":"https:\/\/blogs.donboscovolunteers.de\/viktoriainindien\/ueber-mich\/#breadcrumb","itemListElement":[{"@type":"ListItem","position":1,"name":"Startseite","item":"https:\/\/blogs.donboscovolunteers.de\/viktoriainindien\/"},{"@type":"ListItem","position":2,"name":"\u00dcber mich"}]},{"@type":"WebSite","@id":"https:\/\/blogs.donboscovolunteers.de\/viktoriainindien\/#website","url":"https:\/\/blogs.donboscovolunteers.de\/viktoriainindien\/","name":"Viktoria in Indien","description":"","potentialAction":[{"@type":"SearchAction","target":{"@type":"EntryPoint","urlTemplate":"https:\/\/blogs.donboscovolunteers.de\/viktoriainindien\/?s={search_term_string}"},"query-input":{"@type":"PropertyValueSpecification","valueRequired":true,"valueName":"search_term_string"}}],"inLanguage":"de"}]}},"_links":{"self":[{"href":"https:\/\/blogs.donboscovolunteers.de\/viktoriainindien\/wp-json\/wp\/v2\/pages\/85","targetHints":{"allow":["GET"]}}],"collection":[{"href":"https:\/\/blogs.donboscovolunteers.de\/viktoriainindien\/wp-json\/wp\/v2\/pages"}],"about":[{"href":"https:\/\/blogs.donboscovolunteers.de\/viktoriainindien\/wp-json\/wp\/v2\/types\/page"}],"author":[{"embeddable":true,"href":"https:\/\/blogs.donboscovolunteers.de\/viktoriainindien\/wp-json\/wp\/v2\/users\/21809"}],"replies":[{"embeddable":true,"href":"https:\/\/blogs.donboscovolunteers.de\/viktoriainindien\/wp-json\/wp\/v2\/comments?post=85"}],"version-history":[{"count":3,"href":"https:\/\/blogs.donboscovolunteers.de\/viktoriainindien\/wp-json\/wp\/v2\/pages\/85\/revisions"}],"predecessor-version":[{"id":309,"href":"https:\/\/blogs.donboscovolunteers.de\/viktoriainindien\/wp-json\/wp\/v2\/pages\/85\/revisions\/309"}],"wp:attachment":[{"href":"https:\/\/blogs.donboscovolunteers.de\/viktoriainindien\/wp-json\/wp\/v2\/media?parent=85"}],"curies":[{"name":"wp","href":"https:\/\/api.w.org\/{rel}","templated":true}]}}