{"id":3,"date":"2025-04-17T12:31:56","date_gmt":"2025-04-17T10:31:56","guid":{"rendered":"https:\/\/blogs.donboscovolunteers.de\/vijayawada\/about\/"},"modified":"2025-11-22T20:35:50","modified_gmt":"2025-11-22T19:35:50","slug":"about","status":"publish","type":"page","link":"https:\/\/blogs.donboscovolunteers.de\/vijayawada\/about\/","title":{"rendered":"\u00dcber mich"},"content":{"rendered":"<p>Hello there \ud83d\ude09<\/p>\n\n\n\n<p>Ich hei\u00dfe Anton Legutke bin 18 Jahre alt.<\/p>\n\n\n\n<p>Lebe Momentan in einer Wg mit meinen Mitvolos Jette, Lele und Marlene in Vijayawada<\/p>\n\n\n\n<p>M\u00fccken sind nervig <\/p>\n\n\n<p>Der Inhalt der \u00dcber mich Seite<\/p>\n\n\n<p><\/p>","protected":false},"excerpt":{"rendered":"<p>Hello there \ud83d\ude09 Ich hei\u00dfe Anton Legutke bin 18 Jahre alt. Lebe Momentan in einer Wg mit meinen Mitvolos Jette, Lele und Marlene in Vijayawada M\u00fccken sind nervig Der Inhalt der \u00dcber mich Seite<\/p>\n","protected":false},"author":1,"featured_media":0,"parent":0,"menu_order":1,"comment_status":"closed","ping_status":"closed","template":"","meta":{"footnotes":""},"class_list":["post-3","page","type-page","status-publish","hentry"],"yoast_head":"<!-- This site is optimized with the Yoast SEO plugin v25.3.1 - https:\/\/yoast.com\/wordpress\/plugins\/seo\/ -->\n<title>\u00dcber mich - Eine Nummer zu gro\u00df f\u00fcr Indien ;)<\/title>\n<meta name=\"robots\" content=\"index, follow, max-snippet:-1, max-image-preview:large, max-video-preview:-1\" \/>\n<link rel=\"canonical\" href=\"https:\/\/blogs.donboscovolunteers.de\/vijayawada\/about\/\" \/>\n<meta property=\"og:locale\" content=\"de_DE\" \/>\n<meta property=\"og:type\" content=\"article\" \/>\n<meta property=\"og:title\" content=\"\u00dcber mich - Eine Nummer zu gro\u00df f\u00fcr Indien ;)\" \/>\n<meta property=\"og:description\" content=\"Hello there \ud83d\ude09 Ich hei\u00dfe Anton Legutke bin 18 Jahre alt. Lebe Momentan in einer Wg mit meinen Mitvolos Jette, Lele und Marlene in Vijayawada M\u00fccken sind nervig Der Inhalt der \u00dcber mich Seite\" \/>\n<meta property=\"og:url\" content=\"https:\/\/blogs.donboscovolunteers.de\/vijayawada\/about\/\" \/>\n<meta property=\"og:site_name\" content=\"Eine Nummer zu gro\u00df f\u00fcr Indien ;)\" \/>\n<meta property=\"article:modified_time\" content=\"2025-11-22T19:35:50+00:00\" \/>\n<meta name=\"twitter:card\" content=\"summary_large_image\" \/>\n<meta name=\"twitter:label1\" content=\"Gesch\u00e4tzte Lesezeit\" \/>\n\t<meta name=\"twitter:data1\" content=\"1\u00a0Minute\" \/>\n<script type=\"application\/ld+json\" class=\"yoast-schema-graph\">{\"@context\":\"https:\/\/schema.org\",\"@graph\":[{\"@type\":\"WebPage\",\"@id\":\"https:\/\/blogs.donboscovolunteers.de\/vijayawada\/about\/\",\"url\":\"https:\/\/blogs.donboscovolunteers.de\/vijayawada\/about\/\",\"name\":\"\u00dcber mich - Eine Nummer zu gro\u00df f\u00fcr Indien ;)\",\"isPartOf\":{\"@id\":\"https:\/\/blogs.donboscovolunteers.de\/vijayawada\/#website\"},\"datePublished\":\"2025-04-17T10:31:56+00:00\",\"dateModified\":\"2025-11-22T19:35:50+00:00\",\"breadcrumb\":{\"@id\":\"https:\/\/blogs.donboscovolunteers.de\/vijayawada\/about\/#breadcrumb\"},\"inLanguage\":\"de\",\"potentialAction\":[{\"@type\":\"ReadAction\",\"target\":[\"https:\/\/blogs.donboscovolunteers.de\/vijayawada\/about\/\"]}]},{\"@type\":\"BreadcrumbList\",\"@id\":\"https:\/\/blogs.donboscovolunteers.de\/vijayawada\/about\/#breadcrumb\",\"itemListElement\":[{\"@type\":\"ListItem\",\"position\":1,\"name\":\"Startseite\",\"item\":\"https:\/\/blogs.donboscovolunteers.de\/vijayawada\/\"},{\"@type\":\"ListItem\",\"position\":2,\"name\":\"\u00dcber mich\"}]},{\"@type\":\"WebSite\",\"@id\":\"https:\/\/blogs.donboscovolunteers.de\/vijayawada\/#website\",\"url\":\"https:\/\/blogs.donboscovolunteers.de\/vijayawada\/\",\"name\":\"Eine Nummer zu gro\u00df f\u00fcr Indien ;)\",\"description\":\"Lebenszeichen von Anton aus Vijayawada, Indien\",\"potentialAction\":[{\"@type\":\"SearchAction\",\"target\":{\"@type\":\"EntryPoint\",\"urlTemplate\":\"https:\/\/blogs.donboscovolunteers.de\/vijayawada\/?s={search_term_string}\"},\"query-input\":{\"@type\":\"PropertyValueSpecification\",\"valueRequired\":true,\"valueName\":\"search_term_string\"}}],\"inLanguage\":\"de\"}]}<\/script>\n<!-- \/ Yoast SEO plugin. -->","yoast_head_json":{"title":"\u00dcber mich - Eine Nummer zu gro\u00df f\u00fcr Indien ;)","robots":{"index":"index","follow":"follow","max-snippet":"max-snippet:-1","max-image-preview":"max-image-preview:large","max-video-preview":"max-video-preview:-1"},"canonical":"https:\/\/blogs.donboscovolunteers.de\/vijayawada\/about\/","og_locale":"de_DE","og_type":"article","og_title":"\u00dcber mich - Eine Nummer zu gro\u00df f\u00fcr Indien ;)","og_description":"Hello there \ud83d\ude09 Ich hei\u00dfe Anton Legutke bin 18 Jahre alt. Lebe Momentan in einer Wg mit meinen Mitvolos Jette, Lele und Marlene in Vijayawada M\u00fccken sind nervig Der Inhalt der \u00dcber mich Seite","og_url":"https:\/\/blogs.donboscovolunteers.de\/vijayawada\/about\/","og_site_name":"Eine Nummer zu gro\u00df f\u00fcr Indien ;)","article_modified_time":"2025-11-22T19:35:50+00:00","twitter_card":"summary_large_image","twitter_misc":{"Gesch\u00e4tzte Lesezeit":"1\u00a0Minute"},"schema":{"@context":"https:\/\/schema.org","@graph":[{"@type":"WebPage","@id":"https:\/\/blogs.donboscovolunteers.de\/vijayawada\/about\/","url":"https:\/\/blogs.donboscovolunteers.de\/vijayawada\/about\/","name":"\u00dcber mich - Eine Nummer zu gro\u00df f\u00fcr Indien ;)","isPartOf":{"@id":"https:\/\/blogs.donboscovolunteers.de\/vijayawada\/#website"},"datePublished":"2025-04-17T10:31:56+00:00","dateModified":"2025-11-22T19:35:50+00:00","breadcrumb":{"@id":"https:\/\/blogs.donboscovolunteers.de\/vijayawada\/about\/#breadcrumb"},"inLanguage":"de","potentialAction":[{"@type":"ReadAction","target":["https:\/\/blogs.donboscovolunteers.de\/vijayawada\/about\/"]}]},{"@type":"BreadcrumbList","@id":"https:\/\/blogs.donboscovolunteers.de\/vijayawada\/about\/#breadcrumb","itemListElement":[{"@type":"ListItem","position":1,"name":"Startseite","item":"https:\/\/blogs.donboscovolunteers.de\/vijayawada\/"},{"@type":"ListItem","position":2,"name":"\u00dcber mich"}]},{"@type":"WebSite","@id":"https:\/\/blogs.donboscovolunteers.de\/vijayawada\/#website","url":"https:\/\/blogs.donboscovolunteers.de\/vijayawada\/","name":"Eine Nummer zu gro\u00df f\u00fcr Indien ;)","description":"Lebenszeichen von Anton aus Vijayawada, Indien","potentialAction":[{"@type":"SearchAction","target":{"@type":"EntryPoint","urlTemplate":"https:\/\/blogs.donboscovolunteers.de\/vijayawada\/?s={search_term_string}"},"query-input":{"@type":"PropertyValueSpecification","valueRequired":true,"valueName":"search_term_string"}}],"inLanguage":"de"}]}},"_links":{"self":[{"href":"https:\/\/blogs.donboscovolunteers.de\/vijayawada\/wp-json\/wp\/v2\/pages\/3","targetHints":{"allow":["GET"]}}],"collection":[{"href":"https:\/\/blogs.donboscovolunteers.de\/vijayawada\/wp-json\/wp\/v2\/pages"}],"about":[{"href":"https:\/\/blogs.donboscovolunteers.de\/vijayawada\/wp-json\/wp\/v2\/types\/page"}],"author":[{"embeddable":true,"href":"https:\/\/blogs.donboscovolunteers.de\/vijayawada\/wp-json\/wp\/v2\/users\/1"}],"replies":[{"embeddable":true,"href":"https:\/\/blogs.donboscovolunteers.de\/vijayawada\/wp-json\/wp\/v2\/comments?post=3"}],"version-history":[{"count":1,"href":"https:\/\/blogs.donboscovolunteers.de\/vijayawada\/wp-json\/wp\/v2\/pages\/3\/revisions"}],"predecessor-version":[{"id":26,"href":"https:\/\/blogs.donboscovolunteers.de\/vijayawada\/wp-json\/wp\/v2\/pages\/3\/revisions\/26"}],"wp:attachment":[{"href":"https:\/\/blogs.donboscovolunteers.de\/vijayawada\/wp-json\/wp\/v2\/media?parent=3"}],"curies":[{"name":"wp","href":"https:\/\/api.w.org\/{rel}","templated":true}]}}