{"id":3,"date":"2025-07-22T16:50:36","date_gmt":"2025-07-22T14:50:36","guid":{"rendered":"https:\/\/blogs.donboscovolunteers.de\/vicky-wills-wissen\/about\/"},"modified":"2025-10-23T21:05:59","modified_gmt":"2025-10-23T19:05:59","slug":"about","status":"publish","type":"page","link":"https:\/\/blogs.donboscovolunteers.de\/vicky-wills-wissen\/about\/","title":{"rendered":"\u00dcber mich"},"content":{"rendered":"<h3>Herzlich Willkommen auf meiner Blog-Seite<\/h3>\n<p>Servus, ich bin Victor! <img loading=\"lazy\" decoding=\"async\" class=\"alignright wp-image-13\" src=\"https:\/\/blogs.donboscovolunteers.de\/vicky-wills-wissen\/wp-content\/uploads\/sites\/21768\/2025\/10\/2025-07-31-12-10-41-300x291.jpeg\" alt=\"\" width=\"236\" height=\"229\" srcset=\"https:\/\/blogs.donboscovolunteers.de\/vicky-wills-wissen\/wp-content\/uploads\/sites\/21768\/2025\/10\/2025-07-31-12-10-41-300x291.jpeg 300w, https:\/\/blogs.donboscovolunteers.de\/vicky-wills-wissen\/wp-content\/uploads\/sites\/21768\/2025\/10\/2025-07-31-12-10-41-1024x992.jpeg 1024w, https:\/\/blogs.donboscovolunteers.de\/vicky-wills-wissen\/wp-content\/uploads\/sites\/21768\/2025\/10\/2025-07-31-12-10-41-768x744.jpeg 768w, https:\/\/blogs.donboscovolunteers.de\/vicky-wills-wissen\/wp-content\/uploads\/sites\/21768\/2025\/10\/2025-07-31-12-10-41-900x872.jpeg 900w, https:\/\/blogs.donboscovolunteers.de\/vicky-wills-wissen\/wp-content\/uploads\/sites\/21768\/2025\/10\/2025-07-31-12-10-41.jpeg 1280w\" sizes=\"auto, (max-width: 236px) 100vw, 236px\" \/><\/p>\n<p>Ich bin momentan 18 Jahre alt und habe im Juli frisch mein Abitur absolviert. Nun hat mein einj\u00e4hriger &#8222;Weltw\u00e4rts&#8220; &#8211; <a href=\"https:\/\/www.donboscovolunteers.de\/\">Freiwilligendienst<\/a> in <a href=\"https:\/\/multimedia.strassenkinder.de\/bolivien\">Bolivien<\/a> seit September 2025 begonnen. Somit verlasse ich mein kleines Dorf, um einen neuen Lebensabschnitt in Bolivien <a href=\"https:\/\/strassenkinder.de\/laender\/lateinamerika\/bolivien-strassenkinderzentrum\/\">Santa Cruz<\/a> de la Sierra zu starten.<br \/>\nWenn du diese Auslandsaufenthalt miterleben willst kannst du gerne ab und zu diesen Blog oder meinen Instagram-Account @vivavickyenbolivia verfolgen !<\/p>\n<h3>Noch ein paar Worte zu mir an die Menschen die mich (noch) nicht kennen<\/h3>\n<p>Mein Name ist Victor und ich komme aus dem kleinen Dorf namens M\u00fcnchweier\u00a0 bei Freiburg. Freunde beschreiben mich als hilfsbereit, zuverl\u00e4ssig und kreativ \u2013 Eigenschaften, die ich auch bisher in meinem sozialen Engagement einbringen konnte. 2025 habe ich mein Abitur mit den Leistungskursen Spanisch, Sport und Deutsch abgeschlossen. Besonders Spanisch hat es mir angetan, da die Sprache nicht nur in Spanien, sondern auch in weiten Teilen S\u00fcdamerikas gesprochen wird. Daraus entstand der Wunsch, einen einj\u00e4hrigen Freiwilligendienst in einem spanischsprachigen Land zu machen. So fiel mein Los schlie\u00dflich auf Santa Cruz, eine Millionenstadt in Bolivien.<\/p>\n<p>Und jetzt bin ich Hier \ud83d\ude42<\/p>\n<h3><\/h3>\n<p>&nbsp;<\/p>\n<p>&nbsp;<\/p>\n<p>&nbsp;<\/p>\n<p>&nbsp;<\/p>\n","protected":false},"excerpt":{"rendered":"<p>Herzlich Willkommen auf meiner Blog-Seite Servus, ich bin Victor! Ich bin momentan 18 Jahre alt und habe im Juli frisch mein Abitur absolviert. Nun hat mein einj\u00e4hriger &#8222;Weltw\u00e4rts&#8220; &#8211; <a href=\"https:\/\/www.donboscovolunteers.de\/\">Freiwilligendienst<\/a> in <a href=\"https:\/\/multimedia.strassenkinder.de\/bolivien\">Bolivien<\/a> seit September 2025 begonnen. Somit verlasse ich mein kleines Dorf, um einen neuen Lebensabschnitt in Bolivien <a href=\"https:\/\/strassenkinder.de\/laender\/lateinamerika\/bolivien-strassenkinderzentrum\/\">Santa Cruz<\/a> de la Sierra zu starten. [&hellip;]<\/p>\n","protected":false},"author":1,"featured_media":0,"parent":0,"menu_order":1,"comment_status":"closed","ping_status":"closed","template":"","meta":{"footnotes":""},"class_list":["post-3","page","type-page","status-publish","hentry"],"yoast_head":"<!-- This site is optimized with the Yoast SEO plugin v25.3.1 - https:\/\/yoast.com\/wordpress\/plugins\/seo\/ -->\n<title>\u00dcber mich - Vicky wills Wissen - auf der Reise nach Bolivien<\/title>\n<meta name=\"robots\" content=\"index, follow, max-snippet:-1, max-image-preview:large, max-video-preview:-1\" \/>\n<link rel=\"canonical\" href=\"https:\/\/blogs.donboscovolunteers.de\/vicky-wills-wissen\/about\/\" \/>\n<meta property=\"og:locale\" content=\"de_DE\" \/>\n<meta property=\"og:type\" content=\"article\" \/>\n<meta property=\"og:title\" content=\"\u00dcber mich - Vicky wills Wissen - auf der Reise nach Bolivien\" \/>\n<meta property=\"og:description\" content=\"Herzlich Willkommen auf meiner Blog-Seite Servus, ich bin Victor! Ich bin momentan 18 Jahre alt und habe im Juli frisch mein Abitur absolviert. Nun hat mein einj\u00e4hriger &#8222;Weltw\u00e4rts&#8220; &#8211; Freiwilligendienst in Bolivien seit September 2025 begonnen. Somit verlasse ich mein kleines Dorf, um einen neuen Lebensabschnitt in Bolivien Santa Cruz de la Sierra zu starten. [&hellip;]\" \/>\n<meta property=\"og:url\" content=\"https:\/\/blogs.donboscovolunteers.de\/vicky-wills-wissen\/about\/\" \/>\n<meta property=\"og:site_name\" content=\"Vicky wills Wissen - auf der Reise nach Bolivien\" \/>\n<meta property=\"article:modified_time\" content=\"2025-10-23T19:05:59+00:00\" \/>\n<meta property=\"og:image\" content=\"https:\/\/blogs.donboscovolunteers.de\/vicky-wills-wissen\/wp-content\/uploads\/sites\/21768\/2025\/10\/2025-07-31-12-10-41.jpeg\" \/>\n\t<meta property=\"og:image:width\" content=\"1280\" \/>\n\t<meta property=\"og:image:height\" content=\"1240\" \/>\n\t<meta property=\"og:image:type\" content=\"image\/jpeg\" \/>\n<meta name=\"twitter:card\" content=\"summary_large_image\" \/>\n<meta name=\"twitter:label1\" content=\"Gesch\u00e4tzte Lesezeit\" \/>\n\t<meta name=\"twitter:data1\" content=\"2\u00a0Minuten\" \/>\n<script type=\"application\/ld+json\" class=\"yoast-schema-graph\">{\"@context\":\"https:\/\/schema.org\",\"@graph\":[{\"@type\":\"WebPage\",\"@id\":\"https:\/\/blogs.donboscovolunteers.de\/vicky-wills-wissen\/about\/\",\"url\":\"https:\/\/blogs.donboscovolunteers.de\/vicky-wills-wissen\/about\/\",\"name\":\"\u00dcber mich - Vicky wills Wissen - auf der Reise nach Bolivien\",\"isPartOf\":{\"@id\":\"https:\/\/blogs.donboscovolunteers.de\/vicky-wills-wissen\/#website\"},\"primaryImageOfPage\":{\"@id\":\"https:\/\/blogs.donboscovolunteers.de\/vicky-wills-wissen\/about\/#primaryimage\"},\"image\":{\"@id\":\"https:\/\/blogs.donboscovolunteers.de\/vicky-wills-wissen\/about\/#primaryimage\"},\"thumbnailUrl\":\"https:\/\/blogs.donboscovolunteers.de\/vicky-wills-wissen\/wp-content\/uploads\/sites\/21768\/2025\/10\/2025-07-31-12-10-41-300x291.jpeg\",\"datePublished\":\"2025-07-22T14:50:36+00:00\",\"dateModified\":\"2025-10-23T19:05:59+00:00\",\"breadcrumb\":{\"@id\":\"https:\/\/blogs.donboscovolunteers.de\/vicky-wills-wissen\/about\/#breadcrumb\"},\"inLanguage\":\"de\",\"potentialAction\":[{\"@type\":\"ReadAction\",\"target\":[\"https:\/\/blogs.donboscovolunteers.de\/vicky-wills-wissen\/about\/\"]}]},{\"@type\":\"ImageObject\",\"inLanguage\":\"de\",\"@id\":\"https:\/\/blogs.donboscovolunteers.de\/vicky-wills-wissen\/about\/#primaryimage\",\"url\":\"https:\/\/blogs.donboscovolunteers.de\/vicky-wills-wissen\/wp-content\/uploads\/sites\/21768\/2025\/10\/2025-07-31-12-10-41.jpeg\",\"contentUrl\":\"https:\/\/blogs.donboscovolunteers.de\/vicky-wills-wissen\/wp-content\/uploads\/sites\/21768\/2025\/10\/2025-07-31-12-10-41.jpeg\",\"width\":1280,\"height\":1240},{\"@type\":\"BreadcrumbList\",\"@id\":\"https:\/\/blogs.donboscovolunteers.de\/vicky-wills-wissen\/about\/#breadcrumb\",\"itemListElement\":[{\"@type\":\"ListItem\",\"position\":1,\"name\":\"Startseite\",\"item\":\"https:\/\/blogs.donboscovolunteers.de\/vicky-wills-wissen\/\"},{\"@type\":\"ListItem\",\"position\":2,\"name\":\"\u00dcber mich\"}]},{\"@type\":\"WebSite\",\"@id\":\"https:\/\/blogs.donboscovolunteers.de\/vicky-wills-wissen\/#website\",\"url\":\"https:\/\/blogs.donboscovolunteers.de\/vicky-wills-wissen\/\",\"name\":\"Vicky wills Wissen - auf der Reise nach Bolivien\",\"description\":\"\",\"potentialAction\":[{\"@type\":\"SearchAction\",\"target\":{\"@type\":\"EntryPoint\",\"urlTemplate\":\"https:\/\/blogs.donboscovolunteers.de\/vicky-wills-wissen\/?s={search_term_string}\"},\"query-input\":{\"@type\":\"PropertyValueSpecification\",\"valueRequired\":true,\"valueName\":\"search_term_string\"}}],\"inLanguage\":\"de\"}]}<\/script>\n<!-- \/ Yoast SEO plugin. -->","yoast_head_json":{"title":"\u00dcber mich - Vicky wills Wissen - auf der Reise nach Bolivien","robots":{"index":"index","follow":"follow","max-snippet":"max-snippet:-1","max-image-preview":"max-image-preview:large","max-video-preview":"max-video-preview:-1"},"canonical":"https:\/\/blogs.donboscovolunteers.de\/vicky-wills-wissen\/about\/","og_locale":"de_DE","og_type":"article","og_title":"\u00dcber mich - Vicky wills Wissen - auf der Reise nach Bolivien","og_description":"Herzlich Willkommen auf meiner Blog-Seite Servus, ich bin Victor! Ich bin momentan 18 Jahre alt und habe im Juli frisch mein Abitur absolviert. Nun hat mein einj\u00e4hriger &#8222;Weltw\u00e4rts&#8220; &#8211; Freiwilligendienst in Bolivien seit September 2025 begonnen. Somit verlasse ich mein kleines Dorf, um einen neuen Lebensabschnitt in Bolivien Santa Cruz de la Sierra zu starten. [&hellip;]","og_url":"https:\/\/blogs.donboscovolunteers.de\/vicky-wills-wissen\/about\/","og_site_name":"Vicky wills Wissen - auf der Reise nach Bolivien","article_modified_time":"2025-10-23T19:05:59+00:00","og_image":[{"width":1280,"height":1240,"url":"https:\/\/blogs.donboscovolunteers.de\/vicky-wills-wissen\/wp-content\/uploads\/sites\/21768\/2025\/10\/2025-07-31-12-10-41.jpeg","type":"image\/jpeg"}],"twitter_card":"summary_large_image","twitter_misc":{"Gesch\u00e4tzte Lesezeit":"2\u00a0Minuten"},"schema":{"@context":"https:\/\/schema.org","@graph":[{"@type":"WebPage","@id":"https:\/\/blogs.donboscovolunteers.de\/vicky-wills-wissen\/about\/","url":"https:\/\/blogs.donboscovolunteers.de\/vicky-wills-wissen\/about\/","name":"\u00dcber mich - Vicky wills Wissen - auf der Reise nach Bolivien","isPartOf":{"@id":"https:\/\/blogs.donboscovolunteers.de\/vicky-wills-wissen\/#website"},"primaryImageOfPage":{"@id":"https:\/\/blogs.donboscovolunteers.de\/vicky-wills-wissen\/about\/#primaryimage"},"image":{"@id":"https:\/\/blogs.donboscovolunteers.de\/vicky-wills-wissen\/about\/#primaryimage"},"thumbnailUrl":"https:\/\/blogs.donboscovolunteers.de\/vicky-wills-wissen\/wp-content\/uploads\/sites\/21768\/2025\/10\/2025-07-31-12-10-41-300x291.jpeg","datePublished":"2025-07-22T14:50:36+00:00","dateModified":"2025-10-23T19:05:59+00:00","breadcrumb":{"@id":"https:\/\/blogs.donboscovolunteers.de\/vicky-wills-wissen\/about\/#breadcrumb"},"inLanguage":"de","potentialAction":[{"@type":"ReadAction","target":["https:\/\/blogs.donboscovolunteers.de\/vicky-wills-wissen\/about\/"]}]},{"@type":"ImageObject","inLanguage":"de","@id":"https:\/\/blogs.donboscovolunteers.de\/vicky-wills-wissen\/about\/#primaryimage","url":"https:\/\/blogs.donboscovolunteers.de\/vicky-wills-wissen\/wp-content\/uploads\/sites\/21768\/2025\/10\/2025-07-31-12-10-41.jpeg","contentUrl":"https:\/\/blogs.donboscovolunteers.de\/vicky-wills-wissen\/wp-content\/uploads\/sites\/21768\/2025\/10\/2025-07-31-12-10-41.jpeg","width":1280,"height":1240},{"@type":"BreadcrumbList","@id":"https:\/\/blogs.donboscovolunteers.de\/vicky-wills-wissen\/about\/#breadcrumb","itemListElement":[{"@type":"ListItem","position":1,"name":"Startseite","item":"https:\/\/blogs.donboscovolunteers.de\/vicky-wills-wissen\/"},{"@type":"ListItem","position":2,"name":"\u00dcber mich"}]},{"@type":"WebSite","@id":"https:\/\/blogs.donboscovolunteers.de\/vicky-wills-wissen\/#website","url":"https:\/\/blogs.donboscovolunteers.de\/vicky-wills-wissen\/","name":"Vicky wills Wissen - auf der Reise nach Bolivien","description":"","potentialAction":[{"@type":"SearchAction","target":{"@type":"EntryPoint","urlTemplate":"https:\/\/blogs.donboscovolunteers.de\/vicky-wills-wissen\/?s={search_term_string}"},"query-input":{"@type":"PropertyValueSpecification","valueRequired":true,"valueName":"search_term_string"}}],"inLanguage":"de"}]}},"_links":{"self":[{"href":"https:\/\/blogs.donboscovolunteers.de\/vicky-wills-wissen\/wp-json\/wp\/v2\/pages\/3","targetHints":{"allow":["GET"]}}],"collection":[{"href":"https:\/\/blogs.donboscovolunteers.de\/vicky-wills-wissen\/wp-json\/wp\/v2\/pages"}],"about":[{"href":"https:\/\/blogs.donboscovolunteers.de\/vicky-wills-wissen\/wp-json\/wp\/v2\/types\/page"}],"author":[{"embeddable":true,"href":"https:\/\/blogs.donboscovolunteers.de\/vicky-wills-wissen\/wp-json\/wp\/v2\/users\/1"}],"replies":[{"embeddable":true,"href":"https:\/\/blogs.donboscovolunteers.de\/vicky-wills-wissen\/wp-json\/wp\/v2\/comments?post=3"}],"version-history":[{"count":7,"href":"https:\/\/blogs.donboscovolunteers.de\/vicky-wills-wissen\/wp-json\/wp\/v2\/pages\/3\/revisions"}],"predecessor-version":[{"id":30,"href":"https:\/\/blogs.donboscovolunteers.de\/vicky-wills-wissen\/wp-json\/wp\/v2\/pages\/3\/revisions\/30"}],"wp:attachment":[{"href":"https:\/\/blogs.donboscovolunteers.de\/vicky-wills-wissen\/wp-json\/wp\/v2\/media?parent=3"}],"curies":[{"name":"wp","href":"https:\/\/api.w.org\/{rel}","templated":true}]}}