{"id":63,"date":"2012-10-09T20:21:14","date_gmt":"2012-10-09T20:21:14","guid":{"rendered":"https:\/\/blogs.donboscovolunteers.de\/tobiasinabidjan\/"},"modified":"2012-11-03T19:43:09","modified_gmt":"2012-11-03T19:43:09","slug":"das-projekt","status":"publish","type":"page","link":"https:\/\/blogs.donboscovolunteers.de\/tobiasinabidjan\/das-projekt\/","title":{"rendered":"Das Projekt"},"content":{"rendered":"<p style=\"text-align: left\">Das Hauptziel der <a href=\"https:\/\/www.donboscomission.de\/don-bosco\/\">Don Bosco<\/a> Einrichtung in Abidjan ist die REINTEGRATION VON STRA\u00dfENKINDERN in ihre jeweiligen Familien. Stra\u00dfenkinder sind, entgegen der landl\u00e4ufigen Meinung, meistens keine Waisen, sondern schlichtweg von zuhause weggelaufen. Daf\u00fcr gibt es die verschiedensten Gr\u00fcnde, die auch unterschiedlich schwer sind: Der eine hat seiner Mutter 500 Franc (weniger als 1\u20ac) geklaut und traut sich deshalb nicht mehr nach Hause, der andere f\u00e4llt h\u00e4uslicher Gewalt und Misshandlung zum Opfer u.\u00e4. Bei der Lekt\u00fcre der Akten der Kinder ist mir jedoch auch aufgefallen, dass viele die Flucht aus dem Elternhaus ergriffen haben, weil sie sich schlichtweg nicht gewollt und nicht geliebt f\u00fchlten. Um hier eine Ver\u00e4nderung herbeizuf\u00fchren, muss nat\u00fcrlich eng mit den Eltern bzw. den Verantwortlichen f\u00fcr das Kind zusammengearbeitet werden, doch dazu sp\u00e4ter mehr.<\/p>\n<p style=\"text-align: left\">Das Foyer Don Bosco (Name des Stra\u00dfenkinderprojektes) liegt im Verwaltungsbezirk Koumassi (Abidjan ist in 10 Verwaltungsbezirke aufgeteilt) im Viertel Remblais und umfasst zwei H\u00e4user: das Foyer Maman Marguerite und das Foyer Magone.<\/p>\n<p style=\"text-align: left\"><strong>Das Foyer Maman Marguerite<\/strong> dient als Erstempfang f\u00fcr Stra\u00dfenkinder. Hier wird jedes Kind herzlich aufgenommen, das an die T\u00fcr klopft. Au\u00dferdem wird jeden Freitagabend an sogenannten Hotspots, das hei\u00dft an Stellen, wo sich viele Stra\u00dfenkinder aufhalten, da es hier viele Kneipen gibt, wo die Kinder sich \u00fcber die Essensreste der G\u00e4ste hermachen k\u00f6nnen, Aufkl\u00e4rungsarbeit betrieben. Das bedeutet, dass den Kindern vom Foyer Don Bosco erz\u00e4hlt wird und dass ihnen klargemacht wird, dass sie dort jederzeit willkommen sind. Sie erhalten dort Essen, die M\u00f6glichkeit zu schulischer Bildung und Schutz vor Gewalt und Kriminalit\u00e4t.<a href=\"https:\/\/blogs.donboscovolunteers.de\/tobiasinabidjan\/wp-content\/uploads\/sites\/19606\/2012\/10\/Foyer-Maman-Marguerite.jpg\"><img loading=\"lazy\" decoding=\"async\" class=\"aligncenter size-full wp-image-96\" src=\"https:\/\/blogs.donboscovolunteers.de\/tobiasinabidjan\/wp-content\/uploads\/sites\/19606\/2012\/10\/Foyer-Maman-Marguerite.jpg\" alt=\"\" width=\"640\" height=\"427\" srcset=\"https:\/\/blogs.donboscovolunteers.de\/tobiasinabidjan\/wp-content\/uploads\/sites\/19606\/2012\/10\/Foyer-Maman-Marguerite.jpg 640w, https:\/\/blogs.donboscovolunteers.de\/tobiasinabidjan\/wp-content\/uploads\/sites\/19606\/2012\/10\/Foyer-Maman-Marguerite-300x200.jpg 300w\" sizes=\"auto, (max-width: 640px) 100vw, 640px\" \/><\/a><\/p>\n<p style=\"text-align: left\">Im <strong>Foyer Maman Marguerite<\/strong> passieren die Kinder drei Niveaus, von denen jedes ca. 3 Monate dauert und sich auf die Stabilit\u00e4t des Kindes bezieht. Ein Kind bleibt also ca. 9 Monate im Erstempfang, wo es einen strukturierten Tagesablauf erlernt, das hei\u00dft regelm\u00e4\u00dfig isst, sich regelm\u00e4\u00dfig w\u00e4scht und jeden Abend zur gleichen Zeit ins Bett geht. F\u00fcr viele ist das Erlernen dieses strukturierten Tagesablaufes eine gro\u00dfe Herausforderung, da die Kinder auf der Stra\u00dfe wesentlich mehr Freiheiten haben (sie k\u00f6nnen essen, schlafen und spielen wann sie wollen). Hat ein Kind die drei Niveaus erfolgreich und ohne Flucht passiert, so kommt es ins<\/p>\n<p style=\"text-align: left\"><strong>Foyer Magone<\/strong>, das den Langaufenthalt darstellt. Hier k\u00f6nnen die Kinder bis zu drei Jahre lang bleiben, bevor sie meist erfolgreich reintegriert werden. Falls Kind und Familie gro\u00dfe Fortschritte machen, ist eine fr\u00fchere Reintegration nat\u00fcrlich auch m\u00f6glich und seitens des Foyers nat\u00fcrlich \u00e4u\u00dferst w\u00fcnschenswert.<\/p>\n<p style=\"text-align: center\"><a href=\"https:\/\/blogs.donboscovolunteers.de\/tobiasinabidjan\/wp-content\/uploads\/sites\/19606\/2012\/10\/Foyer-Magone.jpg\"><img loading=\"lazy\" decoding=\"async\" class=\"aligncenter size-full wp-image-98\" src=\"https:\/\/blogs.donboscovolunteers.de\/tobiasinabidjan\/wp-content\/uploads\/sites\/19606\/2012\/10\/Foyer-Magone.jpg\" alt=\"\" width=\"611\" height=\"480\" srcset=\"https:\/\/blogs.donboscovolunteers.de\/tobiasinabidjan\/wp-content\/uploads\/sites\/19606\/2012\/10\/Foyer-Magone.jpg 611w, https:\/\/blogs.donboscovolunteers.de\/tobiasinabidjan\/wp-content\/uploads\/sites\/19606\/2012\/10\/Foyer-Magone-300x235.jpg 300w\" sizes=\"auto, (max-width: 611px) 100vw, 611px\" \/><\/a><\/p>\n<p style=\"text-align: left\">Im <strong>Foyer Magone<\/strong> existiert ein \u00e4u\u00dferst strukturierter Tagesablauf, an dem die Kinder sich orientieren k\u00f6nnen, der von morgendlichen Hausputz \u00fcber das gemeinsame Mittagessen bis hin zum abendlichen Rosenkranz und dem &#8222;Mot du soir&#8220; (ein Gespr\u00e4chskreis, bei dem die Kinder den vergangenen Tag und ihre Erlebnisse\/Streitigkeiten\/etc. nachdenken) f\u00fchrt.<\/p>\n<p style=\"text-align: left\">Sobald ein Kind im Erstempfang aufkreuzt, wird versucht einen Kontakt zu den Eltern herzustellen (sofern das Kind seine Herkunft preisgibt). Dann wird versucht mit den Eltern zusammenzuarbeiten, die Kooperation ist jedoch, genauso wie die Gr\u00fcnde f\u00fcr die Flucht der Kinder von Zuhause, sehr unterschiedlich.<\/p>\n","protected":false},"excerpt":{"rendered":"<p>Das Hauptziel der <a href=\"https:\/\/www.donboscomission.de\/don-bosco\/\">Don Bosco<\/a> Einrichtung in Abidjan ist die REINTEGRATION VON STRA\u00dfENKINDERN in ihre jeweiligen Familien. Stra\u00dfenkinder sind, entgegen der landl\u00e4ufigen Meinung, meistens keine Waisen, sondern schlichtweg von zuhause weggelaufen. Daf\u00fcr gibt es die verschiedensten Gr\u00fcnde, die auch unterschiedlich schwer sind: Der eine hat seiner Mutter 500 Franc (weniger als 1\u20ac) geklaut und traut [&hellip;]<\/p>\n","protected":false},"author":19649,"featured_media":0,"parent":0,"menu_order":0,"comment_status":"open","ping_status":"closed","template":"","meta":{"footnotes":""},"class_list":["post-63","page","type-page","status-publish","hentry"],"yoast_head":"<!-- This site is optimized with the Yoast SEO plugin v25.3.1 - https:\/\/yoast.com\/wordpress\/plugins\/seo\/ -->\n<title>Das Projekt - Tobi in Abidjan<\/title>\n<meta name=\"robots\" content=\"index, follow, max-snippet:-1, max-image-preview:large, max-video-preview:-1\" \/>\n<link rel=\"canonical\" href=\"https:\/\/blogs.donboscovolunteers.de\/tobiasinabidjan\/das-projekt\/\" \/>\n<meta property=\"og:locale\" content=\"de_DE\" \/>\n<meta property=\"og:type\" content=\"article\" \/>\n<meta property=\"og:title\" content=\"Das Projekt - Tobi in Abidjan\" \/>\n<meta property=\"og:description\" content=\"Das Hauptziel der Don Bosco Einrichtung in Abidjan ist die REINTEGRATION VON STRA\u00dfENKINDERN in ihre jeweiligen Familien. Stra\u00dfenkinder sind, entgegen der landl\u00e4ufigen Meinung, meistens keine Waisen, sondern schlichtweg von zuhause weggelaufen. Daf\u00fcr gibt es die verschiedensten Gr\u00fcnde, die auch unterschiedlich schwer sind: Der eine hat seiner Mutter 500 Franc (weniger als 1\u20ac) geklaut und traut [&hellip;]\" \/>\n<meta property=\"og:url\" content=\"https:\/\/blogs.donboscovolunteers.de\/tobiasinabidjan\/das-projekt\/\" \/>\n<meta property=\"og:site_name\" content=\"Tobi in Abidjan\" \/>\n<meta property=\"article:modified_time\" content=\"2012-11-03T19:43:09+00:00\" \/>\n<meta property=\"og:image\" content=\"https:\/\/blogs.donboscovolunteers.de\/tobiasinabidjan\/wp-content\/uploads\/sites\/19606\/2012\/10\/Foyer-Maman-Marguerite.jpg\" \/>\n<meta name=\"twitter:card\" content=\"summary_large_image\" \/>\n<meta name=\"twitter:label1\" content=\"Gesch\u00e4tzte Lesezeit\" \/>\n\t<meta name=\"twitter:data1\" content=\"3\u00a0Minuten\" \/>\n<script type=\"application\/ld+json\" class=\"yoast-schema-graph\">{\"@context\":\"https:\/\/schema.org\",\"@graph\":[{\"@type\":\"WebPage\",\"@id\":\"https:\/\/blogs.donboscovolunteers.de\/tobiasinabidjan\/das-projekt\/\",\"url\":\"https:\/\/blogs.donboscovolunteers.de\/tobiasinabidjan\/das-projekt\/\",\"name\":\"Das Projekt - Tobi in Abidjan\",\"isPartOf\":{\"@id\":\"https:\/\/blogs.donboscovolunteers.de\/tobiasinabidjan\/#website\"},\"primaryImageOfPage\":{\"@id\":\"https:\/\/blogs.donboscovolunteers.de\/tobiasinabidjan\/das-projekt\/#primaryimage\"},\"image\":{\"@id\":\"https:\/\/blogs.donboscovolunteers.de\/tobiasinabidjan\/das-projekt\/#primaryimage\"},\"thumbnailUrl\":\"https:\/\/blogs.donboscovolunteers.de\/tobiasinabidjan\/wp-content\/uploads\/sites\/19606\/2012\/10\/Foyer-Maman-Marguerite.jpg\",\"datePublished\":\"2012-10-09T20:21:14+00:00\",\"dateModified\":\"2012-11-03T19:43:09+00:00\",\"breadcrumb\":{\"@id\":\"https:\/\/blogs.donboscovolunteers.de\/tobiasinabidjan\/das-projekt\/#breadcrumb\"},\"inLanguage\":\"de\",\"potentialAction\":[{\"@type\":\"ReadAction\",\"target\":[\"https:\/\/blogs.donboscovolunteers.de\/tobiasinabidjan\/das-projekt\/\"]}]},{\"@type\":\"ImageObject\",\"inLanguage\":\"de\",\"@id\":\"https:\/\/blogs.donboscovolunteers.de\/tobiasinabidjan\/das-projekt\/#primaryimage\",\"url\":\"https:\/\/blogs.donboscovolunteers.de\/tobiasinabidjan\/wp-content\/uploads\/sites\/19606\/2012\/10\/Foyer-Maman-Marguerite.jpg\",\"contentUrl\":\"https:\/\/blogs.donboscovolunteers.de\/tobiasinabidjan\/wp-content\/uploads\/sites\/19606\/2012\/10\/Foyer-Maman-Marguerite.jpg\",\"width\":\"640\",\"height\":\"427\"},{\"@type\":\"BreadcrumbList\",\"@id\":\"https:\/\/blogs.donboscovolunteers.de\/tobiasinabidjan\/das-projekt\/#breadcrumb\",\"itemListElement\":[{\"@type\":\"ListItem\",\"position\":1,\"name\":\"Startseite\",\"item\":\"https:\/\/blogs.donboscovolunteers.de\/tobiasinabidjan\/\"},{\"@type\":\"ListItem\",\"position\":2,\"name\":\"Das Projekt\"}]},{\"@type\":\"WebSite\",\"@id\":\"https:\/\/blogs.donboscovolunteers.de\/tobiasinabidjan\/#website\",\"url\":\"https:\/\/blogs.donboscovolunteers.de\/tobiasinabidjan\/\",\"name\":\"Tobi in Abidjan\",\"description\":\"Ein weiterer strassenkinder.de Blog\",\"potentialAction\":[{\"@type\":\"SearchAction\",\"target\":{\"@type\":\"EntryPoint\",\"urlTemplate\":\"https:\/\/blogs.donboscovolunteers.de\/tobiasinabidjan\/?s={search_term_string}\"},\"query-input\":{\"@type\":\"PropertyValueSpecification\",\"valueRequired\":true,\"valueName\":\"search_term_string\"}}],\"inLanguage\":\"de\"}]}<\/script>\n<!-- \/ Yoast SEO plugin. -->","yoast_head_json":{"title":"Das Projekt - Tobi in Abidjan","robots":{"index":"index","follow":"follow","max-snippet":"max-snippet:-1","max-image-preview":"max-image-preview:large","max-video-preview":"max-video-preview:-1"},"canonical":"https:\/\/blogs.donboscovolunteers.de\/tobiasinabidjan\/das-projekt\/","og_locale":"de_DE","og_type":"article","og_title":"Das Projekt - Tobi in Abidjan","og_description":"Das Hauptziel der Don Bosco Einrichtung in Abidjan ist die REINTEGRATION VON STRA\u00dfENKINDERN in ihre jeweiligen Familien. Stra\u00dfenkinder sind, entgegen der landl\u00e4ufigen Meinung, meistens keine Waisen, sondern schlichtweg von zuhause weggelaufen. Daf\u00fcr gibt es die verschiedensten Gr\u00fcnde, die auch unterschiedlich schwer sind: Der eine hat seiner Mutter 500 Franc (weniger als 1\u20ac) geklaut und traut [&hellip;]","og_url":"https:\/\/blogs.donboscovolunteers.de\/tobiasinabidjan\/das-projekt\/","og_site_name":"Tobi in Abidjan","article_modified_time":"2012-11-03T19:43:09+00:00","og_image":[{"url":"https:\/\/blogs.donboscovolunteers.de\/tobiasinabidjan\/wp-content\/uploads\/sites\/19606\/2012\/10\/Foyer-Maman-Marguerite.jpg","type":"","width":"","height":""}],"twitter_card":"summary_large_image","twitter_misc":{"Gesch\u00e4tzte Lesezeit":"3\u00a0Minuten"},"schema":{"@context":"https:\/\/schema.org","@graph":[{"@type":"WebPage","@id":"https:\/\/blogs.donboscovolunteers.de\/tobiasinabidjan\/das-projekt\/","url":"https:\/\/blogs.donboscovolunteers.de\/tobiasinabidjan\/das-projekt\/","name":"Das Projekt - Tobi in Abidjan","isPartOf":{"@id":"https:\/\/blogs.donboscovolunteers.de\/tobiasinabidjan\/#website"},"primaryImageOfPage":{"@id":"https:\/\/blogs.donboscovolunteers.de\/tobiasinabidjan\/das-projekt\/#primaryimage"},"image":{"@id":"https:\/\/blogs.donboscovolunteers.de\/tobiasinabidjan\/das-projekt\/#primaryimage"},"thumbnailUrl":"https:\/\/blogs.donboscovolunteers.de\/tobiasinabidjan\/wp-content\/uploads\/sites\/19606\/2012\/10\/Foyer-Maman-Marguerite.jpg","datePublished":"2012-10-09T20:21:14+00:00","dateModified":"2012-11-03T19:43:09+00:00","breadcrumb":{"@id":"https:\/\/blogs.donboscovolunteers.de\/tobiasinabidjan\/das-projekt\/#breadcrumb"},"inLanguage":"de","potentialAction":[{"@type":"ReadAction","target":["https:\/\/blogs.donboscovolunteers.de\/tobiasinabidjan\/das-projekt\/"]}]},{"@type":"ImageObject","inLanguage":"de","@id":"https:\/\/blogs.donboscovolunteers.de\/tobiasinabidjan\/das-projekt\/#primaryimage","url":"https:\/\/blogs.donboscovolunteers.de\/tobiasinabidjan\/wp-content\/uploads\/sites\/19606\/2012\/10\/Foyer-Maman-Marguerite.jpg","contentUrl":"https:\/\/blogs.donboscovolunteers.de\/tobiasinabidjan\/wp-content\/uploads\/sites\/19606\/2012\/10\/Foyer-Maman-Marguerite.jpg","width":"640","height":"427"},{"@type":"BreadcrumbList","@id":"https:\/\/blogs.donboscovolunteers.de\/tobiasinabidjan\/das-projekt\/#breadcrumb","itemListElement":[{"@type":"ListItem","position":1,"name":"Startseite","item":"https:\/\/blogs.donboscovolunteers.de\/tobiasinabidjan\/"},{"@type":"ListItem","position":2,"name":"Das Projekt"}]},{"@type":"WebSite","@id":"https:\/\/blogs.donboscovolunteers.de\/tobiasinabidjan\/#website","url":"https:\/\/blogs.donboscovolunteers.de\/tobiasinabidjan\/","name":"Tobi in Abidjan","description":"Ein weiterer strassenkinder.de Blog","potentialAction":[{"@type":"SearchAction","target":{"@type":"EntryPoint","urlTemplate":"https:\/\/blogs.donboscovolunteers.de\/tobiasinabidjan\/?s={search_term_string}"},"query-input":{"@type":"PropertyValueSpecification","valueRequired":true,"valueName":"search_term_string"}}],"inLanguage":"de"}]}},"_links":{"self":[{"href":"https:\/\/blogs.donboscovolunteers.de\/tobiasinabidjan\/wp-json\/wp\/v2\/pages\/63","targetHints":{"allow":["GET"]}}],"collection":[{"href":"https:\/\/blogs.donboscovolunteers.de\/tobiasinabidjan\/wp-json\/wp\/v2\/pages"}],"about":[{"href":"https:\/\/blogs.donboscovolunteers.de\/tobiasinabidjan\/wp-json\/wp\/v2\/types\/page"}],"author":[{"embeddable":true,"href":"https:\/\/blogs.donboscovolunteers.de\/tobiasinabidjan\/wp-json\/wp\/v2\/users\/19649"}],"replies":[{"embeddable":true,"href":"https:\/\/blogs.donboscovolunteers.de\/tobiasinabidjan\/wp-json\/wp\/v2\/comments?post=63"}],"version-history":[{"count":7,"href":"https:\/\/blogs.donboscovolunteers.de\/tobiasinabidjan\/wp-json\/wp\/v2\/pages\/63\/revisions"}],"predecessor-version":[{"id":97,"href":"https:\/\/blogs.donboscovolunteers.de\/tobiasinabidjan\/wp-json\/wp\/v2\/pages\/63\/revisions\/97"}],"wp:attachment":[{"href":"https:\/\/blogs.donboscovolunteers.de\/tobiasinabidjan\/wp-json\/wp\/v2\/media?parent=63"}],"curies":[{"name":"wp","href":"https:\/\/api.w.org\/{rel}","templated":true}]}}