{"id":28,"date":"2012-09-01T22:35:41","date_gmt":"2012-09-01T22:35:41","guid":{"rendered":"https:\/\/blogs.donboscovolunteers.de\/tobiasinabidjan\/"},"modified":"2012-11-03T19:38:25","modified_gmt":"2012-11-03T19:38:25","slug":"unterstuetzung","status":"publish","type":"page","link":"https:\/\/blogs.donboscovolunteers.de\/tobiasinabidjan\/unterstuetzung\/","title":{"rendered":"Unterst\u00fctzung !?"},"content":{"rendered":"<p style=\"text-align: left\">\u00dcber Hilfe und F\u00f6rderung jeder Art bin ich und auch alle Beteiligten in Abidjan nat\u00fcrlich sehr dankbar.<\/p>\n<p style=\"text-align: left\">Bei Fragen stehe ich Ihnen\/Euch gern zur Verf\u00fcgung:\u00a0\u00a0 t-droessler@gmx.de<\/p>\n<p style=\"text-align: center\">\n<p style=\"text-align: center\"><a href=\"https:\/\/blogs.donboscovolunteers.de\/tobiasinabidjan\/wp-content\/uploads\/sites\/19606\/2012\/09\/Spendennummer.jpg\"><img loading=\"lazy\" decoding=\"async\" class=\"size-medium wp-image-30 aligncenter\" src=\"https:\/\/blogs.donboscovolunteers.de\/tobiasinabidjan\/wp-content\/uploads\/sites\/19606\/2012\/09\/Spendennummer-300x110.jpg\" alt=\"\" width=\"547\" height=\"200\" \/><\/a><\/p>\n<p style=\"text-align: center\">\n<p style=\"text-align: left\">\n","protected":false},"excerpt":{"rendered":"<p>\u00dcber Hilfe und F\u00f6rderung jeder Art bin ich und auch alle Beteiligten in Abidjan nat\u00fcrlich sehr dankbar. Bei Fragen stehe ich Ihnen\/Euch gern zur Verf\u00fcgung:\u00a0\u00a0 t-droessler@gmx.de<\/p>\n","protected":false},"author":19649,"featured_media":0,"parent":0,"menu_order":0,"comment_status":"open","ping_status":"closed","template":"","meta":{"footnotes":""},"class_list":["post-28","page","type-page","status-publish","hentry"],"yoast_head":"<!-- This site is optimized with the Yoast SEO plugin v25.3.1 - https:\/\/yoast.com\/wordpress\/plugins\/seo\/ -->\n<title>Unterst\u00fctzung !? - Tobi in Abidjan<\/title>\n<meta name=\"robots\" content=\"index, follow, max-snippet:-1, max-image-preview:large, max-video-preview:-1\" \/>\n<link rel=\"canonical\" href=\"https:\/\/blogs.donboscovolunteers.de\/tobiasinabidjan\/unterstuetzung\/\" \/>\n<meta property=\"og:locale\" content=\"de_DE\" \/>\n<meta property=\"og:type\" content=\"article\" \/>\n<meta property=\"og:title\" content=\"Unterst\u00fctzung !? - Tobi in Abidjan\" \/>\n<meta property=\"og:description\" content=\"\u00dcber Hilfe und F\u00f6rderung jeder Art bin ich und auch alle Beteiligten in Abidjan nat\u00fcrlich sehr dankbar. Bei Fragen stehe ich Ihnen\/Euch gern zur Verf\u00fcgung:\u00a0\u00a0 t-droessler@gmx.de\" \/>\n<meta property=\"og:url\" content=\"https:\/\/blogs.donboscovolunteers.de\/tobiasinabidjan\/unterstuetzung\/\" \/>\n<meta property=\"og:site_name\" content=\"Tobi in Abidjan\" \/>\n<meta property=\"article:modified_time\" content=\"2012-11-03T19:38:25+00:00\" \/>\n<meta property=\"og:image\" content=\"https:\/\/blogs.donboscovolunteers.de\/tobiasinabidjan\/wp-content\/uploads\/sites\/19606\/2012\/09\/Spendennummer-300x110.jpg\" \/>\n<meta name=\"twitter:card\" content=\"summary_large_image\" \/>\n<script type=\"application\/ld+json\" class=\"yoast-schema-graph\">{\"@context\":\"https:\/\/schema.org\",\"@graph\":[{\"@type\":\"WebPage\",\"@id\":\"https:\/\/blogs.donboscovolunteers.de\/tobiasinabidjan\/unterstuetzung\/\",\"url\":\"https:\/\/blogs.donboscovolunteers.de\/tobiasinabidjan\/unterstuetzung\/\",\"name\":\"Unterst\u00fctzung !? - Tobi in Abidjan\",\"isPartOf\":{\"@id\":\"https:\/\/blogs.donboscovolunteers.de\/tobiasinabidjan\/#website\"},\"primaryImageOfPage\":{\"@id\":\"https:\/\/blogs.donboscovolunteers.de\/tobiasinabidjan\/unterstuetzung\/#primaryimage\"},\"image\":{\"@id\":\"https:\/\/blogs.donboscovolunteers.de\/tobiasinabidjan\/unterstuetzung\/#primaryimage\"},\"thumbnailUrl\":\"https:\/\/blogs.donboscovolunteers.de\/tobiasinabidjan\/wp-content\/uploads\/sites\/19606\/2012\/09\/Spendennummer-300x110.jpg\",\"datePublished\":\"2012-09-01T22:35:41+00:00\",\"dateModified\":\"2012-11-03T19:38:25+00:00\",\"breadcrumb\":{\"@id\":\"https:\/\/blogs.donboscovolunteers.de\/tobiasinabidjan\/unterstuetzung\/#breadcrumb\"},\"inLanguage\":\"de\",\"potentialAction\":[{\"@type\":\"ReadAction\",\"target\":[\"https:\/\/blogs.donboscovolunteers.de\/tobiasinabidjan\/unterstuetzung\/\"]}]},{\"@type\":\"ImageObject\",\"inLanguage\":\"de\",\"@id\":\"https:\/\/blogs.donboscovolunteers.de\/tobiasinabidjan\/unterstuetzung\/#primaryimage\",\"url\":\"https:\/\/blogs.donboscovolunteers.de\/tobiasinabidjan\/wp-content\/uploads\/sites\/19606\/2012\/09\/Spendennummer.jpg\",\"contentUrl\":\"https:\/\/blogs.donboscovolunteers.de\/tobiasinabidjan\/wp-content\/uploads\/sites\/19606\/2012\/09\/Spendennummer.jpg\",\"width\":\"696\",\"height\":\"257\"},{\"@type\":\"BreadcrumbList\",\"@id\":\"https:\/\/blogs.donboscovolunteers.de\/tobiasinabidjan\/unterstuetzung\/#breadcrumb\",\"itemListElement\":[{\"@type\":\"ListItem\",\"position\":1,\"name\":\"Startseite\",\"item\":\"https:\/\/blogs.donboscovolunteers.de\/tobiasinabidjan\/\"},{\"@type\":\"ListItem\",\"position\":2,\"name\":\"Unterst\u00fctzung !?\"}]},{\"@type\":\"WebSite\",\"@id\":\"https:\/\/blogs.donboscovolunteers.de\/tobiasinabidjan\/#website\",\"url\":\"https:\/\/blogs.donboscovolunteers.de\/tobiasinabidjan\/\",\"name\":\"Tobi in Abidjan\",\"description\":\"Ein weiterer strassenkinder.de Blog\",\"potentialAction\":[{\"@type\":\"SearchAction\",\"target\":{\"@type\":\"EntryPoint\",\"urlTemplate\":\"https:\/\/blogs.donboscovolunteers.de\/tobiasinabidjan\/?s={search_term_string}\"},\"query-input\":{\"@type\":\"PropertyValueSpecification\",\"valueRequired\":true,\"valueName\":\"search_term_string\"}}],\"inLanguage\":\"de\"}]}<\/script>\n<!-- \/ Yoast SEO plugin. -->","yoast_head_json":{"title":"Unterst\u00fctzung !? - Tobi in Abidjan","robots":{"index":"index","follow":"follow","max-snippet":"max-snippet:-1","max-image-preview":"max-image-preview:large","max-video-preview":"max-video-preview:-1"},"canonical":"https:\/\/blogs.donboscovolunteers.de\/tobiasinabidjan\/unterstuetzung\/","og_locale":"de_DE","og_type":"article","og_title":"Unterst\u00fctzung !? - Tobi in Abidjan","og_description":"\u00dcber Hilfe und F\u00f6rderung jeder Art bin ich und auch alle Beteiligten in Abidjan nat\u00fcrlich sehr dankbar. Bei Fragen stehe ich Ihnen\/Euch gern zur Verf\u00fcgung:\u00a0\u00a0 t-droessler@gmx.de","og_url":"https:\/\/blogs.donboscovolunteers.de\/tobiasinabidjan\/unterstuetzung\/","og_site_name":"Tobi in Abidjan","article_modified_time":"2012-11-03T19:38:25+00:00","og_image":[{"url":"https:\/\/blogs.donboscovolunteers.de\/tobiasinabidjan\/wp-content\/uploads\/sites\/19606\/2012\/09\/Spendennummer-300x110.jpg","type":"","width":"","height":""}],"twitter_card":"summary_large_image","schema":{"@context":"https:\/\/schema.org","@graph":[{"@type":"WebPage","@id":"https:\/\/blogs.donboscovolunteers.de\/tobiasinabidjan\/unterstuetzung\/","url":"https:\/\/blogs.donboscovolunteers.de\/tobiasinabidjan\/unterstuetzung\/","name":"Unterst\u00fctzung !? - Tobi in Abidjan","isPartOf":{"@id":"https:\/\/blogs.donboscovolunteers.de\/tobiasinabidjan\/#website"},"primaryImageOfPage":{"@id":"https:\/\/blogs.donboscovolunteers.de\/tobiasinabidjan\/unterstuetzung\/#primaryimage"},"image":{"@id":"https:\/\/blogs.donboscovolunteers.de\/tobiasinabidjan\/unterstuetzung\/#primaryimage"},"thumbnailUrl":"https:\/\/blogs.donboscovolunteers.de\/tobiasinabidjan\/wp-content\/uploads\/sites\/19606\/2012\/09\/Spendennummer-300x110.jpg","datePublished":"2012-09-01T22:35:41+00:00","dateModified":"2012-11-03T19:38:25+00:00","breadcrumb":{"@id":"https:\/\/blogs.donboscovolunteers.de\/tobiasinabidjan\/unterstuetzung\/#breadcrumb"},"inLanguage":"de","potentialAction":[{"@type":"ReadAction","target":["https:\/\/blogs.donboscovolunteers.de\/tobiasinabidjan\/unterstuetzung\/"]}]},{"@type":"ImageObject","inLanguage":"de","@id":"https:\/\/blogs.donboscovolunteers.de\/tobiasinabidjan\/unterstuetzung\/#primaryimage","url":"https:\/\/blogs.donboscovolunteers.de\/tobiasinabidjan\/wp-content\/uploads\/sites\/19606\/2012\/09\/Spendennummer.jpg","contentUrl":"https:\/\/blogs.donboscovolunteers.de\/tobiasinabidjan\/wp-content\/uploads\/sites\/19606\/2012\/09\/Spendennummer.jpg","width":"696","height":"257"},{"@type":"BreadcrumbList","@id":"https:\/\/blogs.donboscovolunteers.de\/tobiasinabidjan\/unterstuetzung\/#breadcrumb","itemListElement":[{"@type":"ListItem","position":1,"name":"Startseite","item":"https:\/\/blogs.donboscovolunteers.de\/tobiasinabidjan\/"},{"@type":"ListItem","position":2,"name":"Unterst\u00fctzung !?"}]},{"@type":"WebSite","@id":"https:\/\/blogs.donboscovolunteers.de\/tobiasinabidjan\/#website","url":"https:\/\/blogs.donboscovolunteers.de\/tobiasinabidjan\/","name":"Tobi in Abidjan","description":"Ein weiterer strassenkinder.de Blog","potentialAction":[{"@type":"SearchAction","target":{"@type":"EntryPoint","urlTemplate":"https:\/\/blogs.donboscovolunteers.de\/tobiasinabidjan\/?s={search_term_string}"},"query-input":{"@type":"PropertyValueSpecification","valueRequired":true,"valueName":"search_term_string"}}],"inLanguage":"de"}]}},"_links":{"self":[{"href":"https:\/\/blogs.donboscovolunteers.de\/tobiasinabidjan\/wp-json\/wp\/v2\/pages\/28","targetHints":{"allow":["GET"]}}],"collection":[{"href":"https:\/\/blogs.donboscovolunteers.de\/tobiasinabidjan\/wp-json\/wp\/v2\/pages"}],"about":[{"href":"https:\/\/blogs.donboscovolunteers.de\/tobiasinabidjan\/wp-json\/wp\/v2\/types\/page"}],"author":[{"embeddable":true,"href":"https:\/\/blogs.donboscovolunteers.de\/tobiasinabidjan\/wp-json\/wp\/v2\/users\/19649"}],"replies":[{"embeddable":true,"href":"https:\/\/blogs.donboscovolunteers.de\/tobiasinabidjan\/wp-json\/wp\/v2\/comments?post=28"}],"version-history":[{"count":5,"href":"https:\/\/blogs.donboscovolunteers.de\/tobiasinabidjan\/wp-json\/wp\/v2\/pages\/28\/revisions"}],"predecessor-version":[{"id":95,"href":"https:\/\/blogs.donboscovolunteers.de\/tobiasinabidjan\/wp-json\/wp\/v2\/pages\/28\/revisions\/95"}],"wp:attachment":[{"href":"https:\/\/blogs.donboscovolunteers.de\/tobiasinabidjan\/wp-json\/wp\/v2\/media?parent=28"}],"curies":[{"name":"wp","href":"https:\/\/api.w.org\/{rel}","templated":true}]}}