{"id":8,"date":"2020-10-19T12:30:11","date_gmt":"2020-10-19T10:30:11","guid":{"rendered":"https:\/\/blogs.donboscovolunteers.de\/thienvolunteert\/?page_id=8"},"modified":"2020-10-24T10:00:04","modified_gmt":"2020-10-24T08:00:04","slug":"ueber-mich","status":"publish","type":"page","link":"https:\/\/blogs.donboscovolunteers.de\/thienvolunteert\/ueber-mich\/","title":{"rendered":"\u00dcber mich"},"content":{"rendered":"<p>Hey\nguys,<\/p>\n\n\n\n<p>Willkommen,\nwillkommen, ihr habt es bis zu meinem Blog geschafft. Sch\u00f6n, dass es Leute\ngibt, die sich f\u00fcr meinen <a href=\"https:\/\/www.donboscovolunteers.de\/\">Freiwilligendienst<\/a> interessieren\ud83d\ude0a<\/p>\n\n\n\n<p>Auf diesem Blog werden (hoffentlich)\nregelm\u00e4\u00dfige Eintr\u00e4ge zu meinem etwas besonderen Jahr kommen, bleibt gespannt,\nich muss eigentlich selbst noch darauf klarkommen, was hier eigentlich abgeht,\nweil so viel passiert!!<\/p>\n\n\n\n<p>F\u00fcr alle, die mich nicht kennen:<\/p>\n\n\n\n<p>Mein Name ist Thien An Nguyen, ich bin 18 Jahre alt und komme aus Mainz-Kastel in Wiesbaden. Ich habe vier Br\u00fcder, habe mein Abitur an der Maria Ward- Schule in Mainz gemacht, engagiere mich in christlichen Jugendgruppen, singe und rede viel zu gern, spiele Ukulele und Klavier, ich mag Sonnenblumen und wenn man auf meine Haut schreibt, kann man das f\u00fchlen. Noch Fragen? <\/p>\n\n\n\n<p class=\"has-background has-very-light-gray-background-color\">Seit September dieses schicksalhaften Jahres 2020 bin ich Auslandsvolont\u00e4rin bei <a href=\"https:\/\/www.donboscomission.de\/don-bosco\/\">Don Bosco<\/a> und mache meinen entwicklungspolitischen Freiwilligendienst f\u00fcr 12 Monate. Dabei hat mir das Coronavirus aber einen klitzekleinen Strich durch die Rechnung gemacht: Ich konnte bis jetzt noch nicht ausreisen\u2026 Hmmm so ein Auslandsfreiwilligendienst ohne Ausland, wie geht denn das? Meine Organisation Don Bosco hat sich da einiges einfallen lassen bis ich dann endlich aus Deutschland raus kann und wenn ihr wissen wollt, was ich zur Zeit dann so treibe, stay tuned, subscribe to my channel, leave a comment and smash the Like-Button: )) <\/p>","protected":false},"excerpt":{"rendered":"<p>Hey guys, Willkommen, willkommen, ihr habt es bis zu meinem Blog geschafft. Sch\u00f6n, dass es Leute gibt, die sich f\u00fcr meinen <a href=\"https:\/\/www.donboscovolunteers.de\/\">Freiwilligendienst<\/a> interessieren\ud83d\ude0a Auf diesem Blog werden (hoffentlich) regelm\u00e4\u00dfige Eintr\u00e4ge zu meinem etwas besonderen Jahr kommen, bleibt gespannt, ich muss eigentlich selbst noch darauf klarkommen, was hier eigentlich abgeht, weil so viel passiert!! F\u00fcr alle, [&hellip;]<\/p>\n","protected":false},"author":21681,"featured_media":0,"parent":0,"menu_order":0,"comment_status":"open","ping_status":"closed","template":"","meta":{"footnotes":""},"class_list":["post-8","page","type-page","status-publish","hentry"],"yoast_head":"<!-- This site is optimized with the Yoast SEO plugin v25.3.1 - https:\/\/yoast.com\/wordpress\/plugins\/seo\/ -->\n<title>\u00dcber mich - Thien volunteert<\/title>\n<meta name=\"robots\" content=\"index, follow, max-snippet:-1, max-image-preview:large, max-video-preview:-1\" \/>\n<link rel=\"canonical\" href=\"https:\/\/blogs.donboscovolunteers.de\/thienvolunteert\/ueber-mich\/\" \/>\n<meta property=\"og:locale\" content=\"de_DE\" \/>\n<meta property=\"og:type\" content=\"article\" \/>\n<meta property=\"og:title\" content=\"\u00dcber mich - Thien volunteert\" \/>\n<meta property=\"og:description\" content=\"Hey guys, Willkommen, willkommen, ihr habt es bis zu meinem Blog geschafft. Sch\u00f6n, dass es Leute gibt, die sich f\u00fcr meinen Freiwilligendienst interessieren\ud83d\ude0a Auf diesem Blog werden (hoffentlich) regelm\u00e4\u00dfige Eintr\u00e4ge zu meinem etwas besonderen Jahr kommen, bleibt gespannt, ich muss eigentlich selbst noch darauf klarkommen, was hier eigentlich abgeht, weil so viel passiert!! F\u00fcr alle, [&hellip;]\" \/>\n<meta property=\"og:url\" content=\"https:\/\/blogs.donboscovolunteers.de\/thienvolunteert\/ueber-mich\/\" \/>\n<meta property=\"og:site_name\" content=\"Thien volunteert\" \/>\n<meta property=\"article:modified_time\" content=\"2020-10-24T08:00:04+00:00\" \/>\n<meta name=\"twitter:card\" content=\"summary_large_image\" \/>\n<meta name=\"twitter:label1\" content=\"Gesch\u00e4tzte Lesezeit\" \/>\n\t<meta name=\"twitter:data1\" content=\"1\u00a0Minute\" \/>\n<script type=\"application\/ld+json\" class=\"yoast-schema-graph\">{\"@context\":\"https:\/\/schema.org\",\"@graph\":[{\"@type\":\"WebPage\",\"@id\":\"https:\/\/blogs.donboscovolunteers.de\/thienvolunteert\/ueber-mich\/\",\"url\":\"https:\/\/blogs.donboscovolunteers.de\/thienvolunteert\/ueber-mich\/\",\"name\":\"\u00dcber mich - Thien volunteert\",\"isPartOf\":{\"@id\":\"https:\/\/blogs.donboscovolunteers.de\/thienvolunteert\/#website\"},\"datePublished\":\"2020-10-19T10:30:11+00:00\",\"dateModified\":\"2020-10-24T08:00:04+00:00\",\"breadcrumb\":{\"@id\":\"https:\/\/blogs.donboscovolunteers.de\/thienvolunteert\/ueber-mich\/#breadcrumb\"},\"inLanguage\":\"de\",\"potentialAction\":[{\"@type\":\"ReadAction\",\"target\":[\"https:\/\/blogs.donboscovolunteers.de\/thienvolunteert\/ueber-mich\/\"]}]},{\"@type\":\"BreadcrumbList\",\"@id\":\"https:\/\/blogs.donboscovolunteers.de\/thienvolunteert\/ueber-mich\/#breadcrumb\",\"itemListElement\":[{\"@type\":\"ListItem\",\"position\":1,\"name\":\"Startseite\",\"item\":\"https:\/\/blogs.donboscovolunteers.de\/thienvolunteert\/\"},{\"@type\":\"ListItem\",\"position\":2,\"name\":\"\u00dcber mich\"}]},{\"@type\":\"WebSite\",\"@id\":\"https:\/\/blogs.donboscovolunteers.de\/thienvolunteert\/#website\",\"url\":\"https:\/\/blogs.donboscovolunteers.de\/thienvolunteert\/\",\"name\":\"Thien volunteert\",\"description\":\"Ein Auslandsfreiwilligendienst auf Umwegen\",\"potentialAction\":[{\"@type\":\"SearchAction\",\"target\":{\"@type\":\"EntryPoint\",\"urlTemplate\":\"https:\/\/blogs.donboscovolunteers.de\/thienvolunteert\/?s={search_term_string}\"},\"query-input\":{\"@type\":\"PropertyValueSpecification\",\"valueRequired\":true,\"valueName\":\"search_term_string\"}}],\"inLanguage\":\"de\"}]}<\/script>\n<!-- \/ Yoast SEO plugin. -->","yoast_head_json":{"title":"\u00dcber mich - Thien volunteert","robots":{"index":"index","follow":"follow","max-snippet":"max-snippet:-1","max-image-preview":"max-image-preview:large","max-video-preview":"max-video-preview:-1"},"canonical":"https:\/\/blogs.donboscovolunteers.de\/thienvolunteert\/ueber-mich\/","og_locale":"de_DE","og_type":"article","og_title":"\u00dcber mich - Thien volunteert","og_description":"Hey guys, Willkommen, willkommen, ihr habt es bis zu meinem Blog geschafft. Sch\u00f6n, dass es Leute gibt, die sich f\u00fcr meinen Freiwilligendienst interessieren\ud83d\ude0a Auf diesem Blog werden (hoffentlich) regelm\u00e4\u00dfige Eintr\u00e4ge zu meinem etwas besonderen Jahr kommen, bleibt gespannt, ich muss eigentlich selbst noch darauf klarkommen, was hier eigentlich abgeht, weil so viel passiert!! F\u00fcr alle, [&hellip;]","og_url":"https:\/\/blogs.donboscovolunteers.de\/thienvolunteert\/ueber-mich\/","og_site_name":"Thien volunteert","article_modified_time":"2020-10-24T08:00:04+00:00","twitter_card":"summary_large_image","twitter_misc":{"Gesch\u00e4tzte Lesezeit":"1\u00a0Minute"},"schema":{"@context":"https:\/\/schema.org","@graph":[{"@type":"WebPage","@id":"https:\/\/blogs.donboscovolunteers.de\/thienvolunteert\/ueber-mich\/","url":"https:\/\/blogs.donboscovolunteers.de\/thienvolunteert\/ueber-mich\/","name":"\u00dcber mich - Thien volunteert","isPartOf":{"@id":"https:\/\/blogs.donboscovolunteers.de\/thienvolunteert\/#website"},"datePublished":"2020-10-19T10:30:11+00:00","dateModified":"2020-10-24T08:00:04+00:00","breadcrumb":{"@id":"https:\/\/blogs.donboscovolunteers.de\/thienvolunteert\/ueber-mich\/#breadcrumb"},"inLanguage":"de","potentialAction":[{"@type":"ReadAction","target":["https:\/\/blogs.donboscovolunteers.de\/thienvolunteert\/ueber-mich\/"]}]},{"@type":"BreadcrumbList","@id":"https:\/\/blogs.donboscovolunteers.de\/thienvolunteert\/ueber-mich\/#breadcrumb","itemListElement":[{"@type":"ListItem","position":1,"name":"Startseite","item":"https:\/\/blogs.donboscovolunteers.de\/thienvolunteert\/"},{"@type":"ListItem","position":2,"name":"\u00dcber mich"}]},{"@type":"WebSite","@id":"https:\/\/blogs.donboscovolunteers.de\/thienvolunteert\/#website","url":"https:\/\/blogs.donboscovolunteers.de\/thienvolunteert\/","name":"Thien volunteert","description":"Ein Auslandsfreiwilligendienst auf Umwegen","potentialAction":[{"@type":"SearchAction","target":{"@type":"EntryPoint","urlTemplate":"https:\/\/blogs.donboscovolunteers.de\/thienvolunteert\/?s={search_term_string}"},"query-input":{"@type":"PropertyValueSpecification","valueRequired":true,"valueName":"search_term_string"}}],"inLanguage":"de"}]}},"_links":{"self":[{"href":"https:\/\/blogs.donboscovolunteers.de\/thienvolunteert\/wp-json\/wp\/v2\/pages\/8","targetHints":{"allow":["GET"]}}],"collection":[{"href":"https:\/\/blogs.donboscovolunteers.de\/thienvolunteert\/wp-json\/wp\/v2\/pages"}],"about":[{"href":"https:\/\/blogs.donboscovolunteers.de\/thienvolunteert\/wp-json\/wp\/v2\/types\/page"}],"author":[{"embeddable":true,"href":"https:\/\/blogs.donboscovolunteers.de\/thienvolunteert\/wp-json\/wp\/v2\/users\/21681"}],"replies":[{"embeddable":true,"href":"https:\/\/blogs.donboscovolunteers.de\/thienvolunteert\/wp-json\/wp\/v2\/comments?post=8"}],"version-history":[{"count":4,"href":"https:\/\/blogs.donboscovolunteers.de\/thienvolunteert\/wp-json\/wp\/v2\/pages\/8\/revisions"}],"predecessor-version":[{"id":47,"href":"https:\/\/blogs.donboscovolunteers.de\/thienvolunteert\/wp-json\/wp\/v2\/pages\/8\/revisions\/47"}],"wp:attachment":[{"href":"https:\/\/blogs.donboscovolunteers.de\/thienvolunteert\/wp-json\/wp\/v2\/media?parent=8"}],"curies":[{"name":"wp","href":"https:\/\/api.w.org\/{rel}","templated":true}]}}