{"id":20,"date":"2020-10-19T12:57:22","date_gmt":"2020-10-19T10:57:22","guid":{"rendered":"https:\/\/blogs.donboscovolunteers.de\/thienvolunteert\/?page_id=20"},"modified":"2020-11-04T18:49:29","modified_gmt":"2020-11-04T17:49:29","slug":"spenden","status":"publish","type":"page","link":"https:\/\/blogs.donboscovolunteers.de\/thienvolunteert\/spenden\/","title":{"rendered":"Spenden"},"content":{"rendered":"<p> Hey guys,<\/p>\n\n\n\n<p>Falls ihr euch mal gefragt habt, wie das mit meinem <a href=\"https:\/\/www.donboscovolunteers.de\/\">Freiwilligendienst<\/a> kostentechnisch so aussieht:<br> Zu 75% wird mein Jahr finanziell vom Bundesministerium f\u00fcr  Zusammenarbeit und Entwicklung (BMZ) getragen, f\u00fcr die restlichen 25%  bin ich auf eure Spenden f\u00fcr meine Organisation <a href=\"https:\/\/www.donboscomission.de\/don-bosco\/\">Don Bosco<\/a> angewiesen.<br> Das Geld flie\u00dft in meinen Freiwilligendienst und in einem Pott dann auch  zu meinen Mitvolont\u00e4r*innen und an die Organisation Don Bosco mit ihren  zahlreichen Projekten und Einrichtungen weltweit.<\/p>\n\n\n\n<p>Wenn ihr jetzt nach eurer Brieftasche greift, dann lautet die Kontoverbindung:<\/p>\n\n\n\n<p class=\"has-background has-very-light-gray-background-color\">Don Bosco Mission<br> Sparkasse K\u00f6ln Bonn<br> IBAN: DE89 3705 0198 0000 0994 99<br> BIC: COLSDE 33<br> Verwendungszweck: Thien An Nguyen S20VR008 (mein Werbecode)<\/p>\n\n\n\n<p>Bei Bedarf einer Spendenquittung k\u00f6nnt ihr einfach euren Namen und eure Addresse mit angeben.<\/p>\n\n\n\n<p>Wenn ihr mich unterst\u00fctzen wollt, euer Geldbeutel aber nicht mitmacht &#8211; obwohl jeder noch so kleine Beitrag z\u00e4hlt!, w\u00fcrd ich mich auch riesig freuen, wenn ihr meinen Blog einfach  weiterempfehlt (gern auch auf Social Media) oder andere zum Spenden  animiert;)<\/p>\n\n\n\n<p>Daf\u00fcr k\u00f6nnt ihr auch meinen Spenden-Flyer verwenden:<\/p>\n\n\n\n<div class=\"wp-block-file\"><a href=\"https:\/\/blogs.donboscovolunteers.de\/thienvolunteert\/wp-content\/uploads\/sites\/21617\/2020\/10\/0-12146721728_20201022_111531_0000.pdf\">0-12146721728_20201022_111531_0000<\/a><a href=\"https:\/\/blogs.donboscovolunteers.de\/thienvolunteert\/wp-content\/uploads\/sites\/21617\/2020\/10\/0-12146721728_20201022_111531_0000.pdf\" class=\"wp-block-file__button\" download>Herunterladen<\/a><\/div>\n\n\n\n<p>Bei Fragen gerne einfach melden, ich freue mich \u00fcber Unterst\u00fctzung jeglicher Art: <\/p>\n\n\n\n<p class=\"has-background has-very-light-gray-background-color\">thienan02.nguyen@gmx.de<\/p>\n\n\n\n<p>Vielen Dank f\u00fcr eure Unterst\u00fctzung!<\/p>","protected":false},"excerpt":{"rendered":"<p>Hey guys, Falls ihr euch mal gefragt habt, wie das mit meinem <a href=\"https:\/\/www.donboscovolunteers.de\/\">Freiwilligendienst<\/a> kostentechnisch so aussieht: Zu 75% wird mein Jahr finanziell vom Bundesministerium f\u00fcr Zusammenarbeit und Entwicklung (BMZ) getragen, f\u00fcr die restlichen 25% bin ich auf eure Spenden f\u00fcr meine Organisation <a href=\"https:\/\/www.donboscomission.de\/don-bosco\/\">Don Bosco<\/a> angewiesen. Das Geld flie\u00dft in meinen Freiwilligendienst und in einem Pott [&hellip;]<\/p>\n","protected":false},"author":21681,"featured_media":0,"parent":0,"menu_order":0,"comment_status":"closed","ping_status":"closed","template":"","meta":{"footnotes":""},"class_list":["post-20","page","type-page","status-publish","hentry"],"yoast_head":"<!-- This site is optimized with the Yoast SEO plugin v25.3.1 - https:\/\/yoast.com\/wordpress\/plugins\/seo\/ -->\n<title>Spenden - Thien volunteert<\/title>\n<meta name=\"robots\" content=\"index, follow, max-snippet:-1, max-image-preview:large, max-video-preview:-1\" \/>\n<link rel=\"canonical\" href=\"https:\/\/blogs.donboscovolunteers.de\/thienvolunteert\/spenden\/\" \/>\n<meta property=\"og:locale\" content=\"de_DE\" \/>\n<meta property=\"og:type\" content=\"article\" \/>\n<meta property=\"og:title\" content=\"Spenden - Thien volunteert\" \/>\n<meta property=\"og:description\" content=\"Hey guys, Falls ihr euch mal gefragt habt, wie das mit meinem Freiwilligendienst kostentechnisch so aussieht: Zu 75% wird mein Jahr finanziell vom Bundesministerium f\u00fcr Zusammenarbeit und Entwicklung (BMZ) getragen, f\u00fcr die restlichen 25% bin ich auf eure Spenden f\u00fcr meine Organisation Don Bosco angewiesen. Das Geld flie\u00dft in meinen Freiwilligendienst und in einem Pott [&hellip;]\" \/>\n<meta property=\"og:url\" content=\"https:\/\/blogs.donboscovolunteers.de\/thienvolunteert\/spenden\/\" \/>\n<meta property=\"og:site_name\" content=\"Thien volunteert\" \/>\n<meta property=\"article:modified_time\" content=\"2020-11-04T17:49:29+00:00\" \/>\n<meta name=\"twitter:card\" content=\"summary_large_image\" \/>\n<meta name=\"twitter:label1\" content=\"Gesch\u00e4tzte Lesezeit\" \/>\n\t<meta name=\"twitter:data1\" content=\"1\u00a0Minute\" \/>\n<script type=\"application\/ld+json\" class=\"yoast-schema-graph\">{\"@context\":\"https:\/\/schema.org\",\"@graph\":[{\"@type\":\"WebPage\",\"@id\":\"https:\/\/blogs.donboscovolunteers.de\/thienvolunteert\/spenden\/\",\"url\":\"https:\/\/blogs.donboscovolunteers.de\/thienvolunteert\/spenden\/\",\"name\":\"Spenden - Thien volunteert\",\"isPartOf\":{\"@id\":\"https:\/\/blogs.donboscovolunteers.de\/thienvolunteert\/#website\"},\"datePublished\":\"2020-10-19T10:57:22+00:00\",\"dateModified\":\"2020-11-04T17:49:29+00:00\",\"breadcrumb\":{\"@id\":\"https:\/\/blogs.donboscovolunteers.de\/thienvolunteert\/spenden\/#breadcrumb\"},\"inLanguage\":\"de\",\"potentialAction\":[{\"@type\":\"ReadAction\",\"target\":[\"https:\/\/blogs.donboscovolunteers.de\/thienvolunteert\/spenden\/\"]}]},{\"@type\":\"BreadcrumbList\",\"@id\":\"https:\/\/blogs.donboscovolunteers.de\/thienvolunteert\/spenden\/#breadcrumb\",\"itemListElement\":[{\"@type\":\"ListItem\",\"position\":1,\"name\":\"Startseite\",\"item\":\"https:\/\/blogs.donboscovolunteers.de\/thienvolunteert\/\"},{\"@type\":\"ListItem\",\"position\":2,\"name\":\"Spenden\"}]},{\"@type\":\"WebSite\",\"@id\":\"https:\/\/blogs.donboscovolunteers.de\/thienvolunteert\/#website\",\"url\":\"https:\/\/blogs.donboscovolunteers.de\/thienvolunteert\/\",\"name\":\"Thien volunteert\",\"description\":\"Ein Auslandsfreiwilligendienst auf Umwegen\",\"potentialAction\":[{\"@type\":\"SearchAction\",\"target\":{\"@type\":\"EntryPoint\",\"urlTemplate\":\"https:\/\/blogs.donboscovolunteers.de\/thienvolunteert\/?s={search_term_string}\"},\"query-input\":{\"@type\":\"PropertyValueSpecification\",\"valueRequired\":true,\"valueName\":\"search_term_string\"}}],\"inLanguage\":\"de\"}]}<\/script>\n<!-- \/ Yoast SEO plugin. -->","yoast_head_json":{"title":"Spenden - Thien volunteert","robots":{"index":"index","follow":"follow","max-snippet":"max-snippet:-1","max-image-preview":"max-image-preview:large","max-video-preview":"max-video-preview:-1"},"canonical":"https:\/\/blogs.donboscovolunteers.de\/thienvolunteert\/spenden\/","og_locale":"de_DE","og_type":"article","og_title":"Spenden - Thien volunteert","og_description":"Hey guys, Falls ihr euch mal gefragt habt, wie das mit meinem Freiwilligendienst kostentechnisch so aussieht: Zu 75% wird mein Jahr finanziell vom Bundesministerium f\u00fcr Zusammenarbeit und Entwicklung (BMZ) getragen, f\u00fcr die restlichen 25% bin ich auf eure Spenden f\u00fcr meine Organisation Don Bosco angewiesen. Das Geld flie\u00dft in meinen Freiwilligendienst und in einem Pott [&hellip;]","og_url":"https:\/\/blogs.donboscovolunteers.de\/thienvolunteert\/spenden\/","og_site_name":"Thien volunteert","article_modified_time":"2020-11-04T17:49:29+00:00","twitter_card":"summary_large_image","twitter_misc":{"Gesch\u00e4tzte Lesezeit":"1\u00a0Minute"},"schema":{"@context":"https:\/\/schema.org","@graph":[{"@type":"WebPage","@id":"https:\/\/blogs.donboscovolunteers.de\/thienvolunteert\/spenden\/","url":"https:\/\/blogs.donboscovolunteers.de\/thienvolunteert\/spenden\/","name":"Spenden - Thien volunteert","isPartOf":{"@id":"https:\/\/blogs.donboscovolunteers.de\/thienvolunteert\/#website"},"datePublished":"2020-10-19T10:57:22+00:00","dateModified":"2020-11-04T17:49:29+00:00","breadcrumb":{"@id":"https:\/\/blogs.donboscovolunteers.de\/thienvolunteert\/spenden\/#breadcrumb"},"inLanguage":"de","potentialAction":[{"@type":"ReadAction","target":["https:\/\/blogs.donboscovolunteers.de\/thienvolunteert\/spenden\/"]}]},{"@type":"BreadcrumbList","@id":"https:\/\/blogs.donboscovolunteers.de\/thienvolunteert\/spenden\/#breadcrumb","itemListElement":[{"@type":"ListItem","position":1,"name":"Startseite","item":"https:\/\/blogs.donboscovolunteers.de\/thienvolunteert\/"},{"@type":"ListItem","position":2,"name":"Spenden"}]},{"@type":"WebSite","@id":"https:\/\/blogs.donboscovolunteers.de\/thienvolunteert\/#website","url":"https:\/\/blogs.donboscovolunteers.de\/thienvolunteert\/","name":"Thien volunteert","description":"Ein Auslandsfreiwilligendienst auf Umwegen","potentialAction":[{"@type":"SearchAction","target":{"@type":"EntryPoint","urlTemplate":"https:\/\/blogs.donboscovolunteers.de\/thienvolunteert\/?s={search_term_string}"},"query-input":{"@type":"PropertyValueSpecification","valueRequired":true,"valueName":"search_term_string"}}],"inLanguage":"de"}]}},"_links":{"self":[{"href":"https:\/\/blogs.donboscovolunteers.de\/thienvolunteert\/wp-json\/wp\/v2\/pages\/20","targetHints":{"allow":["GET"]}}],"collection":[{"href":"https:\/\/blogs.donboscovolunteers.de\/thienvolunteert\/wp-json\/wp\/v2\/pages"}],"about":[{"href":"https:\/\/blogs.donboscovolunteers.de\/thienvolunteert\/wp-json\/wp\/v2\/types\/page"}],"author":[{"embeddable":true,"href":"https:\/\/blogs.donboscovolunteers.de\/thienvolunteert\/wp-json\/wp\/v2\/users\/21681"}],"replies":[{"embeddable":true,"href":"https:\/\/blogs.donboscovolunteers.de\/thienvolunteert\/wp-json\/wp\/v2\/comments?post=20"}],"version-history":[{"count":4,"href":"https:\/\/blogs.donboscovolunteers.de\/thienvolunteert\/wp-json\/wp\/v2\/pages\/20\/revisions"}],"predecessor-version":[{"id":50,"href":"https:\/\/blogs.donboscovolunteers.de\/thienvolunteert\/wp-json\/wp\/v2\/pages\/20\/revisions\/50"}],"wp:attachment":[{"href":"https:\/\/blogs.donboscovolunteers.de\/thienvolunteert\/wp-json\/wp\/v2\/media?parent=20"}],"curies":[{"name":"wp","href":"https:\/\/api.w.org\/{rel}","templated":true}]}}