{"id":20,"date":"2019-09-09T21:47:48","date_gmt":"2019-09-09T19:47:48","guid":{"rendered":"https:\/\/blogs.donboscovolunteers.de\/theresainindien\/?page_id=20"},"modified":"2019-09-23T15:45:04","modified_gmt":"2019-09-23T13:45:04","slug":"spenden","status":"publish","type":"page","link":"https:\/\/blogs.donboscovolunteers.de\/theresainindien\/spenden\/","title":{"rendered":"Spenden"},"content":{"rendered":"<p>Da die Freiwilligenarbeit im Ausland zum Teil \u00fcber Spenden finanziert wird, sind wir Volont\u00e4re dazu aufgerufen einen Spenderkreis aufzubauen.<\/p>\n\n\n\n<p>Eure Spenden helfen das Programm aufrecht zu erhalten und unterst\u00fctzen so durch die DonBoscoVolunteers auch die Kinder und Jugendlichen vor Ort. <\/p>\n\n\n\n<p>Ich freue mich \u00fcber jede Spende und darauf, euch an meiner\nArbeit teilhaben zu lassen!<\/p>\n\n\n\n<div class=\"wp-block-button aligncenter\"><a class=\"wp-block-button__link\" href=\"https:\/\/www.donboscomission.de\/volontariat\/spenden\/?fb_item_id=24745\">Jetzt online spenden!<\/a><\/div>","protected":false},"excerpt":{"rendered":"<p>Da die Freiwilligenarbeit im Ausland zum Teil \u00fcber Spenden finanziert wird, sind wir Volont\u00e4re dazu aufgerufen einen Spenderkreis aufzubauen. Eure Spenden helfen das Programm aufrecht zu erhalten und unterst\u00fctzen so durch die DonBoscoVolunteers auch die Kinder und Jugendlichen vor Ort. Ich freue mich \u00fcber jede Spende und darauf, euch an meiner Arbeit teilhaben zu lassen!<\/p>\n","protected":false},"author":21639,"featured_media":0,"parent":0,"menu_order":0,"comment_status":"closed","ping_status":"closed","template":"","meta":{"footnotes":""},"class_list":["post-20","page","type-page","status-publish","hentry"],"yoast_head":"<!-- This site is optimized with the Yoast SEO plugin v25.3.1 - https:\/\/yoast.com\/wordpress\/plugins\/seo\/ -->\n<title>Spenden - Theresa in Indien<\/title>\n<meta name=\"robots\" content=\"index, follow, max-snippet:-1, max-image-preview:large, max-video-preview:-1\" \/>\n<link rel=\"canonical\" href=\"https:\/\/blogs.donboscovolunteers.de\/theresainindien\/spenden\/\" \/>\n<meta property=\"og:locale\" content=\"de_DE\" \/>\n<meta property=\"og:type\" content=\"article\" \/>\n<meta property=\"og:title\" content=\"Spenden - Theresa in Indien\" \/>\n<meta property=\"og:description\" content=\"Da die Freiwilligenarbeit im Ausland zum Teil \u00fcber Spenden finanziert wird, sind wir Volont\u00e4re dazu aufgerufen einen Spenderkreis aufzubauen. Eure Spenden helfen das Programm aufrecht zu erhalten und unterst\u00fctzen so durch die DonBoscoVolunteers auch die Kinder und Jugendlichen vor Ort. Ich freue mich \u00fcber jede Spende und darauf, euch an meiner Arbeit teilhaben zu lassen!\" \/>\n<meta property=\"og:url\" content=\"https:\/\/blogs.donboscovolunteers.de\/theresainindien\/spenden\/\" \/>\n<meta property=\"og:site_name\" content=\"Theresa in Indien\" \/>\n<meta property=\"article:modified_time\" content=\"2019-09-23T13:45:04+00:00\" \/>\n<meta name=\"twitter:card\" content=\"summary_large_image\" \/>\n<script type=\"application\/ld+json\" class=\"yoast-schema-graph\">{\"@context\":\"https:\/\/schema.org\",\"@graph\":[{\"@type\":\"WebPage\",\"@id\":\"https:\/\/blogs.donboscovolunteers.de\/theresainindien\/spenden\/\",\"url\":\"https:\/\/blogs.donboscovolunteers.de\/theresainindien\/spenden\/\",\"name\":\"Spenden - Theresa in Indien\",\"isPartOf\":{\"@id\":\"https:\/\/blogs.donboscovolunteers.de\/theresainindien\/#website\"},\"datePublished\":\"2019-09-09T19:47:48+00:00\",\"dateModified\":\"2019-09-23T13:45:04+00:00\",\"breadcrumb\":{\"@id\":\"https:\/\/blogs.donboscovolunteers.de\/theresainindien\/spenden\/#breadcrumb\"},\"inLanguage\":\"de\",\"potentialAction\":[{\"@type\":\"ReadAction\",\"target\":[\"https:\/\/blogs.donboscovolunteers.de\/theresainindien\/spenden\/\"]}]},{\"@type\":\"BreadcrumbList\",\"@id\":\"https:\/\/blogs.donboscovolunteers.de\/theresainindien\/spenden\/#breadcrumb\",\"itemListElement\":[{\"@type\":\"ListItem\",\"position\":1,\"name\":\"Startseite\",\"item\":\"https:\/\/blogs.donboscovolunteers.de\/theresainindien\/\"},{\"@type\":\"ListItem\",\"position\":2,\"name\":\"Spenden\"}]},{\"@type\":\"WebSite\",\"@id\":\"https:\/\/blogs.donboscovolunteers.de\/theresainindien\/#website\",\"url\":\"https:\/\/blogs.donboscovolunteers.de\/theresainindien\/\",\"name\":\"Theresa in Indien\",\"description\":\"Eine weitere Don Bosco Volunteers Blogs Website\",\"potentialAction\":[{\"@type\":\"SearchAction\",\"target\":{\"@type\":\"EntryPoint\",\"urlTemplate\":\"https:\/\/blogs.donboscovolunteers.de\/theresainindien\/?s={search_term_string}\"},\"query-input\":{\"@type\":\"PropertyValueSpecification\",\"valueRequired\":true,\"valueName\":\"search_term_string\"}}],\"inLanguage\":\"de\"}]}<\/script>\n<!-- \/ Yoast SEO plugin. -->","yoast_head_json":{"title":"Spenden - Theresa in Indien","robots":{"index":"index","follow":"follow","max-snippet":"max-snippet:-1","max-image-preview":"max-image-preview:large","max-video-preview":"max-video-preview:-1"},"canonical":"https:\/\/blogs.donboscovolunteers.de\/theresainindien\/spenden\/","og_locale":"de_DE","og_type":"article","og_title":"Spenden - Theresa in Indien","og_description":"Da die Freiwilligenarbeit im Ausland zum Teil \u00fcber Spenden finanziert wird, sind wir Volont\u00e4re dazu aufgerufen einen Spenderkreis aufzubauen. Eure Spenden helfen das Programm aufrecht zu erhalten und unterst\u00fctzen so durch die DonBoscoVolunteers auch die Kinder und Jugendlichen vor Ort. Ich freue mich \u00fcber jede Spende und darauf, euch an meiner Arbeit teilhaben zu lassen!","og_url":"https:\/\/blogs.donboscovolunteers.de\/theresainindien\/spenden\/","og_site_name":"Theresa in Indien","article_modified_time":"2019-09-23T13:45:04+00:00","twitter_card":"summary_large_image","schema":{"@context":"https:\/\/schema.org","@graph":[{"@type":"WebPage","@id":"https:\/\/blogs.donboscovolunteers.de\/theresainindien\/spenden\/","url":"https:\/\/blogs.donboscovolunteers.de\/theresainindien\/spenden\/","name":"Spenden - Theresa in Indien","isPartOf":{"@id":"https:\/\/blogs.donboscovolunteers.de\/theresainindien\/#website"},"datePublished":"2019-09-09T19:47:48+00:00","dateModified":"2019-09-23T13:45:04+00:00","breadcrumb":{"@id":"https:\/\/blogs.donboscovolunteers.de\/theresainindien\/spenden\/#breadcrumb"},"inLanguage":"de","potentialAction":[{"@type":"ReadAction","target":["https:\/\/blogs.donboscovolunteers.de\/theresainindien\/spenden\/"]}]},{"@type":"BreadcrumbList","@id":"https:\/\/blogs.donboscovolunteers.de\/theresainindien\/spenden\/#breadcrumb","itemListElement":[{"@type":"ListItem","position":1,"name":"Startseite","item":"https:\/\/blogs.donboscovolunteers.de\/theresainindien\/"},{"@type":"ListItem","position":2,"name":"Spenden"}]},{"@type":"WebSite","@id":"https:\/\/blogs.donboscovolunteers.de\/theresainindien\/#website","url":"https:\/\/blogs.donboscovolunteers.de\/theresainindien\/","name":"Theresa in Indien","description":"Eine weitere Don Bosco Volunteers Blogs Website","potentialAction":[{"@type":"SearchAction","target":{"@type":"EntryPoint","urlTemplate":"https:\/\/blogs.donboscovolunteers.de\/theresainindien\/?s={search_term_string}"},"query-input":{"@type":"PropertyValueSpecification","valueRequired":true,"valueName":"search_term_string"}}],"inLanguage":"de"}]}},"_links":{"self":[{"href":"https:\/\/blogs.donboscovolunteers.de\/theresainindien\/wp-json\/wp\/v2\/pages\/20","targetHints":{"allow":["GET"]}}],"collection":[{"href":"https:\/\/blogs.donboscovolunteers.de\/theresainindien\/wp-json\/wp\/v2\/pages"}],"about":[{"href":"https:\/\/blogs.donboscovolunteers.de\/theresainindien\/wp-json\/wp\/v2\/types\/page"}],"author":[{"embeddable":true,"href":"https:\/\/blogs.donboscovolunteers.de\/theresainindien\/wp-json\/wp\/v2\/users\/21639"}],"replies":[{"embeddable":true,"href":"https:\/\/blogs.donboscovolunteers.de\/theresainindien\/wp-json\/wp\/v2\/comments?post=20"}],"version-history":[{"count":3,"href":"https:\/\/blogs.donboscovolunteers.de\/theresainindien\/wp-json\/wp\/v2\/pages\/20\/revisions"}],"predecessor-version":[{"id":35,"href":"https:\/\/blogs.donboscovolunteers.de\/theresainindien\/wp-json\/wp\/v2\/pages\/20\/revisions\/35"}],"wp:attachment":[{"href":"https:\/\/blogs.donboscovolunteers.de\/theresainindien\/wp-json\/wp\/v2\/media?parent=20"}],"curies":[{"name":"wp","href":"https:\/\/api.w.org\/{rel}","templated":true}]}}