{"id":4,"date":"2022-06-20T20:28:36","date_gmt":"2022-06-20T18:28:36","guid":{"rendered":"https:\/\/blogs.donboscovolunteers.de\/teresahillebrand\/sign-up\/"},"modified":"2022-12-31T01:15:08","modified_gmt":"2022-12-31T00:15:08","slug":"sign-up","status":"publish","type":"page","link":"https:\/\/blogs.donboscovolunteers.de\/teresahillebrand\/sign-up\/","title":{"rendered":"Ich \u00fcber mich"},"content":{"rendered":"<h2 class=\"has-text-align-center wp-block-heading\">\u00a1Bienvenidos und herzlich willkommen auf meinem Blog!<\/h2>\n\n\n<p>Ich hei\u00dfe Teresa, bin 18 Jahre alt und habe vor kurzem mein Abitur gemacht.<\/p>\n<p>Im Moment wohne ich noch in Wipperf\u00fcrth, einer kleinen Stadt im Bergischen Land, doch schon ganz bald geht es f\u00fcr mich f\u00fcr ein Jahr lang nach S\u00fcdamerika, um genauer zu sein nach <strong><a href=\"https:\/\/strassenkinder.de\/laender\/lateinamerika\/bolivien-strassenkinderzentrum\/\">Santa Cruz<\/a><\/strong> in <a href=\"https:\/\/multimedia.strassenkinder.de\/bolivien\">BOLIVIEN<\/a>. Dort werde ich meinen Auslandsfreiwilligendienst mit <a href=\"https:\/\/www.donboscomission.de\/don-bosco\/\">Don Bosco<\/a> Volunteers beginnen und freue mich jetzt schon, euch auf diesem Blog von meiner Zeit dort zu berichten.<\/p>\n<p>\u00a0<\/p>","protected":false},"excerpt":{"rendered":"<p>\u00a1Bienvenidos und herzlich willkommen auf meinem Blog! Ich hei\u00dfe Teresa, bin 18 Jahre alt und habe vor kurzem mein Abitur gemacht. Im Moment wohne ich noch in Wipperf\u00fcrth, einer kleinen Stadt im Bergischen Land, doch schon ganz bald geht es f\u00fcr mich f\u00fcr ein Jahr lang nach S\u00fcdamerika, um genauer zu sein nach <a href=\"https:\/\/strassenkinder.de\/laender\/lateinamerika\/bolivien-strassenkinderzentrum\/\">Santa Cruz<\/a> [&hellip;]<\/p>\n","protected":false},"author":21733,"featured_media":0,"parent":0,"menu_order":0,"comment_status":"closed","ping_status":"closed","template":"","meta":{"footnotes":""},"class_list":["post-4","page","type-page","status-publish","hentry"],"yoast_head":"<!-- This site is optimized with the Yoast SEO plugin v25.3.1 - https:\/\/yoast.com\/wordpress\/plugins\/seo\/ -->\n<title>Ich \u00fcber mich - Vamos a Bolivia<\/title>\n<meta name=\"robots\" content=\"index, follow, max-snippet:-1, max-image-preview:large, max-video-preview:-1\" \/>\n<link rel=\"canonical\" href=\"https:\/\/blogs.donboscovolunteers.de\/teresahillebrand\/sign-up\/\" \/>\n<meta property=\"og:locale\" content=\"de_DE\" \/>\n<meta property=\"og:type\" content=\"article\" \/>\n<meta property=\"og:title\" content=\"Ich \u00fcber mich - Vamos a Bolivia\" \/>\n<meta property=\"og:description\" content=\"\u00a1Bienvenidos und herzlich willkommen auf meinem Blog! Ich hei\u00dfe Teresa, bin 18 Jahre alt und habe vor kurzem mein Abitur gemacht. Im Moment wohne ich noch in Wipperf\u00fcrth, einer kleinen Stadt im Bergischen Land, doch schon ganz bald geht es f\u00fcr mich f\u00fcr ein Jahr lang nach S\u00fcdamerika, um genauer zu sein nach Santa Cruz [&hellip;]\" \/>\n<meta property=\"og:url\" content=\"https:\/\/blogs.donboscovolunteers.de\/teresahillebrand\/sign-up\/\" \/>\n<meta property=\"og:site_name\" content=\"Vamos a Bolivia\" \/>\n<meta property=\"article:modified_time\" content=\"2022-12-31T00:15:08+00:00\" \/>\n<meta name=\"twitter:card\" content=\"summary_large_image\" \/>\n<meta name=\"twitter:label1\" content=\"Gesch\u00e4tzte Lesezeit\" \/>\n\t<meta name=\"twitter:data1\" content=\"1\u00a0Minute\" \/>\n<script type=\"application\/ld+json\" class=\"yoast-schema-graph\">{\"@context\":\"https:\/\/schema.org\",\"@graph\":[{\"@type\":\"WebPage\",\"@id\":\"https:\/\/blogs.donboscovolunteers.de\/teresahillebrand\/sign-up\/\",\"url\":\"https:\/\/blogs.donboscovolunteers.de\/teresahillebrand\/sign-up\/\",\"name\":\"Ich \u00fcber mich - Vamos a Bolivia\",\"isPartOf\":{\"@id\":\"https:\/\/blogs.donboscovolunteers.de\/teresahillebrand\/#website\"},\"datePublished\":\"2022-06-20T18:28:36+00:00\",\"dateModified\":\"2022-12-31T00:15:08+00:00\",\"breadcrumb\":{\"@id\":\"https:\/\/blogs.donboscovolunteers.de\/teresahillebrand\/sign-up\/#breadcrumb\"},\"inLanguage\":\"de\",\"potentialAction\":[{\"@type\":\"ReadAction\",\"target\":[\"https:\/\/blogs.donboscovolunteers.de\/teresahillebrand\/sign-up\/\"]}]},{\"@type\":\"BreadcrumbList\",\"@id\":\"https:\/\/blogs.donboscovolunteers.de\/teresahillebrand\/sign-up\/#breadcrumb\",\"itemListElement\":[{\"@type\":\"ListItem\",\"position\":1,\"name\":\"Startseite\",\"item\":\"https:\/\/blogs.donboscovolunteers.de\/teresahillebrand\/\"},{\"@type\":\"ListItem\",\"position\":2,\"name\":\"Ich \u00fcber mich\"}]},{\"@type\":\"WebSite\",\"@id\":\"https:\/\/blogs.donboscovolunteers.de\/teresahillebrand\/#website\",\"url\":\"https:\/\/blogs.donboscovolunteers.de\/teresahillebrand\/\",\"name\":\"Vamos a Bolivia\",\"description\":\"Teresa in S\u00fcdamerika\",\"potentialAction\":[{\"@type\":\"SearchAction\",\"target\":{\"@type\":\"EntryPoint\",\"urlTemplate\":\"https:\/\/blogs.donboscovolunteers.de\/teresahillebrand\/?s={search_term_string}\"},\"query-input\":{\"@type\":\"PropertyValueSpecification\",\"valueRequired\":true,\"valueName\":\"search_term_string\"}}],\"inLanguage\":\"de\"}]}<\/script>\n<!-- \/ Yoast SEO plugin. -->","yoast_head_json":{"title":"Ich \u00fcber mich - Vamos a Bolivia","robots":{"index":"index","follow":"follow","max-snippet":"max-snippet:-1","max-image-preview":"max-image-preview:large","max-video-preview":"max-video-preview:-1"},"canonical":"https:\/\/blogs.donboscovolunteers.de\/teresahillebrand\/sign-up\/","og_locale":"de_DE","og_type":"article","og_title":"Ich \u00fcber mich - Vamos a Bolivia","og_description":"\u00a1Bienvenidos und herzlich willkommen auf meinem Blog! Ich hei\u00dfe Teresa, bin 18 Jahre alt und habe vor kurzem mein Abitur gemacht. Im Moment wohne ich noch in Wipperf\u00fcrth, einer kleinen Stadt im Bergischen Land, doch schon ganz bald geht es f\u00fcr mich f\u00fcr ein Jahr lang nach S\u00fcdamerika, um genauer zu sein nach Santa Cruz [&hellip;]","og_url":"https:\/\/blogs.donboscovolunteers.de\/teresahillebrand\/sign-up\/","og_site_name":"Vamos a Bolivia","article_modified_time":"2022-12-31T00:15:08+00:00","twitter_card":"summary_large_image","twitter_misc":{"Gesch\u00e4tzte Lesezeit":"1\u00a0Minute"},"schema":{"@context":"https:\/\/schema.org","@graph":[{"@type":"WebPage","@id":"https:\/\/blogs.donboscovolunteers.de\/teresahillebrand\/sign-up\/","url":"https:\/\/blogs.donboscovolunteers.de\/teresahillebrand\/sign-up\/","name":"Ich \u00fcber mich - Vamos a Bolivia","isPartOf":{"@id":"https:\/\/blogs.donboscovolunteers.de\/teresahillebrand\/#website"},"datePublished":"2022-06-20T18:28:36+00:00","dateModified":"2022-12-31T00:15:08+00:00","breadcrumb":{"@id":"https:\/\/blogs.donboscovolunteers.de\/teresahillebrand\/sign-up\/#breadcrumb"},"inLanguage":"de","potentialAction":[{"@type":"ReadAction","target":["https:\/\/blogs.donboscovolunteers.de\/teresahillebrand\/sign-up\/"]}]},{"@type":"BreadcrumbList","@id":"https:\/\/blogs.donboscovolunteers.de\/teresahillebrand\/sign-up\/#breadcrumb","itemListElement":[{"@type":"ListItem","position":1,"name":"Startseite","item":"https:\/\/blogs.donboscovolunteers.de\/teresahillebrand\/"},{"@type":"ListItem","position":2,"name":"Ich \u00fcber mich"}]},{"@type":"WebSite","@id":"https:\/\/blogs.donboscovolunteers.de\/teresahillebrand\/#website","url":"https:\/\/blogs.donboscovolunteers.de\/teresahillebrand\/","name":"Vamos a Bolivia","description":"Teresa in S\u00fcdamerika","potentialAction":[{"@type":"SearchAction","target":{"@type":"EntryPoint","urlTemplate":"https:\/\/blogs.donboscovolunteers.de\/teresahillebrand\/?s={search_term_string}"},"query-input":{"@type":"PropertyValueSpecification","valueRequired":true,"valueName":"search_term_string"}}],"inLanguage":"de"}]}},"_links":{"self":[{"href":"https:\/\/blogs.donboscovolunteers.de\/teresahillebrand\/wp-json\/wp\/v2\/pages\/4","targetHints":{"allow":["GET"]}}],"collection":[{"href":"https:\/\/blogs.donboscovolunteers.de\/teresahillebrand\/wp-json\/wp\/v2\/pages"}],"about":[{"href":"https:\/\/blogs.donboscovolunteers.de\/teresahillebrand\/wp-json\/wp\/v2\/types\/page"}],"author":[{"embeddable":true,"href":"https:\/\/blogs.donboscovolunteers.de\/teresahillebrand\/wp-json\/wp\/v2\/users\/21733"}],"replies":[{"embeddable":true,"href":"https:\/\/blogs.donboscovolunteers.de\/teresahillebrand\/wp-json\/wp\/v2\/comments?post=4"}],"version-history":[{"count":10,"href":"https:\/\/blogs.donboscovolunteers.de\/teresahillebrand\/wp-json\/wp\/v2\/pages\/4\/revisions"}],"predecessor-version":[{"id":612,"href":"https:\/\/blogs.donboscovolunteers.de\/teresahillebrand\/wp-json\/wp\/v2\/pages\/4\/revisions\/612"}],"wp:attachment":[{"href":"https:\/\/blogs.donboscovolunteers.de\/teresahillebrand\/wp-json\/wp\/v2\/media?parent=4"}],"curies":[{"name":"wp","href":"https:\/\/api.w.org\/{rel}","templated":true}]}}