{"id":50,"date":"2019-09-01T21:23:23","date_gmt":"2019-09-01T19:23:23","guid":{"rendered":"https:\/\/blogs.donboscovolunteers.de\/tauschealpengegenanden\/?page_id=50"},"modified":"2019-09-23T16:00:22","modified_gmt":"2019-09-23T14:00:22","slug":"spenden","status":"publish","type":"page","link":"https:\/\/blogs.donboscovolunteers.de\/tauschealpengegenanden\/spenden\/","title":{"rendered":"Spenden"},"content":{"rendered":"<p>&#8230;geh\u00f6ren zum Auslandsjahr bei <a href=\"https:\/\/www.donboscomission.de\/don-bosco\/\">Don Bosco<\/a> dazu. Jeder noch so kleine Betrag unterst\u00fctzt uns in unserer Arbeit als Volunteers: Wir k\u00f6nnen unsere gesamte Zeit und Energie auf den Kern des Freiwilligendienstes konzentrieren, der Kinder- und Jugendarbeit. <\/p>\n\n\n\n<p><strong>Von Deutschland nach Argentinien, von Mensch zu Mensch<\/strong><\/p>\n\n\n\n<p>Eure F\u00f6rderung flie\u00dft der Aufrechterhaltung meines Auslandsjahres zu, so k\u00f6nnt ihr die einzelnen Projekte unterst\u00fctzen und wisst, wo eure Spenden hinflie\u00dfen. Also auf was wartet ihr noch? \ud83d\ude09 <\/p>\n\n\n\n<div class=\"wp-block-button aligncenter\"><a class=\"wp-block-button__link\" href=\"https:\/\/www.donboscomission.de\/volontariat\/spenden\/?fb_item_id=24740\">Jetzt online spenden!<\/a><\/div>","protected":false},"excerpt":{"rendered":"<p>&#8230;geh\u00f6ren zum Auslandsjahr bei <a href=\"https:\/\/www.donboscomission.de\/don-bosco\/\">Don Bosco<\/a> dazu. Jeder noch so kleine Betrag unterst\u00fctzt uns in unserer Arbeit als Volunteers: Wir k\u00f6nnen unsere gesamte Zeit und Energie auf den Kern des Freiwilligendienstes konzentrieren, der Kinder- und Jugendarbeit. Von Deutschland nach Argentinien, von Mensch zu Mensch Eure F\u00f6rderung flie\u00dft der Aufrechterhaltung meines Auslandsjahres zu, so k\u00f6nnt ihr [&hellip;]<\/p>\n","protected":false},"author":21667,"featured_media":0,"parent":0,"menu_order":0,"comment_status":"closed","ping_status":"closed","template":"","meta":{"footnotes":""},"class_list":["post-50","page","type-page","status-publish","hentry"],"yoast_head":"<!-- This site is optimized with the Yoast SEO plugin v25.3.1 - https:\/\/yoast.com\/wordpress\/plugins\/seo\/ -->\n<title>Spenden - Tausche Alpen gegen Anden<\/title>\n<meta name=\"robots\" content=\"index, follow, max-snippet:-1, max-image-preview:large, max-video-preview:-1\" \/>\n<link rel=\"canonical\" href=\"https:\/\/blogs.donboscovolunteers.de\/tauschealpengegenanden\/spenden\/\" \/>\n<meta property=\"og:locale\" content=\"de_DE\" \/>\n<meta property=\"og:type\" content=\"article\" \/>\n<meta property=\"og:title\" content=\"Spenden - Tausche Alpen gegen Anden\" \/>\n<meta property=\"og:description\" content=\"&#8230;geh\u00f6ren zum Auslandsjahr bei Don Bosco dazu. Jeder noch so kleine Betrag unterst\u00fctzt uns in unserer Arbeit als Volunteers: Wir k\u00f6nnen unsere gesamte Zeit und Energie auf den Kern des Freiwilligendienstes konzentrieren, der Kinder- und Jugendarbeit. Von Deutschland nach Argentinien, von Mensch zu Mensch Eure F\u00f6rderung flie\u00dft der Aufrechterhaltung meines Auslandsjahres zu, so k\u00f6nnt ihr [&hellip;]\" \/>\n<meta property=\"og:url\" content=\"https:\/\/blogs.donboscovolunteers.de\/tauschealpengegenanden\/spenden\/\" \/>\n<meta property=\"og:site_name\" content=\"Tausche Alpen gegen Anden\" \/>\n<meta property=\"article:modified_time\" content=\"2019-09-23T14:00:22+00:00\" \/>\n<meta name=\"twitter:card\" content=\"summary_large_image\" \/>\n<script type=\"application\/ld+json\" class=\"yoast-schema-graph\">{\"@context\":\"https:\/\/schema.org\",\"@graph\":[{\"@type\":\"WebPage\",\"@id\":\"https:\/\/blogs.donboscovolunteers.de\/tauschealpengegenanden\/spenden\/\",\"url\":\"https:\/\/blogs.donboscovolunteers.de\/tauschealpengegenanden\/spenden\/\",\"name\":\"Spenden - Tausche Alpen gegen Anden\",\"isPartOf\":{\"@id\":\"https:\/\/blogs.donboscovolunteers.de\/tauschealpengegenanden\/#website\"},\"datePublished\":\"2019-09-01T19:23:23+00:00\",\"dateModified\":\"2019-09-23T14:00:22+00:00\",\"breadcrumb\":{\"@id\":\"https:\/\/blogs.donboscovolunteers.de\/tauschealpengegenanden\/spenden\/#breadcrumb\"},\"inLanguage\":\"de\",\"potentialAction\":[{\"@type\":\"ReadAction\",\"target\":[\"https:\/\/blogs.donboscovolunteers.de\/tauschealpengegenanden\/spenden\/\"]}]},{\"@type\":\"BreadcrumbList\",\"@id\":\"https:\/\/blogs.donboscovolunteers.de\/tauschealpengegenanden\/spenden\/#breadcrumb\",\"itemListElement\":[{\"@type\":\"ListItem\",\"position\":1,\"name\":\"Startseite\",\"item\":\"https:\/\/blogs.donboscovolunteers.de\/tauschealpengegenanden\/\"},{\"@type\":\"ListItem\",\"position\":2,\"name\":\"Spenden\"}]},{\"@type\":\"WebSite\",\"@id\":\"https:\/\/blogs.donboscovolunteers.de\/tauschealpengegenanden\/#website\",\"url\":\"https:\/\/blogs.donboscovolunteers.de\/tauschealpengegenanden\/\",\"name\":\"Tausche Alpen gegen Anden\",\"description\":\"Martha in Argentinien\",\"potentialAction\":[{\"@type\":\"SearchAction\",\"target\":{\"@type\":\"EntryPoint\",\"urlTemplate\":\"https:\/\/blogs.donboscovolunteers.de\/tauschealpengegenanden\/?s={search_term_string}\"},\"query-input\":{\"@type\":\"PropertyValueSpecification\",\"valueRequired\":true,\"valueName\":\"search_term_string\"}}],\"inLanguage\":\"de\"}]}<\/script>\n<!-- \/ Yoast SEO plugin. -->","yoast_head_json":{"title":"Spenden - Tausche Alpen gegen Anden","robots":{"index":"index","follow":"follow","max-snippet":"max-snippet:-1","max-image-preview":"max-image-preview:large","max-video-preview":"max-video-preview:-1"},"canonical":"https:\/\/blogs.donboscovolunteers.de\/tauschealpengegenanden\/spenden\/","og_locale":"de_DE","og_type":"article","og_title":"Spenden - Tausche Alpen gegen Anden","og_description":"&#8230;geh\u00f6ren zum Auslandsjahr bei Don Bosco dazu. Jeder noch so kleine Betrag unterst\u00fctzt uns in unserer Arbeit als Volunteers: Wir k\u00f6nnen unsere gesamte Zeit und Energie auf den Kern des Freiwilligendienstes konzentrieren, der Kinder- und Jugendarbeit. Von Deutschland nach Argentinien, von Mensch zu Mensch Eure F\u00f6rderung flie\u00dft der Aufrechterhaltung meines Auslandsjahres zu, so k\u00f6nnt ihr [&hellip;]","og_url":"https:\/\/blogs.donboscovolunteers.de\/tauschealpengegenanden\/spenden\/","og_site_name":"Tausche Alpen gegen Anden","article_modified_time":"2019-09-23T14:00:22+00:00","twitter_card":"summary_large_image","schema":{"@context":"https:\/\/schema.org","@graph":[{"@type":"WebPage","@id":"https:\/\/blogs.donboscovolunteers.de\/tauschealpengegenanden\/spenden\/","url":"https:\/\/blogs.donboscovolunteers.de\/tauschealpengegenanden\/spenden\/","name":"Spenden - Tausche Alpen gegen Anden","isPartOf":{"@id":"https:\/\/blogs.donboscovolunteers.de\/tauschealpengegenanden\/#website"},"datePublished":"2019-09-01T19:23:23+00:00","dateModified":"2019-09-23T14:00:22+00:00","breadcrumb":{"@id":"https:\/\/blogs.donboscovolunteers.de\/tauschealpengegenanden\/spenden\/#breadcrumb"},"inLanguage":"de","potentialAction":[{"@type":"ReadAction","target":["https:\/\/blogs.donboscovolunteers.de\/tauschealpengegenanden\/spenden\/"]}]},{"@type":"BreadcrumbList","@id":"https:\/\/blogs.donboscovolunteers.de\/tauschealpengegenanden\/spenden\/#breadcrumb","itemListElement":[{"@type":"ListItem","position":1,"name":"Startseite","item":"https:\/\/blogs.donboscovolunteers.de\/tauschealpengegenanden\/"},{"@type":"ListItem","position":2,"name":"Spenden"}]},{"@type":"WebSite","@id":"https:\/\/blogs.donboscovolunteers.de\/tauschealpengegenanden\/#website","url":"https:\/\/blogs.donboscovolunteers.de\/tauschealpengegenanden\/","name":"Tausche Alpen gegen Anden","description":"Martha in Argentinien","potentialAction":[{"@type":"SearchAction","target":{"@type":"EntryPoint","urlTemplate":"https:\/\/blogs.donboscovolunteers.de\/tauschealpengegenanden\/?s={search_term_string}"},"query-input":{"@type":"PropertyValueSpecification","valueRequired":true,"valueName":"search_term_string"}}],"inLanguage":"de"}]}},"_links":{"self":[{"href":"https:\/\/blogs.donboscovolunteers.de\/tauschealpengegenanden\/wp-json\/wp\/v2\/pages\/50","targetHints":{"allow":["GET"]}}],"collection":[{"href":"https:\/\/blogs.donboscovolunteers.de\/tauschealpengegenanden\/wp-json\/wp\/v2\/pages"}],"about":[{"href":"https:\/\/blogs.donboscovolunteers.de\/tauschealpengegenanden\/wp-json\/wp\/v2\/types\/page"}],"author":[{"embeddable":true,"href":"https:\/\/blogs.donboscovolunteers.de\/tauschealpengegenanden\/wp-json\/wp\/v2\/users\/21667"}],"replies":[{"embeddable":true,"href":"https:\/\/blogs.donboscovolunteers.de\/tauschealpengegenanden\/wp-json\/wp\/v2\/comments?post=50"}],"version-history":[{"count":2,"href":"https:\/\/blogs.donboscovolunteers.de\/tauschealpengegenanden\/wp-json\/wp\/v2\/pages\/50\/revisions"}],"predecessor-version":[{"id":74,"href":"https:\/\/blogs.donboscovolunteers.de\/tauschealpengegenanden\/wp-json\/wp\/v2\/pages\/50\/revisions\/74"}],"wp:attachment":[{"href":"https:\/\/blogs.donboscovolunteers.de\/tauschealpengegenanden\/wp-json\/wp\/v2\/media?parent=50"}],"curies":[{"name":"wp","href":"https:\/\/api.w.org\/{rel}","templated":true}]}}