{"id":4,"date":"2025-03-05T15:45:50","date_gmt":"2025-03-05T14:45:50","guid":{"rendered":"https:\/\/blogs.donboscovolunteers.de\/annesindientagebuch\/about-2\/"},"modified":"2025-04-09T14:13:32","modified_gmt":"2025-04-09T12:13:32","slug":"about-2","status":"publish","type":"page","link":"https:\/\/blogs.donboscovolunteers.de\/tamiltagebuch\/about-2\/","title":{"rendered":"Spenden"},"content":{"rendered":"<p>Rund 50 Freiwillige werden jedes Jahr von <a href=\"https:\/\/www.donboscomission.de\/don-bosco\/\">Don Bosco<\/a> Volunteers ins Ausland entsandt.<br \/>Unser entwicklungspolitischer <a href=\"https:\/\/www.donboscovolunteers.de\/\">Freiwilligendienst<\/a> l\u00e4uft \u00fcber das staatlich gef\u00f6rderte Programm \u201eweltw\u00e4rts\u201c, welches 2008 vom Bundesministerium f\u00fcr wirtschaftliche Zusammenarbeit und Entwicklung (BMZ) ins Leben gerufen wurde.<br \/>W\u00e4hrend eines solchen Auslandfreiwilligendienstes fallen nat\u00fcrlich einige Kosten an. Diese werden zu 75% vom BMZ getragen, w\u00e4hrend der restliche Anteil vom Freiwilligen durch das Aufbauen eines F\u00f6rderkreis finanziert wird. Dadurch soll erm\u00f6glicht werden, dass auch in Zukunft Freiwillige in die Projekte entsendet werden k\u00f6nnen.<br \/>Das sind rund 3000 Euro pro Freiwillige\/-r.<br \/>Ich w\u00fcrde mich also sehr freuen, wenn ihr f\u00fcr meinen Freiwilligendienst und so auch f\u00fcr das \u201eDon Bosco Care Home\u201c spendet!<\/p>\n<p>Wenn ihr spenden m\u00f6chtet, k\u00f6nnt ihr das auf folgendes Konto tun:<\/p>\n<p><strong>DON BOSCO MISSION<\/strong><\/p>\n<p><strong>LIGA BANK M\u00dcNCHEN<br \/><\/strong><strong>IBAN: DE66 7509 0300 0102 1418 76<\/strong><\/p>\n<p><strong>BIC: GENODEF1M05<\/strong>\u00a0<\/p>\n<p><strong>Verwendungszweck: <\/strong><strong>Anne\/<b>S25VB008<\/b><\/strong><\/p>\n<p>(Euch wird eine Spendenbescheinigung zugeschickt, wenn ihr im Verwendungszweck zus\u00e4tzlich eure Adresse angebt)<\/p>\n<p>Vielen Dank!<\/p>\n\n\n<p><\/p>","protected":false},"excerpt":{"rendered":"<p>Rund 50 Freiwillige werden jedes Jahr von <a href=\"https:\/\/www.donboscomission.de\/don-bosco\/\">Don Bosco<\/a> Volunteers ins Ausland entsandt.Unser entwicklungspolitischer <a href=\"https:\/\/www.donboscovolunteers.de\/\">Freiwilligendienst<\/a> l\u00e4uft \u00fcber das staatlich gef\u00f6rderte Programm \u201eweltw\u00e4rts\u201c, welches 2008 vom Bundesministerium f\u00fcr wirtschaftliche Zusammenarbeit und Entwicklung (BMZ) ins Leben gerufen wurde.W\u00e4hrend eines solchen Auslandfreiwilligendienstes fallen nat\u00fcrlich einige Kosten an. Diese werden zu 75% vom BMZ getragen, w\u00e4hrend der restliche Anteil [&hellip;]<\/p>\n","protected":false},"author":1,"featured_media":0,"parent":0,"menu_order":1,"comment_status":"closed","ping_status":"closed","template":"","meta":{"footnotes":""},"class_list":["post-4","page","type-page","status-publish","hentry"],"yoast_head":"<!-- This site is optimized with the Yoast SEO plugin v25.3.1 - https:\/\/yoast.com\/wordpress\/plugins\/seo\/ -->\n<title>Spenden - Annes Tagebuch<\/title>\n<meta name=\"robots\" content=\"index, follow, max-snippet:-1, max-image-preview:large, max-video-preview:-1\" \/>\n<link rel=\"canonical\" href=\"https:\/\/blogs.donboscovolunteers.de\/tamiltagebuch\/about-2\/\" \/>\n<meta property=\"og:locale\" content=\"de_DE\" \/>\n<meta property=\"og:type\" content=\"article\" \/>\n<meta property=\"og:title\" content=\"Spenden - Annes Tagebuch\" \/>\n<meta property=\"og:description\" content=\"Rund 50 Freiwillige werden jedes Jahr von Don Bosco Volunteers ins Ausland entsandt.Unser entwicklungspolitischer Freiwilligendienst l\u00e4uft \u00fcber das staatlich gef\u00f6rderte Programm \u201eweltw\u00e4rts\u201c, welches 2008 vom Bundesministerium f\u00fcr wirtschaftliche Zusammenarbeit und Entwicklung (BMZ) ins Leben gerufen wurde.W\u00e4hrend eines solchen Auslandfreiwilligendienstes fallen nat\u00fcrlich einige Kosten an. Diese werden zu 75% vom BMZ getragen, w\u00e4hrend der restliche Anteil [&hellip;]\" \/>\n<meta property=\"og:url\" content=\"https:\/\/blogs.donboscovolunteers.de\/tamiltagebuch\/about-2\/\" \/>\n<meta property=\"og:site_name\" content=\"Annes Tagebuch\" \/>\n<meta property=\"article:modified_time\" content=\"2025-04-09T12:13:32+00:00\" \/>\n<meta name=\"twitter:card\" content=\"summary_large_image\" \/>\n<meta name=\"twitter:label1\" content=\"Gesch\u00e4tzte Lesezeit\" \/>\n\t<meta name=\"twitter:data1\" content=\"1\u00a0Minute\" \/>\n<script type=\"application\/ld+json\" class=\"yoast-schema-graph\">{\"@context\":\"https:\/\/schema.org\",\"@graph\":[{\"@type\":\"WebPage\",\"@id\":\"https:\/\/blogs.donboscovolunteers.de\/tamiltagebuch\/about-2\/\",\"url\":\"https:\/\/blogs.donboscovolunteers.de\/tamiltagebuch\/about-2\/\",\"name\":\"Spenden - Annes Tagebuch\",\"isPartOf\":{\"@id\":\"https:\/\/blogs.donboscovolunteers.de\/tamiltagebuch\/#website\"},\"datePublished\":\"2025-03-05T14:45:50+00:00\",\"dateModified\":\"2025-04-09T12:13:32+00:00\",\"breadcrumb\":{\"@id\":\"https:\/\/blogs.donboscovolunteers.de\/tamiltagebuch\/about-2\/#breadcrumb\"},\"inLanguage\":\"de\",\"potentialAction\":[{\"@type\":\"ReadAction\",\"target\":[\"https:\/\/blogs.donboscovolunteers.de\/tamiltagebuch\/about-2\/\"]}]},{\"@type\":\"BreadcrumbList\",\"@id\":\"https:\/\/blogs.donboscovolunteers.de\/tamiltagebuch\/about-2\/#breadcrumb\",\"itemListElement\":[{\"@type\":\"ListItem\",\"position\":1,\"name\":\"Startseite\",\"item\":\"https:\/\/blogs.donboscovolunteers.de\/tamiltagebuch\/\"},{\"@type\":\"ListItem\",\"position\":2,\"name\":\"Spenden\"}]},{\"@type\":\"WebSite\",\"@id\":\"https:\/\/blogs.donboscovolunteers.de\/tamiltagebuch\/#website\",\"url\":\"https:\/\/blogs.donboscovolunteers.de\/tamiltagebuch\/\",\"name\":\"Annes Tagebuch\",\"description\":\"\",\"potentialAction\":[{\"@type\":\"SearchAction\",\"target\":{\"@type\":\"EntryPoint\",\"urlTemplate\":\"https:\/\/blogs.donboscovolunteers.de\/tamiltagebuch\/?s={search_term_string}\"},\"query-input\":{\"@type\":\"PropertyValueSpecification\",\"valueRequired\":true,\"valueName\":\"search_term_string\"}}],\"inLanguage\":\"de\"}]}<\/script>\n<!-- \/ Yoast SEO plugin. -->","yoast_head_json":{"title":"Spenden - Annes Tagebuch","robots":{"index":"index","follow":"follow","max-snippet":"max-snippet:-1","max-image-preview":"max-image-preview:large","max-video-preview":"max-video-preview:-1"},"canonical":"https:\/\/blogs.donboscovolunteers.de\/tamiltagebuch\/about-2\/","og_locale":"de_DE","og_type":"article","og_title":"Spenden - Annes Tagebuch","og_description":"Rund 50 Freiwillige werden jedes Jahr von Don Bosco Volunteers ins Ausland entsandt.Unser entwicklungspolitischer Freiwilligendienst l\u00e4uft \u00fcber das staatlich gef\u00f6rderte Programm \u201eweltw\u00e4rts\u201c, welches 2008 vom Bundesministerium f\u00fcr wirtschaftliche Zusammenarbeit und Entwicklung (BMZ) ins Leben gerufen wurde.W\u00e4hrend eines solchen Auslandfreiwilligendienstes fallen nat\u00fcrlich einige Kosten an. Diese werden zu 75% vom BMZ getragen, w\u00e4hrend der restliche Anteil [&hellip;]","og_url":"https:\/\/blogs.donboscovolunteers.de\/tamiltagebuch\/about-2\/","og_site_name":"Annes Tagebuch","article_modified_time":"2025-04-09T12:13:32+00:00","twitter_card":"summary_large_image","twitter_misc":{"Gesch\u00e4tzte Lesezeit":"1\u00a0Minute"},"schema":{"@context":"https:\/\/schema.org","@graph":[{"@type":"WebPage","@id":"https:\/\/blogs.donboscovolunteers.de\/tamiltagebuch\/about-2\/","url":"https:\/\/blogs.donboscovolunteers.de\/tamiltagebuch\/about-2\/","name":"Spenden - Annes Tagebuch","isPartOf":{"@id":"https:\/\/blogs.donboscovolunteers.de\/tamiltagebuch\/#website"},"datePublished":"2025-03-05T14:45:50+00:00","dateModified":"2025-04-09T12:13:32+00:00","breadcrumb":{"@id":"https:\/\/blogs.donboscovolunteers.de\/tamiltagebuch\/about-2\/#breadcrumb"},"inLanguage":"de","potentialAction":[{"@type":"ReadAction","target":["https:\/\/blogs.donboscovolunteers.de\/tamiltagebuch\/about-2\/"]}]},{"@type":"BreadcrumbList","@id":"https:\/\/blogs.donboscovolunteers.de\/tamiltagebuch\/about-2\/#breadcrumb","itemListElement":[{"@type":"ListItem","position":1,"name":"Startseite","item":"https:\/\/blogs.donboscovolunteers.de\/tamiltagebuch\/"},{"@type":"ListItem","position":2,"name":"Spenden"}]},{"@type":"WebSite","@id":"https:\/\/blogs.donboscovolunteers.de\/tamiltagebuch\/#website","url":"https:\/\/blogs.donboscovolunteers.de\/tamiltagebuch\/","name":"Annes Tagebuch","description":"","potentialAction":[{"@type":"SearchAction","target":{"@type":"EntryPoint","urlTemplate":"https:\/\/blogs.donboscovolunteers.de\/tamiltagebuch\/?s={search_term_string}"},"query-input":{"@type":"PropertyValueSpecification","valueRequired":true,"valueName":"search_term_string"}}],"inLanguage":"de"}]}},"_links":{"self":[{"href":"https:\/\/blogs.donboscovolunteers.de\/tamiltagebuch\/wp-json\/wp\/v2\/pages\/4","targetHints":{"allow":["GET"]}}],"collection":[{"href":"https:\/\/blogs.donboscovolunteers.de\/tamiltagebuch\/wp-json\/wp\/v2\/pages"}],"about":[{"href":"https:\/\/blogs.donboscovolunteers.de\/tamiltagebuch\/wp-json\/wp\/v2\/types\/page"}],"author":[{"embeddable":true,"href":"https:\/\/blogs.donboscovolunteers.de\/tamiltagebuch\/wp-json\/wp\/v2\/users\/1"}],"replies":[{"embeddable":true,"href":"https:\/\/blogs.donboscovolunteers.de\/tamiltagebuch\/wp-json\/wp\/v2\/comments?post=4"}],"version-history":[{"count":8,"href":"https:\/\/blogs.donboscovolunteers.de\/tamiltagebuch\/wp-json\/wp\/v2\/pages\/4\/revisions"}],"predecessor-version":[{"id":66,"href":"https:\/\/blogs.donboscovolunteers.de\/tamiltagebuch\/wp-json\/wp\/v2\/pages\/4\/revisions\/66"}],"wp:attachment":[{"href":"https:\/\/blogs.donboscovolunteers.de\/tamiltagebuch\/wp-json\/wp\/v2\/media?parent=4"}],"curies":[{"name":"wp","href":"https:\/\/api.w.org\/{rel}","templated":true}]}}