{"id":3,"date":"2025-03-05T15:45:50","date_gmt":"2025-03-05T14:45:50","guid":{"rendered":"https:\/\/blogs.donboscovolunteers.de\/annesindientagebuch\/about\/"},"modified":"2025-03-05T16:13:50","modified_gmt":"2025-03-05T15:13:50","slug":"about","status":"publish","type":"page","link":"https:\/\/blogs.donboscovolunteers.de\/tamiltagebuch\/about\/","title":{"rendered":"Das bin ich"},"content":{"rendered":"<p>Hallo lieber Leser, liebe Leserin,<\/p>\n\n\n\n<p>Ich bin Anne, sehr bald 18 Jahre alt und komme aus Waldkirch.<\/p>\n\n\n\n<p>Ich habe zwei Geschwister, eine \u00e4ltere Schwester und einen j\u00fcngeren Bruder.<\/p>\n\n\n\n<p>In meiner Freizeit spiele ich Klavier, lese, gehe joggen und reiten.<\/p>\n\n\n\n<p>Auch unternehme ich gerne etwas mit Freunden und chille mit unseren Katern.<\/p>\n\n\n\n<p>Ich bin seit ca zwei Jahren KJG Mitglied und Leiterin, weshalb ich etwa Erfahrung in der Arbeit mit Kindern und Jugendlichen mitbringe.<\/p>\n\n\n\n<p>F\u00fcr mich war schon l\u00e4nger klar, dass ich nach dem Abitur erst einmal nicht studieren oder eine Ausbildung machen m\u00f6chte. Zudem wollte ich ins Ausland, um eine andere Kultur und neue Menschen kennenzulernen und somit neue Perspektiven zu erfahren.<\/p>\n\n\n\n<p>Ich habe die M\u00f6glichkeit, ein Jahr im Ausland zu verbringen durch einen staatlich finanzierten <a href=\"https:\/\/www.donboscovolunteers.de\/\">Freiwilligendienst<\/a>.<\/p>\n\n\n\n<p>Somit w\u00e4ren beide meiner W\u00fcnsche erf\u00fcllt, warum also nicht dieses Privileg nutzen?<\/p>\n\n\n\n<p>Und so werde ich ab September f\u00fcr ein Jahr in <a href=\"https:\/\/strassenkinder.de\/laender\/asien\/inden\/\">Indien<\/a> leben und dort im <a href=\"https:\/\/www.donboscomission.de\/don-bosco\/\">Don Bosco<\/a> Care Home Nilavarapatti einen entwicklungspolitischen Freiwilligendienst leisten. In der Einrichtung leben HIV-positive Kinder und Jugendliche, die dort wohnen und zur Schule gehen k\u00f6nnen, sowie medizinisch versorgt werden. Dadurch sollen die Jungs einen Teil ihrer Kindheit zur\u00fcckbekommen und auf ein Leben in Selbstst\u00e4ndigkeit vorbereitet werden.<\/p>\n\n\n\n<p>In meinem Blog werde ich \u00fcber meine Zeit dort berichten. Nat\u00fcrlich handelt es sich dabei um meine subjektive Wahrnehmung und l\u00e4sst sich nicht verallgemeinernd auf Indien und das dortige Leben \u00fcbertragen.<\/p>\n\n\n\n<p>Ich freue mich \u00fcber jeden und jede, die meinen Blog lesen und mich auf meiner ersten alleinigen Auslands Reise begleiten<\/p>\n\n\n\n<p>Anne \ud83d\ude0a<\/p>","protected":false},"excerpt":{"rendered":"<p>Hallo lieber Leser, liebe Leserin, Ich bin Anne, sehr bald 18 Jahre alt und komme aus Waldkirch. Ich habe zwei Geschwister, eine \u00e4ltere Schwester und einen j\u00fcngeren Bruder. In meiner Freizeit spiele ich Klavier, lese, gehe joggen und reiten. Auch unternehme ich gerne etwas mit Freunden und chille mit unseren Katern. Ich bin seit ca [&hellip;]<\/p>\n","protected":false},"author":1,"featured_media":0,"parent":0,"menu_order":1,"comment_status":"closed","ping_status":"closed","template":"","meta":{"footnotes":""},"class_list":["post-3","page","type-page","status-publish","hentry"],"yoast_head":"<!-- This site is optimized with the Yoast SEO plugin v25.3.1 - https:\/\/yoast.com\/wordpress\/plugins\/seo\/ -->\n<title>Das bin ich - Annes Tagebuch<\/title>\n<meta name=\"robots\" content=\"index, follow, max-snippet:-1, max-image-preview:large, max-video-preview:-1\" \/>\n<link rel=\"canonical\" href=\"https:\/\/blogs.donboscovolunteers.de\/tamiltagebuch\/about\/\" \/>\n<meta property=\"og:locale\" content=\"de_DE\" \/>\n<meta property=\"og:type\" content=\"article\" \/>\n<meta property=\"og:title\" content=\"Das bin ich - Annes Tagebuch\" \/>\n<meta property=\"og:description\" content=\"Hallo lieber Leser, liebe Leserin, Ich bin Anne, sehr bald 18 Jahre alt und komme aus Waldkirch. Ich habe zwei Geschwister, eine \u00e4ltere Schwester und einen j\u00fcngeren Bruder. In meiner Freizeit spiele ich Klavier, lese, gehe joggen und reiten. Auch unternehme ich gerne etwas mit Freunden und chille mit unseren Katern. Ich bin seit ca [&hellip;]\" \/>\n<meta property=\"og:url\" content=\"https:\/\/blogs.donboscovolunteers.de\/tamiltagebuch\/about\/\" \/>\n<meta property=\"og:site_name\" content=\"Annes Tagebuch\" \/>\n<meta property=\"article:modified_time\" content=\"2025-03-05T15:13:50+00:00\" \/>\n<meta name=\"twitter:card\" content=\"summary_large_image\" \/>\n<meta name=\"twitter:label1\" content=\"Gesch\u00e4tzte Lesezeit\" \/>\n\t<meta name=\"twitter:data1\" content=\"2\u00a0Minuten\" \/>\n<script type=\"application\/ld+json\" class=\"yoast-schema-graph\">{\"@context\":\"https:\/\/schema.org\",\"@graph\":[{\"@type\":\"WebPage\",\"@id\":\"https:\/\/blogs.donboscovolunteers.de\/tamiltagebuch\/about\/\",\"url\":\"https:\/\/blogs.donboscovolunteers.de\/tamiltagebuch\/about\/\",\"name\":\"Das bin ich - Annes Tagebuch\",\"isPartOf\":{\"@id\":\"https:\/\/blogs.donboscovolunteers.de\/tamiltagebuch\/#website\"},\"datePublished\":\"2025-03-05T14:45:50+00:00\",\"dateModified\":\"2025-03-05T15:13:50+00:00\",\"breadcrumb\":{\"@id\":\"https:\/\/blogs.donboscovolunteers.de\/tamiltagebuch\/about\/#breadcrumb\"},\"inLanguage\":\"de\",\"potentialAction\":[{\"@type\":\"ReadAction\",\"target\":[\"https:\/\/blogs.donboscovolunteers.de\/tamiltagebuch\/about\/\"]}]},{\"@type\":\"BreadcrumbList\",\"@id\":\"https:\/\/blogs.donboscovolunteers.de\/tamiltagebuch\/about\/#breadcrumb\",\"itemListElement\":[{\"@type\":\"ListItem\",\"position\":1,\"name\":\"Startseite\",\"item\":\"https:\/\/blogs.donboscovolunteers.de\/tamiltagebuch\/\"},{\"@type\":\"ListItem\",\"position\":2,\"name\":\"Das bin ich\"}]},{\"@type\":\"WebSite\",\"@id\":\"https:\/\/blogs.donboscovolunteers.de\/tamiltagebuch\/#website\",\"url\":\"https:\/\/blogs.donboscovolunteers.de\/tamiltagebuch\/\",\"name\":\"Annes Tagebuch\",\"description\":\"\",\"potentialAction\":[{\"@type\":\"SearchAction\",\"target\":{\"@type\":\"EntryPoint\",\"urlTemplate\":\"https:\/\/blogs.donboscovolunteers.de\/tamiltagebuch\/?s={search_term_string}\"},\"query-input\":{\"@type\":\"PropertyValueSpecification\",\"valueRequired\":true,\"valueName\":\"search_term_string\"}}],\"inLanguage\":\"de\"}]}<\/script>\n<!-- \/ Yoast SEO plugin. -->","yoast_head_json":{"title":"Das bin ich - Annes Tagebuch","robots":{"index":"index","follow":"follow","max-snippet":"max-snippet:-1","max-image-preview":"max-image-preview:large","max-video-preview":"max-video-preview:-1"},"canonical":"https:\/\/blogs.donboscovolunteers.de\/tamiltagebuch\/about\/","og_locale":"de_DE","og_type":"article","og_title":"Das bin ich - Annes Tagebuch","og_description":"Hallo lieber Leser, liebe Leserin, Ich bin Anne, sehr bald 18 Jahre alt und komme aus Waldkirch. Ich habe zwei Geschwister, eine \u00e4ltere Schwester und einen j\u00fcngeren Bruder. In meiner Freizeit spiele ich Klavier, lese, gehe joggen und reiten. Auch unternehme ich gerne etwas mit Freunden und chille mit unseren Katern. Ich bin seit ca [&hellip;]","og_url":"https:\/\/blogs.donboscovolunteers.de\/tamiltagebuch\/about\/","og_site_name":"Annes Tagebuch","article_modified_time":"2025-03-05T15:13:50+00:00","twitter_card":"summary_large_image","twitter_misc":{"Gesch\u00e4tzte Lesezeit":"2\u00a0Minuten"},"schema":{"@context":"https:\/\/schema.org","@graph":[{"@type":"WebPage","@id":"https:\/\/blogs.donboscovolunteers.de\/tamiltagebuch\/about\/","url":"https:\/\/blogs.donboscovolunteers.de\/tamiltagebuch\/about\/","name":"Das bin ich - Annes Tagebuch","isPartOf":{"@id":"https:\/\/blogs.donboscovolunteers.de\/tamiltagebuch\/#website"},"datePublished":"2025-03-05T14:45:50+00:00","dateModified":"2025-03-05T15:13:50+00:00","breadcrumb":{"@id":"https:\/\/blogs.donboscovolunteers.de\/tamiltagebuch\/about\/#breadcrumb"},"inLanguage":"de","potentialAction":[{"@type":"ReadAction","target":["https:\/\/blogs.donboscovolunteers.de\/tamiltagebuch\/about\/"]}]},{"@type":"BreadcrumbList","@id":"https:\/\/blogs.donboscovolunteers.de\/tamiltagebuch\/about\/#breadcrumb","itemListElement":[{"@type":"ListItem","position":1,"name":"Startseite","item":"https:\/\/blogs.donboscovolunteers.de\/tamiltagebuch\/"},{"@type":"ListItem","position":2,"name":"Das bin ich"}]},{"@type":"WebSite","@id":"https:\/\/blogs.donboscovolunteers.de\/tamiltagebuch\/#website","url":"https:\/\/blogs.donboscovolunteers.de\/tamiltagebuch\/","name":"Annes Tagebuch","description":"","potentialAction":[{"@type":"SearchAction","target":{"@type":"EntryPoint","urlTemplate":"https:\/\/blogs.donboscovolunteers.de\/tamiltagebuch\/?s={search_term_string}"},"query-input":{"@type":"PropertyValueSpecification","valueRequired":true,"valueName":"search_term_string"}}],"inLanguage":"de"}]}},"_links":{"self":[{"href":"https:\/\/blogs.donboscovolunteers.de\/tamiltagebuch\/wp-json\/wp\/v2\/pages\/3","targetHints":{"allow":["GET"]}}],"collection":[{"href":"https:\/\/blogs.donboscovolunteers.de\/tamiltagebuch\/wp-json\/wp\/v2\/pages"}],"about":[{"href":"https:\/\/blogs.donboscovolunteers.de\/tamiltagebuch\/wp-json\/wp\/v2\/types\/page"}],"author":[{"embeddable":true,"href":"https:\/\/blogs.donboscovolunteers.de\/tamiltagebuch\/wp-json\/wp\/v2\/users\/1"}],"replies":[{"embeddable":true,"href":"https:\/\/blogs.donboscovolunteers.de\/tamiltagebuch\/wp-json\/wp\/v2\/comments?post=3"}],"version-history":[{"count":1,"href":"https:\/\/blogs.donboscovolunteers.de\/tamiltagebuch\/wp-json\/wp\/v2\/pages\/3\/revisions"}],"predecessor-version":[{"id":15,"href":"https:\/\/blogs.donboscovolunteers.de\/tamiltagebuch\/wp-json\/wp\/v2\/pages\/3\/revisions\/15"}],"wp:attachment":[{"href":"https:\/\/blogs.donboscovolunteers.de\/tamiltagebuch\/wp-json\/wp\/v2\/media?parent=3"}],"curies":[{"name":"wp","href":"https:\/\/api.w.org\/{rel}","templated":true}]}}