{"id":3,"date":"2024-07-30T12:09:47","date_gmt":"2024-07-30T10:09:47","guid":{"rendered":"https:\/\/blogs.donboscovolunteers.de\/sophisitaenbolivia\/about\/"},"modified":"2024-08-21T15:48:46","modified_gmt":"2024-08-21T13:48:46","slug":"about","status":"publish","type":"page","link":"https:\/\/blogs.donboscovolunteers.de\/sophisitaenbolivia\/about\/","title":{"rendered":"Esta soy yo :)"},"content":{"rendered":"<p>Buenaaas! <\/p>\n\n\n<div class=\"wp-block-image\">\n<figure class=\"alignleft size-large is-resized\"><img loading=\"lazy\" decoding=\"async\" width=\"682\" height=\"1024\" src=\"https:\/\/blogs.donboscovolunteers.de\/sophisitaenbolivia\/wp-content\/uploads\/sites\/21721\/2024\/07\/IMG_8304-682x1024.jpg\" alt=\"\" class=\"wp-image-23\" style=\"width:250px\" srcset=\"https:\/\/blogs.donboscovolunteers.de\/sophisitaenbolivia\/wp-content\/uploads\/sites\/21721\/2024\/07\/IMG_8304-682x1024.jpg 682w, https:\/\/blogs.donboscovolunteers.de\/sophisitaenbolivia\/wp-content\/uploads\/sites\/21721\/2024\/07\/IMG_8304-200x300.jpg 200w, https:\/\/blogs.donboscovolunteers.de\/sophisitaenbolivia\/wp-content\/uploads\/sites\/21721\/2024\/07\/IMG_8304-768x1152.jpg 768w, https:\/\/blogs.donboscovolunteers.de\/sophisitaenbolivia\/wp-content\/uploads\/sites\/21721\/2024\/07\/IMG_8304.jpg 853w\" sizes=\"auto, (max-width: 682px) 100vw, 682px\" \/><\/figure>\n<\/div>\n\n\n<p>Ich bin Sophie, 18 Jahre alt und komme aus Kempten im Allg\u00e4u. Dort lebe ich gemeinsam mit meinen Eltern und meinen vier \u00e4lteren Br\u00fcdern. In meiner Freizeit bin ich gerne drau\u00dfen in der Natur und mache viel Sport, au\u00dferdem lese und puzzle ich gerne und treffe mich nat\u00fcrlich oft mit Freunden. <\/p>\n\n\n\n<p><\/p>\n\n\n\n<p><\/p>\n\n\n\n<p><\/p>\n\n\n\n<p>Ich habe diesen Sommer mein Abitur gemacht, womit meine Schulzeit nun vorbei ist (ob das gut oder schlecht ist, wird sich noch herausstellen hahah). Dass ich jetzt aber nicht direkt studieren m\u00f6chte, war mir schon l\u00e4nger klar. Den Wunsch, einen <a href=\"https:\/\/www.donboscovolunteers.de\/\">Freiwilligendienst<\/a> zu machen sowie Deutschland einmal f\u00fcr l\u00e4ngere Zeit verlassen zu k\u00f6nnen, kann ich durch <a href=\"https:\/\/www.donboscomission.de\/don-bosco\/\">Don Bosco<\/a> Volunteers verwirklichen. <\/p>\n\n\n<div class=\"wp-block-image\">\n<figure class=\"alignright size-large is-resized\"><img loading=\"lazy\" decoding=\"async\" width=\"768\" height=\"1024\" src=\"https:\/\/blogs.donboscovolunteers.de\/sophisitaenbolivia\/wp-content\/uploads\/sites\/21721\/2024\/07\/b86cb668-fd3f-4222-ae13-137e26f59cd7-768x1024.jpg\" alt=\"\" class=\"wp-image-21\" style=\"width:250px\" srcset=\"https:\/\/blogs.donboscovolunteers.de\/sophisitaenbolivia\/wp-content\/uploads\/sites\/21721\/2024\/07\/b86cb668-fd3f-4222-ae13-137e26f59cd7-768x1024.jpg 768w, https:\/\/blogs.donboscovolunteers.de\/sophisitaenbolivia\/wp-content\/uploads\/sites\/21721\/2024\/07\/b86cb668-fd3f-4222-ae13-137e26f59cd7-225x300.jpg 225w, https:\/\/blogs.donboscovolunteers.de\/sophisitaenbolivia\/wp-content\/uploads\/sites\/21721\/2024\/07\/b86cb668-fd3f-4222-ae13-137e26f59cd7-900x1200.jpg 900w, https:\/\/blogs.donboscovolunteers.de\/sophisitaenbolivia\/wp-content\/uploads\/sites\/21721\/2024\/07\/b86cb668-fd3f-4222-ae13-137e26f59cd7.jpg 960w\" sizes=\"auto, (max-width: 768px) 100vw, 768px\" \/><\/figure>\n<\/div>\n\n\n<p>Da ich im Sommer 2022 einen 2-monatigen Austausch in Kolumbien gemacht habe, kann ich schon ein bisschen Spanisch und kenne bereits einen kleinen Teil der s\u00fcdamerikanischen Kultur. Deshalb freue ich mich umso mehr, die M\u00f6glichkeit bekommen zu haben, ein Jahr lang im Proyecto Don Bosco in <a href=\"https:\/\/strassenkinder.de\/laender\/lateinamerika\/bolivien-strassenkinderzentrum\/\">Santa Cruz<\/a> de la Sierra, <a href=\"https:\/\/multimedia.strassenkinder.de\/bolivien\">Bolivien<\/a>, mithelfen zu k\u00f6nnen. Dorthin werde ich nicht alleine entsandt, sondern mit meinen drei lieben Mitvolont\u00e4ren Lene, Anni und Max! Alle drei durfte ich schon auf Vorbereitungsseminaren kennenlernen und wir verstehen uns mega gut :)) <\/p>\n\n\n\n<p><\/p>\n\n\n\n<p>Am 10. September fliegen wir nach Bolivien. Ich freue mich schon unglaublich und bin sehr gespannt auf alles, was mich dort erwartet!<\/p>\n\n\n\n<p>Ich werde versuchen, regelm\u00e4\u00dfig Blogeintr\u00e4ge zu verfassen und Updates zum Verlauf meines Freiwilligendienstes zu geben. Au\u00dferdem habe ich einen Instagram-Account erstellt, da k\u00f6nnt ihr mir auch super gerne folgen <a href=\"https:\/\/www.instagram.com\/deutsch.trifft.bolivianisch\/\">https:\/\/www.instagram.com\/deutsch.trifft.bolivianisch\/<\/a><\/p>","protected":false},"excerpt":{"rendered":"<p>Buenaaas! Ich bin Sophie, 18 Jahre alt und komme aus Kempten im Allg\u00e4u. Dort lebe ich gemeinsam mit meinen Eltern und meinen vier \u00e4lteren Br\u00fcdern. In meiner Freizeit bin ich gerne drau\u00dfen in der Natur und mache viel Sport, au\u00dferdem lese und puzzle ich gerne und treffe mich nat\u00fcrlich oft mit Freunden. Ich habe diesen [&hellip;]<\/p>\n","protected":false},"author":1,"featured_media":0,"parent":0,"menu_order":1,"comment_status":"closed","ping_status":"closed","template":"","meta":{"footnotes":""},"class_list":["post-3","page","type-page","status-publish","hentry"],"yoast_head":"<!-- This site is optimized with the Yoast SEO plugin v25.3.1 - https:\/\/yoast.com\/wordpress\/plugins\/seo\/ -->\n<title>Esta soy yo :) - Sophisita en Bolivia<\/title>\n<meta name=\"robots\" content=\"index, follow, max-snippet:-1, max-image-preview:large, max-video-preview:-1\" \/>\n<link rel=\"canonical\" href=\"https:\/\/blogs.donboscovolunteers.de\/sophisitaenbolivia\/about\/\" \/>\n<meta property=\"og:locale\" content=\"de_DE\" \/>\n<meta property=\"og:type\" content=\"article\" \/>\n<meta property=\"og:title\" content=\"Esta soy yo :) - Sophisita en Bolivia\" \/>\n<meta property=\"og:description\" content=\"Buenaaas! Ich bin Sophie, 18 Jahre alt und komme aus Kempten im Allg\u00e4u. Dort lebe ich gemeinsam mit meinen Eltern und meinen vier \u00e4lteren Br\u00fcdern. In meiner Freizeit bin ich gerne drau\u00dfen in der Natur und mache viel Sport, au\u00dferdem lese und puzzle ich gerne und treffe mich nat\u00fcrlich oft mit Freunden. Ich habe diesen [&hellip;]\" \/>\n<meta property=\"og:url\" content=\"https:\/\/blogs.donboscovolunteers.de\/sophisitaenbolivia\/about\/\" \/>\n<meta property=\"og:site_name\" content=\"Sophisita en Bolivia\" \/>\n<meta property=\"article:modified_time\" content=\"2024-08-21T13:48:46+00:00\" \/>\n<meta property=\"og:image\" content=\"https:\/\/blogs.donboscovolunteers.de\/sophisitaenbolivia\/wp-content\/uploads\/sites\/21721\/2024\/07\/IMG_8304-682x1024.jpg\" \/>\n<meta name=\"twitter:card\" content=\"summary_large_image\" \/>\n<meta name=\"twitter:label1\" content=\"Gesch\u00e4tzte Lesezeit\" \/>\n\t<meta name=\"twitter:data1\" content=\"2\u00a0Minuten\" \/>\n<script type=\"application\/ld+json\" class=\"yoast-schema-graph\">{\"@context\":\"https:\/\/schema.org\",\"@graph\":[{\"@type\":\"WebPage\",\"@id\":\"https:\/\/blogs.donboscovolunteers.de\/sophisitaenbolivia\/about\/\",\"url\":\"https:\/\/blogs.donboscovolunteers.de\/sophisitaenbolivia\/about\/\",\"name\":\"Esta soy yo :) - Sophisita en Bolivia\",\"isPartOf\":{\"@id\":\"https:\/\/blogs.donboscovolunteers.de\/sophisitaenbolivia\/#website\"},\"primaryImageOfPage\":{\"@id\":\"https:\/\/blogs.donboscovolunteers.de\/sophisitaenbolivia\/about\/#primaryimage\"},\"image\":{\"@id\":\"https:\/\/blogs.donboscovolunteers.de\/sophisitaenbolivia\/about\/#primaryimage\"},\"thumbnailUrl\":\"https:\/\/blogs.donboscovolunteers.de\/sophisitaenbolivia\/wp-content\/uploads\/sites\/21721\/2024\/07\/IMG_8304-682x1024.jpg\",\"datePublished\":\"2024-07-30T10:09:47+00:00\",\"dateModified\":\"2024-08-21T13:48:46+00:00\",\"breadcrumb\":{\"@id\":\"https:\/\/blogs.donboscovolunteers.de\/sophisitaenbolivia\/about\/#breadcrumb\"},\"inLanguage\":\"de\",\"potentialAction\":[{\"@type\":\"ReadAction\",\"target\":[\"https:\/\/blogs.donboscovolunteers.de\/sophisitaenbolivia\/about\/\"]}]},{\"@type\":\"ImageObject\",\"inLanguage\":\"de\",\"@id\":\"https:\/\/blogs.donboscovolunteers.de\/sophisitaenbolivia\/about\/#primaryimage\",\"url\":\"https:\/\/blogs.donboscovolunteers.de\/sophisitaenbolivia\/wp-content\/uploads\/sites\/21721\/2024\/07\/IMG_8304.jpg\",\"contentUrl\":\"https:\/\/blogs.donboscovolunteers.de\/sophisitaenbolivia\/wp-content\/uploads\/sites\/21721\/2024\/07\/IMG_8304.jpg\",\"width\":853,\"height\":1280},{\"@type\":\"BreadcrumbList\",\"@id\":\"https:\/\/blogs.donboscovolunteers.de\/sophisitaenbolivia\/about\/#breadcrumb\",\"itemListElement\":[{\"@type\":\"ListItem\",\"position\":1,\"name\":\"Startseite\",\"item\":\"https:\/\/blogs.donboscovolunteers.de\/sophisitaenbolivia\/\"},{\"@type\":\"ListItem\",\"position\":2,\"name\":\"Esta soy yo :)\"}]},{\"@type\":\"WebSite\",\"@id\":\"https:\/\/blogs.donboscovolunteers.de\/sophisitaenbolivia\/#website\",\"url\":\"https:\/\/blogs.donboscovolunteers.de\/sophisitaenbolivia\/\",\"name\":\"Sophisita en Bolivia\",\"description\":\"Ein Jahr lang im Land der Superlative\",\"potentialAction\":[{\"@type\":\"SearchAction\",\"target\":{\"@type\":\"EntryPoint\",\"urlTemplate\":\"https:\/\/blogs.donboscovolunteers.de\/sophisitaenbolivia\/?s={search_term_string}\"},\"query-input\":{\"@type\":\"PropertyValueSpecification\",\"valueRequired\":true,\"valueName\":\"search_term_string\"}}],\"inLanguage\":\"de\"}]}<\/script>\n<!-- \/ Yoast SEO plugin. -->","yoast_head_json":{"title":"Esta soy yo :) - Sophisita en Bolivia","robots":{"index":"index","follow":"follow","max-snippet":"max-snippet:-1","max-image-preview":"max-image-preview:large","max-video-preview":"max-video-preview:-1"},"canonical":"https:\/\/blogs.donboscovolunteers.de\/sophisitaenbolivia\/about\/","og_locale":"de_DE","og_type":"article","og_title":"Esta soy yo :) - Sophisita en Bolivia","og_description":"Buenaaas! Ich bin Sophie, 18 Jahre alt und komme aus Kempten im Allg\u00e4u. Dort lebe ich gemeinsam mit meinen Eltern und meinen vier \u00e4lteren Br\u00fcdern. In meiner Freizeit bin ich gerne drau\u00dfen in der Natur und mache viel Sport, au\u00dferdem lese und puzzle ich gerne und treffe mich nat\u00fcrlich oft mit Freunden. Ich habe diesen [&hellip;]","og_url":"https:\/\/blogs.donboscovolunteers.de\/sophisitaenbolivia\/about\/","og_site_name":"Sophisita en Bolivia","article_modified_time":"2024-08-21T13:48:46+00:00","og_image":[{"url":"https:\/\/blogs.donboscovolunteers.de\/sophisitaenbolivia\/wp-content\/uploads\/sites\/21721\/2024\/07\/IMG_8304-682x1024.jpg","type":"","width":"","height":""}],"twitter_card":"summary_large_image","twitter_misc":{"Gesch\u00e4tzte Lesezeit":"2\u00a0Minuten"},"schema":{"@context":"https:\/\/schema.org","@graph":[{"@type":"WebPage","@id":"https:\/\/blogs.donboscovolunteers.de\/sophisitaenbolivia\/about\/","url":"https:\/\/blogs.donboscovolunteers.de\/sophisitaenbolivia\/about\/","name":"Esta soy yo :) - Sophisita en Bolivia","isPartOf":{"@id":"https:\/\/blogs.donboscovolunteers.de\/sophisitaenbolivia\/#website"},"primaryImageOfPage":{"@id":"https:\/\/blogs.donboscovolunteers.de\/sophisitaenbolivia\/about\/#primaryimage"},"image":{"@id":"https:\/\/blogs.donboscovolunteers.de\/sophisitaenbolivia\/about\/#primaryimage"},"thumbnailUrl":"https:\/\/blogs.donboscovolunteers.de\/sophisitaenbolivia\/wp-content\/uploads\/sites\/21721\/2024\/07\/IMG_8304-682x1024.jpg","datePublished":"2024-07-30T10:09:47+00:00","dateModified":"2024-08-21T13:48:46+00:00","breadcrumb":{"@id":"https:\/\/blogs.donboscovolunteers.de\/sophisitaenbolivia\/about\/#breadcrumb"},"inLanguage":"de","potentialAction":[{"@type":"ReadAction","target":["https:\/\/blogs.donboscovolunteers.de\/sophisitaenbolivia\/about\/"]}]},{"@type":"ImageObject","inLanguage":"de","@id":"https:\/\/blogs.donboscovolunteers.de\/sophisitaenbolivia\/about\/#primaryimage","url":"https:\/\/blogs.donboscovolunteers.de\/sophisitaenbolivia\/wp-content\/uploads\/sites\/21721\/2024\/07\/IMG_8304.jpg","contentUrl":"https:\/\/blogs.donboscovolunteers.de\/sophisitaenbolivia\/wp-content\/uploads\/sites\/21721\/2024\/07\/IMG_8304.jpg","width":853,"height":1280},{"@type":"BreadcrumbList","@id":"https:\/\/blogs.donboscovolunteers.de\/sophisitaenbolivia\/about\/#breadcrumb","itemListElement":[{"@type":"ListItem","position":1,"name":"Startseite","item":"https:\/\/blogs.donboscovolunteers.de\/sophisitaenbolivia\/"},{"@type":"ListItem","position":2,"name":"Esta soy yo :)"}]},{"@type":"WebSite","@id":"https:\/\/blogs.donboscovolunteers.de\/sophisitaenbolivia\/#website","url":"https:\/\/blogs.donboscovolunteers.de\/sophisitaenbolivia\/","name":"Sophisita en Bolivia","description":"Ein Jahr lang im Land der Superlative","potentialAction":[{"@type":"SearchAction","target":{"@type":"EntryPoint","urlTemplate":"https:\/\/blogs.donboscovolunteers.de\/sophisitaenbolivia\/?s={search_term_string}"},"query-input":{"@type":"PropertyValueSpecification","valueRequired":true,"valueName":"search_term_string"}}],"inLanguage":"de"}]}},"_links":{"self":[{"href":"https:\/\/blogs.donboscovolunteers.de\/sophisitaenbolivia\/wp-json\/wp\/v2\/pages\/3","targetHints":{"allow":["GET"]}}],"collection":[{"href":"https:\/\/blogs.donboscovolunteers.de\/sophisitaenbolivia\/wp-json\/wp\/v2\/pages"}],"about":[{"href":"https:\/\/blogs.donboscovolunteers.de\/sophisitaenbolivia\/wp-json\/wp\/v2\/types\/page"}],"author":[{"embeddable":true,"href":"https:\/\/blogs.donboscovolunteers.de\/sophisitaenbolivia\/wp-json\/wp\/v2\/users\/1"}],"replies":[{"embeddable":true,"href":"https:\/\/blogs.donboscovolunteers.de\/sophisitaenbolivia\/wp-json\/wp\/v2\/comments?post=3"}],"version-history":[{"count":7,"href":"https:\/\/blogs.donboscovolunteers.de\/sophisitaenbolivia\/wp-json\/wp\/v2\/pages\/3\/revisions"}],"predecessor-version":[{"id":42,"href":"https:\/\/blogs.donboscovolunteers.de\/sophisitaenbolivia\/wp-json\/wp\/v2\/pages\/3\/revisions\/42"}],"wp:attachment":[{"href":"https:\/\/blogs.donboscovolunteers.de\/sophisitaenbolivia\/wp-json\/wp\/v2\/media?parent=3"}],"curies":[{"name":"wp","href":"https:\/\/api.w.org\/{rel}","templated":true}]}}