{"id":262,"date":"2025-01-06T01:28:49","date_gmt":"2025-01-06T00:28:49","guid":{"rendered":"https:\/\/blogs.donboscovolunteers.de\/sophisitaenbolivia\/?page_id=262"},"modified":"2025-01-06T01:28:51","modified_gmt":"2025-01-06T00:28:51","slug":"proyecto-don-bosco","status":"publish","type":"page","link":"https:\/\/blogs.donboscovolunteers.de\/sophisitaenbolivia\/proyecto-don-bosco\/","title":{"rendered":"Proyecto Don Bosco"},"content":{"rendered":"<p>Leider hat das Proyecto <a href=\"https:\/\/www.donboscomission.de\/don-bosco\/\">Don Bosco<\/a> in <a href=\"https:\/\/strassenkinder.de\/laender\/lateinamerika\/bolivien-strassenkinderzentrum\/\">Santa Cruz<\/a> im Moment sehr starke Geldprobleme, weshalb dieser Blog einerseits \u00fcber das Projekt (die Strukturen, die unterschiedlichen H\u00e4user) aufkl\u00e4ren und andererseits mit einem Spendenaufruf verkn\u00fcpft werden soll, um Spenden sammeln und dem Projekt helfen zu k\u00f6nnen.<\/p>\n\n\n\n<p>Das Proyecto Don Bosco wurde in den 90er-Jahren durch den italienischen Salesianerpater Octavio Sabbadin gegr\u00fcndet. Es besteht aus mehreren unterschiedlichen Unterk\u00fcnften und Einrichtungen f\u00fcr Kinder und Jugendliche im Alter von 6-18 Jahren, die auf der Stra\u00dfe leben oder aus unterschiedlichsten Gr\u00fcnden nicht mehr in ihren Familien leben k\u00f6nnen (meist Misshandlung, Verwahrlosung oder Drogenkonsum von Seiten der Eltern). Ziel des von den Salesianern Don Bosco geleiteten Projektes ist es, den Kindern und Jugendlichen Essen, Klamotten, ein Dach \u00fcber dem Kopf, einen geregelten Alltag, famili\u00e4re Strukturen sowie psychologische und medizinische Betreuung zu bieten oder je nach Einzelfall sogar die Reintegration in ihre Familien zu versuchen.&nbsp;<\/p>\n\n\n\n<p>\u00dcber Santa Cruz verteilt besteht das Projekt aus vier unterschiedlichen Einrichtungen.&nbsp;<\/p>\n\n\n\n<p>Das &#8222;Hogar Don Bosco&#8220;, meine Arbeitsstelle, ist dabei die \u00e4lteste Einrichtung und bietet einen dauerhaften, famili\u00e4ren Unterschlupf f\u00fcr im Moment knapp 100 Jungs im Alter von 6-18 Jahren. Das Hogar ist dabei das feste Zuhause dieser Jungs, d. h. sie wohnen hier und gehen ihrem allt\u00e4glichen Leben nach. Die Jungs gehen zur Schule und erhalten neben anderen Freizeitaktivit\u00e4ten auch schon kleine Schnupperkurse in Ausbildungen, die sie nach ihrem Schulabschluss weiterf\u00fchren k\u00f6nnen.&nbsp;<\/p>\n\n\n\n<p>Diese Ausbildungen weiterf\u00fchren k\u00f6nnen sie n\u00e4mlich im &#8222;Barrio Juvenil&#8220;, einer anderen Einrichtung f\u00fcr diejenigen Jungs, die ab 15 Jahren vom Hogar Don Bosco ins Barrio wechseln. Hier leben sie zusammen und k\u00f6nnen weiter zur Schule gehen, studieren, oder vor Ort eine der angebotenen Ausbildungen (Gastronomie, Schreinerei, Malerei oder Schwei\u00dferei) machen.&nbsp;<\/p>\n\n\n\n<p>Dann gibt es noch die tempor\u00e4re Notfall-Unterkunft &#8222;Casa de Acogida Mano Amiga&#8220;, in der vor allem M\u00e4dchen im Alter von 5-14 Jahren (oft Opfer sexuellen Missbrauchs) aber auch kleinere Jungs bis zu zwei Jahre lang unterkommen, bevor \u00fcber ihr weiteres Verbleiben entschieden wird. Auch hier gehen die Kinder zur Schule oder kriegen Privatunterricht, wenn ihnen aufgrund fehlender Papiere der Zugang zu einer \u00f6ffentlichen Schule verwehrt wird.&nbsp;<\/p>\n\n\n\n<p>Das &#8222;Techo Pinardi&#8220; ist eine kurzfristige Anlaufstelle f\u00fcr Jungen, die direkt von der Stra\u00dfe kommen oder von den Erziehern des Projekts von der Stra\u00dfe geholt werden, in der sie bis zu sechs Monate Unterschlupf finden. Hier wird den meist drogenabh\u00e4ngigen Jugendlichen durch Serotonin- und Vitamininfusionen der Entzug erleichtert sowie ihnen ihr Anrecht auf die Grundbed\u00fcrfnisse gegeben und versucht, sie in dauerhafte Einrichtungen oder wieder zur\u00fcck zu ihren Familien zu integrieren.&nbsp;Zum Techo Pinardi wurde auch ein sch\u00f6nes Video gedreht, das ihr unter diesem Link findet: <a href=\"https:\/\/www.youtube.com\/watch?v=vffQhn1u0l8\">https:\/\/www.youtube.com\/watch?v=vffQhn1u0l8<\/a><\/p>\n\n\n\n<p>In jedem der H\u00e4user erhalten die Kinder und Jugendlichen feste, geregelte Mahlzeiten, psychologische und medizinische Betreuung, Klamotten sowie alles weitere, was zum \u00dcberleben bzw. zu einem Leben mit dem Mindeststandart an Lebensqualit\u00e4t notwendig ist.<\/p>\n\n\n\n<p>Leider hat das Proyecto Don Bosco aufgrund fehlender Unterst\u00fctzungen des bolivianischen Staates im Moment sehr sehr starke Geldprobleme sowie eine hohe Schuldenbelastung, weshalb \u00fcberlegt wird, das Mano Amiga sowie das Barrio Juvenil zu schlie\u00dfen. Damit diese zwei tollen Einrichtungen nicht geschlossen werden,&nbsp;wird im Moment versucht, viele Spenden zu sammeln. Beide Einrichtungen sind super wichtig &#8211; das Mano Amiga, weil es Kindern in Not Unterschlupf und einen gesch\u00fctzten Ort bietet, an dem sie alles Wichtige erhalten. Das Barrio Juvenil bietet den Jungs aus dem Hogar eine Perspektive &#8211; sie k\u00f6nnen hier ihrem alten Leben entfliehen und einen Neuanfang wagen: durch die angebotenen Ausbildungen wird ihnen erm\u00f6glicht, einen Beruf zu erlernen, den sie im weiteren Leben aus\u00fcben k\u00f6nnen und schonmal ein wenig Geld anzusparen, mit dem sie sich dann im sp\u00e4teren Leben Wohnung, etc. finanzieren k\u00f6nnen.<\/p>\n\n\n\n<p>Ich m\u00f6chte mit diesem Blog auf den Verein &#8222;Bolivida&#8220; verweisen, dieser wurde von ehemaligen deutschen Volont\u00e4ren, die im Proyecto Don Bosco gearbeitet haben, ins Leben gerufen. Die Spenden, die der Verein erh\u00e4lt, gehen zu 100% nach Santa Cruz ins Projekt. Durch die Partnerschaft mit der Don Bosco Mission ist der Verein au\u00dferdem durch das DZI-Spendensiegel anerkannt. Weitere Informationen findet ihr auf deren Website unter <a href=\"http:\/\/www.bolivida.de\">http:\/\/www.bolivida.de<\/a><\/p>\n\n\n\n<p>Genauso m\u00f6chte ich auf Don Bosco Stra\u00dfenkinder verweisen, hier findet ihr zum Beispiel die Geschichte Armandos, der auf den Stra\u00dfen Santa Cruz&#8216; gelebt hat und durch das Techo Pinardi einen Neuanfang wagen konnte: <a href=\"https:\/\/strassenkinder.de\/strassenkinder-in-santa-cruz\">https:\/\/strassenkinder.de\/strassenkinder-in-santa-cruz<\/a><\/p>\n\n\n\n<p>Jede noch so kleine Spende hilft, damit vielen Kindern und Jugendlichen weiterhin ein Dach,&nbsp;eine Familie und ferner eine Perspektive geboten&nbsp;werden kann und die H\u00e4user ge\u00f6ffnet bleiben.<\/p>\n\n\n\n<p>Vielen vielen Dank f\u00fcr eure Spende!<\/p>\n\n\n\n<div class=\"wp-block-group is-vertical is-layout-flex wp-container-core-group-is-layout-8cf370e7 wp-block-group-is-layout-flex\">\n<div class=\"wp-block-group is-vertical is-layout-flex wp-container-core-group-is-layout-8cf370e7 wp-block-group-is-layout-flex\">\n<div class=\"wp-block-cover\" style=\"min-height:333px;aspect-ratio:unset;\"><span aria-hidden=\"true\" class=\"wp-block-cover__background has-background-dim\"><\/span><div class=\"wp-block-cover__inner-container is-layout-flow wp-block-cover-is-layout-flow\">\n<div class=\"wp-block-group\"><div class=\"wp-block-group__inner-container is-layout-constrained wp-block-group-is-layout-constrained\">\n<p><strong><a href=\"https:\/\/www.donboscomission.de\/\">Don Bosco Mission Bonn<\/a> <\/strong><\/p>\n\n\n\n<p><strong>Pax-Bank K\u00f6ln <\/strong><\/p>\n\n\n\n<p><strong>IBAN: DE70 3706 0193 0022 3780 23<\/strong><\/p>\n\n\n\n<p><strong>BIC: GENODED1PAX<\/strong><\/p>\n\n\n\n<p><strong>Verwendungszweck: bolivida<\/strong><\/p>\n\n\n\n<p><\/p>\n<\/div><\/div>\n<\/div><\/div>\n<\/div>\n<\/div>\n\n\n\n<p>Wenn ihr im Verwendungszweck zus\u00e4tzlich eure Adresse angebt, wird euch automatisch eine Spendenbescheinigung zugeschickt. <\/p>\n\n\n\n<p><\/p>","protected":false},"excerpt":{"rendered":"<p>Leider hat das Proyecto <a href=\"https:\/\/www.donboscomission.de\/don-bosco\/\">Don Bosco<\/a> in <a href=\"https:\/\/strassenkinder.de\/laender\/lateinamerika\/bolivien-strassenkinderzentrum\/\">Santa Cruz<\/a> im Moment sehr starke Geldprobleme, weshalb dieser Blog einerseits \u00fcber das Projekt (die Strukturen, die unterschiedlichen H\u00e4user) aufkl\u00e4ren und andererseits mit einem Spendenaufruf verkn\u00fcpft werden soll, um Spenden sammeln und dem Projekt helfen zu k\u00f6nnen. Das Proyecto Don Bosco wurde in den 90er-Jahren durch den italienischen [&hellip;]<\/p>\n","protected":false},"author":21833,"featured_media":0,"parent":0,"menu_order":0,"comment_status":"closed","ping_status":"closed","template":"","meta":{"footnotes":""},"class_list":["post-262","page","type-page","status-publish","hentry"],"yoast_head":"<!-- This site is optimized with the Yoast SEO plugin v25.3.1 - https:\/\/yoast.com\/wordpress\/plugins\/seo\/ -->\n<title>Proyecto Don Bosco - Sophisita en Bolivia<\/title>\n<meta name=\"robots\" content=\"index, follow, max-snippet:-1, max-image-preview:large, max-video-preview:-1\" \/>\n<link rel=\"canonical\" href=\"https:\/\/blogs.donboscovolunteers.de\/sophisitaenbolivia\/proyecto-don-bosco\/\" \/>\n<meta property=\"og:locale\" content=\"de_DE\" \/>\n<meta property=\"og:type\" content=\"article\" \/>\n<meta property=\"og:title\" content=\"Proyecto Don Bosco - Sophisita en Bolivia\" \/>\n<meta property=\"og:description\" content=\"Leider hat das Proyecto Don Bosco in Santa Cruz im Moment sehr starke Geldprobleme, weshalb dieser Blog einerseits \u00fcber das Projekt (die Strukturen, die unterschiedlichen H\u00e4user) aufkl\u00e4ren und andererseits mit einem Spendenaufruf verkn\u00fcpft werden soll, um Spenden sammeln und dem Projekt helfen zu k\u00f6nnen. Das Proyecto Don Bosco wurde in den 90er-Jahren durch den italienischen [&hellip;]\" \/>\n<meta property=\"og:url\" content=\"https:\/\/blogs.donboscovolunteers.de\/sophisitaenbolivia\/proyecto-don-bosco\/\" \/>\n<meta property=\"og:site_name\" content=\"Sophisita en Bolivia\" \/>\n<meta property=\"article:modified_time\" content=\"2025-01-06T00:28:51+00:00\" \/>\n<meta name=\"twitter:card\" content=\"summary_large_image\" \/>\n<meta name=\"twitter:label1\" content=\"Gesch\u00e4tzte Lesezeit\" \/>\n\t<meta name=\"twitter:data1\" content=\"5\u00a0Minuten\" \/>\n<script type=\"application\/ld+json\" class=\"yoast-schema-graph\">{\"@context\":\"https:\/\/schema.org\",\"@graph\":[{\"@type\":\"WebPage\",\"@id\":\"https:\/\/blogs.donboscovolunteers.de\/sophisitaenbolivia\/proyecto-don-bosco\/\",\"url\":\"https:\/\/blogs.donboscovolunteers.de\/sophisitaenbolivia\/proyecto-don-bosco\/\",\"name\":\"Proyecto Don Bosco - Sophisita en Bolivia\",\"isPartOf\":{\"@id\":\"https:\/\/blogs.donboscovolunteers.de\/sophisitaenbolivia\/#website\"},\"datePublished\":\"2025-01-06T00:28:49+00:00\",\"dateModified\":\"2025-01-06T00:28:51+00:00\",\"breadcrumb\":{\"@id\":\"https:\/\/blogs.donboscovolunteers.de\/sophisitaenbolivia\/proyecto-don-bosco\/#breadcrumb\"},\"inLanguage\":\"de\",\"potentialAction\":[{\"@type\":\"ReadAction\",\"target\":[\"https:\/\/blogs.donboscovolunteers.de\/sophisitaenbolivia\/proyecto-don-bosco\/\"]}]},{\"@type\":\"BreadcrumbList\",\"@id\":\"https:\/\/blogs.donboscovolunteers.de\/sophisitaenbolivia\/proyecto-don-bosco\/#breadcrumb\",\"itemListElement\":[{\"@type\":\"ListItem\",\"position\":1,\"name\":\"Startseite\",\"item\":\"https:\/\/blogs.donboscovolunteers.de\/sophisitaenbolivia\/\"},{\"@type\":\"ListItem\",\"position\":2,\"name\":\"Proyecto Don Bosco\"}]},{\"@type\":\"WebSite\",\"@id\":\"https:\/\/blogs.donboscovolunteers.de\/sophisitaenbolivia\/#website\",\"url\":\"https:\/\/blogs.donboscovolunteers.de\/sophisitaenbolivia\/\",\"name\":\"Sophisita en Bolivia\",\"description\":\"Ein Jahr lang im Land der Superlative\",\"potentialAction\":[{\"@type\":\"SearchAction\",\"target\":{\"@type\":\"EntryPoint\",\"urlTemplate\":\"https:\/\/blogs.donboscovolunteers.de\/sophisitaenbolivia\/?s={search_term_string}\"},\"query-input\":{\"@type\":\"PropertyValueSpecification\",\"valueRequired\":true,\"valueName\":\"search_term_string\"}}],\"inLanguage\":\"de\"}]}<\/script>\n<!-- \/ Yoast SEO plugin. -->","yoast_head_json":{"title":"Proyecto Don Bosco - Sophisita en Bolivia","robots":{"index":"index","follow":"follow","max-snippet":"max-snippet:-1","max-image-preview":"max-image-preview:large","max-video-preview":"max-video-preview:-1"},"canonical":"https:\/\/blogs.donboscovolunteers.de\/sophisitaenbolivia\/proyecto-don-bosco\/","og_locale":"de_DE","og_type":"article","og_title":"Proyecto Don Bosco - Sophisita en Bolivia","og_description":"Leider hat das Proyecto Don Bosco in Santa Cruz im Moment sehr starke Geldprobleme, weshalb dieser Blog einerseits \u00fcber das Projekt (die Strukturen, die unterschiedlichen H\u00e4user) aufkl\u00e4ren und andererseits mit einem Spendenaufruf verkn\u00fcpft werden soll, um Spenden sammeln und dem Projekt helfen zu k\u00f6nnen. Das Proyecto Don Bosco wurde in den 90er-Jahren durch den italienischen [&hellip;]","og_url":"https:\/\/blogs.donboscovolunteers.de\/sophisitaenbolivia\/proyecto-don-bosco\/","og_site_name":"Sophisita en Bolivia","article_modified_time":"2025-01-06T00:28:51+00:00","twitter_card":"summary_large_image","twitter_misc":{"Gesch\u00e4tzte Lesezeit":"5\u00a0Minuten"},"schema":{"@context":"https:\/\/schema.org","@graph":[{"@type":"WebPage","@id":"https:\/\/blogs.donboscovolunteers.de\/sophisitaenbolivia\/proyecto-don-bosco\/","url":"https:\/\/blogs.donboscovolunteers.de\/sophisitaenbolivia\/proyecto-don-bosco\/","name":"Proyecto Don Bosco - Sophisita en Bolivia","isPartOf":{"@id":"https:\/\/blogs.donboscovolunteers.de\/sophisitaenbolivia\/#website"},"datePublished":"2025-01-06T00:28:49+00:00","dateModified":"2025-01-06T00:28:51+00:00","breadcrumb":{"@id":"https:\/\/blogs.donboscovolunteers.de\/sophisitaenbolivia\/proyecto-don-bosco\/#breadcrumb"},"inLanguage":"de","potentialAction":[{"@type":"ReadAction","target":["https:\/\/blogs.donboscovolunteers.de\/sophisitaenbolivia\/proyecto-don-bosco\/"]}]},{"@type":"BreadcrumbList","@id":"https:\/\/blogs.donboscovolunteers.de\/sophisitaenbolivia\/proyecto-don-bosco\/#breadcrumb","itemListElement":[{"@type":"ListItem","position":1,"name":"Startseite","item":"https:\/\/blogs.donboscovolunteers.de\/sophisitaenbolivia\/"},{"@type":"ListItem","position":2,"name":"Proyecto Don Bosco"}]},{"@type":"WebSite","@id":"https:\/\/blogs.donboscovolunteers.de\/sophisitaenbolivia\/#website","url":"https:\/\/blogs.donboscovolunteers.de\/sophisitaenbolivia\/","name":"Sophisita en Bolivia","description":"Ein Jahr lang im Land der Superlative","potentialAction":[{"@type":"SearchAction","target":{"@type":"EntryPoint","urlTemplate":"https:\/\/blogs.donboscovolunteers.de\/sophisitaenbolivia\/?s={search_term_string}"},"query-input":{"@type":"PropertyValueSpecification","valueRequired":true,"valueName":"search_term_string"}}],"inLanguage":"de"}]}},"_links":{"self":[{"href":"https:\/\/blogs.donboscovolunteers.de\/sophisitaenbolivia\/wp-json\/wp\/v2\/pages\/262","targetHints":{"allow":["GET"]}}],"collection":[{"href":"https:\/\/blogs.donboscovolunteers.de\/sophisitaenbolivia\/wp-json\/wp\/v2\/pages"}],"about":[{"href":"https:\/\/blogs.donboscovolunteers.de\/sophisitaenbolivia\/wp-json\/wp\/v2\/types\/page"}],"author":[{"embeddable":true,"href":"https:\/\/blogs.donboscovolunteers.de\/sophisitaenbolivia\/wp-json\/wp\/v2\/users\/21833"}],"replies":[{"embeddable":true,"href":"https:\/\/blogs.donboscovolunteers.de\/sophisitaenbolivia\/wp-json\/wp\/v2\/comments?post=262"}],"version-history":[{"count":1,"href":"https:\/\/blogs.donboscovolunteers.de\/sophisitaenbolivia\/wp-json\/wp\/v2\/pages\/262\/revisions"}],"predecessor-version":[{"id":263,"href":"https:\/\/blogs.donboscovolunteers.de\/sophisitaenbolivia\/wp-json\/wp\/v2\/pages\/262\/revisions\/263"}],"wp:attachment":[{"href":"https:\/\/blogs.donboscovolunteers.de\/sophisitaenbolivia\/wp-json\/wp\/v2\/media?parent=262"}],"curies":[{"name":"wp","href":"https:\/\/api.w.org\/{rel}","templated":true}]}}