{"id":3,"date":"2025-04-17T12:37:34","date_gmt":"2025-04-17T10:37:34","guid":{"rendered":"https:\/\/blogs.donboscovolunteers.de\/sonnenstreuner\/about\/"},"modified":"2025-06-20T17:48:25","modified_gmt":"2025-06-20T15:48:25","slug":"about","status":"publish","type":"page","link":"https:\/\/blogs.donboscovolunteers.de\/sonnenstreuner\/about\/","title":{"rendered":"\u00dcber mich"},"content":{"rendered":"<p>Hallo und herzlich willkommen auf meinem Blog!<\/p>\n<p>Sch\u00f6n, dass du da bist \ud83d\ude42<\/p>\n<p>Ich bin Darleen, 20 Jahre alt und komme aus dem Ruhrpott in NRW. Aktuell plane ich einen <a href=\"https:\/\/www.donboscovolunteers.de\/\">Freiwilligendienst<\/a> in Palakkad, Kerala (<a href=\"https:\/\/strassenkinder.de\/laender\/asien\/inden\/\">Indien<\/a>) mit <a href=\"https:\/\/www.donboscomission.de\/don-bosco\/\">Don Bosco<\/a> Volunteers zu machen \u2013 je nach dem, wann du dich in meine kleine Nische des Internets verirrt hast, bin ich mitten in meinem Freiwilligendienst oder sogar schon fertig und treibe sonst was in meinem Leben.<\/p>\n<p>Mit diesem Blog nehme ich dich mit auf meiner Reise durch neue Kulturen, Herausforderungen, besondere Begegnungen und verschiedensten Entwicklungen.<\/p>\n<p>\u00a0<\/p>\n<p>Warum einen Auslandsfreiwilligendienst?<\/p>\n<p>Nach meinem Abi wusste ich in meiner typischen Unentschlossenheit erst einmal nicht, was ich machen sollte. Alles klang gut und dann irgendwie auch wieder nicht. Eins wusste ich aber: Ich wollte etwas Sinnvolles machen, etwas das mich auch aus meiner gem\u00fctlichen Komfortzone in etwas Neues zwingt. Der Freiwilligendienst bietet mir die M\u00f6glichkeit praktische Erfahrungen zu sammeln, sich kulturell auszutauschen und mehr \u00fcber unsere Welt zu erfahren und zu hinterfragen.<\/p>\n<p>Danke f\u00fcrs Reinschauen \u2013 Ich freue mich sehr, wenn du mich hier begleitest!<\/p>\n<p>Darleen \ud83d\ude09<\/p>\n\n\n<p><\/p>","protected":false},"excerpt":{"rendered":"<p>Hallo und herzlich willkommen auf meinem Blog! Sch\u00f6n, dass du da bist \ud83d\ude42 Ich bin Darleen, 20 Jahre alt und komme aus dem Ruhrpott in NRW. Aktuell plane ich einen <a href=\"https:\/\/www.donboscovolunteers.de\/\">Freiwilligendienst<\/a> in Palakkad, Kerala (<a href=\"https:\/\/strassenkinder.de\/laender\/asien\/inden\/\">Indien<\/a>) mit <a href=\"https:\/\/www.donboscomission.de\/don-bosco\/\">Don Bosco<\/a> Volunteers zu machen \u2013 je nach dem, wann du dich in meine kleine Nische des Internets verirrt [&hellip;]<\/p>\n","protected":false},"author":21869,"featured_media":0,"parent":0,"menu_order":1,"comment_status":"closed","ping_status":"closed","template":"","meta":{"footnotes":""},"class_list":["post-3","page","type-page","status-publish","hentry"],"yoast_head":"<!-- This site is optimized with the Yoast SEO plugin v25.3.1 - https:\/\/yoast.com\/wordpress\/plugins\/seo\/ -->\n<title>\u00dcber mich - Sonnenstreuner<\/title>\n<meta name=\"robots\" content=\"index, follow, max-snippet:-1, max-image-preview:large, max-video-preview:-1\" \/>\n<link rel=\"canonical\" href=\"https:\/\/blogs.donboscovolunteers.de\/sonnenstreuner\/about\/\" \/>\n<meta property=\"og:locale\" content=\"de_DE\" \/>\n<meta property=\"og:type\" content=\"article\" \/>\n<meta property=\"og:title\" content=\"\u00dcber mich - Sonnenstreuner\" \/>\n<meta property=\"og:description\" content=\"Hallo und herzlich willkommen auf meinem Blog! Sch\u00f6n, dass du da bist \ud83d\ude42 Ich bin Darleen, 20 Jahre alt und komme aus dem Ruhrpott in NRW. Aktuell plane ich einen Freiwilligendienst in Palakkad, Kerala (Indien) mit Don Bosco Volunteers zu machen \u2013 je nach dem, wann du dich in meine kleine Nische des Internets verirrt [&hellip;]\" \/>\n<meta property=\"og:url\" content=\"https:\/\/blogs.donboscovolunteers.de\/sonnenstreuner\/about\/\" \/>\n<meta property=\"og:site_name\" content=\"Sonnenstreuner\" \/>\n<meta property=\"article:modified_time\" content=\"2025-06-20T15:48:25+00:00\" \/>\n<meta name=\"twitter:card\" content=\"summary_large_image\" \/>\n<meta name=\"twitter:label1\" content=\"Gesch\u00e4tzte Lesezeit\" \/>\n\t<meta name=\"twitter:data1\" content=\"1\u00a0Minute\" \/>\n<script type=\"application\/ld+json\" class=\"yoast-schema-graph\">{\"@context\":\"https:\/\/schema.org\",\"@graph\":[{\"@type\":\"WebPage\",\"@id\":\"https:\/\/blogs.donboscovolunteers.de\/sonnenstreuner\/about\/\",\"url\":\"https:\/\/blogs.donboscovolunteers.de\/sonnenstreuner\/about\/\",\"name\":\"\u00dcber mich - Sonnenstreuner\",\"isPartOf\":{\"@id\":\"https:\/\/blogs.donboscovolunteers.de\/sonnenstreuner\/#website\"},\"datePublished\":\"2025-04-17T10:37:34+00:00\",\"dateModified\":\"2025-06-20T15:48:25+00:00\",\"breadcrumb\":{\"@id\":\"https:\/\/blogs.donboscovolunteers.de\/sonnenstreuner\/about\/#breadcrumb\"},\"inLanguage\":\"de\",\"potentialAction\":[{\"@type\":\"ReadAction\",\"target\":[\"https:\/\/blogs.donboscovolunteers.de\/sonnenstreuner\/about\/\"]}]},{\"@type\":\"BreadcrumbList\",\"@id\":\"https:\/\/blogs.donboscovolunteers.de\/sonnenstreuner\/about\/#breadcrumb\",\"itemListElement\":[{\"@type\":\"ListItem\",\"position\":1,\"name\":\"Startseite\",\"item\":\"https:\/\/blogs.donboscovolunteers.de\/sonnenstreuner\/\"},{\"@type\":\"ListItem\",\"position\":2,\"name\":\"\u00dcber mich\"}]},{\"@type\":\"WebSite\",\"@id\":\"https:\/\/blogs.donboscovolunteers.de\/sonnenstreuner\/#website\",\"url\":\"https:\/\/blogs.donboscovolunteers.de\/sonnenstreuner\/\",\"name\":\"Sonnenstreuner\",\"description\":\"- Notizen aus Palakkad\",\"potentialAction\":[{\"@type\":\"SearchAction\",\"target\":{\"@type\":\"EntryPoint\",\"urlTemplate\":\"https:\/\/blogs.donboscovolunteers.de\/sonnenstreuner\/?s={search_term_string}\"},\"query-input\":{\"@type\":\"PropertyValueSpecification\",\"valueRequired\":true,\"valueName\":\"search_term_string\"}}],\"inLanguage\":\"de\"}]}<\/script>\n<!-- \/ Yoast SEO plugin. -->","yoast_head_json":{"title":"\u00dcber mich - Sonnenstreuner","robots":{"index":"index","follow":"follow","max-snippet":"max-snippet:-1","max-image-preview":"max-image-preview:large","max-video-preview":"max-video-preview:-1"},"canonical":"https:\/\/blogs.donboscovolunteers.de\/sonnenstreuner\/about\/","og_locale":"de_DE","og_type":"article","og_title":"\u00dcber mich - Sonnenstreuner","og_description":"Hallo und herzlich willkommen auf meinem Blog! Sch\u00f6n, dass du da bist \ud83d\ude42 Ich bin Darleen, 20 Jahre alt und komme aus dem Ruhrpott in NRW. Aktuell plane ich einen Freiwilligendienst in Palakkad, Kerala (Indien) mit Don Bosco Volunteers zu machen \u2013 je nach dem, wann du dich in meine kleine Nische des Internets verirrt [&hellip;]","og_url":"https:\/\/blogs.donboscovolunteers.de\/sonnenstreuner\/about\/","og_site_name":"Sonnenstreuner","article_modified_time":"2025-06-20T15:48:25+00:00","twitter_card":"summary_large_image","twitter_misc":{"Gesch\u00e4tzte Lesezeit":"1\u00a0Minute"},"schema":{"@context":"https:\/\/schema.org","@graph":[{"@type":"WebPage","@id":"https:\/\/blogs.donboscovolunteers.de\/sonnenstreuner\/about\/","url":"https:\/\/blogs.donboscovolunteers.de\/sonnenstreuner\/about\/","name":"\u00dcber mich - Sonnenstreuner","isPartOf":{"@id":"https:\/\/blogs.donboscovolunteers.de\/sonnenstreuner\/#website"},"datePublished":"2025-04-17T10:37:34+00:00","dateModified":"2025-06-20T15:48:25+00:00","breadcrumb":{"@id":"https:\/\/blogs.donboscovolunteers.de\/sonnenstreuner\/about\/#breadcrumb"},"inLanguage":"de","potentialAction":[{"@type":"ReadAction","target":["https:\/\/blogs.donboscovolunteers.de\/sonnenstreuner\/about\/"]}]},{"@type":"BreadcrumbList","@id":"https:\/\/blogs.donboscovolunteers.de\/sonnenstreuner\/about\/#breadcrumb","itemListElement":[{"@type":"ListItem","position":1,"name":"Startseite","item":"https:\/\/blogs.donboscovolunteers.de\/sonnenstreuner\/"},{"@type":"ListItem","position":2,"name":"\u00dcber mich"}]},{"@type":"WebSite","@id":"https:\/\/blogs.donboscovolunteers.de\/sonnenstreuner\/#website","url":"https:\/\/blogs.donboscovolunteers.de\/sonnenstreuner\/","name":"Sonnenstreuner","description":"- Notizen aus Palakkad","potentialAction":[{"@type":"SearchAction","target":{"@type":"EntryPoint","urlTemplate":"https:\/\/blogs.donboscovolunteers.de\/sonnenstreuner\/?s={search_term_string}"},"query-input":{"@type":"PropertyValueSpecification","valueRequired":true,"valueName":"search_term_string"}}],"inLanguage":"de"}]}},"_links":{"self":[{"href":"https:\/\/blogs.donboscovolunteers.de\/sonnenstreuner\/wp-json\/wp\/v2\/pages\/3","targetHints":{"allow":["GET"]}}],"collection":[{"href":"https:\/\/blogs.donboscovolunteers.de\/sonnenstreuner\/wp-json\/wp\/v2\/pages"}],"about":[{"href":"https:\/\/blogs.donboscovolunteers.de\/sonnenstreuner\/wp-json\/wp\/v2\/types\/page"}],"author":[{"embeddable":true,"href":"https:\/\/blogs.donboscovolunteers.de\/sonnenstreuner\/wp-json\/wp\/v2\/users\/21869"}],"replies":[{"embeddable":true,"href":"https:\/\/blogs.donboscovolunteers.de\/sonnenstreuner\/wp-json\/wp\/v2\/comments?post=3"}],"version-history":[{"count":3,"href":"https:\/\/blogs.donboscovolunteers.de\/sonnenstreuner\/wp-json\/wp\/v2\/pages\/3\/revisions"}],"predecessor-version":[{"id":17,"href":"https:\/\/blogs.donboscovolunteers.de\/sonnenstreuner\/wp-json\/wp\/v2\/pages\/3\/revisions\/17"}],"wp:attachment":[{"href":"https:\/\/blogs.donboscovolunteers.de\/sonnenstreuner\/wp-json\/wp\/v2\/media?parent=3"}],"curies":[{"name":"wp","href":"https:\/\/api.w.org\/{rel}","templated":true}]}}