{"id":21,"date":"2023-08-27T14:37:48","date_gmt":"2023-08-27T12:37:48","guid":{"rendered":"https:\/\/blogs.donboscovolunteers.de\/sarahmontenegro\/?page_id=21"},"modified":"2023-11-20T00:21:02","modified_gmt":"2023-11-19T23:21:02","slug":"spenden","status":"publish","type":"page","link":"https:\/\/blogs.donboscovolunteers.de\/sarahmontenegro\/spenden\/","title":{"rendered":"Spenden"},"content":{"rendered":"<p>Herzlich Willkommen zu meiner Spendenseite hier auf meinem Blog ! <\/p>\n\n\n\n<p>Da unser <a href=\"https:\/\/www.donboscovolunteers.de\/\">Freiwilligendienst<\/a> Teil des <strong>Weltw\u00e4rts-Programmes<\/strong> ist, wird es zu <strong>75 Prozent<\/strong> vom Bundesministerium f\u00fcr wirtschaftliche Zusammenarbeit und Entwicklung (BMZ) gef\u00f6rdert. Die fehlenden <strong>25 Prozent<\/strong> m\u00fcssen somit von der Entsendeorganisation und den Freiwilligen getragen werden. Dies versuchen wir mithilfe eines pers\u00f6nlichen Unterst\u00fctzerkreises zu erreichen. Das hei\u00dft wir sind auf Eure Spenden angewiesen, damit auch in Zukunft junge Erwachsende weiterhin die M\u00f6glichkeit bekommen, mit <strong>Don<\/strong> <strong>Bosco<\/strong> und dem Weltw\u00e4rts-Programm einen Auslandsfreiwilligendienst zu leisten. <\/p>\n\n\n\n<p>Rund 50 Freiwillige werden jedes Jahr von <strong><a href=\"https:\/\/www.donboscomission.de\/don-bosco\/\">Don Bosco<\/a> Volunteers<\/strong> ins Ausland entsandt.\u00a0Hier k\u00f6nnt ihr online f\u00fcr meinen Freiwilligendienst spenden: <\/p>\n\n\n\n<p><a href=\"https:\/\/www.donboscomission.de\/volontariat\/2023\/spenden\/sarahmontenegro\">https:\/\/www.donboscomission.de\/volontariat\/2023\/spenden\/sarahmontenegro<\/a><\/p>\n\n\n\n<p>Ich w\u00fcrde mich sehr \u00fcber eine Spende zur Unterst\u00fctzung meines Projekts freuen ! <\/p>\n\n\n\n<p>Vielen Dank an alle Spender*innen !<\/p>\n\n\n\n<p>(! Wichtig : Bei Angabe eures <strong>Namens<\/strong> und eurer <strong>Adresse<\/strong> erhaltet ihr eine <strong>Spendenquittung<\/strong> !) <\/p>\n\n\n\n<h2 class=\"wp-block-heading\">Spendenkonto<\/h2>\n\n\n\n<p>DON BOSCO MISSION<\/p>\n\n\n\n<p>LIGA BANK M\u00dcNCHEN<\/p>\n\n\n\n<p>IBAN: DE66 7509 0300 0102 1418 76<\/p>\n\n\n\n<p>BIC: GENODEF1M05<\/p>\n\n\n\n<p>Verwendungszweck: Dorrmann, Sarah S23VB004<\/p>\n\n\n\n<p><\/p>","protected":false},"excerpt":{"rendered":"<p>Herzlich Willkommen zu meiner Spendenseite hier auf meinem Blog ! Da unser <a href=\"https:\/\/www.donboscovolunteers.de\/\">Freiwilligendienst<\/a> Teil des Weltw\u00e4rts-Programmes ist, wird es zu 75 Prozent vom Bundesministerium f\u00fcr wirtschaftliche Zusammenarbeit und Entwicklung (BMZ) gef\u00f6rdert. Die fehlenden 25 Prozent m\u00fcssen somit von der Entsendeorganisation und den Freiwilligen getragen werden. Dies versuchen wir mithilfe eines pers\u00f6nlichen Unterst\u00fctzerkreises zu erreichen. Das [&hellip;]<\/p>\n","protected":false},"author":21784,"featured_media":0,"parent":0,"menu_order":0,"comment_status":"closed","ping_status":"closed","template":"","meta":{"footnotes":""},"class_list":["post-21","page","type-page","status-publish","hentry"],"yoast_head":"<!-- This site is optimized with the Yoast SEO plugin v25.3.1 - https:\/\/yoast.com\/wordpress\/plugins\/seo\/ -->\n<title>Spenden - Sarah in Montenegro<\/title>\n<meta name=\"robots\" content=\"index, follow, max-snippet:-1, max-image-preview:large, max-video-preview:-1\" \/>\n<link rel=\"canonical\" href=\"https:\/\/blogs.donboscovolunteers.de\/sarahmontenegro\/spenden\/\" \/>\n<meta property=\"og:locale\" content=\"de_DE\" \/>\n<meta property=\"og:type\" content=\"article\" \/>\n<meta property=\"og:title\" content=\"Spenden - Sarah in Montenegro\" \/>\n<meta property=\"og:description\" content=\"Herzlich Willkommen zu meiner Spendenseite hier auf meinem Blog ! Da unser Freiwilligendienst Teil des Weltw\u00e4rts-Programmes ist, wird es zu 75 Prozent vom Bundesministerium f\u00fcr wirtschaftliche Zusammenarbeit und Entwicklung (BMZ) gef\u00f6rdert. Die fehlenden 25 Prozent m\u00fcssen somit von der Entsendeorganisation und den Freiwilligen getragen werden. Dies versuchen wir mithilfe eines pers\u00f6nlichen Unterst\u00fctzerkreises zu erreichen. Das [&hellip;]\" \/>\n<meta property=\"og:url\" content=\"https:\/\/blogs.donboscovolunteers.de\/sarahmontenegro\/spenden\/\" \/>\n<meta property=\"og:site_name\" content=\"Sarah in Montenegro\" \/>\n<meta property=\"article:modified_time\" content=\"2023-11-19T23:21:02+00:00\" \/>\n<meta name=\"twitter:card\" content=\"summary_large_image\" \/>\n<meta name=\"twitter:label1\" content=\"Gesch\u00e4tzte Lesezeit\" \/>\n\t<meta name=\"twitter:data1\" content=\"1\u00a0Minute\" \/>\n<script type=\"application\/ld+json\" class=\"yoast-schema-graph\">{\"@context\":\"https:\/\/schema.org\",\"@graph\":[{\"@type\":\"WebPage\",\"@id\":\"https:\/\/blogs.donboscovolunteers.de\/sarahmontenegro\/spenden\/\",\"url\":\"https:\/\/blogs.donboscovolunteers.de\/sarahmontenegro\/spenden\/\",\"name\":\"Spenden - Sarah in Montenegro\",\"isPartOf\":{\"@id\":\"https:\/\/blogs.donboscovolunteers.de\/sarahmontenegro\/#website\"},\"datePublished\":\"2023-08-27T12:37:48+00:00\",\"dateModified\":\"2023-11-19T23:21:02+00:00\",\"breadcrumb\":{\"@id\":\"https:\/\/blogs.donboscovolunteers.de\/sarahmontenegro\/spenden\/#breadcrumb\"},\"inLanguage\":\"de\",\"potentialAction\":[{\"@type\":\"ReadAction\",\"target\":[\"https:\/\/blogs.donboscovolunteers.de\/sarahmontenegro\/spenden\/\"]}]},{\"@type\":\"BreadcrumbList\",\"@id\":\"https:\/\/blogs.donboscovolunteers.de\/sarahmontenegro\/spenden\/#breadcrumb\",\"itemListElement\":[{\"@type\":\"ListItem\",\"position\":1,\"name\":\"Startseite\",\"item\":\"https:\/\/blogs.donboscovolunteers.de\/sarahmontenegro\/\"},{\"@type\":\"ListItem\",\"position\":2,\"name\":\"Spenden\"}]},{\"@type\":\"WebSite\",\"@id\":\"https:\/\/blogs.donboscovolunteers.de\/sarahmontenegro\/#website\",\"url\":\"https:\/\/blogs.donboscovolunteers.de\/sarahmontenegro\/\",\"name\":\"Sarah in Montenegro\",\"description\":\"Mein Freiwilligendienst in Podgorica \",\"potentialAction\":[{\"@type\":\"SearchAction\",\"target\":{\"@type\":\"EntryPoint\",\"urlTemplate\":\"https:\/\/blogs.donboscovolunteers.de\/sarahmontenegro\/?s={search_term_string}\"},\"query-input\":{\"@type\":\"PropertyValueSpecification\",\"valueRequired\":true,\"valueName\":\"search_term_string\"}}],\"inLanguage\":\"de\"}]}<\/script>\n<!-- \/ Yoast SEO plugin. -->","yoast_head_json":{"title":"Spenden - Sarah in Montenegro","robots":{"index":"index","follow":"follow","max-snippet":"max-snippet:-1","max-image-preview":"max-image-preview:large","max-video-preview":"max-video-preview:-1"},"canonical":"https:\/\/blogs.donboscovolunteers.de\/sarahmontenegro\/spenden\/","og_locale":"de_DE","og_type":"article","og_title":"Spenden - Sarah in Montenegro","og_description":"Herzlich Willkommen zu meiner Spendenseite hier auf meinem Blog ! Da unser Freiwilligendienst Teil des Weltw\u00e4rts-Programmes ist, wird es zu 75 Prozent vom Bundesministerium f\u00fcr wirtschaftliche Zusammenarbeit und Entwicklung (BMZ) gef\u00f6rdert. Die fehlenden 25 Prozent m\u00fcssen somit von der Entsendeorganisation und den Freiwilligen getragen werden. Dies versuchen wir mithilfe eines pers\u00f6nlichen Unterst\u00fctzerkreises zu erreichen. Das [&hellip;]","og_url":"https:\/\/blogs.donboscovolunteers.de\/sarahmontenegro\/spenden\/","og_site_name":"Sarah in Montenegro","article_modified_time":"2023-11-19T23:21:02+00:00","twitter_card":"summary_large_image","twitter_misc":{"Gesch\u00e4tzte Lesezeit":"1\u00a0Minute"},"schema":{"@context":"https:\/\/schema.org","@graph":[{"@type":"WebPage","@id":"https:\/\/blogs.donboscovolunteers.de\/sarahmontenegro\/spenden\/","url":"https:\/\/blogs.donboscovolunteers.de\/sarahmontenegro\/spenden\/","name":"Spenden - Sarah in Montenegro","isPartOf":{"@id":"https:\/\/blogs.donboscovolunteers.de\/sarahmontenegro\/#website"},"datePublished":"2023-08-27T12:37:48+00:00","dateModified":"2023-11-19T23:21:02+00:00","breadcrumb":{"@id":"https:\/\/blogs.donboscovolunteers.de\/sarahmontenegro\/spenden\/#breadcrumb"},"inLanguage":"de","potentialAction":[{"@type":"ReadAction","target":["https:\/\/blogs.donboscovolunteers.de\/sarahmontenegro\/spenden\/"]}]},{"@type":"BreadcrumbList","@id":"https:\/\/blogs.donboscovolunteers.de\/sarahmontenegro\/spenden\/#breadcrumb","itemListElement":[{"@type":"ListItem","position":1,"name":"Startseite","item":"https:\/\/blogs.donboscovolunteers.de\/sarahmontenegro\/"},{"@type":"ListItem","position":2,"name":"Spenden"}]},{"@type":"WebSite","@id":"https:\/\/blogs.donboscovolunteers.de\/sarahmontenegro\/#website","url":"https:\/\/blogs.donboscovolunteers.de\/sarahmontenegro\/","name":"Sarah in Montenegro","description":"Mein Freiwilligendienst in Podgorica ","potentialAction":[{"@type":"SearchAction","target":{"@type":"EntryPoint","urlTemplate":"https:\/\/blogs.donboscovolunteers.de\/sarahmontenegro\/?s={search_term_string}"},"query-input":{"@type":"PropertyValueSpecification","valueRequired":true,"valueName":"search_term_string"}}],"inLanguage":"de"}]}},"_links":{"self":[{"href":"https:\/\/blogs.donboscovolunteers.de\/sarahmontenegro\/wp-json\/wp\/v2\/pages\/21","targetHints":{"allow":["GET"]}}],"collection":[{"href":"https:\/\/blogs.donboscovolunteers.de\/sarahmontenegro\/wp-json\/wp\/v2\/pages"}],"about":[{"href":"https:\/\/blogs.donboscovolunteers.de\/sarahmontenegro\/wp-json\/wp\/v2\/types\/page"}],"author":[{"embeddable":true,"href":"https:\/\/blogs.donboscovolunteers.de\/sarahmontenegro\/wp-json\/wp\/v2\/users\/21784"}],"replies":[{"embeddable":true,"href":"https:\/\/blogs.donboscovolunteers.de\/sarahmontenegro\/wp-json\/wp\/v2\/comments?post=21"}],"version-history":[{"count":7,"href":"https:\/\/blogs.donboscovolunteers.de\/sarahmontenegro\/wp-json\/wp\/v2\/pages\/21\/revisions"}],"predecessor-version":[{"id":122,"href":"https:\/\/blogs.donboscovolunteers.de\/sarahmontenegro\/wp-json\/wp\/v2\/pages\/21\/revisions\/122"}],"wp:attachment":[{"href":"https:\/\/blogs.donboscovolunteers.de\/sarahmontenegro\/wp-json\/wp\/v2\/media?parent=21"}],"curies":[{"name":"wp","href":"https:\/\/api.w.org\/{rel}","templated":true}]}}