{"id":18,"date":"2023-08-27T13:54:46","date_gmt":"2023-08-27T11:54:46","guid":{"rendered":"https:\/\/blogs.donboscovolunteers.de\/sarahmontenegro\/?page_id=18"},"modified":"2023-10-05T22:43:54","modified_gmt":"2023-10-05T20:43:54","slug":"ueber-mich","status":"publish","type":"page","link":"https:\/\/blogs.donboscovolunteers.de\/sarahmontenegro\/ueber-mich\/","title":{"rendered":"\u00dcber mich"},"content":{"rendered":"<p>Hi ! Willkommen in meinem Blog zu meinem Auslandsfreiwilligendienst in <strong>Montenegro<\/strong> <strong>2023\/2024<\/strong> !! ^^ <\/p>\n\n\n\n<p>Ich hei\u00dfe Sarah Dorrmann und wohne in einem kleinen Dorf in der N\u00e4he von Regensburg.<\/p>\n\n\n<div class=\"wp-block-image\">\n<figure class=\"aligncenter size-full is-resized\"><img loading=\"lazy\" decoding=\"async\" src=\"https:\/\/blogs.donboscovolunteers.de\/sarahmontenegro\/wp-content\/uploads\/sites\/21678\/2023\/08\/IMG_3307.jpg\" alt=\"\" class=\"wp-image-27\" style=\"width:397px;height:397px\" width=\"397\" height=\"397\" srcset=\"https:\/\/blogs.donboscovolunteers.de\/sarahmontenegro\/wp-content\/uploads\/sites\/21678\/2023\/08\/IMG_3307.jpg 960w, https:\/\/blogs.donboscovolunteers.de\/sarahmontenegro\/wp-content\/uploads\/sites\/21678\/2023\/08\/IMG_3307-300x300.jpg 300w, https:\/\/blogs.donboscovolunteers.de\/sarahmontenegro\/wp-content\/uploads\/sites\/21678\/2023\/08\/IMG_3307-150x150.jpg 150w, https:\/\/blogs.donboscovolunteers.de\/sarahmontenegro\/wp-content\/uploads\/sites\/21678\/2023\/08\/IMG_3307-768x768.jpg 768w, https:\/\/blogs.donboscovolunteers.de\/sarahmontenegro\/wp-content\/uploads\/sites\/21678\/2023\/08\/IMG_3307-100x100.jpg 100w\" sizes=\"auto, (max-width: 397px) 100vw, 397px\" \/><\/figure>\n<\/div>\n\n\n<p> <\/p>\n\n\n\n<p>Ich habe zwei Schwestern (eine kleine und eine gro\u00dfe) und liebe es Zeit mit ihnen, meiner Familie und meinen Freunden zu verbringen. <\/p>\n\n\n\n<p>In meiner Freizeit liebe ich es zu singen und Musik zu h\u00f6ren und ich hoffe sehr, dass ich diese musikalische Seite von mir auch in meinem Jahr in Montenegro einbringen kann. Au\u00dferdem liebe ich alles, was mit Kunst und Kreativit\u00e4t zu tun hat und habe vor allem sehr viel Spa\u00df dabei, mit anderen Menschen gemeinsam, an k\u00fcnstlerischen Projekten zu arbeiten. <\/p>\n\n\n\n<p>Ich freue mich sehr, dass ihr hierher gefunden habt und f\u00e4nde es toll, wenn ihr mich das n\u00e4chste Jahr durch meinen Blog hier in Podgorica begleiten w\u00fcrdet. (Ich w\u00fcrde mich auch riesig \u00fcber Kommentare freuen ! ^^)<\/p>\n\n\n\n<p>Bis ganz bald &lt;3<\/p>\n\n\n\n<p>Eure Sarah <\/p>","protected":false},"excerpt":{"rendered":"<p>Hi ! Willkommen in meinem Blog zu meinem Auslandsfreiwilligendienst in Montenegro 2023\/2024 !! ^^ Ich hei\u00dfe Sarah Dorrmann und wohne in einem kleinen Dorf in der N\u00e4he von Regensburg. Ich habe zwei Schwestern (eine kleine und eine gro\u00dfe) und liebe es Zeit mit ihnen, meiner Familie und meinen Freunden zu verbringen. In meiner Freizeit liebe [&hellip;]<\/p>\n","protected":false},"author":21784,"featured_media":0,"parent":0,"menu_order":0,"comment_status":"closed","ping_status":"closed","template":"","meta":{"footnotes":""},"class_list":["post-18","page","type-page","status-publish","hentry"],"yoast_head":"<!-- This site is optimized with the Yoast SEO plugin v25.3.1 - https:\/\/yoast.com\/wordpress\/plugins\/seo\/ -->\n<title>\u00dcber mich - Sarah in Montenegro<\/title>\n<meta name=\"robots\" content=\"index, follow, max-snippet:-1, max-image-preview:large, max-video-preview:-1\" \/>\n<link rel=\"canonical\" href=\"https:\/\/blogs.donboscovolunteers.de\/sarahmontenegro\/ueber-mich\/\" \/>\n<meta property=\"og:locale\" content=\"de_DE\" \/>\n<meta property=\"og:type\" content=\"article\" \/>\n<meta property=\"og:title\" content=\"\u00dcber mich - Sarah in Montenegro\" \/>\n<meta property=\"og:description\" content=\"Hi ! Willkommen in meinem Blog zu meinem Auslandsfreiwilligendienst in Montenegro 2023\/2024 !! ^^ Ich hei\u00dfe Sarah Dorrmann und wohne in einem kleinen Dorf in der N\u00e4he von Regensburg. Ich habe zwei Schwestern (eine kleine und eine gro\u00dfe) und liebe es Zeit mit ihnen, meiner Familie und meinen Freunden zu verbringen. In meiner Freizeit liebe [&hellip;]\" \/>\n<meta property=\"og:url\" content=\"https:\/\/blogs.donboscovolunteers.de\/sarahmontenegro\/ueber-mich\/\" \/>\n<meta property=\"og:site_name\" content=\"Sarah in Montenegro\" \/>\n<meta property=\"article:modified_time\" content=\"2023-10-05T20:43:54+00:00\" \/>\n<meta property=\"og:image\" content=\"https:\/\/blogs.donboscovolunteers.de\/sarahmontenegro\/wp-content\/uploads\/sites\/21678\/2023\/08\/IMG_3307.jpg\" \/>\n<meta name=\"twitter:card\" content=\"summary_large_image\" \/>\n<meta name=\"twitter:label1\" content=\"Gesch\u00e4tzte Lesezeit\" \/>\n\t<meta name=\"twitter:data1\" content=\"1\u00a0Minute\" \/>\n<script type=\"application\/ld+json\" class=\"yoast-schema-graph\">{\"@context\":\"https:\/\/schema.org\",\"@graph\":[{\"@type\":\"WebPage\",\"@id\":\"https:\/\/blogs.donboscovolunteers.de\/sarahmontenegro\/ueber-mich\/\",\"url\":\"https:\/\/blogs.donboscovolunteers.de\/sarahmontenegro\/ueber-mich\/\",\"name\":\"\u00dcber mich - Sarah in Montenegro\",\"isPartOf\":{\"@id\":\"https:\/\/blogs.donboscovolunteers.de\/sarahmontenegro\/#website\"},\"primaryImageOfPage\":{\"@id\":\"https:\/\/blogs.donboscovolunteers.de\/sarahmontenegro\/ueber-mich\/#primaryimage\"},\"image\":{\"@id\":\"https:\/\/blogs.donboscovolunteers.de\/sarahmontenegro\/ueber-mich\/#primaryimage\"},\"thumbnailUrl\":\"https:\/\/blogs.donboscovolunteers.de\/sarahmontenegro\/wp-content\/uploads\/sites\/21678\/2023\/08\/IMG_3307.jpg\",\"datePublished\":\"2023-08-27T11:54:46+00:00\",\"dateModified\":\"2023-10-05T20:43:54+00:00\",\"breadcrumb\":{\"@id\":\"https:\/\/blogs.donboscovolunteers.de\/sarahmontenegro\/ueber-mich\/#breadcrumb\"},\"inLanguage\":\"de\",\"potentialAction\":[{\"@type\":\"ReadAction\",\"target\":[\"https:\/\/blogs.donboscovolunteers.de\/sarahmontenegro\/ueber-mich\/\"]}]},{\"@type\":\"ImageObject\",\"inLanguage\":\"de\",\"@id\":\"https:\/\/blogs.donboscovolunteers.de\/sarahmontenegro\/ueber-mich\/#primaryimage\",\"url\":\"https:\/\/blogs.donboscovolunteers.de\/sarahmontenegro\/wp-content\/uploads\/sites\/21678\/2023\/08\/IMG_3307.jpg\",\"contentUrl\":\"https:\/\/blogs.donboscovolunteers.de\/sarahmontenegro\/wp-content\/uploads\/sites\/21678\/2023\/08\/IMG_3307.jpg\",\"width\":960,\"height\":960},{\"@type\":\"BreadcrumbList\",\"@id\":\"https:\/\/blogs.donboscovolunteers.de\/sarahmontenegro\/ueber-mich\/#breadcrumb\",\"itemListElement\":[{\"@type\":\"ListItem\",\"position\":1,\"name\":\"Startseite\",\"item\":\"https:\/\/blogs.donboscovolunteers.de\/sarahmontenegro\/\"},{\"@type\":\"ListItem\",\"position\":2,\"name\":\"\u00dcber mich\"}]},{\"@type\":\"WebSite\",\"@id\":\"https:\/\/blogs.donboscovolunteers.de\/sarahmontenegro\/#website\",\"url\":\"https:\/\/blogs.donboscovolunteers.de\/sarahmontenegro\/\",\"name\":\"Sarah in Montenegro\",\"description\":\"Mein Freiwilligendienst in Podgorica \",\"potentialAction\":[{\"@type\":\"SearchAction\",\"target\":{\"@type\":\"EntryPoint\",\"urlTemplate\":\"https:\/\/blogs.donboscovolunteers.de\/sarahmontenegro\/?s={search_term_string}\"},\"query-input\":{\"@type\":\"PropertyValueSpecification\",\"valueRequired\":true,\"valueName\":\"search_term_string\"}}],\"inLanguage\":\"de\"}]}<\/script>\n<!-- \/ Yoast SEO plugin. -->","yoast_head_json":{"title":"\u00dcber mich - Sarah in Montenegro","robots":{"index":"index","follow":"follow","max-snippet":"max-snippet:-1","max-image-preview":"max-image-preview:large","max-video-preview":"max-video-preview:-1"},"canonical":"https:\/\/blogs.donboscovolunteers.de\/sarahmontenegro\/ueber-mich\/","og_locale":"de_DE","og_type":"article","og_title":"\u00dcber mich - Sarah in Montenegro","og_description":"Hi ! Willkommen in meinem Blog zu meinem Auslandsfreiwilligendienst in Montenegro 2023\/2024 !! ^^ Ich hei\u00dfe Sarah Dorrmann und wohne in einem kleinen Dorf in der N\u00e4he von Regensburg. Ich habe zwei Schwestern (eine kleine und eine gro\u00dfe) und liebe es Zeit mit ihnen, meiner Familie und meinen Freunden zu verbringen. In meiner Freizeit liebe [&hellip;]","og_url":"https:\/\/blogs.donboscovolunteers.de\/sarahmontenegro\/ueber-mich\/","og_site_name":"Sarah in Montenegro","article_modified_time":"2023-10-05T20:43:54+00:00","og_image":[{"url":"https:\/\/blogs.donboscovolunteers.de\/sarahmontenegro\/wp-content\/uploads\/sites\/21678\/2023\/08\/IMG_3307.jpg","type":"","width":"","height":""}],"twitter_card":"summary_large_image","twitter_misc":{"Gesch\u00e4tzte Lesezeit":"1\u00a0Minute"},"schema":{"@context":"https:\/\/schema.org","@graph":[{"@type":"WebPage","@id":"https:\/\/blogs.donboscovolunteers.de\/sarahmontenegro\/ueber-mich\/","url":"https:\/\/blogs.donboscovolunteers.de\/sarahmontenegro\/ueber-mich\/","name":"\u00dcber mich - Sarah in Montenegro","isPartOf":{"@id":"https:\/\/blogs.donboscovolunteers.de\/sarahmontenegro\/#website"},"primaryImageOfPage":{"@id":"https:\/\/blogs.donboscovolunteers.de\/sarahmontenegro\/ueber-mich\/#primaryimage"},"image":{"@id":"https:\/\/blogs.donboscovolunteers.de\/sarahmontenegro\/ueber-mich\/#primaryimage"},"thumbnailUrl":"https:\/\/blogs.donboscovolunteers.de\/sarahmontenegro\/wp-content\/uploads\/sites\/21678\/2023\/08\/IMG_3307.jpg","datePublished":"2023-08-27T11:54:46+00:00","dateModified":"2023-10-05T20:43:54+00:00","breadcrumb":{"@id":"https:\/\/blogs.donboscovolunteers.de\/sarahmontenegro\/ueber-mich\/#breadcrumb"},"inLanguage":"de","potentialAction":[{"@type":"ReadAction","target":["https:\/\/blogs.donboscovolunteers.de\/sarahmontenegro\/ueber-mich\/"]}]},{"@type":"ImageObject","inLanguage":"de","@id":"https:\/\/blogs.donboscovolunteers.de\/sarahmontenegro\/ueber-mich\/#primaryimage","url":"https:\/\/blogs.donboscovolunteers.de\/sarahmontenegro\/wp-content\/uploads\/sites\/21678\/2023\/08\/IMG_3307.jpg","contentUrl":"https:\/\/blogs.donboscovolunteers.de\/sarahmontenegro\/wp-content\/uploads\/sites\/21678\/2023\/08\/IMG_3307.jpg","width":960,"height":960},{"@type":"BreadcrumbList","@id":"https:\/\/blogs.donboscovolunteers.de\/sarahmontenegro\/ueber-mich\/#breadcrumb","itemListElement":[{"@type":"ListItem","position":1,"name":"Startseite","item":"https:\/\/blogs.donboscovolunteers.de\/sarahmontenegro\/"},{"@type":"ListItem","position":2,"name":"\u00dcber mich"}]},{"@type":"WebSite","@id":"https:\/\/blogs.donboscovolunteers.de\/sarahmontenegro\/#website","url":"https:\/\/blogs.donboscovolunteers.de\/sarahmontenegro\/","name":"Sarah in Montenegro","description":"Mein Freiwilligendienst in Podgorica ","potentialAction":[{"@type":"SearchAction","target":{"@type":"EntryPoint","urlTemplate":"https:\/\/blogs.donboscovolunteers.de\/sarahmontenegro\/?s={search_term_string}"},"query-input":{"@type":"PropertyValueSpecification","valueRequired":true,"valueName":"search_term_string"}}],"inLanguage":"de"}]}},"_links":{"self":[{"href":"https:\/\/blogs.donboscovolunteers.de\/sarahmontenegro\/wp-json\/wp\/v2\/pages\/18","targetHints":{"allow":["GET"]}}],"collection":[{"href":"https:\/\/blogs.donboscovolunteers.de\/sarahmontenegro\/wp-json\/wp\/v2\/pages"}],"about":[{"href":"https:\/\/blogs.donboscovolunteers.de\/sarahmontenegro\/wp-json\/wp\/v2\/types\/page"}],"author":[{"embeddable":true,"href":"https:\/\/blogs.donboscovolunteers.de\/sarahmontenegro\/wp-json\/wp\/v2\/users\/21784"}],"replies":[{"embeddable":true,"href":"https:\/\/blogs.donboscovolunteers.de\/sarahmontenegro\/wp-json\/wp\/v2\/comments?post=18"}],"version-history":[{"count":8,"href":"https:\/\/blogs.donboscovolunteers.de\/sarahmontenegro\/wp-json\/wp\/v2\/pages\/18\/revisions"}],"predecessor-version":[{"id":75,"href":"https:\/\/blogs.donboscovolunteers.de\/sarahmontenegro\/wp-json\/wp\/v2\/pages\/18\/revisions\/75"}],"wp:attachment":[{"href":"https:\/\/blogs.donboscovolunteers.de\/sarahmontenegro\/wp-json\/wp\/v2\/media?parent=18"}],"curies":[{"name":"wp","href":"https:\/\/api.w.org\/{rel}","templated":true}]}}