{"id":29,"date":"2021-10-24T22:32:18","date_gmt":"2021-10-24T20:32:18","guid":{"rendered":"https:\/\/blogs.donboscovolunteers.de\/routewirdneuberechnet\/?page_id=29"},"modified":"2021-11-01T17:59:39","modified_gmt":"2021-11-01T16:59:39","slug":"ueber-mich","status":"publish","type":"page","link":"https:\/\/blogs.donboscovolunteers.de\/routewirdneuberechnet\/ueber-mich\/","title":{"rendered":"\u00dcber mich"},"content":{"rendered":"<p>Hallo und herzlich willkommen auf meinem Blog! \ud83d\ude09<\/p>\n\n\n\n<p>Ich bin Johanna, bin 18 Jahre alt und komme aus Neuss, das in der N\u00e4he von D\u00fcsseldorf liegt. Ich habe 2 j\u00fcngere Geschwister und in meiner Freizeit spiele ich Klavier, tanze und lese sehr gerne oder bin gerne kreativ, wie z.B. beim Backen oder Zeichnen.<\/p>\n\n\n\n<p>Nach meinem gerade gemachten Abi habe ich mich entschieden, eine \u201eLernpause\u201c zu machen und bei <a href=\"https:\/\/www.donboscomission.de\/don-bosco\/\">Don Bosco<\/a> einen Auslandsfreiwilligendienst zu beginnen. Allerdings hat mir Corona mal wieder, wie schon bei so vielem, einen Strich durch die Rechnung gemacht, weshalb wir, d.h. 17 Auslandsfreiwillige und ich, jetzt immer noch hier in Deutschland festsitzen\u2026 Anstelle des Freiwilligendienstes im Ausland wurde uns erst einmal eine Art \u201eErsatzprogramm\u201c angeboten, das aus einer Akademie und Praxiseins\u00e4tzen besteht, bis feststeht, ob wir im n\u00e4chsten Jahr doch noch ausreisen k\u00f6nnen.<\/p>\n\n\n\n<p>Weil ich immer wieder die Erfahrung gemacht habe, dass der Ablauf unseres Freiwilligendienstes sehr kompliziert wirkt, solange man nicht selbst daran teilnimmt und ich immer wieder danach gefragt werde, was ich denn jetzt genau mache, hier einmal ein kleiner \u00dcberblick \ud83d\ude42<\/p>\n\n\n\n<p>Vom 15. September bis 04. Oktober fand die Don Bosco Volunteers Akademie in Benediktbeuern statt. Neben verschiedenen interessanten Seminaren, wie z.B. den SDGs, P\u00e4dagogik und Don Bosco sind wir Auslandsvolos als Gruppe stark zusammengewachsen und hatten sehr viel Spa\u00df.<\/p>\n\n\n\n<p>An dem 4. Oktober wurden wir in Gruppen von 2 bis 4 Volont\u00e4ren auf verschiedene Don Bosco Einrichtungen in Deutschland verteilt, in meinem Fall das Don Bosco Jugendwerk Bamberg.<\/p>\n\n\n\n<p>Zwischen dem 6. und 19. Dezember sind wir erneut in Benediktbeuern zur Don Bosco Volunteers Akademie.<\/p>\n\n\n\n<p>Jetzt sind bei Euch\/Ihnen vermutlich noch Fragen offengeblieben, aber auch wir Freiwillige hatten lange Zeit keine Ahnung, was uns genau erwartet. Denn unser <a href=\"https:\/\/www.donboscovolunteers.de\/\">Freiwilligendienst<\/a> musste st\u00e4ndig an die jeweilige Coronasituation angepasst werden. Allerdings hat sich vieles mit der Zeit immer mehr aufgekl\u00e4rt und unsere \u201eneue Route\u201c wurde nach und nach klarer.<br>Allwissend sind wir alle allerdings immer noch nicht, vor allem, wenn wir auf die Zeit nach Weihnachten und unsere m\u00f6gliche Ausreise blicken. Ob es tats\u00e4chlich noch eine Ausreise im Januar oder Februar geben wird, ist n\u00e4mlich immer noch offen und wird voraussichtlich erst im November entschieden.<\/p>\n\n\n\n<p>Das war dann auch erst einmal mein (doch nicht ganz so kurzer) \u00dcberblick \u00fcber unseren vorl\u00e4ufigen Plan als Don Bosco Volunteers.<\/p>\n\n\n\n<p>Ich w\u00fcnsche Euch\/Ihnen viel Spa\u00df mit meinem Blog!<\/p>","protected":false},"excerpt":{"rendered":"<p>Hallo und herzlich willkommen auf meinem Blog! \ud83d\ude09 Ich bin Johanna, bin 18 Jahre alt und komme aus Neuss, das in der N\u00e4he von D\u00fcsseldorf liegt. Ich habe 2 j\u00fcngere Geschwister und in meiner Freizeit spiele ich Klavier, tanze und lese sehr gerne oder bin gerne kreativ, wie z.B. beim Backen oder Zeichnen. Nach meinem [&hellip;]<\/p>\n","protected":false},"author":21717,"featured_media":0,"parent":0,"menu_order":0,"comment_status":"closed","ping_status":"closed","template":"","meta":{"footnotes":""},"class_list":["post-29","page","type-page","status-publish","hentry"],"yoast_head":"<!-- This site is optimized with the Yoast SEO plugin v25.3.1 - https:\/\/yoast.com\/wordpress\/plugins\/seo\/ -->\n<title>\u00dcber mich - Route wird neu berechnet ...<\/title>\n<meta name=\"robots\" content=\"index, follow, max-snippet:-1, max-image-preview:large, max-video-preview:-1\" \/>\n<link rel=\"canonical\" href=\"https:\/\/blogs.donboscovolunteers.de\/routewirdneuberechnet\/ueber-mich\/\" \/>\n<meta property=\"og:locale\" content=\"de_DE\" \/>\n<meta property=\"og:type\" content=\"article\" \/>\n<meta property=\"og:title\" content=\"\u00dcber mich - Route wird neu berechnet ...\" \/>\n<meta property=\"og:description\" content=\"Hallo und herzlich willkommen auf meinem Blog! \ud83d\ude09 Ich bin Johanna, bin 18 Jahre alt und komme aus Neuss, das in der N\u00e4he von D\u00fcsseldorf liegt. Ich habe 2 j\u00fcngere Geschwister und in meiner Freizeit spiele ich Klavier, tanze und lese sehr gerne oder bin gerne kreativ, wie z.B. beim Backen oder Zeichnen. Nach meinem [&hellip;]\" \/>\n<meta property=\"og:url\" content=\"https:\/\/blogs.donboscovolunteers.de\/routewirdneuberechnet\/ueber-mich\/\" \/>\n<meta property=\"og:site_name\" content=\"Route wird neu berechnet ...\" \/>\n<meta property=\"article:modified_time\" content=\"2021-11-01T16:59:39+00:00\" \/>\n<meta name=\"twitter:card\" content=\"summary_large_image\" \/>\n<meta name=\"twitter:label1\" content=\"Gesch\u00e4tzte Lesezeit\" \/>\n\t<meta name=\"twitter:data1\" content=\"2\u00a0Minuten\" \/>\n<script type=\"application\/ld+json\" class=\"yoast-schema-graph\">{\"@context\":\"https:\/\/schema.org\",\"@graph\":[{\"@type\":\"WebPage\",\"@id\":\"https:\/\/blogs.donboscovolunteers.de\/routewirdneuberechnet\/ueber-mich\/\",\"url\":\"https:\/\/blogs.donboscovolunteers.de\/routewirdneuberechnet\/ueber-mich\/\",\"name\":\"\u00dcber mich - Route wird neu berechnet ...\",\"isPartOf\":{\"@id\":\"https:\/\/blogs.donboscovolunteers.de\/routewirdneuberechnet\/#website\"},\"datePublished\":\"2021-10-24T20:32:18+00:00\",\"dateModified\":\"2021-11-01T16:59:39+00:00\",\"breadcrumb\":{\"@id\":\"https:\/\/blogs.donboscovolunteers.de\/routewirdneuberechnet\/ueber-mich\/#breadcrumb\"},\"inLanguage\":\"de\",\"potentialAction\":[{\"@type\":\"ReadAction\",\"target\":[\"https:\/\/blogs.donboscovolunteers.de\/routewirdneuberechnet\/ueber-mich\/\"]}]},{\"@type\":\"BreadcrumbList\",\"@id\":\"https:\/\/blogs.donboscovolunteers.de\/routewirdneuberechnet\/ueber-mich\/#breadcrumb\",\"itemListElement\":[{\"@type\":\"ListItem\",\"position\":1,\"name\":\"Startseite\",\"item\":\"https:\/\/blogs.donboscovolunteers.de\/routewirdneuberechnet\/\"},{\"@type\":\"ListItem\",\"position\":2,\"name\":\"\u00dcber mich\"}]},{\"@type\":\"WebSite\",\"@id\":\"https:\/\/blogs.donboscovolunteers.de\/routewirdneuberechnet\/#website\",\"url\":\"https:\/\/blogs.donboscovolunteers.de\/routewirdneuberechnet\/\",\"name\":\"Route wird neu berechnet ...\",\"description\":\"\",\"potentialAction\":[{\"@type\":\"SearchAction\",\"target\":{\"@type\":\"EntryPoint\",\"urlTemplate\":\"https:\/\/blogs.donboscovolunteers.de\/routewirdneuberechnet\/?s={search_term_string}\"},\"query-input\":{\"@type\":\"PropertyValueSpecification\",\"valueRequired\":true,\"valueName\":\"search_term_string\"}}],\"inLanguage\":\"de\"}]}<\/script>\n<!-- \/ Yoast SEO plugin. -->","yoast_head_json":{"title":"\u00dcber mich - Route wird neu berechnet ...","robots":{"index":"index","follow":"follow","max-snippet":"max-snippet:-1","max-image-preview":"max-image-preview:large","max-video-preview":"max-video-preview:-1"},"canonical":"https:\/\/blogs.donboscovolunteers.de\/routewirdneuberechnet\/ueber-mich\/","og_locale":"de_DE","og_type":"article","og_title":"\u00dcber mich - Route wird neu berechnet ...","og_description":"Hallo und herzlich willkommen auf meinem Blog! \ud83d\ude09 Ich bin Johanna, bin 18 Jahre alt und komme aus Neuss, das in der N\u00e4he von D\u00fcsseldorf liegt. Ich habe 2 j\u00fcngere Geschwister und in meiner Freizeit spiele ich Klavier, tanze und lese sehr gerne oder bin gerne kreativ, wie z.B. beim Backen oder Zeichnen. Nach meinem [&hellip;]","og_url":"https:\/\/blogs.donboscovolunteers.de\/routewirdneuberechnet\/ueber-mich\/","og_site_name":"Route wird neu berechnet ...","article_modified_time":"2021-11-01T16:59:39+00:00","twitter_card":"summary_large_image","twitter_misc":{"Gesch\u00e4tzte Lesezeit":"2\u00a0Minuten"},"schema":{"@context":"https:\/\/schema.org","@graph":[{"@type":"WebPage","@id":"https:\/\/blogs.donboscovolunteers.de\/routewirdneuberechnet\/ueber-mich\/","url":"https:\/\/blogs.donboscovolunteers.de\/routewirdneuberechnet\/ueber-mich\/","name":"\u00dcber mich - Route wird neu berechnet ...","isPartOf":{"@id":"https:\/\/blogs.donboscovolunteers.de\/routewirdneuberechnet\/#website"},"datePublished":"2021-10-24T20:32:18+00:00","dateModified":"2021-11-01T16:59:39+00:00","breadcrumb":{"@id":"https:\/\/blogs.donboscovolunteers.de\/routewirdneuberechnet\/ueber-mich\/#breadcrumb"},"inLanguage":"de","potentialAction":[{"@type":"ReadAction","target":["https:\/\/blogs.donboscovolunteers.de\/routewirdneuberechnet\/ueber-mich\/"]}]},{"@type":"BreadcrumbList","@id":"https:\/\/blogs.donboscovolunteers.de\/routewirdneuberechnet\/ueber-mich\/#breadcrumb","itemListElement":[{"@type":"ListItem","position":1,"name":"Startseite","item":"https:\/\/blogs.donboscovolunteers.de\/routewirdneuberechnet\/"},{"@type":"ListItem","position":2,"name":"\u00dcber mich"}]},{"@type":"WebSite","@id":"https:\/\/blogs.donboscovolunteers.de\/routewirdneuberechnet\/#website","url":"https:\/\/blogs.donboscovolunteers.de\/routewirdneuberechnet\/","name":"Route wird neu berechnet ...","description":"","potentialAction":[{"@type":"SearchAction","target":{"@type":"EntryPoint","urlTemplate":"https:\/\/blogs.donboscovolunteers.de\/routewirdneuberechnet\/?s={search_term_string}"},"query-input":{"@type":"PropertyValueSpecification","valueRequired":true,"valueName":"search_term_string"}}],"inLanguage":"de"}]}},"_links":{"self":[{"href":"https:\/\/blogs.donboscovolunteers.de\/routewirdneuberechnet\/wp-json\/wp\/v2\/pages\/29","targetHints":{"allow":["GET"]}}],"collection":[{"href":"https:\/\/blogs.donboscovolunteers.de\/routewirdneuberechnet\/wp-json\/wp\/v2\/pages"}],"about":[{"href":"https:\/\/blogs.donboscovolunteers.de\/routewirdneuberechnet\/wp-json\/wp\/v2\/types\/page"}],"author":[{"embeddable":true,"href":"https:\/\/blogs.donboscovolunteers.de\/routewirdneuberechnet\/wp-json\/wp\/v2\/users\/21717"}],"replies":[{"embeddable":true,"href":"https:\/\/blogs.donboscovolunteers.de\/routewirdneuberechnet\/wp-json\/wp\/v2\/comments?post=29"}],"version-history":[{"count":2,"href":"https:\/\/blogs.donboscovolunteers.de\/routewirdneuberechnet\/wp-json\/wp\/v2\/pages\/29\/revisions"}],"predecessor-version":[{"id":40,"href":"https:\/\/blogs.donboscovolunteers.de\/routewirdneuberechnet\/wp-json\/wp\/v2\/pages\/29\/revisions\/40"}],"wp:attachment":[{"href":"https:\/\/blogs.donboscovolunteers.de\/routewirdneuberechnet\/wp-json\/wp\/v2\/media?parent=29"}],"curies":[{"name":"wp","href":"https:\/\/api.w.org\/{rel}","templated":true}]}}