{"id":220,"date":"2019-10-25T21:38:18","date_gmt":"2019-10-25T19:38:18","guid":{"rendered":"https:\/\/blogs.donboscovolunteers.de\/rikeundruanda\/?page_id=220"},"modified":"2019-10-25T21:38:20","modified_gmt":"2019-10-25T19:38:20","slug":"ein-tag-in-rango-die-zusammenfassung","status":"publish","type":"page","link":"https:\/\/blogs.donboscovolunteers.de\/rikeundruanda\/ein-tag-in-rango-die-zusammenfassung\/","title":{"rendered":"Ein Tag in Rango- die Zusammenfassung ; )"},"content":{"rendered":"<table class=\"wp-block-table is-style-regular\"><tbody><tr><td>5:40 Uhr        <\/td><td>Aufstehen    <\/td><\/tr><tr><td>6:00 Uhr    <\/td><td>Morgenmeditation und Morgenmesse in der Kapelle der Kommunit\u00e4t    <\/td><\/tr><tr><td>7:00 Uhr    <\/td><td>Klassen+ weitere R\u00e4ume der TVET School aufschlie\u00dfen+ Sch\u00fcler begr\u00fc\u00dfen      <\/td><\/tr><tr><td>7:30 Uhr    <\/td><td>Mot du Matin auf dem Schulhof    <\/td><\/tr><tr><td>8:00 Uhr    <\/td><td>Fr\u00fchst\u00fcck    <\/td><\/tr><tr><td>8:30-10: 30 Uhr        <\/td><td>Kinyarwandaunterricht    <\/td><\/tr><tr><td>Ab 10:45 Uhr    <\/td><td>Freizeit, M\u00f6glichkeit zum Lernen\/Vorbereiten\/Entspannen\/Ausflug zum Markt oder in die Stadt    <\/td><\/tr><tr><td>12:30 Uhr    <\/td><td>Beim Mittagessen der Sch\u00fcler assistieren    <\/td><\/tr><tr><td>13:00 Uhr    <\/td><td>Selber Essen+Abwasch    <\/td><\/tr><tr><td>Ab 13:30 Uhr    <\/td><td>Erneut Zeit f\u00fcr uns, Spiele f\u00fcrs Oratorium vorbereiten\/Blogeintr\u00e4ge schreiben\/was sonst so ansteht (z.B Essen f\u00fcr das Stra\u00dfenkinderprojekt   kaufen)    <\/td><\/tr><tr><td>15:00-<br>18:00 Uhr    <\/td><td>Oratorium   (z.B mit Kindern spielen, reden, verarzten, Klassenr\u00e4ume wieder  abschlie\u00dfen)    <\/td><\/tr><tr><td>17:50 Uhr    <\/td><td> Mot du Soir    <\/td><\/tr><tr><td>Ab 18:00 Uhr    <\/td><td>Entspannen\/Ukulele spielen\/Internetzeit(Whats App und Co)    <\/td><\/tr><tr><td>18:45 Uhr    <\/td><td>Abendandacht+ Mot du Soir der Kommunit\u00e4t    <\/td><\/tr><tr><td>Ca. 19:20 Uhr    <\/td><td>Abendessen+ Abwasch mit Aspiranten    <\/td><\/tr><tr><td>20:30Uhr    <\/td><td>Wenn sich M\u00f6glichkeit ergibt, Nachrichten mit den Salesianern gucken+reden    <\/td><\/tr><tr><td>Ab 21:00 Uhr    <\/td><td>\u00dcber den Tag reden und chillen mit Emma   <\/td><\/tr><tr><td>Ab 22:00 Uhr    <\/td><td>Langsam mal bettfertig machen, Tag reflektieren und Schlafen    <\/td><\/tr><\/tbody><\/table>\n\n\n\n<p>Hier ist jeden Tag&nbsp;\nviel los und es geschehen auch viele ungeplante Sachen. Deshalb kann man\nnicht sagen, dass so jeder Tag von mir aussieht. Aber bei vielen Tagen kann man\n\u00c4hnlichkeiten entdecken ; ) <\/p>\n\n\n\n<p>Am Wochenende sieht mein Tagesablauf dann auch wieder ganz\nanders aus. Das liegt vor allem am Stra\u00dfenkinderprojekt, das den\nSamstagvormittag und -mittag einnimmt, an verschiedenen kommunit\u00e4ren\nProgrammpunkten, Sonntagsmessen etc. <\/p>","protected":false},"excerpt":{"rendered":"<p>5:40 Uhr Aufstehen 6:00 Uhr Morgenmeditation und Morgenmesse in der Kapelle der Kommunit\u00e4t 7:00 Uhr Klassen+ weitere R\u00e4ume der TVET School aufschlie\u00dfen+ Sch\u00fcler begr\u00fc\u00dfen 7:30 Uhr Mot du Matin auf dem Schulhof 8:00 Uhr Fr\u00fchst\u00fcck 8:30-10: 30 Uhr Kinyarwandaunterricht Ab 10:45 Uhr Freizeit, M\u00f6glichkeit zum Lernen\/Vorbereiten\/Entspannen\/Ausflug zum Markt oder in die Stadt 12:30 Uhr Beim [&hellip;]<\/p>\n","protected":false},"author":21665,"featured_media":0,"parent":0,"menu_order":0,"comment_status":"closed","ping_status":"closed","template":"","meta":{"footnotes":""},"class_list":["post-220","page","type-page","status-publish","hentry"],"yoast_head":"<!-- This site is optimized with the Yoast SEO plugin v25.3.1 - https:\/\/yoast.com\/wordpress\/plugins\/seo\/ -->\n<title>Ein Tag in Rango- die Zusammenfassung ; ) - Rike und Ruanda<\/title>\n<meta name=\"description\" content=\"Hey, hier findet ihr die Zusammenfassung von meinem Men\u00fcpunkt &quot;EIn Tag in Rango&quot;. Dort bin ich ein bisschen sehr in einen roman\u00e4hnlichen Schreibstil verfallen, deshalb dachte ich mir, eine Zusammenfassung davon tut manchen vielleicht auch gut ;)\" \/>\n<meta name=\"robots\" content=\"index, follow, max-snippet:-1, max-image-preview:large, max-video-preview:-1\" \/>\n<link rel=\"canonical\" href=\"https:\/\/blogs.donboscovolunteers.de\/rikeundruanda\/ein-tag-in-rango-die-zusammenfassung\/\" \/>\n<meta property=\"og:locale\" content=\"de_DE\" \/>\n<meta property=\"og:type\" content=\"article\" \/>\n<meta property=\"og:title\" content=\"Ein Tag in Rango- die Zusammenfassung ; ) - Rike und Ruanda\" \/>\n<meta property=\"og:description\" content=\"Hey, hier findet ihr die Zusammenfassung von meinem Men\u00fcpunkt &quot;EIn Tag in Rango&quot;. Dort bin ich ein bisschen sehr in einen roman\u00e4hnlichen Schreibstil verfallen, deshalb dachte ich mir, eine Zusammenfassung davon tut manchen vielleicht auch gut ;)\" \/>\n<meta property=\"og:url\" content=\"https:\/\/blogs.donboscovolunteers.de\/rikeundruanda\/ein-tag-in-rango-die-zusammenfassung\/\" \/>\n<meta property=\"og:site_name\" content=\"Rike und Ruanda\" \/>\n<meta property=\"article:modified_time\" content=\"2019-10-25T19:38:20+00:00\" \/>\n<meta name=\"twitter:card\" content=\"summary_large_image\" \/>\n<meta name=\"twitter:label1\" content=\"Gesch\u00e4tzte Lesezeit\" \/>\n\t<meta name=\"twitter:data1\" content=\"1\u00a0Minute\" \/>\n<script type=\"application\/ld+json\" class=\"yoast-schema-graph\">{\"@context\":\"https:\/\/schema.org\",\"@graph\":[{\"@type\":\"WebPage\",\"@id\":\"https:\/\/blogs.donboscovolunteers.de\/rikeundruanda\/ein-tag-in-rango-die-zusammenfassung\/\",\"url\":\"https:\/\/blogs.donboscovolunteers.de\/rikeundruanda\/ein-tag-in-rango-die-zusammenfassung\/\",\"name\":\"Ein Tag in Rango- die Zusammenfassung ; ) - Rike und Ruanda\",\"isPartOf\":{\"@id\":\"https:\/\/blogs.donboscovolunteers.de\/rikeundruanda\/#website\"},\"datePublished\":\"2019-10-25T19:38:18+00:00\",\"dateModified\":\"2019-10-25T19:38:20+00:00\",\"description\":\"Hey, hier findet ihr die Zusammenfassung von meinem Men\u00fcpunkt \\\"EIn Tag in Rango\\\". Dort bin ich ein bisschen sehr in einen roman\u00e4hnlichen Schreibstil verfallen, deshalb dachte ich mir, eine Zusammenfassung davon tut manchen vielleicht auch gut ;)\",\"breadcrumb\":{\"@id\":\"https:\/\/blogs.donboscovolunteers.de\/rikeundruanda\/ein-tag-in-rango-die-zusammenfassung\/#breadcrumb\"},\"inLanguage\":\"de\",\"potentialAction\":[{\"@type\":\"ReadAction\",\"target\":[\"https:\/\/blogs.donboscovolunteers.de\/rikeundruanda\/ein-tag-in-rango-die-zusammenfassung\/\"]}]},{\"@type\":\"BreadcrumbList\",\"@id\":\"https:\/\/blogs.donboscovolunteers.de\/rikeundruanda\/ein-tag-in-rango-die-zusammenfassung\/#breadcrumb\",\"itemListElement\":[{\"@type\":\"ListItem\",\"position\":1,\"name\":\"Startseite\",\"item\":\"https:\/\/blogs.donboscovolunteers.de\/rikeundruanda\/\"},{\"@type\":\"ListItem\",\"position\":2,\"name\":\"Ein Tag in Rango- die Zusammenfassung ; )\"}]},{\"@type\":\"WebSite\",\"@id\":\"https:\/\/blogs.donboscovolunteers.de\/rikeundruanda\/#website\",\"url\":\"https:\/\/blogs.donboscovolunteers.de\/rikeundruanda\/\",\"name\":\"Rike und Ruanda\",\"description\":\"Ein Listen- und Termintaktermensch in einer buhoro buhoro-Welt \",\"potentialAction\":[{\"@type\":\"SearchAction\",\"target\":{\"@type\":\"EntryPoint\",\"urlTemplate\":\"https:\/\/blogs.donboscovolunteers.de\/rikeundruanda\/?s={search_term_string}\"},\"query-input\":{\"@type\":\"PropertyValueSpecification\",\"valueRequired\":true,\"valueName\":\"search_term_string\"}}],\"inLanguage\":\"de\"}]}<\/script>\n<!-- \/ Yoast SEO plugin. -->","yoast_head_json":{"title":"Ein Tag in Rango- die Zusammenfassung ; ) - Rike und Ruanda","description":"Hey, hier findet ihr die Zusammenfassung von meinem Men\u00fcpunkt \"EIn Tag in Rango\". Dort bin ich ein bisschen sehr in einen roman\u00e4hnlichen Schreibstil verfallen, deshalb dachte ich mir, eine Zusammenfassung davon tut manchen vielleicht auch gut ;)","robots":{"index":"index","follow":"follow","max-snippet":"max-snippet:-1","max-image-preview":"max-image-preview:large","max-video-preview":"max-video-preview:-1"},"canonical":"https:\/\/blogs.donboscovolunteers.de\/rikeundruanda\/ein-tag-in-rango-die-zusammenfassung\/","og_locale":"de_DE","og_type":"article","og_title":"Ein Tag in Rango- die Zusammenfassung ; ) - Rike und Ruanda","og_description":"Hey, hier findet ihr die Zusammenfassung von meinem Men\u00fcpunkt \"EIn Tag in Rango\". Dort bin ich ein bisschen sehr in einen roman\u00e4hnlichen Schreibstil verfallen, deshalb dachte ich mir, eine Zusammenfassung davon tut manchen vielleicht auch gut ;)","og_url":"https:\/\/blogs.donboscovolunteers.de\/rikeundruanda\/ein-tag-in-rango-die-zusammenfassung\/","og_site_name":"Rike und Ruanda","article_modified_time":"2019-10-25T19:38:20+00:00","twitter_card":"summary_large_image","twitter_misc":{"Gesch\u00e4tzte Lesezeit":"1\u00a0Minute"},"schema":{"@context":"https:\/\/schema.org","@graph":[{"@type":"WebPage","@id":"https:\/\/blogs.donboscovolunteers.de\/rikeundruanda\/ein-tag-in-rango-die-zusammenfassung\/","url":"https:\/\/blogs.donboscovolunteers.de\/rikeundruanda\/ein-tag-in-rango-die-zusammenfassung\/","name":"Ein Tag in Rango- die Zusammenfassung ; ) - Rike und Ruanda","isPartOf":{"@id":"https:\/\/blogs.donboscovolunteers.de\/rikeundruanda\/#website"},"datePublished":"2019-10-25T19:38:18+00:00","dateModified":"2019-10-25T19:38:20+00:00","description":"Hey, hier findet ihr die Zusammenfassung von meinem Men\u00fcpunkt \"EIn Tag in Rango\". Dort bin ich ein bisschen sehr in einen roman\u00e4hnlichen Schreibstil verfallen, deshalb dachte ich mir, eine Zusammenfassung davon tut manchen vielleicht auch gut ;)","breadcrumb":{"@id":"https:\/\/blogs.donboscovolunteers.de\/rikeundruanda\/ein-tag-in-rango-die-zusammenfassung\/#breadcrumb"},"inLanguage":"de","potentialAction":[{"@type":"ReadAction","target":["https:\/\/blogs.donboscovolunteers.de\/rikeundruanda\/ein-tag-in-rango-die-zusammenfassung\/"]}]},{"@type":"BreadcrumbList","@id":"https:\/\/blogs.donboscovolunteers.de\/rikeundruanda\/ein-tag-in-rango-die-zusammenfassung\/#breadcrumb","itemListElement":[{"@type":"ListItem","position":1,"name":"Startseite","item":"https:\/\/blogs.donboscovolunteers.de\/rikeundruanda\/"},{"@type":"ListItem","position":2,"name":"Ein Tag in Rango- die Zusammenfassung ; )"}]},{"@type":"WebSite","@id":"https:\/\/blogs.donboscovolunteers.de\/rikeundruanda\/#website","url":"https:\/\/blogs.donboscovolunteers.de\/rikeundruanda\/","name":"Rike und Ruanda","description":"Ein Listen- und Termintaktermensch in einer buhoro buhoro-Welt ","potentialAction":[{"@type":"SearchAction","target":{"@type":"EntryPoint","urlTemplate":"https:\/\/blogs.donboscovolunteers.de\/rikeundruanda\/?s={search_term_string}"},"query-input":{"@type":"PropertyValueSpecification","valueRequired":true,"valueName":"search_term_string"}}],"inLanguage":"de"}]}},"_links":{"self":[{"href":"https:\/\/blogs.donboscovolunteers.de\/rikeundruanda\/wp-json\/wp\/v2\/pages\/220","targetHints":{"allow":["GET"]}}],"collection":[{"href":"https:\/\/blogs.donboscovolunteers.de\/rikeundruanda\/wp-json\/wp\/v2\/pages"}],"about":[{"href":"https:\/\/blogs.donboscovolunteers.de\/rikeundruanda\/wp-json\/wp\/v2\/types\/page"}],"author":[{"embeddable":true,"href":"https:\/\/blogs.donboscovolunteers.de\/rikeundruanda\/wp-json\/wp\/v2\/users\/21665"}],"replies":[{"embeddable":true,"href":"https:\/\/blogs.donboscovolunteers.de\/rikeundruanda\/wp-json\/wp\/v2\/comments?post=220"}],"version-history":[{"count":1,"href":"https:\/\/blogs.donboscovolunteers.de\/rikeundruanda\/wp-json\/wp\/v2\/pages\/220\/revisions"}],"predecessor-version":[{"id":221,"href":"https:\/\/blogs.donboscovolunteers.de\/rikeundruanda\/wp-json\/wp\/v2\/pages\/220\/revisions\/221"}],"wp:attachment":[{"href":"https:\/\/blogs.donboscovolunteers.de\/rikeundruanda\/wp-json\/wp\/v2\/media?parent=220"}],"curies":[{"name":"wp","href":"https:\/\/api.w.org\/{rel}","templated":true}]}}