{"id":35,"date":"2020-01-05T23:10:43","date_gmt":"2020-01-05T22:10:43","guid":{"rendered":"https:\/\/blogs.donboscovolunteers.de\/rebekkainbolivien\/?page_id=35"},"modified":"2020-01-05T23:53:58","modified_gmt":"2020-01-05T22:53:58","slug":"spenden","status":"publish","type":"page","link":"https:\/\/blogs.donboscovolunteers.de\/rebekkainbolivien\/spenden\/","title":{"rendered":"Spenden"},"content":{"rendered":"<p>Hola y buenos d\u00edas.<br>Sch\u00f6n, dass Ihr den Weg auf meine Seite gefunden habt.<br>Nachdem Ihr jetzt sicher schon einige Blogeintr\u00e4ge von mir gelesen habt, w\u00e4re meine Bitte jetzt eine Kleinigkeit zu spenden f\u00fcr meine Entsendeorganisation und damit auch an meinem Projekt, um diese finanziell zu unterst\u00fctzen.<\/p>\n\n\n\n<div class=\"wp-block-group\"><div class=\"wp-block-group__inner-container is-layout-flow wp-block-group-is-layout-flow\">\n<p class=\"has-background has-cyan-bluish-gray-background-color\">Bank:  <a href=\"https:\/\/www.donboscomission.de\/don-bosco\/\">Don Bosco<\/a> Mission LIGA Bank M\u00fcnchen <\/p>\n\n\n\n<p class=\"has-background has-cyan-bluish-gray-background-color\">IBAN:  DE66 7509 0300 0102 1418 76 <\/p>\n\n\n\n<p class=\"has-background has-cyan-bluish-gray-background-color\">BIC:     GENODEF1M05 <\/p>\n\n\n\n<p class=\"has-background has-cyan-bluish-gray-background-color\">Verwendungszweck:  Rebekka Kuhn S19VR037 <\/p>\n<\/div><\/div>\n\n\n\n<p>Eine Spendenquittung gibt es f\u00fcr jeden, der seine Adresse angibt, egal bei welcher Summe. <\/p>\n\n\n\n<h2 class=\"wp-block-heading\">Warum spenden?<\/h2>\n\n\n\n<p>Don Bosco Volunteers wird \u00fcber &#8222;weltw\u00e4rts&#8220;, ein Programm des deutschen  Bundesministeriums f\u00fcr wirtschaftliche Zusammenarbeit und Entwicklung,  unterst\u00fctzt. Allerdings werden nur ca. 7500 \u20ac von den 10 000 \u20ac  \u00fcbernommen, die pro Freiwilligem angesetzt werden. Die Kosten teilen sich  auf f\u00fcr die intensive Vor- und Nachbereitung, Impfungen, Fl\u00fcge, Essen,  Unterkunft etc. <br>F\u00fcr die restlichen 2500 \u20ac werden wir als Freiwillige gebeten uns einzusetzen und sie zu sammeln.  <\/p>","protected":false},"excerpt":{"rendered":"<p>Hola y buenos d\u00edas.Sch\u00f6n, dass Ihr den Weg auf meine Seite gefunden habt.Nachdem Ihr jetzt sicher schon einige Blogeintr\u00e4ge von mir gelesen habt, w\u00e4re meine Bitte jetzt eine Kleinigkeit zu spenden f\u00fcr meine Entsendeorganisation und damit auch an meinem Projekt, um diese finanziell zu unterst\u00fctzen. Bank: <a href=\"https:\/\/www.donboscomission.de\/don-bosco\/\">Don Bosco<\/a> Mission LIGA Bank M\u00fcnchen IBAN: DE66 7509 [&hellip;]<\/p>\n","protected":false},"author":21643,"featured_media":97,"parent":0,"menu_order":0,"comment_status":"closed","ping_status":"closed","template":"","meta":{"footnotes":""},"class_list":["post-35","page","type-page","status-publish","has-post-thumbnail","hentry"],"yoast_head":"<!-- This site is optimized with the Yoast SEO plugin v25.3.1 - https:\/\/yoast.com\/wordpress\/plugins\/seo\/ -->\n<title>Spenden - Abenteuer Bolivien<\/title>\n<meta name=\"robots\" content=\"index, follow, max-snippet:-1, max-image-preview:large, max-video-preview:-1\" \/>\n<link rel=\"canonical\" href=\"https:\/\/blogs.donboscovolunteers.de\/rebekkainbolivien\/spenden\/\" \/>\n<meta property=\"og:locale\" content=\"de_DE\" \/>\n<meta property=\"og:type\" content=\"article\" \/>\n<meta property=\"og:title\" content=\"Spenden - Abenteuer Bolivien\" \/>\n<meta property=\"og:description\" content=\"Hola y buenos d\u00edas.Sch\u00f6n, dass Ihr den Weg auf meine Seite gefunden habt.Nachdem Ihr jetzt sicher schon einige Blogeintr\u00e4ge von mir gelesen habt, w\u00e4re meine Bitte jetzt eine Kleinigkeit zu spenden f\u00fcr meine Entsendeorganisation und damit auch an meinem Projekt, um diese finanziell zu unterst\u00fctzen. Bank: Don Bosco Mission LIGA Bank M\u00fcnchen IBAN: DE66 7509 [&hellip;]\" \/>\n<meta property=\"og:url\" content=\"https:\/\/blogs.donboscovolunteers.de\/rebekkainbolivien\/spenden\/\" \/>\n<meta property=\"og:site_name\" content=\"Abenteuer Bolivien\" \/>\n<meta property=\"article:modified_time\" content=\"2020-01-05T22:53:58+00:00\" \/>\n<meta property=\"og:image\" content=\"https:\/\/blogs.donboscovolunteers.de\/rebekkainbolivien\/wp-content\/uploads\/sites\/21582\/2020\/01\/IMG-20191025-WA0012-3.jpg\" \/>\n\t<meta property=\"og:image:width\" content=\"1280\" \/>\n\t<meta property=\"og:image:height\" content=\"536\" \/>\n\t<meta property=\"og:image:type\" content=\"image\/jpeg\" \/>\n<meta name=\"twitter:card\" content=\"summary_large_image\" \/>\n<meta name=\"twitter:label1\" content=\"Gesch\u00e4tzte Lesezeit\" \/>\n\t<meta name=\"twitter:data1\" content=\"1\u00a0Minute\" \/>\n<script type=\"application\/ld+json\" class=\"yoast-schema-graph\">{\"@context\":\"https:\/\/schema.org\",\"@graph\":[{\"@type\":\"WebPage\",\"@id\":\"https:\/\/blogs.donboscovolunteers.de\/rebekkainbolivien\/spenden\/\",\"url\":\"https:\/\/blogs.donboscovolunteers.de\/rebekkainbolivien\/spenden\/\",\"name\":\"Spenden - Abenteuer Bolivien\",\"isPartOf\":{\"@id\":\"https:\/\/blogs.donboscovolunteers.de\/rebekkainbolivien\/#website\"},\"primaryImageOfPage\":{\"@id\":\"https:\/\/blogs.donboscovolunteers.de\/rebekkainbolivien\/spenden\/#primaryimage\"},\"image\":{\"@id\":\"https:\/\/blogs.donboscovolunteers.de\/rebekkainbolivien\/spenden\/#primaryimage\"},\"thumbnailUrl\":\"https:\/\/blogs.donboscovolunteers.de\/rebekkainbolivien\/wp-content\/uploads\/sites\/21582\/2020\/01\/IMG-20191025-WA0012-3.jpg\",\"datePublished\":\"2020-01-05T22:10:43+00:00\",\"dateModified\":\"2020-01-05T22:53:58+00:00\",\"breadcrumb\":{\"@id\":\"https:\/\/blogs.donboscovolunteers.de\/rebekkainbolivien\/spenden\/#breadcrumb\"},\"inLanguage\":\"de\",\"potentialAction\":[{\"@type\":\"ReadAction\",\"target\":[\"https:\/\/blogs.donboscovolunteers.de\/rebekkainbolivien\/spenden\/\"]}]},{\"@type\":\"ImageObject\",\"inLanguage\":\"de\",\"@id\":\"https:\/\/blogs.donboscovolunteers.de\/rebekkainbolivien\/spenden\/#primaryimage\",\"url\":\"https:\/\/blogs.donboscovolunteers.de\/rebekkainbolivien\/wp-content\/uploads\/sites\/21582\/2020\/01\/IMG-20191025-WA0012-3.jpg\",\"contentUrl\":\"https:\/\/blogs.donboscovolunteers.de\/rebekkainbolivien\/wp-content\/uploads\/sites\/21582\/2020\/01\/IMG-20191025-WA0012-3.jpg\",\"width\":1280,\"height\":536},{\"@type\":\"BreadcrumbList\",\"@id\":\"https:\/\/blogs.donboscovolunteers.de\/rebekkainbolivien\/spenden\/#breadcrumb\",\"itemListElement\":[{\"@type\":\"ListItem\",\"position\":1,\"name\":\"Startseite\",\"item\":\"https:\/\/blogs.donboscovolunteers.de\/rebekkainbolivien\/\"},{\"@type\":\"ListItem\",\"position\":2,\"name\":\"Spenden\"}]},{\"@type\":\"WebSite\",\"@id\":\"https:\/\/blogs.donboscovolunteers.de\/rebekkainbolivien\/#website\",\"url\":\"https:\/\/blogs.donboscovolunteers.de\/rebekkainbolivien\/\",\"name\":\"Abenteuer Bolivien\",\"description\":\"Bolivien erleben, neue Sichtweisen kennenlernen und einfach mal rauskommen\",\"potentialAction\":[{\"@type\":\"SearchAction\",\"target\":{\"@type\":\"EntryPoint\",\"urlTemplate\":\"https:\/\/blogs.donboscovolunteers.de\/rebekkainbolivien\/?s={search_term_string}\"},\"query-input\":{\"@type\":\"PropertyValueSpecification\",\"valueRequired\":true,\"valueName\":\"search_term_string\"}}],\"inLanguage\":\"de\"}]}<\/script>\n<!-- \/ Yoast SEO plugin. -->","yoast_head_json":{"title":"Spenden - Abenteuer Bolivien","robots":{"index":"index","follow":"follow","max-snippet":"max-snippet:-1","max-image-preview":"max-image-preview:large","max-video-preview":"max-video-preview:-1"},"canonical":"https:\/\/blogs.donboscovolunteers.de\/rebekkainbolivien\/spenden\/","og_locale":"de_DE","og_type":"article","og_title":"Spenden - Abenteuer Bolivien","og_description":"Hola y buenos d\u00edas.Sch\u00f6n, dass Ihr den Weg auf meine Seite gefunden habt.Nachdem Ihr jetzt sicher schon einige Blogeintr\u00e4ge von mir gelesen habt, w\u00e4re meine Bitte jetzt eine Kleinigkeit zu spenden f\u00fcr meine Entsendeorganisation und damit auch an meinem Projekt, um diese finanziell zu unterst\u00fctzen. Bank: Don Bosco Mission LIGA Bank M\u00fcnchen IBAN: DE66 7509 [&hellip;]","og_url":"https:\/\/blogs.donboscovolunteers.de\/rebekkainbolivien\/spenden\/","og_site_name":"Abenteuer Bolivien","article_modified_time":"2020-01-05T22:53:58+00:00","og_image":[{"width":1280,"height":536,"url":"https:\/\/blogs.donboscovolunteers.de\/rebekkainbolivien\/wp-content\/uploads\/sites\/21582\/2020\/01\/IMG-20191025-WA0012-3.jpg","type":"image\/jpeg"}],"twitter_card":"summary_large_image","twitter_misc":{"Gesch\u00e4tzte Lesezeit":"1\u00a0Minute"},"schema":{"@context":"https:\/\/schema.org","@graph":[{"@type":"WebPage","@id":"https:\/\/blogs.donboscovolunteers.de\/rebekkainbolivien\/spenden\/","url":"https:\/\/blogs.donboscovolunteers.de\/rebekkainbolivien\/spenden\/","name":"Spenden - Abenteuer Bolivien","isPartOf":{"@id":"https:\/\/blogs.donboscovolunteers.de\/rebekkainbolivien\/#website"},"primaryImageOfPage":{"@id":"https:\/\/blogs.donboscovolunteers.de\/rebekkainbolivien\/spenden\/#primaryimage"},"image":{"@id":"https:\/\/blogs.donboscovolunteers.de\/rebekkainbolivien\/spenden\/#primaryimage"},"thumbnailUrl":"https:\/\/blogs.donboscovolunteers.de\/rebekkainbolivien\/wp-content\/uploads\/sites\/21582\/2020\/01\/IMG-20191025-WA0012-3.jpg","datePublished":"2020-01-05T22:10:43+00:00","dateModified":"2020-01-05T22:53:58+00:00","breadcrumb":{"@id":"https:\/\/blogs.donboscovolunteers.de\/rebekkainbolivien\/spenden\/#breadcrumb"},"inLanguage":"de","potentialAction":[{"@type":"ReadAction","target":["https:\/\/blogs.donboscovolunteers.de\/rebekkainbolivien\/spenden\/"]}]},{"@type":"ImageObject","inLanguage":"de","@id":"https:\/\/blogs.donboscovolunteers.de\/rebekkainbolivien\/spenden\/#primaryimage","url":"https:\/\/blogs.donboscovolunteers.de\/rebekkainbolivien\/wp-content\/uploads\/sites\/21582\/2020\/01\/IMG-20191025-WA0012-3.jpg","contentUrl":"https:\/\/blogs.donboscovolunteers.de\/rebekkainbolivien\/wp-content\/uploads\/sites\/21582\/2020\/01\/IMG-20191025-WA0012-3.jpg","width":1280,"height":536},{"@type":"BreadcrumbList","@id":"https:\/\/blogs.donboscovolunteers.de\/rebekkainbolivien\/spenden\/#breadcrumb","itemListElement":[{"@type":"ListItem","position":1,"name":"Startseite","item":"https:\/\/blogs.donboscovolunteers.de\/rebekkainbolivien\/"},{"@type":"ListItem","position":2,"name":"Spenden"}]},{"@type":"WebSite","@id":"https:\/\/blogs.donboscovolunteers.de\/rebekkainbolivien\/#website","url":"https:\/\/blogs.donboscovolunteers.de\/rebekkainbolivien\/","name":"Abenteuer Bolivien","description":"Bolivien erleben, neue Sichtweisen kennenlernen und einfach mal rauskommen","potentialAction":[{"@type":"SearchAction","target":{"@type":"EntryPoint","urlTemplate":"https:\/\/blogs.donboscovolunteers.de\/rebekkainbolivien\/?s={search_term_string}"},"query-input":{"@type":"PropertyValueSpecification","valueRequired":true,"valueName":"search_term_string"}}],"inLanguage":"de"}]}},"_links":{"self":[{"href":"https:\/\/blogs.donboscovolunteers.de\/rebekkainbolivien\/wp-json\/wp\/v2\/pages\/35","targetHints":{"allow":["GET"]}}],"collection":[{"href":"https:\/\/blogs.donboscovolunteers.de\/rebekkainbolivien\/wp-json\/wp\/v2\/pages"}],"about":[{"href":"https:\/\/blogs.donboscovolunteers.de\/rebekkainbolivien\/wp-json\/wp\/v2\/types\/page"}],"author":[{"embeddable":true,"href":"https:\/\/blogs.donboscovolunteers.de\/rebekkainbolivien\/wp-json\/wp\/v2\/users\/21643"}],"replies":[{"embeddable":true,"href":"https:\/\/blogs.donboscovolunteers.de\/rebekkainbolivien\/wp-json\/wp\/v2\/comments?post=35"}],"version-history":[{"count":3,"href":"https:\/\/blogs.donboscovolunteers.de\/rebekkainbolivien\/wp-json\/wp\/v2\/pages\/35\/revisions"}],"predecessor-version":[{"id":99,"href":"https:\/\/blogs.donboscovolunteers.de\/rebekkainbolivien\/wp-json\/wp\/v2\/pages\/35\/revisions\/99"}],"wp:featuredmedia":[{"embeddable":true,"href":"https:\/\/blogs.donboscovolunteers.de\/rebekkainbolivien\/wp-json\/wp\/v2\/media\/97"}],"wp:attachment":[{"href":"https:\/\/blogs.donboscovolunteers.de\/rebekkainbolivien\/wp-json\/wp\/v2\/media?parent=35"}],"curies":[{"name":"wp","href":"https:\/\/api.w.org\/{rel}","templated":true}]}}