{"id":68,"date":"2022-09-24T20:55:32","date_gmt":"2022-09-24T18:55:32","guid":{"rendered":"https:\/\/blogs.donboscovolunteers.de\/paulakirchner\/?page_id=68"},"modified":"2022-10-16T20:15:36","modified_gmt":"2022-10-16T18:15:36","slug":"beitraege","status":"publish","type":"page","link":"https:\/\/blogs.donboscovolunteers.de\/paulakirchner\/beitraege\/","title":{"rendered":"Beitr\u00e4ge"},"content":{"rendered":"<p><a href=\"https:\/\/blogs.donboscovolunteers.de\/paulakirchner\/2022\/09\/24\/spaetstart\/\">Hier geht es zu meinem ersten Beitrag vom 22.09.2022<\/a><\/p>\n\n\n\n<p><a href=\"https:\/\/blogs.donboscovolunteers.de\/paulakirchner\/2022\/09\/25\/%ef%bf%bcwe-will-help-you-adjust\/\">Hier geht es zu meinem Beitrag \u00fcber den 23.09.2022 &amp; 24.09.2022<\/a><\/p>\n\n\n\n<p><a href=\"https:\/\/blogs.donboscovolunteers.de\/paulakirchner\/2022\/10\/16\/eingewoehnung-und-tagesroutine\/\">Hier schreibe ich \u00fcber meine Eingew\u00f6hnung und ersten Eindr\u00fccke au\u00dferhalb des Shelters.<\/a><\/p>","protected":false},"excerpt":{"rendered":"<p>Hier geht es zu meinem ersten Beitrag vom 22.09.2022 Hier geht es zu meinem Beitrag \u00fcber den 23.09.2022 &amp; 24.09.2022 Hier schreibe ich \u00fcber meine Eingew\u00f6hnung und ersten Eindr\u00fccke au\u00dferhalb des Shelters.<\/p>\n","protected":false},"author":21739,"featured_media":0,"parent":0,"menu_order":0,"comment_status":"closed","ping_status":"closed","template":"","meta":{"footnotes":""},"class_list":["post-68","page","type-page","status-publish","hentry"],"yoast_head":"<!-- This site is optimized with the Yoast SEO plugin v25.3.1 - https:\/\/yoast.com\/wordpress\/plugins\/seo\/ -->\n<title>Beitr\u00e4ge - Aus der Kleinstadt nach Mumbai<\/title>\n<meta name=\"robots\" content=\"index, follow, max-snippet:-1, max-image-preview:large, max-video-preview:-1\" \/>\n<link rel=\"canonical\" href=\"https:\/\/blogs.donboscovolunteers.de\/paulakirchner\/beitraege\/\" \/>\n<meta property=\"og:locale\" content=\"de_DE\" \/>\n<meta property=\"og:type\" content=\"article\" \/>\n<meta property=\"og:title\" content=\"Beitr\u00e4ge - Aus der Kleinstadt nach Mumbai\" \/>\n<meta property=\"og:description\" content=\"Hier geht es zu meinem ersten Beitrag vom 22.09.2022 Hier geht es zu meinem Beitrag \u00fcber den 23.09.2022 &amp; 24.09.2022 Hier schreibe ich \u00fcber meine Eingew\u00f6hnung und ersten Eindr\u00fccke au\u00dferhalb des Shelters.\" \/>\n<meta property=\"og:url\" content=\"https:\/\/blogs.donboscovolunteers.de\/paulakirchner\/beitraege\/\" \/>\n<meta property=\"og:site_name\" content=\"Aus der Kleinstadt nach Mumbai\" \/>\n<meta property=\"article:modified_time\" content=\"2022-10-16T18:15:36+00:00\" \/>\n<meta name=\"twitter:card\" content=\"summary_large_image\" \/>\n<meta name=\"twitter:label1\" content=\"Gesch\u00e4tzte Lesezeit\" \/>\n\t<meta name=\"twitter:data1\" content=\"1\u00a0Minute\" \/>\n<script type=\"application\/ld+json\" class=\"yoast-schema-graph\">{\"@context\":\"https:\/\/schema.org\",\"@graph\":[{\"@type\":\"WebPage\",\"@id\":\"https:\/\/blogs.donboscovolunteers.de\/paulakirchner\/beitraege\/\",\"url\":\"https:\/\/blogs.donboscovolunteers.de\/paulakirchner\/beitraege\/\",\"name\":\"Beitr\u00e4ge - Aus der Kleinstadt nach Mumbai\",\"isPartOf\":{\"@id\":\"https:\/\/blogs.donboscovolunteers.de\/paulakirchner\/#website\"},\"datePublished\":\"2022-09-24T18:55:32+00:00\",\"dateModified\":\"2022-10-16T18:15:36+00:00\",\"breadcrumb\":{\"@id\":\"https:\/\/blogs.donboscovolunteers.de\/paulakirchner\/beitraege\/#breadcrumb\"},\"inLanguage\":\"de\",\"potentialAction\":[{\"@type\":\"ReadAction\",\"target\":[\"https:\/\/blogs.donboscovolunteers.de\/paulakirchner\/beitraege\/\"]}]},{\"@type\":\"BreadcrumbList\",\"@id\":\"https:\/\/blogs.donboscovolunteers.de\/paulakirchner\/beitraege\/#breadcrumb\",\"itemListElement\":[{\"@type\":\"ListItem\",\"position\":1,\"name\":\"Startseite\",\"item\":\"https:\/\/blogs.donboscovolunteers.de\/paulakirchner\/\"},{\"@type\":\"ListItem\",\"position\":2,\"name\":\"Beitr\u00e4ge\"}]},{\"@type\":\"WebSite\",\"@id\":\"https:\/\/blogs.donboscovolunteers.de\/paulakirchner\/#website\",\"url\":\"https:\/\/blogs.donboscovolunteers.de\/paulakirchner\/\",\"name\":\"Aus der Kleinstadt nach Mumbai\",\"description\":\"Meine pers\u00f6nlichen Erfahrungen aus Mumbai\",\"potentialAction\":[{\"@type\":\"SearchAction\",\"target\":{\"@type\":\"EntryPoint\",\"urlTemplate\":\"https:\/\/blogs.donboscovolunteers.de\/paulakirchner\/?s={search_term_string}\"},\"query-input\":{\"@type\":\"PropertyValueSpecification\",\"valueRequired\":true,\"valueName\":\"search_term_string\"}}],\"inLanguage\":\"de\"}]}<\/script>\n<!-- \/ Yoast SEO plugin. -->","yoast_head_json":{"title":"Beitr\u00e4ge - Aus der Kleinstadt nach Mumbai","robots":{"index":"index","follow":"follow","max-snippet":"max-snippet:-1","max-image-preview":"max-image-preview:large","max-video-preview":"max-video-preview:-1"},"canonical":"https:\/\/blogs.donboscovolunteers.de\/paulakirchner\/beitraege\/","og_locale":"de_DE","og_type":"article","og_title":"Beitr\u00e4ge - Aus der Kleinstadt nach Mumbai","og_description":"Hier geht es zu meinem ersten Beitrag vom 22.09.2022 Hier geht es zu meinem Beitrag \u00fcber den 23.09.2022 &amp; 24.09.2022 Hier schreibe ich \u00fcber meine Eingew\u00f6hnung und ersten Eindr\u00fccke au\u00dferhalb des Shelters.","og_url":"https:\/\/blogs.donboscovolunteers.de\/paulakirchner\/beitraege\/","og_site_name":"Aus der Kleinstadt nach Mumbai","article_modified_time":"2022-10-16T18:15:36+00:00","twitter_card":"summary_large_image","twitter_misc":{"Gesch\u00e4tzte Lesezeit":"1\u00a0Minute"},"schema":{"@context":"https:\/\/schema.org","@graph":[{"@type":"WebPage","@id":"https:\/\/blogs.donboscovolunteers.de\/paulakirchner\/beitraege\/","url":"https:\/\/blogs.donboscovolunteers.de\/paulakirchner\/beitraege\/","name":"Beitr\u00e4ge - Aus der Kleinstadt nach Mumbai","isPartOf":{"@id":"https:\/\/blogs.donboscovolunteers.de\/paulakirchner\/#website"},"datePublished":"2022-09-24T18:55:32+00:00","dateModified":"2022-10-16T18:15:36+00:00","breadcrumb":{"@id":"https:\/\/blogs.donboscovolunteers.de\/paulakirchner\/beitraege\/#breadcrumb"},"inLanguage":"de","potentialAction":[{"@type":"ReadAction","target":["https:\/\/blogs.donboscovolunteers.de\/paulakirchner\/beitraege\/"]}]},{"@type":"BreadcrumbList","@id":"https:\/\/blogs.donboscovolunteers.de\/paulakirchner\/beitraege\/#breadcrumb","itemListElement":[{"@type":"ListItem","position":1,"name":"Startseite","item":"https:\/\/blogs.donboscovolunteers.de\/paulakirchner\/"},{"@type":"ListItem","position":2,"name":"Beitr\u00e4ge"}]},{"@type":"WebSite","@id":"https:\/\/blogs.donboscovolunteers.de\/paulakirchner\/#website","url":"https:\/\/blogs.donboscovolunteers.de\/paulakirchner\/","name":"Aus der Kleinstadt nach Mumbai","description":"Meine pers\u00f6nlichen Erfahrungen aus Mumbai","potentialAction":[{"@type":"SearchAction","target":{"@type":"EntryPoint","urlTemplate":"https:\/\/blogs.donboscovolunteers.de\/paulakirchner\/?s={search_term_string}"},"query-input":{"@type":"PropertyValueSpecification","valueRequired":true,"valueName":"search_term_string"}}],"inLanguage":"de"}]}},"_links":{"self":[{"href":"https:\/\/blogs.donboscovolunteers.de\/paulakirchner\/wp-json\/wp\/v2\/pages\/68","targetHints":{"allow":["GET"]}}],"collection":[{"href":"https:\/\/blogs.donboscovolunteers.de\/paulakirchner\/wp-json\/wp\/v2\/pages"}],"about":[{"href":"https:\/\/blogs.donboscovolunteers.de\/paulakirchner\/wp-json\/wp\/v2\/types\/page"}],"author":[{"embeddable":true,"href":"https:\/\/blogs.donboscovolunteers.de\/paulakirchner\/wp-json\/wp\/v2\/users\/21739"}],"replies":[{"embeddable":true,"href":"https:\/\/blogs.donboscovolunteers.de\/paulakirchner\/wp-json\/wp\/v2\/comments?post=68"}],"version-history":[{"count":5,"href":"https:\/\/blogs.donboscovolunteers.de\/paulakirchner\/wp-json\/wp\/v2\/pages\/68\/revisions"}],"predecessor-version":[{"id":96,"href":"https:\/\/blogs.donboscovolunteers.de\/paulakirchner\/wp-json\/wp\/v2\/pages\/68\/revisions\/96"}],"wp:attachment":[{"href":"https:\/\/blogs.donboscovolunteers.de\/paulakirchner\/wp-json\/wp\/v2\/media?parent=68"}],"curies":[{"name":"wp","href":"https:\/\/api.w.org\/{rel}","templated":true}]}}