{"id":62,"date":"2021-10-27T10:57:18","date_gmt":"2021-10-27T08:57:18","guid":{"rendered":"https:\/\/blogs.donboscovolunteers.de\/nordlichtimsueden\/?page_id=62"},"modified":"2021-11-08T11:06:26","modified_gmt":"2021-11-08T10:06:26","slug":"nordlicht-im-sueden","status":"publish","type":"page","link":"https:\/\/blogs.donboscovolunteers.de\/nordlichtimsueden\/ueber-mich\/nordlicht-im-sueden\/","title":{"rendered":"Nordlicht im S\u00fcden"},"content":{"rendered":"<p>Wie kam ich auf den Namen \u201eNordlicht im S\u00fcden\u201c? Eine Frage, die du dir bestimmt schon gestellt hast und auf die ich hier eine Antwort geben m\u00f6chte.<\/p>\n\n\n\n<p class=\"has-medium-font-size\"><strong><span style=\"color:#15a399\" class=\"has-inline-color\">Nordlicht\u2026<\/span><\/strong><\/p>\n\n\n\n<p>\u201eDu bist das Nordlicht der Gruppe!\u201c<\/p>\n\n\n\n<p>Ja, so nannte mich einer der Salesianer vor kurzem am Esstisch.<\/p>\n\n\n\n<p>Warum? Von den 18 Freiwilligen, mit denen ich dieses Jahr meinen <a href=\"https:\/\/www.donboscovolunteers.de\/\">Freiwilligendienst<\/a> absolviere, wohne ich am n\u00f6rdlichsten. Kaum zu glauben oder? Bevor ich hierher kam, war es mir gar nicht so bewusst, wie n\u00f6rdlich ich doch wohne. Immerhin ist die Nordsee noch etwa zwei Stunden mit dem Auto entfernt.<\/p>\n\n\n\n<p>Doch nun im Vergleich zu den anderen Volunteers, die teilweise aus Bayern, Baden-W\u00fcrttemberg oder Sachsen kommen, erscheinen mir die zwei Stunden Fahrt bis zur Nordsee wie ein Katzensprung.<\/p>\n\n\n\n<p>Ich bin also das Nordlicht!<\/p>\n\n\n\n<figure class=\"wp-block-image size-large\"><img loading=\"lazy\" decoding=\"async\" width=\"1024\" height=\"426\" src=\"https:\/\/blogs.donboscovolunteers.de\/nordlichtimsueden\/wp-content\/uploads\/sites\/21633\/2021\/11\/IMG-20210919-WA0070-2-1024x426.jpg\" alt=\"\" class=\"wp-image-96\" srcset=\"https:\/\/blogs.donboscovolunteers.de\/nordlichtimsueden\/wp-content\/uploads\/sites\/21633\/2021\/11\/IMG-20210919-WA0070-2-1024x426.jpg 1024w, https:\/\/blogs.donboscovolunteers.de\/nordlichtimsueden\/wp-content\/uploads\/sites\/21633\/2021\/11\/IMG-20210919-WA0070-2-300x125.jpg 300w, https:\/\/blogs.donboscovolunteers.de\/nordlichtimsueden\/wp-content\/uploads\/sites\/21633\/2021\/11\/IMG-20210919-WA0070-2-768x319.jpg 768w, https:\/\/blogs.donboscovolunteers.de\/nordlichtimsueden\/wp-content\/uploads\/sites\/21633\/2021\/11\/IMG-20210919-WA0070-2-1200x499.jpg 1200w, https:\/\/blogs.donboscovolunteers.de\/nordlichtimsueden\/wp-content\/uploads\/sites\/21633\/2021\/11\/IMG-20210919-WA0070-2.jpg 1280w\" sizes=\"auto, (max-width: 1024px) 100vw, 1024px\" \/><\/figure>\n\n\n\n<p class=\"has-medium-font-size\"><strong><span style=\"color:#15a399\" class=\"has-inline-color\">&#8230;im S\u00fcden<\/span><\/strong><\/p>\n\n\n\n<p>\u201eAb in den S\u00fcden!\u201c<\/p>\n\n\n\n<p>Mit \u201eS\u00fcden\u201c assoziiere ich normalerweise Sonne, Strand, Meer&#8230;oder auch die L\u00e4nder des globalen S\u00fcdens, wo ich eigentlich meinen Freiwilligendienst verbringen wollte.<\/p>\n\n\n\n<p>Nun bin ich nicht im globalen S\u00fcden, sondern im S\u00fcden Deutschlands gelandet: in Bayern! Auch wenn Bayern nicht so weit entfernt von meinem Zuhause ist wie z.B. ein Land in Afrika, ist es eine ganz neue Erfahrung f\u00fcr mich, hier zu leben. Seien es die Dialekte, die einen jedes Mal zum Schmunzeln bringen; die H\u00fcgel und Berge, die der Landschaft etwas Traumhaftes verleihen; die neuen Menschen, die einen bereichern k\u00f6nnen&#8230;all das und noch vieles mehr gilt es zu entdecken!<\/p>\n\n\n\n<p>Ich freue mich, euch in meinen Blogs auf meiner Reise hier als Nordlicht im S\u00fcden Deutschlands mitzunehmen!<\/p>\n\n\n\n<p>P.S.: Wer wei\u00df? Vielleicht wird es ja noch zu einer Reise in den globalen S\u00fcden&#8230;<\/p>","protected":false},"excerpt":{"rendered":"<p>Wie kam ich auf den Namen \u201eNordlicht im S\u00fcden\u201c? Eine Frage, die du dir bestimmt schon gestellt hast und auf die ich hier eine Antwort geben m\u00f6chte. Nordlicht\u2026 \u201eDu bist das Nordlicht der Gruppe!\u201c Ja, so nannte mich einer der Salesianer vor kurzem am Esstisch. Warum? Von den 18 Freiwilligen, mit denen ich dieses Jahr [&hellip;]<\/p>\n","protected":false},"author":21714,"featured_media":0,"parent":58,"menu_order":0,"comment_status":"closed","ping_status":"closed","template":"","meta":{"footnotes":""},"class_list":["post-62","page","type-page","status-publish","hentry"],"yoast_head":"<!-- This site is optimized with the Yoast SEO plugin v25.3.1 - https:\/\/yoast.com\/wordpress\/plugins\/seo\/ -->\n<title>Nordlicht im S\u00fcden - Nordlicht im S\u00fcden<\/title>\n<meta name=\"robots\" content=\"index, follow, max-snippet:-1, max-image-preview:large, max-video-preview:-1\" \/>\n<link rel=\"canonical\" href=\"https:\/\/blogs.donboscovolunteers.de\/nordlichtimsueden\/ueber-mich\/nordlicht-im-sueden\/\" \/>\n<meta property=\"og:locale\" content=\"de_DE\" \/>\n<meta property=\"og:type\" content=\"article\" \/>\n<meta property=\"og:title\" content=\"Nordlicht im S\u00fcden - Nordlicht im S\u00fcden\" \/>\n<meta property=\"og:description\" content=\"Wie kam ich auf den Namen \u201eNordlicht im S\u00fcden\u201c? Eine Frage, die du dir bestimmt schon gestellt hast und auf die ich hier eine Antwort geben m\u00f6chte. Nordlicht\u2026 \u201eDu bist das Nordlicht der Gruppe!\u201c Ja, so nannte mich einer der Salesianer vor kurzem am Esstisch. Warum? Von den 18 Freiwilligen, mit denen ich dieses Jahr [&hellip;]\" \/>\n<meta property=\"og:url\" content=\"https:\/\/blogs.donboscovolunteers.de\/nordlichtimsueden\/ueber-mich\/nordlicht-im-sueden\/\" \/>\n<meta property=\"og:site_name\" content=\"Nordlicht im S\u00fcden\" \/>\n<meta property=\"article:modified_time\" content=\"2021-11-08T10:06:26+00:00\" \/>\n<meta property=\"og:image\" content=\"https:\/\/blogs.donboscovolunteers.de\/nordlichtimsueden\/wp-content\/uploads\/sites\/21633\/2021\/11\/IMG-20210919-WA0070-2-1024x426.jpg\" \/>\n<meta name=\"twitter:card\" content=\"summary_large_image\" \/>\n<meta name=\"twitter:label1\" content=\"Gesch\u00e4tzte Lesezeit\" \/>\n\t<meta name=\"twitter:data1\" content=\"2\u00a0Minuten\" \/>\n<script type=\"application\/ld+json\" class=\"yoast-schema-graph\">{\"@context\":\"https:\/\/schema.org\",\"@graph\":[{\"@type\":\"WebPage\",\"@id\":\"https:\/\/blogs.donboscovolunteers.de\/nordlichtimsueden\/ueber-mich\/nordlicht-im-sueden\/\",\"url\":\"https:\/\/blogs.donboscovolunteers.de\/nordlichtimsueden\/ueber-mich\/nordlicht-im-sueden\/\",\"name\":\"Nordlicht im S\u00fcden - Nordlicht im S\u00fcden\",\"isPartOf\":{\"@id\":\"https:\/\/blogs.donboscovolunteers.de\/nordlichtimsueden\/#website\"},\"primaryImageOfPage\":{\"@id\":\"https:\/\/blogs.donboscovolunteers.de\/nordlichtimsueden\/ueber-mich\/nordlicht-im-sueden\/#primaryimage\"},\"image\":{\"@id\":\"https:\/\/blogs.donboscovolunteers.de\/nordlichtimsueden\/ueber-mich\/nordlicht-im-sueden\/#primaryimage\"},\"thumbnailUrl\":\"https:\/\/blogs.donboscovolunteers.de\/nordlichtimsueden\/wp-content\/uploads\/sites\/21633\/2021\/11\/IMG-20210919-WA0070-2-1024x426.jpg\",\"datePublished\":\"2021-10-27T08:57:18+00:00\",\"dateModified\":\"2021-11-08T10:06:26+00:00\",\"breadcrumb\":{\"@id\":\"https:\/\/blogs.donboscovolunteers.de\/nordlichtimsueden\/ueber-mich\/nordlicht-im-sueden\/#breadcrumb\"},\"inLanguage\":\"de\",\"potentialAction\":[{\"@type\":\"ReadAction\",\"target\":[\"https:\/\/blogs.donboscovolunteers.de\/nordlichtimsueden\/ueber-mich\/nordlicht-im-sueden\/\"]}]},{\"@type\":\"ImageObject\",\"inLanguage\":\"de\",\"@id\":\"https:\/\/blogs.donboscovolunteers.de\/nordlichtimsueden\/ueber-mich\/nordlicht-im-sueden\/#primaryimage\",\"url\":\"https:\/\/blogs.donboscovolunteers.de\/nordlichtimsueden\/wp-content\/uploads\/sites\/21633\/2021\/11\/IMG-20210919-WA0070-2.jpg\",\"contentUrl\":\"https:\/\/blogs.donboscovolunteers.de\/nordlichtimsueden\/wp-content\/uploads\/sites\/21633\/2021\/11\/IMG-20210919-WA0070-2.jpg\",\"width\":1280,\"height\":532},{\"@type\":\"BreadcrumbList\",\"@id\":\"https:\/\/blogs.donboscovolunteers.de\/nordlichtimsueden\/ueber-mich\/nordlicht-im-sueden\/#breadcrumb\",\"itemListElement\":[{\"@type\":\"ListItem\",\"position\":1,\"name\":\"Startseite\",\"item\":\"https:\/\/blogs.donboscovolunteers.de\/nordlichtimsueden\/\"},{\"@type\":\"ListItem\",\"position\":2,\"name\":\"\u00dcber mich\",\"item\":\"https:\/\/blogs.donboscovolunteers.de\/nordlichtimsueden\/ueber-mich\/\"},{\"@type\":\"ListItem\",\"position\":3,\"name\":\"Nordlicht im S\u00fcden\"}]},{\"@type\":\"WebSite\",\"@id\":\"https:\/\/blogs.donboscovolunteers.de\/nordlichtimsueden\/#website\",\"url\":\"https:\/\/blogs.donboscovolunteers.de\/nordlichtimsueden\/\",\"name\":\"Nordlicht im S\u00fcden\",\"description\":\"Ein etwas anderer Auslandsfreiwilligendienst\",\"potentialAction\":[{\"@type\":\"SearchAction\",\"target\":{\"@type\":\"EntryPoint\",\"urlTemplate\":\"https:\/\/blogs.donboscovolunteers.de\/nordlichtimsueden\/?s={search_term_string}\"},\"query-input\":{\"@type\":\"PropertyValueSpecification\",\"valueRequired\":true,\"valueName\":\"search_term_string\"}}],\"inLanguage\":\"de\"}]}<\/script>\n<!-- \/ Yoast SEO plugin. -->","yoast_head_json":{"title":"Nordlicht im S\u00fcden - Nordlicht im S\u00fcden","robots":{"index":"index","follow":"follow","max-snippet":"max-snippet:-1","max-image-preview":"max-image-preview:large","max-video-preview":"max-video-preview:-1"},"canonical":"https:\/\/blogs.donboscovolunteers.de\/nordlichtimsueden\/ueber-mich\/nordlicht-im-sueden\/","og_locale":"de_DE","og_type":"article","og_title":"Nordlicht im S\u00fcden - Nordlicht im S\u00fcden","og_description":"Wie kam ich auf den Namen \u201eNordlicht im S\u00fcden\u201c? Eine Frage, die du dir bestimmt schon gestellt hast und auf die ich hier eine Antwort geben m\u00f6chte. Nordlicht\u2026 \u201eDu bist das Nordlicht der Gruppe!\u201c Ja, so nannte mich einer der Salesianer vor kurzem am Esstisch. Warum? Von den 18 Freiwilligen, mit denen ich dieses Jahr [&hellip;]","og_url":"https:\/\/blogs.donboscovolunteers.de\/nordlichtimsueden\/ueber-mich\/nordlicht-im-sueden\/","og_site_name":"Nordlicht im S\u00fcden","article_modified_time":"2021-11-08T10:06:26+00:00","og_image":[{"url":"https:\/\/blogs.donboscovolunteers.de\/nordlichtimsueden\/wp-content\/uploads\/sites\/21633\/2021\/11\/IMG-20210919-WA0070-2-1024x426.jpg","type":"","width":"","height":""}],"twitter_card":"summary_large_image","twitter_misc":{"Gesch\u00e4tzte Lesezeit":"2\u00a0Minuten"},"schema":{"@context":"https:\/\/schema.org","@graph":[{"@type":"WebPage","@id":"https:\/\/blogs.donboscovolunteers.de\/nordlichtimsueden\/ueber-mich\/nordlicht-im-sueden\/","url":"https:\/\/blogs.donboscovolunteers.de\/nordlichtimsueden\/ueber-mich\/nordlicht-im-sueden\/","name":"Nordlicht im S\u00fcden - Nordlicht im S\u00fcden","isPartOf":{"@id":"https:\/\/blogs.donboscovolunteers.de\/nordlichtimsueden\/#website"},"primaryImageOfPage":{"@id":"https:\/\/blogs.donboscovolunteers.de\/nordlichtimsueden\/ueber-mich\/nordlicht-im-sueden\/#primaryimage"},"image":{"@id":"https:\/\/blogs.donboscovolunteers.de\/nordlichtimsueden\/ueber-mich\/nordlicht-im-sueden\/#primaryimage"},"thumbnailUrl":"https:\/\/blogs.donboscovolunteers.de\/nordlichtimsueden\/wp-content\/uploads\/sites\/21633\/2021\/11\/IMG-20210919-WA0070-2-1024x426.jpg","datePublished":"2021-10-27T08:57:18+00:00","dateModified":"2021-11-08T10:06:26+00:00","breadcrumb":{"@id":"https:\/\/blogs.donboscovolunteers.de\/nordlichtimsueden\/ueber-mich\/nordlicht-im-sueden\/#breadcrumb"},"inLanguage":"de","potentialAction":[{"@type":"ReadAction","target":["https:\/\/blogs.donboscovolunteers.de\/nordlichtimsueden\/ueber-mich\/nordlicht-im-sueden\/"]}]},{"@type":"ImageObject","inLanguage":"de","@id":"https:\/\/blogs.donboscovolunteers.de\/nordlichtimsueden\/ueber-mich\/nordlicht-im-sueden\/#primaryimage","url":"https:\/\/blogs.donboscovolunteers.de\/nordlichtimsueden\/wp-content\/uploads\/sites\/21633\/2021\/11\/IMG-20210919-WA0070-2.jpg","contentUrl":"https:\/\/blogs.donboscovolunteers.de\/nordlichtimsueden\/wp-content\/uploads\/sites\/21633\/2021\/11\/IMG-20210919-WA0070-2.jpg","width":1280,"height":532},{"@type":"BreadcrumbList","@id":"https:\/\/blogs.donboscovolunteers.de\/nordlichtimsueden\/ueber-mich\/nordlicht-im-sueden\/#breadcrumb","itemListElement":[{"@type":"ListItem","position":1,"name":"Startseite","item":"https:\/\/blogs.donboscovolunteers.de\/nordlichtimsueden\/"},{"@type":"ListItem","position":2,"name":"\u00dcber mich","item":"https:\/\/blogs.donboscovolunteers.de\/nordlichtimsueden\/ueber-mich\/"},{"@type":"ListItem","position":3,"name":"Nordlicht im S\u00fcden"}]},{"@type":"WebSite","@id":"https:\/\/blogs.donboscovolunteers.de\/nordlichtimsueden\/#website","url":"https:\/\/blogs.donboscovolunteers.de\/nordlichtimsueden\/","name":"Nordlicht im S\u00fcden","description":"Ein etwas anderer Auslandsfreiwilligendienst","potentialAction":[{"@type":"SearchAction","target":{"@type":"EntryPoint","urlTemplate":"https:\/\/blogs.donboscovolunteers.de\/nordlichtimsueden\/?s={search_term_string}"},"query-input":{"@type":"PropertyValueSpecification","valueRequired":true,"valueName":"search_term_string"}}],"inLanguage":"de"}]}},"_links":{"self":[{"href":"https:\/\/blogs.donboscovolunteers.de\/nordlichtimsueden\/wp-json\/wp\/v2\/pages\/62","targetHints":{"allow":["GET"]}}],"collection":[{"href":"https:\/\/blogs.donboscovolunteers.de\/nordlichtimsueden\/wp-json\/wp\/v2\/pages"}],"about":[{"href":"https:\/\/blogs.donboscovolunteers.de\/nordlichtimsueden\/wp-json\/wp\/v2\/types\/page"}],"author":[{"embeddable":true,"href":"https:\/\/blogs.donboscovolunteers.de\/nordlichtimsueden\/wp-json\/wp\/v2\/users\/21714"}],"replies":[{"embeddable":true,"href":"https:\/\/blogs.donboscovolunteers.de\/nordlichtimsueden\/wp-json\/wp\/v2\/comments?post=62"}],"version-history":[{"count":5,"href":"https:\/\/blogs.donboscovolunteers.de\/nordlichtimsueden\/wp-json\/wp\/v2\/pages\/62\/revisions"}],"predecessor-version":[{"id":167,"href":"https:\/\/blogs.donboscovolunteers.de\/nordlichtimsueden\/wp-json\/wp\/v2\/pages\/62\/revisions\/167"}],"up":[{"embeddable":true,"href":"https:\/\/blogs.donboscovolunteers.de\/nordlichtimsueden\/wp-json\/wp\/v2\/pages\/58"}],"wp:attachment":[{"href":"https:\/\/blogs.donboscovolunteers.de\/nordlichtimsueden\/wp-json\/wp\/v2\/media?parent=62"}],"curies":[{"name":"wp","href":"https:\/\/api.w.org\/{rel}","templated":true}]}}