{"id":58,"date":"2021-10-27T10:56:13","date_gmt":"2021-10-27T08:56:13","guid":{"rendered":"https:\/\/blogs.donboscovolunteers.de\/nordlichtimsueden\/?page_id=58"},"modified":"2021-11-11T19:23:29","modified_gmt":"2021-11-11T18:23:29","slug":"ueber-mich","status":"publish","type":"page","link":"https:\/\/blogs.donboscovolunteers.de\/nordlichtimsueden\/ueber-mich\/","title":{"rendered":"\u00dcber mich"},"content":{"rendered":"<h2 class=\"has-large-font-size wp-block-heading\"><span class=\"has-inline-color has-black-color\">Das Nordlicht stellt sich vor!<\/span><\/h2>\n\n\n\n<p>Hallo! Oder wie man es bei uns sagt: <strong><span style=\"color:#15a399\" class=\"has-inline-color\">MOIN!<\/span><\/strong><\/p>\n\n\n\n<p>Willst du mich etwas genauer kennenlernen? Dann bist du hier genau richtig!<\/p>\n\n\n\n<div class=\"wp-block-group\"><div class=\"wp-block-group__inner-container is-layout-flow wp-block-group-is-layout-flow\">\n<div class=\"wp-block-group\"><div class=\"wp-block-group__inner-container is-layout-flow wp-block-group-is-layout-flow\">\n<div class=\"wp-block-group\"><div class=\"wp-block-group__inner-container is-layout-flow wp-block-group-is-layout-flow\">\n<div class=\"wp-block-columns is-layout-flex wp-container-core-columns-is-layout-9d6595d7 wp-block-columns-is-layout-flex\">\n<div class=\"wp-block-column is-layout-flow wp-block-column-is-layout-flow\" style=\"flex-basis:100%\">\n<div class=\"wp-block-group\"><div class=\"wp-block-group__inner-container is-layout-flow wp-block-group-is-layout-flow\">\n<div class=\"wp-block-group\"><div class=\"wp-block-group__inner-container is-layout-flow wp-block-group-is-layout-flow\">\n<figure class=\"wp-block-gallery aligncenter columns-3 is-cropped wp-block-gallery-1 is-layout-flex wp-block-gallery-is-layout-flex\"><ul class=\"blocks-gallery-grid\"><li class=\"blocks-gallery-item\"><figure><img loading=\"lazy\" decoding=\"async\" width=\"682\" height=\"1024\" src=\"https:\/\/blogs.donboscovolunteers.de\/nordlichtimsueden\/wp-content\/uploads\/sites\/21633\/2021\/11\/IMG-20210209-WA0055-3-682x1024.jpg\" alt=\"\" data-id=\"85\" data-link=\"https:\/\/blogs.donboscovolunteers.de\/nordlichtimsueden\/ueber-mich\/img-20210209-wa0055-3\/\" class=\"wp-image-85\" srcset=\"https:\/\/blogs.donboscovolunteers.de\/nordlichtimsueden\/wp-content\/uploads\/sites\/21633\/2021\/11\/IMG-20210209-WA0055-3-682x1024.jpg 682w, https:\/\/blogs.donboscovolunteers.de\/nordlichtimsueden\/wp-content\/uploads\/sites\/21633\/2021\/11\/IMG-20210209-WA0055-3-200x300.jpg 200w, https:\/\/blogs.donboscovolunteers.de\/nordlichtimsueden\/wp-content\/uploads\/sites\/21633\/2021\/11\/IMG-20210209-WA0055-3-768x1152.jpg 768w, https:\/\/blogs.donboscovolunteers.de\/nordlichtimsueden\/wp-content\/uploads\/sites\/21633\/2021\/11\/IMG-20210209-WA0055-3.jpg 853w\" sizes=\"auto, (max-width: 682px) 100vw, 682px\" \/><figcaption class=\"blocks-gallery-item__caption\"><strong>Winter Wonderland<\/strong><\/figcaption><\/figure><\/li><li class=\"blocks-gallery-item\"><figure><img loading=\"lazy\" decoding=\"async\" width=\"576\" height=\"1024\" src=\"https:\/\/blogs.donboscovolunteers.de\/nordlichtimsueden\/wp-content\/uploads\/sites\/21633\/2021\/11\/20160710_145658-3-576x1024.jpg\" alt=\"\" data-id=\"86\" data-link=\"https:\/\/blogs.donboscovolunteers.de\/nordlichtimsueden\/ueber-mich\/20160710_145658-3\/\" class=\"wp-image-86\" srcset=\"https:\/\/blogs.donboscovolunteers.de\/nordlichtimsueden\/wp-content\/uploads\/sites\/21633\/2021\/11\/20160710_145658-3-576x1024.jpg 576w, https:\/\/blogs.donboscovolunteers.de\/nordlichtimsueden\/wp-content\/uploads\/sites\/21633\/2021\/11\/20160710_145658-3-169x300.jpg 169w, https:\/\/blogs.donboscovolunteers.de\/nordlichtimsueden\/wp-content\/uploads\/sites\/21633\/2021\/11\/20160710_145658-3.jpg 720w\" sizes=\"auto, (max-width: 576px) 100vw, 576px\" \/><figcaption class=\"blocks-gallery-item__caption\"><strong>Unser Hund<\/strong> <\/figcaption><\/figure><\/li><li class=\"blocks-gallery-item\"><figure><img loading=\"lazy\" decoding=\"async\" width=\"682\" height=\"1024\" src=\"https:\/\/blogs.donboscovolunteers.de\/nordlichtimsueden\/wp-content\/uploads\/sites\/21633\/2021\/11\/IMG-20210715-WA0024-2-682x1024.jpg\" alt=\"\" data-id=\"87\" data-full-url=\"https:\/\/blogs.donboscovolunteers.de\/nordlichtimsueden\/wp-content\/uploads\/sites\/21633\/2021\/11\/IMG-20210715-WA0024-2.jpg\" data-link=\"https:\/\/blogs.donboscovolunteers.de\/nordlichtimsueden\/ueber-mich\/img-20210715-wa0024-2\/\" class=\"wp-image-87\" srcset=\"https:\/\/blogs.donboscovolunteers.de\/nordlichtimsueden\/wp-content\/uploads\/sites\/21633\/2021\/11\/IMG-20210715-WA0024-2-682x1024.jpg 682w, https:\/\/blogs.donboscovolunteers.de\/nordlichtimsueden\/wp-content\/uploads\/sites\/21633\/2021\/11\/IMG-20210715-WA0024-2-200x300.jpg 200w, https:\/\/blogs.donboscovolunteers.de\/nordlichtimsueden\/wp-content\/uploads\/sites\/21633\/2021\/11\/IMG-20210715-WA0024-2-768x1152.jpg 768w, https:\/\/blogs.donboscovolunteers.de\/nordlichtimsueden\/wp-content\/uploads\/sites\/21633\/2021\/11\/IMG-20210715-WA0024-2.jpg 853w\" sizes=\"auto, (max-width: 682px) 100vw, 682px\" \/><figcaption class=\"blocks-gallery-item__caption\"><strong>Ja, ich esse gerne&#8230; <\/strong><\/figcaption><\/figure><\/li><\/ul><\/figure>\n<\/div><\/div>\n<\/div><\/div>\n<\/div>\n<\/div>\n<\/div><\/div>\n<\/div><\/div>\n<\/div><\/div>\n\n\n\n<p class=\"has-normal-font-size\"><strong>Meine kleine Welt!<\/strong><\/p>\n\n\n\n<p>F\u00fcr alle die mich noch nicht kennen: <span style=\"color:#15a399\" class=\"has-inline-color\"><strong>Ich bin Anna!<\/strong><\/span> Mit meinen 19 Jahren (fast 20) lebe ich mit meinen Eltern, meinem kleinen Bruder und unserem Hund in einem kleinen Dorf im Oldenburger M\u00fcnsterland, Niedersachsen.<\/p>\n\n\n\n<p>Auf dem Land zu leben ist genau so wie ihr es euch jetzt vorstellt: Der G\u00fcllegeruch am Morgen, wenn das Fenster ge\u00f6ffnet wird; die Trecker, die alle halbe Stunde am Haus vorbeifahren; die W\u00e4lder und Felder direkt neben der Haust\u00fcr; der etwa ein Kilometer weite Weg bis der B\u00e4cker erreicht ist\u2026 All diese Dinge geh\u00f6ren zu meinem Leben dazu und ich bin froh dar\u00fcber!<\/p>\n\n\n\n<p>Das Landleben bietet mir viele M\u00f6glichkeiten Gemeinschaft zu erleben. So spiele ich schon seit mehreren Jahren Trompete im Musikverein, wirke im Jugendmesskreis mit und bin aktives Mitglied in der KLJB Bevern. Bis vor kurzem war ich dort im Vorstand als Pressew\u00e4rtin t\u00e4tig. So geh\u00f6rten neue Beitr\u00e4ge auf den Social Media Plattformen zu posten oder ab und zu einen Artikel f\u00fcr die Zeitung zu verfassen zu meinen Aufgaben. Aber auch in der Planung und Organisation von Aktionen f\u00fcr die Jugendlichen war ich stets dabei.<\/p>\n\n\n\n<p>Wenn ich dann mal nicht im Dorf unterwegs bin, kann man mich in der Tanzschule finden.<\/p>\n\n\n\n<p>Klassischen Paartanz wie z.B. Disco Fox, Cha Cha Cha oder Jive beherrsche ich schon fast mit Augen zu. Aber auch das \u201eEinfach so Tanzen\u201c, macht mir gro\u00dfe Freude und hebt jedes Mal meine Stimmung.<\/p>\n\n\n\n<blockquote class=\"wp-block-quote is-layout-flow wp-block-quote-is-layout-flow\"><p><span style=\"color:#15a399\" class=\"has-inline-color\"><strong>Life is better when you dance<\/strong><\/span><\/p><\/blockquote>\n\n\n\n<p>Neben dem Musizieren, dem Tanzen und der Landjugend, treffe ich mich auch einfach gerne mit Freunden, zeichne\/male, lese mal ein Buch oder gehe mit unserem Hund im Wald spazieren.<\/p>\n\n\n\n<p><\/p>\n\n\n\n<p>In meiner kleinen Welt gibt es viel zu entdecken! Diese paar Zeilen haben dir hoffentlich einen kleinen Einblick davon gegeben, wer ich bin und was mich und mein Leben ausmacht.:)<\/p>","protected":false},"excerpt":{"rendered":"<p>Das Nordlicht stellt sich vor! Hallo! Oder wie man es bei uns sagt: MOIN! Willst du mich etwas genauer kennenlernen? Dann bist du hier genau richtig! Meine kleine Welt! F\u00fcr alle die mich noch nicht kennen: Ich bin Anna! Mit meinen 19 Jahren (fast 20) lebe ich mit meinen Eltern, meinem kleinen Bruder und unserem [&hellip;]<\/p>\n","protected":false},"author":21714,"featured_media":0,"parent":0,"menu_order":0,"comment_status":"closed","ping_status":"closed","template":"","meta":{"footnotes":""},"class_list":["post-58","page","type-page","status-publish","hentry"],"yoast_head":"<!-- This site is optimized with the Yoast SEO plugin v25.3.1 - https:\/\/yoast.com\/wordpress\/plugins\/seo\/ -->\n<title>\u00dcber mich - Nordlicht im S\u00fcden<\/title>\n<meta name=\"robots\" content=\"index, follow, max-snippet:-1, max-image-preview:large, max-video-preview:-1\" \/>\n<link rel=\"canonical\" href=\"https:\/\/blogs.donboscovolunteers.de\/nordlichtimsueden\/ueber-mich\/\" \/>\n<meta property=\"og:locale\" content=\"de_DE\" \/>\n<meta property=\"og:type\" content=\"article\" \/>\n<meta property=\"og:title\" content=\"\u00dcber mich - Nordlicht im S\u00fcden\" \/>\n<meta property=\"og:description\" content=\"Das Nordlicht stellt sich vor! Hallo! Oder wie man es bei uns sagt: MOIN! Willst du mich etwas genauer kennenlernen? Dann bist du hier genau richtig! Meine kleine Welt! F\u00fcr alle die mich noch nicht kennen: Ich bin Anna! Mit meinen 19 Jahren (fast 20) lebe ich mit meinen Eltern, meinem kleinen Bruder und unserem [&hellip;]\" \/>\n<meta property=\"og:url\" content=\"https:\/\/blogs.donboscovolunteers.de\/nordlichtimsueden\/ueber-mich\/\" \/>\n<meta property=\"og:site_name\" content=\"Nordlicht im S\u00fcden\" \/>\n<meta property=\"article:modified_time\" content=\"2021-11-11T18:23:29+00:00\" \/>\n<meta property=\"og:image\" content=\"https:\/\/blogs.donboscovolunteers.de\/nordlichtimsueden\/wp-content\/uploads\/sites\/21633\/2021\/11\/IMG-20210209-WA0055-3-682x1024.jpg\" \/>\n<meta name=\"twitter:card\" content=\"summary_large_image\" \/>\n<meta name=\"twitter:label1\" content=\"Gesch\u00e4tzte Lesezeit\" \/>\n\t<meta name=\"twitter:data1\" content=\"3\u00a0Minuten\" \/>\n<script type=\"application\/ld+json\" class=\"yoast-schema-graph\">{\"@context\":\"https:\/\/schema.org\",\"@graph\":[{\"@type\":\"WebPage\",\"@id\":\"https:\/\/blogs.donboscovolunteers.de\/nordlichtimsueden\/ueber-mich\/\",\"url\":\"https:\/\/blogs.donboscovolunteers.de\/nordlichtimsueden\/ueber-mich\/\",\"name\":\"\u00dcber mich - Nordlicht im S\u00fcden\",\"isPartOf\":{\"@id\":\"https:\/\/blogs.donboscovolunteers.de\/nordlichtimsueden\/#website\"},\"primaryImageOfPage\":{\"@id\":\"https:\/\/blogs.donboscovolunteers.de\/nordlichtimsueden\/ueber-mich\/#primaryimage\"},\"image\":{\"@id\":\"https:\/\/blogs.donboscovolunteers.de\/nordlichtimsueden\/ueber-mich\/#primaryimage\"},\"thumbnailUrl\":\"https:\/\/blogs.donboscovolunteers.de\/nordlichtimsueden\/wp-content\/uploads\/sites\/21633\/2021\/11\/IMG-20210209-WA0055-3-682x1024.jpg\",\"datePublished\":\"2021-10-27T08:56:13+00:00\",\"dateModified\":\"2021-11-11T18:23:29+00:00\",\"breadcrumb\":{\"@id\":\"https:\/\/blogs.donboscovolunteers.de\/nordlichtimsueden\/ueber-mich\/#breadcrumb\"},\"inLanguage\":\"de\",\"potentialAction\":[{\"@type\":\"ReadAction\",\"target\":[\"https:\/\/blogs.donboscovolunteers.de\/nordlichtimsueden\/ueber-mich\/\"]}]},{\"@type\":\"ImageObject\",\"inLanguage\":\"de\",\"@id\":\"https:\/\/blogs.donboscovolunteers.de\/nordlichtimsueden\/ueber-mich\/#primaryimage\",\"url\":\"https:\/\/blogs.donboscovolunteers.de\/nordlichtimsueden\/wp-content\/uploads\/sites\/21633\/2021\/11\/IMG-20210209-WA0055-3.jpg\",\"contentUrl\":\"https:\/\/blogs.donboscovolunteers.de\/nordlichtimsueden\/wp-content\/uploads\/sites\/21633\/2021\/11\/IMG-20210209-WA0055-3.jpg\",\"width\":853,\"height\":1280},{\"@type\":\"BreadcrumbList\",\"@id\":\"https:\/\/blogs.donboscovolunteers.de\/nordlichtimsueden\/ueber-mich\/#breadcrumb\",\"itemListElement\":[{\"@type\":\"ListItem\",\"position\":1,\"name\":\"Startseite\",\"item\":\"https:\/\/blogs.donboscovolunteers.de\/nordlichtimsueden\/\"},{\"@type\":\"ListItem\",\"position\":2,\"name\":\"\u00dcber mich\"}]},{\"@type\":\"WebSite\",\"@id\":\"https:\/\/blogs.donboscovolunteers.de\/nordlichtimsueden\/#website\",\"url\":\"https:\/\/blogs.donboscovolunteers.de\/nordlichtimsueden\/\",\"name\":\"Nordlicht im S\u00fcden\",\"description\":\"Ein etwas anderer Auslandsfreiwilligendienst\",\"potentialAction\":[{\"@type\":\"SearchAction\",\"target\":{\"@type\":\"EntryPoint\",\"urlTemplate\":\"https:\/\/blogs.donboscovolunteers.de\/nordlichtimsueden\/?s={search_term_string}\"},\"query-input\":{\"@type\":\"PropertyValueSpecification\",\"valueRequired\":true,\"valueName\":\"search_term_string\"}}],\"inLanguage\":\"de\"}]}<\/script>\n<!-- \/ Yoast SEO plugin. -->","yoast_head_json":{"title":"\u00dcber mich - Nordlicht im S\u00fcden","robots":{"index":"index","follow":"follow","max-snippet":"max-snippet:-1","max-image-preview":"max-image-preview:large","max-video-preview":"max-video-preview:-1"},"canonical":"https:\/\/blogs.donboscovolunteers.de\/nordlichtimsueden\/ueber-mich\/","og_locale":"de_DE","og_type":"article","og_title":"\u00dcber mich - Nordlicht im S\u00fcden","og_description":"Das Nordlicht stellt sich vor! Hallo! Oder wie man es bei uns sagt: MOIN! Willst du mich etwas genauer kennenlernen? Dann bist du hier genau richtig! Meine kleine Welt! F\u00fcr alle die mich noch nicht kennen: Ich bin Anna! Mit meinen 19 Jahren (fast 20) lebe ich mit meinen Eltern, meinem kleinen Bruder und unserem [&hellip;]","og_url":"https:\/\/blogs.donboscovolunteers.de\/nordlichtimsueden\/ueber-mich\/","og_site_name":"Nordlicht im S\u00fcden","article_modified_time":"2021-11-11T18:23:29+00:00","og_image":[{"url":"https:\/\/blogs.donboscovolunteers.de\/nordlichtimsueden\/wp-content\/uploads\/sites\/21633\/2021\/11\/IMG-20210209-WA0055-3-682x1024.jpg","type":"","width":"","height":""}],"twitter_card":"summary_large_image","twitter_misc":{"Gesch\u00e4tzte Lesezeit":"3\u00a0Minuten"},"schema":{"@context":"https:\/\/schema.org","@graph":[{"@type":"WebPage","@id":"https:\/\/blogs.donboscovolunteers.de\/nordlichtimsueden\/ueber-mich\/","url":"https:\/\/blogs.donboscovolunteers.de\/nordlichtimsueden\/ueber-mich\/","name":"\u00dcber mich - Nordlicht im S\u00fcden","isPartOf":{"@id":"https:\/\/blogs.donboscovolunteers.de\/nordlichtimsueden\/#website"},"primaryImageOfPage":{"@id":"https:\/\/blogs.donboscovolunteers.de\/nordlichtimsueden\/ueber-mich\/#primaryimage"},"image":{"@id":"https:\/\/blogs.donboscovolunteers.de\/nordlichtimsueden\/ueber-mich\/#primaryimage"},"thumbnailUrl":"https:\/\/blogs.donboscovolunteers.de\/nordlichtimsueden\/wp-content\/uploads\/sites\/21633\/2021\/11\/IMG-20210209-WA0055-3-682x1024.jpg","datePublished":"2021-10-27T08:56:13+00:00","dateModified":"2021-11-11T18:23:29+00:00","breadcrumb":{"@id":"https:\/\/blogs.donboscovolunteers.de\/nordlichtimsueden\/ueber-mich\/#breadcrumb"},"inLanguage":"de","potentialAction":[{"@type":"ReadAction","target":["https:\/\/blogs.donboscovolunteers.de\/nordlichtimsueden\/ueber-mich\/"]}]},{"@type":"ImageObject","inLanguage":"de","@id":"https:\/\/blogs.donboscovolunteers.de\/nordlichtimsueden\/ueber-mich\/#primaryimage","url":"https:\/\/blogs.donboscovolunteers.de\/nordlichtimsueden\/wp-content\/uploads\/sites\/21633\/2021\/11\/IMG-20210209-WA0055-3.jpg","contentUrl":"https:\/\/blogs.donboscovolunteers.de\/nordlichtimsueden\/wp-content\/uploads\/sites\/21633\/2021\/11\/IMG-20210209-WA0055-3.jpg","width":853,"height":1280},{"@type":"BreadcrumbList","@id":"https:\/\/blogs.donboscovolunteers.de\/nordlichtimsueden\/ueber-mich\/#breadcrumb","itemListElement":[{"@type":"ListItem","position":1,"name":"Startseite","item":"https:\/\/blogs.donboscovolunteers.de\/nordlichtimsueden\/"},{"@type":"ListItem","position":2,"name":"\u00dcber mich"}]},{"@type":"WebSite","@id":"https:\/\/blogs.donboscovolunteers.de\/nordlichtimsueden\/#website","url":"https:\/\/blogs.donboscovolunteers.de\/nordlichtimsueden\/","name":"Nordlicht im S\u00fcden","description":"Ein etwas anderer Auslandsfreiwilligendienst","potentialAction":[{"@type":"SearchAction","target":{"@type":"EntryPoint","urlTemplate":"https:\/\/blogs.donboscovolunteers.de\/nordlichtimsueden\/?s={search_term_string}"},"query-input":{"@type":"PropertyValueSpecification","valueRequired":true,"valueName":"search_term_string"}}],"inLanguage":"de"}]}},"_links":{"self":[{"href":"https:\/\/blogs.donboscovolunteers.de\/nordlichtimsueden\/wp-json\/wp\/v2\/pages\/58","targetHints":{"allow":["GET"]}}],"collection":[{"href":"https:\/\/blogs.donboscovolunteers.de\/nordlichtimsueden\/wp-json\/wp\/v2\/pages"}],"about":[{"href":"https:\/\/blogs.donboscovolunteers.de\/nordlichtimsueden\/wp-json\/wp\/v2\/types\/page"}],"author":[{"embeddable":true,"href":"https:\/\/blogs.donboscovolunteers.de\/nordlichtimsueden\/wp-json\/wp\/v2\/users\/21714"}],"replies":[{"embeddable":true,"href":"https:\/\/blogs.donboscovolunteers.de\/nordlichtimsueden\/wp-json\/wp\/v2\/comments?post=58"}],"version-history":[{"count":8,"href":"https:\/\/blogs.donboscovolunteers.de\/nordlichtimsueden\/wp-json\/wp\/v2\/pages\/58\/revisions"}],"predecessor-version":[{"id":186,"href":"https:\/\/blogs.donboscovolunteers.de\/nordlichtimsueden\/wp-json\/wp\/v2\/pages\/58\/revisions\/186"}],"wp:attachment":[{"href":"https:\/\/blogs.donboscovolunteers.de\/nordlichtimsueden\/wp-json\/wp\/v2\/media?parent=58"}],"curies":[{"name":"wp","href":"https:\/\/api.w.org\/{rel}","templated":true}]}}