{"id":56,"date":"2021-10-26T16:44:00","date_gmt":"2021-10-26T14:44:00","guid":{"rendered":"https:\/\/blogs.donboscovolunteers.de\/nordlichtimsueden\/?page_id=56"},"modified":"2021-11-26T16:50:12","modified_gmt":"2021-11-26T15:50:12","slug":"spenden","status":"publish","type":"page","link":"https:\/\/blogs.donboscovolunteers.de\/nordlichtimsueden\/spenden\/","title":{"rendered":"Spenden"},"content":{"rendered":"<p>Wie wird mein <a href=\"https:\/\/www.donboscovolunteers.de\/\">Freiwilligendienst<\/a> eigentlich finanziert?<\/p>\n\n\n\n<p>Auch wenn ich zur Zeit nicht im Ausland bin, absolviere ich einen \u201eweltw\u00e4rts\u201c- Freiwilligendienst. Dieser kostet normalerweise 10.000 \u20ac. 75% der Kosten \u00fcbernimmt weltw\u00e4rts, 25% der Kosten fallen f\u00fcr mich an&#8230;also 2500 \u20ac.<\/p>\n\n\n\n<p>Jetzt kommt wahrscheinlich die Aussage: \u201eAber du bist doch gar nicht im Ausland.\u201c Ja, das stimmt. Aber trotzdem fallen Kosten f\u00fcr z.B Zugfahrten oder meine Verpflegung an. Durch die Spenden k\u00f6nnen au\u00dferdem weltweit Projekte von <a href=\"https:\/\/www.donboscomission.de\/don-bosco\/\">Don Bosco<\/a> unterst\u00fctzt werden, die Kindern\/ Jugendlichen helfen.<\/p>\n\n\n\n<p>Wenn du also Lust hast mich zu unterst\u00fctzen, w\u00fcrde ich mich sehr freuen! Jeder noch so kleine Betrag bringt mich weiter. Danke schonmal im Voraus:)<\/p>\n\n\n\n<p class=\"has-medium-font-size\"><span style=\"color:#15a399\" class=\"has-inline-color\"><strong>Kontoverbindung:<\/strong><\/span><\/p>\n\n\n\n<p><strong>Don Bosco Mission<\/strong><\/p>\n\n\n\n<p><strong>Liga Bank M\u00fcnchen<\/strong><\/p>\n\n\n\n<p><strong>IBAN: DE66 7509 0300 0102 1418 76<\/strong><\/p>\n\n\n\n<p><strong>BIC: GENODEF1M05<\/strong><\/p>\n\n\n\n<p><strong>Verwendungszweck: Anna Kathmann, S21VB006<\/strong> und gegebenenfalls die Adresse des Spenders (damit eine Spendenquittung erstellt werden kann)<\/p>","protected":false},"excerpt":{"rendered":"<p>Wie wird mein <a href=\"https:\/\/www.donboscovolunteers.de\/\">Freiwilligendienst<\/a> eigentlich finanziert? Auch wenn ich zur Zeit nicht im Ausland bin, absolviere ich einen \u201eweltw\u00e4rts\u201c- Freiwilligendienst. Dieser kostet normalerweise 10.000 \u20ac. 75% der Kosten \u00fcbernimmt weltw\u00e4rts, 25% der Kosten fallen f\u00fcr mich an&#8230;also 2500 \u20ac. Jetzt kommt wahrscheinlich die Aussage: \u201eAber du bist doch gar nicht im Ausland.\u201c Ja, das stimmt. [&hellip;]<\/p>\n","protected":false},"author":21714,"featured_media":0,"parent":0,"menu_order":2,"comment_status":"closed","ping_status":"closed","template":"","meta":{"footnotes":""},"class_list":["post-56","page","type-page","status-publish","hentry"],"yoast_head":"<!-- This site is optimized with the Yoast SEO plugin v25.3.1 - https:\/\/yoast.com\/wordpress\/plugins\/seo\/ -->\n<title>Spenden - Nordlicht im S\u00fcden<\/title>\n<meta name=\"robots\" content=\"index, follow, max-snippet:-1, max-image-preview:large, max-video-preview:-1\" \/>\n<link rel=\"canonical\" href=\"https:\/\/blogs.donboscovolunteers.de\/nordlichtimsueden\/spenden\/\" \/>\n<meta property=\"og:locale\" content=\"de_DE\" \/>\n<meta property=\"og:type\" content=\"article\" \/>\n<meta property=\"og:title\" content=\"Spenden - Nordlicht im S\u00fcden\" \/>\n<meta property=\"og:description\" content=\"Wie wird mein Freiwilligendienst eigentlich finanziert? Auch wenn ich zur Zeit nicht im Ausland bin, absolviere ich einen \u201eweltw\u00e4rts\u201c- Freiwilligendienst. Dieser kostet normalerweise 10.000 \u20ac. 75% der Kosten \u00fcbernimmt weltw\u00e4rts, 25% der Kosten fallen f\u00fcr mich an&#8230;also 2500 \u20ac. Jetzt kommt wahrscheinlich die Aussage: \u201eAber du bist doch gar nicht im Ausland.\u201c Ja, das stimmt. [&hellip;]\" \/>\n<meta property=\"og:url\" content=\"https:\/\/blogs.donboscovolunteers.de\/nordlichtimsueden\/spenden\/\" \/>\n<meta property=\"og:site_name\" content=\"Nordlicht im S\u00fcden\" \/>\n<meta property=\"article:modified_time\" content=\"2021-11-26T15:50:12+00:00\" \/>\n<meta name=\"twitter:card\" content=\"summary_large_image\" \/>\n<meta name=\"twitter:label1\" content=\"Gesch\u00e4tzte Lesezeit\" \/>\n\t<meta name=\"twitter:data1\" content=\"1\u00a0Minute\" \/>\n<script type=\"application\/ld+json\" class=\"yoast-schema-graph\">{\"@context\":\"https:\/\/schema.org\",\"@graph\":[{\"@type\":\"WebPage\",\"@id\":\"https:\/\/blogs.donboscovolunteers.de\/nordlichtimsueden\/spenden\/\",\"url\":\"https:\/\/blogs.donboscovolunteers.de\/nordlichtimsueden\/spenden\/\",\"name\":\"Spenden - Nordlicht im S\u00fcden\",\"isPartOf\":{\"@id\":\"https:\/\/blogs.donboscovolunteers.de\/nordlichtimsueden\/#website\"},\"datePublished\":\"2021-10-26T14:44:00+00:00\",\"dateModified\":\"2021-11-26T15:50:12+00:00\",\"breadcrumb\":{\"@id\":\"https:\/\/blogs.donboscovolunteers.de\/nordlichtimsueden\/spenden\/#breadcrumb\"},\"inLanguage\":\"de\",\"potentialAction\":[{\"@type\":\"ReadAction\",\"target\":[\"https:\/\/blogs.donboscovolunteers.de\/nordlichtimsueden\/spenden\/\"]}]},{\"@type\":\"BreadcrumbList\",\"@id\":\"https:\/\/blogs.donboscovolunteers.de\/nordlichtimsueden\/spenden\/#breadcrumb\",\"itemListElement\":[{\"@type\":\"ListItem\",\"position\":1,\"name\":\"Startseite\",\"item\":\"https:\/\/blogs.donboscovolunteers.de\/nordlichtimsueden\/\"},{\"@type\":\"ListItem\",\"position\":2,\"name\":\"Spenden\"}]},{\"@type\":\"WebSite\",\"@id\":\"https:\/\/blogs.donboscovolunteers.de\/nordlichtimsueden\/#website\",\"url\":\"https:\/\/blogs.donboscovolunteers.de\/nordlichtimsueden\/\",\"name\":\"Nordlicht im S\u00fcden\",\"description\":\"Ein etwas anderer Auslandsfreiwilligendienst\",\"potentialAction\":[{\"@type\":\"SearchAction\",\"target\":{\"@type\":\"EntryPoint\",\"urlTemplate\":\"https:\/\/blogs.donboscovolunteers.de\/nordlichtimsueden\/?s={search_term_string}\"},\"query-input\":{\"@type\":\"PropertyValueSpecification\",\"valueRequired\":true,\"valueName\":\"search_term_string\"}}],\"inLanguage\":\"de\"}]}<\/script>\n<!-- \/ Yoast SEO plugin. -->","yoast_head_json":{"title":"Spenden - Nordlicht im S\u00fcden","robots":{"index":"index","follow":"follow","max-snippet":"max-snippet:-1","max-image-preview":"max-image-preview:large","max-video-preview":"max-video-preview:-1"},"canonical":"https:\/\/blogs.donboscovolunteers.de\/nordlichtimsueden\/spenden\/","og_locale":"de_DE","og_type":"article","og_title":"Spenden - Nordlicht im S\u00fcden","og_description":"Wie wird mein Freiwilligendienst eigentlich finanziert? Auch wenn ich zur Zeit nicht im Ausland bin, absolviere ich einen \u201eweltw\u00e4rts\u201c- Freiwilligendienst. Dieser kostet normalerweise 10.000 \u20ac. 75% der Kosten \u00fcbernimmt weltw\u00e4rts, 25% der Kosten fallen f\u00fcr mich an&#8230;also 2500 \u20ac. Jetzt kommt wahrscheinlich die Aussage: \u201eAber du bist doch gar nicht im Ausland.\u201c Ja, das stimmt. [&hellip;]","og_url":"https:\/\/blogs.donboscovolunteers.de\/nordlichtimsueden\/spenden\/","og_site_name":"Nordlicht im S\u00fcden","article_modified_time":"2021-11-26T15:50:12+00:00","twitter_card":"summary_large_image","twitter_misc":{"Gesch\u00e4tzte Lesezeit":"1\u00a0Minute"},"schema":{"@context":"https:\/\/schema.org","@graph":[{"@type":"WebPage","@id":"https:\/\/blogs.donboscovolunteers.de\/nordlichtimsueden\/spenden\/","url":"https:\/\/blogs.donboscovolunteers.de\/nordlichtimsueden\/spenden\/","name":"Spenden - Nordlicht im S\u00fcden","isPartOf":{"@id":"https:\/\/blogs.donboscovolunteers.de\/nordlichtimsueden\/#website"},"datePublished":"2021-10-26T14:44:00+00:00","dateModified":"2021-11-26T15:50:12+00:00","breadcrumb":{"@id":"https:\/\/blogs.donboscovolunteers.de\/nordlichtimsueden\/spenden\/#breadcrumb"},"inLanguage":"de","potentialAction":[{"@type":"ReadAction","target":["https:\/\/blogs.donboscovolunteers.de\/nordlichtimsueden\/spenden\/"]}]},{"@type":"BreadcrumbList","@id":"https:\/\/blogs.donboscovolunteers.de\/nordlichtimsueden\/spenden\/#breadcrumb","itemListElement":[{"@type":"ListItem","position":1,"name":"Startseite","item":"https:\/\/blogs.donboscovolunteers.de\/nordlichtimsueden\/"},{"@type":"ListItem","position":2,"name":"Spenden"}]},{"@type":"WebSite","@id":"https:\/\/blogs.donboscovolunteers.de\/nordlichtimsueden\/#website","url":"https:\/\/blogs.donboscovolunteers.de\/nordlichtimsueden\/","name":"Nordlicht im S\u00fcden","description":"Ein etwas anderer Auslandsfreiwilligendienst","potentialAction":[{"@type":"SearchAction","target":{"@type":"EntryPoint","urlTemplate":"https:\/\/blogs.donboscovolunteers.de\/nordlichtimsueden\/?s={search_term_string}"},"query-input":{"@type":"PropertyValueSpecification","valueRequired":true,"valueName":"search_term_string"}}],"inLanguage":"de"}]}},"_links":{"self":[{"href":"https:\/\/blogs.donboscovolunteers.de\/nordlichtimsueden\/wp-json\/wp\/v2\/pages\/56","targetHints":{"allow":["GET"]}}],"collection":[{"href":"https:\/\/blogs.donboscovolunteers.de\/nordlichtimsueden\/wp-json\/wp\/v2\/pages"}],"about":[{"href":"https:\/\/blogs.donboscovolunteers.de\/nordlichtimsueden\/wp-json\/wp\/v2\/types\/page"}],"author":[{"embeddable":true,"href":"https:\/\/blogs.donboscovolunteers.de\/nordlichtimsueden\/wp-json\/wp\/v2\/users\/21714"}],"replies":[{"embeddable":true,"href":"https:\/\/blogs.donboscovolunteers.de\/nordlichtimsueden\/wp-json\/wp\/v2\/comments?post=56"}],"version-history":[{"count":4,"href":"https:\/\/blogs.donboscovolunteers.de\/nordlichtimsueden\/wp-json\/wp\/v2\/pages\/56\/revisions"}],"predecessor-version":[{"id":196,"href":"https:\/\/blogs.donboscovolunteers.de\/nordlichtimsueden\/wp-json\/wp\/v2\/pages\/56\/revisions\/196"}],"wp:attachment":[{"href":"https:\/\/blogs.donboscovolunteers.de\/nordlichtimsueden\/wp-json\/wp\/v2\/media?parent=56"}],"curies":[{"name":"wp","href":"https:\/\/api.w.org\/{rel}","templated":true}]}}