{"id":126,"date":"2021-11-06T23:16:30","date_gmt":"2021-11-06T22:16:30","guid":{"rendered":"https:\/\/blogs.donboscovolunteers.de\/nordlichtimsueden\/?page_id=126"},"modified":"2021-11-07T10:35:24","modified_gmt":"2021-11-07T09:35:24","slug":"moin","status":"publish","type":"page","link":"https:\/\/blogs.donboscovolunteers.de\/nordlichtimsueden\/","title":{"rendered":"Moin!"},"content":{"rendered":"<p>Hey du!<\/p>\n\n\n\n<p>Auf welchem Weg auch immer du hierher gefunden hast: Sch\u00f6n, dass du da bist und willkommen auf meinem Blog! Hier m\u00f6chte ich meine Erlebnisse und Erfahrungen als Freiwillige bei <a href=\"https:\/\/www.donboscomission.de\/don-bosco\/\">Don Bosco<\/a> Volunteers f\u00fcr mich, aber auch f\u00fcr euch festhalten. <\/p>\n\n\n\n<p>Wenn du Lust hast, dann begleite mich gerne auf meinem Weg als Nordlicht im S\u00fcden, als Freiwillige in einem etwas anderen Auslandsfreiwilligendienst! Gerne kannst du auch einfach ein bisschen auf meiner Seite herumschnuppern: Es gibt vieles zu Entdecken! Also los geht`s!<\/p>\n\n\n\n<p><\/p>","protected":false},"excerpt":{"rendered":"<p>Hey du! Auf welchem Weg auch immer du hierher gefunden hast: Sch\u00f6n, dass du da bist und willkommen auf meinem Blog! Hier m\u00f6chte ich meine Erlebnisse und Erfahrungen als Freiwillige bei <a href=\"https:\/\/www.donboscomission.de\/don-bosco\/\">Don Bosco<\/a> Volunteers f\u00fcr mich, aber auch f\u00fcr euch festhalten. Wenn du Lust hast, dann begleite mich gerne auf meinem Weg als Nordlicht im [&hellip;]<\/p>\n","protected":false},"author":21714,"featured_media":0,"parent":0,"menu_order":0,"comment_status":"closed","ping_status":"closed","template":"","meta":{"footnotes":""},"class_list":["post-126","page","type-page","status-publish","hentry"],"yoast_head":"<!-- This site is optimized with the Yoast SEO plugin v25.3.1 - https:\/\/yoast.com\/wordpress\/plugins\/seo\/ -->\n<title>Moin! - Nordlicht im S\u00fcden<\/title>\n<meta name=\"robots\" content=\"index, follow, max-snippet:-1, max-image-preview:large, max-video-preview:-1\" \/>\n<link rel=\"canonical\" href=\"https:\/\/blogs.donboscovolunteers.de\/nordlichtimsueden\/\" \/>\n<meta property=\"og:locale\" content=\"de_DE\" \/>\n<meta property=\"og:type\" content=\"article\" \/>\n<meta property=\"og:title\" content=\"Moin! - Nordlicht im S\u00fcden\" \/>\n<meta property=\"og:description\" content=\"Hey du! Auf welchem Weg auch immer du hierher gefunden hast: Sch\u00f6n, dass du da bist und willkommen auf meinem Blog! Hier m\u00f6chte ich meine Erlebnisse und Erfahrungen als Freiwillige bei Don Bosco Volunteers f\u00fcr mich, aber auch f\u00fcr euch festhalten. Wenn du Lust hast, dann begleite mich gerne auf meinem Weg als Nordlicht im [&hellip;]\" \/>\n<meta property=\"og:url\" content=\"https:\/\/blogs.donboscovolunteers.de\/nordlichtimsueden\/\" \/>\n<meta property=\"og:site_name\" content=\"Nordlicht im S\u00fcden\" \/>\n<meta property=\"article:modified_time\" content=\"2021-11-07T09:35:24+00:00\" \/>\n<meta name=\"twitter:card\" content=\"summary_large_image\" \/>\n<meta name=\"twitter:label1\" content=\"Gesch\u00e4tzte Lesezeit\" \/>\n\t<meta name=\"twitter:data1\" content=\"1\u00a0Minute\" \/>\n<script type=\"application\/ld+json\" class=\"yoast-schema-graph\">{\"@context\":\"https:\/\/schema.org\",\"@graph\":[{\"@type\":\"WebPage\",\"@id\":\"https:\/\/blogs.donboscovolunteers.de\/nordlichtimsueden\/\",\"url\":\"https:\/\/blogs.donboscovolunteers.de\/nordlichtimsueden\/\",\"name\":\"Moin! - Nordlicht im S\u00fcden\",\"isPartOf\":{\"@id\":\"https:\/\/blogs.donboscovolunteers.de\/nordlichtimsueden\/#website\"},\"datePublished\":\"2021-11-06T22:16:30+00:00\",\"dateModified\":\"2021-11-07T09:35:24+00:00\",\"breadcrumb\":{\"@id\":\"https:\/\/blogs.donboscovolunteers.de\/nordlichtimsueden\/#breadcrumb\"},\"inLanguage\":\"de\",\"potentialAction\":[{\"@type\":\"ReadAction\",\"target\":[\"https:\/\/blogs.donboscovolunteers.de\/nordlichtimsueden\/\"]}]},{\"@type\":\"BreadcrumbList\",\"@id\":\"https:\/\/blogs.donboscovolunteers.de\/nordlichtimsueden\/#breadcrumb\",\"itemListElement\":[{\"@type\":\"ListItem\",\"position\":1,\"name\":\"Startseite\",\"item\":\"https:\/\/blogs.donboscovolunteers.de\/nordlichtimsueden\/\"},{\"@type\":\"ListItem\",\"position\":2,\"name\":\"Moin!\"}]},{\"@type\":\"WebSite\",\"@id\":\"https:\/\/blogs.donboscovolunteers.de\/nordlichtimsueden\/#website\",\"url\":\"https:\/\/blogs.donboscovolunteers.de\/nordlichtimsueden\/\",\"name\":\"Nordlicht im S\u00fcden\",\"description\":\"Ein etwas anderer Auslandsfreiwilligendienst\",\"potentialAction\":[{\"@type\":\"SearchAction\",\"target\":{\"@type\":\"EntryPoint\",\"urlTemplate\":\"https:\/\/blogs.donboscovolunteers.de\/nordlichtimsueden\/?s={search_term_string}\"},\"query-input\":{\"@type\":\"PropertyValueSpecification\",\"valueRequired\":true,\"valueName\":\"search_term_string\"}}],\"inLanguage\":\"de\"}]}<\/script>\n<!-- \/ Yoast SEO plugin. -->","yoast_head_json":{"title":"Moin! - Nordlicht im S\u00fcden","robots":{"index":"index","follow":"follow","max-snippet":"max-snippet:-1","max-image-preview":"max-image-preview:large","max-video-preview":"max-video-preview:-1"},"canonical":"https:\/\/blogs.donboscovolunteers.de\/nordlichtimsueden\/","og_locale":"de_DE","og_type":"article","og_title":"Moin! - Nordlicht im S\u00fcden","og_description":"Hey du! Auf welchem Weg auch immer du hierher gefunden hast: Sch\u00f6n, dass du da bist und willkommen auf meinem Blog! Hier m\u00f6chte ich meine Erlebnisse und Erfahrungen als Freiwillige bei Don Bosco Volunteers f\u00fcr mich, aber auch f\u00fcr euch festhalten. Wenn du Lust hast, dann begleite mich gerne auf meinem Weg als Nordlicht im [&hellip;]","og_url":"https:\/\/blogs.donboscovolunteers.de\/nordlichtimsueden\/","og_site_name":"Nordlicht im S\u00fcden","article_modified_time":"2021-11-07T09:35:24+00:00","twitter_card":"summary_large_image","twitter_misc":{"Gesch\u00e4tzte Lesezeit":"1\u00a0Minute"},"schema":{"@context":"https:\/\/schema.org","@graph":[{"@type":"WebPage","@id":"https:\/\/blogs.donboscovolunteers.de\/nordlichtimsueden\/","url":"https:\/\/blogs.donboscovolunteers.de\/nordlichtimsueden\/","name":"Moin! - Nordlicht im S\u00fcden","isPartOf":{"@id":"https:\/\/blogs.donboscovolunteers.de\/nordlichtimsueden\/#website"},"datePublished":"2021-11-06T22:16:30+00:00","dateModified":"2021-11-07T09:35:24+00:00","breadcrumb":{"@id":"https:\/\/blogs.donboscovolunteers.de\/nordlichtimsueden\/#breadcrumb"},"inLanguage":"de","potentialAction":[{"@type":"ReadAction","target":["https:\/\/blogs.donboscovolunteers.de\/nordlichtimsueden\/"]}]},{"@type":"BreadcrumbList","@id":"https:\/\/blogs.donboscovolunteers.de\/nordlichtimsueden\/#breadcrumb","itemListElement":[{"@type":"ListItem","position":1,"name":"Startseite","item":"https:\/\/blogs.donboscovolunteers.de\/nordlichtimsueden\/"},{"@type":"ListItem","position":2,"name":"Moin!"}]},{"@type":"WebSite","@id":"https:\/\/blogs.donboscovolunteers.de\/nordlichtimsueden\/#website","url":"https:\/\/blogs.donboscovolunteers.de\/nordlichtimsueden\/","name":"Nordlicht im S\u00fcden","description":"Ein etwas anderer Auslandsfreiwilligendienst","potentialAction":[{"@type":"SearchAction","target":{"@type":"EntryPoint","urlTemplate":"https:\/\/blogs.donboscovolunteers.de\/nordlichtimsueden\/?s={search_term_string}"},"query-input":{"@type":"PropertyValueSpecification","valueRequired":true,"valueName":"search_term_string"}}],"inLanguage":"de"}]}},"_links":{"self":[{"href":"https:\/\/blogs.donboscovolunteers.de\/nordlichtimsueden\/wp-json\/wp\/v2\/pages\/126","targetHints":{"allow":["GET"]}}],"collection":[{"href":"https:\/\/blogs.donboscovolunteers.de\/nordlichtimsueden\/wp-json\/wp\/v2\/pages"}],"about":[{"href":"https:\/\/blogs.donboscovolunteers.de\/nordlichtimsueden\/wp-json\/wp\/v2\/types\/page"}],"author":[{"embeddable":true,"href":"https:\/\/blogs.donboscovolunteers.de\/nordlichtimsueden\/wp-json\/wp\/v2\/users\/21714"}],"replies":[{"embeddable":true,"href":"https:\/\/blogs.donboscovolunteers.de\/nordlichtimsueden\/wp-json\/wp\/v2\/comments?post=126"}],"version-history":[{"count":2,"href":"https:\/\/blogs.donboscovolunteers.de\/nordlichtimsueden\/wp-json\/wp\/v2\/pages\/126\/revisions"}],"predecessor-version":[{"id":134,"href":"https:\/\/blogs.donboscovolunteers.de\/nordlichtimsueden\/wp-json\/wp\/v2\/pages\/126\/revisions\/134"}],"wp:attachment":[{"href":"https:\/\/blogs.donboscovolunteers.de\/nordlichtimsueden\/wp-json\/wp\/v2\/media?parent=126"}],"curies":[{"name":"wp","href":"https:\/\/api.w.org\/{rel}","templated":true}]}}