{"id":92,"date":"2022-10-31T16:48:34","date_gmt":"2022-10-31T15:48:34","guid":{"rendered":"https:\/\/blogs.donboscovolunteers.de\/ninosnews\/?page_id=92"},"modified":"2022-10-31T16:48:34","modified_gmt":"2022-10-31T15:48:34","slug":"wer-bin-ich-und-was-mach-ich-hier","status":"publish","type":"page","link":"https:\/\/blogs.donboscovolunteers.de\/ninosnews\/wer-bin-ich-und-was-mach-ich-hier\/","title":{"rendered":"Wer bin ich und was mach ich hier?"},"content":{"rendered":"<p>Eine schwierige Frage zu Beantworten. Um ehrlich zu sein, hab ich mich f\u00fcr ein Auslandsjahr entschieden, um herauszufinden, wer ich bin. Hier was ich bereits \u00fcber mich wei\u00df:<\/p>\n\n\n\n<p>-Ich hei\u00dfe Severin Cajetan Gutmann<\/p>\n\n\n\n<p>-Ich bin neunzehn, 1,93m gro\u00df und blond<\/p>\n\n\n\n<p>-Ich bin ein Musiker und Poet, haupts\u00e4chlich Gitarre, Klavier und Gedichte.<\/p>\n\n\n\n<p>-Ich bin unordentlich, au\u00dfer wenn ich mich dazu entscheide es nicht zu sein<\/p>\n\n\n\n<p>-Ich bin sehr extrovertiert und hab kein Problem Leute anzusprechen<\/p>\n\n\n\n<p>-Ich bin hilfsbereit, auch ein Grund, warum ich hier in Albanien bin.<\/p>\n\n\n\n<p>-Ich denke zu viel \u00fcber das \u201eWarum\u201c nach<\/p>\n\n\n\n<p>-Ich bin sehr w\u00e4hlerisch, wenn es um Essen geht.<\/p>\n\n\n\n<p>-Ich lese gerne, und ich lese gerne komplexe Literatur<\/p>\n\n\n\n<p>-Ich wei\u00df, dass ich nichts \u00fcber mich wei\u00df<\/p>\n\n\n\n<p>Den Rest muss ich noch erschlie\u00dfen.<\/p>\n\n\n\n<p><\/p>\n\n\n\n<p><\/p>\n\n\n\n<p>Jetzt zu dem was ich mache:<\/p>\n\n\n\n<p>Ich arbeite in Tirana im Qendre Ritore, einer Art Schule f\u00fcr sozial benachteiligte Kinder und Jugendliche. Meine Aufgabe ist eigentlich nur da zu sein und helfen, wo n\u00f6tig. Nino, das M\u00e4dchen f\u00fcr alles. Mir wachsen die Kinder und die Salesianer mit jedem Tag n\u00e4her ans Herz und ich bin unendlich dankbar das hier erleben zu d\u00fcrfen. <\/p>\n\n\n\n<p>Ich schreibe alle zwei Wochen und mit jedem Blog kommt zus\u00e4tzlich ein Gedicht von mir raus. <\/p>\n\n\n\n<p>Das w\u00e4r glaub ich alles \u00fcber mich. <\/p>\n\n\n\n<p>Freu mich \u00fcber jedes Kommentar und ich werde nat\u00fcrlich drauf antworten.<\/p>\n\n\n\n<p>Also dann,<\/p>\n\n\n\n<p>Mirupafshim und hoffentlich bis zum n\u00e4chsten Eintrag.<\/p>","protected":false},"excerpt":{"rendered":"<p>Eine schwierige Frage zu Beantworten. Um ehrlich zu sein, hab ich mich f\u00fcr ein Auslandsjahr entschieden, um herauszufinden, wer ich bin. Hier was ich bereits \u00fcber mich wei\u00df: -Ich hei\u00dfe Severin Cajetan Gutmann -Ich bin neunzehn, 1,93m gro\u00df und blond -Ich bin ein Musiker und Poet, haupts\u00e4chlich Gitarre, Klavier und Gedichte. -Ich bin unordentlich, au\u00dfer [&hellip;]<\/p>\n","protected":false},"author":21750,"featured_media":0,"parent":0,"menu_order":0,"comment_status":"closed","ping_status":"closed","template":"","meta":{"footnotes":""},"class_list":["post-92","page","type-page","status-publish","hentry"],"yoast_head":"<!-- This site is optimized with the Yoast SEO plugin v25.3.1 - https:\/\/yoast.com\/wordpress\/plugins\/seo\/ -->\n<title>Wer bin ich und was mach ich hier? - ninosnews<\/title>\n<meta name=\"robots\" content=\"index, follow, max-snippet:-1, max-image-preview:large, max-video-preview:-1\" \/>\n<link rel=\"canonical\" href=\"https:\/\/blogs.donboscovolunteers.de\/ninosnews\/wer-bin-ich-und-was-mach-ich-hier\/\" \/>\n<meta property=\"og:locale\" content=\"de_DE\" \/>\n<meta property=\"og:type\" content=\"article\" \/>\n<meta property=\"og:title\" content=\"Wer bin ich und was mach ich hier? - ninosnews\" \/>\n<meta property=\"og:description\" content=\"Eine schwierige Frage zu Beantworten. Um ehrlich zu sein, hab ich mich f\u00fcr ein Auslandsjahr entschieden, um herauszufinden, wer ich bin. Hier was ich bereits \u00fcber mich wei\u00df: -Ich hei\u00dfe Severin Cajetan Gutmann -Ich bin neunzehn, 1,93m gro\u00df und blond -Ich bin ein Musiker und Poet, haupts\u00e4chlich Gitarre, Klavier und Gedichte. -Ich bin unordentlich, au\u00dfer [&hellip;]\" \/>\n<meta property=\"og:url\" content=\"https:\/\/blogs.donboscovolunteers.de\/ninosnews\/wer-bin-ich-und-was-mach-ich-hier\/\" \/>\n<meta property=\"og:site_name\" content=\"ninosnews\" \/>\n<meta name=\"twitter:card\" content=\"summary_large_image\" \/>\n<meta name=\"twitter:label1\" content=\"Gesch\u00e4tzte Lesezeit\" \/>\n\t<meta name=\"twitter:data1\" content=\"2\u00a0Minuten\" \/>\n<script type=\"application\/ld+json\" class=\"yoast-schema-graph\">{\"@context\":\"https:\/\/schema.org\",\"@graph\":[{\"@type\":\"WebPage\",\"@id\":\"https:\/\/blogs.donboscovolunteers.de\/ninosnews\/wer-bin-ich-und-was-mach-ich-hier\/\",\"url\":\"https:\/\/blogs.donboscovolunteers.de\/ninosnews\/wer-bin-ich-und-was-mach-ich-hier\/\",\"name\":\"Wer bin ich und was mach ich hier? - ninosnews\",\"isPartOf\":{\"@id\":\"https:\/\/blogs.donboscovolunteers.de\/ninosnews\/#website\"},\"datePublished\":\"2022-10-31T15:48:34+00:00\",\"breadcrumb\":{\"@id\":\"https:\/\/blogs.donboscovolunteers.de\/ninosnews\/wer-bin-ich-und-was-mach-ich-hier\/#breadcrumb\"},\"inLanguage\":\"de\",\"potentialAction\":[{\"@type\":\"ReadAction\",\"target\":[\"https:\/\/blogs.donboscovolunteers.de\/ninosnews\/wer-bin-ich-und-was-mach-ich-hier\/\"]}]},{\"@type\":\"BreadcrumbList\",\"@id\":\"https:\/\/blogs.donboscovolunteers.de\/ninosnews\/wer-bin-ich-und-was-mach-ich-hier\/#breadcrumb\",\"itemListElement\":[{\"@type\":\"ListItem\",\"position\":1,\"name\":\"Startseite\",\"item\":\"https:\/\/blogs.donboscovolunteers.de\/ninosnews\/\"},{\"@type\":\"ListItem\",\"position\":2,\"name\":\"Wer bin ich und was mach ich hier?\"}]},{\"@type\":\"WebSite\",\"@id\":\"https:\/\/blogs.donboscovolunteers.de\/ninosnews\/#website\",\"url\":\"https:\/\/blogs.donboscovolunteers.de\/ninosnews\/\",\"name\":\"ninosnews\",\"description\":\"Eine WEITERE Don Bosco Volunteers Blog Website\",\"potentialAction\":[{\"@type\":\"SearchAction\",\"target\":{\"@type\":\"EntryPoint\",\"urlTemplate\":\"https:\/\/blogs.donboscovolunteers.de\/ninosnews\/?s={search_term_string}\"},\"query-input\":{\"@type\":\"PropertyValueSpecification\",\"valueRequired\":true,\"valueName\":\"search_term_string\"}}],\"inLanguage\":\"de\"}]}<\/script>\n<!-- \/ Yoast SEO plugin. -->","yoast_head_json":{"title":"Wer bin ich und was mach ich hier? - ninosnews","robots":{"index":"index","follow":"follow","max-snippet":"max-snippet:-1","max-image-preview":"max-image-preview:large","max-video-preview":"max-video-preview:-1"},"canonical":"https:\/\/blogs.donboscovolunteers.de\/ninosnews\/wer-bin-ich-und-was-mach-ich-hier\/","og_locale":"de_DE","og_type":"article","og_title":"Wer bin ich und was mach ich hier? - ninosnews","og_description":"Eine schwierige Frage zu Beantworten. Um ehrlich zu sein, hab ich mich f\u00fcr ein Auslandsjahr entschieden, um herauszufinden, wer ich bin. Hier was ich bereits \u00fcber mich wei\u00df: -Ich hei\u00dfe Severin Cajetan Gutmann -Ich bin neunzehn, 1,93m gro\u00df und blond -Ich bin ein Musiker und Poet, haupts\u00e4chlich Gitarre, Klavier und Gedichte. -Ich bin unordentlich, au\u00dfer [&hellip;]","og_url":"https:\/\/blogs.donboscovolunteers.de\/ninosnews\/wer-bin-ich-und-was-mach-ich-hier\/","og_site_name":"ninosnews","twitter_card":"summary_large_image","twitter_misc":{"Gesch\u00e4tzte Lesezeit":"2\u00a0Minuten"},"schema":{"@context":"https:\/\/schema.org","@graph":[{"@type":"WebPage","@id":"https:\/\/blogs.donboscovolunteers.de\/ninosnews\/wer-bin-ich-und-was-mach-ich-hier\/","url":"https:\/\/blogs.donboscovolunteers.de\/ninosnews\/wer-bin-ich-und-was-mach-ich-hier\/","name":"Wer bin ich und was mach ich hier? - ninosnews","isPartOf":{"@id":"https:\/\/blogs.donboscovolunteers.de\/ninosnews\/#website"},"datePublished":"2022-10-31T15:48:34+00:00","breadcrumb":{"@id":"https:\/\/blogs.donboscovolunteers.de\/ninosnews\/wer-bin-ich-und-was-mach-ich-hier\/#breadcrumb"},"inLanguage":"de","potentialAction":[{"@type":"ReadAction","target":["https:\/\/blogs.donboscovolunteers.de\/ninosnews\/wer-bin-ich-und-was-mach-ich-hier\/"]}]},{"@type":"BreadcrumbList","@id":"https:\/\/blogs.donboscovolunteers.de\/ninosnews\/wer-bin-ich-und-was-mach-ich-hier\/#breadcrumb","itemListElement":[{"@type":"ListItem","position":1,"name":"Startseite","item":"https:\/\/blogs.donboscovolunteers.de\/ninosnews\/"},{"@type":"ListItem","position":2,"name":"Wer bin ich und was mach ich hier?"}]},{"@type":"WebSite","@id":"https:\/\/blogs.donboscovolunteers.de\/ninosnews\/#website","url":"https:\/\/blogs.donboscovolunteers.de\/ninosnews\/","name":"ninosnews","description":"Eine WEITERE Don Bosco Volunteers Blog Website","potentialAction":[{"@type":"SearchAction","target":{"@type":"EntryPoint","urlTemplate":"https:\/\/blogs.donboscovolunteers.de\/ninosnews\/?s={search_term_string}"},"query-input":{"@type":"PropertyValueSpecification","valueRequired":true,"valueName":"search_term_string"}}],"inLanguage":"de"}]}},"_links":{"self":[{"href":"https:\/\/blogs.donboscovolunteers.de\/ninosnews\/wp-json\/wp\/v2\/pages\/92","targetHints":{"allow":["GET"]}}],"collection":[{"href":"https:\/\/blogs.donboscovolunteers.de\/ninosnews\/wp-json\/wp\/v2\/pages"}],"about":[{"href":"https:\/\/blogs.donboscovolunteers.de\/ninosnews\/wp-json\/wp\/v2\/types\/page"}],"author":[{"embeddable":true,"href":"https:\/\/blogs.donboscovolunteers.de\/ninosnews\/wp-json\/wp\/v2\/users\/21750"}],"replies":[{"embeddable":true,"href":"https:\/\/blogs.donboscovolunteers.de\/ninosnews\/wp-json\/wp\/v2\/comments?post=92"}],"version-history":[{"count":1,"href":"https:\/\/blogs.donboscovolunteers.de\/ninosnews\/wp-json\/wp\/v2\/pages\/92\/revisions"}],"predecessor-version":[{"id":96,"href":"https:\/\/blogs.donboscovolunteers.de\/ninosnews\/wp-json\/wp\/v2\/pages\/92\/revisions\/96"}],"wp:attachment":[{"href":"https:\/\/blogs.donboscovolunteers.de\/ninosnews\/wp-json\/wp\/v2\/media?parent=92"}],"curies":[{"name":"wp","href":"https:\/\/api.w.org\/{rel}","templated":true}]}}