{"id":155,"date":"2022-11-16T10:22:45","date_gmt":"2022-11-16T09:22:45","guid":{"rendered":"https:\/\/blogs.donboscovolunteers.de\/ninosnews\/?page_id=155"},"modified":"2022-11-16T10:23:22","modified_gmt":"2022-11-16T09:23:22","slug":"155-2","status":"publish","type":"page","link":"https:\/\/blogs.donboscovolunteers.de\/ninosnews\/155-2\/","title":{"rendered":"Wintertage"},"content":{"rendered":"<p>Die Tage werden k\u00fcrzer und k\u00e4lter, und ich merke immer mehr, dass ich zu wenig warme Kleidunghabe.Es f\u00fchlt sich auch manchmal so an, als ob das Leben hier etwas tr\u00e4ger wird. Trotzdem passiert hier doch recht viel. Am Sonntag, 6. November, war kein Oratorium nach der Kirche. Stattdessen haben die Animatoren, die Priester, viele Kinder und wir im Parku liqenit (Park am See) gespielt, Maroni gegrillt und gegessen. Antonio und ich hatten riesigen Spa\u00df und wir haben, wie man auf den Bildern sehen kann, ordentlich herumgekaspert.<\/p>\n\n\n\n<figure class=\"wp-block-image\"><img loading=\"lazy\" decoding=\"async\" width=\"768\" height=\"1024\" src=\"https:\/\/blogs.donboscovolunteers.de\/ninosnews\/wp-content\/uploads\/sites\/21660\/2022\/11\/IMG_04591-768x1024.jpg\" alt=\"\" class=\"wp-image-148\" srcset=\"https:\/\/blogs.donboscovolunteers.de\/ninosnews\/wp-content\/uploads\/sites\/21660\/2022\/11\/IMG_04591-768x1024.jpg 768w, https:\/\/blogs.donboscovolunteers.de\/ninosnews\/wp-content\/uploads\/sites\/21660\/2022\/11\/IMG_04591-225x300.jpg 225w, https:\/\/blogs.donboscovolunteers.de\/ninosnews\/wp-content\/uploads\/sites\/21660\/2022\/11\/IMG_04591-900x1200.jpg 900w, https:\/\/blogs.donboscovolunteers.de\/ninosnews\/wp-content\/uploads\/sites\/21660\/2022\/11\/IMG_04591.jpg 960w\" sizes=\"auto, (max-width: 768px) 100vw, 768px\" \/><\/figure>\n\n\n\n<figure class=\"wp-block-image\"><img loading=\"lazy\" decoding=\"async\" width=\"768\" height=\"1024\" src=\"https:\/\/blogs.donboscovolunteers.de\/ninosnews\/wp-content\/uploads\/sites\/21660\/2022\/11\/IMG_04391-768x1024.jpg\" alt=\"\" class=\"wp-image-150\" srcset=\"https:\/\/blogs.donboscovolunteers.de\/ninosnews\/wp-content\/uploads\/sites\/21660\/2022\/11\/IMG_04391-768x1024.jpg 768w, https:\/\/blogs.donboscovolunteers.de\/ninosnews\/wp-content\/uploads\/sites\/21660\/2022\/11\/IMG_04391-225x300.jpg 225w, https:\/\/blogs.donboscovolunteers.de\/ninosnews\/wp-content\/uploads\/sites\/21660\/2022\/11\/IMG_04391-900x1200.jpg 900w, https:\/\/blogs.donboscovolunteers.de\/ninosnews\/wp-content\/uploads\/sites\/21660\/2022\/11\/IMG_04391.jpg 960w\" sizes=\"auto, (max-width: 768px) 100vw, 768px\" \/><\/figure>\n\n\n\n<p>Am 8. November mussten wir um 22 Uhr noch in die Schule, um die B\u00f6den unter den neu installierten SmartBoards zu kehren und danach die SmartBoard-Kartons herauszutragen. Der Idiot der ich bin*, konnte nat\u00fcrlich keine Bl\u00f6delei auslassen, und dabei ist dieses Bild entstanden:<\/p>\n\n\n\n<p><em>*Anmerkung des zweiten Idioten: ja<\/em><\/p>\n\n\n\n<figure class=\"wp-block-image\"><img loading=\"lazy\" decoding=\"async\" width=\"768\" height=\"1024\" src=\"https:\/\/blogs.donboscovolunteers.de\/ninosnews\/wp-content\/uploads\/sites\/21660\/2022\/11\/IMG_04671-768x1024.jpg\" alt=\"\" class=\"wp-image-151\" srcset=\"https:\/\/blogs.donboscovolunteers.de\/ninosnews\/wp-content\/uploads\/sites\/21660\/2022\/11\/IMG_04671-768x1024.jpg 768w, https:\/\/blogs.donboscovolunteers.de\/ninosnews\/wp-content\/uploads\/sites\/21660\/2022\/11\/IMG_04671-225x300.jpg 225w, https:\/\/blogs.donboscovolunteers.de\/ninosnews\/wp-content\/uploads\/sites\/21660\/2022\/11\/IMG_04671-900x1200.jpg 900w, https:\/\/blogs.donboscovolunteers.de\/ninosnews\/wp-content\/uploads\/sites\/21660\/2022\/11\/IMG_04671.jpg 960w\" sizes=\"auto, (max-width: 768px) 100vw, 768px\" \/><\/figure>\n\n\n\n<p>Letzten Freitag waren wir dann mit etwa 30 Kindern vom Qender ditore (Tageszentrum) im Zoo. Der Zoo war recht klein und Antonio und ich haben uns leise \u00fcber die Umst\u00e4nde dort echauffiert. Die Tiger- und L\u00f6wenk\u00e4fige waren viel zu klein. Die Lemuren hatten vergleichsweise viel zu viel Platz, und der Adler hatte nur einen anst\u00e4ndigen Sitzplatz sowie einen kleinen K\u00e4fig. Es gab kaum R\u00fcckzugsm\u00f6glichkeiten f\u00fcr die Tiere, und Hochh\u00e4user ragten rund um den Zoo in den Himmel. Der Ausflug war sch\u00f6n, aber der Zoo \u2026 nicht so sehr.<\/p>\n\n\n\n<figure class=\"wp-block-image\"><img loading=\"lazy\" decoding=\"async\" width=\"768\" height=\"1024\" src=\"https:\/\/blogs.donboscovolunteers.de\/ninosnews\/wp-content\/uploads\/sites\/21660\/2022\/11\/IMG_04721-768x1024.jpg\" alt=\"\" class=\"wp-image-152\" srcset=\"https:\/\/blogs.donboscovolunteers.de\/ninosnews\/wp-content\/uploads\/sites\/21660\/2022\/11\/IMG_04721-768x1024.jpg 768w, https:\/\/blogs.donboscovolunteers.de\/ninosnews\/wp-content\/uploads\/sites\/21660\/2022\/11\/IMG_04721-225x300.jpg 225w, https:\/\/blogs.donboscovolunteers.de\/ninosnews\/wp-content\/uploads\/sites\/21660\/2022\/11\/IMG_04721-900x1200.jpg 900w, https:\/\/blogs.donboscovolunteers.de\/ninosnews\/wp-content\/uploads\/sites\/21660\/2022\/11\/IMG_04721.jpg 960w\" sizes=\"auto, (max-width: 768px) 100vw, 768px\" \/><\/figure>\n\n\n\n<p>Jedenfalls kommt in den n\u00e4chsten Wochen und Monaten noch vieles auf uns zu. Zum Beispiel die Weltmeisterschaft in Qatar, meine Weihnachtsferien, in denen ich noch viel vorhabe, und das Zwischenseminar, das vom 6. bis 11. Februar in \u017dep\u010de, Bosnien und Herzegowina stattfinden wird. Freu mich schon riesig drauf.<\/p>\n\n\n\n<p>Also dann<\/p>\n\n\n\n<p>Mirupafshim und bis in zwei Wochen.<\/p>\n\n\n\n<p>P.S.Heute waren drei Leute von Renovabis hier. Auch Professor. Dr. Schwarz, der Leiter von Renovabis.<\/p>\n\n\n\n<figure class=\"wp-block-image\"><img loading=\"lazy\" decoding=\"async\" width=\"1024\" height=\"768\" src=\"https:\/\/blogs.donboscovolunteers.de\/ninosnews\/wp-content\/uploads\/sites\/21660\/2022\/11\/IMG_04851-1024x768.jpg\" alt=\"\" class=\"wp-image-153\" srcset=\"https:\/\/blogs.donboscovolunteers.de\/ninosnews\/wp-content\/uploads\/sites\/21660\/2022\/11\/IMG_04851-1024x768.jpg 1024w, https:\/\/blogs.donboscovolunteers.de\/ninosnews\/wp-content\/uploads\/sites\/21660\/2022\/11\/IMG_04851-300x225.jpg 300w, https:\/\/blogs.donboscovolunteers.de\/ninosnews\/wp-content\/uploads\/sites\/21660\/2022\/11\/IMG_04851-768x576.jpg 768w, https:\/\/blogs.donboscovolunteers.de\/ninosnews\/wp-content\/uploads\/sites\/21660\/2022\/11\/IMG_04851-900x675.jpg 900w, https:\/\/blogs.donboscovolunteers.de\/ninosnews\/wp-content\/uploads\/sites\/21660\/2022\/11\/IMG_04851.jpg 1280w\" sizes=\"auto, (max-width: 1024px) 100vw, 1024px\" \/><\/figure>\n\n\n\n<p><\/p>","protected":false},"excerpt":{"rendered":"<p>Die Tage werden k\u00fcrzer und k\u00e4lter, und ich merke immer mehr, dass ich zu wenig warme Kleidunghabe.Es f\u00fchlt sich auch manchmal so an, als ob das Leben hier etwas tr\u00e4ger wird. Trotzdem passiert hier doch recht viel. Am Sonntag, 6. November, war kein Oratorium nach der Kirche. Stattdessen haben die Animatoren, die Priester, viele Kinder [&hellip;]<\/p>\n","protected":false},"author":21750,"featured_media":0,"parent":0,"menu_order":0,"comment_status":"closed","ping_status":"closed","template":"","meta":{"footnotes":""},"class_list":["post-155","page","type-page","status-publish","hentry"],"yoast_head":"<!-- This site is optimized with the Yoast SEO plugin v25.3.1 - https:\/\/yoast.com\/wordpress\/plugins\/seo\/ -->\n<title>Wintertage - ninosnews<\/title>\n<meta name=\"robots\" content=\"index, follow, max-snippet:-1, max-image-preview:large, max-video-preview:-1\" \/>\n<link rel=\"canonical\" href=\"https:\/\/blogs.donboscovolunteers.de\/ninosnews\/155-2\/\" \/>\n<meta property=\"og:locale\" content=\"de_DE\" \/>\n<meta property=\"og:type\" content=\"article\" \/>\n<meta property=\"og:title\" content=\"Wintertage - ninosnews\" \/>\n<meta property=\"og:description\" content=\"Die Tage werden k\u00fcrzer und k\u00e4lter, und ich merke immer mehr, dass ich zu wenig warme Kleidunghabe.Es f\u00fchlt sich auch manchmal so an, als ob das Leben hier etwas tr\u00e4ger wird. Trotzdem passiert hier doch recht viel. Am Sonntag, 6. November, war kein Oratorium nach der Kirche. Stattdessen haben die Animatoren, die Priester, viele Kinder [&hellip;]\" \/>\n<meta property=\"og:url\" content=\"https:\/\/blogs.donboscovolunteers.de\/ninosnews\/155-2\/\" \/>\n<meta property=\"og:site_name\" content=\"ninosnews\" \/>\n<meta property=\"article:modified_time\" content=\"2022-11-16T09:23:22+00:00\" \/>\n<meta property=\"og:image\" content=\"https:\/\/blogs.donboscovolunteers.de\/ninosnews\/wp-content\/uploads\/sites\/21660\/2022\/11\/IMG_04591-768x1024.jpg\" \/>\n<meta name=\"twitter:card\" content=\"summary_large_image\" \/>\n<script type=\"application\/ld+json\" class=\"yoast-schema-graph\">{\"@context\":\"https:\/\/schema.org\",\"@graph\":[{\"@type\":\"WebPage\",\"@id\":\"https:\/\/blogs.donboscovolunteers.de\/ninosnews\/155-2\/\",\"url\":\"https:\/\/blogs.donboscovolunteers.de\/ninosnews\/155-2\/\",\"name\":\"Wintertage - ninosnews\",\"isPartOf\":{\"@id\":\"https:\/\/blogs.donboscovolunteers.de\/ninosnews\/#website\"},\"primaryImageOfPage\":{\"@id\":\"https:\/\/blogs.donboscovolunteers.de\/ninosnews\/155-2\/#primaryimage\"},\"image\":{\"@id\":\"https:\/\/blogs.donboscovolunteers.de\/ninosnews\/155-2\/#primaryimage\"},\"thumbnailUrl\":\"https:\/\/blogs.donboscovolunteers.de\/ninosnews\/wp-content\/uploads\/sites\/21660\/2022\/11\/IMG_04591-768x1024.jpg\",\"datePublished\":\"2022-11-16T09:22:45+00:00\",\"dateModified\":\"2022-11-16T09:23:22+00:00\",\"breadcrumb\":{\"@id\":\"https:\/\/blogs.donboscovolunteers.de\/ninosnews\/155-2\/#breadcrumb\"},\"inLanguage\":\"de\",\"potentialAction\":[{\"@type\":\"ReadAction\",\"target\":[\"https:\/\/blogs.donboscovolunteers.de\/ninosnews\/155-2\/\"]}]},{\"@type\":\"ImageObject\",\"inLanguage\":\"de\",\"@id\":\"https:\/\/blogs.donboscovolunteers.de\/ninosnews\/155-2\/#primaryimage\",\"url\":\"https:\/\/blogs.donboscovolunteers.de\/ninosnews\/wp-content\/uploads\/sites\/21660\/2022\/11\/IMG_04591.jpg\",\"contentUrl\":\"https:\/\/blogs.donboscovolunteers.de\/ninosnews\/wp-content\/uploads\/sites\/21660\/2022\/11\/IMG_04591.jpg\",\"width\":960,\"height\":1280},{\"@type\":\"BreadcrumbList\",\"@id\":\"https:\/\/blogs.donboscovolunteers.de\/ninosnews\/155-2\/#breadcrumb\",\"itemListElement\":[{\"@type\":\"ListItem\",\"position\":1,\"name\":\"Startseite\",\"item\":\"https:\/\/blogs.donboscovolunteers.de\/ninosnews\/\"},{\"@type\":\"ListItem\",\"position\":2,\"name\":\"Wintertage\"}]},{\"@type\":\"WebSite\",\"@id\":\"https:\/\/blogs.donboscovolunteers.de\/ninosnews\/#website\",\"url\":\"https:\/\/blogs.donboscovolunteers.de\/ninosnews\/\",\"name\":\"ninosnews\",\"description\":\"Eine WEITERE Don Bosco Volunteers Blog Website\",\"potentialAction\":[{\"@type\":\"SearchAction\",\"target\":{\"@type\":\"EntryPoint\",\"urlTemplate\":\"https:\/\/blogs.donboscovolunteers.de\/ninosnews\/?s={search_term_string}\"},\"query-input\":{\"@type\":\"PropertyValueSpecification\",\"valueRequired\":true,\"valueName\":\"search_term_string\"}}],\"inLanguage\":\"de\"}]}<\/script>\n<!-- \/ Yoast SEO plugin. -->","yoast_head_json":{"title":"Wintertage - ninosnews","robots":{"index":"index","follow":"follow","max-snippet":"max-snippet:-1","max-image-preview":"max-image-preview:large","max-video-preview":"max-video-preview:-1"},"canonical":"https:\/\/blogs.donboscovolunteers.de\/ninosnews\/155-2\/","og_locale":"de_DE","og_type":"article","og_title":"Wintertage - ninosnews","og_description":"Die Tage werden k\u00fcrzer und k\u00e4lter, und ich merke immer mehr, dass ich zu wenig warme Kleidunghabe.Es f\u00fchlt sich auch manchmal so an, als ob das Leben hier etwas tr\u00e4ger wird. Trotzdem passiert hier doch recht viel. Am Sonntag, 6. November, war kein Oratorium nach der Kirche. Stattdessen haben die Animatoren, die Priester, viele Kinder [&hellip;]","og_url":"https:\/\/blogs.donboscovolunteers.de\/ninosnews\/155-2\/","og_site_name":"ninosnews","article_modified_time":"2022-11-16T09:23:22+00:00","og_image":[{"url":"https:\/\/blogs.donboscovolunteers.de\/ninosnews\/wp-content\/uploads\/sites\/21660\/2022\/11\/IMG_04591-768x1024.jpg","type":"","width":"","height":""}],"twitter_card":"summary_large_image","schema":{"@context":"https:\/\/schema.org","@graph":[{"@type":"WebPage","@id":"https:\/\/blogs.donboscovolunteers.de\/ninosnews\/155-2\/","url":"https:\/\/blogs.donboscovolunteers.de\/ninosnews\/155-2\/","name":"Wintertage - ninosnews","isPartOf":{"@id":"https:\/\/blogs.donboscovolunteers.de\/ninosnews\/#website"},"primaryImageOfPage":{"@id":"https:\/\/blogs.donboscovolunteers.de\/ninosnews\/155-2\/#primaryimage"},"image":{"@id":"https:\/\/blogs.donboscovolunteers.de\/ninosnews\/155-2\/#primaryimage"},"thumbnailUrl":"https:\/\/blogs.donboscovolunteers.de\/ninosnews\/wp-content\/uploads\/sites\/21660\/2022\/11\/IMG_04591-768x1024.jpg","datePublished":"2022-11-16T09:22:45+00:00","dateModified":"2022-11-16T09:23:22+00:00","breadcrumb":{"@id":"https:\/\/blogs.donboscovolunteers.de\/ninosnews\/155-2\/#breadcrumb"},"inLanguage":"de","potentialAction":[{"@type":"ReadAction","target":["https:\/\/blogs.donboscovolunteers.de\/ninosnews\/155-2\/"]}]},{"@type":"ImageObject","inLanguage":"de","@id":"https:\/\/blogs.donboscovolunteers.de\/ninosnews\/155-2\/#primaryimage","url":"https:\/\/blogs.donboscovolunteers.de\/ninosnews\/wp-content\/uploads\/sites\/21660\/2022\/11\/IMG_04591.jpg","contentUrl":"https:\/\/blogs.donboscovolunteers.de\/ninosnews\/wp-content\/uploads\/sites\/21660\/2022\/11\/IMG_04591.jpg","width":960,"height":1280},{"@type":"BreadcrumbList","@id":"https:\/\/blogs.donboscovolunteers.de\/ninosnews\/155-2\/#breadcrumb","itemListElement":[{"@type":"ListItem","position":1,"name":"Startseite","item":"https:\/\/blogs.donboscovolunteers.de\/ninosnews\/"},{"@type":"ListItem","position":2,"name":"Wintertage"}]},{"@type":"WebSite","@id":"https:\/\/blogs.donboscovolunteers.de\/ninosnews\/#website","url":"https:\/\/blogs.donboscovolunteers.de\/ninosnews\/","name":"ninosnews","description":"Eine WEITERE Don Bosco Volunteers Blog Website","potentialAction":[{"@type":"SearchAction","target":{"@type":"EntryPoint","urlTemplate":"https:\/\/blogs.donboscovolunteers.de\/ninosnews\/?s={search_term_string}"},"query-input":{"@type":"PropertyValueSpecification","valueRequired":true,"valueName":"search_term_string"}}],"inLanguage":"de"}]}},"_links":{"self":[{"href":"https:\/\/blogs.donboscovolunteers.de\/ninosnews\/wp-json\/wp\/v2\/pages\/155","targetHints":{"allow":["GET"]}}],"collection":[{"href":"https:\/\/blogs.donboscovolunteers.de\/ninosnews\/wp-json\/wp\/v2\/pages"}],"about":[{"href":"https:\/\/blogs.donboscovolunteers.de\/ninosnews\/wp-json\/wp\/v2\/types\/page"}],"author":[{"embeddable":true,"href":"https:\/\/blogs.donboscovolunteers.de\/ninosnews\/wp-json\/wp\/v2\/users\/21750"}],"replies":[{"embeddable":true,"href":"https:\/\/blogs.donboscovolunteers.de\/ninosnews\/wp-json\/wp\/v2\/comments?post=155"}],"version-history":[{"count":2,"href":"https:\/\/blogs.donboscovolunteers.de\/ninosnews\/wp-json\/wp\/v2\/pages\/155\/revisions"}],"predecessor-version":[{"id":158,"href":"https:\/\/blogs.donboscovolunteers.de\/ninosnews\/wp-json\/wp\/v2\/pages\/155\/revisions\/158"}],"wp:attachment":[{"href":"https:\/\/blogs.donboscovolunteers.de\/ninosnews\/wp-json\/wp\/v2\/media?parent=155"}],"curies":[{"name":"wp","href":"https:\/\/api.w.org\/{rel}","templated":true}]}}