{"id":138,"date":"2022-11-03T22:30:55","date_gmt":"2022-11-03T21:30:55","guid":{"rendered":"https:\/\/blogs.donboscovolunteers.de\/ninosnews\/?page_id=138"},"modified":"2022-11-03T22:30:56","modified_gmt":"2022-11-03T21:30:56","slug":"kairos","status":"publish","type":"page","link":"https:\/\/blogs.donboscovolunteers.de\/ninosnews\/kairos\/","title":{"rendered":"Kairos"},"content":{"rendered":"<p>Kairos ist ein Gott aus der griechischen Mythologie. Er wird in Bildern mit einem langen Zopf vorne und einem kahl geschorenen Hinterkopf dargestellt. Er ist ein Sinnbild f\u00fcr die Zeit, die davonl\u00e4uft und die man im richtigen Zeitpunkt erwischen muss. In den letzten zwei Wochen habe ich das Ph\u00e4nomen von rennender Zeit erlebt. Ein Ereignis f\u00fcgt sich an das andere, sodass wenig Zeit bleibt, um dar\u00fcber nachzudenken und bestimmte Dinge beim Schopf zu packen.<\/p>\n\n\n\n<figure class=\"wp-block-image\"><img loading=\"lazy\" decoding=\"async\" width=\"1024\" height=\"770\" src=\"https:\/\/blogs.donboscovolunteers.de\/ninosnews\/wp-content\/uploads\/sites\/21660\/2022\/11\/IMG_03641-1024x770.jpg\" alt=\"\" class=\"wp-image-101\" srcset=\"https:\/\/blogs.donboscovolunteers.de\/ninosnews\/wp-content\/uploads\/sites\/21660\/2022\/11\/IMG_03641-1024x770.jpg 1024w, https:\/\/blogs.donboscovolunteers.de\/ninosnews\/wp-content\/uploads\/sites\/21660\/2022\/11\/IMG_03641-300x225.jpg 300w, https:\/\/blogs.donboscovolunteers.de\/ninosnews\/wp-content\/uploads\/sites\/21660\/2022\/11\/IMG_03641-768x577.jpg 768w, https:\/\/blogs.donboscovolunteers.de\/ninosnews\/wp-content\/uploads\/sites\/21660\/2022\/11\/IMG_03641-900x676.jpg 900w, https:\/\/blogs.donboscovolunteers.de\/ninosnews\/wp-content\/uploads\/sites\/21660\/2022\/11\/IMG_03641.jpg 1280w\" sizes=\"auto, (max-width: 1024px) 100vw, 1024px\" \/><figcaption class=\"wp-element-caption\">Antonio und ich auf der Reise zum Barbecue<\/figcaption><\/figure>\n\n\n\n<p>Am Freitag, 21. Oktober kam eine gro\u00dfe Gruppe von Salesianern aus Italien. Diese waren auf einer Tour durch Albanien und Kosovo. Wir hatten Gelegenheit zu gro\u00dfartigen Unterhaltungen beim Essen, auch wenn sie in gebrochenem Englisch gef\u00fchrt wurden. Am Sonntag gingen die Animatoren und nat\u00fcrlich auch Antonio und ich statt zur Kirche zu einem Barbecue in den Bergen, inklusive wundersch\u00f6nem Wasserfall und kleiner Wanderung, danach Essen und Ruhe. Ein sch\u00f6ner, aber auch anstrengender Tag.<\/p>\n\n\n\n<figure class=\"wp-block-image\"><img loading=\"lazy\" decoding=\"async\" width=\"768\" height=\"1024\" src=\"https:\/\/blogs.donboscovolunteers.de\/ninosnews\/wp-content\/uploads\/sites\/21660\/2022\/11\/IMG_03751-768x1024.jpg\" alt=\"\" class=\"wp-image-102\" srcset=\"https:\/\/blogs.donboscovolunteers.de\/ninosnews\/wp-content\/uploads\/sites\/21660\/2022\/11\/IMG_03751-768x1024.jpg 768w, https:\/\/blogs.donboscovolunteers.de\/ninosnews\/wp-content\/uploads\/sites\/21660\/2022\/11\/IMG_03751-225x300.jpg 225w, https:\/\/blogs.donboscovolunteers.de\/ninosnews\/wp-content\/uploads\/sites\/21660\/2022\/11\/IMG_03751-900x1200.jpg 900w, https:\/\/blogs.donboscovolunteers.de\/ninosnews\/wp-content\/uploads\/sites\/21660\/2022\/11\/IMG_03751.jpg 960w\" sizes=\"auto, (max-width: 768px) 100vw, 768px\" \/><\/figure>\n\n\n\n<p>Am darauffolgenden Montag waren Antonio und ich dann endlich auf dem Bazar. Das stand schon l\u00e4nger auf unserer Wunschliste. Ich hab mir einen silbernen Ring mit einem Olivenbaum, eine Taschens\u00e4ge und ein Taschenmesser gekauft, Antonio hat sich ebenfalls mit einem Taschenmesser ausger\u00fcstet und ein \u201eantikes\u201c Feuerzeug erworben.<\/p>\n\n\n\n<figure class=\"wp-block-image\"><img loading=\"lazy\" decoding=\"async\" width=\"768\" height=\"1024\" src=\"https:\/\/blogs.donboscovolunteers.de\/ninosnews\/wp-content\/uploads\/sites\/21660\/2022\/11\/IMG_03991-768x1024.jpg\" alt=\"\" class=\"wp-image-103\" srcset=\"https:\/\/blogs.donboscovolunteers.de\/ninosnews\/wp-content\/uploads\/sites\/21660\/2022\/11\/IMG_03991-768x1024.jpg 768w, https:\/\/blogs.donboscovolunteers.de\/ninosnews\/wp-content\/uploads\/sites\/21660\/2022\/11\/IMG_03991-225x300.jpg 225w, https:\/\/blogs.donboscovolunteers.de\/ninosnews\/wp-content\/uploads\/sites\/21660\/2022\/11\/IMG_03991-900x1200.jpg 900w, https:\/\/blogs.donboscovolunteers.de\/ninosnews\/wp-content\/uploads\/sites\/21660\/2022\/11\/IMG_03991.jpg 960w\" sizes=\"auto, (max-width: 768px) 100vw, 768px\" \/><figcaption class=\"wp-element-caption\">Oliven pfl\u00fccken<\/figcaption><\/figure>\n\n\n\n<p>Dienstag bis Donnerstag war ab 8 Uhr morgens Oliven pfl\u00fccken angesagt \u2013 den ganzen Tag, solange wir durchhielten. Das gesamte Areal beherbergt etwa 16 Olivenb\u00e4ume, manche gro\u00df, manche klein, aber alle gut beladen mit Oliven. Die Ernte war eine sehr langwierige, in gewisser Weise durchaus meditative T\u00e4tigkeit, bei der das Gehirn nach etwa einer Stunde abschaltet. Die Oliven werden \u00fcbrigens zu \u00d6l verarbeitet.<\/p>\n\n\n\n<figure class=\"wp-block-image\"><img loading=\"lazy\" decoding=\"async\" width=\"768\" height=\"1024\" src=\"https:\/\/blogs.donboscovolunteers.de\/ninosnews\/wp-content\/uploads\/sites\/21660\/2022\/11\/IMG_03681-768x1024.jpg\" alt=\"\" class=\"wp-image-104\" srcset=\"https:\/\/blogs.donboscovolunteers.de\/ninosnews\/wp-content\/uploads\/sites\/21660\/2022\/11\/IMG_03681-768x1024.jpg 768w, https:\/\/blogs.donboscovolunteers.de\/ninosnews\/wp-content\/uploads\/sites\/21660\/2022\/11\/IMG_03681-225x300.jpg 225w, https:\/\/blogs.donboscovolunteers.de\/ninosnews\/wp-content\/uploads\/sites\/21660\/2022\/11\/IMG_03681-900x1200.jpg 900w, https:\/\/blogs.donboscovolunteers.de\/ninosnews\/wp-content\/uploads\/sites\/21660\/2022\/11\/IMG_03681.jpg 960w\" sizes=\"auto, (max-width: 768px) 100vw, 768px\" \/><\/figure>\n\n\n\n<figure class=\"wp-block-image\"><img loading=\"lazy\" decoding=\"async\" width=\"1024\" height=\"770\" src=\"https:\/\/blogs.donboscovolunteers.de\/ninosnews\/wp-content\/uploads\/sites\/21660\/2022\/11\/IMG_03561-1024x770.jpg\" alt=\"\" class=\"wp-image-105\" srcset=\"https:\/\/blogs.donboscovolunteers.de\/ninosnews\/wp-content\/uploads\/sites\/21660\/2022\/11\/IMG_03561-1024x770.jpg 1024w, https:\/\/blogs.donboscovolunteers.de\/ninosnews\/wp-content\/uploads\/sites\/21660\/2022\/11\/IMG_03561-300x225.jpg 300w, https:\/\/blogs.donboscovolunteers.de\/ninosnews\/wp-content\/uploads\/sites\/21660\/2022\/11\/IMG_03561-768x577.jpg 768w, https:\/\/blogs.donboscovolunteers.de\/ninosnews\/wp-content\/uploads\/sites\/21660\/2022\/11\/IMG_03561-900x676.jpg 900w, https:\/\/blogs.donboscovolunteers.de\/ninosnews\/wp-content\/uploads\/sites\/21660\/2022\/11\/IMG_03561.jpg 1280w\" sizes=\"auto, (max-width: 1024px) 100vw, 1024px\" \/><\/figure>\n\n\n\n<p>Freitag bis Samstag war dann ein weiterer italienischer Pater im Haus. Mit ihm zusammen hat die ganze Bon-Bosko-Gang dem \u201eBlauen Flamingo\u201c, einem genialen Cr\u00eape-Laden, ihren Besuch abgestattet. Immer noch eine sch\u00f6ne Nacht, denn ich erinnere mich gerne daran . Beim Sonntagsgottesdienst spielte ich diesmal nicht das Keyboard, sondern die Gitarre. Am Ende des Gottesdienst wurden mit Gebeten beschriebene Zettel von den Kindern mit Luftballons in den Himmel geschickt.<\/p>\n\n\n\n<figure class=\"wp-block-image\"><img loading=\"lazy\" decoding=\"async\" width=\"1024\" height=\"770\" src=\"https:\/\/blogs.donboscovolunteers.de\/ninosnews\/wp-content\/uploads\/sites\/21660\/2022\/11\/IMG_03551-1024x770.jpg\" alt=\"\" class=\"wp-image-106\" srcset=\"https:\/\/blogs.donboscovolunteers.de\/ninosnews\/wp-content\/uploads\/sites\/21660\/2022\/11\/IMG_03551-1024x770.jpg 1024w, https:\/\/blogs.donboscovolunteers.de\/ninosnews\/wp-content\/uploads\/sites\/21660\/2022\/11\/IMG_03551-300x225.jpg 300w, https:\/\/blogs.donboscovolunteers.de\/ninosnews\/wp-content\/uploads\/sites\/21660\/2022\/11\/IMG_03551-768x577.jpg 768w, https:\/\/blogs.donboscovolunteers.de\/ninosnews\/wp-content\/uploads\/sites\/21660\/2022\/11\/IMG_03551-900x676.jpg 900w, https:\/\/blogs.donboscovolunteers.de\/ninosnews\/wp-content\/uploads\/sites\/21660\/2022\/11\/IMG_03551.jpg 1280w\" sizes=\"auto, (max-width: 1024px) 100vw, 1024px\" \/><figcaption class=\"wp-element-caption\">Don Don und ich, bei einer Nachttour<\/figcaption><\/figure>\n\n\n\n<p>Diese Momente kommen mir so vor, als w\u00e4ren sie bereits ewig her. Was vielleicht daran liegt, dass ich so besch\u00e4ftigt bin. Ich hoffe inst\u00e4ndig, dass das auch so bleibt.<\/p>\n\n\n\n<p>Also dann,<\/p>\n\n\n\n<p>Mirupafshim und bis in zwei Wochen.<\/p>","protected":false},"excerpt":{"rendered":"<p>Kairos ist ein Gott aus der griechischen Mythologie. Er wird in Bildern mit einem langen Zopf vorne und einem kahl geschorenen Hinterkopf dargestellt. Er ist ein Sinnbild f\u00fcr die Zeit, die davonl\u00e4uft und die man im richtigen Zeitpunkt erwischen muss. In den letzten zwei Wochen habe ich das Ph\u00e4nomen von rennender Zeit erlebt. Ein Ereignis [&hellip;]<\/p>\n","protected":false},"author":21750,"featured_media":0,"parent":0,"menu_order":0,"comment_status":"closed","ping_status":"closed","template":"","meta":{"footnotes":""},"class_list":["post-138","page","type-page","status-publish","hentry"],"yoast_head":"<!-- This site is optimized with the Yoast SEO plugin v25.3.1 - https:\/\/yoast.com\/wordpress\/plugins\/seo\/ -->\n<title>Kairos - ninosnews<\/title>\n<meta name=\"robots\" content=\"index, follow, max-snippet:-1, max-image-preview:large, max-video-preview:-1\" \/>\n<link rel=\"canonical\" href=\"https:\/\/blogs.donboscovolunteers.de\/ninosnews\/kairos\/\" \/>\n<meta property=\"og:locale\" content=\"de_DE\" \/>\n<meta property=\"og:type\" content=\"article\" \/>\n<meta property=\"og:title\" content=\"Kairos - ninosnews\" \/>\n<meta property=\"og:description\" content=\"Kairos ist ein Gott aus der griechischen Mythologie. Er wird in Bildern mit einem langen Zopf vorne und einem kahl geschorenen Hinterkopf dargestellt. Er ist ein Sinnbild f\u00fcr die Zeit, die davonl\u00e4uft und die man im richtigen Zeitpunkt erwischen muss. In den letzten zwei Wochen habe ich das Ph\u00e4nomen von rennender Zeit erlebt. Ein Ereignis [&hellip;]\" \/>\n<meta property=\"og:url\" content=\"https:\/\/blogs.donboscovolunteers.de\/ninosnews\/kairos\/\" \/>\n<meta property=\"og:site_name\" content=\"ninosnews\" \/>\n<meta property=\"article:modified_time\" content=\"2022-11-03T21:30:56+00:00\" \/>\n<meta property=\"og:image\" content=\"https:\/\/blogs.donboscovolunteers.de\/ninosnews\/wp-content\/uploads\/sites\/21660\/2022\/11\/IMG_03641-1024x770.jpg\" \/>\n<meta name=\"twitter:card\" content=\"summary_large_image\" \/>\n<meta name=\"twitter:label1\" content=\"Gesch\u00e4tzte Lesezeit\" \/>\n\t<meta name=\"twitter:data1\" content=\"4\u00a0Minuten\" \/>\n<script type=\"application\/ld+json\" class=\"yoast-schema-graph\">{\"@context\":\"https:\/\/schema.org\",\"@graph\":[{\"@type\":\"WebPage\",\"@id\":\"https:\/\/blogs.donboscovolunteers.de\/ninosnews\/kairos\/\",\"url\":\"https:\/\/blogs.donboscovolunteers.de\/ninosnews\/kairos\/\",\"name\":\"Kairos - ninosnews\",\"isPartOf\":{\"@id\":\"https:\/\/blogs.donboscovolunteers.de\/ninosnews\/#website\"},\"primaryImageOfPage\":{\"@id\":\"https:\/\/blogs.donboscovolunteers.de\/ninosnews\/kairos\/#primaryimage\"},\"image\":{\"@id\":\"https:\/\/blogs.donboscovolunteers.de\/ninosnews\/kairos\/#primaryimage\"},\"thumbnailUrl\":\"https:\/\/blogs.donboscovolunteers.de\/ninosnews\/wp-content\/uploads\/sites\/21660\/2022\/11\/IMG_03641-1024x770.jpg\",\"datePublished\":\"2022-11-03T21:30:55+00:00\",\"dateModified\":\"2022-11-03T21:30:56+00:00\",\"breadcrumb\":{\"@id\":\"https:\/\/blogs.donboscovolunteers.de\/ninosnews\/kairos\/#breadcrumb\"},\"inLanguage\":\"de\",\"potentialAction\":[{\"@type\":\"ReadAction\",\"target\":[\"https:\/\/blogs.donboscovolunteers.de\/ninosnews\/kairos\/\"]}]},{\"@type\":\"ImageObject\",\"inLanguage\":\"de\",\"@id\":\"https:\/\/blogs.donboscovolunteers.de\/ninosnews\/kairos\/#primaryimage\",\"url\":\"https:\/\/blogs.donboscovolunteers.de\/ninosnews\/wp-content\/uploads\/sites\/21660\/2022\/11\/IMG_03641.jpg\",\"contentUrl\":\"https:\/\/blogs.donboscovolunteers.de\/ninosnews\/wp-content\/uploads\/sites\/21660\/2022\/11\/IMG_03641.jpg\",\"width\":1280,\"height\":962},{\"@type\":\"BreadcrumbList\",\"@id\":\"https:\/\/blogs.donboscovolunteers.de\/ninosnews\/kairos\/#breadcrumb\",\"itemListElement\":[{\"@type\":\"ListItem\",\"position\":1,\"name\":\"Startseite\",\"item\":\"https:\/\/blogs.donboscovolunteers.de\/ninosnews\/\"},{\"@type\":\"ListItem\",\"position\":2,\"name\":\"Kairos\"}]},{\"@type\":\"WebSite\",\"@id\":\"https:\/\/blogs.donboscovolunteers.de\/ninosnews\/#website\",\"url\":\"https:\/\/blogs.donboscovolunteers.de\/ninosnews\/\",\"name\":\"ninosnews\",\"description\":\"Eine WEITERE Don Bosco Volunteers Blog Website\",\"potentialAction\":[{\"@type\":\"SearchAction\",\"target\":{\"@type\":\"EntryPoint\",\"urlTemplate\":\"https:\/\/blogs.donboscovolunteers.de\/ninosnews\/?s={search_term_string}\"},\"query-input\":{\"@type\":\"PropertyValueSpecification\",\"valueRequired\":true,\"valueName\":\"search_term_string\"}}],\"inLanguage\":\"de\"}]}<\/script>\n<!-- \/ Yoast SEO plugin. -->","yoast_head_json":{"title":"Kairos - ninosnews","robots":{"index":"index","follow":"follow","max-snippet":"max-snippet:-1","max-image-preview":"max-image-preview:large","max-video-preview":"max-video-preview:-1"},"canonical":"https:\/\/blogs.donboscovolunteers.de\/ninosnews\/kairos\/","og_locale":"de_DE","og_type":"article","og_title":"Kairos - ninosnews","og_description":"Kairos ist ein Gott aus der griechischen Mythologie. Er wird in Bildern mit einem langen Zopf vorne und einem kahl geschorenen Hinterkopf dargestellt. Er ist ein Sinnbild f\u00fcr die Zeit, die davonl\u00e4uft und die man im richtigen Zeitpunkt erwischen muss. In den letzten zwei Wochen habe ich das Ph\u00e4nomen von rennender Zeit erlebt. Ein Ereignis [&hellip;]","og_url":"https:\/\/blogs.donboscovolunteers.de\/ninosnews\/kairos\/","og_site_name":"ninosnews","article_modified_time":"2022-11-03T21:30:56+00:00","og_image":[{"url":"https:\/\/blogs.donboscovolunteers.de\/ninosnews\/wp-content\/uploads\/sites\/21660\/2022\/11\/IMG_03641-1024x770.jpg","type":"","width":"","height":""}],"twitter_card":"summary_large_image","twitter_misc":{"Gesch\u00e4tzte Lesezeit":"4\u00a0Minuten"},"schema":{"@context":"https:\/\/schema.org","@graph":[{"@type":"WebPage","@id":"https:\/\/blogs.donboscovolunteers.de\/ninosnews\/kairos\/","url":"https:\/\/blogs.donboscovolunteers.de\/ninosnews\/kairos\/","name":"Kairos - ninosnews","isPartOf":{"@id":"https:\/\/blogs.donboscovolunteers.de\/ninosnews\/#website"},"primaryImageOfPage":{"@id":"https:\/\/blogs.donboscovolunteers.de\/ninosnews\/kairos\/#primaryimage"},"image":{"@id":"https:\/\/blogs.donboscovolunteers.de\/ninosnews\/kairos\/#primaryimage"},"thumbnailUrl":"https:\/\/blogs.donboscovolunteers.de\/ninosnews\/wp-content\/uploads\/sites\/21660\/2022\/11\/IMG_03641-1024x770.jpg","datePublished":"2022-11-03T21:30:55+00:00","dateModified":"2022-11-03T21:30:56+00:00","breadcrumb":{"@id":"https:\/\/blogs.donboscovolunteers.de\/ninosnews\/kairos\/#breadcrumb"},"inLanguage":"de","potentialAction":[{"@type":"ReadAction","target":["https:\/\/blogs.donboscovolunteers.de\/ninosnews\/kairos\/"]}]},{"@type":"ImageObject","inLanguage":"de","@id":"https:\/\/blogs.donboscovolunteers.de\/ninosnews\/kairos\/#primaryimage","url":"https:\/\/blogs.donboscovolunteers.de\/ninosnews\/wp-content\/uploads\/sites\/21660\/2022\/11\/IMG_03641.jpg","contentUrl":"https:\/\/blogs.donboscovolunteers.de\/ninosnews\/wp-content\/uploads\/sites\/21660\/2022\/11\/IMG_03641.jpg","width":1280,"height":962},{"@type":"BreadcrumbList","@id":"https:\/\/blogs.donboscovolunteers.de\/ninosnews\/kairos\/#breadcrumb","itemListElement":[{"@type":"ListItem","position":1,"name":"Startseite","item":"https:\/\/blogs.donboscovolunteers.de\/ninosnews\/"},{"@type":"ListItem","position":2,"name":"Kairos"}]},{"@type":"WebSite","@id":"https:\/\/blogs.donboscovolunteers.de\/ninosnews\/#website","url":"https:\/\/blogs.donboscovolunteers.de\/ninosnews\/","name":"ninosnews","description":"Eine WEITERE Don Bosco Volunteers Blog Website","potentialAction":[{"@type":"SearchAction","target":{"@type":"EntryPoint","urlTemplate":"https:\/\/blogs.donboscovolunteers.de\/ninosnews\/?s={search_term_string}"},"query-input":{"@type":"PropertyValueSpecification","valueRequired":true,"valueName":"search_term_string"}}],"inLanguage":"de"}]}},"_links":{"self":[{"href":"https:\/\/blogs.donboscovolunteers.de\/ninosnews\/wp-json\/wp\/v2\/pages\/138","targetHints":{"allow":["GET"]}}],"collection":[{"href":"https:\/\/blogs.donboscovolunteers.de\/ninosnews\/wp-json\/wp\/v2\/pages"}],"about":[{"href":"https:\/\/blogs.donboscovolunteers.de\/ninosnews\/wp-json\/wp\/v2\/types\/page"}],"author":[{"embeddable":true,"href":"https:\/\/blogs.donboscovolunteers.de\/ninosnews\/wp-json\/wp\/v2\/users\/21750"}],"replies":[{"embeddable":true,"href":"https:\/\/blogs.donboscovolunteers.de\/ninosnews\/wp-json\/wp\/v2\/comments?post=138"}],"version-history":[{"count":1,"href":"https:\/\/blogs.donboscovolunteers.de\/ninosnews\/wp-json\/wp\/v2\/pages\/138\/revisions"}],"predecessor-version":[{"id":140,"href":"https:\/\/blogs.donboscovolunteers.de\/ninosnews\/wp-json\/wp\/v2\/pages\/138\/revisions\/140"}],"wp:attachment":[{"href":"https:\/\/blogs.donboscovolunteers.de\/ninosnews\/wp-json\/wp\/v2\/media?parent=138"}],"curies":[{"name":"wp","href":"https:\/\/api.w.org\/{rel}","templated":true}]}}