{"id":135,"date":"2022-11-03T22:30:01","date_gmt":"2022-11-03T21:30:01","guid":{"rendered":"https:\/\/blogs.donboscovolunteers.de\/ninosnews\/?page_id=135"},"modified":"2022-11-03T22:30:03","modified_gmt":"2022-11-03T21:30:03","slug":"unterhaltungen","status":"publish","type":"page","link":"https:\/\/blogs.donboscovolunteers.de\/ninosnews\/unterhaltungen\/","title":{"rendered":"Unterhaltungen"},"content":{"rendered":"<p>Mit jedem Tag, der vergeht, merke ich immer mehr, dass meine Gespr\u00e4che mit der Dauer meines Aufenthalts zusammenh\u00e4ngen. Als ich hier ankam, kannte ich kaum albanische Worte und keine Grammatik. Dies hat sich jetzt nat\u00fcrlich langsam ver\u00e4ndert. Aber es ist jetzt nicht so, als k\u00f6nnte ich ein Gespr\u00e4ch f\u00fcr mehr als zwei Minuten durchhalten. Das ist nat\u00fcrlich hinderlich, wenn du Menschen kennenlernen willst, aber ich finde auch, dass diese Erfahrung wertvoll ist. Etwas zu erkl\u00e4ren versuchen, wenn du die Sprache des anderen kaum sprichst, ist zwar \u00e4u\u00dferst frustrierend, es erfordert aber auch eine unglaubliche Geduld. Mit Kindern ist es zwar einfacher, aber in bestimmten Situationen brauche ich einen Dolmetscher. Meine Unterhaltung mit Albanien hat gerade erst begonnen und genau in dieser Anfangsphase bleiben auch die meisten meiner albanischen Gespr\u00e4che h\u00e4ngen. Englisch macht zwar die Unterhaltung einfacher, aber manchmal fallen mir oder meinem Gespr\u00e4chspartner bestimmte W\u00f6rter nicht ein. Ich hoffe inst\u00e4ndig, dass meine Albanisch Kenntnisse am Ende des Auslandsjahres f\u00fcr ein durchg\u00e4ngiges Gespr\u00e4ch ausreichen. Aussprache und Betonungen hab ich schon raus, jetzt fehlen nur noch W\u00f6rter und Grammatik.&nbsp;<\/p>\n\n\n\n<figure class=\"wp-block-image\"><img loading=\"lazy\" decoding=\"async\" width=\"1024\" height=\"770\" src=\"https:\/\/blogs.donboscovolunteers.de\/ninosnews\/wp-content\/uploads\/sites\/21660\/2022\/10\/IMG_03391-1024x770.jpg\" alt=\"\" class=\"wp-image-77\" srcset=\"https:\/\/blogs.donboscovolunteers.de\/ninosnews\/wp-content\/uploads\/sites\/21660\/2022\/10\/IMG_03391-1024x770.jpg 1024w, https:\/\/blogs.donboscovolunteers.de\/ninosnews\/wp-content\/uploads\/sites\/21660\/2022\/10\/IMG_03391-300x225.jpg 300w, https:\/\/blogs.donboscovolunteers.de\/ninosnews\/wp-content\/uploads\/sites\/21660\/2022\/10\/IMG_03391-768x577.jpg 768w, https:\/\/blogs.donboscovolunteers.de\/ninosnews\/wp-content\/uploads\/sites\/21660\/2022\/10\/IMG_03391-900x676.jpg 900w, https:\/\/blogs.donboscovolunteers.de\/ninosnews\/wp-content\/uploads\/sites\/21660\/2022\/10\/IMG_03391.jpg 1280w\" sizes=\"auto, (max-width: 1024px) 100vw, 1024px\" \/><\/figure>\n\n\n\n<figure class=\"wp-block-image\"><img loading=\"lazy\" decoding=\"async\" width=\"770\" height=\"1024\" src=\"https:\/\/blogs.donboscovolunteers.de\/ninosnews\/wp-content\/uploads\/sites\/21660\/2022\/10\/IMG_03421-770x1024.jpg\" alt=\"\" class=\"wp-image-79\" srcset=\"https:\/\/blogs.donboscovolunteers.de\/ninosnews\/wp-content\/uploads\/sites\/21660\/2022\/10\/IMG_03421-770x1024.jpg 770w, https:\/\/blogs.donboscovolunteers.de\/ninosnews\/wp-content\/uploads\/sites\/21660\/2022\/10\/IMG_03421-225x300.jpg 225w, https:\/\/blogs.donboscovolunteers.de\/ninosnews\/wp-content\/uploads\/sites\/21660\/2022\/10\/IMG_03421-768x1022.jpg 768w, https:\/\/blogs.donboscovolunteers.de\/ninosnews\/wp-content\/uploads\/sites\/21660\/2022\/10\/IMG_03421-900x1198.jpg 900w, https:\/\/blogs.donboscovolunteers.de\/ninosnews\/wp-content\/uploads\/sites\/21660\/2022\/10\/IMG_03421.jpg 962w\" sizes=\"auto, (max-width: 770px) 100vw, 770px\" \/><\/figure>\n\n\n\n<figure class=\"wp-block-image\"><img loading=\"lazy\" decoding=\"async\" width=\"1024\" height=\"770\" src=\"https:\/\/blogs.donboscovolunteers.de\/ninosnews\/wp-content\/uploads\/sites\/21660\/2022\/10\/IMG_03301-1024x770.jpg\" alt=\"\" class=\"wp-image-80\" srcset=\"https:\/\/blogs.donboscovolunteers.de\/ninosnews\/wp-content\/uploads\/sites\/21660\/2022\/10\/IMG_03301-1024x770.jpg 1024w, https:\/\/blogs.donboscovolunteers.de\/ninosnews\/wp-content\/uploads\/sites\/21660\/2022\/10\/IMG_03301-300x225.jpg 300w, https:\/\/blogs.donboscovolunteers.de\/ninosnews\/wp-content\/uploads\/sites\/21660\/2022\/10\/IMG_03301-768x577.jpg 768w, https:\/\/blogs.donboscovolunteers.de\/ninosnews\/wp-content\/uploads\/sites\/21660\/2022\/10\/IMG_03301-900x676.jpg 900w, https:\/\/blogs.donboscovolunteers.de\/ninosnews\/wp-content\/uploads\/sites\/21660\/2022\/10\/IMG_03301.jpg 1280w\" sizes=\"auto, (max-width: 1024px) 100vw, 1024px\" \/><\/figure>\n\n\n\n<p>In meinem allt\u00e4glichen Leben hat sich eine gewisse Routine eingespielt. Don Gino war zwar f\u00fcr eine Woche in Barcelona und hat uns T-Shirts mitgebracht, aber ansonsten blieb vieles gleich. Es gab ein paar Glanzpunkte, wie eine Abschiedsparty f\u00fcr einen Animator, bei der Antonio und ich \u201eZeitungsklatschen\u201c als Spiel vorgestellt haben. Der komplette zweite Stock, des Hauses, in dem wir wohnen wurde gewei\u00dfelt, unser Schlafzimmer mit eingeschlossen, und wir haben eine neue Lampe an der Decke, weil auf der alten \u201eBack to School\u201c stand.<\/p>\n\n\n\n<figure class=\"wp-block-image\"><img loading=\"lazy\" decoding=\"async\" width=\"1024\" height=\"770\" src=\"https:\/\/blogs.donboscovolunteers.de\/ninosnews\/wp-content\/uploads\/sites\/21660\/2022\/10\/IMG_03431-1024x770.jpg\" alt=\"\" class=\"wp-image-78\" srcset=\"https:\/\/blogs.donboscovolunteers.de\/ninosnews\/wp-content\/uploads\/sites\/21660\/2022\/10\/IMG_03431-1024x770.jpg 1024w, https:\/\/blogs.donboscovolunteers.de\/ninosnews\/wp-content\/uploads\/sites\/21660\/2022\/10\/IMG_03431-300x225.jpg 300w, https:\/\/blogs.donboscovolunteers.de\/ninosnews\/wp-content\/uploads\/sites\/21660\/2022\/10\/IMG_03431-768x577.jpg 768w, https:\/\/blogs.donboscovolunteers.de\/ninosnews\/wp-content\/uploads\/sites\/21660\/2022\/10\/IMG_03431-900x676.jpg 900w, https:\/\/blogs.donboscovolunteers.de\/ninosnews\/wp-content\/uploads\/sites\/21660\/2022\/10\/IMG_03431.jpg 1280w\" sizes=\"auto, (max-width: 1024px) 100vw, 1024px\" \/><figcaption class=\"wp-element-caption\">Ich und Mario, einem der Helfer Im Qendre Ritore<\/figcaption><\/figure>\n\n\n\n<p>Antonio und ich haben zudem einen Cr\u00eape-Laden von Klevis empfohlen bekommen, bei Gott ein hei\u00dfer Tipp. Beste 180 Lek\u00eb die ich je ausgegeben hab.<\/p>\n\n\n\n<p>Also dann,<\/p>\n\n\n\n<p>Mirupafshim und bis in zwei Wochen<\/p>","protected":false},"excerpt":{"rendered":"<p>Mit jedem Tag, der vergeht, merke ich immer mehr, dass meine Gespr\u00e4che mit der Dauer meines Aufenthalts zusammenh\u00e4ngen. Als ich hier ankam, kannte ich kaum albanische Worte und keine Grammatik. Dies hat sich jetzt nat\u00fcrlich langsam ver\u00e4ndert. Aber es ist jetzt nicht so, als k\u00f6nnte ich ein Gespr\u00e4ch f\u00fcr mehr als zwei Minuten durchhalten. Das [&hellip;]<\/p>\n","protected":false},"author":21750,"featured_media":0,"parent":0,"menu_order":0,"comment_status":"closed","ping_status":"closed","template":"","meta":{"footnotes":""},"class_list":["post-135","page","type-page","status-publish","hentry"],"yoast_head":"<!-- This site is optimized with the Yoast SEO plugin v25.3.1 - https:\/\/yoast.com\/wordpress\/plugins\/seo\/ -->\n<title>Unterhaltungen - ninosnews<\/title>\n<meta name=\"robots\" content=\"index, follow, max-snippet:-1, max-image-preview:large, max-video-preview:-1\" \/>\n<link rel=\"canonical\" href=\"https:\/\/blogs.donboscovolunteers.de\/ninosnews\/unterhaltungen\/\" \/>\n<meta property=\"og:locale\" content=\"de_DE\" \/>\n<meta property=\"og:type\" content=\"article\" \/>\n<meta property=\"og:title\" content=\"Unterhaltungen - ninosnews\" \/>\n<meta property=\"og:description\" content=\"Mit jedem Tag, der vergeht, merke ich immer mehr, dass meine Gespr\u00e4che mit der Dauer meines Aufenthalts zusammenh\u00e4ngen. Als ich hier ankam, kannte ich kaum albanische Worte und keine Grammatik. Dies hat sich jetzt nat\u00fcrlich langsam ver\u00e4ndert. Aber es ist jetzt nicht so, als k\u00f6nnte ich ein Gespr\u00e4ch f\u00fcr mehr als zwei Minuten durchhalten. Das [&hellip;]\" \/>\n<meta property=\"og:url\" content=\"https:\/\/blogs.donboscovolunteers.de\/ninosnews\/unterhaltungen\/\" \/>\n<meta property=\"og:site_name\" content=\"ninosnews\" \/>\n<meta property=\"article:modified_time\" content=\"2022-11-03T21:30:03+00:00\" \/>\n<meta property=\"og:image\" content=\"https:\/\/blogs.donboscovolunteers.de\/ninosnews\/wp-content\/uploads\/sites\/21660\/2022\/10\/IMG_03391-1024x770.jpg\" \/>\n<meta name=\"twitter:card\" content=\"summary_large_image\" \/>\n<meta name=\"twitter:label1\" content=\"Gesch\u00e4tzte Lesezeit\" \/>\n\t<meta name=\"twitter:data1\" content=\"3\u00a0Minuten\" \/>\n<script type=\"application\/ld+json\" class=\"yoast-schema-graph\">{\"@context\":\"https:\/\/schema.org\",\"@graph\":[{\"@type\":\"WebPage\",\"@id\":\"https:\/\/blogs.donboscovolunteers.de\/ninosnews\/unterhaltungen\/\",\"url\":\"https:\/\/blogs.donboscovolunteers.de\/ninosnews\/unterhaltungen\/\",\"name\":\"Unterhaltungen - ninosnews\",\"isPartOf\":{\"@id\":\"https:\/\/blogs.donboscovolunteers.de\/ninosnews\/#website\"},\"primaryImageOfPage\":{\"@id\":\"https:\/\/blogs.donboscovolunteers.de\/ninosnews\/unterhaltungen\/#primaryimage\"},\"image\":{\"@id\":\"https:\/\/blogs.donboscovolunteers.de\/ninosnews\/unterhaltungen\/#primaryimage\"},\"thumbnailUrl\":\"https:\/\/blogs.donboscovolunteers.de\/ninosnews\/wp-content\/uploads\/sites\/21660\/2022\/10\/IMG_03391-1024x770.jpg\",\"datePublished\":\"2022-11-03T21:30:01+00:00\",\"dateModified\":\"2022-11-03T21:30:03+00:00\",\"breadcrumb\":{\"@id\":\"https:\/\/blogs.donboscovolunteers.de\/ninosnews\/unterhaltungen\/#breadcrumb\"},\"inLanguage\":\"de\",\"potentialAction\":[{\"@type\":\"ReadAction\",\"target\":[\"https:\/\/blogs.donboscovolunteers.de\/ninosnews\/unterhaltungen\/\"]}]},{\"@type\":\"ImageObject\",\"inLanguage\":\"de\",\"@id\":\"https:\/\/blogs.donboscovolunteers.de\/ninosnews\/unterhaltungen\/#primaryimage\",\"url\":\"https:\/\/blogs.donboscovolunteers.de\/ninosnews\/wp-content\/uploads\/sites\/21660\/2022\/10\/IMG_03391.jpg\",\"contentUrl\":\"https:\/\/blogs.donboscovolunteers.de\/ninosnews\/wp-content\/uploads\/sites\/21660\/2022\/10\/IMG_03391.jpg\",\"width\":1280,\"height\":962},{\"@type\":\"BreadcrumbList\",\"@id\":\"https:\/\/blogs.donboscovolunteers.de\/ninosnews\/unterhaltungen\/#breadcrumb\",\"itemListElement\":[{\"@type\":\"ListItem\",\"position\":1,\"name\":\"Startseite\",\"item\":\"https:\/\/blogs.donboscovolunteers.de\/ninosnews\/\"},{\"@type\":\"ListItem\",\"position\":2,\"name\":\"Unterhaltungen\"}]},{\"@type\":\"WebSite\",\"@id\":\"https:\/\/blogs.donboscovolunteers.de\/ninosnews\/#website\",\"url\":\"https:\/\/blogs.donboscovolunteers.de\/ninosnews\/\",\"name\":\"ninosnews\",\"description\":\"Eine WEITERE Don Bosco Volunteers Blog Website\",\"potentialAction\":[{\"@type\":\"SearchAction\",\"target\":{\"@type\":\"EntryPoint\",\"urlTemplate\":\"https:\/\/blogs.donboscovolunteers.de\/ninosnews\/?s={search_term_string}\"},\"query-input\":{\"@type\":\"PropertyValueSpecification\",\"valueRequired\":true,\"valueName\":\"search_term_string\"}}],\"inLanguage\":\"de\"}]}<\/script>\n<!-- \/ Yoast SEO plugin. -->","yoast_head_json":{"title":"Unterhaltungen - ninosnews","robots":{"index":"index","follow":"follow","max-snippet":"max-snippet:-1","max-image-preview":"max-image-preview:large","max-video-preview":"max-video-preview:-1"},"canonical":"https:\/\/blogs.donboscovolunteers.de\/ninosnews\/unterhaltungen\/","og_locale":"de_DE","og_type":"article","og_title":"Unterhaltungen - ninosnews","og_description":"Mit jedem Tag, der vergeht, merke ich immer mehr, dass meine Gespr\u00e4che mit der Dauer meines Aufenthalts zusammenh\u00e4ngen. Als ich hier ankam, kannte ich kaum albanische Worte und keine Grammatik. Dies hat sich jetzt nat\u00fcrlich langsam ver\u00e4ndert. Aber es ist jetzt nicht so, als k\u00f6nnte ich ein Gespr\u00e4ch f\u00fcr mehr als zwei Minuten durchhalten. Das [&hellip;]","og_url":"https:\/\/blogs.donboscovolunteers.de\/ninosnews\/unterhaltungen\/","og_site_name":"ninosnews","article_modified_time":"2022-11-03T21:30:03+00:00","og_image":[{"url":"https:\/\/blogs.donboscovolunteers.de\/ninosnews\/wp-content\/uploads\/sites\/21660\/2022\/10\/IMG_03391-1024x770.jpg","type":"","width":"","height":""}],"twitter_card":"summary_large_image","twitter_misc":{"Gesch\u00e4tzte Lesezeit":"3\u00a0Minuten"},"schema":{"@context":"https:\/\/schema.org","@graph":[{"@type":"WebPage","@id":"https:\/\/blogs.donboscovolunteers.de\/ninosnews\/unterhaltungen\/","url":"https:\/\/blogs.donboscovolunteers.de\/ninosnews\/unterhaltungen\/","name":"Unterhaltungen - ninosnews","isPartOf":{"@id":"https:\/\/blogs.donboscovolunteers.de\/ninosnews\/#website"},"primaryImageOfPage":{"@id":"https:\/\/blogs.donboscovolunteers.de\/ninosnews\/unterhaltungen\/#primaryimage"},"image":{"@id":"https:\/\/blogs.donboscovolunteers.de\/ninosnews\/unterhaltungen\/#primaryimage"},"thumbnailUrl":"https:\/\/blogs.donboscovolunteers.de\/ninosnews\/wp-content\/uploads\/sites\/21660\/2022\/10\/IMG_03391-1024x770.jpg","datePublished":"2022-11-03T21:30:01+00:00","dateModified":"2022-11-03T21:30:03+00:00","breadcrumb":{"@id":"https:\/\/blogs.donboscovolunteers.de\/ninosnews\/unterhaltungen\/#breadcrumb"},"inLanguage":"de","potentialAction":[{"@type":"ReadAction","target":["https:\/\/blogs.donboscovolunteers.de\/ninosnews\/unterhaltungen\/"]}]},{"@type":"ImageObject","inLanguage":"de","@id":"https:\/\/blogs.donboscovolunteers.de\/ninosnews\/unterhaltungen\/#primaryimage","url":"https:\/\/blogs.donboscovolunteers.de\/ninosnews\/wp-content\/uploads\/sites\/21660\/2022\/10\/IMG_03391.jpg","contentUrl":"https:\/\/blogs.donboscovolunteers.de\/ninosnews\/wp-content\/uploads\/sites\/21660\/2022\/10\/IMG_03391.jpg","width":1280,"height":962},{"@type":"BreadcrumbList","@id":"https:\/\/blogs.donboscovolunteers.de\/ninosnews\/unterhaltungen\/#breadcrumb","itemListElement":[{"@type":"ListItem","position":1,"name":"Startseite","item":"https:\/\/blogs.donboscovolunteers.de\/ninosnews\/"},{"@type":"ListItem","position":2,"name":"Unterhaltungen"}]},{"@type":"WebSite","@id":"https:\/\/blogs.donboscovolunteers.de\/ninosnews\/#website","url":"https:\/\/blogs.donboscovolunteers.de\/ninosnews\/","name":"ninosnews","description":"Eine WEITERE Don Bosco Volunteers Blog Website","potentialAction":[{"@type":"SearchAction","target":{"@type":"EntryPoint","urlTemplate":"https:\/\/blogs.donboscovolunteers.de\/ninosnews\/?s={search_term_string}"},"query-input":{"@type":"PropertyValueSpecification","valueRequired":true,"valueName":"search_term_string"}}],"inLanguage":"de"}]}},"_links":{"self":[{"href":"https:\/\/blogs.donboscovolunteers.de\/ninosnews\/wp-json\/wp\/v2\/pages\/135","targetHints":{"allow":["GET"]}}],"collection":[{"href":"https:\/\/blogs.donboscovolunteers.de\/ninosnews\/wp-json\/wp\/v2\/pages"}],"about":[{"href":"https:\/\/blogs.donboscovolunteers.de\/ninosnews\/wp-json\/wp\/v2\/types\/page"}],"author":[{"embeddable":true,"href":"https:\/\/blogs.donboscovolunteers.de\/ninosnews\/wp-json\/wp\/v2\/users\/21750"}],"replies":[{"embeddable":true,"href":"https:\/\/blogs.donboscovolunteers.de\/ninosnews\/wp-json\/wp\/v2\/comments?post=135"}],"version-history":[{"count":1,"href":"https:\/\/blogs.donboscovolunteers.de\/ninosnews\/wp-json\/wp\/v2\/pages\/135\/revisions"}],"predecessor-version":[{"id":137,"href":"https:\/\/blogs.donboscovolunteers.de\/ninosnews\/wp-json\/wp\/v2\/pages\/135\/revisions\/137"}],"wp:attachment":[{"href":"https:\/\/blogs.donboscovolunteers.de\/ninosnews\/wp-json\/wp\/v2\/media?parent=135"}],"curies":[{"name":"wp","href":"https:\/\/api.w.org\/{rel}","templated":true}]}}