{"id":131,"date":"2022-11-03T22:27:00","date_gmt":"2022-11-03T21:27:00","guid":{"rendered":"https:\/\/blogs.donboscovolunteers.de\/ninosnews\/?page_id=131"},"modified":"2022-11-03T22:27:01","modified_gmt":"2022-11-03T21:27:01","slug":"woanders","status":"publish","type":"page","link":"https:\/\/blogs.donboscovolunteers.de\/ninosnews\/woanders\/","title":{"rendered":"Woanders"},"content":{"rendered":"<p>Ist euch schon mal eine Art kulturelle Norm in Deutschland aufgefallen? Zum Beispiel:<\/p>\n\n\n\n<p>&#8211;<ins> <\/ins>Im fremden Haus die Schuhe ausziehen<\/p>\n\n\n\n<p>&#8211;<ins> <\/ins>Gel\u00e4ute w\u00e4hrend der eucharistischen Wandlung<\/p>\n\n\n\n<p>&#8211;<ins> <\/ins>Socken und Birkenstock<\/p>\n\n\n\n<p>&#8211;<ins> <\/ins>Verbeugung nach Erhalt der Hl. Kommunion<\/p>\n\n\n\n<p><\/p>\n\n\n\n<p>Hier in Albanien fallen uns solche subtilen Charakteristiken mit jedem Tag mehr auf.<\/p>\n\n\n\n<p>Zwar ist hier vieles dasselbe, aber gerade dadurch stechen die Unterschiede besonders heraus. Wie beispielsweise:<\/p>\n\n\n\n<p>&#8211; Eine Kopfbedeckung wird vor dem Essen sowie dem Betreten eines Hauses abgenommen<\/p>\n\n\n\n<p>&#8211; Das Kirchenliederbuch hat keine Noten<\/p>\n\n\n\n<p>&#8211;<ins> <\/ins>Die Kirche hat keine Orgel<\/p>\n\n\n\n<p>&#8211;<ins> <\/ins>K\u00f6rperber\u00fchrungen sind normal<\/p>\n\n\n\n<p>-W\u00e4hrend der Wandlung wird von den Ministranten geklingelt und danach ruft ein zuf\u00e4lliger Junge aus dem Volk auf Albanisch \u201e\u00cbsht\u00eb Zoti Jezus q\u00eb ofrohet p\u00ebr ne\u201c (Das ist unser Herr Jesus, der sich f\u00fcr uns geopfert hat)<\/p>\n\n\n\n<p>Ich finde diese Art der \u201eL\u00e4nderindividualit\u00e4t\u201c faszinierend und schaue dann auch immer ganz genau zu.<\/p>\n\n\n\n<figure class=\"wp-block-image is-resized is-style-default\"><img loading=\"lazy\" decoding=\"async\" src=\"https:\/\/blogs.donboscovolunteers.de\/ninosnews\/wp-content\/uploads\/sites\/21660\/2022\/10\/IMG_02861-1024x768.jpg\" alt=\"\" class=\"wp-image-65\" width=\"354\" height=\"266\" srcset=\"https:\/\/blogs.donboscovolunteers.de\/ninosnews\/wp-content\/uploads\/sites\/21660\/2022\/10\/IMG_02861-1024x768.jpg 1024w, https:\/\/blogs.donboscovolunteers.de\/ninosnews\/wp-content\/uploads\/sites\/21660\/2022\/10\/IMG_02861-300x225.jpg 300w, https:\/\/blogs.donboscovolunteers.de\/ninosnews\/wp-content\/uploads\/sites\/21660\/2022\/10\/IMG_02861-768x576.jpg 768w, https:\/\/blogs.donboscovolunteers.de\/ninosnews\/wp-content\/uploads\/sites\/21660\/2022\/10\/IMG_02861-900x675.jpg 900w, https:\/\/blogs.donboscovolunteers.de\/ninosnews\/wp-content\/uploads\/sites\/21660\/2022\/10\/IMG_02861.jpg 1280w\" sizes=\"auto, (max-width: 354px) 100vw, 354px\" \/><figcaption class=\"wp-element-caption\">Streetart in Tirana<\/figcaption><\/figure>\n\n\n\n<figure class=\"wp-block-image size-large is-resized is-style-default\"><img loading=\"lazy\" decoding=\"async\" src=\"https:\/\/blogs.donboscovolunteers.de\/ninosnews\/wp-content\/uploads\/sites\/21660\/2022\/10\/IMG_02871-768x1024.jpg\" alt=\"\" class=\"wp-image-67\" width=\"353\" height=\"471\" srcset=\"https:\/\/blogs.donboscovolunteers.de\/ninosnews\/wp-content\/uploads\/sites\/21660\/2022\/10\/IMG_02871-768x1024.jpg 768w, https:\/\/blogs.donboscovolunteers.de\/ninosnews\/wp-content\/uploads\/sites\/21660\/2022\/10\/IMG_02871-225x300.jpg 225w, https:\/\/blogs.donboscovolunteers.de\/ninosnews\/wp-content\/uploads\/sites\/21660\/2022\/10\/IMG_02871-900x1200.jpg 900w, https:\/\/blogs.donboscovolunteers.de\/ninosnews\/wp-content\/uploads\/sites\/21660\/2022\/10\/IMG_02871.jpg 960w\" sizes=\"auto, (max-width: 353px) 100vw, 353px\" \/><figcaption class=\"wp-element-caption\">Streetart in Tirana<\/figcaption><\/figure>\n\n\n\n<p>In meinem und Antonios Leben war nat\u00fcrlich viel los. Wir haben am 26. September Aurelia und Janis in Shkod\u00ebr besucht. Wir sind zur Indiana-Jones-Br\u00fccke gejoggt und haben vergebens nach dem Bazaar von Tirana gesucht. Das passiert alles in unserer Freizeit, die leider sehr kurz bemessen ist. Wie in meinem letzten Blog berichtet, arbeiten Antonio und ich Dienstag und &nbsp;Samstags immer nachmittags im Oratorium. Jetzt durften wir uns Kurse zum Unterrichten aussuchen, die wir den Kindern anbieten. Ich biete Klavierstunden dienstags und donnerstags an und Antonio macht Basketball zwei Mal die Woche. Albanisch Unterricht bekommen wir auch noch von Evisa, einer Volont\u00e4rin in der Schule, in der wir vormittags arbeiten. Am Sonntag bin ich jetzt am Keyboard f\u00fcr den Chor zugange und Antonio \u00fcbt sich als Ministrant. Aber trotz der geringen Freizeit<del>,<\/del> haben Antonio und noch vieles auf unserer Wunschliste, wie \u2026\u2026 na das findet ihr schon bald raus.<\/p>\n\n\n\n<figure class=\"wp-block-image size-large is-resized\"><img loading=\"lazy\" decoding=\"async\" src=\"https:\/\/blogs.donboscovolunteers.de\/ninosnews\/wp-content\/uploads\/sites\/21660\/2022\/10\/IMG_02601-1024x768.jpg\" alt=\"\" class=\"wp-image-64\" width=\"429\" height=\"322\" srcset=\"https:\/\/blogs.donboscovolunteers.de\/ninosnews\/wp-content\/uploads\/sites\/21660\/2022\/10\/IMG_02601-1024x768.jpg 1024w, https:\/\/blogs.donboscovolunteers.de\/ninosnews\/wp-content\/uploads\/sites\/21660\/2022\/10\/IMG_02601-300x225.jpg 300w, https:\/\/blogs.donboscovolunteers.de\/ninosnews\/wp-content\/uploads\/sites\/21660\/2022\/10\/IMG_02601-768x576.jpg 768w, https:\/\/blogs.donboscovolunteers.de\/ninosnews\/wp-content\/uploads\/sites\/21660\/2022\/10\/IMG_02601-900x675.jpg 900w, https:\/\/blogs.donboscovolunteers.de\/ninosnews\/wp-content\/uploads\/sites\/21660\/2022\/10\/IMG_02601.jpg 1280w\" sizes=\"auto, (max-width: 429px) 100vw, 429px\" \/><figcaption class=\"wp-element-caption\">Kirche im Oratorium von Shkod\u00ebr<\/figcaption><\/figure>\n\n\n\n<p><\/p>\n\n\n\n<figure class=\"wp-block-image size-large is-resized\"><img loading=\"lazy\" decoding=\"async\" src=\"https:\/\/blogs.donboscovolunteers.de\/ninosnews\/wp-content\/uploads\/sites\/21660\/2022\/10\/RDAW45561-768x1024.jpg\" alt=\"\" class=\"wp-image-66\" width=\"425\" height=\"567\" srcset=\"https:\/\/blogs.donboscovolunteers.de\/ninosnews\/wp-content\/uploads\/sites\/21660\/2022\/10\/RDAW45561-768x1024.jpg 768w, https:\/\/blogs.donboscovolunteers.de\/ninosnews\/wp-content\/uploads\/sites\/21660\/2022\/10\/RDAW45561-225x300.jpg 225w, https:\/\/blogs.donboscovolunteers.de\/ninosnews\/wp-content\/uploads\/sites\/21660\/2022\/10\/RDAW45561.jpg 864w\" sizes=\"auto, (max-width: 425px) 100vw, 425px\" \/><figcaption class=\"wp-element-caption\">Indiana-Jones-Br\u00fccke \u00fcber die Lana<\/figcaption><\/figure>\n\n\n\n<p>Also dann,<\/p>\n\n\n\n<p>Mirupafshim und bis in zwei Wochen<\/p>","protected":false},"excerpt":{"rendered":"<p>Ist euch schon mal eine Art kulturelle Norm in Deutschland aufgefallen? Zum Beispiel: &#8211; Im fremden Haus die Schuhe ausziehen &#8211; Gel\u00e4ute w\u00e4hrend der eucharistischen Wandlung &#8211; Socken und Birkenstock &#8211; Verbeugung nach Erhalt der Hl. Kommunion Hier in Albanien fallen uns solche subtilen Charakteristiken mit jedem Tag mehr auf. Zwar ist hier vieles dasselbe, [&hellip;]<\/p>\n","protected":false},"author":21750,"featured_media":0,"parent":0,"menu_order":0,"comment_status":"closed","ping_status":"closed","template":"","meta":{"footnotes":""},"class_list":["post-131","page","type-page","status-publish","hentry"],"yoast_head":"<!-- This site is optimized with the Yoast SEO plugin v25.3.1 - https:\/\/yoast.com\/wordpress\/plugins\/seo\/ -->\n<title>Woanders - ninosnews<\/title>\n<meta name=\"robots\" content=\"index, follow, max-snippet:-1, max-image-preview:large, max-video-preview:-1\" \/>\n<link rel=\"canonical\" href=\"https:\/\/blogs.donboscovolunteers.de\/ninosnews\/woanders\/\" \/>\n<meta property=\"og:locale\" content=\"de_DE\" \/>\n<meta property=\"og:type\" content=\"article\" \/>\n<meta property=\"og:title\" content=\"Woanders - ninosnews\" \/>\n<meta property=\"og:description\" content=\"Ist euch schon mal eine Art kulturelle Norm in Deutschland aufgefallen? Zum Beispiel: &#8211; Im fremden Haus die Schuhe ausziehen &#8211; Gel\u00e4ute w\u00e4hrend der eucharistischen Wandlung &#8211; Socken und Birkenstock &#8211; Verbeugung nach Erhalt der Hl. Kommunion Hier in Albanien fallen uns solche subtilen Charakteristiken mit jedem Tag mehr auf. Zwar ist hier vieles dasselbe, [&hellip;]\" \/>\n<meta property=\"og:url\" content=\"https:\/\/blogs.donboscovolunteers.de\/ninosnews\/woanders\/\" \/>\n<meta property=\"og:site_name\" content=\"ninosnews\" \/>\n<meta property=\"article:modified_time\" content=\"2022-11-03T21:27:01+00:00\" \/>\n<meta property=\"og:image\" content=\"https:\/\/blogs.donboscovolunteers.de\/ninosnews\/wp-content\/uploads\/sites\/21660\/2022\/10\/IMG_02861-1024x768.jpg\" \/>\n<meta name=\"twitter:card\" content=\"summary_large_image\" \/>\n<meta name=\"twitter:label1\" content=\"Gesch\u00e4tzte Lesezeit\" \/>\n\t<meta name=\"twitter:data1\" content=\"3\u00a0Minuten\" \/>\n<script type=\"application\/ld+json\" class=\"yoast-schema-graph\">{\"@context\":\"https:\/\/schema.org\",\"@graph\":[{\"@type\":\"WebPage\",\"@id\":\"https:\/\/blogs.donboscovolunteers.de\/ninosnews\/woanders\/\",\"url\":\"https:\/\/blogs.donboscovolunteers.de\/ninosnews\/woanders\/\",\"name\":\"Woanders - ninosnews\",\"isPartOf\":{\"@id\":\"https:\/\/blogs.donboscovolunteers.de\/ninosnews\/#website\"},\"primaryImageOfPage\":{\"@id\":\"https:\/\/blogs.donboscovolunteers.de\/ninosnews\/woanders\/#primaryimage\"},\"image\":{\"@id\":\"https:\/\/blogs.donboscovolunteers.de\/ninosnews\/woanders\/#primaryimage\"},\"thumbnailUrl\":\"https:\/\/blogs.donboscovolunteers.de\/ninosnews\/wp-content\/uploads\/sites\/21660\/2022\/10\/IMG_02861-1024x768.jpg\",\"datePublished\":\"2022-11-03T21:27:00+00:00\",\"dateModified\":\"2022-11-03T21:27:01+00:00\",\"breadcrumb\":{\"@id\":\"https:\/\/blogs.donboscovolunteers.de\/ninosnews\/woanders\/#breadcrumb\"},\"inLanguage\":\"de\",\"potentialAction\":[{\"@type\":\"ReadAction\",\"target\":[\"https:\/\/blogs.donboscovolunteers.de\/ninosnews\/woanders\/\"]}]},{\"@type\":\"ImageObject\",\"inLanguage\":\"de\",\"@id\":\"https:\/\/blogs.donboscovolunteers.de\/ninosnews\/woanders\/#primaryimage\",\"url\":\"https:\/\/blogs.donboscovolunteers.de\/ninosnews\/wp-content\/uploads\/sites\/21660\/2022\/10\/IMG_02861.jpg\",\"contentUrl\":\"https:\/\/blogs.donboscovolunteers.de\/ninosnews\/wp-content\/uploads\/sites\/21660\/2022\/10\/IMG_02861.jpg\",\"width\":1280,\"height\":960},{\"@type\":\"BreadcrumbList\",\"@id\":\"https:\/\/blogs.donboscovolunteers.de\/ninosnews\/woanders\/#breadcrumb\",\"itemListElement\":[{\"@type\":\"ListItem\",\"position\":1,\"name\":\"Startseite\",\"item\":\"https:\/\/blogs.donboscovolunteers.de\/ninosnews\/\"},{\"@type\":\"ListItem\",\"position\":2,\"name\":\"Woanders\"}]},{\"@type\":\"WebSite\",\"@id\":\"https:\/\/blogs.donboscovolunteers.de\/ninosnews\/#website\",\"url\":\"https:\/\/blogs.donboscovolunteers.de\/ninosnews\/\",\"name\":\"ninosnews\",\"description\":\"Eine WEITERE Don Bosco Volunteers Blog Website\",\"potentialAction\":[{\"@type\":\"SearchAction\",\"target\":{\"@type\":\"EntryPoint\",\"urlTemplate\":\"https:\/\/blogs.donboscovolunteers.de\/ninosnews\/?s={search_term_string}\"},\"query-input\":{\"@type\":\"PropertyValueSpecification\",\"valueRequired\":true,\"valueName\":\"search_term_string\"}}],\"inLanguage\":\"de\"}]}<\/script>\n<!-- \/ Yoast SEO plugin. -->","yoast_head_json":{"title":"Woanders - ninosnews","robots":{"index":"index","follow":"follow","max-snippet":"max-snippet:-1","max-image-preview":"max-image-preview:large","max-video-preview":"max-video-preview:-1"},"canonical":"https:\/\/blogs.donboscovolunteers.de\/ninosnews\/woanders\/","og_locale":"de_DE","og_type":"article","og_title":"Woanders - ninosnews","og_description":"Ist euch schon mal eine Art kulturelle Norm in Deutschland aufgefallen? Zum Beispiel: &#8211; Im fremden Haus die Schuhe ausziehen &#8211; Gel\u00e4ute w\u00e4hrend der eucharistischen Wandlung &#8211; Socken und Birkenstock &#8211; Verbeugung nach Erhalt der Hl. Kommunion Hier in Albanien fallen uns solche subtilen Charakteristiken mit jedem Tag mehr auf. Zwar ist hier vieles dasselbe, [&hellip;]","og_url":"https:\/\/blogs.donboscovolunteers.de\/ninosnews\/woanders\/","og_site_name":"ninosnews","article_modified_time":"2022-11-03T21:27:01+00:00","og_image":[{"url":"https:\/\/blogs.donboscovolunteers.de\/ninosnews\/wp-content\/uploads\/sites\/21660\/2022\/10\/IMG_02861-1024x768.jpg","type":"","width":"","height":""}],"twitter_card":"summary_large_image","twitter_misc":{"Gesch\u00e4tzte Lesezeit":"3\u00a0Minuten"},"schema":{"@context":"https:\/\/schema.org","@graph":[{"@type":"WebPage","@id":"https:\/\/blogs.donboscovolunteers.de\/ninosnews\/woanders\/","url":"https:\/\/blogs.donboscovolunteers.de\/ninosnews\/woanders\/","name":"Woanders - ninosnews","isPartOf":{"@id":"https:\/\/blogs.donboscovolunteers.de\/ninosnews\/#website"},"primaryImageOfPage":{"@id":"https:\/\/blogs.donboscovolunteers.de\/ninosnews\/woanders\/#primaryimage"},"image":{"@id":"https:\/\/blogs.donboscovolunteers.de\/ninosnews\/woanders\/#primaryimage"},"thumbnailUrl":"https:\/\/blogs.donboscovolunteers.de\/ninosnews\/wp-content\/uploads\/sites\/21660\/2022\/10\/IMG_02861-1024x768.jpg","datePublished":"2022-11-03T21:27:00+00:00","dateModified":"2022-11-03T21:27:01+00:00","breadcrumb":{"@id":"https:\/\/blogs.donboscovolunteers.de\/ninosnews\/woanders\/#breadcrumb"},"inLanguage":"de","potentialAction":[{"@type":"ReadAction","target":["https:\/\/blogs.donboscovolunteers.de\/ninosnews\/woanders\/"]}]},{"@type":"ImageObject","inLanguage":"de","@id":"https:\/\/blogs.donboscovolunteers.de\/ninosnews\/woanders\/#primaryimage","url":"https:\/\/blogs.donboscovolunteers.de\/ninosnews\/wp-content\/uploads\/sites\/21660\/2022\/10\/IMG_02861.jpg","contentUrl":"https:\/\/blogs.donboscovolunteers.de\/ninosnews\/wp-content\/uploads\/sites\/21660\/2022\/10\/IMG_02861.jpg","width":1280,"height":960},{"@type":"BreadcrumbList","@id":"https:\/\/blogs.donboscovolunteers.de\/ninosnews\/woanders\/#breadcrumb","itemListElement":[{"@type":"ListItem","position":1,"name":"Startseite","item":"https:\/\/blogs.donboscovolunteers.de\/ninosnews\/"},{"@type":"ListItem","position":2,"name":"Woanders"}]},{"@type":"WebSite","@id":"https:\/\/blogs.donboscovolunteers.de\/ninosnews\/#website","url":"https:\/\/blogs.donboscovolunteers.de\/ninosnews\/","name":"ninosnews","description":"Eine WEITERE Don Bosco Volunteers Blog Website","potentialAction":[{"@type":"SearchAction","target":{"@type":"EntryPoint","urlTemplate":"https:\/\/blogs.donboscovolunteers.de\/ninosnews\/?s={search_term_string}"},"query-input":{"@type":"PropertyValueSpecification","valueRequired":true,"valueName":"search_term_string"}}],"inLanguage":"de"}]}},"_links":{"self":[{"href":"https:\/\/blogs.donboscovolunteers.de\/ninosnews\/wp-json\/wp\/v2\/pages\/131","targetHints":{"allow":["GET"]}}],"collection":[{"href":"https:\/\/blogs.donboscovolunteers.de\/ninosnews\/wp-json\/wp\/v2\/pages"}],"about":[{"href":"https:\/\/blogs.donboscovolunteers.de\/ninosnews\/wp-json\/wp\/v2\/types\/page"}],"author":[{"embeddable":true,"href":"https:\/\/blogs.donboscovolunteers.de\/ninosnews\/wp-json\/wp\/v2\/users\/21750"}],"replies":[{"embeddable":true,"href":"https:\/\/blogs.donboscovolunteers.de\/ninosnews\/wp-json\/wp\/v2\/comments?post=131"}],"version-history":[{"count":1,"href":"https:\/\/blogs.donboscovolunteers.de\/ninosnews\/wp-json\/wp\/v2\/pages\/131\/revisions"}],"predecessor-version":[{"id":133,"href":"https:\/\/blogs.donboscovolunteers.de\/ninosnews\/wp-json\/wp\/v2\/pages\/131\/revisions\/133"}],"wp:attachment":[{"href":"https:\/\/blogs.donboscovolunteers.de\/ninosnews\/wp-json\/wp\/v2\/media?parent=131"}],"curies":[{"name":"wp","href":"https:\/\/api.w.org\/{rel}","templated":true}]}}