{"id":9,"date":"2022-10-26T18:25:15","date_gmt":"2022-10-26T16:25:15","guid":{"rendered":"https:\/\/blogs.donboscovolunteers.de\/nikoinargentinien\/?page_id=9"},"modified":"2022-10-26T18:56:15","modified_gmt":"2022-10-26T16:56:15","slug":"ueber-mich","status":"publish","type":"page","link":"https:\/\/blogs.donboscovolunteers.de\/nikoinargentinien\/ueber-mich\/","title":{"rendered":"\u00dcber mich"},"content":{"rendered":"<div class=\"wp-block-image\">\n<figure class=\"alignleft size-full is-resized\"><img loading=\"lazy\" decoding=\"async\" src=\"https:\/\/blogs.donboscovolunteers.de\/nikoinargentinien\/wp-content\/uploads\/sites\/21668\/2022\/10\/PHOTO-2022-06-12-12-04-40-2.jpg\" alt=\"\" class=\"wp-image-23\" width=\"219\" height=\"395\" srcset=\"https:\/\/blogs.donboscovolunteers.de\/nikoinargentinien\/wp-content\/uploads\/sites\/21668\/2022\/10\/PHOTO-2022-06-12-12-04-40-2.jpg 567w, https:\/\/blogs.donboscovolunteers.de\/nikoinargentinien\/wp-content\/uploads\/sites\/21668\/2022\/10\/PHOTO-2022-06-12-12-04-40-2-166x300.jpg 166w\" sizes=\"auto, (max-width: 219px) 100vw, 219px\" \/><\/figure>\n<\/div>\n\n\n<p>Hallo, ich bin Niko, 18 Jahre alt und komme aus Essen. In meiner Freizeit spiele ich sehr gerne Fu\u00dfball und verbringe gerne Zeit mit mit meiner Familie und Freunden. Ich habe dieses Jahr mein Abitur gemacht und den Entschluss gefasst, nach der Schule einen <a href=\"https:\/\/www.donboscovolunteers.de\/\">Freiwilligendienst<\/a> in Nordpatagonien, Argentinien leisten. Hier bin ich jetzt und versuche Euch \u00fcber meinen Blog einige Eindr\u00fccke mitgeben zu k\u00f6nnen.<\/p>\n\n\n\n<p><\/p>\n\n\n\n<p><\/p>","protected":false},"excerpt":{"rendered":"<p>Hallo, ich bin Niko, 18 Jahre alt und komme aus Essen. In meiner Freizeit spiele ich sehr gerne Fu\u00dfball und verbringe gerne Zeit mit mit meiner Familie und Freunden. Ich habe dieses Jahr mein Abitur gemacht und den Entschluss gefasst, nach der Schule einen <a href=\"https:\/\/www.donboscovolunteers.de\/\">Freiwilligendienst<\/a> in Nordpatagonien, Argentinien leisten. Hier bin ich jetzt und versuche [&hellip;]<\/p>\n","protected":false},"author":21763,"featured_media":0,"parent":0,"menu_order":0,"comment_status":"closed","ping_status":"closed","template":"","meta":{"footnotes":""},"class_list":["post-9","page","type-page","status-publish","hentry"],"yoast_head":"<!-- This site is optimized with the Yoast SEO plugin v25.3.1 - https:\/\/yoast.com\/wordpress\/plugins\/seo\/ -->\n<title>\u00dcber mich - Niko in Argentinien<\/title>\n<meta name=\"robots\" content=\"index, follow, max-snippet:-1, max-image-preview:large, max-video-preview:-1\" \/>\n<link rel=\"canonical\" href=\"https:\/\/blogs.donboscovolunteers.de\/nikoinargentinien\/ueber-mich\/\" \/>\n<meta property=\"og:locale\" content=\"de_DE\" \/>\n<meta property=\"og:type\" content=\"article\" \/>\n<meta property=\"og:title\" content=\"\u00dcber mich - Niko in Argentinien\" \/>\n<meta property=\"og:description\" content=\"Hallo, ich bin Niko, 18 Jahre alt und komme aus Essen. In meiner Freizeit spiele ich sehr gerne Fu\u00dfball und verbringe gerne Zeit mit mit meiner Familie und Freunden. Ich habe dieses Jahr mein Abitur gemacht und den Entschluss gefasst, nach der Schule einen Freiwilligendienst in Nordpatagonien, Argentinien leisten. Hier bin ich jetzt und versuche [&hellip;]\" \/>\n<meta property=\"og:url\" content=\"https:\/\/blogs.donboscovolunteers.de\/nikoinargentinien\/ueber-mich\/\" \/>\n<meta property=\"og:site_name\" content=\"Niko in Argentinien\" \/>\n<meta property=\"article:modified_time\" content=\"2022-10-26T16:56:15+00:00\" \/>\n<meta property=\"og:image\" content=\"https:\/\/blogs.donboscovolunteers.de\/nikoinargentinien\/wp-content\/uploads\/sites\/21668\/2022\/10\/PHOTO-2022-06-12-12-04-40-2.jpg\" \/>\n<meta name=\"twitter:card\" content=\"summary_large_image\" \/>\n<meta name=\"twitter:label1\" content=\"Gesch\u00e4tzte Lesezeit\" \/>\n\t<meta name=\"twitter:data1\" content=\"1\u00a0Minute\" \/>\n<script type=\"application\/ld+json\" class=\"yoast-schema-graph\">{\"@context\":\"https:\/\/schema.org\",\"@graph\":[{\"@type\":\"WebPage\",\"@id\":\"https:\/\/blogs.donboscovolunteers.de\/nikoinargentinien\/ueber-mich\/\",\"url\":\"https:\/\/blogs.donboscovolunteers.de\/nikoinargentinien\/ueber-mich\/\",\"name\":\"\u00dcber mich - Niko in Argentinien\",\"isPartOf\":{\"@id\":\"https:\/\/blogs.donboscovolunteers.de\/nikoinargentinien\/#website\"},\"primaryImageOfPage\":{\"@id\":\"https:\/\/blogs.donboscovolunteers.de\/nikoinargentinien\/ueber-mich\/#primaryimage\"},\"image\":{\"@id\":\"https:\/\/blogs.donboscovolunteers.de\/nikoinargentinien\/ueber-mich\/#primaryimage\"},\"thumbnailUrl\":\"https:\/\/blogs.donboscovolunteers.de\/nikoinargentinien\/wp-content\/uploads\/sites\/21668\/2022\/10\/PHOTO-2022-06-12-12-04-40-2.jpg\",\"datePublished\":\"2022-10-26T16:25:15+00:00\",\"dateModified\":\"2022-10-26T16:56:15+00:00\",\"breadcrumb\":{\"@id\":\"https:\/\/blogs.donboscovolunteers.de\/nikoinargentinien\/ueber-mich\/#breadcrumb\"},\"inLanguage\":\"de\",\"potentialAction\":[{\"@type\":\"ReadAction\",\"target\":[\"https:\/\/blogs.donboscovolunteers.de\/nikoinargentinien\/ueber-mich\/\"]}]},{\"@type\":\"ImageObject\",\"inLanguage\":\"de\",\"@id\":\"https:\/\/blogs.donboscovolunteers.de\/nikoinargentinien\/ueber-mich\/#primaryimage\",\"url\":\"https:\/\/blogs.donboscovolunteers.de\/nikoinargentinien\/wp-content\/uploads\/sites\/21668\/2022\/10\/PHOTO-2022-06-12-12-04-40-2.jpg\",\"contentUrl\":\"https:\/\/blogs.donboscovolunteers.de\/nikoinargentinien\/wp-content\/uploads\/sites\/21668\/2022\/10\/PHOTO-2022-06-12-12-04-40-2.jpg\",\"width\":567,\"height\":1024},{\"@type\":\"BreadcrumbList\",\"@id\":\"https:\/\/blogs.donboscovolunteers.de\/nikoinargentinien\/ueber-mich\/#breadcrumb\",\"itemListElement\":[{\"@type\":\"ListItem\",\"position\":1,\"name\":\"Startseite\",\"item\":\"https:\/\/blogs.donboscovolunteers.de\/nikoinargentinien\/\"},{\"@type\":\"ListItem\",\"position\":2,\"name\":\"\u00dcber mich\"}]},{\"@type\":\"WebSite\",\"@id\":\"https:\/\/blogs.donboscovolunteers.de\/nikoinargentinien\/#website\",\"url\":\"https:\/\/blogs.donboscovolunteers.de\/nikoinargentinien\/\",\"name\":\"Niko in Argentinien\",\"description\":\"Eine weitere Don Bosco Volunteers Blog Website\",\"potentialAction\":[{\"@type\":\"SearchAction\",\"target\":{\"@type\":\"EntryPoint\",\"urlTemplate\":\"https:\/\/blogs.donboscovolunteers.de\/nikoinargentinien\/?s={search_term_string}\"},\"query-input\":{\"@type\":\"PropertyValueSpecification\",\"valueRequired\":true,\"valueName\":\"search_term_string\"}}],\"inLanguage\":\"de\"}]}<\/script>\n<!-- \/ Yoast SEO plugin. -->","yoast_head_json":{"title":"\u00dcber mich - Niko in Argentinien","robots":{"index":"index","follow":"follow","max-snippet":"max-snippet:-1","max-image-preview":"max-image-preview:large","max-video-preview":"max-video-preview:-1"},"canonical":"https:\/\/blogs.donboscovolunteers.de\/nikoinargentinien\/ueber-mich\/","og_locale":"de_DE","og_type":"article","og_title":"\u00dcber mich - Niko in Argentinien","og_description":"Hallo, ich bin Niko, 18 Jahre alt und komme aus Essen. In meiner Freizeit spiele ich sehr gerne Fu\u00dfball und verbringe gerne Zeit mit mit meiner Familie und Freunden. Ich habe dieses Jahr mein Abitur gemacht und den Entschluss gefasst, nach der Schule einen Freiwilligendienst in Nordpatagonien, Argentinien leisten. Hier bin ich jetzt und versuche [&hellip;]","og_url":"https:\/\/blogs.donboscovolunteers.de\/nikoinargentinien\/ueber-mich\/","og_site_name":"Niko in Argentinien","article_modified_time":"2022-10-26T16:56:15+00:00","og_image":[{"url":"https:\/\/blogs.donboscovolunteers.de\/nikoinargentinien\/wp-content\/uploads\/sites\/21668\/2022\/10\/PHOTO-2022-06-12-12-04-40-2.jpg","type":"","width":"","height":""}],"twitter_card":"summary_large_image","twitter_misc":{"Gesch\u00e4tzte Lesezeit":"1\u00a0Minute"},"schema":{"@context":"https:\/\/schema.org","@graph":[{"@type":"WebPage","@id":"https:\/\/blogs.donboscovolunteers.de\/nikoinargentinien\/ueber-mich\/","url":"https:\/\/blogs.donboscovolunteers.de\/nikoinargentinien\/ueber-mich\/","name":"\u00dcber mich - Niko in Argentinien","isPartOf":{"@id":"https:\/\/blogs.donboscovolunteers.de\/nikoinargentinien\/#website"},"primaryImageOfPage":{"@id":"https:\/\/blogs.donboscovolunteers.de\/nikoinargentinien\/ueber-mich\/#primaryimage"},"image":{"@id":"https:\/\/blogs.donboscovolunteers.de\/nikoinargentinien\/ueber-mich\/#primaryimage"},"thumbnailUrl":"https:\/\/blogs.donboscovolunteers.de\/nikoinargentinien\/wp-content\/uploads\/sites\/21668\/2022\/10\/PHOTO-2022-06-12-12-04-40-2.jpg","datePublished":"2022-10-26T16:25:15+00:00","dateModified":"2022-10-26T16:56:15+00:00","breadcrumb":{"@id":"https:\/\/blogs.donboscovolunteers.de\/nikoinargentinien\/ueber-mich\/#breadcrumb"},"inLanguage":"de","potentialAction":[{"@type":"ReadAction","target":["https:\/\/blogs.donboscovolunteers.de\/nikoinargentinien\/ueber-mich\/"]}]},{"@type":"ImageObject","inLanguage":"de","@id":"https:\/\/blogs.donboscovolunteers.de\/nikoinargentinien\/ueber-mich\/#primaryimage","url":"https:\/\/blogs.donboscovolunteers.de\/nikoinargentinien\/wp-content\/uploads\/sites\/21668\/2022\/10\/PHOTO-2022-06-12-12-04-40-2.jpg","contentUrl":"https:\/\/blogs.donboscovolunteers.de\/nikoinargentinien\/wp-content\/uploads\/sites\/21668\/2022\/10\/PHOTO-2022-06-12-12-04-40-2.jpg","width":567,"height":1024},{"@type":"BreadcrumbList","@id":"https:\/\/blogs.donboscovolunteers.de\/nikoinargentinien\/ueber-mich\/#breadcrumb","itemListElement":[{"@type":"ListItem","position":1,"name":"Startseite","item":"https:\/\/blogs.donboscovolunteers.de\/nikoinargentinien\/"},{"@type":"ListItem","position":2,"name":"\u00dcber mich"}]},{"@type":"WebSite","@id":"https:\/\/blogs.donboscovolunteers.de\/nikoinargentinien\/#website","url":"https:\/\/blogs.donboscovolunteers.de\/nikoinargentinien\/","name":"Niko in Argentinien","description":"Eine weitere Don Bosco Volunteers Blog Website","potentialAction":[{"@type":"SearchAction","target":{"@type":"EntryPoint","urlTemplate":"https:\/\/blogs.donboscovolunteers.de\/nikoinargentinien\/?s={search_term_string}"},"query-input":{"@type":"PropertyValueSpecification","valueRequired":true,"valueName":"search_term_string"}}],"inLanguage":"de"}]}},"_links":{"self":[{"href":"https:\/\/blogs.donboscovolunteers.de\/nikoinargentinien\/wp-json\/wp\/v2\/pages\/9","targetHints":{"allow":["GET"]}}],"collection":[{"href":"https:\/\/blogs.donboscovolunteers.de\/nikoinargentinien\/wp-json\/wp\/v2\/pages"}],"about":[{"href":"https:\/\/blogs.donboscovolunteers.de\/nikoinargentinien\/wp-json\/wp\/v2\/types\/page"}],"author":[{"embeddable":true,"href":"https:\/\/blogs.donboscovolunteers.de\/nikoinargentinien\/wp-json\/wp\/v2\/users\/21763"}],"replies":[{"embeddable":true,"href":"https:\/\/blogs.donboscovolunteers.de\/nikoinargentinien\/wp-json\/wp\/v2\/comments?post=9"}],"version-history":[{"count":2,"href":"https:\/\/blogs.donboscovolunteers.de\/nikoinargentinien\/wp-json\/wp\/v2\/pages\/9\/revisions"}],"predecessor-version":[{"id":24,"href":"https:\/\/blogs.donboscovolunteers.de\/nikoinargentinien\/wp-json\/wp\/v2\/pages\/9\/revisions\/24"}],"wp:attachment":[{"href":"https:\/\/blogs.donboscovolunteers.de\/nikoinargentinien\/wp-json\/wp\/v2\/media?parent=9"}],"curies":[{"name":"wp","href":"https:\/\/api.w.org\/{rel}","templated":true}]}}