{"id":18,"date":"2020-10-21T14:32:13","date_gmt":"2020-10-21T12:32:13","guid":{"rendered":"https:\/\/blogs.donboscovolunteers.de\/neweyesfortheworld\/?page_id=18"},"modified":"2021-03-16T21:18:53","modified_gmt":"2021-03-16T20:18:53","slug":"spenden","status":"publish","type":"page","link":"https:\/\/blogs.donboscovolunteers.de\/neweyesfortheworld\/spenden\/","title":{"rendered":"Spenden"},"content":{"rendered":"<p>Liebe Besucher * innen, <br>ein Auslandsjahr und auch die Akademie ist eine wundervolle Sache! Wir kommen mehr in Kontakt mit Problemen der Welt und lernen eigene L\u00f6sungswege kenne. Wir werden angeregt, uns mehr mit uns und der Umwelt um uns herum zu besch\u00e4ftigen. Alles, was wir hier lernen, wird mich pr\u00e4gen und vielleicht auch Ansichten von mir \u00e4ndern. Und dies k\u00f6nnte auch f\u00fcr die Gesellschaft bereichernd sein, wenn ich meine Erfahrungen danach mit einbringen kann. Jungen Leuten neue Perspektiven aufzeigen, Projekte verwirklichen und andere auf Probleme aufmerksam zu machen, sind alles Dinge, die ich hierbei lernen werde. Zudem kann es mich selbstbewusster machen und ich lerne eigene Umg\u00e4nge mit Hindernissen. <\/p>\n\n\n\n<p><br>Jeder kann die Welt ver\u00e4ndern! Und ich m\u00f6chte einen Beitrag dazu leisten!<\/p>\n\n\n\n<p><br>Aber daf\u00fcr brauche ich Eure Unterst\u00fctzung.  <br>Wir werden zu 75 % von dem \u201eweltw\u00e4rts\u201c- Programm gef\u00f6rdert. Den Rest m\u00fcssen wir selber aufbringen. Wenn jemand von Euch mich also gerne unterst\u00fctzen m\u00f6chte, w\u00fcrde ich mich sehr dar\u00fcber freuen. Und auch wenn mein Dienst nun anders aussieht, freue ich mich \u00fcber jede Hilfe. Auch in meiner aktuellen Arbeit nehme ich viel mit. <\/p>\n\n\n\n<p>Spendenkonto:<\/p>\n\n\n\n<ul class=\"wp-block-list\"><li>Konto: <a href=\"https:\/\/www.donboscomission.de\/don-bosco\/\">Don Bosco<\/a> Mission<\/li><li>Bank: Sparkasse K\u00f6ln Bonn<\/li><li>IBAN: DE89 3705 0198 0000 0994 99<\/li><li>BIC: COLSDE 33<\/li><li>Verwendungszweck: Annika Pietrusky S20VR011  (unbedingt mit angeben)<\/li><\/ul>\n\n\n\n<p><\/p>","protected":false},"excerpt":{"rendered":"<p>Liebe Besucher * innen, ein Auslandsjahr und auch die Akademie ist eine wundervolle Sache! Wir kommen mehr in Kontakt mit Problemen der Welt und lernen eigene L\u00f6sungswege kenne. Wir werden angeregt, uns mehr mit uns und der Umwelt um uns herum zu besch\u00e4ftigen. Alles, was wir hier lernen, wird mich pr\u00e4gen und vielleicht auch Ansichten [&hellip;]<\/p>\n","protected":false},"author":21683,"featured_media":0,"parent":0,"menu_order":0,"comment_status":"closed","ping_status":"closed","template":"","meta":{"footnotes":""},"class_list":["post-18","page","type-page","status-publish","hentry"],"yoast_head":"<!-- This site is optimized with the Yoast SEO plugin v25.3.1 - https:\/\/yoast.com\/wordpress\/plugins\/seo\/ -->\n<title>Spenden - New eyes for the world<\/title>\n<meta name=\"robots\" content=\"index, follow, max-snippet:-1, max-image-preview:large, max-video-preview:-1\" \/>\n<link rel=\"canonical\" href=\"https:\/\/blogs.donboscovolunteers.de\/neweyesfortheworld\/spenden\/\" \/>\n<meta property=\"og:locale\" content=\"de_DE\" \/>\n<meta property=\"og:type\" content=\"article\" \/>\n<meta property=\"og:title\" content=\"Spenden - New eyes for the world\" \/>\n<meta property=\"og:description\" content=\"Liebe Besucher * innen, ein Auslandsjahr und auch die Akademie ist eine wundervolle Sache! Wir kommen mehr in Kontakt mit Problemen der Welt und lernen eigene L\u00f6sungswege kenne. Wir werden angeregt, uns mehr mit uns und der Umwelt um uns herum zu besch\u00e4ftigen. Alles, was wir hier lernen, wird mich pr\u00e4gen und vielleicht auch Ansichten [&hellip;]\" \/>\n<meta property=\"og:url\" content=\"https:\/\/blogs.donboscovolunteers.de\/neweyesfortheworld\/spenden\/\" \/>\n<meta property=\"og:site_name\" content=\"New eyes for the world\" \/>\n<meta property=\"article:modified_time\" content=\"2021-03-16T20:18:53+00:00\" \/>\n<meta name=\"twitter:card\" content=\"summary_large_image\" \/>\n<meta name=\"twitter:label1\" content=\"Gesch\u00e4tzte Lesezeit\" \/>\n\t<meta name=\"twitter:data1\" content=\"1\u00a0Minute\" \/>\n<script type=\"application\/ld+json\" class=\"yoast-schema-graph\">{\"@context\":\"https:\/\/schema.org\",\"@graph\":[{\"@type\":\"WebPage\",\"@id\":\"https:\/\/blogs.donboscovolunteers.de\/neweyesfortheworld\/spenden\/\",\"url\":\"https:\/\/blogs.donboscovolunteers.de\/neweyesfortheworld\/spenden\/\",\"name\":\"Spenden - New eyes for the world\",\"isPartOf\":{\"@id\":\"https:\/\/blogs.donboscovolunteers.de\/neweyesfortheworld\/#website\"},\"datePublished\":\"2020-10-21T12:32:13+00:00\",\"dateModified\":\"2021-03-16T20:18:53+00:00\",\"breadcrumb\":{\"@id\":\"https:\/\/blogs.donboscovolunteers.de\/neweyesfortheworld\/spenden\/#breadcrumb\"},\"inLanguage\":\"de\",\"potentialAction\":[{\"@type\":\"ReadAction\",\"target\":[\"https:\/\/blogs.donboscovolunteers.de\/neweyesfortheworld\/spenden\/\"]}]},{\"@type\":\"BreadcrumbList\",\"@id\":\"https:\/\/blogs.donboscovolunteers.de\/neweyesfortheworld\/spenden\/#breadcrumb\",\"itemListElement\":[{\"@type\":\"ListItem\",\"position\":1,\"name\":\"Startseite\",\"item\":\"https:\/\/blogs.donboscovolunteers.de\/neweyesfortheworld\/\"},{\"@type\":\"ListItem\",\"position\":2,\"name\":\"Spenden\"}]},{\"@type\":\"WebSite\",\"@id\":\"https:\/\/blogs.donboscovolunteers.de\/neweyesfortheworld\/#website\",\"url\":\"https:\/\/blogs.donboscovolunteers.de\/neweyesfortheworld\/\",\"name\":\"New eyes for the world\",\"description\":\"Abenteuer Ausland mit Annika\",\"potentialAction\":[{\"@type\":\"SearchAction\",\"target\":{\"@type\":\"EntryPoint\",\"urlTemplate\":\"https:\/\/blogs.donboscovolunteers.de\/neweyesfortheworld\/?s={search_term_string}\"},\"query-input\":{\"@type\":\"PropertyValueSpecification\",\"valueRequired\":true,\"valueName\":\"search_term_string\"}}],\"inLanguage\":\"de\"}]}<\/script>\n<!-- \/ Yoast SEO plugin. -->","yoast_head_json":{"title":"Spenden - New eyes for the world","robots":{"index":"index","follow":"follow","max-snippet":"max-snippet:-1","max-image-preview":"max-image-preview:large","max-video-preview":"max-video-preview:-1"},"canonical":"https:\/\/blogs.donboscovolunteers.de\/neweyesfortheworld\/spenden\/","og_locale":"de_DE","og_type":"article","og_title":"Spenden - New eyes for the world","og_description":"Liebe Besucher * innen, ein Auslandsjahr und auch die Akademie ist eine wundervolle Sache! Wir kommen mehr in Kontakt mit Problemen der Welt und lernen eigene L\u00f6sungswege kenne. Wir werden angeregt, uns mehr mit uns und der Umwelt um uns herum zu besch\u00e4ftigen. Alles, was wir hier lernen, wird mich pr\u00e4gen und vielleicht auch Ansichten [&hellip;]","og_url":"https:\/\/blogs.donboscovolunteers.de\/neweyesfortheworld\/spenden\/","og_site_name":"New eyes for the world","article_modified_time":"2021-03-16T20:18:53+00:00","twitter_card":"summary_large_image","twitter_misc":{"Gesch\u00e4tzte Lesezeit":"1\u00a0Minute"},"schema":{"@context":"https:\/\/schema.org","@graph":[{"@type":"WebPage","@id":"https:\/\/blogs.donboscovolunteers.de\/neweyesfortheworld\/spenden\/","url":"https:\/\/blogs.donboscovolunteers.de\/neweyesfortheworld\/spenden\/","name":"Spenden - New eyes for the world","isPartOf":{"@id":"https:\/\/blogs.donboscovolunteers.de\/neweyesfortheworld\/#website"},"datePublished":"2020-10-21T12:32:13+00:00","dateModified":"2021-03-16T20:18:53+00:00","breadcrumb":{"@id":"https:\/\/blogs.donboscovolunteers.de\/neweyesfortheworld\/spenden\/#breadcrumb"},"inLanguage":"de","potentialAction":[{"@type":"ReadAction","target":["https:\/\/blogs.donboscovolunteers.de\/neweyesfortheworld\/spenden\/"]}]},{"@type":"BreadcrumbList","@id":"https:\/\/blogs.donboscovolunteers.de\/neweyesfortheworld\/spenden\/#breadcrumb","itemListElement":[{"@type":"ListItem","position":1,"name":"Startseite","item":"https:\/\/blogs.donboscovolunteers.de\/neweyesfortheworld\/"},{"@type":"ListItem","position":2,"name":"Spenden"}]},{"@type":"WebSite","@id":"https:\/\/blogs.donboscovolunteers.de\/neweyesfortheworld\/#website","url":"https:\/\/blogs.donboscovolunteers.de\/neweyesfortheworld\/","name":"New eyes for the world","description":"Abenteuer Ausland mit Annika","potentialAction":[{"@type":"SearchAction","target":{"@type":"EntryPoint","urlTemplate":"https:\/\/blogs.donboscovolunteers.de\/neweyesfortheworld\/?s={search_term_string}"},"query-input":{"@type":"PropertyValueSpecification","valueRequired":true,"valueName":"search_term_string"}}],"inLanguage":"de"}]}},"_links":{"self":[{"href":"https:\/\/blogs.donboscovolunteers.de\/neweyesfortheworld\/wp-json\/wp\/v2\/pages\/18","targetHints":{"allow":["GET"]}}],"collection":[{"href":"https:\/\/blogs.donboscovolunteers.de\/neweyesfortheworld\/wp-json\/wp\/v2\/pages"}],"about":[{"href":"https:\/\/blogs.donboscovolunteers.de\/neweyesfortheworld\/wp-json\/wp\/v2\/types\/page"}],"author":[{"embeddable":true,"href":"https:\/\/blogs.donboscovolunteers.de\/neweyesfortheworld\/wp-json\/wp\/v2\/users\/21683"}],"replies":[{"embeddable":true,"href":"https:\/\/blogs.donboscovolunteers.de\/neweyesfortheworld\/wp-json\/wp\/v2\/comments?post=18"}],"version-history":[{"count":4,"href":"https:\/\/blogs.donboscovolunteers.de\/neweyesfortheworld\/wp-json\/wp\/v2\/pages\/18\/revisions"}],"predecessor-version":[{"id":184,"href":"https:\/\/blogs.donboscovolunteers.de\/neweyesfortheworld\/wp-json\/wp\/v2\/pages\/18\/revisions\/184"}],"wp:attachment":[{"href":"https:\/\/blogs.donboscovolunteers.de\/neweyesfortheworld\/wp-json\/wp\/v2\/media?parent=18"}],"curies":[{"name":"wp","href":"https:\/\/api.w.org\/{rel}","templated":true}]}}