{"id":111,"date":"2020-11-25T17:54:31","date_gmt":"2020-11-25T16:54:31","guid":{"rendered":"https:\/\/blogs.donboscovolunteers.de\/neweyesfortheworld\/?page_id=111"},"modified":"2021-02-07T15:13:34","modified_gmt":"2021-02-07T14:13:34","slug":"folgt-bald","status":"publish","type":"page","link":"https:\/\/blogs.donboscovolunteers.de\/neweyesfortheworld\/folgt-bald\/","title":{"rendered":"Adventskalender"},"content":{"rendered":"<figure class=\"wp-block-image size-large\"><img loading=\"lazy\" decoding=\"async\" width=\"768\" height=\"1024\" src=\"https:\/\/blogs.donboscovolunteers.de\/neweyesfortheworld\/wp-content\/uploads\/sites\/21619\/2020\/11\/IMG_20201129_130015_100-768x1024.jpg\" alt=\"\" class=\"wp-image-118\" srcset=\"https:\/\/blogs.donboscovolunteers.de\/neweyesfortheworld\/wp-content\/uploads\/sites\/21619\/2020\/11\/IMG_20201129_130015_100-768x1024.jpg 768w, https:\/\/blogs.donboscovolunteers.de\/neweyesfortheworld\/wp-content\/uploads\/sites\/21619\/2020\/11\/IMG_20201129_130015_100-225x300.jpg 225w, https:\/\/blogs.donboscovolunteers.de\/neweyesfortheworld\/wp-content\/uploads\/sites\/21619\/2020\/11\/IMG_20201129_130015_100-900x1200.jpg 900w, https:\/\/blogs.donboscovolunteers.de\/neweyesfortheworld\/wp-content\/uploads\/sites\/21619\/2020\/11\/IMG_20201129_130015_100.jpg 960w\" sizes=\"auto, (max-width: 768px) 100vw, 768px\" \/><\/figure>\n\n\n\n<p>Die Adventskalenderzeit beginnt in zwei Tagen. Der erste Advent ist schon heute! F\u00fcr mich immer eine besinnliche und durch Vorfreude gespickte Zeit. Auch wenn das Winterfeeling, durch mangelnden Schnee in meiner Heimat, die letzten Jahre etwas schwieriger zu erreichen war. Durch Pl\u00e4tzchen, Kerzenlicht oder Weihnachtsfeiern in Schule und Vereinen, ist allerdings doch immer gut Weihnachtsstimmung aufgekommen. Ich bin gespannt, wie es sich hier in Bayern, weg von Zuhause, anf\u00fchlen wird. Dabei m\u00f6chte ich Euch gerne mitnehmen. Passend zu einigen Impulsen in den Seminaren der letzten Wochen m\u00f6chte ich jeden Abend eine besondere Erinnerung des Tages mit Euch teilen. Einen Gl\u00fccksmoment, einen besinnlichen Moment, oder was auch immer mir an diesem Tag viel bedeutet hat. Lasst Euch ein auf meinen ganz pers\u00f6nlichen Adventskalender \ud83d\udc9c. Ich w\u00fcnsche Euch Allen einen tollen ersten Advent und eine besinnliche Adventszeit!<\/p>\n\n\n\n<figure class=\"wp-block-image size-large\"><img loading=\"lazy\" decoding=\"async\" width=\"682\" height=\"1024\" src=\"https:\/\/blogs.donboscovolunteers.de\/neweyesfortheworld\/wp-content\/uploads\/sites\/21619\/2020\/11\/IMG_0174-682x1024.jpg\" alt=\"\" class=\"wp-image-115\" srcset=\"https:\/\/blogs.donboscovolunteers.de\/neweyesfortheworld\/wp-content\/uploads\/sites\/21619\/2020\/11\/IMG_0174-682x1024.jpg 682w, https:\/\/blogs.donboscovolunteers.de\/neweyesfortheworld\/wp-content\/uploads\/sites\/21619\/2020\/11\/IMG_0174-200x300.jpg 200w, https:\/\/blogs.donboscovolunteers.de\/neweyesfortheworld\/wp-content\/uploads\/sites\/21619\/2020\/11\/IMG_0174-768x1152.jpg 768w, https:\/\/blogs.donboscovolunteers.de\/neweyesfortheworld\/wp-content\/uploads\/sites\/21619\/2020\/11\/IMG_0174.jpg 853w\" sizes=\"auto, (max-width: 682px) 100vw, 682px\" \/><\/figure>\n\n\n\n<h2 class=\"wp-block-heading\">24. Dezember<\/h2>\n\n\n\n<p>Ich w\u00fcnsche allen Leser *innen ein besinnliches Weihnachtsfest! Genie\u00dft die Zeit mit der Familie &#8211; in welcher Form auch immer. \ud83c\udf84\u2764\ufe0f<\/p>\n\n\n\n<h2 class=\"wp-block-heading\">23. Dezember<\/h2>\n\n\n\n<p>Ich habe heute eine echt tolle und lustige Runde Kniffel mit der ganzen Familie gespielt. <\/p>\n\n\n\n<h2 class=\"wp-block-heading\">22. Dezember <\/h2>\n\n\n\n<p>&#8222;In der Weihnachtsb\u00e4ckerei&#8220; hie\u00df es heute bei mir Daheim. Nach dem es die letzten Tage nie geklappt hat, sind wir heute endlich zum Pl\u00e4tzchen backen gekommen. \ud83c\udf6a<\/p>\n\n\n\n<h2 class=\"wp-block-heading\">21. Dezember <\/h2>\n\n\n\n<p>Der Spaziergang mit Bailey heute hat sehr gut funktioniert. Wir sind nur leider alle recht nass geworden. <\/p>\n\n\n\n<h2 class=\"wp-block-heading\">20. Dezember<\/h2>\n\n\n\n<p>Heute bin ich schon sehr fr\u00fch &#8211; f\u00fcr meine Verh\u00e4ltnisse &#8211; schlafen gegangen. Das hat echt gut getan. \ud83d\ude34<\/p>\n\n\n\n<h2 class=\"wp-block-heading\">19. Dezember <\/h2>\n\n\n\n<p>Der Filmabend mit meiner Familie heute war sehr sch\u00f6n! \u2764\ufe0f\ud83d\udc9c<\/p>\n\n\n\n<h2 class=\"wp-block-heading\">18. Dezember <\/h2>\n\n\n\n<p>Heute gab es einen bedeutsamen Moment f\u00fcr mich: Ich hab mich mit m\u00f6glichen Erzieherschulen auseinander gesetzt und \u00fcberlegt wo ich mich f\u00fcr n\u00e4chstes Jahr bewerben will, wenn meine Zeit bei <a href=\"https:\/\/www.donboscomission.de\/don-bosco\/\">Don Bosco<\/a> leider vor\u00fcber ist. <\/p>\n\n\n\n<h2 class=\"wp-block-heading\">17. Dezember <\/h2>\n\n\n\n<p>Ganz entspannt mit Mama und Bailey spazieren gehen, wobei Bailey zum Gro\u00dfteil schon frei l\u00e4uft &#8211; herrlich! \u2764\ufe0f<\/p>\n\n\n\n<h2 class=\"wp-block-heading\">16. Dezember <\/h2>\n\n\n\n<p>Auch heute gab es zwei absolute Gl\u00fccksmomente: zum Ersten mit meinem Bruder in eine Decke eingekuschelt Weihnachtsb\u00fccher lesen \ud83d\udcd6 und zum Zweiten hab ich das ersten Mal unsere H\u00fcndin frei laufen lassen. \ud83d\udc36<\/p>\n\n\n\n<h2 class=\"wp-block-heading\">15. Dezember<\/h2>\n\n\n\n<p>Drei tolle Kleinigkeiten heute. Morgens hab ich meinen selbstgemachten Adventskalender endlich auspacken d\u00fcrfen. Danke Mama! Nachmittags hab ich eine spa\u00dfige Partie Siedler von Catan mit meinem j\u00fcngsten Bruder gespielt. Und jede Menge Knuddel und Spieleinheiten mit Bailey. <\/p>\n\n\n\n<h2 class=\"wp-block-heading\">14. Dezember <\/h2>\n\n\n\n<p>F\u00fcr mich nat\u00fcrlich absolutes Highlight heute: meine Familie wieder sehen &#8211; Mama, Papa, meine Br\u00fcder und Bailey unsere H\u00fcndin. \ud83d\udc68\u200d\ud83d\udc69\u200d\ud83d\udc66\u200d\ud83d\udc66\ud83d\udc36 Au\u00dferdem war der Snack am Bahnhof auf der R\u00fcckfahrt sehr lecker &#8211; die Erdnussso\u00dfe war himmlisch! <\/p>\n\n\n\n<h2 class=\"wp-block-heading\">13. Dezember<\/h2>\n\n\n\n<p>Am meisten bedeutet hat mir heute das gemeinsame Essen und der letzte gemeinsame Abend in der Gruppe und im Kloster. Es geht morgen in die Weihnachtsferien. \u26c4<\/p>\n\n\n\n<h2 class=\"wp-block-heading\">12. Dezember <\/h2>\n\n\n\n<p>Mein liebster Freund heute war mein Bett und meine Decke. Ich liebe das gem\u00fctliche Gef\u00fchl, wenn ich eingekuschelt bin und dementsprechend wurde das Bett heute kaum verlassen&#8230; \ud83d\ude05<\/p>\n\n\n\n<h2 class=\"wp-block-heading\">11. Dezember<\/h2>\n\n\n\n<p>Abends hab ich sp\u00e4t nochmal zuhause angerufen und hatte ein wirklich interessantes und lustiges Telefongespr\u00e4ch mit Papa. Ich war \u00fcberrascht, noch jemanden zu erreichen um 22.45 Uhr. <\/p>\n\n\n\n<h2 class=\"wp-block-heading\">10. Dezember <\/h2>\n\n\n\n<p>F\u00fcr mich war heute die gute Portion Schlaf \u00fcber den Nachmittag seeehr wichtig und hat, zumindest zum Teil, gut getan. Nachdem ich gestern\/heute Nacht nur wenige Schlafstunde abbekommen habe \ud83d\ude05. <\/p>\n\n\n\n<h2 class=\"wp-block-heading\">9. Dezember <\/h2>\n\n\n\n<p>Der ganze Tag war f\u00fcr mich einfach fantastisch! Dazu z\u00e4hlen viele Komponenten: richtig Schnee; einen Pulli ausgeliehen, den ich die ganze Zeit cool fand; toller Spaziergang; Kaffeekr\u00e4nzchen; ein Weihnachtsbaum im Seminarraum; und unglaublich liebevolle Menschen\u2764\ufe0f! <\/p>\n\n\n\n<h2 class=\"wp-block-heading\">8. Dezember<\/h2>\n\n\n\n<p>Beim Seminar heute morgen war ich fasziniert und \u00fcberrascht: ich habe zum ersten Mal in meinem Leben ein schwarzes Eichh\u00f6rnchen, aus dem Fenster, beobachtet. Ich war mir vorher nicht bewusst, dass es diese Farbvariante bei unseren einheimischen Eichh\u00f6rnchen gibt. Das war super niedlich! <\/p>\n\n\n\n<h2 class=\"wp-block-heading\">7. Dezember <\/h2>\n\n\n\n<p>Es war heute besonders sch\u00f6n, nochmal mit meinem Bruder zu telefonieren. Ich habe lange nicht mit ihm pers\u00f6nlich gesprochen und es hat mich sehr gefreut, dass wir uns \u00fcber den Stand der Dinge ausgetauscht haben. Ich vermisse dich! \ud83d\ude18<\/p>\n\n\n\n<h2 class=\"wp-block-heading\">6. Dezember <\/h2>\n\n\n\n<p>F\u00fcr mich war es heute ein toller Moment, als wir das eine Abschlusslied beim Gottesdienst gesungen haben und alle im Kreis standen, die H\u00e4nde auf den Schultern der Nachbarperson. Man konnte so sch\u00f6n unsere Verbundenheit als Gruppe sp\u00fcren und ich f\u00fchlte mich sehr wohl. <\/p>\n\n\n\n<h2 class=\"wp-block-heading\">5. Dezember <\/h2>\n\n\n\n<p>Was mir heute viel bedeutet hat, war jede einzelne Umarmung, jede Hand, die ich gehalten habe, jede Schulter zum Anlehnen und jedes Kompliment. Danke Euch! \u2764\ufe0f<\/p>\n\n\n\n<h2 class=\"wp-block-heading\">4. Dezember <\/h2>\n\n\n\n<p>Was mich heute gl\u00fccklich gemacht hat war das Ausschlafen und in die Decke gekuschelt langsam den Tag beginnen \ud83d\ude01. Au\u00dferdem die Sonnenstrahlen \u00fcber den Tag. <\/p>\n\n\n\n<h2 class=\"wp-block-heading\">3. Dezember <\/h2>\n\n\n\n<p>Mein Gl\u00fccksmoment heute war die Stimme von meiner Mama zu h\u00f6ren. Hab dich lieb! \ud83d\ude18<\/p>\n\n\n\n<h2 class=\"wp-block-heading\">2. Dezember <\/h2>\n\n\n\n<p>Heute machte es mich gl\u00fccklich bei der Guten Nacht zwischen meinen zwei besten Freundinnen zu liegen, die ich hier gefunden habe. Beide haben mir \u00fcber den R\u00fccken gestrichen bzw. meine Hand gehalten und ich hab mich sehr beh\u00fctet gef\u00fchlt! \ud83d\udc9c\u2764\ufe0f<\/p>\n\n\n\n<h2 class=\"wp-block-heading\">1. Dezember <\/h2>\n\n\n\n<p>Heute gab es sogar zwei Momente, die mich sehr gl\u00fccklich gemacht haben. Einmal der Schnee heute morgen: es war der erste hier unten und ich hab die ganze Zeit darauf gewartet! \u2744\ufe0f Und des Weiteren die hei\u00dfe Dusche heute Mittag &#8211; ich hab mir einfach das Wasser \u00fcber laufen lassen und mich mit geschlossenen Augen entspannt. Das tat sehr gut, gerade bei der K\u00e4lte drau\u00dfen. Ich hoffe es schneit noch \u00fcber Nacht. <\/p>","protected":false},"excerpt":{"rendered":"<p>Die Adventskalenderzeit beginnt in zwei Tagen. Der erste Advent ist schon heute! F\u00fcr mich immer eine besinnliche und durch Vorfreude gespickte Zeit. Auch wenn das Winterfeeling, durch mangelnden Schnee in meiner Heimat, die letzten Jahre etwas schwieriger zu erreichen war. Durch Pl\u00e4tzchen, Kerzenlicht oder Weihnachtsfeiern in Schule und Vereinen, ist allerdings doch immer gut Weihnachtsstimmung [&hellip;]<\/p>\n","protected":false},"author":21683,"featured_media":0,"parent":0,"menu_order":0,"comment_status":"closed","ping_status":"closed","template":"","meta":{"footnotes":""},"class_list":["post-111","page","type-page","status-publish","hentry"],"yoast_head":"<!-- This site is optimized with the Yoast SEO plugin v25.3.1 - https:\/\/yoast.com\/wordpress\/plugins\/seo\/ -->\n<title>Adventskalender - New eyes for the world<\/title>\n<meta name=\"robots\" content=\"index, follow, max-snippet:-1, max-image-preview:large, max-video-preview:-1\" \/>\n<link rel=\"canonical\" href=\"https:\/\/blogs.donboscovolunteers.de\/neweyesfortheworld\/folgt-bald\/\" \/>\n<meta property=\"og:locale\" content=\"de_DE\" \/>\n<meta property=\"og:type\" content=\"article\" \/>\n<meta property=\"og:title\" content=\"Adventskalender - New eyes for the world\" \/>\n<meta property=\"og:description\" content=\"Die Adventskalenderzeit beginnt in zwei Tagen. Der erste Advent ist schon heute! F\u00fcr mich immer eine besinnliche und durch Vorfreude gespickte Zeit. Auch wenn das Winterfeeling, durch mangelnden Schnee in meiner Heimat, die letzten Jahre etwas schwieriger zu erreichen war. Durch Pl\u00e4tzchen, Kerzenlicht oder Weihnachtsfeiern in Schule und Vereinen, ist allerdings doch immer gut Weihnachtsstimmung [&hellip;]\" \/>\n<meta property=\"og:url\" content=\"https:\/\/blogs.donboscovolunteers.de\/neweyesfortheworld\/folgt-bald\/\" \/>\n<meta property=\"og:site_name\" content=\"New eyes for the world\" \/>\n<meta property=\"article:modified_time\" content=\"2021-02-07T14:13:34+00:00\" \/>\n<meta property=\"og:image\" content=\"https:\/\/blogs.donboscovolunteers.de\/neweyesfortheworld\/wp-content\/uploads\/sites\/21619\/2020\/11\/IMG_20201129_130015_100-768x1024.jpg\" \/>\n<meta name=\"twitter:card\" content=\"summary_large_image\" \/>\n<meta name=\"twitter:label1\" content=\"Gesch\u00e4tzte Lesezeit\" \/>\n\t<meta name=\"twitter:data1\" content=\"5\u00a0Minuten\" \/>\n<script type=\"application\/ld+json\" class=\"yoast-schema-graph\">{\"@context\":\"https:\/\/schema.org\",\"@graph\":[{\"@type\":\"WebPage\",\"@id\":\"https:\/\/blogs.donboscovolunteers.de\/neweyesfortheworld\/folgt-bald\/\",\"url\":\"https:\/\/blogs.donboscovolunteers.de\/neweyesfortheworld\/folgt-bald\/\",\"name\":\"Adventskalender - New eyes for the world\",\"isPartOf\":{\"@id\":\"https:\/\/blogs.donboscovolunteers.de\/neweyesfortheworld\/#website\"},\"primaryImageOfPage\":{\"@id\":\"https:\/\/blogs.donboscovolunteers.de\/neweyesfortheworld\/folgt-bald\/#primaryimage\"},\"image\":{\"@id\":\"https:\/\/blogs.donboscovolunteers.de\/neweyesfortheworld\/folgt-bald\/#primaryimage\"},\"thumbnailUrl\":\"https:\/\/blogs.donboscovolunteers.de\/neweyesfortheworld\/wp-content\/uploads\/sites\/21619\/2020\/11\/IMG_20201129_130015_100-768x1024.jpg\",\"datePublished\":\"2020-11-25T16:54:31+00:00\",\"dateModified\":\"2021-02-07T14:13:34+00:00\",\"breadcrumb\":{\"@id\":\"https:\/\/blogs.donboscovolunteers.de\/neweyesfortheworld\/folgt-bald\/#breadcrumb\"},\"inLanguage\":\"de\",\"potentialAction\":[{\"@type\":\"ReadAction\",\"target\":[\"https:\/\/blogs.donboscovolunteers.de\/neweyesfortheworld\/folgt-bald\/\"]}]},{\"@type\":\"ImageObject\",\"inLanguage\":\"de\",\"@id\":\"https:\/\/blogs.donboscovolunteers.de\/neweyesfortheworld\/folgt-bald\/#primaryimage\",\"url\":\"https:\/\/blogs.donboscovolunteers.de\/neweyesfortheworld\/wp-content\/uploads\/sites\/21619\/2020\/11\/IMG_20201129_130015_100.jpg\",\"contentUrl\":\"https:\/\/blogs.donboscovolunteers.de\/neweyesfortheworld\/wp-content\/uploads\/sites\/21619\/2020\/11\/IMG_20201129_130015_100.jpg\",\"width\":960,\"height\":1280},{\"@type\":\"BreadcrumbList\",\"@id\":\"https:\/\/blogs.donboscovolunteers.de\/neweyesfortheworld\/folgt-bald\/#breadcrumb\",\"itemListElement\":[{\"@type\":\"ListItem\",\"position\":1,\"name\":\"Startseite\",\"item\":\"https:\/\/blogs.donboscovolunteers.de\/neweyesfortheworld\/\"},{\"@type\":\"ListItem\",\"position\":2,\"name\":\"Adventskalender\"}]},{\"@type\":\"WebSite\",\"@id\":\"https:\/\/blogs.donboscovolunteers.de\/neweyesfortheworld\/#website\",\"url\":\"https:\/\/blogs.donboscovolunteers.de\/neweyesfortheworld\/\",\"name\":\"New eyes for the world\",\"description\":\"Abenteuer Ausland mit Annika\",\"potentialAction\":[{\"@type\":\"SearchAction\",\"target\":{\"@type\":\"EntryPoint\",\"urlTemplate\":\"https:\/\/blogs.donboscovolunteers.de\/neweyesfortheworld\/?s={search_term_string}\"},\"query-input\":{\"@type\":\"PropertyValueSpecification\",\"valueRequired\":true,\"valueName\":\"search_term_string\"}}],\"inLanguage\":\"de\"}]}<\/script>\n<!-- \/ Yoast SEO plugin. -->","yoast_head_json":{"title":"Adventskalender - New eyes for the world","robots":{"index":"index","follow":"follow","max-snippet":"max-snippet:-1","max-image-preview":"max-image-preview:large","max-video-preview":"max-video-preview:-1"},"canonical":"https:\/\/blogs.donboscovolunteers.de\/neweyesfortheworld\/folgt-bald\/","og_locale":"de_DE","og_type":"article","og_title":"Adventskalender - New eyes for the world","og_description":"Die Adventskalenderzeit beginnt in zwei Tagen. Der erste Advent ist schon heute! F\u00fcr mich immer eine besinnliche und durch Vorfreude gespickte Zeit. Auch wenn das Winterfeeling, durch mangelnden Schnee in meiner Heimat, die letzten Jahre etwas schwieriger zu erreichen war. Durch Pl\u00e4tzchen, Kerzenlicht oder Weihnachtsfeiern in Schule und Vereinen, ist allerdings doch immer gut Weihnachtsstimmung [&hellip;]","og_url":"https:\/\/blogs.donboscovolunteers.de\/neweyesfortheworld\/folgt-bald\/","og_site_name":"New eyes for the world","article_modified_time":"2021-02-07T14:13:34+00:00","og_image":[{"url":"https:\/\/blogs.donboscovolunteers.de\/neweyesfortheworld\/wp-content\/uploads\/sites\/21619\/2020\/11\/IMG_20201129_130015_100-768x1024.jpg","type":"","width":"","height":""}],"twitter_card":"summary_large_image","twitter_misc":{"Gesch\u00e4tzte Lesezeit":"5\u00a0Minuten"},"schema":{"@context":"https:\/\/schema.org","@graph":[{"@type":"WebPage","@id":"https:\/\/blogs.donboscovolunteers.de\/neweyesfortheworld\/folgt-bald\/","url":"https:\/\/blogs.donboscovolunteers.de\/neweyesfortheworld\/folgt-bald\/","name":"Adventskalender - New eyes for the world","isPartOf":{"@id":"https:\/\/blogs.donboscovolunteers.de\/neweyesfortheworld\/#website"},"primaryImageOfPage":{"@id":"https:\/\/blogs.donboscovolunteers.de\/neweyesfortheworld\/folgt-bald\/#primaryimage"},"image":{"@id":"https:\/\/blogs.donboscovolunteers.de\/neweyesfortheworld\/folgt-bald\/#primaryimage"},"thumbnailUrl":"https:\/\/blogs.donboscovolunteers.de\/neweyesfortheworld\/wp-content\/uploads\/sites\/21619\/2020\/11\/IMG_20201129_130015_100-768x1024.jpg","datePublished":"2020-11-25T16:54:31+00:00","dateModified":"2021-02-07T14:13:34+00:00","breadcrumb":{"@id":"https:\/\/blogs.donboscovolunteers.de\/neweyesfortheworld\/folgt-bald\/#breadcrumb"},"inLanguage":"de","potentialAction":[{"@type":"ReadAction","target":["https:\/\/blogs.donboscovolunteers.de\/neweyesfortheworld\/folgt-bald\/"]}]},{"@type":"ImageObject","inLanguage":"de","@id":"https:\/\/blogs.donboscovolunteers.de\/neweyesfortheworld\/folgt-bald\/#primaryimage","url":"https:\/\/blogs.donboscovolunteers.de\/neweyesfortheworld\/wp-content\/uploads\/sites\/21619\/2020\/11\/IMG_20201129_130015_100.jpg","contentUrl":"https:\/\/blogs.donboscovolunteers.de\/neweyesfortheworld\/wp-content\/uploads\/sites\/21619\/2020\/11\/IMG_20201129_130015_100.jpg","width":960,"height":1280},{"@type":"BreadcrumbList","@id":"https:\/\/blogs.donboscovolunteers.de\/neweyesfortheworld\/folgt-bald\/#breadcrumb","itemListElement":[{"@type":"ListItem","position":1,"name":"Startseite","item":"https:\/\/blogs.donboscovolunteers.de\/neweyesfortheworld\/"},{"@type":"ListItem","position":2,"name":"Adventskalender"}]},{"@type":"WebSite","@id":"https:\/\/blogs.donboscovolunteers.de\/neweyesfortheworld\/#website","url":"https:\/\/blogs.donboscovolunteers.de\/neweyesfortheworld\/","name":"New eyes for the world","description":"Abenteuer Ausland mit Annika","potentialAction":[{"@type":"SearchAction","target":{"@type":"EntryPoint","urlTemplate":"https:\/\/blogs.donboscovolunteers.de\/neweyesfortheworld\/?s={search_term_string}"},"query-input":{"@type":"PropertyValueSpecification","valueRequired":true,"valueName":"search_term_string"}}],"inLanguage":"de"}]}},"_links":{"self":[{"href":"https:\/\/blogs.donboscovolunteers.de\/neweyesfortheworld\/wp-json\/wp\/v2\/pages\/111","targetHints":{"allow":["GET"]}}],"collection":[{"href":"https:\/\/blogs.donboscovolunteers.de\/neweyesfortheworld\/wp-json\/wp\/v2\/pages"}],"about":[{"href":"https:\/\/blogs.donboscovolunteers.de\/neweyesfortheworld\/wp-json\/wp\/v2\/types\/page"}],"author":[{"embeddable":true,"href":"https:\/\/blogs.donboscovolunteers.de\/neweyesfortheworld\/wp-json\/wp\/v2\/users\/21683"}],"replies":[{"embeddable":true,"href":"https:\/\/blogs.donboscovolunteers.de\/neweyesfortheworld\/wp-json\/wp\/v2\/comments?post=111"}],"version-history":[{"count":21,"href":"https:\/\/blogs.donboscovolunteers.de\/neweyesfortheworld\/wp-json\/wp\/v2\/pages\/111\/revisions"}],"predecessor-version":[{"id":152,"href":"https:\/\/blogs.donboscovolunteers.de\/neweyesfortheworld\/wp-json\/wp\/v2\/pages\/111\/revisions\/152"}],"wp:attachment":[{"href":"https:\/\/blogs.donboscovolunteers.de\/neweyesfortheworld\/wp-json\/wp\/v2\/media?parent=111"}],"curies":[{"name":"wp","href":"https:\/\/api.w.org\/{rel}","templated":true}]}}