{"id":41,"date":"2025-07-06T19:08:47","date_gmt":"2025-07-06T17:08:47","guid":{"rendered":"https:\/\/blogs.donboscovolunteers.de\/mongolunteer\/?page_id=41"},"modified":"2025-10-28T04:44:08","modified_gmt":"2025-10-28T03:44:08","slug":"reisefuehrer","status":"publish","type":"page","link":"https:\/\/blogs.donboscovolunteers.de\/mongolunteer\/reisefuehrer\/","title":{"rendered":"Reisef\u00fchrer"},"content":{"rendered":"<p>Ich kenne die Mongolei bisher nur durch Wikipedia-Eintr\u00e4ge und Dokumentationen vom MDR, aber klar ist: man k\u00f6nnte tausende B\u00fccher \u00fcber die Geschichte, die Kultur und die Natur dieses &#8222;Fleckchens&#8220; Erde schreiben und ich hab bisher nur die Titelseite gelesen. Auf dieser Seite m\u00f6chte ich deshalb \u00fcber das Jahr hinweg ein bisschen erz\u00e4hlen, was das eigentlich f\u00fcr ein Land ist und was es dort alles zu erleben und zu entdecken gibt. <\/p>\n\n\n\n<hr class=\"wp-block-separator has-alpha-channel-opacity\" \/>\n\n\n\n<h1 class=\"wp-block-heading\">Die Mongolei in Superlativen<\/h1>\n\n\n\n<p>Als erstes kommen nat\u00fcrlich ein paar allgemeine Infos. Liest man sich da ein bisschen ein, f\u00e4llt einem schnell auf, wie viele Einzigartigkeiten die Mongolei ausmachen und bev\u00f6lkern.<\/p>\n\n\n\n<div data-wp-interactive=\"core\/file\" class=\"wp-block-file\"><object data-wp-bind--hidden=\"!state.hasPdfPreview\" hidden class=\"wp-block-file__embed\" data=\"https:\/\/blogs.donboscovolunteers.de\/mongolunteer\/wp-content\/uploads\/sites\/21744\/2025\/10\/Mongolei-Karte-1.pdf\" type=\"application\/pdf\" style=\"width:100%;height:600px\" aria-label=\"Einbettung von Mongolei Karte.\"><\/object><a id=\"wp-block-file--media-7cea12d6-185b-4cb8-99be-3864027883b9\" href=\"https:\/\/blogs.donboscovolunteers.de\/mongolunteer\/wp-content\/uploads\/sites\/21744\/2025\/10\/Mongolei-Karte-1.pdf\">Mongolei Karte<\/a><a href=\"https:\/\/blogs.donboscovolunteers.de\/mongolunteer\/wp-content\/uploads\/sites\/21744\/2025\/10\/Mongolei-Karte-1.pdf\" class=\"wp-block-file__button wp-element-button\" download aria-describedby=\"wp-block-file--media-7cea12d6-185b-4cb8-99be-3864027883b9\">Herunterladen<\/a><\/div>\n\n\n\n<h3 class=\"wp-block-heading\">Superlativ Nr. 1: Menschenleere Weiten&nbsp;<\/h3>\n\n\n\n<p>Die Mongolei erstreckt sich auf einem Gebiet von ca. 1.564.000 km\u00b2, das ist ungef\u00e4hr vier mal so gro\u00df wie Deutschland. Bei der Einwohnerzahl sieht es da aber ganz anders aus, denn da sind es insgesamt sogar weniger als in Berlin, n\u00e4mlich ca. 3,5 Millionen. Das ergibt eine Einwohnerdichte von zwei Einwohnern\/km\u00b2, womit die Mongolei der am d\u00fcnnsten besiedelte Staat der Welt ist. Ungef\u00e4hr die H\u00e4lfte der Bev\u00f6lkerung lebt in der Hauptstadt Ulaanbaatar (wo ich auch bin).<\/p>\n\n\n\n<h3 class=\"wp-block-heading\">Superlativ Nr. 2: Die Nachbarschaftssituation<\/h3>\n\n\n\n<p>Die Mongolei hat genau zwei Nachbarl\u00e4nder: Russland und China. Die Regierungsform ist die einer parlamentarischen Demokratie und der Staat liegt laut Demokratieindex auf Platz 53 im weltweiten Vergleich (Deutschland liegt auf Platz 13). Es ist damit damit das weltweit einzige demokratische Land, das allein von autorit\u00e4ren Staatsregierungen umgeben ist. Die Beziehungen zu den Nachbarn kann man als einen ziemlicher Balanceakt zwischen wirtschaftlichen Abh\u00e4ngigkeiten und dem Streben nach mehr Souver\u00e4nit\u00e4t beschreiben.<\/p>\n\n\n\n<h3 class=\"wp-block-heading\">Superlativ(e) Nr. 3: Hoch hinaus<\/h3>\n\n\n\n<p>Das Land ist sowohl umgeben als auch durchzogen von mehreren Gebirgen &#8211; besonders im Norden und Zentrum. Ungef\u00e4hr 1\/3 der Landesfl\u00e4che gelten als Hochgebirge. Dazu z\u00e4hlen vor allem die drei gr\u00f6\u00dften Gebirge: Das&nbsp;<em>Altai<\/em>&nbsp;(W), das&nbsp;<em>Khangai<\/em>&nbsp;(Zentrum) und das&nbsp;<em>Khentii<\/em>&nbsp;(NO). Die Mongolei liegt durchschnittlich auf 1.580 m \u00fcber dem Meeresspiegel und damit auf Platz 14 der h\u00f6chsten L\u00e4nder der Welt. Die h\u00f6chste Erhebung des Landes ist der&nbsp;<em>Kh\u00fciten Orgil<\/em>&nbsp;mit einer H\u00f6he von 4.374 m. Neben den Gebirgen findet man auch zahlreiche andere Landschaftsformen, wie Salz- und S\u00fc\u00dfwasserseen, S\u00fcmpfe, Sandd\u00fcnen, Alpenw\u00e4lder, Gletscher, Thermalquellen und die bekannten Grasland-Steppen. Der gr\u00f6\u00dfte See ist der&nbsp;<em>Uvs Nuur<\/em>&nbsp;(Salzwasser) mit 3.350 km\u00b2. Etwas kleiner ist der&nbsp;<em>Khuvsgul Dalai<\/em>, einer der gr\u00f6\u00dften S\u00fc\u00dfwasserseen in Asien und das bedeutendste Trinkwasser-Reservoir der Region.<\/p>\n\n\n\n<h3 class=\"wp-block-heading\">Superlativ Nr. 4: Viel Nichts<\/h3>\n\n\n\n<p>&nbsp;Im S\u00fcden wird das Land etwas flacher und dort beginnt dann die gr\u00f6\u00dfte W\u00fcste Asiens: die Gobi. Je nachdem, welche Quelle man benutzt, erstreckt sie sich auf einem Gebiet von entweder 1,2 Mio km\u00b2 oder 2,3 Mio km\u00b2. Deshalb ist sich das Internet auch nicht ganz einig, ob sie jetzt die f\u00fcnft- oder drittgr\u00f6\u00dfte W\u00fcste der Welt ist. Fakt ist: sie ist ziemlich gro\u00df. In der Mongolei nimmt die Gobi ca. 1\/3 des Staatsgebiet ein, das ist etwas mehr als die H\u00e4lfte ihrer Gesamtfl\u00e4che. Auch da ist man sich aber nicht so ganz einig. Tats\u00e4chlich besteht die W\u00fcste nur zu 5% aus Sand. Den gr\u00f6\u00dften Teil machen Steppen- und Gebirgslandschaften aus. Besonders bekannt ist die Gobi f\u00fcr zahlreiche Dinosaurierfunde und ihre Bodensch\u00e4tze (letztere sind Haupteinnamequelle der Mongolei). Sie ist auch Heimat des weltweit gr\u00f6\u00dften Bestandes an zweih\u00f6ckrigen Kamelen und dem seltenen Gobi-B\u00e4r.<\/p>\n\n\n\n<h3 class=\"wp-block-heading\">Superlativ Nr. 5: Die Artenvielfalt<\/h3>\n\n\n\n<p>Was seine Tier- und Pflanzenwelt angeht, hat die Mongolei viel zu bieten: 2\/3 des Landes sind mit Grasland bedeckt, wo man auch in Europa bekannte Pflanzenarten, wie z.B. Edelwei\u00df oder Enzian finden kann. Die Landschaft z\u00e4hlt allein 3.000 eingetragen Blumenarten, dazu kommt die Vegetation von Nadelw\u00e4ldern, Gebirgen oder W\u00fcstenlandschaften. Ca. 150 Pflanzenarten davon kommen nur in der Mongolei vor. Genauso \u201ewild\u201c geht es auch in der Tierwelt her, mit bekannten S\u00e4ugetieraten, wie Grauw\u00f6lfen, Schneeleoparden, dem selten Gobi-B\u00e4r oder den wieder erfolgreich ausgewilderten Przewalski-Pferden. Die Vogelpopulation ist sogar noch \u00fcppiger. Am bekanntesten sind hier wahrscheinlich Geier, Kraniche und etliche Adler-Arten.<\/p>\n\n\n\n<h3 class=\"wp-block-heading\">Superlativ Nr. 6: Das Temperaturtheater<\/h3>\n\n\n\n<p>Dass es hier im Winter kalt wird, haben wir ja schon festgestellt. Das Klima wird zum einen durch die H\u00f6he des Landes bestimmt, aber auch den Fakt, dass es ein Binnenstaat (also kein Meereszugang) und fast vollst\u00e4ndig von Gebirgen umgeben ist. Das alles h\u00e4lt vor allem feuchte Winde ab, was die sehr langen, sehr kalten und auch trockenen Winter bedingt. Da kann es in bestimmten Gebieten sogar k\u00e4lter als -40\u00b0C werden. Eine Winterdepression liegt da irgendwie nahe, aber was das angeht, erfreut das Wetter mit \u00fcber 260 Sonnentagen im Jahr. Da f\u00e4llt einem der lange Winter vielleicht etwas leichter. Die Sommer sind daf\u00fcr relativ kurz (allgemein sagt man so von Juni bis August), aber auch ziemlich hei\u00df. Da klettert das Thermometer auch mal auf 30\u00b0C. Die \u00dcbergangszeiten sind ziemlich kurz und von extremen Temperaturunterschieden gepr\u00e4gt.<\/p>\n\n\n\n<p>Der letzte Rekord f\u00fcr heute: die durchschnittliche Jahrestemperatur von Ulaanbaatar liegt bei -2\u00b0C, womit sie die k\u00e4lteste Hauptstadt der Welt ist.<\/p>\n\n\n\n<div data-wp-interactive=\"core\/file\" class=\"wp-block-file\"><object data-wp-bind--hidden=\"!state.hasPdfPreview\" hidden class=\"wp-block-file__embed\" data=\"https:\/\/blogs.donboscovolunteers.de\/mongolunteer\/wp-content\/uploads\/sites\/21744\/2025\/10\/Quellen-fuer-Blog.pdf\" type=\"application\/pdf\" style=\"width:100%;height:600px\" aria-label=\"Einbettung von Quellen.\"><\/object><a id=\"wp-block-file--media-f6910cc4-af73-47e3-a8d1-2fe15f92a4f5\" href=\"https:\/\/blogs.donboscovolunteers.de\/mongolunteer\/wp-content\/uploads\/sites\/21744\/2025\/10\/Quellen-fuer-Blog.pdf\">Quellen<\/a><a href=\"https:\/\/blogs.donboscovolunteers.de\/mongolunteer\/wp-content\/uploads\/sites\/21744\/2025\/10\/Quellen-fuer-Blog.pdf\" class=\"wp-block-file__button wp-element-button\" download aria-describedby=\"wp-block-file--media-f6910cc4-af73-47e3-a8d1-2fe15f92a4f5\">Herunterladen<\/a><\/div>","protected":false},"excerpt":{"rendered":"<p>Ich kenne die Mongolei bisher nur durch Wikipedia-Eintr\u00e4ge und Dokumentationen vom MDR, aber klar ist: man k\u00f6nnte tausende B\u00fccher \u00fcber die Geschichte, die Kultur und die Natur dieses &#8222;Fleckchens&#8220; Erde schreiben und ich hab bisher nur die Titelseite gelesen. Auf dieser Seite m\u00f6chte ich deshalb \u00fcber das Jahr hinweg ein bisschen erz\u00e4hlen, was das eigentlich [&hellip;]<\/p>\n","protected":false},"author":21859,"featured_media":0,"parent":0,"menu_order":0,"comment_status":"closed","ping_status":"closed","template":"","meta":{"footnotes":""},"class_list":["post-41","page","type-page","status-publish","hentry"],"yoast_head":"<!-- This site is optimized with the Yoast SEO plugin v25.3.1 - https:\/\/yoast.com\/wordpress\/plugins\/seo\/ -->\n<title>Reisef\u00fchrer - \u201eDas Mongolunteer - ein Freiwilligendienst in der Mongolei\u201c<\/title>\n<meta name=\"robots\" content=\"index, follow, max-snippet:-1, max-image-preview:large, max-video-preview:-1\" \/>\n<link rel=\"canonical\" href=\"https:\/\/blogs.donboscovolunteers.de\/mongolunteer\/reisefuehrer\/\" \/>\n<meta property=\"og:locale\" content=\"de_DE\" \/>\n<meta property=\"og:type\" content=\"article\" \/>\n<meta property=\"og:title\" content=\"Reisef\u00fchrer - \u201eDas Mongolunteer - ein Freiwilligendienst in der Mongolei\u201c\" \/>\n<meta property=\"og:description\" content=\"Ich kenne die Mongolei bisher nur durch Wikipedia-Eintr\u00e4ge und Dokumentationen vom MDR, aber klar ist: man k\u00f6nnte tausende B\u00fccher \u00fcber die Geschichte, die Kultur und die Natur dieses &#8222;Fleckchens&#8220; Erde schreiben und ich hab bisher nur die Titelseite gelesen. Auf dieser Seite m\u00f6chte ich deshalb \u00fcber das Jahr hinweg ein bisschen erz\u00e4hlen, was das eigentlich [&hellip;]\" \/>\n<meta property=\"og:url\" content=\"https:\/\/blogs.donboscovolunteers.de\/mongolunteer\/reisefuehrer\/\" \/>\n<meta property=\"og:site_name\" content=\"\u201eDas Mongolunteer - ein Freiwilligendienst in der Mongolei\u201c\" \/>\n<meta property=\"article:modified_time\" content=\"2025-10-28T03:44:08+00:00\" \/>\n<meta name=\"twitter:card\" content=\"summary_large_image\" \/>\n<meta name=\"twitter:label1\" content=\"Gesch\u00e4tzte Lesezeit\" \/>\n\t<meta name=\"twitter:data1\" content=\"5\u00a0Minuten\" \/>\n<script type=\"application\/ld+json\" class=\"yoast-schema-graph\">{\"@context\":\"https:\/\/schema.org\",\"@graph\":[{\"@type\":\"WebPage\",\"@id\":\"https:\/\/blogs.donboscovolunteers.de\/mongolunteer\/reisefuehrer\/\",\"url\":\"https:\/\/blogs.donboscovolunteers.de\/mongolunteer\/reisefuehrer\/\",\"name\":\"Reisef\u00fchrer - \u201eDas Mongolunteer - ein Freiwilligendienst in der Mongolei\u201c\",\"isPartOf\":{\"@id\":\"https:\/\/blogs.donboscovolunteers.de\/mongolunteer\/#website\"},\"datePublished\":\"2025-07-06T17:08:47+00:00\",\"dateModified\":\"2025-10-28T03:44:08+00:00\",\"breadcrumb\":{\"@id\":\"https:\/\/blogs.donboscovolunteers.de\/mongolunteer\/reisefuehrer\/#breadcrumb\"},\"inLanguage\":\"de\",\"potentialAction\":[{\"@type\":\"ReadAction\",\"target\":[\"https:\/\/blogs.donboscovolunteers.de\/mongolunteer\/reisefuehrer\/\"]}]},{\"@type\":\"BreadcrumbList\",\"@id\":\"https:\/\/blogs.donboscovolunteers.de\/mongolunteer\/reisefuehrer\/#breadcrumb\",\"itemListElement\":[{\"@type\":\"ListItem\",\"position\":1,\"name\":\"Startseite\",\"item\":\"https:\/\/blogs.donboscovolunteers.de\/mongolunteer\/\"},{\"@type\":\"ListItem\",\"position\":2,\"name\":\"Reisef\u00fchrer\"}]},{\"@type\":\"WebSite\",\"@id\":\"https:\/\/blogs.donboscovolunteers.de\/mongolunteer\/#website\",\"url\":\"https:\/\/blogs.donboscovolunteers.de\/mongolunteer\/\",\"name\":\"\u201eDas Mongolunteer - ein Freiwilligendienst in der Mongolei\u201c\",\"description\":\"\",\"potentialAction\":[{\"@type\":\"SearchAction\",\"target\":{\"@type\":\"EntryPoint\",\"urlTemplate\":\"https:\/\/blogs.donboscovolunteers.de\/mongolunteer\/?s={search_term_string}\"},\"query-input\":{\"@type\":\"PropertyValueSpecification\",\"valueRequired\":true,\"valueName\":\"search_term_string\"}}],\"inLanguage\":\"de\"}]}<\/script>\n<!-- \/ Yoast SEO plugin. -->","yoast_head_json":{"title":"Reisef\u00fchrer - \u201eDas Mongolunteer - ein Freiwilligendienst in der Mongolei\u201c","robots":{"index":"index","follow":"follow","max-snippet":"max-snippet:-1","max-image-preview":"max-image-preview:large","max-video-preview":"max-video-preview:-1"},"canonical":"https:\/\/blogs.donboscovolunteers.de\/mongolunteer\/reisefuehrer\/","og_locale":"de_DE","og_type":"article","og_title":"Reisef\u00fchrer - \u201eDas Mongolunteer - ein Freiwilligendienst in der Mongolei\u201c","og_description":"Ich kenne die Mongolei bisher nur durch Wikipedia-Eintr\u00e4ge und Dokumentationen vom MDR, aber klar ist: man k\u00f6nnte tausende B\u00fccher \u00fcber die Geschichte, die Kultur und die Natur dieses &#8222;Fleckchens&#8220; Erde schreiben und ich hab bisher nur die Titelseite gelesen. Auf dieser Seite m\u00f6chte ich deshalb \u00fcber das Jahr hinweg ein bisschen erz\u00e4hlen, was das eigentlich [&hellip;]","og_url":"https:\/\/blogs.donboscovolunteers.de\/mongolunteer\/reisefuehrer\/","og_site_name":"\u201eDas Mongolunteer - ein Freiwilligendienst in der Mongolei\u201c","article_modified_time":"2025-10-28T03:44:08+00:00","twitter_card":"summary_large_image","twitter_misc":{"Gesch\u00e4tzte Lesezeit":"5\u00a0Minuten"},"schema":{"@context":"https:\/\/schema.org","@graph":[{"@type":"WebPage","@id":"https:\/\/blogs.donboscovolunteers.de\/mongolunteer\/reisefuehrer\/","url":"https:\/\/blogs.donboscovolunteers.de\/mongolunteer\/reisefuehrer\/","name":"Reisef\u00fchrer - \u201eDas Mongolunteer - ein Freiwilligendienst in der Mongolei\u201c","isPartOf":{"@id":"https:\/\/blogs.donboscovolunteers.de\/mongolunteer\/#website"},"datePublished":"2025-07-06T17:08:47+00:00","dateModified":"2025-10-28T03:44:08+00:00","breadcrumb":{"@id":"https:\/\/blogs.donboscovolunteers.de\/mongolunteer\/reisefuehrer\/#breadcrumb"},"inLanguage":"de","potentialAction":[{"@type":"ReadAction","target":["https:\/\/blogs.donboscovolunteers.de\/mongolunteer\/reisefuehrer\/"]}]},{"@type":"BreadcrumbList","@id":"https:\/\/blogs.donboscovolunteers.de\/mongolunteer\/reisefuehrer\/#breadcrumb","itemListElement":[{"@type":"ListItem","position":1,"name":"Startseite","item":"https:\/\/blogs.donboscovolunteers.de\/mongolunteer\/"},{"@type":"ListItem","position":2,"name":"Reisef\u00fchrer"}]},{"@type":"WebSite","@id":"https:\/\/blogs.donboscovolunteers.de\/mongolunteer\/#website","url":"https:\/\/blogs.donboscovolunteers.de\/mongolunteer\/","name":"\u201eDas Mongolunteer - ein Freiwilligendienst in der Mongolei\u201c","description":"","potentialAction":[{"@type":"SearchAction","target":{"@type":"EntryPoint","urlTemplate":"https:\/\/blogs.donboscovolunteers.de\/mongolunteer\/?s={search_term_string}"},"query-input":{"@type":"PropertyValueSpecification","valueRequired":true,"valueName":"search_term_string"}}],"inLanguage":"de"}]}},"_links":{"self":[{"href":"https:\/\/blogs.donboscovolunteers.de\/mongolunteer\/wp-json\/wp\/v2\/pages\/41","targetHints":{"allow":["GET"]}}],"collection":[{"href":"https:\/\/blogs.donboscovolunteers.de\/mongolunteer\/wp-json\/wp\/v2\/pages"}],"about":[{"href":"https:\/\/blogs.donboscovolunteers.de\/mongolunteer\/wp-json\/wp\/v2\/types\/page"}],"author":[{"embeddable":true,"href":"https:\/\/blogs.donboscovolunteers.de\/mongolunteer\/wp-json\/wp\/v2\/users\/21859"}],"replies":[{"embeddable":true,"href":"https:\/\/blogs.donboscovolunteers.de\/mongolunteer\/wp-json\/wp\/v2\/comments?post=41"}],"version-history":[{"count":8,"href":"https:\/\/blogs.donboscovolunteers.de\/mongolunteer\/wp-json\/wp\/v2\/pages\/41\/revisions"}],"predecessor-version":[{"id":117,"href":"https:\/\/blogs.donboscovolunteers.de\/mongolunteer\/wp-json\/wp\/v2\/pages\/41\/revisions\/117"}],"wp:attachment":[{"href":"https:\/\/blogs.donboscovolunteers.de\/mongolunteer\/wp-json\/wp\/v2\/media?parent=41"}],"curies":[{"name":"wp","href":"https:\/\/api.w.org\/{rel}","templated":true}]}}