{"id":4,"date":"2025-04-08T12:50:36","date_gmt":"2025-04-08T10:50:36","guid":{"rendered":"https:\/\/blogs.donboscovolunteers.de\/mongolunteer\/about-2\/"},"modified":"2025-08-19T14:02:10","modified_gmt":"2025-08-19T12:02:10","slug":"about-2","status":"publish","type":"page","link":"https:\/\/blogs.donboscovolunteers.de\/mongolunteer\/about-2\/","title":{"rendered":"Spenden"},"content":{"rendered":"<p>Ein ganzes Jahr im Ausland verschlingt eine Menge Geld. Reise, Seminare, Unterkunft, Koordination und Begleitung&#8230; &#8211; da kommt eine Menge zusammen.<\/p>\n<p>Unser <a href=\"https:\/\/www.donboscovolunteers.de\/\">Freiwilligendienst<\/a> wird zu 75% von Weltw\u00e4rts (der Dachorganisation) getragen, was eine gro\u00dfe Erleichterung ist. Die restlichen 25% m\u00fcssen wir durch einen Spendenkreis sammeln. Es w\u00fcrde mich daher riesig freuen, wenn ihr meine Arbeit unterst\u00fctzt und somit auch die wichtige Arbeit Don Boscos.<\/p>\n<p>Wenn ihr spenden m\u00f6chtet, k\u00f6nnt ihr das auf folgendes Konto tun:<\/p>\n<p><strong><a href=\"https:\/\/www.donboscomission.de\/don-bosco\/\">Don Bosco<\/a> Mission<\/strong><\/p>\n<p><strong>Sparkasse K\u00f6ln Bonn<\/strong><\/p>\n<p><strong>IBAN: DE89 3705 0198 0000 0994 99<\/strong><\/p>\n<p><strong>Verwendungszweck: Felizitas Finger, S25VR007<\/strong><\/p>\n<p>(Euch wird eine Spendenbescheinigung zugeschickt, wenn ihr im Verwendungszweck zus\u00e4tzlich eure Adresse angebt)<\/p>\n<p>Alternativ k\u00f6nnt ihr auch \u00fcber folgenden Link direkt spenden:<\/p>\n<p><a href=\"https:\/\/www.donboscomission.de\/volontariat\/2025\/spenden\/felizitas\">https:\/\/www.donboscomission.de\/volontariat\/2025\/spenden\/felizitas<\/a><\/p>\n<p>Vielen Dank!<\/p>\n","protected":false},"excerpt":{"rendered":"<p>Ein ganzes Jahr im Ausland verschlingt eine Menge Geld. Reise, Seminare, Unterkunft, Koordination und Begleitung&#8230; &#8211; da kommt eine Menge zusammen. Unser <a href=\"https:\/\/www.donboscovolunteers.de\/\">Freiwilligendienst<\/a> wird zu 75% von Weltw\u00e4rts (der Dachorganisation) getragen, was eine gro\u00dfe Erleichterung ist. Die restlichen 25% m\u00fcssen wir durch einen Spendenkreis sammeln. Es w\u00fcrde mich daher riesig freuen, wenn ihr meine Arbeit [&hellip;]<\/p>\n","protected":false},"author":1,"featured_media":0,"parent":0,"menu_order":1,"comment_status":"closed","ping_status":"closed","template":"","meta":{"footnotes":""},"class_list":["post-4","page","type-page","status-publish","hentry"],"yoast_head":"<!-- This site is optimized with the Yoast SEO plugin v25.3.1 - https:\/\/yoast.com\/wordpress\/plugins\/seo\/ -->\n<title>Spenden - \u201eDas Mongolunteer - ein Freiwilligendienst in der Mongolei\u201c<\/title>\n<meta name=\"robots\" content=\"index, follow, max-snippet:-1, max-image-preview:large, max-video-preview:-1\" \/>\n<link rel=\"canonical\" href=\"https:\/\/blogs.donboscovolunteers.de\/mongolunteer\/about-2\/\" \/>\n<meta property=\"og:locale\" content=\"de_DE\" \/>\n<meta property=\"og:type\" content=\"article\" \/>\n<meta property=\"og:title\" content=\"Spenden - \u201eDas Mongolunteer - ein Freiwilligendienst in der Mongolei\u201c\" \/>\n<meta property=\"og:description\" content=\"Ein ganzes Jahr im Ausland verschlingt eine Menge Geld. Reise, Seminare, Unterkunft, Koordination und Begleitung&#8230; &#8211; da kommt eine Menge zusammen. Unser Freiwilligendienst wird zu 75% von Weltw\u00e4rts (der Dachorganisation) getragen, was eine gro\u00dfe Erleichterung ist. Die restlichen 25% m\u00fcssen wir durch einen Spendenkreis sammeln. Es w\u00fcrde mich daher riesig freuen, wenn ihr meine Arbeit [&hellip;]\" \/>\n<meta property=\"og:url\" content=\"https:\/\/blogs.donboscovolunteers.de\/mongolunteer\/about-2\/\" \/>\n<meta property=\"og:site_name\" content=\"\u201eDas Mongolunteer - ein Freiwilligendienst in der Mongolei\u201c\" \/>\n<meta property=\"article:modified_time\" content=\"2025-08-19T12:02:10+00:00\" \/>\n<meta name=\"twitter:card\" content=\"summary_large_image\" \/>\n<meta name=\"twitter:label1\" content=\"Gesch\u00e4tzte Lesezeit\" \/>\n\t<meta name=\"twitter:data1\" content=\"1\u00a0Minute\" \/>\n<script type=\"application\/ld+json\" class=\"yoast-schema-graph\">{\"@context\":\"https:\/\/schema.org\",\"@graph\":[{\"@type\":\"WebPage\",\"@id\":\"https:\/\/blogs.donboscovolunteers.de\/mongolunteer\/about-2\/\",\"url\":\"https:\/\/blogs.donboscovolunteers.de\/mongolunteer\/about-2\/\",\"name\":\"Spenden - \u201eDas Mongolunteer - ein Freiwilligendienst in der Mongolei\u201c\",\"isPartOf\":{\"@id\":\"https:\/\/blogs.donboscovolunteers.de\/mongolunteer\/#website\"},\"datePublished\":\"2025-04-08T10:50:36+00:00\",\"dateModified\":\"2025-08-19T12:02:10+00:00\",\"breadcrumb\":{\"@id\":\"https:\/\/blogs.donboscovolunteers.de\/mongolunteer\/about-2\/#breadcrumb\"},\"inLanguage\":\"de\",\"potentialAction\":[{\"@type\":\"ReadAction\",\"target\":[\"https:\/\/blogs.donboscovolunteers.de\/mongolunteer\/about-2\/\"]}]},{\"@type\":\"BreadcrumbList\",\"@id\":\"https:\/\/blogs.donboscovolunteers.de\/mongolunteer\/about-2\/#breadcrumb\",\"itemListElement\":[{\"@type\":\"ListItem\",\"position\":1,\"name\":\"Startseite\",\"item\":\"https:\/\/blogs.donboscovolunteers.de\/mongolunteer\/\"},{\"@type\":\"ListItem\",\"position\":2,\"name\":\"Spenden\"}]},{\"@type\":\"WebSite\",\"@id\":\"https:\/\/blogs.donboscovolunteers.de\/mongolunteer\/#website\",\"url\":\"https:\/\/blogs.donboscovolunteers.de\/mongolunteer\/\",\"name\":\"\u201eDas Mongolunteer - ein Freiwilligendienst in der Mongolei\u201c\",\"description\":\"\",\"potentialAction\":[{\"@type\":\"SearchAction\",\"target\":{\"@type\":\"EntryPoint\",\"urlTemplate\":\"https:\/\/blogs.donboscovolunteers.de\/mongolunteer\/?s={search_term_string}\"},\"query-input\":{\"@type\":\"PropertyValueSpecification\",\"valueRequired\":true,\"valueName\":\"search_term_string\"}}],\"inLanguage\":\"de\"}]}<\/script>\n<!-- \/ Yoast SEO plugin. -->","yoast_head_json":{"title":"Spenden - \u201eDas Mongolunteer - ein Freiwilligendienst in der Mongolei\u201c","robots":{"index":"index","follow":"follow","max-snippet":"max-snippet:-1","max-image-preview":"max-image-preview:large","max-video-preview":"max-video-preview:-1"},"canonical":"https:\/\/blogs.donboscovolunteers.de\/mongolunteer\/about-2\/","og_locale":"de_DE","og_type":"article","og_title":"Spenden - \u201eDas Mongolunteer - ein Freiwilligendienst in der Mongolei\u201c","og_description":"Ein ganzes Jahr im Ausland verschlingt eine Menge Geld. Reise, Seminare, Unterkunft, Koordination und Begleitung&#8230; &#8211; da kommt eine Menge zusammen. Unser Freiwilligendienst wird zu 75% von Weltw\u00e4rts (der Dachorganisation) getragen, was eine gro\u00dfe Erleichterung ist. Die restlichen 25% m\u00fcssen wir durch einen Spendenkreis sammeln. Es w\u00fcrde mich daher riesig freuen, wenn ihr meine Arbeit [&hellip;]","og_url":"https:\/\/blogs.donboscovolunteers.de\/mongolunteer\/about-2\/","og_site_name":"\u201eDas Mongolunteer - ein Freiwilligendienst in der Mongolei\u201c","article_modified_time":"2025-08-19T12:02:10+00:00","twitter_card":"summary_large_image","twitter_misc":{"Gesch\u00e4tzte Lesezeit":"1\u00a0Minute"},"schema":{"@context":"https:\/\/schema.org","@graph":[{"@type":"WebPage","@id":"https:\/\/blogs.donboscovolunteers.de\/mongolunteer\/about-2\/","url":"https:\/\/blogs.donboscovolunteers.de\/mongolunteer\/about-2\/","name":"Spenden - \u201eDas Mongolunteer - ein Freiwilligendienst in der Mongolei\u201c","isPartOf":{"@id":"https:\/\/blogs.donboscovolunteers.de\/mongolunteer\/#website"},"datePublished":"2025-04-08T10:50:36+00:00","dateModified":"2025-08-19T12:02:10+00:00","breadcrumb":{"@id":"https:\/\/blogs.donboscovolunteers.de\/mongolunteer\/about-2\/#breadcrumb"},"inLanguage":"de","potentialAction":[{"@type":"ReadAction","target":["https:\/\/blogs.donboscovolunteers.de\/mongolunteer\/about-2\/"]}]},{"@type":"BreadcrumbList","@id":"https:\/\/blogs.donboscovolunteers.de\/mongolunteer\/about-2\/#breadcrumb","itemListElement":[{"@type":"ListItem","position":1,"name":"Startseite","item":"https:\/\/blogs.donboscovolunteers.de\/mongolunteer\/"},{"@type":"ListItem","position":2,"name":"Spenden"}]},{"@type":"WebSite","@id":"https:\/\/blogs.donboscovolunteers.de\/mongolunteer\/#website","url":"https:\/\/blogs.donboscovolunteers.de\/mongolunteer\/","name":"\u201eDas Mongolunteer - ein Freiwilligendienst in der Mongolei\u201c","description":"","potentialAction":[{"@type":"SearchAction","target":{"@type":"EntryPoint","urlTemplate":"https:\/\/blogs.donboscovolunteers.de\/mongolunteer\/?s={search_term_string}"},"query-input":{"@type":"PropertyValueSpecification","valueRequired":true,"valueName":"search_term_string"}}],"inLanguage":"de"}]}},"_links":{"self":[{"href":"https:\/\/blogs.donboscovolunteers.de\/mongolunteer\/wp-json\/wp\/v2\/pages\/4","targetHints":{"allow":["GET"]}}],"collection":[{"href":"https:\/\/blogs.donboscovolunteers.de\/mongolunteer\/wp-json\/wp\/v2\/pages"}],"about":[{"href":"https:\/\/blogs.donboscovolunteers.de\/mongolunteer\/wp-json\/wp\/v2\/types\/page"}],"author":[{"embeddable":true,"href":"https:\/\/blogs.donboscovolunteers.de\/mongolunteer\/wp-json\/wp\/v2\/users\/1"}],"replies":[{"embeddable":true,"href":"https:\/\/blogs.donboscovolunteers.de\/mongolunteer\/wp-json\/wp\/v2\/comments?post=4"}],"version-history":[{"count":3,"href":"https:\/\/blogs.donboscovolunteers.de\/mongolunteer\/wp-json\/wp\/v2\/pages\/4\/revisions"}],"predecessor-version":[{"id":47,"href":"https:\/\/blogs.donboscovolunteers.de\/mongolunteer\/wp-json\/wp\/v2\/pages\/4\/revisions\/47"}],"wp:attachment":[{"href":"https:\/\/blogs.donboscovolunteers.de\/mongolunteer\/wp-json\/wp\/v2\/media?parent=4"}],"curies":[{"name":"wp","href":"https:\/\/api.w.org\/{rel}","templated":true}]}}