{"id":3,"date":"2025-04-08T12:50:36","date_gmt":"2025-04-08T10:50:36","guid":{"rendered":"https:\/\/blogs.donboscovolunteers.de\/mongolunteer\/about\/"},"modified":"2025-07-06T18:32:52","modified_gmt":"2025-07-06T16:32:52","slug":"about","status":"publish","type":"page","link":"https:\/\/blogs.donboscovolunteers.de\/mongolunteer\/about\/","title":{"rendered":"\u00dcber mich"},"content":{"rendered":"<p>Hallo alle zusammen und herzlich willkommen auf meinem Blog!!!<\/p>\n<p>Ich bin Felizitas, aber ich h\u00f6re auch gerne auf Lizi oder worunter auch immer ihr mich kennt. Ich bin die dritte von vier Schwestern und komme aus Dresden. Ich liebe klettern, drau\u00dfen sein, \u00a0quasi jede Jahreszeit und Pistazieneis. Meine Zeit verbringen ich vor allem mit meinen Freunden oder meiner Familie; entweder in der Stadt, der S\u00e4chsischen Schweiz, meiner Gemeinde oder in unserem Garten. Was ich mal werden will &#8211; keine Ahnung. Bisher steht der <a href=\"https:\/\/www.donboscovolunteers.de\/\">Freiwilligendienst<\/a>, was danach kommt werden wir sehen&#8230;<\/p>\n<p>Ich mache eigentlich schon recht lange Freiwilligenarbeit, bzw. bin ehrenamtlich t\u00e4tig. Seit der 9. Klasse bilde ich kleine Messdiener aus, bin seit ungef\u00e4hr einem Jahr Jugendleiter im Kletterverein und helfe in unserer Gemeinde bei Kinderfreizeiten oder sonstigen Veranstaltungen. Alle drei Sachen sind freiwillig und alle drei Sachen haben etwas mit Kindern zu tun. F\u00fcr mich ist Ehrenamt irgendwie selbstverst\u00e4ndlich, denn h\u00e4tten wir das nicht, w\u00e4re vieles auch f\u00fcr mich nicht m\u00f6glich. Und mit Kindern und Jugendlichen arbeiten macht mir auch einfach Spa\u00df. Nach der Schule einen Freiwilligendienst zu machen war dementsprechend schon l\u00e4nger mein Wunsch.<\/p>\n<p>Aber ich bin eben auch ein bisschen abenteuerlustig und hab Bock auf was Neues. W\u00e4hrend meiner Schulzeit hatte ich bereits mehrmals die Chance, im Ausland andere Lebensweisen und Kulturen kennenzulernen und irgendwie hat das bei mir umso mehr den Wunsch ausgel\u00f6st, die Welt au\u00dferhalb meiner Heimat zu entdecken. Also &#8222;Freiwilligendienst&#8220;, &#8222;irgendwas mit Kindern&#8220; und &#8222;Welt entdecken&#8220; kombiniert hat mich schlie\u00dflich zu <a href=\"https:\/\/www.donboscomission.de\/don-bosco\/\">Don Bosco<\/a> gebracht und jetzt freue ich mich wirklich riesig auf das kommende Jahr in der Mongolei.<\/p>\n<p>Ich freue mich aber auch \u00fcber alle, die mich w\u00e4hrend dieser Zeit begleiten oder unterst\u00fctzen!<\/p>\n<p>LG Lizi<\/p>\n","protected":false},"excerpt":{"rendered":"<p>Hallo alle zusammen und herzlich willkommen auf meinem Blog!!! Ich bin Felizitas, aber ich h\u00f6re auch gerne auf Lizi oder worunter auch immer ihr mich kennt. Ich bin die dritte von vier Schwestern und komme aus Dresden. Ich liebe klettern, drau\u00dfen sein, \u00a0quasi jede Jahreszeit und Pistazieneis. Meine Zeit verbringen ich vor allem mit meinen [&hellip;]<\/p>\n","protected":false},"author":1,"featured_media":0,"parent":0,"menu_order":1,"comment_status":"closed","ping_status":"closed","template":"","meta":{"footnotes":""},"class_list":["post-3","page","type-page","status-publish","hentry"],"yoast_head":"<!-- This site is optimized with the Yoast SEO plugin v25.3.1 - https:\/\/yoast.com\/wordpress\/plugins\/seo\/ -->\n<title>\u00dcber mich - \u201eDas Mongolunteer - ein Freiwilligendienst in der Mongolei\u201c<\/title>\n<meta name=\"robots\" content=\"index, follow, max-snippet:-1, max-image-preview:large, max-video-preview:-1\" \/>\n<link rel=\"canonical\" href=\"https:\/\/blogs.donboscovolunteers.de\/mongolunteer\/about\/\" \/>\n<meta property=\"og:locale\" content=\"de_DE\" \/>\n<meta property=\"og:type\" content=\"article\" \/>\n<meta property=\"og:title\" content=\"\u00dcber mich - \u201eDas Mongolunteer - ein Freiwilligendienst in der Mongolei\u201c\" \/>\n<meta property=\"og:description\" content=\"Hallo alle zusammen und herzlich willkommen auf meinem Blog!!! Ich bin Felizitas, aber ich h\u00f6re auch gerne auf Lizi oder worunter auch immer ihr mich kennt. Ich bin die dritte von vier Schwestern und komme aus Dresden. Ich liebe klettern, drau\u00dfen sein, \u00a0quasi jede Jahreszeit und Pistazieneis. Meine Zeit verbringen ich vor allem mit meinen [&hellip;]\" \/>\n<meta property=\"og:url\" content=\"https:\/\/blogs.donboscovolunteers.de\/mongolunteer\/about\/\" \/>\n<meta property=\"og:site_name\" content=\"\u201eDas Mongolunteer - ein Freiwilligendienst in der Mongolei\u201c\" \/>\n<meta property=\"article:modified_time\" content=\"2025-07-06T16:32:52+00:00\" \/>\n<meta name=\"twitter:card\" content=\"summary_large_image\" \/>\n<meta name=\"twitter:label1\" content=\"Gesch\u00e4tzte Lesezeit\" \/>\n\t<meta name=\"twitter:data1\" content=\"1\u00a0Minute\" \/>\n<script type=\"application\/ld+json\" class=\"yoast-schema-graph\">{\"@context\":\"https:\/\/schema.org\",\"@graph\":[{\"@type\":\"WebPage\",\"@id\":\"https:\/\/blogs.donboscovolunteers.de\/mongolunteer\/about\/\",\"url\":\"https:\/\/blogs.donboscovolunteers.de\/mongolunteer\/about\/\",\"name\":\"\u00dcber mich - \u201eDas Mongolunteer - ein Freiwilligendienst in der Mongolei\u201c\",\"isPartOf\":{\"@id\":\"https:\/\/blogs.donboscovolunteers.de\/mongolunteer\/#website\"},\"datePublished\":\"2025-04-08T10:50:36+00:00\",\"dateModified\":\"2025-07-06T16:32:52+00:00\",\"breadcrumb\":{\"@id\":\"https:\/\/blogs.donboscovolunteers.de\/mongolunteer\/about\/#breadcrumb\"},\"inLanguage\":\"de\",\"potentialAction\":[{\"@type\":\"ReadAction\",\"target\":[\"https:\/\/blogs.donboscovolunteers.de\/mongolunteer\/about\/\"]}]},{\"@type\":\"BreadcrumbList\",\"@id\":\"https:\/\/blogs.donboscovolunteers.de\/mongolunteer\/about\/#breadcrumb\",\"itemListElement\":[{\"@type\":\"ListItem\",\"position\":1,\"name\":\"Startseite\",\"item\":\"https:\/\/blogs.donboscovolunteers.de\/mongolunteer\/\"},{\"@type\":\"ListItem\",\"position\":2,\"name\":\"\u00dcber mich\"}]},{\"@type\":\"WebSite\",\"@id\":\"https:\/\/blogs.donboscovolunteers.de\/mongolunteer\/#website\",\"url\":\"https:\/\/blogs.donboscovolunteers.de\/mongolunteer\/\",\"name\":\"\u201eDas Mongolunteer - ein Freiwilligendienst in der Mongolei\u201c\",\"description\":\"\",\"potentialAction\":[{\"@type\":\"SearchAction\",\"target\":{\"@type\":\"EntryPoint\",\"urlTemplate\":\"https:\/\/blogs.donboscovolunteers.de\/mongolunteer\/?s={search_term_string}\"},\"query-input\":{\"@type\":\"PropertyValueSpecification\",\"valueRequired\":true,\"valueName\":\"search_term_string\"}}],\"inLanguage\":\"de\"}]}<\/script>\n<!-- \/ Yoast SEO plugin. -->","yoast_head_json":{"title":"\u00dcber mich - \u201eDas Mongolunteer - ein Freiwilligendienst in der Mongolei\u201c","robots":{"index":"index","follow":"follow","max-snippet":"max-snippet:-1","max-image-preview":"max-image-preview:large","max-video-preview":"max-video-preview:-1"},"canonical":"https:\/\/blogs.donboscovolunteers.de\/mongolunteer\/about\/","og_locale":"de_DE","og_type":"article","og_title":"\u00dcber mich - \u201eDas Mongolunteer - ein Freiwilligendienst in der Mongolei\u201c","og_description":"Hallo alle zusammen und herzlich willkommen auf meinem Blog!!! Ich bin Felizitas, aber ich h\u00f6re auch gerne auf Lizi oder worunter auch immer ihr mich kennt. Ich bin die dritte von vier Schwestern und komme aus Dresden. Ich liebe klettern, drau\u00dfen sein, \u00a0quasi jede Jahreszeit und Pistazieneis. Meine Zeit verbringen ich vor allem mit meinen [&hellip;]","og_url":"https:\/\/blogs.donboscovolunteers.de\/mongolunteer\/about\/","og_site_name":"\u201eDas Mongolunteer - ein Freiwilligendienst in der Mongolei\u201c","article_modified_time":"2025-07-06T16:32:52+00:00","twitter_card":"summary_large_image","twitter_misc":{"Gesch\u00e4tzte Lesezeit":"1\u00a0Minute"},"schema":{"@context":"https:\/\/schema.org","@graph":[{"@type":"WebPage","@id":"https:\/\/blogs.donboscovolunteers.de\/mongolunteer\/about\/","url":"https:\/\/blogs.donboscovolunteers.de\/mongolunteer\/about\/","name":"\u00dcber mich - \u201eDas Mongolunteer - ein Freiwilligendienst in der Mongolei\u201c","isPartOf":{"@id":"https:\/\/blogs.donboscovolunteers.de\/mongolunteer\/#website"},"datePublished":"2025-04-08T10:50:36+00:00","dateModified":"2025-07-06T16:32:52+00:00","breadcrumb":{"@id":"https:\/\/blogs.donboscovolunteers.de\/mongolunteer\/about\/#breadcrumb"},"inLanguage":"de","potentialAction":[{"@type":"ReadAction","target":["https:\/\/blogs.donboscovolunteers.de\/mongolunteer\/about\/"]}]},{"@type":"BreadcrumbList","@id":"https:\/\/blogs.donboscovolunteers.de\/mongolunteer\/about\/#breadcrumb","itemListElement":[{"@type":"ListItem","position":1,"name":"Startseite","item":"https:\/\/blogs.donboscovolunteers.de\/mongolunteer\/"},{"@type":"ListItem","position":2,"name":"\u00dcber mich"}]},{"@type":"WebSite","@id":"https:\/\/blogs.donboscovolunteers.de\/mongolunteer\/#website","url":"https:\/\/blogs.donboscovolunteers.de\/mongolunteer\/","name":"\u201eDas Mongolunteer - ein Freiwilligendienst in der Mongolei\u201c","description":"","potentialAction":[{"@type":"SearchAction","target":{"@type":"EntryPoint","urlTemplate":"https:\/\/blogs.donboscovolunteers.de\/mongolunteer\/?s={search_term_string}"},"query-input":{"@type":"PropertyValueSpecification","valueRequired":true,"valueName":"search_term_string"}}],"inLanguage":"de"}]}},"_links":{"self":[{"href":"https:\/\/blogs.donboscovolunteers.de\/mongolunteer\/wp-json\/wp\/v2\/pages\/3","targetHints":{"allow":["GET"]}}],"collection":[{"href":"https:\/\/blogs.donboscovolunteers.de\/mongolunteer\/wp-json\/wp\/v2\/pages"}],"about":[{"href":"https:\/\/blogs.donboscovolunteers.de\/mongolunteer\/wp-json\/wp\/v2\/types\/page"}],"author":[{"embeddable":true,"href":"https:\/\/blogs.donboscovolunteers.de\/mongolunteer\/wp-json\/wp\/v2\/users\/1"}],"replies":[{"embeddable":true,"href":"https:\/\/blogs.donboscovolunteers.de\/mongolunteer\/wp-json\/wp\/v2\/comments?post=3"}],"version-history":[{"count":1,"href":"https:\/\/blogs.donboscovolunteers.de\/mongolunteer\/wp-json\/wp\/v2\/pages\/3\/revisions"}],"predecessor-version":[{"id":18,"href":"https:\/\/blogs.donboscovolunteers.de\/mongolunteer\/wp-json\/wp\/v2\/pages\/3\/revisions\/18"}],"wp:attachment":[{"href":"https:\/\/blogs.donboscovolunteers.de\/mongolunteer\/wp-json\/wp\/v2\/media?parent=3"}],"curies":[{"name":"wp","href":"https:\/\/api.w.org\/{rel}","templated":true}]}}