{"id":9,"date":"2023-08-01T09:27:25","date_gmt":"2023-08-01T07:27:25","guid":{"rendered":"https:\/\/blogs.donboscovolunteers.de\/mittendrininbenin\/?page_id=9"},"modified":"2023-08-07T20:35:25","modified_gmt":"2023-08-07T18:35:25","slug":"ueber-mich","status":"publish","type":"page","link":"https:\/\/blogs.donboscovolunteers.de\/mittendrininbenin\/ueber-mich\/","title":{"rendered":"\u00dcber mich"},"content":{"rendered":"<p>Hallo allerseits und herzlich willkommen auf diesem Blog \u00fcber ein ganz besonderes Jahr meines Lebens: mein Jahr als Volunteerin in <a href=\"https:\/\/strassenkinder.de\/laender\/afrika\/benin\/\">Benin<\/a>!<\/p>\n\n\n<div class=\"wp-block-image\">\n<figure class=\"aligncenter is-resized\"><img loading=\"lazy\" decoding=\"async\" src=\"https:\/\/blogs.donboscovolunteers.de\/mittendrininbenin\/wp-content\/uploads\/sites\/21680\/2023\/07\/5A8F9271-2FE2-425B-BDA3-FBC195663F0A.jpeg\" alt=\"\" class=\"wp-image-14\" width=\"310\" height=\"206\" srcset=\"https:\/\/blogs.donboscovolunteers.de\/mittendrininbenin\/wp-content\/uploads\/sites\/21680\/2023\/07\/5A8F9271-2FE2-425B-BDA3-FBC195663F0A.jpeg 1280w, https:\/\/blogs.donboscovolunteers.de\/mittendrininbenin\/wp-content\/uploads\/sites\/21680\/2023\/07\/5A8F9271-2FE2-425B-BDA3-FBC195663F0A-300x200.jpeg 300w, https:\/\/blogs.donboscovolunteers.de\/mittendrininbenin\/wp-content\/uploads\/sites\/21680\/2023\/07\/5A8F9271-2FE2-425B-BDA3-FBC195663F0A-1024x682.jpeg 1024w, https:\/\/blogs.donboscovolunteers.de\/mittendrininbenin\/wp-content\/uploads\/sites\/21680\/2023\/07\/5A8F9271-2FE2-425B-BDA3-FBC195663F0A-768x512.jpeg 768w, https:\/\/blogs.donboscovolunteers.de\/mittendrininbenin\/wp-content\/uploads\/sites\/21680\/2023\/07\/5A8F9271-2FE2-425B-BDA3-FBC195663F0A-900x600.jpeg 900w\" sizes=\"auto, (max-width: 310px) 100vw, 310px\" \/><\/figure>\n<\/div>\n\n\n<p><\/p>\n\n\n\n<p>Mein Name ist Teresa und Anfang Mai durfte ich meinen 18. Geburtstag feiern. Als Sandwichkind, habe ich sowohl eine ca. zwei Jahre \u00e4ltere (Annina) als auch zwei Jahre j\u00fcngere Schwester (Luisa). Wenn mich Leute fragen, wie das f\u00fcr meine Eltern ist, dass ich nun f\u00fcr ein Jahr nach Afrika gehen werde, erkl\u00e4re ich stets, dass ich nicht die Einzige von uns Schwestern bin, die nun fl\u00fcgge wird. Wir werden alle drei unseren Heimatort im Herbst verlassen: Annina zieht zum Studieren in eine andere Stadt und Luisa wird eine halbes Jahr auf einem Segelschiff den Atlantik \u00fcberqueren (Unterricht inklusive). Aber um die Frage zu beantworten: Klar wird es ein bisschen ungewohnt werden, wenn der altgewohnte Trubel und unsere Anwesenheit f\u00fcr eine gewisse Zeit wegfallen, aber ungewohnt ist ja nicht nur schlecht und notfalls wird ihnen unser Hund Toni beistehen \ud83d\ude09<\/p>\n\n\n\n<div class=\"wp-block-columns is-layout-flex wp-container-core-columns-is-layout-9d6595d7 wp-block-columns-is-layout-flex\">\n<div class=\"wp-block-column is-layout-flow wp-block-column-is-layout-flow\" style=\"flex-basis:100%\">\n<figure class=\"wp-block-gallery alignleft has-nested-images columns-default is-cropped wp-block-gallery-1 is-layout-flex wp-block-gallery-is-layout-flex\">\n<figure class=\"wp-block-image size-full\"><img loading=\"lazy\" decoding=\"async\" width=\"635\" height=\"713\" data-id=\"26\" src=\"https:\/\/blogs.donboscovolunteers.de\/mittendrininbenin\/wp-content\/uploads\/sites\/21680\/2023\/07\/Familienfoto-Bene.png\" alt=\"\" class=\"wp-image-26\" srcset=\"https:\/\/blogs.donboscovolunteers.de\/mittendrininbenin\/wp-content\/uploads\/sites\/21680\/2023\/07\/Familienfoto-Bene.png 635w, https:\/\/blogs.donboscovolunteers.de\/mittendrininbenin\/wp-content\/uploads\/sites\/21680\/2023\/07\/Familienfoto-Bene-267x300.png 267w\" sizes=\"auto, (max-width: 635px) 100vw, 635px\" \/><figcaption class=\"wp-element-caption\">Meine Familie bei der Entsendungsfeier in Benediktbeuern<\/figcaption><\/figure>\n<\/figure>\n<\/div>\n<\/div>\n\n\n\n<p>Passau ist die Stadt, die ich meine Heimat nennen darf: klein, mit vielen bunten H\u00e4usern, drei Fl\u00fcssen und direkt an der \u00f6sterreichischen Grenze gelegen. Mit meinen Freunden habe ich so ziemlich jedes Caf\u00e9 hier auswendig gelernt, mehr oder weniger sch\u00f6ne Unterrichtsstunden verbracht (&amp; diesen Fr\u00fchling schlie\u00dflich das Abi geschrieben), am Inn gesessen und mit guten Gespr\u00e4chen zahlreiche Abende ausklingen lassen. Passau ist allgemein ein Ort an dem ich mich sehr verwurzelt f\u00fchle &#8211; wenn ich durch die Gassen schlendere, verbinde ich mit so ziemlich jeder Ecke eine Erinnerung. Ein gro\u00dfer Teil meiner Verwandtschaft lebt auch in Passau und so wei\u00df ich, egal wo mich das Leben noch hintreiben wird, ich werde immer zur\u00fcckkehren k\u00f6nnen.<\/p>\n\n\n\n<p>Denn nun will ich erst einmal raus in die Welt, um Fragen zu kl\u00e4ren: <\/p>\n\n\n\n<p>Wie sieht es an anderen Orten dieser Welt aus, auf der ich nun seit \u00fcber 18 Jahren lebe? Ich bin gespannt auf die f\u00fcr mich andere Landschaft (Flora &amp; Fauna) in Benin, die f\u00fcr mich neuen Kulturen und Traditionen, den Entwicklungsstand, aber auch auf alle Gemeinsamkeiten mit meinem bisherigen Leben. <\/p>\n\n\n\n<p>Wie schaffe ich es, mich in Benin zurechtzufinden? Ich bin gespannt darauf mich selbst herauszufordern, neu kennenzulernen und zu entwickeln. Also: Raus aus meiner Bubble, rein nach Benin!<\/p>\n\n\n\n<p>Den Titel dieses Blogs habe ich demnach nicht nur wegen dem Reim gew\u00e4hlt (ein zugegebenerma\u00dfen sehr unreiner Reim \ud83d\ude09 ), sondern auch, da ich in die Tiefen Benins eintauchen m\u00f6chte. Eben nicht nur an der Oberfl\u00e4che zu kratzen, sondern \u201eMittendrin in Benin\u201c zu sein.<\/p>\n\n\n\n<p>LG Teresa<\/p>","protected":false},"excerpt":{"rendered":"<p>Hallo allerseits und herzlich willkommen auf diesem Blog \u00fcber ein ganz besonderes Jahr meines Lebens: mein Jahr als Volunteerin in <a href=\"https:\/\/strassenkinder.de\/laender\/afrika\/benin\/\">Benin<\/a>! Mein Name ist Teresa und Anfang Mai durfte ich meinen 18. Geburtstag feiern. Als Sandwichkind, habe ich sowohl eine ca. zwei Jahre \u00e4ltere (Annina) als auch zwei Jahre j\u00fcngere Schwester (Luisa). Wenn mich Leute [&hellip;]<\/p>\n","protected":false},"author":21789,"featured_media":0,"parent":0,"menu_order":0,"comment_status":"closed","ping_status":"closed","template":"","meta":{"footnotes":""},"class_list":["post-9","page","type-page","status-publish","hentry"],"yoast_head":"<!-- This site is optimized with the Yoast SEO plugin v25.3.1 - https:\/\/yoast.com\/wordpress\/plugins\/seo\/ -->\n<title>\u00dcber mich - Mittendrin in Benin<\/title>\n<meta name=\"description\" content=\"Hey, hier stelle ich mich selbst vor, damit ihr wisst mit wem ihr es auf diesem Blog zu tun habt!\" \/>\n<meta name=\"robots\" content=\"index, follow, max-snippet:-1, max-image-preview:large, max-video-preview:-1\" \/>\n<link rel=\"canonical\" href=\"https:\/\/blogs.donboscovolunteers.de\/mittendrininbenin\/ueber-mich\/\" \/>\n<meta property=\"og:locale\" content=\"de_DE\" \/>\n<meta property=\"og:type\" content=\"article\" \/>\n<meta property=\"og:title\" content=\"\u00dcber mich - Mittendrin in Benin\" \/>\n<meta property=\"og:description\" content=\"Hey, hier stelle ich mich selbst vor, damit ihr wisst mit wem ihr es auf diesem Blog zu tun habt!\" \/>\n<meta property=\"og:url\" content=\"https:\/\/blogs.donboscovolunteers.de\/mittendrininbenin\/ueber-mich\/\" \/>\n<meta property=\"og:site_name\" content=\"Mittendrin in Benin\" \/>\n<meta property=\"article:modified_time\" content=\"2023-08-07T18:35:25+00:00\" \/>\n<meta property=\"og:image\" content=\"https:\/\/blogs.donboscovolunteers.de\/mittendrininbenin\/wp-content\/uploads\/sites\/21680\/2023\/07\/5A8F9271-2FE2-425B-BDA3-FBC195663F0A.jpeg\" \/>\n<meta name=\"twitter:card\" content=\"summary_large_image\" \/>\n<meta name=\"twitter:label1\" content=\"Gesch\u00e4tzte Lesezeit\" \/>\n\t<meta name=\"twitter:data1\" content=\"2\u00a0Minuten\" \/>\n<script type=\"application\/ld+json\" class=\"yoast-schema-graph\">{\"@context\":\"https:\/\/schema.org\",\"@graph\":[{\"@type\":\"WebPage\",\"@id\":\"https:\/\/blogs.donboscovolunteers.de\/mittendrininbenin\/ueber-mich\/\",\"url\":\"https:\/\/blogs.donboscovolunteers.de\/mittendrininbenin\/ueber-mich\/\",\"name\":\"\u00dcber mich - Mittendrin in Benin\",\"isPartOf\":{\"@id\":\"https:\/\/blogs.donboscovolunteers.de\/mittendrininbenin\/#website\"},\"primaryImageOfPage\":{\"@id\":\"https:\/\/blogs.donboscovolunteers.de\/mittendrininbenin\/ueber-mich\/#primaryimage\"},\"image\":{\"@id\":\"https:\/\/blogs.donboscovolunteers.de\/mittendrininbenin\/ueber-mich\/#primaryimage\"},\"thumbnailUrl\":\"https:\/\/blogs.donboscovolunteers.de\/mittendrininbenin\/wp-content\/uploads\/sites\/21680\/2023\/07\/5A8F9271-2FE2-425B-BDA3-FBC195663F0A.jpeg\",\"datePublished\":\"2023-08-01T07:27:25+00:00\",\"dateModified\":\"2023-08-07T18:35:25+00:00\",\"description\":\"Hey, hier stelle ich mich selbst vor, damit ihr wisst mit wem ihr es auf diesem Blog zu tun habt!\",\"breadcrumb\":{\"@id\":\"https:\/\/blogs.donboscovolunteers.de\/mittendrininbenin\/ueber-mich\/#breadcrumb\"},\"inLanguage\":\"de\",\"potentialAction\":[{\"@type\":\"ReadAction\",\"target\":[\"https:\/\/blogs.donboscovolunteers.de\/mittendrininbenin\/ueber-mich\/\"]}]},{\"@type\":\"ImageObject\",\"inLanguage\":\"de\",\"@id\":\"https:\/\/blogs.donboscovolunteers.de\/mittendrininbenin\/ueber-mich\/#primaryimage\",\"url\":\"https:\/\/blogs.donboscovolunteers.de\/mittendrininbenin\/wp-content\/uploads\/sites\/21680\/2023\/07\/5A8F9271-2FE2-425B-BDA3-FBC195663F0A.jpeg\",\"contentUrl\":\"https:\/\/blogs.donboscovolunteers.de\/mittendrininbenin\/wp-content\/uploads\/sites\/21680\/2023\/07\/5A8F9271-2FE2-425B-BDA3-FBC195663F0A.jpeg\",\"width\":1280,\"height\":853},{\"@type\":\"BreadcrumbList\",\"@id\":\"https:\/\/blogs.donboscovolunteers.de\/mittendrininbenin\/ueber-mich\/#breadcrumb\",\"itemListElement\":[{\"@type\":\"ListItem\",\"position\":1,\"name\":\"Startseite\",\"item\":\"https:\/\/blogs.donboscovolunteers.de\/mittendrininbenin\/\"},{\"@type\":\"ListItem\",\"position\":2,\"name\":\"\u00dcber mich\"}]},{\"@type\":\"WebSite\",\"@id\":\"https:\/\/blogs.donboscovolunteers.de\/mittendrininbenin\/#website\",\"url\":\"https:\/\/blogs.donboscovolunteers.de\/mittendrininbenin\/\",\"name\":\"Mittendrin in Benin\",\"description\":\"\",\"potentialAction\":[{\"@type\":\"SearchAction\",\"target\":{\"@type\":\"EntryPoint\",\"urlTemplate\":\"https:\/\/blogs.donboscovolunteers.de\/mittendrininbenin\/?s={search_term_string}\"},\"query-input\":{\"@type\":\"PropertyValueSpecification\",\"valueRequired\":true,\"valueName\":\"search_term_string\"}}],\"inLanguage\":\"de\"}]}<\/script>\n<!-- \/ Yoast SEO plugin. -->","yoast_head_json":{"title":"\u00dcber mich - Mittendrin in Benin","description":"Hey, hier stelle ich mich selbst vor, damit ihr wisst mit wem ihr es auf diesem Blog zu tun habt!","robots":{"index":"index","follow":"follow","max-snippet":"max-snippet:-1","max-image-preview":"max-image-preview:large","max-video-preview":"max-video-preview:-1"},"canonical":"https:\/\/blogs.donboscovolunteers.de\/mittendrininbenin\/ueber-mich\/","og_locale":"de_DE","og_type":"article","og_title":"\u00dcber mich - Mittendrin in Benin","og_description":"Hey, hier stelle ich mich selbst vor, damit ihr wisst mit wem ihr es auf diesem Blog zu tun habt!","og_url":"https:\/\/blogs.donboscovolunteers.de\/mittendrininbenin\/ueber-mich\/","og_site_name":"Mittendrin in Benin","article_modified_time":"2023-08-07T18:35:25+00:00","og_image":[{"url":"https:\/\/blogs.donboscovolunteers.de\/mittendrininbenin\/wp-content\/uploads\/sites\/21680\/2023\/07\/5A8F9271-2FE2-425B-BDA3-FBC195663F0A.jpeg","type":"","width":"","height":""}],"twitter_card":"summary_large_image","twitter_misc":{"Gesch\u00e4tzte Lesezeit":"2\u00a0Minuten"},"schema":{"@context":"https:\/\/schema.org","@graph":[{"@type":"WebPage","@id":"https:\/\/blogs.donboscovolunteers.de\/mittendrininbenin\/ueber-mich\/","url":"https:\/\/blogs.donboscovolunteers.de\/mittendrininbenin\/ueber-mich\/","name":"\u00dcber mich - Mittendrin in Benin","isPartOf":{"@id":"https:\/\/blogs.donboscovolunteers.de\/mittendrininbenin\/#website"},"primaryImageOfPage":{"@id":"https:\/\/blogs.donboscovolunteers.de\/mittendrininbenin\/ueber-mich\/#primaryimage"},"image":{"@id":"https:\/\/blogs.donboscovolunteers.de\/mittendrininbenin\/ueber-mich\/#primaryimage"},"thumbnailUrl":"https:\/\/blogs.donboscovolunteers.de\/mittendrininbenin\/wp-content\/uploads\/sites\/21680\/2023\/07\/5A8F9271-2FE2-425B-BDA3-FBC195663F0A.jpeg","datePublished":"2023-08-01T07:27:25+00:00","dateModified":"2023-08-07T18:35:25+00:00","description":"Hey, hier stelle ich mich selbst vor, damit ihr wisst mit wem ihr es auf diesem Blog zu tun habt!","breadcrumb":{"@id":"https:\/\/blogs.donboscovolunteers.de\/mittendrininbenin\/ueber-mich\/#breadcrumb"},"inLanguage":"de","potentialAction":[{"@type":"ReadAction","target":["https:\/\/blogs.donboscovolunteers.de\/mittendrininbenin\/ueber-mich\/"]}]},{"@type":"ImageObject","inLanguage":"de","@id":"https:\/\/blogs.donboscovolunteers.de\/mittendrininbenin\/ueber-mich\/#primaryimage","url":"https:\/\/blogs.donboscovolunteers.de\/mittendrininbenin\/wp-content\/uploads\/sites\/21680\/2023\/07\/5A8F9271-2FE2-425B-BDA3-FBC195663F0A.jpeg","contentUrl":"https:\/\/blogs.donboscovolunteers.de\/mittendrininbenin\/wp-content\/uploads\/sites\/21680\/2023\/07\/5A8F9271-2FE2-425B-BDA3-FBC195663F0A.jpeg","width":1280,"height":853},{"@type":"BreadcrumbList","@id":"https:\/\/blogs.donboscovolunteers.de\/mittendrininbenin\/ueber-mich\/#breadcrumb","itemListElement":[{"@type":"ListItem","position":1,"name":"Startseite","item":"https:\/\/blogs.donboscovolunteers.de\/mittendrininbenin\/"},{"@type":"ListItem","position":2,"name":"\u00dcber mich"}]},{"@type":"WebSite","@id":"https:\/\/blogs.donboscovolunteers.de\/mittendrininbenin\/#website","url":"https:\/\/blogs.donboscovolunteers.de\/mittendrininbenin\/","name":"Mittendrin in Benin","description":"","potentialAction":[{"@type":"SearchAction","target":{"@type":"EntryPoint","urlTemplate":"https:\/\/blogs.donboscovolunteers.de\/mittendrininbenin\/?s={search_term_string}"},"query-input":{"@type":"PropertyValueSpecification","valueRequired":true,"valueName":"search_term_string"}}],"inLanguage":"de"}]}},"_links":{"self":[{"href":"https:\/\/blogs.donboscovolunteers.de\/mittendrininbenin\/wp-json\/wp\/v2\/pages\/9","targetHints":{"allow":["GET"]}}],"collection":[{"href":"https:\/\/blogs.donboscovolunteers.de\/mittendrininbenin\/wp-json\/wp\/v2\/pages"}],"about":[{"href":"https:\/\/blogs.donboscovolunteers.de\/mittendrininbenin\/wp-json\/wp\/v2\/types\/page"}],"author":[{"embeddable":true,"href":"https:\/\/blogs.donboscovolunteers.de\/mittendrininbenin\/wp-json\/wp\/v2\/users\/21789"}],"replies":[{"embeddable":true,"href":"https:\/\/blogs.donboscovolunteers.de\/mittendrininbenin\/wp-json\/wp\/v2\/comments?post=9"}],"version-history":[{"count":38,"href":"https:\/\/blogs.donboscovolunteers.de\/mittendrininbenin\/wp-json\/wp\/v2\/pages\/9\/revisions"}],"predecessor-version":[{"id":111,"href":"https:\/\/blogs.donboscovolunteers.de\/mittendrininbenin\/wp-json\/wp\/v2\/pages\/9\/revisions\/111"}],"wp:attachment":[{"href":"https:\/\/blogs.donboscovolunteers.de\/mittendrininbenin\/wp-json\/wp\/v2\/media?parent=9"}],"curies":[{"name":"wp","href":"https:\/\/api.w.org\/{rel}","templated":true}]}}