{"id":719,"date":"2023-12-26T19:53:02","date_gmt":"2023-12-26T18:53:02","guid":{"rendered":"https:\/\/blogs.donboscovolunteers.de\/mittendrininbenin\/?page_id=719"},"modified":"2023-12-27T14:40:50","modified_gmt":"2023-12-27T13:40:50","slug":"25-dezember-2023","status":"publish","type":"page","link":"https:\/\/blogs.donboscovolunteers.de\/mittendrininbenin\/25-dezember-2023\/","title":{"rendered":"25. Dezember 2023"},"content":{"rendered":"<div class=\"wp-block-image\">\n<figure class=\"aligncenter size-large is-resized\"><img loading=\"lazy\" decoding=\"async\" width=\"1024\" height=\"706\" src=\"https:\/\/blogs.donboscovolunteers.de\/mittendrininbenin\/wp-content\/uploads\/sites\/21680\/2023\/12\/WhatsApp-Image-2023-12-26-at-18.25.19-1-1024x706.jpeg\" alt=\"\" class=\"wp-image-723\" style=\"width:438px;height:auto\" srcset=\"https:\/\/blogs.donboscovolunteers.de\/mittendrininbenin\/wp-content\/uploads\/sites\/21680\/2023\/12\/WhatsApp-Image-2023-12-26-at-18.25.19-1-1024x706.jpeg 1024w, https:\/\/blogs.donboscovolunteers.de\/mittendrininbenin\/wp-content\/uploads\/sites\/21680\/2023\/12\/WhatsApp-Image-2023-12-26-at-18.25.19-1-300x207.jpeg 300w, https:\/\/blogs.donboscovolunteers.de\/mittendrininbenin\/wp-content\/uploads\/sites\/21680\/2023\/12\/WhatsApp-Image-2023-12-26-at-18.25.19-1-768x530.jpeg 768w, https:\/\/blogs.donboscovolunteers.de\/mittendrininbenin\/wp-content\/uploads\/sites\/21680\/2023\/12\/WhatsApp-Image-2023-12-26-at-18.25.19-1-900x621.jpeg 900w, https:\/\/blogs.donboscovolunteers.de\/mittendrininbenin\/wp-content\/uploads\/sites\/21680\/2023\/12\/WhatsApp-Image-2023-12-26-at-18.25.19-1.jpeg 1280w\" sizes=\"auto, (max-width: 1024px) 100vw, 1024px\" \/><\/figure>\n<\/div>\n\n\n<p><\/p>\n\n\n\n<p>(Foyer=M\u00e4dchenwohnheim auf dem Gel\u00e4nde)<\/p>\n\n\n\n<p>Am Vormittag des 25. Dezembers haben Valerie und ich erst einmal entspannt ausgeschlafen und sind noch ein Weilchen im Bett geblieben &#8211; wir waren am Tag zuvor ja schlie\u00dflich das erste Mal seit unserer Ankunft hier bis weit \u00fcber Mitternacht wach geblieben. Kurz nachdem wir sp\u00e4ter mit unserem langen Fr\u00fchst\u00fcck fertig waren, kam Schwester E. zu uns: &#8222;Wo bleibt ihr denn? Es gibt Essen?&#8220; Zur Feier des Tages waren wir bei den Schwestern eingeladen worden &#8211; allerdings hatte ich mich wohl verh\u00f6rt, weil ich vom Abend ausgegangen war. Mit vollen B\u00e4uchen schl\u00fcpften wir also in das Haus der Schwestern, wo Schwester F. direkt mit einer Flasche Martini zu mir angetanzt kam und mich bediente. Auch hier hatten die Pr\u00e4aspirantinnen und so manch eine Schwester volle Arbeit geleistet, um uns durch Lametta und Weihnachtskugeln in weihnachtliche Stimmung zu versetzen. Auf jedem Platz lagen S\u00fc\u00dfigkeiten und im Hintergrund spielte weihnachtliche Musik, und nein \u00fcberraschenderweise nicht nur Kirchenlieder: Remixe verschiedenster amerikanischer Weihnachtssongs. Das Essen war trotz meines eigentlich schon gut gef\u00fcllten Bauches sehr lecker und die Stimmung ausgelassen. Dann folgte eine kleine Tanz- und Singsession. Achtung, kleiner Einschub: *Vor ein paar Tagen waren Valerie und ich mitten in der Nacht davon aufgewacht, dass ich lauthals und grottenschief &#8222;Alle Jahre wieder&#8220; sang: Ich hatte getr\u00e4umt, dass wir den Schwester spontan etwas vortragen m\u00fcssen.* Nachdem wir nun tats\u00e4chlich dazu aufgefordert wurden, auf deutsch zu singen, stand der Song f\u00fcr mich fest \ud83d\ude09 W\u00e4hrenddessen wurde jedem ein T\u00e4schchen mit kleinen Geschenken in die Hand gedr\u00fcckt (Deo, Seife,&#8230;) Zudem folgte der Nachtisch: Eis &#8211; dieses passte jetzt aber wirklich nicht mehr in mich hinein! <\/p>\n\n\n\n<p>Nach einer kleinen Siesta ging es um 16:00 Uhr mit Spielen weiter. Schwestern, Pr\u00e4aspirantinnen, Foyerm\u00e4dchen,&#8230; &#8211; alle Bewohner des Gel\u00e4ndes versammelten sich auf dem Pausenhof der \u00c9cole Laura Vicu\u00f1a und wurden dann zuf\u00e4llig in drei Gruppen geteilt. Schwester C., Valerie und ich waren Spielleiterinnen f\u00fcr jeweils ein Spiel, wobei jede von uns ein Foyerm\u00e4dchen als Dolmetscherin f\u00fcr die lokale Sprache Fongb\u00e9 an unserer Seite hatten. Und so spielte jede der drei Gruppen in der folgenden Stunde jedes unserer drei Spiele. Das Spiel, das bei mir gespielt wurde, hei\u00dft ZIP-ZAP (LG an Pia, Alene und Elias, ich musste nat\u00fcrlich an euch denken!). Dabei geht es darum, die Namen der anderen zu kennen. Teilweise muss man aber auch ziemlich flink die Pl\u00e4tze wechseln. Nachdem sich nach der meist f\u00fcnften Erkl\u00e4rung der Dolmetscherin und mir alle Fragezeichen gel\u00f6st hatten, sah man ein lachendes Gesicht nach dem anderen und auch ich war nat\u00fcrlich beim Spielen dabei. Das sch\u00f6ne an solchen Gruppenspielen und diesem Nachmittag finde ich, dass man mit kaum bis keinem Material lediglich durch Zeit und Mitmenschen gro\u00dfen Spa\u00df haben und sich besser kennenlernen kann.<\/p>\n\n\n\n<p>Am Abend haben Valerie und ich noch einen Abstecher im Foyer gemacht und den M\u00e4dchen unser Weihnachtsgeschenk \u00fcberreicht: Ein gro\u00dfes Plakat, auf welches wir ausgedruckte Fotos und kleine Basteleien geklebt hatten. Alle waren sehr gespannt und haben gehofft, sich auf einem der Fotos zu entdecken. Danach sa\u00dfen wir noch ein Weilchen im Foyer und haben den Abend ausklingen lassen.<\/p>\n\n\n\n<p><\/p>","protected":false},"excerpt":{"rendered":"<p>(Foyer=M\u00e4dchenwohnheim auf dem Gel\u00e4nde) Am Vormittag des 25. Dezembers haben Valerie und ich erst einmal entspannt ausgeschlafen und sind noch ein Weilchen im Bett geblieben &#8211; wir waren am Tag zuvor ja schlie\u00dflich das erste Mal seit unserer Ankunft hier bis weit \u00fcber Mitternacht wach geblieben. Kurz nachdem wir sp\u00e4ter mit unserem langen Fr\u00fchst\u00fcck fertig [&hellip;]<\/p>\n","protected":false},"author":21789,"featured_media":0,"parent":0,"menu_order":0,"comment_status":"closed","ping_status":"closed","template":"","meta":{"footnotes":""},"class_list":["post-719","page","type-page","status-publish","hentry"],"yoast_head":"<!-- This site is optimized with the Yoast SEO plugin v25.3.1 - https:\/\/yoast.com\/wordpress\/plugins\/seo\/ -->\n<title>25. Dezember 2023 - Mittendrin in Benin<\/title>\n<meta name=\"robots\" content=\"index, follow, max-snippet:-1, max-image-preview:large, max-video-preview:-1\" \/>\n<link rel=\"canonical\" href=\"https:\/\/blogs.donboscovolunteers.de\/mittendrininbenin\/25-dezember-2023\/\" \/>\n<meta property=\"og:locale\" content=\"de_DE\" \/>\n<meta property=\"og:type\" content=\"article\" \/>\n<meta property=\"og:title\" content=\"25. Dezember 2023 - Mittendrin in Benin\" \/>\n<meta property=\"og:description\" content=\"(Foyer=M\u00e4dchenwohnheim auf dem Gel\u00e4nde) Am Vormittag des 25. Dezembers haben Valerie und ich erst einmal entspannt ausgeschlafen und sind noch ein Weilchen im Bett geblieben &#8211; wir waren am Tag zuvor ja schlie\u00dflich das erste Mal seit unserer Ankunft hier bis weit \u00fcber Mitternacht wach geblieben. Kurz nachdem wir sp\u00e4ter mit unserem langen Fr\u00fchst\u00fcck fertig [&hellip;]\" \/>\n<meta property=\"og:url\" content=\"https:\/\/blogs.donboscovolunteers.de\/mittendrininbenin\/25-dezember-2023\/\" \/>\n<meta property=\"og:site_name\" content=\"Mittendrin in Benin\" \/>\n<meta property=\"article:modified_time\" content=\"2023-12-27T13:40:50+00:00\" \/>\n<meta property=\"og:image\" content=\"https:\/\/blogs.donboscovolunteers.de\/mittendrininbenin\/wp-content\/uploads\/sites\/21680\/2023\/12\/WhatsApp-Image-2023-12-26-at-18.25.19-1-1024x706.jpeg\" \/>\n<meta name=\"twitter:card\" content=\"summary_large_image\" \/>\n<meta name=\"twitter:label1\" content=\"Gesch\u00e4tzte Lesezeit\" \/>\n\t<meta name=\"twitter:data1\" content=\"4\u00a0Minuten\" \/>\n<script type=\"application\/ld+json\" class=\"yoast-schema-graph\">{\"@context\":\"https:\/\/schema.org\",\"@graph\":[{\"@type\":\"WebPage\",\"@id\":\"https:\/\/blogs.donboscovolunteers.de\/mittendrininbenin\/25-dezember-2023\/\",\"url\":\"https:\/\/blogs.donboscovolunteers.de\/mittendrininbenin\/25-dezember-2023\/\",\"name\":\"25. Dezember 2023 - Mittendrin in Benin\",\"isPartOf\":{\"@id\":\"https:\/\/blogs.donboscovolunteers.de\/mittendrininbenin\/#website\"},\"primaryImageOfPage\":{\"@id\":\"https:\/\/blogs.donboscovolunteers.de\/mittendrininbenin\/25-dezember-2023\/#primaryimage\"},\"image\":{\"@id\":\"https:\/\/blogs.donboscovolunteers.de\/mittendrininbenin\/25-dezember-2023\/#primaryimage\"},\"thumbnailUrl\":\"https:\/\/blogs.donboscovolunteers.de\/mittendrininbenin\/wp-content\/uploads\/sites\/21680\/2023\/12\/WhatsApp-Image-2023-12-26-at-18.25.19-1-1024x706.jpeg\",\"datePublished\":\"2023-12-26T18:53:02+00:00\",\"dateModified\":\"2023-12-27T13:40:50+00:00\",\"breadcrumb\":{\"@id\":\"https:\/\/blogs.donboscovolunteers.de\/mittendrininbenin\/25-dezember-2023\/#breadcrumb\"},\"inLanguage\":\"de\",\"potentialAction\":[{\"@type\":\"ReadAction\",\"target\":[\"https:\/\/blogs.donboscovolunteers.de\/mittendrininbenin\/25-dezember-2023\/\"]}]},{\"@type\":\"ImageObject\",\"inLanguage\":\"de\",\"@id\":\"https:\/\/blogs.donboscovolunteers.de\/mittendrininbenin\/25-dezember-2023\/#primaryimage\",\"url\":\"https:\/\/blogs.donboscovolunteers.de\/mittendrininbenin\/wp-content\/uploads\/sites\/21680\/2023\/12\/WhatsApp-Image-2023-12-26-at-18.25.19-1.jpeg\",\"contentUrl\":\"https:\/\/blogs.donboscovolunteers.de\/mittendrininbenin\/wp-content\/uploads\/sites\/21680\/2023\/12\/WhatsApp-Image-2023-12-26-at-18.25.19-1.jpeg\",\"width\":1280,\"height\":883},{\"@type\":\"BreadcrumbList\",\"@id\":\"https:\/\/blogs.donboscovolunteers.de\/mittendrininbenin\/25-dezember-2023\/#breadcrumb\",\"itemListElement\":[{\"@type\":\"ListItem\",\"position\":1,\"name\":\"Startseite\",\"item\":\"https:\/\/blogs.donboscovolunteers.de\/mittendrininbenin\/\"},{\"@type\":\"ListItem\",\"position\":2,\"name\":\"25. Dezember 2023\"}]},{\"@type\":\"WebSite\",\"@id\":\"https:\/\/blogs.donboscovolunteers.de\/mittendrininbenin\/#website\",\"url\":\"https:\/\/blogs.donboscovolunteers.de\/mittendrininbenin\/\",\"name\":\"Mittendrin in Benin\",\"description\":\"\",\"potentialAction\":[{\"@type\":\"SearchAction\",\"target\":{\"@type\":\"EntryPoint\",\"urlTemplate\":\"https:\/\/blogs.donboscovolunteers.de\/mittendrininbenin\/?s={search_term_string}\"},\"query-input\":{\"@type\":\"PropertyValueSpecification\",\"valueRequired\":true,\"valueName\":\"search_term_string\"}}],\"inLanguage\":\"de\"}]}<\/script>\n<!-- \/ Yoast SEO plugin. -->","yoast_head_json":{"title":"25. Dezember 2023 - Mittendrin in Benin","robots":{"index":"index","follow":"follow","max-snippet":"max-snippet:-1","max-image-preview":"max-image-preview:large","max-video-preview":"max-video-preview:-1"},"canonical":"https:\/\/blogs.donboscovolunteers.de\/mittendrininbenin\/25-dezember-2023\/","og_locale":"de_DE","og_type":"article","og_title":"25. Dezember 2023 - Mittendrin in Benin","og_description":"(Foyer=M\u00e4dchenwohnheim auf dem Gel\u00e4nde) Am Vormittag des 25. Dezembers haben Valerie und ich erst einmal entspannt ausgeschlafen und sind noch ein Weilchen im Bett geblieben &#8211; wir waren am Tag zuvor ja schlie\u00dflich das erste Mal seit unserer Ankunft hier bis weit \u00fcber Mitternacht wach geblieben. Kurz nachdem wir sp\u00e4ter mit unserem langen Fr\u00fchst\u00fcck fertig [&hellip;]","og_url":"https:\/\/blogs.donboscovolunteers.de\/mittendrininbenin\/25-dezember-2023\/","og_site_name":"Mittendrin in Benin","article_modified_time":"2023-12-27T13:40:50+00:00","og_image":[{"url":"https:\/\/blogs.donboscovolunteers.de\/mittendrininbenin\/wp-content\/uploads\/sites\/21680\/2023\/12\/WhatsApp-Image-2023-12-26-at-18.25.19-1-1024x706.jpeg","type":"","width":"","height":""}],"twitter_card":"summary_large_image","twitter_misc":{"Gesch\u00e4tzte Lesezeit":"4\u00a0Minuten"},"schema":{"@context":"https:\/\/schema.org","@graph":[{"@type":"WebPage","@id":"https:\/\/blogs.donboscovolunteers.de\/mittendrininbenin\/25-dezember-2023\/","url":"https:\/\/blogs.donboscovolunteers.de\/mittendrininbenin\/25-dezember-2023\/","name":"25. Dezember 2023 - Mittendrin in Benin","isPartOf":{"@id":"https:\/\/blogs.donboscovolunteers.de\/mittendrininbenin\/#website"},"primaryImageOfPage":{"@id":"https:\/\/blogs.donboscovolunteers.de\/mittendrininbenin\/25-dezember-2023\/#primaryimage"},"image":{"@id":"https:\/\/blogs.donboscovolunteers.de\/mittendrininbenin\/25-dezember-2023\/#primaryimage"},"thumbnailUrl":"https:\/\/blogs.donboscovolunteers.de\/mittendrininbenin\/wp-content\/uploads\/sites\/21680\/2023\/12\/WhatsApp-Image-2023-12-26-at-18.25.19-1-1024x706.jpeg","datePublished":"2023-12-26T18:53:02+00:00","dateModified":"2023-12-27T13:40:50+00:00","breadcrumb":{"@id":"https:\/\/blogs.donboscovolunteers.de\/mittendrininbenin\/25-dezember-2023\/#breadcrumb"},"inLanguage":"de","potentialAction":[{"@type":"ReadAction","target":["https:\/\/blogs.donboscovolunteers.de\/mittendrininbenin\/25-dezember-2023\/"]}]},{"@type":"ImageObject","inLanguage":"de","@id":"https:\/\/blogs.donboscovolunteers.de\/mittendrininbenin\/25-dezember-2023\/#primaryimage","url":"https:\/\/blogs.donboscovolunteers.de\/mittendrininbenin\/wp-content\/uploads\/sites\/21680\/2023\/12\/WhatsApp-Image-2023-12-26-at-18.25.19-1.jpeg","contentUrl":"https:\/\/blogs.donboscovolunteers.de\/mittendrininbenin\/wp-content\/uploads\/sites\/21680\/2023\/12\/WhatsApp-Image-2023-12-26-at-18.25.19-1.jpeg","width":1280,"height":883},{"@type":"BreadcrumbList","@id":"https:\/\/blogs.donboscovolunteers.de\/mittendrininbenin\/25-dezember-2023\/#breadcrumb","itemListElement":[{"@type":"ListItem","position":1,"name":"Startseite","item":"https:\/\/blogs.donboscovolunteers.de\/mittendrininbenin\/"},{"@type":"ListItem","position":2,"name":"25. Dezember 2023"}]},{"@type":"WebSite","@id":"https:\/\/blogs.donboscovolunteers.de\/mittendrininbenin\/#website","url":"https:\/\/blogs.donboscovolunteers.de\/mittendrininbenin\/","name":"Mittendrin in Benin","description":"","potentialAction":[{"@type":"SearchAction","target":{"@type":"EntryPoint","urlTemplate":"https:\/\/blogs.donboscovolunteers.de\/mittendrininbenin\/?s={search_term_string}"},"query-input":{"@type":"PropertyValueSpecification","valueRequired":true,"valueName":"search_term_string"}}],"inLanguage":"de"}]}},"_links":{"self":[{"href":"https:\/\/blogs.donboscovolunteers.de\/mittendrininbenin\/wp-json\/wp\/v2\/pages\/719","targetHints":{"allow":["GET"]}}],"collection":[{"href":"https:\/\/blogs.donboscovolunteers.de\/mittendrininbenin\/wp-json\/wp\/v2\/pages"}],"about":[{"href":"https:\/\/blogs.donboscovolunteers.de\/mittendrininbenin\/wp-json\/wp\/v2\/types\/page"}],"author":[{"embeddable":true,"href":"https:\/\/blogs.donboscovolunteers.de\/mittendrininbenin\/wp-json\/wp\/v2\/users\/21789"}],"replies":[{"embeddable":true,"href":"https:\/\/blogs.donboscovolunteers.de\/mittendrininbenin\/wp-json\/wp\/v2\/comments?post=719"}],"version-history":[{"count":7,"href":"https:\/\/blogs.donboscovolunteers.de\/mittendrininbenin\/wp-json\/wp\/v2\/pages\/719\/revisions"}],"predecessor-version":[{"id":733,"href":"https:\/\/blogs.donboscovolunteers.de\/mittendrininbenin\/wp-json\/wp\/v2\/pages\/719\/revisions\/733"}],"wp:attachment":[{"href":"https:\/\/blogs.donboscovolunteers.de\/mittendrininbenin\/wp-json\/wp\/v2\/media?parent=719"}],"curies":[{"name":"wp","href":"https:\/\/api.w.org\/{rel}","templated":true}]}}