{"id":701,"date":"2023-12-26T16:46:23","date_gmt":"2023-12-26T15:46:23","guid":{"rendered":"https:\/\/blogs.donboscovolunteers.de\/mittendrininbenin\/?page_id=701"},"modified":"2023-12-27T20:20:53","modified_gmt":"2023-12-27T19:20:53","slug":"24-dezember-2023","status":"publish","type":"page","link":"https:\/\/blogs.donboscovolunteers.de\/mittendrininbenin\/24-dezember-2023\/","title":{"rendered":"24. Dezember 2023"},"content":{"rendered":"<div class=\"wp-block-image\">\n<figure class=\"aligncenter size-large is-resized\"><img loading=\"lazy\" decoding=\"async\" width=\"1024\" height=\"682\" src=\"https:\/\/blogs.donboscovolunteers.de\/mittendrininbenin\/wp-content\/uploads\/sites\/21680\/2023\/12\/DSC00858-1-1024x682.jpg\" alt=\"\" class=\"wp-image-707\" style=\"width:528px;height:auto\" srcset=\"https:\/\/blogs.donboscovolunteers.de\/mittendrininbenin\/wp-content\/uploads\/sites\/21680\/2023\/12\/DSC00858-1-1024x682.jpg 1024w, https:\/\/blogs.donboscovolunteers.de\/mittendrininbenin\/wp-content\/uploads\/sites\/21680\/2023\/12\/DSC00858-1-300x200.jpg 300w, https:\/\/blogs.donboscovolunteers.de\/mittendrininbenin\/wp-content\/uploads\/sites\/21680\/2023\/12\/DSC00858-1-768x512.jpg 768w, https:\/\/blogs.donboscovolunteers.de\/mittendrininbenin\/wp-content\/uploads\/sites\/21680\/2023\/12\/DSC00858-1-900x600.jpg 900w, https:\/\/blogs.donboscovolunteers.de\/mittendrininbenin\/wp-content\/uploads\/sites\/21680\/2023\/12\/DSC00858-1.jpg 1280w\" sizes=\"auto, (max-width: 1024px) 100vw, 1024px\" \/><\/figure>\n<\/div>\n\n\n<p><\/p>\n\n\n\n<p>Nachdem Valerie und ich geplant hatten am 24. Dezember in die Abendmesse zu gehen, nahmen wir dies als Argument, die sonnt\u00e4gliche Vormittagsmesse zu schw\u00e4nzen &#8211; tats\u00e4chlich doch das erste Mal seit unserer Ankunft in Cotonou. Den freien Vormittag nutzten wir dann durch ein langes Fr\u00fchst\u00fcck, ich telefonierte mit meinen Eltern, bastelte noch letzte Weihnachtssterne und Valerie und ich schauten bei den M\u00e4dchen im Foyer vorbei. Das sonnt\u00e4gliche Mittagessen bei den Schwestern erwies sich als au\u00dferordentlich lecker, wie eigentlich jedes Mal. Nachdem wir in unserem Zimmer den &#8222;Weihnachtsbaum&#8220; dekorierten, schwangen wir uns auch schon auf ein Zem Richtung Strand. Dort waren wir mit J. verabredet. Vor ein paar Wochen waren wir spontan zur gro\u00dfen Beerdigung seiner Gro\u00dfmutter mitgenommen worden, wobei wir dort kaum mit ihm gesprochen hatten. Das sollte sich an diesem 24. Dezember allerdings \u00e4ndern. <\/p>\n\n\n<div class=\"wp-block-image\">\n<figure class=\"alignleft size-large is-resized\"><img loading=\"lazy\" decoding=\"async\" width=\"1024\" height=\"682\" src=\"https:\/\/blogs.donboscovolunteers.de\/mittendrininbenin\/wp-content\/uploads\/sites\/21680\/2023\/12\/DSC00868-1024x682.jpg\" alt=\"\" class=\"wp-image-708\" style=\"width:379px;height:auto\" srcset=\"https:\/\/blogs.donboscovolunteers.de\/mittendrininbenin\/wp-content\/uploads\/sites\/21680\/2023\/12\/DSC00868-1024x682.jpg 1024w, https:\/\/blogs.donboscovolunteers.de\/mittendrininbenin\/wp-content\/uploads\/sites\/21680\/2023\/12\/DSC00868-300x200.jpg 300w, https:\/\/blogs.donboscovolunteers.de\/mittendrininbenin\/wp-content\/uploads\/sites\/21680\/2023\/12\/DSC00868-768x512.jpg 768w, https:\/\/blogs.donboscovolunteers.de\/mittendrininbenin\/wp-content\/uploads\/sites\/21680\/2023\/12\/DSC00868-900x600.jpg 900w, https:\/\/blogs.donboscovolunteers.de\/mittendrininbenin\/wp-content\/uploads\/sites\/21680\/2023\/12\/DSC00868.jpg 1280w\" sizes=\"auto, (max-width: 1024px) 100vw, 1024px\" \/><\/figure>\n<\/div>\n\n\n<p>Wir setzen uns in den Schatten einer Palme auf eine Matte und versinken in unseren Gespr\u00e4chen. Immer wieder sieht man Pferde vorbeireiten und beinahe im Minutentakt kommen Menschen zu uns, die Geld wollen. Neben den \u00fcblichen Verk\u00e4ufern haupts\u00e4chlich Jungs, die wei\u00df angemalt sind, und dann wie erstarrt hinter einem stehen bleiben &#8211; f\u00fcr so ca. eine Minute, dann fragen sie nach Geld. Ebenso sieht man einige verkleidete Kinder und kleine Gruppen mit Trommel. Der Obstsalat wird leerer, die Gespr\u00e4che tiefer und der Strand voller. Um etwas nach 19:00 Uhr brechen wir wieder auf. <\/p>\n\n\n\n<figure class=\"wp-block-gallery has-nested-images columns-default is-cropped wp-block-gallery-1 is-layout-flex wp-block-gallery-is-layout-flex\">\n<figure class=\"wp-block-image size-large\"><img loading=\"lazy\" decoding=\"async\" width=\"1024\" height=\"682\" data-id=\"709\" src=\"https:\/\/blogs.donboscovolunteers.de\/mittendrininbenin\/wp-content\/uploads\/sites\/21680\/2023\/12\/DSC00870-1024x682.jpg\" alt=\"\" class=\"wp-image-709\" srcset=\"https:\/\/blogs.donboscovolunteers.de\/mittendrininbenin\/wp-content\/uploads\/sites\/21680\/2023\/12\/DSC00870-1024x682.jpg 1024w, https:\/\/blogs.donboscovolunteers.de\/mittendrininbenin\/wp-content\/uploads\/sites\/21680\/2023\/12\/DSC00870-300x200.jpg 300w, https:\/\/blogs.donboscovolunteers.de\/mittendrininbenin\/wp-content\/uploads\/sites\/21680\/2023\/12\/DSC00870-768x512.jpg 768w, https:\/\/blogs.donboscovolunteers.de\/mittendrininbenin\/wp-content\/uploads\/sites\/21680\/2023\/12\/DSC00870-900x600.jpg 900w, https:\/\/blogs.donboscovolunteers.de\/mittendrininbenin\/wp-content\/uploads\/sites\/21680\/2023\/12\/DSC00870.jpg 1280w\" sizes=\"auto, (max-width: 1024px) 100vw, 1024px\" \/><\/figure>\n\n\n\n<figure class=\"wp-block-image size-large\"><img loading=\"lazy\" decoding=\"async\" width=\"1024\" height=\"682\" data-id=\"710\" src=\"https:\/\/blogs.donboscovolunteers.de\/mittendrininbenin\/wp-content\/uploads\/sites\/21680\/2023\/12\/DSC00871-1024x682.jpg\" alt=\"\" class=\"wp-image-710\" srcset=\"https:\/\/blogs.donboscovolunteers.de\/mittendrininbenin\/wp-content\/uploads\/sites\/21680\/2023\/12\/DSC00871-1024x682.jpg 1024w, https:\/\/blogs.donboscovolunteers.de\/mittendrininbenin\/wp-content\/uploads\/sites\/21680\/2023\/12\/DSC00871-300x200.jpg 300w, https:\/\/blogs.donboscovolunteers.de\/mittendrininbenin\/wp-content\/uploads\/sites\/21680\/2023\/12\/DSC00871-768x512.jpg 768w, https:\/\/blogs.donboscovolunteers.de\/mittendrininbenin\/wp-content\/uploads\/sites\/21680\/2023\/12\/DSC00871-900x600.jpg 900w, https:\/\/blogs.donboscovolunteers.de\/mittendrininbenin\/wp-content\/uploads\/sites\/21680\/2023\/12\/DSC00871.jpg 1280w\" sizes=\"auto, (max-width: 1024px) 100vw, 1024px\" \/><\/figure>\n<\/figure>\n\n\n\n<p>Da superviele Leute Zems suchen, m\u00fcssen wir mit locker 8 Zemfahrern diskutieren, bis wir einigerma\u00dfen menschliche Preise bekommen. Ich bin ein bisschen ger\u00fchrt davon, dass pl\u00f6tzlich s\u00e4mtliche Stra\u00dfen mit Weihnachtsbeleuchtung geschm\u00fcckt sind, die nun in der Dunkelheit in voller Pracht leuchten. Na geht doch! Wir verabschieden uns von J. und brausen durch die Nacht. Als wir in das Geb\u00e4ude, in dem sich auch unser Zimmer befindet, eintreten, komme ich nochmal richtig in Weihnachtsstimmung: die Pr\u00e4aspirantinnen (Schwesteranw\u00e4rterinnen) und Schwester E. sind gerade flei\u00dfig am Dekorieren. Nach einer kurzen Verschnaufpause und einer Mahlzeit geht es mit den Pr\u00e4aspirantinnen ab in die Nachtmesse. Diese beginnt um 22:00 Uhr und dauert \u00fcber zwei Stunden, weswegen ich einen kleinen Kampf mit meinen zufallenden Augenlidern f\u00fchre. Aber zum Gl\u00fcck wird am Schluss noch ein bisschen getanzt was mich wieder aufweckt. Auf dem R\u00fcckweg zum Gel\u00e4nde schl\u00e4ngeln wir uns durch tanzende Menschengruppen und Kinder mit Silvesterb\u00f6llern. Nachdem die Pr\u00e4aspirantinnen, Valerie und ich noch einen kleinen Halt im Schwesternhaus eingelegt haben, um mit zwei der Schwestern Kekse zu essen und die Krippe anzuschauen, gehen wir in unser Zimmer. Der letzte Programmpunkt steht an: Bescherung. Dazu hatten Valerie ich uns zuvor unseren eigenen kleinen Christbaum gezaubert: Papiersterne, Lichterkette, Stoff. Nun sitzen wir auf weiteren Stoffen auf dem Boden vor dem Baum und jeder schl\u00e4gt ein Lied vor. Danach geht es an die Geschenke. &#8222;Du links, ich gerade aus&#8220;, hatte Valerie mir am Montag zuvor im Stoffladen gesagt, da wir entschlossen hatten dem jeweils anderen einen Stoff als Geschenk zu holen. Und siehe da, wir waren beide direkt beim ersten Stand f\u00fcndig geworden, das hatte es noch nie gegeben. Und so sitzen wir nun an Heilig Abend in beninischen Stoffen gekleidet vor einem Stoffbaum auf Stoffen und bewundern unsere neuen Stoffe!<\/p>\n\n\n\n<figure class=\"wp-block-gallery has-nested-images columns-default is-cropped wp-block-gallery-2 is-layout-flex wp-block-gallery-is-layout-flex\">\n<figure class=\"wp-block-image size-large\"><img loading=\"lazy\" decoding=\"async\" width=\"578\" height=\"1024\" data-id=\"712\" src=\"https:\/\/blogs.donboscovolunteers.de\/mittendrininbenin\/wp-content\/uploads\/sites\/21680\/2023\/12\/WhatsApp-Image-2023-12-25-at-01.31.33-578x1024.jpeg\" alt=\"\" class=\"wp-image-712\" srcset=\"https:\/\/blogs.donboscovolunteers.de\/mittendrininbenin\/wp-content\/uploads\/sites\/21680\/2023\/12\/WhatsApp-Image-2023-12-25-at-01.31.33-578x1024.jpeg 578w, https:\/\/blogs.donboscovolunteers.de\/mittendrininbenin\/wp-content\/uploads\/sites\/21680\/2023\/12\/WhatsApp-Image-2023-12-25-at-01.31.33-169x300.jpeg 169w, https:\/\/blogs.donboscovolunteers.de\/mittendrininbenin\/wp-content\/uploads\/sites\/21680\/2023\/12\/WhatsApp-Image-2023-12-25-at-01.31.33.jpeg 722w\" sizes=\"auto, (max-width: 578px) 100vw, 578px\" \/><figcaption class=\"wp-element-caption\">Das Abendmahl<\/figcaption><\/figure>\n\n\n\n<figure class=\"wp-block-image size-large\"><img loading=\"lazy\" decoding=\"async\" width=\"768\" height=\"1024\" data-id=\"713\" src=\"https:\/\/blogs.donboscovolunteers.de\/mittendrininbenin\/wp-content\/uploads\/sites\/21680\/2023\/12\/WhatsApp-Image-2023-12-26-at-16.41.02.jpeg\" alt=\"\" class=\"wp-image-713\" srcset=\"https:\/\/blogs.donboscovolunteers.de\/mittendrininbenin\/wp-content\/uploads\/sites\/21680\/2023\/12\/WhatsApp-Image-2023-12-26-at-16.41.02.jpeg 768w, https:\/\/blogs.donboscovolunteers.de\/mittendrininbenin\/wp-content\/uploads\/sites\/21680\/2023\/12\/WhatsApp-Image-2023-12-26-at-16.41.02-225x300.jpeg 225w\" sizes=\"auto, (max-width: 768px) 100vw, 768px\" \/><figcaption class=\"wp-element-caption\">Oh Tannenbaum&#8230;<\/figcaption><\/figure>\n\n\n\n<figure class=\"wp-block-image size-large\"><img loading=\"lazy\" decoding=\"async\" width=\"578\" height=\"1024\" data-id=\"714\" src=\"https:\/\/blogs.donboscovolunteers.de\/mittendrininbenin\/wp-content\/uploads\/sites\/21680\/2023\/12\/WhatsApp-Image-2023-12-25-at-01.31.28-578x1024.jpeg\" alt=\"\" class=\"wp-image-714\" srcset=\"https:\/\/blogs.donboscovolunteers.de\/mittendrininbenin\/wp-content\/uploads\/sites\/21680\/2023\/12\/WhatsApp-Image-2023-12-25-at-01.31.28-578x1024.jpeg 578w, https:\/\/blogs.donboscovolunteers.de\/mittendrininbenin\/wp-content\/uploads\/sites\/21680\/2023\/12\/WhatsApp-Image-2023-12-25-at-01.31.28-169x300.jpeg 169w, https:\/\/blogs.donboscovolunteers.de\/mittendrininbenin\/wp-content\/uploads\/sites\/21680\/2023\/12\/WhatsApp-Image-2023-12-25-at-01.31.28.jpeg 722w\" sizes=\"auto, (max-width: 578px) 100vw, 578px\" \/><figcaption class=\"wp-element-caption\">Stoff, Stoff, Stoff und Stoff<\/figcaption><\/figure>\n<\/figure>","protected":false},"excerpt":{"rendered":"<p>Nachdem Valerie und ich geplant hatten am 24. Dezember in die Abendmesse zu gehen, nahmen wir dies als Argument, die sonnt\u00e4gliche Vormittagsmesse zu schw\u00e4nzen &#8211; tats\u00e4chlich doch das erste Mal seit unserer Ankunft in Cotonou. Den freien Vormittag nutzten wir dann durch ein langes Fr\u00fchst\u00fcck, ich telefonierte mit meinen Eltern, bastelte noch letzte Weihnachtssterne und [&hellip;]<\/p>\n","protected":false},"author":21789,"featured_media":0,"parent":0,"menu_order":0,"comment_status":"closed","ping_status":"closed","template":"","meta":{"footnotes":""},"class_list":["post-701","page","type-page","status-publish","hentry"],"yoast_head":"<!-- This site is optimized with the Yoast SEO plugin v25.3.1 - https:\/\/yoast.com\/wordpress\/plugins\/seo\/ -->\n<title>24. Dezember 2023 - Mittendrin in Benin<\/title>\n<meta name=\"robots\" content=\"index, follow, max-snippet:-1, max-image-preview:large, max-video-preview:-1\" \/>\n<link rel=\"canonical\" href=\"https:\/\/blogs.donboscovolunteers.de\/mittendrininbenin\/24-dezember-2023\/\" \/>\n<meta property=\"og:locale\" content=\"de_DE\" \/>\n<meta property=\"og:type\" content=\"article\" \/>\n<meta property=\"og:title\" content=\"24. Dezember 2023 - Mittendrin in Benin\" \/>\n<meta property=\"og:description\" content=\"Nachdem Valerie und ich geplant hatten am 24. Dezember in die Abendmesse zu gehen, nahmen wir dies als Argument, die sonnt\u00e4gliche Vormittagsmesse zu schw\u00e4nzen &#8211; tats\u00e4chlich doch das erste Mal seit unserer Ankunft in Cotonou. Den freien Vormittag nutzten wir dann durch ein langes Fr\u00fchst\u00fcck, ich telefonierte mit meinen Eltern, bastelte noch letzte Weihnachtssterne und [&hellip;]\" \/>\n<meta property=\"og:url\" content=\"https:\/\/blogs.donboscovolunteers.de\/mittendrininbenin\/24-dezember-2023\/\" \/>\n<meta property=\"og:site_name\" content=\"Mittendrin in Benin\" \/>\n<meta property=\"article:modified_time\" content=\"2023-12-27T19:20:53+00:00\" \/>\n<meta property=\"og:image\" content=\"https:\/\/blogs.donboscovolunteers.de\/mittendrininbenin\/wp-content\/uploads\/sites\/21680\/2023\/12\/DSC00858-1-1024x682.jpg\" \/>\n<meta name=\"twitter:card\" content=\"summary_large_image\" \/>\n<meta name=\"twitter:label1\" content=\"Gesch\u00e4tzte Lesezeit\" \/>\n\t<meta name=\"twitter:data1\" content=\"5\u00a0Minuten\" \/>\n<script type=\"application\/ld+json\" class=\"yoast-schema-graph\">{\"@context\":\"https:\/\/schema.org\",\"@graph\":[{\"@type\":\"WebPage\",\"@id\":\"https:\/\/blogs.donboscovolunteers.de\/mittendrininbenin\/24-dezember-2023\/\",\"url\":\"https:\/\/blogs.donboscovolunteers.de\/mittendrininbenin\/24-dezember-2023\/\",\"name\":\"24. Dezember 2023 - Mittendrin in Benin\",\"isPartOf\":{\"@id\":\"https:\/\/blogs.donboscovolunteers.de\/mittendrininbenin\/#website\"},\"primaryImageOfPage\":{\"@id\":\"https:\/\/blogs.donboscovolunteers.de\/mittendrininbenin\/24-dezember-2023\/#primaryimage\"},\"image\":{\"@id\":\"https:\/\/blogs.donboscovolunteers.de\/mittendrininbenin\/24-dezember-2023\/#primaryimage\"},\"thumbnailUrl\":\"https:\/\/blogs.donboscovolunteers.de\/mittendrininbenin\/wp-content\/uploads\/sites\/21680\/2023\/12\/DSC00858-1-1024x682.jpg\",\"datePublished\":\"2023-12-26T15:46:23+00:00\",\"dateModified\":\"2023-12-27T19:20:53+00:00\",\"breadcrumb\":{\"@id\":\"https:\/\/blogs.donboscovolunteers.de\/mittendrininbenin\/24-dezember-2023\/#breadcrumb\"},\"inLanguage\":\"de\",\"potentialAction\":[{\"@type\":\"ReadAction\",\"target\":[\"https:\/\/blogs.donboscovolunteers.de\/mittendrininbenin\/24-dezember-2023\/\"]}]},{\"@type\":\"ImageObject\",\"inLanguage\":\"de\",\"@id\":\"https:\/\/blogs.donboscovolunteers.de\/mittendrininbenin\/24-dezember-2023\/#primaryimage\",\"url\":\"https:\/\/blogs.donboscovolunteers.de\/mittendrininbenin\/wp-content\/uploads\/sites\/21680\/2023\/12\/DSC00858-1.jpg\",\"contentUrl\":\"https:\/\/blogs.donboscovolunteers.de\/mittendrininbenin\/wp-content\/uploads\/sites\/21680\/2023\/12\/DSC00858-1.jpg\",\"width\":1280,\"height\":853},{\"@type\":\"BreadcrumbList\",\"@id\":\"https:\/\/blogs.donboscovolunteers.de\/mittendrininbenin\/24-dezember-2023\/#breadcrumb\",\"itemListElement\":[{\"@type\":\"ListItem\",\"position\":1,\"name\":\"Startseite\",\"item\":\"https:\/\/blogs.donboscovolunteers.de\/mittendrininbenin\/\"},{\"@type\":\"ListItem\",\"position\":2,\"name\":\"24. Dezember 2023\"}]},{\"@type\":\"WebSite\",\"@id\":\"https:\/\/blogs.donboscovolunteers.de\/mittendrininbenin\/#website\",\"url\":\"https:\/\/blogs.donboscovolunteers.de\/mittendrininbenin\/\",\"name\":\"Mittendrin in Benin\",\"description\":\"\",\"potentialAction\":[{\"@type\":\"SearchAction\",\"target\":{\"@type\":\"EntryPoint\",\"urlTemplate\":\"https:\/\/blogs.donboscovolunteers.de\/mittendrininbenin\/?s={search_term_string}\"},\"query-input\":{\"@type\":\"PropertyValueSpecification\",\"valueRequired\":true,\"valueName\":\"search_term_string\"}}],\"inLanguage\":\"de\"}]}<\/script>\n<!-- \/ Yoast SEO plugin. -->","yoast_head_json":{"title":"24. Dezember 2023 - Mittendrin in Benin","robots":{"index":"index","follow":"follow","max-snippet":"max-snippet:-1","max-image-preview":"max-image-preview:large","max-video-preview":"max-video-preview:-1"},"canonical":"https:\/\/blogs.donboscovolunteers.de\/mittendrininbenin\/24-dezember-2023\/","og_locale":"de_DE","og_type":"article","og_title":"24. Dezember 2023 - Mittendrin in Benin","og_description":"Nachdem Valerie und ich geplant hatten am 24. Dezember in die Abendmesse zu gehen, nahmen wir dies als Argument, die sonnt\u00e4gliche Vormittagsmesse zu schw\u00e4nzen &#8211; tats\u00e4chlich doch das erste Mal seit unserer Ankunft in Cotonou. Den freien Vormittag nutzten wir dann durch ein langes Fr\u00fchst\u00fcck, ich telefonierte mit meinen Eltern, bastelte noch letzte Weihnachtssterne und [&hellip;]","og_url":"https:\/\/blogs.donboscovolunteers.de\/mittendrininbenin\/24-dezember-2023\/","og_site_name":"Mittendrin in Benin","article_modified_time":"2023-12-27T19:20:53+00:00","og_image":[{"url":"https:\/\/blogs.donboscovolunteers.de\/mittendrininbenin\/wp-content\/uploads\/sites\/21680\/2023\/12\/DSC00858-1-1024x682.jpg","type":"","width":"","height":""}],"twitter_card":"summary_large_image","twitter_misc":{"Gesch\u00e4tzte Lesezeit":"5\u00a0Minuten"},"schema":{"@context":"https:\/\/schema.org","@graph":[{"@type":"WebPage","@id":"https:\/\/blogs.donboscovolunteers.de\/mittendrininbenin\/24-dezember-2023\/","url":"https:\/\/blogs.donboscovolunteers.de\/mittendrininbenin\/24-dezember-2023\/","name":"24. Dezember 2023 - Mittendrin in Benin","isPartOf":{"@id":"https:\/\/blogs.donboscovolunteers.de\/mittendrininbenin\/#website"},"primaryImageOfPage":{"@id":"https:\/\/blogs.donboscovolunteers.de\/mittendrininbenin\/24-dezember-2023\/#primaryimage"},"image":{"@id":"https:\/\/blogs.donboscovolunteers.de\/mittendrininbenin\/24-dezember-2023\/#primaryimage"},"thumbnailUrl":"https:\/\/blogs.donboscovolunteers.de\/mittendrininbenin\/wp-content\/uploads\/sites\/21680\/2023\/12\/DSC00858-1-1024x682.jpg","datePublished":"2023-12-26T15:46:23+00:00","dateModified":"2023-12-27T19:20:53+00:00","breadcrumb":{"@id":"https:\/\/blogs.donboscovolunteers.de\/mittendrininbenin\/24-dezember-2023\/#breadcrumb"},"inLanguage":"de","potentialAction":[{"@type":"ReadAction","target":["https:\/\/blogs.donboscovolunteers.de\/mittendrininbenin\/24-dezember-2023\/"]}]},{"@type":"ImageObject","inLanguage":"de","@id":"https:\/\/blogs.donboscovolunteers.de\/mittendrininbenin\/24-dezember-2023\/#primaryimage","url":"https:\/\/blogs.donboscovolunteers.de\/mittendrininbenin\/wp-content\/uploads\/sites\/21680\/2023\/12\/DSC00858-1.jpg","contentUrl":"https:\/\/blogs.donboscovolunteers.de\/mittendrininbenin\/wp-content\/uploads\/sites\/21680\/2023\/12\/DSC00858-1.jpg","width":1280,"height":853},{"@type":"BreadcrumbList","@id":"https:\/\/blogs.donboscovolunteers.de\/mittendrininbenin\/24-dezember-2023\/#breadcrumb","itemListElement":[{"@type":"ListItem","position":1,"name":"Startseite","item":"https:\/\/blogs.donboscovolunteers.de\/mittendrininbenin\/"},{"@type":"ListItem","position":2,"name":"24. Dezember 2023"}]},{"@type":"WebSite","@id":"https:\/\/blogs.donboscovolunteers.de\/mittendrininbenin\/#website","url":"https:\/\/blogs.donboscovolunteers.de\/mittendrininbenin\/","name":"Mittendrin in Benin","description":"","potentialAction":[{"@type":"SearchAction","target":{"@type":"EntryPoint","urlTemplate":"https:\/\/blogs.donboscovolunteers.de\/mittendrininbenin\/?s={search_term_string}"},"query-input":{"@type":"PropertyValueSpecification","valueRequired":true,"valueName":"search_term_string"}}],"inLanguage":"de"}]}},"_links":{"self":[{"href":"https:\/\/blogs.donboscovolunteers.de\/mittendrininbenin\/wp-json\/wp\/v2\/pages\/701","targetHints":{"allow":["GET"]}}],"collection":[{"href":"https:\/\/blogs.donboscovolunteers.de\/mittendrininbenin\/wp-json\/wp\/v2\/pages"}],"about":[{"href":"https:\/\/blogs.donboscovolunteers.de\/mittendrininbenin\/wp-json\/wp\/v2\/types\/page"}],"author":[{"embeddable":true,"href":"https:\/\/blogs.donboscovolunteers.de\/mittendrininbenin\/wp-json\/wp\/v2\/users\/21789"}],"replies":[{"embeddable":true,"href":"https:\/\/blogs.donboscovolunteers.de\/mittendrininbenin\/wp-json\/wp\/v2\/comments?post=701"}],"version-history":[{"count":7,"href":"https:\/\/blogs.donboscovolunteers.de\/mittendrininbenin\/wp-json\/wp\/v2\/pages\/701\/revisions"}],"predecessor-version":[{"id":739,"href":"https:\/\/blogs.donboscovolunteers.de\/mittendrininbenin\/wp-json\/wp\/v2\/pages\/701\/revisions\/739"}],"wp:attachment":[{"href":"https:\/\/blogs.donboscovolunteers.de\/mittendrininbenin\/wp-json\/wp\/v2\/media?parent=701"}],"curies":[{"name":"wp","href":"https:\/\/api.w.org\/{rel}","templated":true}]}}