{"id":625,"date":"2023-12-23T10:11:58","date_gmt":"2023-12-23T09:11:58","guid":{"rendered":"https:\/\/blogs.donboscovolunteers.de\/mittendrininbenin\/?page_id=625"},"modified":"2023-12-27T15:02:26","modified_gmt":"2023-12-27T14:02:26","slug":"ddd","status":"publish","type":"page","link":"https:\/\/blogs.donboscovolunteers.de\/mittendrininbenin\/ddd\/","title":{"rendered":"22. Dezember 2023"},"content":{"rendered":"<div class=\"wp-block-image\">\n<figure class=\"aligncenter size-large is-resized\"><img loading=\"lazy\" decoding=\"async\" width=\"1024\" height=\"728\" src=\"https:\/\/blogs.donboscovolunteers.de\/mittendrininbenin\/wp-content\/uploads\/sites\/21680\/2023\/12\/WhatsApp-Image-2023-12-23-dd-at-10.55.09-1-1024x728.jpeg\" alt=\"\" class=\"wp-image-681\" style=\"width:535px;height:auto\" srcset=\"https:\/\/blogs.donboscovolunteers.de\/mittendrininbenin\/wp-content\/uploads\/sites\/21680\/2023\/12\/WhatsApp-Image-2023-12-23-dd-at-10.55.09-1-1024x728.jpeg 1024w, https:\/\/blogs.donboscovolunteers.de\/mittendrininbenin\/wp-content\/uploads\/sites\/21680\/2023\/12\/WhatsApp-Image-2023-12-23-dd-at-10.55.09-1-300x213.jpeg 300w, https:\/\/blogs.donboscovolunteers.de\/mittendrininbenin\/wp-content\/uploads\/sites\/21680\/2023\/12\/WhatsApp-Image-2023-12-23-dd-at-10.55.09-1-768x546.jpeg 768w, https:\/\/blogs.donboscovolunteers.de\/mittendrininbenin\/wp-content\/uploads\/sites\/21680\/2023\/12\/WhatsApp-Image-2023-12-23-dd-at-10.55.09-1-900x640.jpeg 900w, https:\/\/blogs.donboscovolunteers.de\/mittendrininbenin\/wp-content\/uploads\/sites\/21680\/2023\/12\/WhatsApp-Image-2023-12-23-dd-at-10.55.09-1.jpeg 1280w\" sizes=\"auto, (max-width: 1024px) 100vw, 1024px\" \/><\/figure>\n<\/div>\n\n\n<p> <\/p>\n\n\n\n<p>Sowohl das Maison de l\u00b4Esp\u00e9rance (ME), als auch die Baracke durften Valerie und ich an diesem 22. Dezember von ganz neuen Seiten kennenlernen. Der normale Alltag wich diesmal n\u00e4mlich Weihnachtsfeiern. Nachdem der Morgen etwas stressig war (ja tats\u00e4chlich nochmal stressiger wie \u00fcblicherweise ;)), weil wir Wasserausfall hatten, sind wir gegen 7:00 Uhr mit Schwester C., Schwester M.M. und einer Handvoll M\u00fctter ins ME gefahren. Nachdem die K\u00fcchen-Azubis den Kochl\u00f6ffel geschwungen haben und letzte Vorbereitung getroffen wurden &#8211; wobei Valerie und ich eher etwas verloren im Weg herumstanden &#8211; ging es los: Mit einer Messe, wie k\u00f6nnte es auch anders sein. Einer allerdings etwas lustigeren Messe als sonst: Der Pfarrer hatte ein Mikrofon, dass an Lautsprecher angeschlossen war. Soweit so gut. Allerdings \u00fcbertrieb er es mit der Lautst\u00e4rke ganz sch\u00f6n und br\u00fcllte immer pl\u00f6tzlich so laut seine Worte hinein, dass die Jugendlichen des MEs und ich erschrocken zusammenzuckten. Seine Stimme war schon ganz hei\u00dfer, was ihn aber keines Falls davon abhielt, weiterhin in einer Lautst\u00e4rke zu sprechen, die ungef\u00e4hr das 5-fache vom Normalen ist. Dabei nahm er sich selbst auch nicht allzu ernst und erz\u00e4hlte so u.a. eine Anekdote aus seinem Leben, die uns eine Lehre sein sollte, was die Jugendlichen des ME immer wieder in kleine Lachanf\u00e4lle versetzte. Doch was k\u00f6nnen wir aus dem Gottesdienst mitnehmen: Materielle Geschenke sind nicht das A und O und wir sollten teilen, denn wenn wir anderen zu ihrem Gl\u00fcck verhelfen, werden wir selbst auch gl\u00fccklich.<\/p>\n\n\n\n<p>Danach durften die Jugendlichen selbst auf die &#8222;B\u00fchne&#8220;. Es folgten Krippenspiele, kleine Comedyshows und Tanzeinlagen. Bei den ersten beiden Sachen bin ich teils aus dem Lachen nicht mehr rausgekommen und auch die Tanzshows haben mir ein breites Grinsen ins Gesicht und ein warmes Herz gezaubert.<\/p>\n\n\n\n<p>Kurz vor Ende der wunderbaren Vorstellungen mussten Valerie und ich leider auch schon aufbrechen. Denn die n\u00e4chste Weihnachtsfeier stand an: In der Baracke. Auf dem ca. 15-min\u00fctigen Fu\u00dfmarsch zur Baracke quer \u00fcber den gro\u00dfen Markt Dantokpa begleitete uns Schwester M.M., um den Weg kennenzulernen. Angekommen an der Baracke st\u00fcrmten gleich zahlreiche M\u00e4dchen auf Valerie und mich zu, umarmten uns und zerrten uns ins Publikum. Die Zuschauer waren haupts\u00e4chlich Marktm\u00e4dchen, aber auch wenige \u00e4ltere Frauen (M\u00fctter?) und ein paar Jungs waren unters Volk gemischt. Tats\u00e4chlich erkannte ich die Baracke kaum wieder: Der eine Raum der Baracke war in einen \u201eBackstage-Bereich\u201c umgewandelt worden, der andere war heute die B\u00fchne. Davor war ein gro\u00dfe Plane aufgebaut, unter welcher zahlreiche St\u00fchle standen, wobei diese hinten und vorne nicht gereicht haben. Keine Ahnung wie man so viel (und doch im Verh\u00e4ltnis zu der gro\u00dfen Menschenzahl viel zu wenig) Platz auf diesem \u00fcberf\u00fcllten Parkplatz schaffen konnte. <\/p>\n\n\n\n<p>Die Feier ist schon in vollem Gange und gerade finden Dancebattels auf der B\u00fchne statt, immer zwischen jeweils zwei der M\u00e4dchen, eine recht beliebte Sache hier. Pl\u00f6tzlich sagt Tata C. vorne auf der B\u00fchne: \u201eValerie, Teresa wollt ihr nicht auch Tanzen?\u201c \u201eNa klar!\u201c, antworte ich selbstbewusst. Alles andere w\u00e4re doch uncool \ud83d\ude09 Auf dem Weg nach vorne nimmt mir ein M\u00e4dchen den Motorradhelm ab, einem anderen M\u00e4dchen meines Vertrauens dr\u00fccke ich meine Tasche in die Hand. \u201eWas wollt ihr denn f\u00fcr ein Lied?\u201c fragt uns Tata C., als wir es geschafft haben uns durch die Menge zu dr\u00fccken. Da kommt doch eigentlich nur ein Song in Frage: \u201eCough\u201c (von Kizz Daniel), antworte ich. Es gibt hier zwar viele gute Lieder, aber keines l\u00f6st eine derartige Stimmung aus. Und deswegen erweise ich diesem Song jetzt die Ehre, schon das zweite Mal in einem meiner Blogeintr\u00e4ge erw\u00e4hnt zu werden. Grob k\u00f6nnen Valerie und ich die Choreographie, die eigentlich nur aus drei Moves besteht. Als wir beim Refrain angelangt sind twerken wir, wie es sich geh\u00f6rt, unter der Beobachtung von ca. 150 beninischen Augenpaaren. Unsere Zuschauer jubeln was das Zeug h\u00e4lt und heben meine sowieso schon gute Laune noch ein St\u00fcckchen weiter nach oben. Die restliche Feier besteht aus weiteren Dancebattels, einem kleinem Krippenspiel und einer festen Tanzauff\u00fchrung von einigen der M\u00e4dchen. Diese T\u00e4nze waren mir von den \u201e\u00dcbungseinheiten\u201c der Barackenachmittage bekannt. Au\u00dferdem wird an alle M\u00e4dchen Pagne (der hie\u00dfige Stoff) und Seife verteilt und jeder bekommt eine Mahlzeit. Als das Fest vorbei ist, heben alle M\u00e4dchen wieder ihre K\u00f6rbe voll Ware auf die K\u00f6pfe und verschwinden im Marktget\u00fcmmel. Auf dem Zem zur\u00fcck in unser Viertel Zogbo lassen Valerie und ich uns unsere eisgek\u00fchlten Colas schmecken, die Tata C. uns kurz davor noch zugesteckt hatte.<\/p>","protected":false},"excerpt":{"rendered":"<p>Sowohl das Maison de l\u00b4Esp\u00e9rance (ME), als auch die Baracke durften Valerie und ich an diesem 22. Dezember von ganz neuen Seiten kennenlernen. Der normale Alltag wich diesmal n\u00e4mlich Weihnachtsfeiern. Nachdem der Morgen etwas stressig war (ja tats\u00e4chlich nochmal stressiger wie \u00fcblicherweise ;)), weil wir Wasserausfall hatten, sind wir gegen 7:00 Uhr mit Schwester C., [&hellip;]<\/p>\n","protected":false},"author":21789,"featured_media":0,"parent":0,"menu_order":0,"comment_status":"closed","ping_status":"closed","template":"","meta":{"footnotes":""},"class_list":["post-625","page","type-page","status-publish","hentry"],"yoast_head":"<!-- This site is optimized with the Yoast SEO plugin v25.3.1 - https:\/\/yoast.com\/wordpress\/plugins\/seo\/ -->\n<title>22. Dezember 2023 - Mittendrin in Benin<\/title>\n<meta name=\"robots\" content=\"index, follow, max-snippet:-1, max-image-preview:large, max-video-preview:-1\" \/>\n<link rel=\"canonical\" href=\"https:\/\/blogs.donboscovolunteers.de\/mittendrininbenin\/ddd\/\" \/>\n<meta property=\"og:locale\" content=\"de_DE\" \/>\n<meta property=\"og:type\" content=\"article\" \/>\n<meta property=\"og:title\" content=\"22. Dezember 2023 - Mittendrin in Benin\" \/>\n<meta property=\"og:description\" content=\"Sowohl das Maison de l\u00b4Esp\u00e9rance (ME), als auch die Baracke durften Valerie und ich an diesem 22. Dezember von ganz neuen Seiten kennenlernen. Der normale Alltag wich diesmal n\u00e4mlich Weihnachtsfeiern. Nachdem der Morgen etwas stressig war (ja tats\u00e4chlich nochmal stressiger wie \u00fcblicherweise ;)), weil wir Wasserausfall hatten, sind wir gegen 7:00 Uhr mit Schwester C., [&hellip;]\" \/>\n<meta property=\"og:url\" content=\"https:\/\/blogs.donboscovolunteers.de\/mittendrininbenin\/ddd\/\" \/>\n<meta property=\"og:site_name\" content=\"Mittendrin in Benin\" \/>\n<meta property=\"article:modified_time\" content=\"2023-12-27T14:02:26+00:00\" \/>\n<meta property=\"og:image\" content=\"https:\/\/blogs.donboscovolunteers.de\/mittendrininbenin\/wp-content\/uploads\/sites\/21680\/2023\/12\/WhatsApp-Image-2023-12-23-dd-at-10.55.09-1-1024x728.jpeg\" \/>\n<meta name=\"twitter:card\" content=\"summary_large_image\" \/>\n<meta name=\"twitter:label1\" content=\"Gesch\u00e4tzte Lesezeit\" \/>\n\t<meta name=\"twitter:data1\" content=\"5\u00a0Minuten\" \/>\n<script type=\"application\/ld+json\" class=\"yoast-schema-graph\">{\"@context\":\"https:\/\/schema.org\",\"@graph\":[{\"@type\":\"WebPage\",\"@id\":\"https:\/\/blogs.donboscovolunteers.de\/mittendrininbenin\/ddd\/\",\"url\":\"https:\/\/blogs.donboscovolunteers.de\/mittendrininbenin\/ddd\/\",\"name\":\"22. Dezember 2023 - Mittendrin in Benin\",\"isPartOf\":{\"@id\":\"https:\/\/blogs.donboscovolunteers.de\/mittendrininbenin\/#website\"},\"primaryImageOfPage\":{\"@id\":\"https:\/\/blogs.donboscovolunteers.de\/mittendrininbenin\/ddd\/#primaryimage\"},\"image\":{\"@id\":\"https:\/\/blogs.donboscovolunteers.de\/mittendrininbenin\/ddd\/#primaryimage\"},\"thumbnailUrl\":\"https:\/\/blogs.donboscovolunteers.de\/mittendrininbenin\/wp-content\/uploads\/sites\/21680\/2023\/12\/WhatsApp-Image-2023-12-23-dd-at-10.55.09-1-1024x728.jpeg\",\"datePublished\":\"2023-12-23T09:11:58+00:00\",\"dateModified\":\"2023-12-27T14:02:26+00:00\",\"breadcrumb\":{\"@id\":\"https:\/\/blogs.donboscovolunteers.de\/mittendrininbenin\/ddd\/#breadcrumb\"},\"inLanguage\":\"de\",\"potentialAction\":[{\"@type\":\"ReadAction\",\"target\":[\"https:\/\/blogs.donboscovolunteers.de\/mittendrininbenin\/ddd\/\"]}]},{\"@type\":\"ImageObject\",\"inLanguage\":\"de\",\"@id\":\"https:\/\/blogs.donboscovolunteers.de\/mittendrininbenin\/ddd\/#primaryimage\",\"url\":\"https:\/\/blogs.donboscovolunteers.de\/mittendrininbenin\/wp-content\/uploads\/sites\/21680\/2023\/12\/WhatsApp-Image-2023-12-23-dd-at-10.55.09-1.jpeg\",\"contentUrl\":\"https:\/\/blogs.donboscovolunteers.de\/mittendrininbenin\/wp-content\/uploads\/sites\/21680\/2023\/12\/WhatsApp-Image-2023-12-23-dd-at-10.55.09-1.jpeg\",\"width\":1280,\"height\":910},{\"@type\":\"BreadcrumbList\",\"@id\":\"https:\/\/blogs.donboscovolunteers.de\/mittendrininbenin\/ddd\/#breadcrumb\",\"itemListElement\":[{\"@type\":\"ListItem\",\"position\":1,\"name\":\"Startseite\",\"item\":\"https:\/\/blogs.donboscovolunteers.de\/mittendrininbenin\/\"},{\"@type\":\"ListItem\",\"position\":2,\"name\":\"22. Dezember 2023\"}]},{\"@type\":\"WebSite\",\"@id\":\"https:\/\/blogs.donboscovolunteers.de\/mittendrininbenin\/#website\",\"url\":\"https:\/\/blogs.donboscovolunteers.de\/mittendrininbenin\/\",\"name\":\"Mittendrin in Benin\",\"description\":\"\",\"potentialAction\":[{\"@type\":\"SearchAction\",\"target\":{\"@type\":\"EntryPoint\",\"urlTemplate\":\"https:\/\/blogs.donboscovolunteers.de\/mittendrininbenin\/?s={search_term_string}\"},\"query-input\":{\"@type\":\"PropertyValueSpecification\",\"valueRequired\":true,\"valueName\":\"search_term_string\"}}],\"inLanguage\":\"de\"}]}<\/script>\n<!-- \/ Yoast SEO plugin. -->","yoast_head_json":{"title":"22. Dezember 2023 - Mittendrin in Benin","robots":{"index":"index","follow":"follow","max-snippet":"max-snippet:-1","max-image-preview":"max-image-preview:large","max-video-preview":"max-video-preview:-1"},"canonical":"https:\/\/blogs.donboscovolunteers.de\/mittendrininbenin\/ddd\/","og_locale":"de_DE","og_type":"article","og_title":"22. Dezember 2023 - Mittendrin in Benin","og_description":"Sowohl das Maison de l\u00b4Esp\u00e9rance (ME), als auch die Baracke durften Valerie und ich an diesem 22. Dezember von ganz neuen Seiten kennenlernen. Der normale Alltag wich diesmal n\u00e4mlich Weihnachtsfeiern. Nachdem der Morgen etwas stressig war (ja tats\u00e4chlich nochmal stressiger wie \u00fcblicherweise ;)), weil wir Wasserausfall hatten, sind wir gegen 7:00 Uhr mit Schwester C., [&hellip;]","og_url":"https:\/\/blogs.donboscovolunteers.de\/mittendrininbenin\/ddd\/","og_site_name":"Mittendrin in Benin","article_modified_time":"2023-12-27T14:02:26+00:00","og_image":[{"url":"https:\/\/blogs.donboscovolunteers.de\/mittendrininbenin\/wp-content\/uploads\/sites\/21680\/2023\/12\/WhatsApp-Image-2023-12-23-dd-at-10.55.09-1-1024x728.jpeg","type":"","width":"","height":""}],"twitter_card":"summary_large_image","twitter_misc":{"Gesch\u00e4tzte Lesezeit":"5\u00a0Minuten"},"schema":{"@context":"https:\/\/schema.org","@graph":[{"@type":"WebPage","@id":"https:\/\/blogs.donboscovolunteers.de\/mittendrininbenin\/ddd\/","url":"https:\/\/blogs.donboscovolunteers.de\/mittendrininbenin\/ddd\/","name":"22. Dezember 2023 - Mittendrin in Benin","isPartOf":{"@id":"https:\/\/blogs.donboscovolunteers.de\/mittendrininbenin\/#website"},"primaryImageOfPage":{"@id":"https:\/\/blogs.donboscovolunteers.de\/mittendrininbenin\/ddd\/#primaryimage"},"image":{"@id":"https:\/\/blogs.donboscovolunteers.de\/mittendrininbenin\/ddd\/#primaryimage"},"thumbnailUrl":"https:\/\/blogs.donboscovolunteers.de\/mittendrininbenin\/wp-content\/uploads\/sites\/21680\/2023\/12\/WhatsApp-Image-2023-12-23-dd-at-10.55.09-1-1024x728.jpeg","datePublished":"2023-12-23T09:11:58+00:00","dateModified":"2023-12-27T14:02:26+00:00","breadcrumb":{"@id":"https:\/\/blogs.donboscovolunteers.de\/mittendrininbenin\/ddd\/#breadcrumb"},"inLanguage":"de","potentialAction":[{"@type":"ReadAction","target":["https:\/\/blogs.donboscovolunteers.de\/mittendrininbenin\/ddd\/"]}]},{"@type":"ImageObject","inLanguage":"de","@id":"https:\/\/blogs.donboscovolunteers.de\/mittendrininbenin\/ddd\/#primaryimage","url":"https:\/\/blogs.donboscovolunteers.de\/mittendrininbenin\/wp-content\/uploads\/sites\/21680\/2023\/12\/WhatsApp-Image-2023-12-23-dd-at-10.55.09-1.jpeg","contentUrl":"https:\/\/blogs.donboscovolunteers.de\/mittendrininbenin\/wp-content\/uploads\/sites\/21680\/2023\/12\/WhatsApp-Image-2023-12-23-dd-at-10.55.09-1.jpeg","width":1280,"height":910},{"@type":"BreadcrumbList","@id":"https:\/\/blogs.donboscovolunteers.de\/mittendrininbenin\/ddd\/#breadcrumb","itemListElement":[{"@type":"ListItem","position":1,"name":"Startseite","item":"https:\/\/blogs.donboscovolunteers.de\/mittendrininbenin\/"},{"@type":"ListItem","position":2,"name":"22. Dezember 2023"}]},{"@type":"WebSite","@id":"https:\/\/blogs.donboscovolunteers.de\/mittendrininbenin\/#website","url":"https:\/\/blogs.donboscovolunteers.de\/mittendrininbenin\/","name":"Mittendrin in Benin","description":"","potentialAction":[{"@type":"SearchAction","target":{"@type":"EntryPoint","urlTemplate":"https:\/\/blogs.donboscovolunteers.de\/mittendrininbenin\/?s={search_term_string}"},"query-input":{"@type":"PropertyValueSpecification","valueRequired":true,"valueName":"search_term_string"}}],"inLanguage":"de"}]}},"_links":{"self":[{"href":"https:\/\/blogs.donboscovolunteers.de\/mittendrininbenin\/wp-json\/wp\/v2\/pages\/625","targetHints":{"allow":["GET"]}}],"collection":[{"href":"https:\/\/blogs.donboscovolunteers.de\/mittendrininbenin\/wp-json\/wp\/v2\/pages"}],"about":[{"href":"https:\/\/blogs.donboscovolunteers.de\/mittendrininbenin\/wp-json\/wp\/v2\/types\/page"}],"author":[{"embeddable":true,"href":"https:\/\/blogs.donboscovolunteers.de\/mittendrininbenin\/wp-json\/wp\/v2\/users\/21789"}],"replies":[{"embeddable":true,"href":"https:\/\/blogs.donboscovolunteers.de\/mittendrininbenin\/wp-json\/wp\/v2\/comments?post=625"}],"version-history":[{"count":14,"href":"https:\/\/blogs.donboscovolunteers.de\/mittendrininbenin\/wp-json\/wp\/v2\/pages\/625\/revisions"}],"predecessor-version":[{"id":736,"href":"https:\/\/blogs.donboscovolunteers.de\/mittendrininbenin\/wp-json\/wp\/v2\/pages\/625\/revisions\/736"}],"wp:attachment":[{"href":"https:\/\/blogs.donboscovolunteers.de\/mittendrininbenin\/wp-json\/wp\/v2\/media?parent=625"}],"curies":[{"name":"wp","href":"https:\/\/api.w.org\/{rel}","templated":true}]}}