{"id":51,"date":"2023-08-03T23:08:05","date_gmt":"2023-08-03T21:08:05","guid":{"rendered":"https:\/\/blogs.donboscovolunteers.de\/mittendrininbenin\/?page_id=51"},"modified":"2023-09-02T13:55:17","modified_gmt":"2023-09-02T11:55:17","slug":"spenden","status":"publish","type":"page","link":"https:\/\/blogs.donboscovolunteers.de\/mittendrininbenin\/spenden\/","title":{"rendered":"Spenden"},"content":{"rendered":"<p>Vorbereitungs-, Zwischen- und R\u00fcckkehrseminare, Impfungen, Hin-&amp; R\u00fcckflug, Versicherungen, ein kleines Taschengeld und Verpflegung im Ausland,&#8230; die Liste der Kosten, die so ein <a href=\"https:\/\/www.donboscovolunteers.de\/\">Freiwilligendienst<\/a> mit sich bringt, ist lang. Doch wie finanziert sich das alles blo\u00df?<br>Der entwicklungspolitische Freiwilligendienst, den ich \u00fcber die Entsendeorganisation \u201e<a href=\"https:\/\/www.donboscomission.de\/don-bosco\/\">Don Bosco<\/a> Volunteers&#8220; mache, l\u00e4uft \u00fcber \u201eWeltw\u00e4rts\u201c.<br>\u201eWeltw\u00e4rts\u201c wurde vom Bundesministeriums f\u00fcr wirtschaftliche Zusammenarbeit und Entwicklung (BMZ) gegr\u00fcndet. Und so \u00fcbernimmt das BMZ 75% der anfallenden Kosten. Die restlichen 25% m\u00fcssen von der Entsendeorganisation selbst getragen werden. Da dies jedoch einen gro\u00dfen finanziellen Verlust f\u00fcr \u201eDon Bosco Volunteers\u201c bedeuten w\u00fcrde, versucht jede\/r Freiwillige m\u00f6glichst selbst die 25% einzutreiben, damit \u201eDon Bosco Volunteers\u201c auch in den n\u00e4chsten Jahren noch genug Kapazit\u00e4ten f\u00fcr neue Freiwilligendienste und somit Unterst\u00fctzungen in den Projekten vor Ort hat. Eine M\u00f6glichkeit Spenden zu sammeln bietet mir dieser Blog. Falls du mich finanziell unterst\u00fctzen m\u00f6chtest, kannst du das gerne hier machen. Vielen Dank daf\u00fcr! Ein Teil des Geldes geht \u00fcbrigens auch direkt an das Projekt vor Ort. <\/p>\n\n\n\n<p>Rund 50 Freiwillige werden jedes Jahr von Don Bosco Volunteers ins Ausland entsandt.&nbsp;Hier k\u00f6nnt ihr f\u00fcr meinen Freiwilligendienst spenden: <a href=\"https:\/\/www.donboscomission.de\/volontariat\/2023\/spenden\/mittendrininbenin\">https:\/\/www.donboscomission.de\/volontariat\/2023\/spenden\/mittendrininbenin<\/a> <\/p>\n\n\n\n<p>LG Teresa<\/p>","protected":false},"excerpt":{"rendered":"<p>Vorbereitungs-, Zwischen- und R\u00fcckkehrseminare, Impfungen, Hin-&amp; R\u00fcckflug, Versicherungen, ein kleines Taschengeld und Verpflegung im Ausland,&#8230; die Liste der Kosten, die so ein <a href=\"https:\/\/www.donboscovolunteers.de\/\">Freiwilligendienst<\/a> mit sich bringt, ist lang. Doch wie finanziert sich das alles blo\u00df?Der entwicklungspolitische Freiwilligendienst, den ich \u00fcber die Entsendeorganisation \u201e<a href=\"https:\/\/www.donboscomission.de\/don-bosco\/\">Don Bosco<\/a> Volunteers&#8220; mache, l\u00e4uft \u00fcber \u201eWeltw\u00e4rts\u201c.\u201eWeltw\u00e4rts\u201c wurde vom Bundesministeriums f\u00fcr wirtschaftliche Zusammenarbeit [&hellip;]<\/p>\n","protected":false},"author":21789,"featured_media":0,"parent":0,"menu_order":0,"comment_status":"closed","ping_status":"closed","template":"","meta":{"footnotes":""},"class_list":["post-51","page","type-page","status-publish","hentry"],"yoast_head":"<!-- This site is optimized with the Yoast SEO plugin v25.3.1 - https:\/\/yoast.com\/wordpress\/plugins\/seo\/ -->\n<title>Spenden - Mittendrin in Benin<\/title>\n<meta name=\"robots\" content=\"index, follow, max-snippet:-1, max-image-preview:large, max-video-preview:-1\" \/>\n<link rel=\"canonical\" href=\"https:\/\/blogs.donboscovolunteers.de\/mittendrininbenin\/spenden\/\" \/>\n<meta property=\"og:locale\" content=\"de_DE\" \/>\n<meta property=\"og:type\" content=\"article\" \/>\n<meta property=\"og:title\" content=\"Spenden - Mittendrin in Benin\" \/>\n<meta property=\"og:description\" content=\"Vorbereitungs-, Zwischen- und R\u00fcckkehrseminare, Impfungen, Hin-&amp; R\u00fcckflug, Versicherungen, ein kleines Taschengeld und Verpflegung im Ausland,&#8230; die Liste der Kosten, die so ein Freiwilligendienst mit sich bringt, ist lang. Doch wie finanziert sich das alles blo\u00df?Der entwicklungspolitische Freiwilligendienst, den ich \u00fcber die Entsendeorganisation \u201eDon Bosco Volunteers&#8220; mache, l\u00e4uft \u00fcber \u201eWeltw\u00e4rts\u201c.\u201eWeltw\u00e4rts\u201c wurde vom Bundesministeriums f\u00fcr wirtschaftliche Zusammenarbeit [&hellip;]\" \/>\n<meta property=\"og:url\" content=\"https:\/\/blogs.donboscovolunteers.de\/mittendrininbenin\/spenden\/\" \/>\n<meta property=\"og:site_name\" content=\"Mittendrin in Benin\" \/>\n<meta property=\"article:modified_time\" content=\"2023-09-02T11:55:17+00:00\" \/>\n<meta name=\"twitter:card\" content=\"summary_large_image\" \/>\n<meta name=\"twitter:label1\" content=\"Gesch\u00e4tzte Lesezeit\" \/>\n\t<meta name=\"twitter:data1\" content=\"1\u00a0Minute\" \/>\n<script type=\"application\/ld+json\" class=\"yoast-schema-graph\">{\"@context\":\"https:\/\/schema.org\",\"@graph\":[{\"@type\":\"WebPage\",\"@id\":\"https:\/\/blogs.donboscovolunteers.de\/mittendrininbenin\/spenden\/\",\"url\":\"https:\/\/blogs.donboscovolunteers.de\/mittendrininbenin\/spenden\/\",\"name\":\"Spenden - Mittendrin in Benin\",\"isPartOf\":{\"@id\":\"https:\/\/blogs.donboscovolunteers.de\/mittendrininbenin\/#website\"},\"datePublished\":\"2023-08-03T21:08:05+00:00\",\"dateModified\":\"2023-09-02T11:55:17+00:00\",\"breadcrumb\":{\"@id\":\"https:\/\/blogs.donboscovolunteers.de\/mittendrininbenin\/spenden\/#breadcrumb\"},\"inLanguage\":\"de\",\"potentialAction\":[{\"@type\":\"ReadAction\",\"target\":[\"https:\/\/blogs.donboscovolunteers.de\/mittendrininbenin\/spenden\/\"]}]},{\"@type\":\"BreadcrumbList\",\"@id\":\"https:\/\/blogs.donboscovolunteers.de\/mittendrininbenin\/spenden\/#breadcrumb\",\"itemListElement\":[{\"@type\":\"ListItem\",\"position\":1,\"name\":\"Startseite\",\"item\":\"https:\/\/blogs.donboscovolunteers.de\/mittendrininbenin\/\"},{\"@type\":\"ListItem\",\"position\":2,\"name\":\"Spenden\"}]},{\"@type\":\"WebSite\",\"@id\":\"https:\/\/blogs.donboscovolunteers.de\/mittendrininbenin\/#website\",\"url\":\"https:\/\/blogs.donboscovolunteers.de\/mittendrininbenin\/\",\"name\":\"Mittendrin in Benin\",\"description\":\"\",\"potentialAction\":[{\"@type\":\"SearchAction\",\"target\":{\"@type\":\"EntryPoint\",\"urlTemplate\":\"https:\/\/blogs.donboscovolunteers.de\/mittendrininbenin\/?s={search_term_string}\"},\"query-input\":{\"@type\":\"PropertyValueSpecification\",\"valueRequired\":true,\"valueName\":\"search_term_string\"}}],\"inLanguage\":\"de\"}]}<\/script>\n<!-- \/ Yoast SEO plugin. -->","yoast_head_json":{"title":"Spenden - Mittendrin in Benin","robots":{"index":"index","follow":"follow","max-snippet":"max-snippet:-1","max-image-preview":"max-image-preview:large","max-video-preview":"max-video-preview:-1"},"canonical":"https:\/\/blogs.donboscovolunteers.de\/mittendrininbenin\/spenden\/","og_locale":"de_DE","og_type":"article","og_title":"Spenden - Mittendrin in Benin","og_description":"Vorbereitungs-, Zwischen- und R\u00fcckkehrseminare, Impfungen, Hin-&amp; R\u00fcckflug, Versicherungen, ein kleines Taschengeld und Verpflegung im Ausland,&#8230; die Liste der Kosten, die so ein Freiwilligendienst mit sich bringt, ist lang. Doch wie finanziert sich das alles blo\u00df?Der entwicklungspolitische Freiwilligendienst, den ich \u00fcber die Entsendeorganisation \u201eDon Bosco Volunteers&#8220; mache, l\u00e4uft \u00fcber \u201eWeltw\u00e4rts\u201c.\u201eWeltw\u00e4rts\u201c wurde vom Bundesministeriums f\u00fcr wirtschaftliche Zusammenarbeit [&hellip;]","og_url":"https:\/\/blogs.donboscovolunteers.de\/mittendrininbenin\/spenden\/","og_site_name":"Mittendrin in Benin","article_modified_time":"2023-09-02T11:55:17+00:00","twitter_card":"summary_large_image","twitter_misc":{"Gesch\u00e4tzte Lesezeit":"1\u00a0Minute"},"schema":{"@context":"https:\/\/schema.org","@graph":[{"@type":"WebPage","@id":"https:\/\/blogs.donboscovolunteers.de\/mittendrininbenin\/spenden\/","url":"https:\/\/blogs.donboscovolunteers.de\/mittendrininbenin\/spenden\/","name":"Spenden - Mittendrin in Benin","isPartOf":{"@id":"https:\/\/blogs.donboscovolunteers.de\/mittendrininbenin\/#website"},"datePublished":"2023-08-03T21:08:05+00:00","dateModified":"2023-09-02T11:55:17+00:00","breadcrumb":{"@id":"https:\/\/blogs.donboscovolunteers.de\/mittendrininbenin\/spenden\/#breadcrumb"},"inLanguage":"de","potentialAction":[{"@type":"ReadAction","target":["https:\/\/blogs.donboscovolunteers.de\/mittendrininbenin\/spenden\/"]}]},{"@type":"BreadcrumbList","@id":"https:\/\/blogs.donboscovolunteers.de\/mittendrininbenin\/spenden\/#breadcrumb","itemListElement":[{"@type":"ListItem","position":1,"name":"Startseite","item":"https:\/\/blogs.donboscovolunteers.de\/mittendrininbenin\/"},{"@type":"ListItem","position":2,"name":"Spenden"}]},{"@type":"WebSite","@id":"https:\/\/blogs.donboscovolunteers.de\/mittendrininbenin\/#website","url":"https:\/\/blogs.donboscovolunteers.de\/mittendrininbenin\/","name":"Mittendrin in Benin","description":"","potentialAction":[{"@type":"SearchAction","target":{"@type":"EntryPoint","urlTemplate":"https:\/\/blogs.donboscovolunteers.de\/mittendrininbenin\/?s={search_term_string}"},"query-input":{"@type":"PropertyValueSpecification","valueRequired":true,"valueName":"search_term_string"}}],"inLanguage":"de"}]}},"_links":{"self":[{"href":"https:\/\/blogs.donboscovolunteers.de\/mittendrininbenin\/wp-json\/wp\/v2\/pages\/51","targetHints":{"allow":["GET"]}}],"collection":[{"href":"https:\/\/blogs.donboscovolunteers.de\/mittendrininbenin\/wp-json\/wp\/v2\/pages"}],"about":[{"href":"https:\/\/blogs.donboscovolunteers.de\/mittendrininbenin\/wp-json\/wp\/v2\/types\/page"}],"author":[{"embeddable":true,"href":"https:\/\/blogs.donboscovolunteers.de\/mittendrininbenin\/wp-json\/wp\/v2\/users\/21789"}],"replies":[{"embeddable":true,"href":"https:\/\/blogs.donboscovolunteers.de\/mittendrininbenin\/wp-json\/wp\/v2\/comments?post=51"}],"version-history":[{"count":7,"href":"https:\/\/blogs.donboscovolunteers.de\/mittendrininbenin\/wp-json\/wp\/v2\/pages\/51\/revisions"}],"predecessor-version":[{"id":139,"href":"https:\/\/blogs.donboscovolunteers.de\/mittendrininbenin\/wp-json\/wp\/v2\/pages\/51\/revisions\/139"}],"wp:attachment":[{"href":"https:\/\/blogs.donboscovolunteers.de\/mittendrininbenin\/wp-json\/wp\/v2\/media?parent=51"}],"curies":[{"name":"wp","href":"https:\/\/api.w.org\/{rel}","templated":true}]}}