{"id":75,"date":"2022-09-11T15:55:50","date_gmt":"2022-09-11T13:55:50","guid":{"rendered":"https:\/\/blogs.donboscovolunteers.de\/mimmiinbenini\/?page_id=75"},"modified":"2023-06-21T19:00:30","modified_gmt":"2023-06-21T18:00:30","slug":"die-projekte","status":"publish","type":"page","link":"https:\/\/blogs.donboscovolunteers.de\/mimmiinbenini\/die-projekte\/","title":{"rendered":"Die Projekte"},"content":{"rendered":"<p>Hier in Cotonou unterst\u00fctzen wir die Schwestern in 6 ihrer Projekte, die ich euch gerne im Folgenden vorstellen m\u00f6chte!<\/p>\n\n\n\n<h4 class=\"wp-block-heading\">Das Foyer Laura Vicuna<\/h4>\n\n\n\n<p>Das Foyer befindet sich bei uns auf dem Gel\u00e4nde in etwa 20m Entfernung von unserem Schlafzimmerfenster (morgens werden wir oft geweckt vom Singen und anderen Ger\u00e4uschen der M\u00e4dchen :)). Es handelt sich dabei um ein M\u00e4dchenwohnheim f\u00fcr M\u00e4dchen, die in ihren Familien Opfer von (sexueller) Gewalt geworden sind und nun hier dauerhaft ihr Zuhause haben. Im Moment wohnen circa 30-35 M\u00e4dchen im Foyer, kochen und beten dort jeden Tag zusammen und besuchen gr\u00f6\u00dftenteils die Bildungseinrichtungen der Schwestern. Bereits an unserem ersten Tag haben sie uns freudig empfangen und bei sich in gewisser Weise aufgenommen. Unsere Rolle bisher war die der gro\u00dfen Schwester oder Freundin &#8211; Hausaufgaben abfragen, UNO spielen und einfach gemeinsam Zeit verbringen f\u00e4llt unter unseren Aufgabenbereich bei ihnen.\u00a0<\/p>\n\n\n\n<figure class=\"wp-block-image size-large\"><img loading=\"lazy\" decoding=\"async\" width=\"1024\" height=\"768\" src=\"https:\/\/blogs.donboscovolunteers.de\/mimmiinbenini\/wp-content\/uploads\/sites\/21653\/2022\/09\/112A9C06-DD77-4364-B27B-FFF6D9B133F0-1024x768.jpeg\" alt=\"\" class=\"wp-image-76\" srcset=\"https:\/\/blogs.donboscovolunteers.de\/mimmiinbenini\/wp-content\/uploads\/sites\/21653\/2022\/09\/112A9C06-DD77-4364-B27B-FFF6D9B133F0-1024x768.jpeg 1024w, https:\/\/blogs.donboscovolunteers.de\/mimmiinbenini\/wp-content\/uploads\/sites\/21653\/2022\/09\/112A9C06-DD77-4364-B27B-FFF6D9B133F0-300x225.jpeg 300w, https:\/\/blogs.donboscovolunteers.de\/mimmiinbenini\/wp-content\/uploads\/sites\/21653\/2022\/09\/112A9C06-DD77-4364-B27B-FFF6D9B133F0-768x576.jpeg 768w, https:\/\/blogs.donboscovolunteers.de\/mimmiinbenini\/wp-content\/uploads\/sites\/21653\/2022\/09\/112A9C06-DD77-4364-B27B-FFF6D9B133F0-1200x900.jpeg 1200w, https:\/\/blogs.donboscovolunteers.de\/mimmiinbenini\/wp-content\/uploads\/sites\/21653\/2022\/09\/112A9C06-DD77-4364-B27B-FFF6D9B133F0.jpeg 1280w\" sizes=\"auto, (max-width: 1024px) 100vw, 1024px\" \/><figcaption class=\"wp-element-caption\">(Gerade noch ein bisschen Baustelle vornedran) Aber trotzdem in alter Frische: das Foyer \ud83d\ude42<\/figcaption><\/figure>\n\n\n\n<h4 class=\"wp-block-heading\">L\u2019\u00e9cole alternative<\/h4>\n\n\n\n<p>Die&nbsp;<em>alternative Schule&nbsp;<\/em>ist ebenfalls bei uns auf dem Gel\u00e4nde direkt neben dem Foyer. In ihr werden diejenigen Dinge gelehrt, die die Kinder sonst in der Volksschule lernen. Aber was ist daran denn jetzt alternativ? Normalerweise dauert die Volksschule sechs Jahre und in den Klassen sitzen Kinder im selben Alter. Hier sind die Altersstufen bunt gemischt, denn anstelle von Klassen gibt es drei Niveaus: das bedeutet die Kinder werden nach K\u00f6nnen und Wissen und nicht nach Alter eingeteilt, sodass sie effektiver an ihren Schw\u00e4chen arbeiten k\u00f6nnen. Au\u00dferdem dauert die alternative Schule nur 3 Jahre!<\/p>\n\n\n\n<figure class=\"wp-block-image size-large\"><img loading=\"lazy\" decoding=\"async\" width=\"1024\" height=\"768\" src=\"https:\/\/blogs.donboscovolunteers.de\/mimmiinbenini\/wp-content\/uploads\/sites\/21653\/2022\/09\/1A5DD71E-4B23-4996-928B-6D5A5B699915-1024x768.jpeg\" alt=\"\" class=\"wp-image-77\" srcset=\"https:\/\/blogs.donboscovolunteers.de\/mimmiinbenini\/wp-content\/uploads\/sites\/21653\/2022\/09\/1A5DD71E-4B23-4996-928B-6D5A5B699915-1024x768.jpeg 1024w, https:\/\/blogs.donboscovolunteers.de\/mimmiinbenini\/wp-content\/uploads\/sites\/21653\/2022\/09\/1A5DD71E-4B23-4996-928B-6D5A5B699915-300x225.jpeg 300w, https:\/\/blogs.donboscovolunteers.de\/mimmiinbenini\/wp-content\/uploads\/sites\/21653\/2022\/09\/1A5DD71E-4B23-4996-928B-6D5A5B699915-768x576.jpeg 768w, https:\/\/blogs.donboscovolunteers.de\/mimmiinbenini\/wp-content\/uploads\/sites\/21653\/2022\/09\/1A5DD71E-4B23-4996-928B-6D5A5B699915-1200x900.jpeg 1200w, https:\/\/blogs.donboscovolunteers.de\/mimmiinbenini\/wp-content\/uploads\/sites\/21653\/2022\/09\/1A5DD71E-4B23-4996-928B-6D5A5B699915.jpeg 1280w\" sizes=\"auto, (max-width: 1024px) 100vw, 1024px\" \/><\/figure>\n\n\n\n<h4 class=\"wp-block-heading\">La Maison de l\u2019Esp\u00e9rance (ME)<\/h4>\n\n\n\n<p>Das Haus der Hoffnung ist ein Ausbildungszentrum f\u00fcr die Bereiche: K\u00fcche, B\u00e4ckerei, Seifenherstellung und Konditorei. Die Ausbildung steht Jugendlichen zwischen 15-20 Jahren offen und dauert neun Monate. Im Anschluss absolvieren sie noch ein dreimonatiges Praktikum und k\u00f6nnen anschlie\u00dfend ins Arbeitsleben starten.&nbsp;Die vermittelten Unterrichtsinhalte beschr\u00e4nken sich dabei allerdings nicht nur auf die eigentliche Ausbildung, sondern den Jugendlichen werden auch ganz andere F\u00e4higkeiten mitgegeben: im \u201cAtelier de la Cr\u00e9ativit\u00e9\u201c behandeln wir gerade das Thema Selbstfindung (darunter f\u00e4llt zum Beispiel die eigenen St\u00e4rken und Schw\u00e4chen zu erkennen), im Fach \u201cArt de M\u00e9nager\u201c geht es um die Haushaltsf\u00fchrung und jeden Freitagnachmittag arbeiten alle zusammen an einem Projekt, welches meist mit Umwelt im Zusammenhang steht. Es geht um M\u00fclltrennung, um die Sensibilisierung f\u00fcr die richtige Nutzung von Toiletten und um geschlechtsbedingte Gewalt.  Diese Themen erarbeiten die Jugendlichen gemeinsam und machen sich anschlie\u00dfend Gedanken dar\u00fcber, wie man diese den Menschen in ihrem Umfeld vermitteln k\u00f6nnte (zum Beispiel durch eine Demonstration, einen Aufruf auf den Sozialen Medien, etc). <\/p>\n\n\n\n<h4 class=\"wp-block-heading\">La Maison du Soleil (MS)<\/h4>\n\n\n\n<p>Das Haus der Sonne ist gleich neben dem Haus der Hoffnung und ist \u00e4hnlich wie das Foyer ein M\u00e4dchenheim f\u00fcr M\u00e4dchen, die Opfer sexueller Gewalt geworden sind. Der essenzielle Unterschied ist allerdings, dass die minderj\u00e4hrigen M\u00e4dchen im Haus der Sonne schwanger geworden sind und meist deshalb von ihren Familien versto\u00dfen worden sind. Im MS (Maison du Soleil) bekommen die Mamas psychologische Hilfe und die Garantie einer Kinderbetreuung, sodass sie gleich nebendran \u201cunbesorgt\u201d eine Ausbildung machen k\u00f6nnen und ihre Babys in guten H\u00e4nden wissen.<\/p>\n\n\n\n<figure class=\"wp-block-gallery has-nested-images columns-default is-cropped wp-block-gallery-1 is-layout-flex wp-block-gallery-is-layout-flex\">\n<figure class=\"wp-block-image size-large\"><img loading=\"lazy\" decoding=\"async\" width=\"1024\" height=\"768\" data-id=\"137\" src=\"https:\/\/blogs.donboscovolunteers.de\/mimmiinbenini\/wp-content\/uploads\/sites\/21653\/2022\/10\/534EECAD-65F0-48AE-96C5-401F5A7F99CB-1024x768.jpeg\" alt=\"\" class=\"wp-image-137\" srcset=\"https:\/\/blogs.donboscovolunteers.de\/mimmiinbenini\/wp-content\/uploads\/sites\/21653\/2022\/10\/534EECAD-65F0-48AE-96C5-401F5A7F99CB-1024x768.jpeg 1024w, https:\/\/blogs.donboscovolunteers.de\/mimmiinbenini\/wp-content\/uploads\/sites\/21653\/2022\/10\/534EECAD-65F0-48AE-96C5-401F5A7F99CB-300x225.jpeg 300w, https:\/\/blogs.donboscovolunteers.de\/mimmiinbenini\/wp-content\/uploads\/sites\/21653\/2022\/10\/534EECAD-65F0-48AE-96C5-401F5A7F99CB-768x576.jpeg 768w, https:\/\/blogs.donboscovolunteers.de\/mimmiinbenini\/wp-content\/uploads\/sites\/21653\/2022\/10\/534EECAD-65F0-48AE-96C5-401F5A7F99CB-1200x900.jpeg 1200w, https:\/\/blogs.donboscovolunteers.de\/mimmiinbenini\/wp-content\/uploads\/sites\/21653\/2022\/10\/534EECAD-65F0-48AE-96C5-401F5A7F99CB.jpeg 1280w\" sizes=\"auto, (max-width: 1024px) 100vw, 1024px\" \/><figcaption class=\"wp-element-caption\">T\u00fcr an T\u00fcr: das ME und das MS<\/figcaption><\/figure>\n<\/figure>\n\n\n\n<h4 class=\"wp-block-heading\">La Baraque SOS<\/h4>\n\n\n\n<p>Die Baraque SOS ist im gr\u00f6\u00dften Freiluftmarkt Westafrikas situiert, dem March\u00e9 Dantokpa. Ungl\u00fccklicherweise handelt es sich bei den Verk\u00e4ufern nicht nur um Erwachsene, sondern oft auch um Kinder, die zu unmenschlichen Bedingungen <a href=\"https:\/\/strassenkinder.de\/laender\/asien\/kinderrechte\/\">Kinderarbeit<\/a> leisten m\u00fcssen. Um diesen einen R\u00fcckzugsort zu geben, hat sich die Baraque als eine der Anfangsprojekte etabliert. Dort k\u00f6nnen die M\u00e4dchen hinkommen, um zu spielen, zu schlafen, Buchstaben zu lernen oder kurz gesagt: um einfach nochmal Kind zu sein! Oft geht es hier auch sehr wild zu und es fliegen auch mal die Fetzen, doch trotzdem verbringe ich unfassbar gerne Zeit mit den ungez\u00e4hmten Gem\u00fctern!<\/p>\n\n\n\n<figure class=\"wp-block-image size-large\"><img loading=\"lazy\" decoding=\"async\" width=\"1024\" height=\"739\" src=\"https:\/\/blogs.donboscovolunteers.de\/mimmiinbenini\/wp-content\/uploads\/sites\/21653\/2023\/06\/64C6A608-B89E-4E43-9AC1-1DEF667C06B9-1024x739.jpeg\" alt=\"\" class=\"wp-image-253\" srcset=\"https:\/\/blogs.donboscovolunteers.de\/mimmiinbenini\/wp-content\/uploads\/sites\/21653\/2023\/06\/64C6A608-B89E-4E43-9AC1-1DEF667C06B9-1024x739.jpeg 1024w, https:\/\/blogs.donboscovolunteers.de\/mimmiinbenini\/wp-content\/uploads\/sites\/21653\/2023\/06\/64C6A608-B89E-4E43-9AC1-1DEF667C06B9-300x217.jpeg 300w, https:\/\/blogs.donboscovolunteers.de\/mimmiinbenini\/wp-content\/uploads\/sites\/21653\/2023\/06\/64C6A608-B89E-4E43-9AC1-1DEF667C06B9-768x554.jpeg 768w, https:\/\/blogs.donboscovolunteers.de\/mimmiinbenini\/wp-content\/uploads\/sites\/21653\/2023\/06\/64C6A608-B89E-4E43-9AC1-1DEF667C06B9-1200x866.jpeg 1200w, https:\/\/blogs.donboscovolunteers.de\/mimmiinbenini\/wp-content\/uploads\/sites\/21653\/2023\/06\/64C6A608-B89E-4E43-9AC1-1DEF667C06B9.jpeg 1280w\" sizes=\"auto, (max-width: 1024px) 100vw, 1024px\" \/><\/figure>\n\n\n\n<h4 class=\"wp-block-heading\">Der Espace Eveil Ladji<\/h4>\n\n\n\n<p>In den \u00e4rmsten Elendsvierteln Cotonous fehlt es oft an staatlichen Strukturen und zugleich quellen sie beinahe \u00fcber vor Kindern, die den ganzen Tag unbeaufsichtigt bleiben, da die Eltern meist bereits fr\u00fch morgens zum Verkaufen auf den Markt gehen oder zum Fischen auf den See fahren, damit abends etwas zu Essen auf den Tisch kommt. Um zu Vermeiden, dass bereits die Kleinsten mit auf den Markt oder auf den See genommen werden, haben die salesianischen Schwestern mehrere kostenlose Kinderg\u00e4rten, die Espace Eveils, gegr\u00fcndet. Zu den \u201eUnterrichtsf\u00e4chern\u201c geh\u00f6rt Lese-, Schreib- und Rechenvorbereitung, das Franz\u00f6sischlernen, aber auch mal abseits vom Lernalltag zu spielen und gemeinsam Spa\u00df zu haben. Einer dieser Kinderg\u00e4rten befindet sich in Ladji, in dem ich von Januar bis April flei\u00dfig mitwirken durfte!<\/p>\n\n\n\n<figure class=\"wp-block-gallery has-nested-images columns-default is-cropped wp-block-gallery-2 is-layout-flex wp-block-gallery-is-layout-flex\"><div class=\"wp-block-image\">\n<figure class=\"aligncenter size-large\"><img loading=\"lazy\" decoding=\"async\" width=\"1024\" height=\"684\" data-id=\"257\" src=\"https:\/\/blogs.donboscovolunteers.de\/mimmiinbenini\/wp-content\/uploads\/sites\/21653\/2023\/06\/D61A6021-79BB-4CFF-B5F9-5272BB09CC2D-1024x684.jpeg\" alt=\"\" class=\"wp-image-257\" srcset=\"https:\/\/blogs.donboscovolunteers.de\/mimmiinbenini\/wp-content\/uploads\/sites\/21653\/2023\/06\/D61A6021-79BB-4CFF-B5F9-5272BB09CC2D-1024x684.jpeg 1024w, https:\/\/blogs.donboscovolunteers.de\/mimmiinbenini\/wp-content\/uploads\/sites\/21653\/2023\/06\/D61A6021-79BB-4CFF-B5F9-5272BB09CC2D-300x200.jpeg 300w, https:\/\/blogs.donboscovolunteers.de\/mimmiinbenini\/wp-content\/uploads\/sites\/21653\/2023\/06\/D61A6021-79BB-4CFF-B5F9-5272BB09CC2D-768x513.jpeg 768w, https:\/\/blogs.donboscovolunteers.de\/mimmiinbenini\/wp-content\/uploads\/sites\/21653\/2023\/06\/D61A6021-79BB-4CFF-B5F9-5272BB09CC2D-1200x802.jpeg 1200w, https:\/\/blogs.donboscovolunteers.de\/mimmiinbenini\/wp-content\/uploads\/sites\/21653\/2023\/06\/D61A6021-79BB-4CFF-B5F9-5272BB09CC2D.jpeg 1280w\" sizes=\"auto, (max-width: 1024px) 100vw, 1024px\" \/><figcaption class=\"wp-element-caption\">Hier summen jeden Tag 45 Vierj\u00e4hrige umher!<\/figcaption><\/figure>\n<\/div><\/figure>","protected":false},"excerpt":{"rendered":"<p>Hier in Cotonou unterst\u00fctzen wir die Schwestern in 6 ihrer Projekte, die ich euch gerne im Folgenden vorstellen m\u00f6chte! Das Foyer Laura Vicuna Das Foyer befindet sich bei uns auf dem Gel\u00e4nde in etwa 20m Entfernung von unserem Schlafzimmerfenster (morgens werden wir oft geweckt vom Singen und anderen Ger\u00e4uschen der M\u00e4dchen :)). Es handelt sich [&hellip;]<\/p>\n","protected":false},"author":21745,"featured_media":0,"parent":0,"menu_order":0,"comment_status":"closed","ping_status":"closed","template":"","meta":{"footnotes":""},"class_list":["post-75","page","type-page","status-publish","hentry"],"yoast_head":"<!-- This site is optimized with the Yoast SEO plugin v25.3.1 - https:\/\/yoast.com\/wordpress\/plugins\/seo\/ -->\n<title>Die Projekte - Mimmi in Benini<\/title>\n<meta name=\"robots\" content=\"index, follow, max-snippet:-1, max-image-preview:large, max-video-preview:-1\" \/>\n<link rel=\"canonical\" href=\"https:\/\/blogs.donboscovolunteers.de\/mimmiinbenini\/die-projekte\/\" \/>\n<meta property=\"og:locale\" content=\"de_DE\" \/>\n<meta property=\"og:type\" content=\"article\" \/>\n<meta property=\"og:title\" content=\"Die Projekte - Mimmi in Benini\" \/>\n<meta property=\"og:description\" content=\"Hier in Cotonou unterst\u00fctzen wir die Schwestern in 6 ihrer Projekte, die ich euch gerne im Folgenden vorstellen m\u00f6chte! Das Foyer Laura Vicuna Das Foyer befindet sich bei uns auf dem Gel\u00e4nde in etwa 20m Entfernung von unserem Schlafzimmerfenster (morgens werden wir oft geweckt vom Singen und anderen Ger\u00e4uschen der M\u00e4dchen :)). Es handelt sich [&hellip;]\" \/>\n<meta property=\"og:url\" content=\"https:\/\/blogs.donboscovolunteers.de\/mimmiinbenini\/die-projekte\/\" \/>\n<meta property=\"og:site_name\" content=\"Mimmi in Benini\" \/>\n<meta property=\"article:modified_time\" content=\"2023-06-21T18:00:30+00:00\" \/>\n<meta property=\"og:image\" content=\"https:\/\/blogs.donboscovolunteers.de\/mimmiinbenini\/wp-content\/uploads\/sites\/21653\/2022\/09\/112A9C06-DD77-4364-B27B-FFF6D9B133F0-1024x768.jpeg\" \/>\n<meta name=\"twitter:card\" content=\"summary_large_image\" \/>\n<meta name=\"twitter:label1\" content=\"Gesch\u00e4tzte Lesezeit\" \/>\n\t<meta name=\"twitter:data1\" content=\"4\u00a0Minuten\" \/>\n<script type=\"application\/ld+json\" class=\"yoast-schema-graph\">{\"@context\":\"https:\/\/schema.org\",\"@graph\":[{\"@type\":\"WebPage\",\"@id\":\"https:\/\/blogs.donboscovolunteers.de\/mimmiinbenini\/die-projekte\/\",\"url\":\"https:\/\/blogs.donboscovolunteers.de\/mimmiinbenini\/die-projekte\/\",\"name\":\"Die Projekte - Mimmi in Benini\",\"isPartOf\":{\"@id\":\"https:\/\/blogs.donboscovolunteers.de\/mimmiinbenini\/#website\"},\"primaryImageOfPage\":{\"@id\":\"https:\/\/blogs.donboscovolunteers.de\/mimmiinbenini\/die-projekte\/#primaryimage\"},\"image\":{\"@id\":\"https:\/\/blogs.donboscovolunteers.de\/mimmiinbenini\/die-projekte\/#primaryimage\"},\"thumbnailUrl\":\"https:\/\/blogs.donboscovolunteers.de\/mimmiinbenini\/wp-content\/uploads\/sites\/21653\/2022\/09\/112A9C06-DD77-4364-B27B-FFF6D9B133F0-1024x768.jpeg\",\"datePublished\":\"2022-09-11T13:55:50+00:00\",\"dateModified\":\"2023-06-21T18:00:30+00:00\",\"breadcrumb\":{\"@id\":\"https:\/\/blogs.donboscovolunteers.de\/mimmiinbenini\/die-projekte\/#breadcrumb\"},\"inLanguage\":\"de\",\"potentialAction\":[{\"@type\":\"ReadAction\",\"target\":[\"https:\/\/blogs.donboscovolunteers.de\/mimmiinbenini\/die-projekte\/\"]}]},{\"@type\":\"ImageObject\",\"inLanguage\":\"de\",\"@id\":\"https:\/\/blogs.donboscovolunteers.de\/mimmiinbenini\/die-projekte\/#primaryimage\",\"url\":\"https:\/\/blogs.donboscovolunteers.de\/mimmiinbenini\/wp-content\/uploads\/sites\/21653\/2022\/09\/112A9C06-DD77-4364-B27B-FFF6D9B133F0.jpeg\",\"contentUrl\":\"https:\/\/blogs.donboscovolunteers.de\/mimmiinbenini\/wp-content\/uploads\/sites\/21653\/2022\/09\/112A9C06-DD77-4364-B27B-FFF6D9B133F0.jpeg\",\"width\":1280,\"height\":960},{\"@type\":\"BreadcrumbList\",\"@id\":\"https:\/\/blogs.donboscovolunteers.de\/mimmiinbenini\/die-projekte\/#breadcrumb\",\"itemListElement\":[{\"@type\":\"ListItem\",\"position\":1,\"name\":\"Startseite\",\"item\":\"https:\/\/blogs.donboscovolunteers.de\/mimmiinbenini\/\"},{\"@type\":\"ListItem\",\"position\":2,\"name\":\"Die Projekte\"}]},{\"@type\":\"WebSite\",\"@id\":\"https:\/\/blogs.donboscovolunteers.de\/mimmiinbenini\/#website\",\"url\":\"https:\/\/blogs.donboscovolunteers.de\/mimmiinbenini\/\",\"name\":\"Mimmi in Benini\",\"description\":\"(M)ein Jahr in Benin\",\"potentialAction\":[{\"@type\":\"SearchAction\",\"target\":{\"@type\":\"EntryPoint\",\"urlTemplate\":\"https:\/\/blogs.donboscovolunteers.de\/mimmiinbenini\/?s={search_term_string}\"},\"query-input\":{\"@type\":\"PropertyValueSpecification\",\"valueRequired\":true,\"valueName\":\"search_term_string\"}}],\"inLanguage\":\"de\"}]}<\/script>\n<!-- \/ Yoast SEO plugin. -->","yoast_head_json":{"title":"Die Projekte - Mimmi in Benini","robots":{"index":"index","follow":"follow","max-snippet":"max-snippet:-1","max-image-preview":"max-image-preview:large","max-video-preview":"max-video-preview:-1"},"canonical":"https:\/\/blogs.donboscovolunteers.de\/mimmiinbenini\/die-projekte\/","og_locale":"de_DE","og_type":"article","og_title":"Die Projekte - Mimmi in Benini","og_description":"Hier in Cotonou unterst\u00fctzen wir die Schwestern in 6 ihrer Projekte, die ich euch gerne im Folgenden vorstellen m\u00f6chte! Das Foyer Laura Vicuna Das Foyer befindet sich bei uns auf dem Gel\u00e4nde in etwa 20m Entfernung von unserem Schlafzimmerfenster (morgens werden wir oft geweckt vom Singen und anderen Ger\u00e4uschen der M\u00e4dchen :)). Es handelt sich [&hellip;]","og_url":"https:\/\/blogs.donboscovolunteers.de\/mimmiinbenini\/die-projekte\/","og_site_name":"Mimmi in Benini","article_modified_time":"2023-06-21T18:00:30+00:00","og_image":[{"url":"https:\/\/blogs.donboscovolunteers.de\/mimmiinbenini\/wp-content\/uploads\/sites\/21653\/2022\/09\/112A9C06-DD77-4364-B27B-FFF6D9B133F0-1024x768.jpeg","type":"","width":"","height":""}],"twitter_card":"summary_large_image","twitter_misc":{"Gesch\u00e4tzte Lesezeit":"4\u00a0Minuten"},"schema":{"@context":"https:\/\/schema.org","@graph":[{"@type":"WebPage","@id":"https:\/\/blogs.donboscovolunteers.de\/mimmiinbenini\/die-projekte\/","url":"https:\/\/blogs.donboscovolunteers.de\/mimmiinbenini\/die-projekte\/","name":"Die Projekte - Mimmi in Benini","isPartOf":{"@id":"https:\/\/blogs.donboscovolunteers.de\/mimmiinbenini\/#website"},"primaryImageOfPage":{"@id":"https:\/\/blogs.donboscovolunteers.de\/mimmiinbenini\/die-projekte\/#primaryimage"},"image":{"@id":"https:\/\/blogs.donboscovolunteers.de\/mimmiinbenini\/die-projekte\/#primaryimage"},"thumbnailUrl":"https:\/\/blogs.donboscovolunteers.de\/mimmiinbenini\/wp-content\/uploads\/sites\/21653\/2022\/09\/112A9C06-DD77-4364-B27B-FFF6D9B133F0-1024x768.jpeg","datePublished":"2022-09-11T13:55:50+00:00","dateModified":"2023-06-21T18:00:30+00:00","breadcrumb":{"@id":"https:\/\/blogs.donboscovolunteers.de\/mimmiinbenini\/die-projekte\/#breadcrumb"},"inLanguage":"de","potentialAction":[{"@type":"ReadAction","target":["https:\/\/blogs.donboscovolunteers.de\/mimmiinbenini\/die-projekte\/"]}]},{"@type":"ImageObject","inLanguage":"de","@id":"https:\/\/blogs.donboscovolunteers.de\/mimmiinbenini\/die-projekte\/#primaryimage","url":"https:\/\/blogs.donboscovolunteers.de\/mimmiinbenini\/wp-content\/uploads\/sites\/21653\/2022\/09\/112A9C06-DD77-4364-B27B-FFF6D9B133F0.jpeg","contentUrl":"https:\/\/blogs.donboscovolunteers.de\/mimmiinbenini\/wp-content\/uploads\/sites\/21653\/2022\/09\/112A9C06-DD77-4364-B27B-FFF6D9B133F0.jpeg","width":1280,"height":960},{"@type":"BreadcrumbList","@id":"https:\/\/blogs.donboscovolunteers.de\/mimmiinbenini\/die-projekte\/#breadcrumb","itemListElement":[{"@type":"ListItem","position":1,"name":"Startseite","item":"https:\/\/blogs.donboscovolunteers.de\/mimmiinbenini\/"},{"@type":"ListItem","position":2,"name":"Die Projekte"}]},{"@type":"WebSite","@id":"https:\/\/blogs.donboscovolunteers.de\/mimmiinbenini\/#website","url":"https:\/\/blogs.donboscovolunteers.de\/mimmiinbenini\/","name":"Mimmi in Benini","description":"(M)ein Jahr in Benin","potentialAction":[{"@type":"SearchAction","target":{"@type":"EntryPoint","urlTemplate":"https:\/\/blogs.donboscovolunteers.de\/mimmiinbenini\/?s={search_term_string}"},"query-input":{"@type":"PropertyValueSpecification","valueRequired":true,"valueName":"search_term_string"}}],"inLanguage":"de"}]}},"_links":{"self":[{"href":"https:\/\/blogs.donboscovolunteers.de\/mimmiinbenini\/wp-json\/wp\/v2\/pages\/75","targetHints":{"allow":["GET"]}}],"collection":[{"href":"https:\/\/blogs.donboscovolunteers.de\/mimmiinbenini\/wp-json\/wp\/v2\/pages"}],"about":[{"href":"https:\/\/blogs.donboscovolunteers.de\/mimmiinbenini\/wp-json\/wp\/v2\/types\/page"}],"author":[{"embeddable":true,"href":"https:\/\/blogs.donboscovolunteers.de\/mimmiinbenini\/wp-json\/wp\/v2\/users\/21745"}],"replies":[{"embeddable":true,"href":"https:\/\/blogs.donboscovolunteers.de\/mimmiinbenini\/wp-json\/wp\/v2\/comments?post=75"}],"version-history":[{"count":4,"href":"https:\/\/blogs.donboscovolunteers.de\/mimmiinbenini\/wp-json\/wp\/v2\/pages\/75\/revisions"}],"predecessor-version":[{"id":258,"href":"https:\/\/blogs.donboscovolunteers.de\/mimmiinbenini\/wp-json\/wp\/v2\/pages\/75\/revisions\/258"}],"wp:attachment":[{"href":"https:\/\/blogs.donboscovolunteers.de\/mimmiinbenini\/wp-json\/wp\/v2\/media?parent=75"}],"curies":[{"name":"wp","href":"https:\/\/api.w.org\/{rel}","templated":true}]}}